{"id":35479,"date":"2021-04-21T15:48:35","date_gmt":"2021-04-21T13:48:35","guid":{"rendered":"https:\/\/teiaeducation.ch\/?post_type=product&#038;p=35479"},"modified":"2022-03-10T10:08:59","modified_gmt":"2022-03-10T09:08:59","slug":"livre-all-year-round-a-calendar-of-celebrations-ann-druitt-christine-fynes-clinton","status":"publish","type":"product","link":"https:\/\/teiaeducation.ch\/fr\/produit\/livre-all-year-round-a-calendar-of-celebrations-ann-druitt-christine-fynes-clinton\/","title":{"rendered":"All year round: a calendar of celebrations &#8211; Ann Druitt &amp; Christine Fynes-Clinton"},"content":{"rendered":"<div class=\"Rte\">\n<p>Livre: all year round a calendar of celebrations \/ Waldorf festivals and the seasons guide by Ann Druitt &amp; Christine Fynes-Clinton<\/p>\n<p>All year round a calendar of <a href=\"https:\/\/teiaeducation.ch\/fr\/categorie-produit\/celebrations-fr\/\">celebrations<\/a> d&#8217;Ann Druitt et Christine Fynes-Clinton est un guide convivial et r\u00e9fl\u00e9chi, inspir\u00e9 de la m\u00e9thode Waldorf, sur la ronde saisonni\u00e8re des f\u00eates.<\/p>\n<p>Ce livre est un tr\u00e9sor de festival o\u00f9 l&#8217;on retrouve les souvenirs d&#8217;enfance tant aim\u00e9s de demain, le tout m\u00eal\u00e9 \u00e0 un m\u00e9lange de fils color\u00e9s, de d\u00e9licieuses odeurs de cuisine, de la douce lumi\u00e8re des bougies et de la bribe d&#8217;une chanson pr\u00e9f\u00e9r\u00e9e.<\/p>\n<p>Toute l&#8217;ann\u00e9e regorge de choses \u00e0 faire, d&#8217;activit\u00e9s, d&#8217;histoires, de po\u00e8mes et de chansons \u00e0 partager avec votre famille. Il regorge d&#8217;id\u00e9es bien illustr\u00e9es pour s&#8217;amuser et faire la f\u00eate : de la Chandeleur \u00e0 No\u00ebl, de la Saint-Jean au solstice d&#8217;hiver.<\/p>\n<p>L&#8217;observation de la ronde des festivals est un moyen agr\u00e9able d&#8217;apporter du rythme dans la vie des enfants et de leur fournir une s\u00e9rie de rep\u00e8res significatifs \u00e0 attendre avec impatience. Chaque festival a son propre caract\u00e8re : la participation peut approfondir notre compr\u00e9hension et notre amour de la nature et apporter un cadeau \u00e0 toute la famille. All Year Round vous invite \u00e0 commencer \u00e0 faire la f\u00eate d\u00e8s maintenant !<\/p>\n<p>Le livre all year round a calendar of celebrations est publi\u00e9 par Hawthorn Press et contient de belles illustrations de Marije Rowling.<\/p>\n<p>Ann Druitt a \u00e9t\u00e9 form\u00e9e comme artiste et \u00e9ducatrice pour adultes et partage son temps entre l&#8217;enseignement et l&#8217;\u00e9criture. Elle est l&#8217;auteure des douze histoires qui compl\u00e8tent l&#8217;ann\u00e9e des enfants, un ouvrage de r\u00e9f\u00e9rence pour la c\u00e9l\u00e9bration des f\u00eates tout au long de l&#8217;ann\u00e9e, co\u00e9crit avec Christine Fynes-Clinton et illustr\u00e9 par Marije Rowling. Avec la m\u00eame \u00e9quipe, elle a \u00e9galement \u00e9crit les livres <a href=\"https:\/\/teiaeducation.ch\/fr\/produit\/livre-anniversaire-celebrations-for-everyone-ann-druitt-christine-fynes-clinton\/\">birthday book<\/a> and all year round (anniversaires et toute l&#8217;ann\u00e9e), deux piliers de la s\u00e9rie Festivals de Hawthorn.<\/p>\n<p>Christine Fynes-Clinton travaille comme professeur de musique et cr\u00e9atrice de poup\u00e9es et anime des ateliers sur les festivals et la vie de famille.<\/p>\n<p>Marije Rowling est artiste et professeur d&#8217;art.<\/p>\n<p>Contenu:<\/p>\n<p>1 livre broch\u00e9 en anglais, 316 pages.<\/p>\n<\/div>\n","protected":false},"excerpt":{"rendered":"<p>Num\u00e9ro d&#8217;article: 9012123<\/p>\n<p>Le livre all year round, a calendar of celebrations d&#8217;Ann Druitt et Christine Fynes-Clinton est un guide Waldorf r\u00e9fl\u00e9chi sur la ronde saisonni\u00e8re des f\u00eates.<\/p>\n","protected":false},"featured_media":53506,"comment_status":"open","ping_status":"closed","template":"","meta":[],"product_brand":[],"product_cat":[208,215,216,16898,17225,23635,22343,18893,22344,284,283,596,21257,19226,1220,311,22034,18912,20662,20668,7595,217,5851,22350,24313,292,212,1219],"product_tag":[22593,22594,22590,22591,22592],"class_list":{"0":"post-35479","1":"product","2":"type-product","3":"status-publish","4":"has-post-thumbnail","6":"product_cat-1-3-ans","7":"product_cat-3-6-ans","8":"product_cat-6-12-ans","9":"product_cat-collection-automne","10":"product_cat-celebrations-fr","11":"product_cat-collection-dete","12":"product_cat-collection-hiver","13":"product_cat-collection-printemps","14":"product_cat-collections-saisonnieres","15":"product_cat-culture-sciences","16":"product_cat-domaines-du-curriculum","17":"product_cat-geographie-humaine-culture","18":"product_cat-guides-cadeaux","19":"product_cat-hawthorn-press-fr","20":"product_cat-traditionnelle","21":"product_cat-livres-appui-au-curriculum","22":"product_cat-livres-de-saisons-et-de-celebrations","23":"product_cat-livres-pour-enfants","24":"product_cat-livres-saisonniers","25":"product_cat-livres-waldorf-steiner","26":"product_cat-methode-deducation","27":"product_cat-marques","28":"product_cat-nouveautes","29":"product_cat-rituels-avent","30":"product_cat-saint-valentin","31":"product_cat-appui-au-curriculum","32":"product_cat-tranche-dage","33":"product_cat-waldorf-fr","34":"product_tag-ann-druitt-fr","35":"product_tag-christine-fynes-clinton-fr","36":"product_tag-livre-danniversaire-celebrations-for-everyone-festivals-and-the-seasons-by-ann-druitt-christine-fynes-clinton","37":"product_tag-livre-danniversaires","38":"product_tag-waldorf-celebrations-livre","40":"first","41":"instock","42":"taxable","43":"shipping-taxable","44":"purchasable","45":"product-type-simple"},"yoast_head":"<!-- This site is optimized with the Yoast SEO Premium plugin v25.8 (Yoast SEO v27.4) - https:\/\/yoast.com\/product\/yoast-seo-premium-wordpress\/ -->\n<title>Livre all year round calendar of celebrations Ann Druitt &amp; Christine Clinton<\/title>\n<meta name=\"description\" content=\"Le livre All Year Round A Calendar of Celebrations d&#039;Ann Druitt et Christine Fynes-Clinton est un guide Waldorf r\u00e9fl\u00e9chi des f\u00eates saisonni\u00e8res.\" \/>\n<meta name=\"robots\" content=\"index, follow, max-snippet:-1, max-image-preview:large, max-video-preview:-1\" \/>\n<link rel=\"canonical\" href=\"https:\/\/teiaeducation.ch\/fr\/produit\/livre-all-year-round-a-calendar-of-celebrations-ann-druitt-christine-fynes-clinton\/\" \/>\n<meta property=\"og:locale\" content=\"fr_FR\" \/>\n<meta property=\"og:type\" content=\"article\" \/>\n<meta property=\"og:title\" content=\"All year round: a calendar of celebrations - Ann Druitt &amp; Christine Fynes-Clinton\" \/>\n<meta property=\"og:description\" content=\"Le livre All Year Round A Calendar of Celebrations d&#039;Ann Druitt et Christine Fynes-Clinton est un guide Waldorf r\u00e9fl\u00e9chi des f\u00eates saisonni\u00e8res.\" \/>\n<meta property=\"og:url\" content=\"https:\/\/teiaeducation.ch\/fr\/produit\/livre-all-year-round-a-calendar-of-celebrations-ann-druitt-christine-fynes-clinton\/\" \/>\n<meta property=\"og:site_name\" content=\"Sustainable Educational Products &amp; Ecological Toys\u00a0\" \/>\n<meta property=\"article:publisher\" content=\"https:\/\/www.facebook.com\/teiaeducation\/\" \/>\n<meta property=\"article:modified_time\" content=\"2022-03-10T09:08:59+00:00\" \/>\n<meta property=\"og:image\" content=\"https:\/\/teiaeducation.ch\/wp-content\/uploads\/2021\/04\/Book-all-year-round-a-calendar-of-celebrations-Waldorf-festivals-and-the-seasons-guide-by-Ann-Druitt-Christine-Fynes-Clinton-1.jpg\" \/>\n\t<meta property=\"og:image:width\" content=\"820\" \/>\n\t<meta property=\"og:image:height\" content=\"976\" \/>\n\t<meta property=\"og:image:type\" content=\"image\/jpeg\" \/>\n<script type=\"application\/ld+json\" class=\"yoast-schema-graph\">{\"@context\":\"https:\\\/\\\/schema.org\",\"@graph\":[{\"@type\":\"WebPage\",\"@id\":\"https:\\\/\\\/teiaeducation.ch\\\/fr\\\/produit\\\/livre-all-year-round-a-calendar-of-celebrations-ann-druitt-christine-fynes-clinton\\\/\",\"url\":\"https:\\\/\\\/teiaeducation.ch\\\/fr\\\/produit\\\/livre-all-year-round-a-calendar-of-celebrations-ann-druitt-christine-fynes-clinton\\\/\",\"name\":\"Livre all year round calendar of celebrations Ann Druitt & Christine Clinton\",\"isPartOf\":{\"@id\":\"https:\\\/\\\/teiaeducation.ch\\\/fr\\\/#website\"},\"primaryImageOfPage\":{\"@id\":\"https:\\\/\\\/teiaeducation.ch\\\/fr\\\/produit\\\/livre-all-year-round-a-calendar-of-celebrations-ann-druitt-christine-fynes-clinton\\\/#primaryimage\"},\"image\":{\"@id\":\"https:\\\/\\\/teiaeducation.ch\\\/fr\\\/produit\\\/livre-all-year-round-a-calendar-of-celebrations-ann-druitt-christine-fynes-clinton\\\/#primaryimage\"},\"thumbnailUrl\":\"https:\\\/\\\/teiaeducation.ch\\\/wp-content\\\/uploads\\\/2021\\\/04\\\/Book-all-year-round-a-calendar-of-celebrations-Waldorf-festivals-and-the-seasons-guide-by-Ann-Druitt-Christine-Fynes-Clinton-1.jpg\",\"datePublished\":\"2021-04-21T13:48:35+00:00\",\"dateModified\":\"2022-03-10T09:08:59+00:00\",\"description\":\"Le livre All Year Round A Calendar of Celebrations d'Ann Druitt et Christine Fynes-Clinton est un guide Waldorf r\u00e9fl\u00e9chi des f\u00eates saisonni\u00e8res.\",\"breadcrumb\":{\"@id\":\"https:\\\/\\\/teiaeducation.ch\\\/fr\\\/produit\\\/livre-all-year-round-a-calendar-of-celebrations-ann-druitt-christine-fynes-clinton\\\/#breadcrumb\"},\"inLanguage\":\"fr-FR\",\"potentialAction\":[{\"@type\":\"ReadAction\",\"target\":[\"https:\\\/\\\/teiaeducation.ch\\\/fr\\\/produit\\\/livre-all-year-round-a-calendar-of-celebrations-ann-druitt-christine-fynes-clinton\\\/\"]}]},{\"@type\":\"ImageObject\",\"inLanguage\":\"fr-FR\",\"@id\":\"https:\\\/\\\/teiaeducation.ch\\\/fr\\\/produit\\\/livre-all-year-round-a-calendar-of-celebrations-ann-druitt-christine-fynes-clinton\\\/#primaryimage\",\"url\":\"https:\\\/\\\/teiaeducation.ch\\\/wp-content\\\/uploads\\\/2021\\\/04\\\/Book-all-year-round-a-calendar-of-celebrations-Waldorf-festivals-and-the-seasons-guide-by-Ann-Druitt-Christine-Fynes-Clinton-1.jpg\",\"contentUrl\":\"https:\\\/\\\/teiaeducation.ch\\\/wp-content\\\/uploads\\\/2021\\\/04\\\/Book-all-year-round-a-calendar-of-celebrations-Waldorf-festivals-and-the-seasons-guide-by-Ann-Druitt-Christine-Fynes-Clinton-1.jpg\",\"width\":820,\"height\":976,\"caption\":\"Book- all year round a calendar of celebrations : Waldorf festivals and the seasons guide by\u00a0Ann Druitt & Christine Fynes-Clinton\"},{\"@type\":\"BreadcrumbList\",\"@id\":\"https:\\\/\\\/teiaeducation.ch\\\/fr\\\/produit\\\/livre-all-year-round-a-calendar-of-celebrations-ann-druitt-christine-fynes-clinton\\\/#breadcrumb\",\"itemListElement\":[{\"@type\":\"ListItem\",\"position\":1,\"name\":\"Home\",\"item\":\"https:\\\/\\\/teiaeducation.ch\\\/fr\\\/\"},{\"@type\":\"ListItem\",\"position\":2,\"name\":\"Boutique Teia Education &amp; Play\",\"item\":\"https:\\\/\\\/teiaeducation.ch\\\/fr\\\/boutique\\\/\"},{\"@type\":\"ListItem\",\"position\":3,\"name\":\"Nos Marques\",\"item\":\"https:\\\/\\\/teiaeducation.ch\\\/fr\\\/categorie-produit\\\/marques\\\/\"},{\"@type\":\"ListItem\",\"position\":4,\"name\":\"Hawthorn Press\",\"item\":\"https:\\\/\\\/teiaeducation.ch\\\/fr\\\/categorie-produit\\\/marques\\\/hawthorn-press-fr\\\/\"},{\"@type\":\"ListItem\",\"position\":5,\"name\":\"All year round: a calendar of celebrations &#8211; Ann Druitt &amp; Christine Fynes-Clinton\"}]},{\"@type\":\"WebSite\",\"@id\":\"https:\\\/\\\/teiaeducation.ch\\\/fr\\\/#website\",\"url\":\"https:\\\/\\\/teiaeducation.ch\\\/fr\\\/\",\"name\":\"Sustainable Educational Products &amp; Ecological Toys\u00a0\",\"description\":\"Specialised Swiss shop selling sustainable educational toys and games, AMI certified Montessori materials, handmade ecological wooden Waldorf toys and arts &amp; crafts supplies, school supplies, children&#039;s furniture and Montessori reference and parenting books.\",\"publisher\":{\"@id\":\"https:\\\/\\\/teiaeducation.ch\\\/fr\\\/#organization\"},\"alternateName\":\"Teia Education & Play\",\"potentialAction\":[{\"@type\":\"SearchAction\",\"target\":{\"@type\":\"EntryPoint\",\"urlTemplate\":\"https:\\\/\\\/teiaeducation.ch\\\/fr\\\/?s={search_term_string}\"},\"query-input\":{\"@type\":\"PropertyValueSpecification\",\"valueRequired\":true,\"valueName\":\"search_term_string\"}}],\"inLanguage\":\"fr-FR\"},{\"@type\":\"Organization\",\"@id\":\"https:\\\/\\\/teiaeducation.ch\\\/fr\\\/#organization\",\"name\":\"Teia Education & Play\",\"url\":\"https:\\\/\\\/teiaeducation.ch\\\/fr\\\/\",\"logo\":{\"@type\":\"ImageObject\",\"inLanguage\":\"fr-FR\",\"@id\":\"https:\\\/\\\/teiaeducation.ch\\\/fr\\\/#\\\/schema\\\/logo\\\/image\\\/\",\"url\":\"https:\\\/\\\/teiaeducation.ch\\\/wp-content\\\/uploads\\\/2020\\\/11\\\/Teia-Education-Switzerland-e1620156442216.jpg\",\"contentUrl\":\"https:\\\/\\\/teiaeducation.ch\\\/wp-content\\\/uploads\\\/2020\\\/11\\\/Teia-Education-Switzerland-e1620156442216.jpg\",\"width\":166,\"height\":145,\"caption\":\"Teia Education & Play\"},\"image\":{\"@id\":\"https:\\\/\\\/teiaeducation.ch\\\/fr\\\/#\\\/schema\\\/logo\\\/image\\\/\"},\"sameAs\":[\"https:\\\/\\\/www.facebook.com\\\/teiaeducation\\\/\",\"https:\\\/\\\/x.com\\\/EducationTeia\",\"https:\\\/\\\/www.instagram.com\\\/teia.education\\\/\",\"https:\\\/\\\/www.linkedin.com\\\/company\\\/35501660\",\"https:\\\/\\\/www.pinterest.ch\\\/TeiaEducation\\\/\"]}]}<\/script>\n<meta property=\"product:price:amount\" content=\"32.90\" \/>\n<meta property=\"product:price:currency\" content=\"CHF\" \/>\n<meta property=\"og:availability\" content=\"instock\" \/>\n<meta property=\"product:availability\" content=\"instock\" \/>\n<meta property=\"product:retailer_item_id\" content=\"00000000000000000000000000000000000000000000035082\" \/>\n<meta property=\"product:condition\" content=\"new\" \/>\n<!-- \/ Yoast SEO Premium plugin. -->","yoast_head_json":{"title":"Livre all year round calendar of celebrations Ann Druitt & Christine Clinton","description":"Le livre All Year Round A Calendar of Celebrations d'Ann Druitt et Christine Fynes-Clinton est un guide Waldorf r\u00e9fl\u00e9chi des f\u00eates saisonni\u00e8res.","robots":{"index":"index","follow":"follow","max-snippet":"max-snippet:-1","max-image-preview":"max-image-preview:large","max-video-preview":"max-video-preview:-1"},"canonical":"https:\/\/teiaeducation.ch\/fr\/produit\/livre-all-year-round-a-calendar-of-celebrations-ann-druitt-christine-fynes-clinton\/","og_locale":"fr_FR","og_type":"article","og_title":"All year round: a calendar of celebrations - Ann Druitt &amp; Christine Fynes-Clinton","og_description":"Le livre All Year Round A Calendar of Celebrations d'Ann Druitt et Christine Fynes-Clinton est un guide Waldorf r\u00e9fl\u00e9chi des f\u00eates saisonni\u00e8res.","og_url":"https:\/\/teiaeducation.ch\/fr\/produit\/livre-all-year-round-a-calendar-of-celebrations-ann-druitt-christine-fynes-clinton\/","og_site_name":"Sustainable Educational Products &amp; Ecological Toys\u00a0","article_publisher":"https:\/\/www.facebook.com\/teiaeducation\/","article_modified_time":"2022-03-10T09:08:59+00:00","og_image":[{"width":820,"height":976,"url":"https:\/\/teiaeducation.ch\/wp-content\/uploads\/2021\/04\/Book-all-year-round-a-calendar-of-celebrations-Waldorf-festivals-and-the-seasons-guide-by-Ann-Druitt-Christine-Fynes-Clinton-1.jpg","type":"image\/jpeg"}],"schema":{"@context":"https:\/\/schema.org","@graph":[{"@type":"WebPage","@id":"https:\/\/teiaeducation.ch\/fr\/produit\/livre-all-year-round-a-calendar-of-celebrations-ann-druitt-christine-fynes-clinton\/","url":"https:\/\/teiaeducation.ch\/fr\/produit\/livre-all-year-round-a-calendar-of-celebrations-ann-druitt-christine-fynes-clinton\/","name":"Livre all year round calendar of celebrations Ann Druitt & Christine Clinton","isPartOf":{"@id":"https:\/\/teiaeducation.ch\/fr\/#website"},"primaryImageOfPage":{"@id":"https:\/\/teiaeducation.ch\/fr\/produit\/livre-all-year-round-a-calendar-of-celebrations-ann-druitt-christine-fynes-clinton\/#primaryimage"},"image":{"@id":"https:\/\/teiaeducation.ch\/fr\/produit\/livre-all-year-round-a-calendar-of-celebrations-ann-druitt-christine-fynes-clinton\/#primaryimage"},"thumbnailUrl":"https:\/\/teiaeducation.ch\/wp-content\/uploads\/2021\/04\/Book-all-year-round-a-calendar-of-celebrations-Waldorf-festivals-and-the-seasons-guide-by-Ann-Druitt-Christine-Fynes-Clinton-1.jpg","datePublished":"2021-04-21T13:48:35+00:00","dateModified":"2022-03-10T09:08:59+00:00","description":"Le livre All Year Round A Calendar of Celebrations d'Ann Druitt et Christine Fynes-Clinton est un guide Waldorf r\u00e9fl\u00e9chi des f\u00eates saisonni\u00e8res.","breadcrumb":{"@id":"https:\/\/teiaeducation.ch\/fr\/produit\/livre-all-year-round-a-calendar-of-celebrations-ann-druitt-christine-fynes-clinton\/#breadcrumb"},"inLanguage":"fr-FR","potentialAction":[{"@type":"ReadAction","target":["https:\/\/teiaeducation.ch\/fr\/produit\/livre-all-year-round-a-calendar-of-celebrations-ann-druitt-christine-fynes-clinton\/"]}]},{"@type":"ImageObject","inLanguage":"fr-FR","@id":"https:\/\/teiaeducation.ch\/fr\/produit\/livre-all-year-round-a-calendar-of-celebrations-ann-druitt-christine-fynes-clinton\/#primaryimage","url":"https:\/\/teiaeducation.ch\/wp-content\/uploads\/2021\/04\/Book-all-year-round-a-calendar-of-celebrations-Waldorf-festivals-and-the-seasons-guide-by-Ann-Druitt-Christine-Fynes-Clinton-1.jpg","contentUrl":"https:\/\/teiaeducation.ch\/wp-content\/uploads\/2021\/04\/Book-all-year-round-a-calendar-of-celebrations-Waldorf-festivals-and-the-seasons-guide-by-Ann-Druitt-Christine-Fynes-Clinton-1.jpg","width":820,"height":976,"caption":"Book- all year round a calendar of celebrations : Waldorf festivals and the seasons guide by\u00a0Ann Druitt & Christine Fynes-Clinton"},{"@type":"BreadcrumbList","@id":"https:\/\/teiaeducation.ch\/fr\/produit\/livre-all-year-round-a-calendar-of-celebrations-ann-druitt-christine-fynes-clinton\/#breadcrumb","itemListElement":[{"@type":"ListItem","position":1,"name":"Home","item":"https:\/\/teiaeducation.ch\/fr\/"},{"@type":"ListItem","position":2,"name":"Boutique Teia Education &amp; Play","item":"https:\/\/teiaeducation.ch\/fr\/boutique\/"},{"@type":"ListItem","position":3,"name":"Nos Marques","item":"https:\/\/teiaeducation.ch\/fr\/categorie-produit\/marques\/"},{"@type":"ListItem","position":4,"name":"Hawthorn Press","item":"https:\/\/teiaeducation.ch\/fr\/categorie-produit\/marques\/hawthorn-press-fr\/"},{"@type":"ListItem","position":5,"name":"All year round: a calendar of celebrations &#8211; Ann Druitt &amp; Christine Fynes-Clinton"}]},{"@type":"WebSite","@id":"https:\/\/teiaeducation.ch\/fr\/#website","url":"https:\/\/teiaeducation.ch\/fr\/","name":"Sustainable Educational Products &amp; Ecological Toys\u00a0","description":"Specialised Swiss shop selling sustainable educational toys and games, AMI certified Montessori materials, handmade ecological wooden Waldorf toys and arts &amp; crafts supplies, school supplies, children&#039;s furniture and Montessori reference and parenting books.","publisher":{"@id":"https:\/\/teiaeducation.ch\/fr\/#organization"},"alternateName":"Teia Education & Play","potentialAction":[{"@type":"SearchAction","target":{"@type":"EntryPoint","urlTemplate":"https:\/\/teiaeducation.ch\/fr\/?s={search_term_string}"},"query-input":{"@type":"PropertyValueSpecification","valueRequired":true,"valueName":"search_term_string"}}],"inLanguage":"fr-FR"},{"@type":"Organization","@id":"https:\/\/teiaeducation.ch\/fr\/#organization","name":"Teia Education & Play","url":"https:\/\/teiaeducation.ch\/fr\/","logo":{"@type":"ImageObject","inLanguage":"fr-FR","@id":"https:\/\/teiaeducation.ch\/fr\/#\/schema\/logo\/image\/","url":"https:\/\/teiaeducation.ch\/wp-content\/uploads\/2020\/11\/Teia-Education-Switzerland-e1620156442216.jpg","contentUrl":"https:\/\/teiaeducation.ch\/wp-content\/uploads\/2020\/11\/Teia-Education-Switzerland-e1620156442216.jpg","width":166,"height":145,"caption":"Teia Education & Play"},"image":{"@id":"https:\/\/teiaeducation.ch\/fr\/#\/schema\/logo\/image\/"},"sameAs":["https:\/\/www.facebook.com\/teiaeducation\/","https:\/\/x.com\/EducationTeia","https:\/\/www.instagram.com\/teia.education\/","https:\/\/www.linkedin.com\/company\/35501660","https:\/\/www.pinterest.ch\/TeiaEducation\/"]}]},"product_price_amount":"32.90","product_price_currency":"CHF","og_availability":"instock","product_availability":"instock","product_retailer_item_id":"00000000000000000000000000000000000000000000035082","product_condition":"new"},"_links":{"self":[{"href":"https:\/\/teiaeducation.ch\/fr\/wp-json\/wp\/v2\/product\/35479","targetHints":{"allow":["GET"]}}],"collection":[{"href":"https:\/\/teiaeducation.ch\/fr\/wp-json\/wp\/v2\/product"}],"about":[{"href":"https:\/\/teiaeducation.ch\/fr\/wp-json\/wp\/v2\/types\/product"}],"replies":[{"embeddable":true,"href":"https:\/\/teiaeducation.ch\/fr\/wp-json\/wp\/v2\/comments?post=35479"}],"wp:featuredmedia":[{"embeddable":true,"href":"https:\/\/teiaeducation.ch\/fr\/wp-json\/wp\/v2\/media\/53506"}],"wp:attachment":[{"href":"https:\/\/teiaeducation.ch\/fr\/wp-json\/wp\/v2\/media?parent=35479"}],"wp:term":[{"taxonomy":"product_brand","embeddable":true,"href":"https:\/\/teiaeducation.ch\/fr\/wp-json\/wp\/v2\/product_brand?post=35479"},{"taxonomy":"product_cat","embeddable":true,"href":"https:\/\/teiaeducation.ch\/fr\/wp-json\/wp\/v2\/product_cat?post=35479"},{"taxonomy":"product_tag","embeddable":true,"href":"https:\/\/teiaeducation.ch\/fr\/wp-json\/wp\/v2\/product_tag?post=35479"}],"curies":[{"name":"wp","href":"https:\/\/api.w.org\/{rel}","templated":true}]}}