{"id":35483,"date":"2021-06-09T17:04:22","date_gmt":"2021-06-09T15:04:22","guid":{"rendered":"https:\/\/teiaeducation.ch\/?post_type=product&#038;p=35483"},"modified":"2022-03-10T11:07:16","modified_gmt":"2022-03-10T10:07:16","slug":"livre-my-collection-of-collections-nina-chakrabarti","status":"publish","type":"product","link":"https:\/\/teiaeducation.ch\/fr\/produit\/livre-my-collection-of-collections-nina-chakrabarti\/","title":{"rendered":"Livre: my collection of collections &#8211; Nina Chakrabarti"},"content":{"rendered":"<div class=\"Rte\">\n<p>Livre my collection of collections by Nina Chakrabarti<\/p>\n<p>Le livre my collection of collections de l&#8217;auteur britannique prim\u00e9 Nina Chakrabarti est une exploration magnifiquement illustr\u00e9e des nombreuses fa\u00e7ons dont les groupes d&#8217;objets peuvent \u00eatre collect\u00e9s, cat\u00e9goris\u00e9s et expos\u00e9s.<\/p>\n<p>Que voudrais-tu collecter ? Une collection peut \u00eatre un groupe de vieux pots dans un mus\u00e9e, ou des feuilles de ch\u00eane ramass\u00e9es lors d&#8217;une promenade en for\u00eat. Certaines collections sont constitu\u00e9es au cours d&#8217;une vie, tandis que d&#8217;autres ne durent qu&#8217;un apr\u00e8s-midi. Vous pourriez \u00eatre un sucrologue, collectionnant les paquets de sucre, ou peut-\u00eatre pr\u00e9f\u00e9rez-vous collectionner les timbres, les bo\u00eetes d&#8217;allumettes ou m\u00eame les souvenirs.<\/p>\n<p>Nina Chakrabarti, auteur du livre d&#8217;activit\u00e9s pour enfants hello nature et du livre my wonderful world of fashion, vous invite \u00e0 explorer diff\u00e9rents types de collections dans ce nouveau livre magnifiquement illustr\u00e9. Au fil des pages, la collection peut \u00eatre personnalis\u00e9e avec de magnifiques autocollants, des espaces pour \u00e9crire ou dessiner, et m\u00eame une enveloppe sp\u00e9ciale pour que vous puissiez commencer votre propre collection.<\/p>\n<p>Le livre my collection de collections est un merveilleux <a href=\"https:\/\/teiaeducation.ch\/fr\/categorie-produit\/livres-pour-enfants\/\">livre pour enfants<\/a> publi\u00e9 par Laurence King Publishing et contient \u00e9galement six pages d&#8217;autocollants color\u00e9s.<\/p>\n<p>Nina Chakrabarti a \u00e9tudi\u00e9 l&#8217;illustration au Central Saint Martin&#8217;s College et au Royal College of Art de Londres. Elle utilise le dessin au trait pour explorer son amour des arts d\u00e9coratifs, inspir\u00e9 par son pass\u00e9 \u00e0 Calcutta, en Inde, o\u00f9 elle a grandi, et l&#8217;exub\u00e9rance de Londres, o\u00f9 elle vit et travaille d\u00e9sormais. Elle est l&#8217;auteur des best-sellers my wonderful world of fashion, my even more wonderful world of fashion et hello nature.<\/p>\n<p>Contenu:<\/p>\n<p>1 livre cartonn\u00e9 en anglais, 80 pages.<\/p>\n<\/div>\n","protected":false},"excerpt":{"rendered":"<p>Num\u00e9ro d&#8217;article: 23269301<\/p>\n<p>Le livre my collection of collections de Nina Chakrabarti est une exploration des nombreuses fa\u00e7ons dont les objets peuvent \u00eatre collect\u00e9s, cat\u00e9goris\u00e9s et expos\u00e9s.<\/p>\n","protected":false},"featured_media":35487,"comment_status":"open","ping_status":"closed","template":"","meta":[],"product_brand":[],"product_cat":[215,216,285,605,16898,18893,22344,284,283,596,21258,21257,18962,20657,18912,7595,217,5851,292,212],"product_tag":[22596,22595],"class_list":{"0":"post-35483","1":"product","2":"type-product","3":"status-publish","4":"has-post-thumbnail","6":"product_cat-3-6-ans","7":"product_cat-6-12-ans","8":"product_cat-alphabetisation-langage","9":"product_cat-apprendre-a-lire","10":"product_cat-collection-automne","11":"product_cat-collection-printemps","12":"product_cat-collections-saisonnieres","13":"product_cat-culture-sciences","14":"product_cat-domaines-du-curriculum","15":"product_cat-geographie-humaine-culture","16":"product_cat-guide-cadeaux-livres","17":"product_cat-guides-cadeaux","18":"product_cat-laurence-king-fr","19":"product_cat-livres-de-loisirs-creatifs","20":"product_cat-livres-pour-enfants","21":"product_cat-methode-deducation","22":"product_cat-marques","23":"product_cat-nouveautes","24":"product_cat-appui-au-curriculum","25":"product_cat-tranche-dage","26":"product_tag-livre-my-collection-of-collections","27":"product_tag-nina-chakrabarti-fr","29":"first","30":"instock","31":"taxable","32":"shipping-taxable","33":"purchasable","34":"product-type-simple"},"yoast_head":"<!-- This site is optimized with the Yoast SEO Premium plugin v25.8 (Yoast SEO v27.4) - https:\/\/yoast.com\/product\/yoast-seo-premium-wordpress\/ -->\n<title>Livre my collection of collections - Nina Chakrabarti<\/title>\n<meta name=\"description\" content=\"Le livre my collection of collections de Nina Chakrabarti est une exploration des nombreuses fa\u00e7ons dont les objets peuvent \u00eatre collect\u00e9s.\" \/>\n<meta name=\"robots\" content=\"index, follow, max-snippet:-1, max-image-preview:large, max-video-preview:-1\" \/>\n<link rel=\"canonical\" href=\"https:\/\/teiaeducation.ch\/fr\/produit\/livre-my-collection-of-collections-nina-chakrabarti\/\" \/>\n<meta property=\"og:locale\" content=\"fr_FR\" \/>\n<meta property=\"og:type\" content=\"article\" \/>\n<meta property=\"og:title\" content=\"Livre: my collection of collections - Nina Chakrabarti\" \/>\n<meta property=\"og:description\" content=\"Le livre my collection of collections de Nina Chakrabarti est une exploration des nombreuses fa\u00e7ons dont les objets peuvent \u00eatre collect\u00e9s.\" \/>\n<meta property=\"og:url\" content=\"https:\/\/teiaeducation.ch\/fr\/produit\/livre-my-collection-of-collections-nina-chakrabarti\/\" \/>\n<meta property=\"og:site_name\" content=\"Sustainable Educational Products &amp; Ecological Toys\u00a0\" \/>\n<meta property=\"article:publisher\" content=\"https:\/\/www.facebook.com\/teiaeducation\/\" \/>\n<meta property=\"article:modified_time\" content=\"2022-03-10T10:07:16+00:00\" \/>\n<meta property=\"og:image\" content=\"https:\/\/teiaeducation.ch\/wp-content\/uploads\/2021\/04\/Book-my-collection-of-collections-Nina-Chakrabarti-1-1.jpg\" \/>\n\t<meta property=\"og:image:width\" content=\"800\" \/>\n\t<meta property=\"og:image:height\" content=\"802\" \/>\n\t<meta property=\"og:image:type\" content=\"image\/jpeg\" \/>\n<script type=\"application\/ld+json\" class=\"yoast-schema-graph\">{\"@context\":\"https:\\\/\\\/schema.org\",\"@graph\":[{\"@type\":\"WebPage\",\"@id\":\"https:\\\/\\\/teiaeducation.ch\\\/fr\\\/produit\\\/livre-my-collection-of-collections-nina-chakrabarti\\\/\",\"url\":\"https:\\\/\\\/teiaeducation.ch\\\/fr\\\/produit\\\/livre-my-collection-of-collections-nina-chakrabarti\\\/\",\"name\":\"Livre my collection of collections - Nina Chakrabarti\",\"isPartOf\":{\"@id\":\"https:\\\/\\\/teiaeducation.ch\\\/fr\\\/#website\"},\"primaryImageOfPage\":{\"@id\":\"https:\\\/\\\/teiaeducation.ch\\\/fr\\\/produit\\\/livre-my-collection-of-collections-nina-chakrabarti\\\/#primaryimage\"},\"image\":{\"@id\":\"https:\\\/\\\/teiaeducation.ch\\\/fr\\\/produit\\\/livre-my-collection-of-collections-nina-chakrabarti\\\/#primaryimage\"},\"thumbnailUrl\":\"https:\\\/\\\/teiaeducation.ch\\\/wp-content\\\/uploads\\\/2021\\\/04\\\/Book-my-collection-of-collections-Nina-Chakrabarti-1-1.jpg\",\"datePublished\":\"2021-06-09T15:04:22+00:00\",\"dateModified\":\"2022-03-10T10:07:16+00:00\",\"description\":\"Le livre my collection of collections de Nina Chakrabarti est une exploration des nombreuses fa\u00e7ons dont les objets peuvent \u00eatre collect\u00e9s.\",\"breadcrumb\":{\"@id\":\"https:\\\/\\\/teiaeducation.ch\\\/fr\\\/produit\\\/livre-my-collection-of-collections-nina-chakrabarti\\\/#breadcrumb\"},\"inLanguage\":\"fr-FR\",\"potentialAction\":[{\"@type\":\"ReadAction\",\"target\":[\"https:\\\/\\\/teiaeducation.ch\\\/fr\\\/produit\\\/livre-my-collection-of-collections-nina-chakrabarti\\\/\"]}]},{\"@type\":\"ImageObject\",\"inLanguage\":\"fr-FR\",\"@id\":\"https:\\\/\\\/teiaeducation.ch\\\/fr\\\/produit\\\/livre-my-collection-of-collections-nina-chakrabarti\\\/#primaryimage\",\"url\":\"https:\\\/\\\/teiaeducation.ch\\\/wp-content\\\/uploads\\\/2021\\\/04\\\/Book-my-collection-of-collections-Nina-Chakrabarti-1-1.jpg\",\"contentUrl\":\"https:\\\/\\\/teiaeducation.ch\\\/wp-content\\\/uploads\\\/2021\\\/04\\\/Book-my-collection-of-collections-Nina-Chakrabarti-1-1.jpg\",\"width\":800,\"height\":802,\"caption\":\"Livre my collection of collections Nina Chakrabarti\"},{\"@type\":\"BreadcrumbList\",\"@id\":\"https:\\\/\\\/teiaeducation.ch\\\/fr\\\/produit\\\/livre-my-collection-of-collections-nina-chakrabarti\\\/#breadcrumb\",\"itemListElement\":[{\"@type\":\"ListItem\",\"position\":1,\"name\":\"Home\",\"item\":\"https:\\\/\\\/teiaeducation.ch\\\/fr\\\/\"},{\"@type\":\"ListItem\",\"position\":2,\"name\":\"Boutique Teia Education &amp; Play\",\"item\":\"https:\\\/\\\/teiaeducation.ch\\\/fr\\\/boutique\\\/\"},{\"@type\":\"ListItem\",\"position\":3,\"name\":\"Domaines du Curriculum\",\"item\":\"https:\\\/\\\/teiaeducation.ch\\\/fr\\\/categorie-produit\\\/domaines-du-curriculum\\\/\"},{\"@type\":\"ListItem\",\"position\":4,\"name\":\"Alphab\u00e9tisation &amp; Langage\",\"item\":\"https:\\\/\\\/teiaeducation.ch\\\/fr\\\/categorie-produit\\\/domaines-du-curriculum\\\/alphabetisation-langage\\\/\"},{\"@type\":\"ListItem\",\"position\":5,\"name\":\"Apprendre \u00e0 Lire\",\"item\":\"https:\\\/\\\/teiaeducation.ch\\\/fr\\\/categorie-produit\\\/domaines-du-curriculum\\\/alphabetisation-langage\\\/apprendre-a-lire\\\/\"},{\"@type\":\"ListItem\",\"position\":6,\"name\":\"Livre: my collection of collections &#8211; Nina Chakrabarti\"}]},{\"@type\":\"WebSite\",\"@id\":\"https:\\\/\\\/teiaeducation.ch\\\/fr\\\/#website\",\"url\":\"https:\\\/\\\/teiaeducation.ch\\\/fr\\\/\",\"name\":\"Sustainable Educational Products &amp; Ecological Toys\u00a0\",\"description\":\"Specialised Swiss shop selling sustainable educational toys and games, AMI certified Montessori materials, handmade ecological wooden Waldorf toys and arts &amp; crafts supplies, school supplies, children&#039;s furniture and Montessori reference and parenting books.\",\"publisher\":{\"@id\":\"https:\\\/\\\/teiaeducation.ch\\\/fr\\\/#organization\"},\"alternateName\":\"Teia Education & Play\",\"potentialAction\":[{\"@type\":\"SearchAction\",\"target\":{\"@type\":\"EntryPoint\",\"urlTemplate\":\"https:\\\/\\\/teiaeducation.ch\\\/fr\\\/?s={search_term_string}\"},\"query-input\":{\"@type\":\"PropertyValueSpecification\",\"valueRequired\":true,\"valueName\":\"search_term_string\"}}],\"inLanguage\":\"fr-FR\"},{\"@type\":\"Organization\",\"@id\":\"https:\\\/\\\/teiaeducation.ch\\\/fr\\\/#organization\",\"name\":\"Teia Education & Play\",\"url\":\"https:\\\/\\\/teiaeducation.ch\\\/fr\\\/\",\"logo\":{\"@type\":\"ImageObject\",\"inLanguage\":\"fr-FR\",\"@id\":\"https:\\\/\\\/teiaeducation.ch\\\/fr\\\/#\\\/schema\\\/logo\\\/image\\\/\",\"url\":\"https:\\\/\\\/teiaeducation.ch\\\/wp-content\\\/uploads\\\/2020\\\/11\\\/Teia-Education-Switzerland-e1620156442216.jpg\",\"contentUrl\":\"https:\\\/\\\/teiaeducation.ch\\\/wp-content\\\/uploads\\\/2020\\\/11\\\/Teia-Education-Switzerland-e1620156442216.jpg\",\"width\":166,\"height\":145,\"caption\":\"Teia Education & Play\"},\"image\":{\"@id\":\"https:\\\/\\\/teiaeducation.ch\\\/fr\\\/#\\\/schema\\\/logo\\\/image\\\/\"},\"sameAs\":[\"https:\\\/\\\/www.facebook.com\\\/teiaeducation\\\/\",\"https:\\\/\\\/x.com\\\/EducationTeia\",\"https:\\\/\\\/www.instagram.com\\\/teia.education\\\/\",\"https:\\\/\\\/www.linkedin.com\\\/company\\\/35501660\",\"https:\\\/\\\/www.pinterest.ch\\\/TeiaEducation\\\/\"]}]}<\/script>\n<meta property=\"product:price:amount\" content=\"32.90\" \/>\n<meta property=\"product:price:currency\" content=\"CHF\" \/>\n<meta property=\"og:availability\" content=\"instock\" \/>\n<meta property=\"product:availability\" content=\"instock\" \/>\n<meta property=\"product:retailer_item_id\" content=\"00000000000000000000000000000000000000000000035083\" \/>\n<meta property=\"product:condition\" content=\"new\" \/>\n<!-- \/ Yoast SEO Premium plugin. -->","yoast_head_json":{"title":"Livre my collection of collections - Nina Chakrabarti","description":"Le livre my collection of collections de Nina Chakrabarti est une exploration des nombreuses fa\u00e7ons dont les objets peuvent \u00eatre collect\u00e9s.","robots":{"index":"index","follow":"follow","max-snippet":"max-snippet:-1","max-image-preview":"max-image-preview:large","max-video-preview":"max-video-preview:-1"},"canonical":"https:\/\/teiaeducation.ch\/fr\/produit\/livre-my-collection-of-collections-nina-chakrabarti\/","og_locale":"fr_FR","og_type":"article","og_title":"Livre: my collection of collections - Nina Chakrabarti","og_description":"Le livre my collection of collections de Nina Chakrabarti est une exploration des nombreuses fa\u00e7ons dont les objets peuvent \u00eatre collect\u00e9s.","og_url":"https:\/\/teiaeducation.ch\/fr\/produit\/livre-my-collection-of-collections-nina-chakrabarti\/","og_site_name":"Sustainable Educational Products &amp; Ecological Toys\u00a0","article_publisher":"https:\/\/www.facebook.com\/teiaeducation\/","article_modified_time":"2022-03-10T10:07:16+00:00","og_image":[{"width":800,"height":802,"url":"https:\/\/teiaeducation.ch\/wp-content\/uploads\/2021\/04\/Book-my-collection-of-collections-Nina-Chakrabarti-1-1.jpg","type":"image\/jpeg"}],"schema":{"@context":"https:\/\/schema.org","@graph":[{"@type":"WebPage","@id":"https:\/\/teiaeducation.ch\/fr\/produit\/livre-my-collection-of-collections-nina-chakrabarti\/","url":"https:\/\/teiaeducation.ch\/fr\/produit\/livre-my-collection-of-collections-nina-chakrabarti\/","name":"Livre my collection of collections - Nina Chakrabarti","isPartOf":{"@id":"https:\/\/teiaeducation.ch\/fr\/#website"},"primaryImageOfPage":{"@id":"https:\/\/teiaeducation.ch\/fr\/produit\/livre-my-collection-of-collections-nina-chakrabarti\/#primaryimage"},"image":{"@id":"https:\/\/teiaeducation.ch\/fr\/produit\/livre-my-collection-of-collections-nina-chakrabarti\/#primaryimage"},"thumbnailUrl":"https:\/\/teiaeducation.ch\/wp-content\/uploads\/2021\/04\/Book-my-collection-of-collections-Nina-Chakrabarti-1-1.jpg","datePublished":"2021-06-09T15:04:22+00:00","dateModified":"2022-03-10T10:07:16+00:00","description":"Le livre my collection of collections de Nina Chakrabarti est une exploration des nombreuses fa\u00e7ons dont les objets peuvent \u00eatre collect\u00e9s.","breadcrumb":{"@id":"https:\/\/teiaeducation.ch\/fr\/produit\/livre-my-collection-of-collections-nina-chakrabarti\/#breadcrumb"},"inLanguage":"fr-FR","potentialAction":[{"@type":"ReadAction","target":["https:\/\/teiaeducation.ch\/fr\/produit\/livre-my-collection-of-collections-nina-chakrabarti\/"]}]},{"@type":"ImageObject","inLanguage":"fr-FR","@id":"https:\/\/teiaeducation.ch\/fr\/produit\/livre-my-collection-of-collections-nina-chakrabarti\/#primaryimage","url":"https:\/\/teiaeducation.ch\/wp-content\/uploads\/2021\/04\/Book-my-collection-of-collections-Nina-Chakrabarti-1-1.jpg","contentUrl":"https:\/\/teiaeducation.ch\/wp-content\/uploads\/2021\/04\/Book-my-collection-of-collections-Nina-Chakrabarti-1-1.jpg","width":800,"height":802,"caption":"Livre my collection of collections Nina Chakrabarti"},{"@type":"BreadcrumbList","@id":"https:\/\/teiaeducation.ch\/fr\/produit\/livre-my-collection-of-collections-nina-chakrabarti\/#breadcrumb","itemListElement":[{"@type":"ListItem","position":1,"name":"Home","item":"https:\/\/teiaeducation.ch\/fr\/"},{"@type":"ListItem","position":2,"name":"Boutique Teia Education &amp; Play","item":"https:\/\/teiaeducation.ch\/fr\/boutique\/"},{"@type":"ListItem","position":3,"name":"Domaines du Curriculum","item":"https:\/\/teiaeducation.ch\/fr\/categorie-produit\/domaines-du-curriculum\/"},{"@type":"ListItem","position":4,"name":"Alphab\u00e9tisation &amp; Langage","item":"https:\/\/teiaeducation.ch\/fr\/categorie-produit\/domaines-du-curriculum\/alphabetisation-langage\/"},{"@type":"ListItem","position":5,"name":"Apprendre \u00e0 Lire","item":"https:\/\/teiaeducation.ch\/fr\/categorie-produit\/domaines-du-curriculum\/alphabetisation-langage\/apprendre-a-lire\/"},{"@type":"ListItem","position":6,"name":"Livre: my collection of collections &#8211; Nina Chakrabarti"}]},{"@type":"WebSite","@id":"https:\/\/teiaeducation.ch\/fr\/#website","url":"https:\/\/teiaeducation.ch\/fr\/","name":"Sustainable Educational Products &amp; Ecological Toys\u00a0","description":"Specialised Swiss shop selling sustainable educational toys and games, AMI certified Montessori materials, handmade ecological wooden Waldorf toys and arts &amp; crafts supplies, school supplies, children&#039;s furniture and Montessori reference and parenting books.","publisher":{"@id":"https:\/\/teiaeducation.ch\/fr\/#organization"},"alternateName":"Teia Education & Play","potentialAction":[{"@type":"SearchAction","target":{"@type":"EntryPoint","urlTemplate":"https:\/\/teiaeducation.ch\/fr\/?s={search_term_string}"},"query-input":{"@type":"PropertyValueSpecification","valueRequired":true,"valueName":"search_term_string"}}],"inLanguage":"fr-FR"},{"@type":"Organization","@id":"https:\/\/teiaeducation.ch\/fr\/#organization","name":"Teia Education & Play","url":"https:\/\/teiaeducation.ch\/fr\/","logo":{"@type":"ImageObject","inLanguage":"fr-FR","@id":"https:\/\/teiaeducation.ch\/fr\/#\/schema\/logo\/image\/","url":"https:\/\/teiaeducation.ch\/wp-content\/uploads\/2020\/11\/Teia-Education-Switzerland-e1620156442216.jpg","contentUrl":"https:\/\/teiaeducation.ch\/wp-content\/uploads\/2020\/11\/Teia-Education-Switzerland-e1620156442216.jpg","width":166,"height":145,"caption":"Teia Education & Play"},"image":{"@id":"https:\/\/teiaeducation.ch\/fr\/#\/schema\/logo\/image\/"},"sameAs":["https:\/\/www.facebook.com\/teiaeducation\/","https:\/\/x.com\/EducationTeia","https:\/\/www.instagram.com\/teia.education\/","https:\/\/www.linkedin.com\/company\/35501660","https:\/\/www.pinterest.ch\/TeiaEducation\/"]}]},"product_price_amount":"32.90","product_price_currency":"CHF","og_availability":"instock","product_availability":"instock","product_retailer_item_id":"00000000000000000000000000000000000000000000035083","product_condition":"new"},"_links":{"self":[{"href":"https:\/\/teiaeducation.ch\/fr\/wp-json\/wp\/v2\/product\/35483","targetHints":{"allow":["GET"]}}],"collection":[{"href":"https:\/\/teiaeducation.ch\/fr\/wp-json\/wp\/v2\/product"}],"about":[{"href":"https:\/\/teiaeducation.ch\/fr\/wp-json\/wp\/v2\/types\/product"}],"replies":[{"embeddable":true,"href":"https:\/\/teiaeducation.ch\/fr\/wp-json\/wp\/v2\/comments?post=35483"}],"wp:featuredmedia":[{"embeddable":true,"href":"https:\/\/teiaeducation.ch\/fr\/wp-json\/wp\/v2\/media\/35487"}],"wp:attachment":[{"href":"https:\/\/teiaeducation.ch\/fr\/wp-json\/wp\/v2\/media?parent=35483"}],"wp:term":[{"taxonomy":"product_brand","embeddable":true,"href":"https:\/\/teiaeducation.ch\/fr\/wp-json\/wp\/v2\/product_brand?post=35483"},{"taxonomy":"product_cat","embeddable":true,"href":"https:\/\/teiaeducation.ch\/fr\/wp-json\/wp\/v2\/product_cat?post=35483"},{"taxonomy":"product_tag","embeddable":true,"href":"https:\/\/teiaeducation.ch\/fr\/wp-json\/wp\/v2\/product_tag?post=35483"}],"curies":[{"name":"wp","href":"https:\/\/api.w.org\/{rel}","templated":true}]}}