{"id":35490,"date":"2020-04-02T23:01:26","date_gmt":"2020-04-02T21:01:26","guid":{"rendered":"https:\/\/teiaeducation.ch\/product\/crayon-rocks-bord-de-mer-20-couleurs\/"},"modified":"2021-12-15T10:48:30","modified_gmt":"2021-12-15T09:48:30","slug":"crayon-rocks-bord-de-mer-20-couleurs","status":"publish","type":"product","link":"https:\/\/teiaeducation.ch\/fr\/produit\/crayon-rocks-bord-de-mer-20-couleurs\/","title":{"rendered":"Crayon Rocks bord de mer (20 couleurs)"},"content":{"rendered":"<p><span data-sheets-value=\"{\" data-sheets-userformat=\"{\">Crayon Rocks bord de mer en forme ergonomique\u00a0(20 couleurs)<\/span><\/p>\n<p>Un sac en coton bleu blanc sur le th\u00e8me du bord de mer, rempli de Crayon Rocks dans 20 magnifiques couleurs assorties de mer, de ciel et de plage. Chaque Crayon Rock mesure environ 3,2 \u00e0 1,9 centim\u00e8tres.<\/p>\n<p>Les crayons Crayon Rocks, respectueux de l&#8217;environnement, sont fabriqu\u00e9s \u00e0 partir de cire de soja et ont une forme ergonomique sp\u00e9ciale pour favoriser la prise en main \u00e0 trois doigts, qui est la bonne prise en main pour <a href=\"https:\/\/teiaeducation.ch\/fr\/categorie-produit\/domaines-du-curriculum\/alphabetisation-langage\/apprendre-a-ecrire\/\">\u00e9crire<\/a>.<\/p>\n<p>Produits dans des conditions strictes aux \u00c9tats-Unis, les Crayons Rocks sont fabriqu\u00e9s \u00e0 partir de cire de soja naturelle, plant\u00e9e et trait\u00e9e localement. 100% bio et <a href=\"https:\/\/fr.wikipedia.org\/wiki\/\u00c9cologie\">\u00e9cologiques<\/a>, les couleurs naturelles et vives des Crayon Rocks sont issues de pigments min\u00e9raux, et le remplissage des Crayon Rocks est constitu\u00e9 de calcaire naturel. Ces deux ingr\u00e9dients ne contiennent ni toxines ni adoucissants.<\/p>\n<p>Les crayons de cire peuvent \u00e9galement \u00eatre appliqu\u00e9s en couches superpos\u00e9es, ce qui permet d&#8217;obtenir de belles nuances de couleurs qui se fondent les unes dans les autres.<\/p>\n<p>Ce mat\u00e9riel convient aux enfants \u00e2g\u00e9s de 3 ans et plus.<\/p>\n<p>Contenu :<\/p>\n<p>20 crayon rocks<br \/>\nUn sac en coton pour le stockage<\/p>\n","protected":false},"excerpt":{"rendered":"<p>Num\u00e9ro d&#8217;article: crass20<\/p>\n<p>Les Crayons Rocks sur le th\u00e8me du bord de mer, avec 20 magnifiques couleurs assorties de mer, de ciel et de plage, sont fabriqu\u00e9s en cire de soja et ont une forme ergonomique sp\u00e9ciale.<\/p>\n","protected":false},"featured_media":24622,"comment_status":"open","ping_status":"closed","template":"","meta":[],"product_brand":[],"product_cat":[8527,215,8580,216,23635,18893,22344,13116,20247,8526,17241,17240,1220,13127,7595,217,5851,212,1219],"product_tag":[19160,19164,19159,19157,19158],"class_list":{"0":"post-35490","1":"product","2":"type-product","3":"status-publish","4":"has-post-thumbnail","6":"product_cat-3-6-ans-ecole-a-domicile","7":"product_cat-3-6-ans","8":"product_cat-6-12-ans-ecole-a-domicile","9":"product_cat-6-12-ans","10":"product_cat-collection-dete","11":"product_cat-collection-printemps","12":"product_cat-collections-saisonnieres","13":"product_cat-crayon-rocks-fr","14":"product_cat-dessin-et-coloriage","15":"product_cat-fournitures-scolaires-a-domicile","16":"product_cat-guide-cadeaux-3-6-ans","17":"product_cat-guide-cadeaux-creatif","18":"product_cat-traditionnelle","19":"product_cat-creativite-beaux-arts-et-bricolage","20":"product_cat-methode-deducation","21":"product_cat-marques","22":"product_cat-nouveautes","23":"product_cat-tranche-dage","24":"product_cat-waldorf-fr","25":"product_tag-crayon-rocks-20-couleurs","26":"product_tag-crayon-rocks-bord-de-mer","27":"product_tag-crayon-rocks-crayons-fr","28":"product_tag-crayon-rocks-suisse-fr","29":"product_tag-crayon-rocks-suisse-fr-2","31":"first","32":"instock","33":"taxable","34":"shipping-taxable","35":"purchasable","36":"product-type-simple"},"yoast_head":"<!-- This site is optimized with the Yoast SEO Premium plugin v25.8 (Yoast SEO v27.4) - https:\/\/yoast.com\/product\/yoast-seo-premium-wordpress\/ -->\n<title>Crayon Rocks bord de mer (20 couleurs) - Teia Education &amp; Play<\/title>\n<meta name=\"description\" content=\"Les Crayons Rocks sur le th\u00e8me du bord de mer, avec 20 magnifiques couleurs assorties de mer, de ciel et de plage, ont une forme ergonomique sp\u00e9ciale.\" \/>\n<meta name=\"robots\" content=\"index, follow, max-snippet:-1, max-image-preview:large, max-video-preview:-1\" \/>\n<link rel=\"canonical\" href=\"https:\/\/teiaeducation.ch\/fr\/produit\/crayon-rocks-bord-de-mer-20-couleurs\/\" \/>\n<meta property=\"og:locale\" content=\"fr_FR\" \/>\n<meta property=\"og:type\" content=\"article\" \/>\n<meta property=\"og:title\" content=\"Crayon Rocks bord de mer (20 couleurs)\" \/>\n<meta property=\"og:description\" content=\"Les Crayons Rocks sur le th\u00e8me du bord de mer, avec 20 magnifiques couleurs assorties de mer, de ciel et de plage, ont une forme ergonomique sp\u00e9ciale.\" \/>\n<meta property=\"og:url\" content=\"https:\/\/teiaeducation.ch\/fr\/produit\/crayon-rocks-bord-de-mer-20-couleurs\/\" \/>\n<meta property=\"og:site_name\" content=\"Sustainable Educational Products &amp; Ecological Toys\u00a0\" \/>\n<meta property=\"article:publisher\" content=\"https:\/\/www.facebook.com\/teiaeducation\/\" \/>\n<meta property=\"article:modified_time\" content=\"2021-12-15T09:48:30+00:00\" \/>\n<meta property=\"og:image\" content=\"https:\/\/teiaeducation.ch\/wp-content\/uploads\/2020\/04\/Crayon-Rocks-Seaside-Bag-20-colours.jpg\" \/>\n\t<meta property=\"og:image:width\" content=\"1000\" \/>\n\t<meta property=\"og:image:height\" content=\"1000\" \/>\n\t<meta property=\"og:image:type\" content=\"image\/jpeg\" \/>\n<script type=\"application\/ld+json\" class=\"yoast-schema-graph\">{\"@context\":\"https:\\\/\\\/schema.org\",\"@graph\":[{\"@type\":\"WebPage\",\"@id\":\"https:\\\/\\\/teiaeducation.ch\\\/fr\\\/produit\\\/crayon-rocks-bord-de-mer-20-couleurs\\\/\",\"url\":\"https:\\\/\\\/teiaeducation.ch\\\/fr\\\/produit\\\/crayon-rocks-bord-de-mer-20-couleurs\\\/\",\"name\":\"Crayon Rocks bord de mer (20 couleurs) - Teia Education & Play\",\"isPartOf\":{\"@id\":\"https:\\\/\\\/teiaeducation.ch\\\/fr\\\/#website\"},\"primaryImageOfPage\":{\"@id\":\"https:\\\/\\\/teiaeducation.ch\\\/fr\\\/produit\\\/crayon-rocks-bord-de-mer-20-couleurs\\\/#primaryimage\"},\"image\":{\"@id\":\"https:\\\/\\\/teiaeducation.ch\\\/fr\\\/produit\\\/crayon-rocks-bord-de-mer-20-couleurs\\\/#primaryimage\"},\"thumbnailUrl\":\"https:\\\/\\\/teiaeducation.ch\\\/wp-content\\\/uploads\\\/2020\\\/04\\\/Crayon-Rocks-Seaside-Bag-20-colours.jpg\",\"datePublished\":\"2020-04-02T21:01:26+00:00\",\"dateModified\":\"2021-12-15T09:48:30+00:00\",\"description\":\"Les Crayons Rocks sur le th\u00e8me du bord de mer, avec 20 magnifiques couleurs assorties de mer, de ciel et de plage, ont une forme ergonomique sp\u00e9ciale.\",\"breadcrumb\":{\"@id\":\"https:\\\/\\\/teiaeducation.ch\\\/fr\\\/produit\\\/crayon-rocks-bord-de-mer-20-couleurs\\\/#breadcrumb\"},\"inLanguage\":\"fr-FR\",\"potentialAction\":[{\"@type\":\"ReadAction\",\"target\":[\"https:\\\/\\\/teiaeducation.ch\\\/fr\\\/produit\\\/crayon-rocks-bord-de-mer-20-couleurs\\\/\"]}]},{\"@type\":\"ImageObject\",\"inLanguage\":\"fr-FR\",\"@id\":\"https:\\\/\\\/teiaeducation.ch\\\/fr\\\/produit\\\/crayon-rocks-bord-de-mer-20-couleurs\\\/#primaryimage\",\"url\":\"https:\\\/\\\/teiaeducation.ch\\\/wp-content\\\/uploads\\\/2020\\\/04\\\/Crayon-Rocks-Seaside-Bag-20-colours.jpg\",\"contentUrl\":\"https:\\\/\\\/teiaeducation.ch\\\/wp-content\\\/uploads\\\/2020\\\/04\\\/Crayon-Rocks-Seaside-Bag-20-colours.jpg\",\"width\":1000,\"height\":1000,\"caption\":\"Crayon Rocks forme ergonomique bord de mer (20 couleurs)\"},{\"@type\":\"BreadcrumbList\",\"@id\":\"https:\\\/\\\/teiaeducation.ch\\\/fr\\\/produit\\\/crayon-rocks-bord-de-mer-20-couleurs\\\/#breadcrumb\",\"itemListElement\":[{\"@type\":\"ListItem\",\"position\":1,\"name\":\"Home\",\"item\":\"https:\\\/\\\/teiaeducation.ch\\\/fr\\\/\"},{\"@type\":\"ListItem\",\"position\":2,\"name\":\"Boutique Teia Education &amp; Play\",\"item\":\"https:\\\/\\\/teiaeducation.ch\\\/fr\\\/boutique\\\/\"},{\"@type\":\"ListItem\",\"position\":3,\"name\":\"Loisirs Cr\u00e9atifs\",\"item\":\"https:\\\/\\\/teiaeducation.ch\\\/fr\\\/categorie-produit\\\/creativite-beaux-arts-et-bricolage\\\/\"},{\"@type\":\"ListItem\",\"position\":4,\"name\":\"Dessin et Coloriage\",\"item\":\"https:\\\/\\\/teiaeducation.ch\\\/fr\\\/categorie-produit\\\/creativite-beaux-arts-et-bricolage\\\/dessin-et-coloriage\\\/\"},{\"@type\":\"ListItem\",\"position\":5,\"name\":\"Crayon Rocks bord de mer (20 couleurs)\"}]},{\"@type\":\"WebSite\",\"@id\":\"https:\\\/\\\/teiaeducation.ch\\\/fr\\\/#website\",\"url\":\"https:\\\/\\\/teiaeducation.ch\\\/fr\\\/\",\"name\":\"Sustainable Educational Products &amp; Ecological Toys\u00a0\",\"description\":\"Specialised Swiss shop selling sustainable educational toys and games, AMI certified Montessori materials, handmade ecological wooden Waldorf toys and arts &amp; crafts supplies, school supplies, children&#039;s furniture and Montessori reference and parenting books.\",\"publisher\":{\"@id\":\"https:\\\/\\\/teiaeducation.ch\\\/fr\\\/#organization\"},\"alternateName\":\"Teia Education & Play\",\"potentialAction\":[{\"@type\":\"SearchAction\",\"target\":{\"@type\":\"EntryPoint\",\"urlTemplate\":\"https:\\\/\\\/teiaeducation.ch\\\/fr\\\/?s={search_term_string}\"},\"query-input\":{\"@type\":\"PropertyValueSpecification\",\"valueRequired\":true,\"valueName\":\"search_term_string\"}}],\"inLanguage\":\"fr-FR\"},{\"@type\":\"Organization\",\"@id\":\"https:\\\/\\\/teiaeducation.ch\\\/fr\\\/#organization\",\"name\":\"Teia Education & Play\",\"url\":\"https:\\\/\\\/teiaeducation.ch\\\/fr\\\/\",\"logo\":{\"@type\":\"ImageObject\",\"inLanguage\":\"fr-FR\",\"@id\":\"https:\\\/\\\/teiaeducation.ch\\\/fr\\\/#\\\/schema\\\/logo\\\/image\\\/\",\"url\":\"https:\\\/\\\/teiaeducation.ch\\\/wp-content\\\/uploads\\\/2020\\\/11\\\/Teia-Education-Switzerland-e1620156442216.jpg\",\"contentUrl\":\"https:\\\/\\\/teiaeducation.ch\\\/wp-content\\\/uploads\\\/2020\\\/11\\\/Teia-Education-Switzerland-e1620156442216.jpg\",\"width\":166,\"height\":145,\"caption\":\"Teia Education & Play\"},\"image\":{\"@id\":\"https:\\\/\\\/teiaeducation.ch\\\/fr\\\/#\\\/schema\\\/logo\\\/image\\\/\"},\"sameAs\":[\"https:\\\/\\\/www.facebook.com\\\/teiaeducation\\\/\",\"https:\\\/\\\/x.com\\\/EducationTeia\",\"https:\\\/\\\/www.instagram.com\\\/teia.education\\\/\",\"https:\\\/\\\/www.linkedin.com\\\/company\\\/35501660\",\"https:\\\/\\\/www.pinterest.ch\\\/TeiaEducation\\\/\"]}]}<\/script>\n<meta property=\"product:price:amount\" content=\"19.90\" \/>\n<meta property=\"product:price:currency\" content=\"CHF\" \/>\n<meta property=\"og:availability\" content=\"instock\" \/>\n<meta property=\"product:availability\" content=\"instock\" \/>\n<meta property=\"product:retailer_item_id\" content=\"00000000000000000000000000000000000000000000024616\" \/>\n<meta property=\"product:condition\" content=\"new\" \/>\n<!-- \/ Yoast SEO Premium plugin. -->","yoast_head_json":{"title":"Crayon Rocks bord de mer (20 couleurs) - Teia Education & Play","description":"Les Crayons Rocks sur le th\u00e8me du bord de mer, avec 20 magnifiques couleurs assorties de mer, de ciel et de plage, ont une forme ergonomique sp\u00e9ciale.","robots":{"index":"index","follow":"follow","max-snippet":"max-snippet:-1","max-image-preview":"max-image-preview:large","max-video-preview":"max-video-preview:-1"},"canonical":"https:\/\/teiaeducation.ch\/fr\/produit\/crayon-rocks-bord-de-mer-20-couleurs\/","og_locale":"fr_FR","og_type":"article","og_title":"Crayon Rocks bord de mer (20 couleurs)","og_description":"Les Crayons Rocks sur le th\u00e8me du bord de mer, avec 20 magnifiques couleurs assorties de mer, de ciel et de plage, ont une forme ergonomique sp\u00e9ciale.","og_url":"https:\/\/teiaeducation.ch\/fr\/produit\/crayon-rocks-bord-de-mer-20-couleurs\/","og_site_name":"Sustainable Educational Products &amp; Ecological Toys\u00a0","article_publisher":"https:\/\/www.facebook.com\/teiaeducation\/","article_modified_time":"2021-12-15T09:48:30+00:00","og_image":[{"width":1000,"height":1000,"url":"https:\/\/teiaeducation.ch\/wp-content\/uploads\/2020\/04\/Crayon-Rocks-Seaside-Bag-20-colours.jpg","type":"image\/jpeg"}],"schema":{"@context":"https:\/\/schema.org","@graph":[{"@type":"WebPage","@id":"https:\/\/teiaeducation.ch\/fr\/produit\/crayon-rocks-bord-de-mer-20-couleurs\/","url":"https:\/\/teiaeducation.ch\/fr\/produit\/crayon-rocks-bord-de-mer-20-couleurs\/","name":"Crayon Rocks bord de mer (20 couleurs) - Teia Education & Play","isPartOf":{"@id":"https:\/\/teiaeducation.ch\/fr\/#website"},"primaryImageOfPage":{"@id":"https:\/\/teiaeducation.ch\/fr\/produit\/crayon-rocks-bord-de-mer-20-couleurs\/#primaryimage"},"image":{"@id":"https:\/\/teiaeducation.ch\/fr\/produit\/crayon-rocks-bord-de-mer-20-couleurs\/#primaryimage"},"thumbnailUrl":"https:\/\/teiaeducation.ch\/wp-content\/uploads\/2020\/04\/Crayon-Rocks-Seaside-Bag-20-colours.jpg","datePublished":"2020-04-02T21:01:26+00:00","dateModified":"2021-12-15T09:48:30+00:00","description":"Les Crayons Rocks sur le th\u00e8me du bord de mer, avec 20 magnifiques couleurs assorties de mer, de ciel et de plage, ont une forme ergonomique sp\u00e9ciale.","breadcrumb":{"@id":"https:\/\/teiaeducation.ch\/fr\/produit\/crayon-rocks-bord-de-mer-20-couleurs\/#breadcrumb"},"inLanguage":"fr-FR","potentialAction":[{"@type":"ReadAction","target":["https:\/\/teiaeducation.ch\/fr\/produit\/crayon-rocks-bord-de-mer-20-couleurs\/"]}]},{"@type":"ImageObject","inLanguage":"fr-FR","@id":"https:\/\/teiaeducation.ch\/fr\/produit\/crayon-rocks-bord-de-mer-20-couleurs\/#primaryimage","url":"https:\/\/teiaeducation.ch\/wp-content\/uploads\/2020\/04\/Crayon-Rocks-Seaside-Bag-20-colours.jpg","contentUrl":"https:\/\/teiaeducation.ch\/wp-content\/uploads\/2020\/04\/Crayon-Rocks-Seaside-Bag-20-colours.jpg","width":1000,"height":1000,"caption":"Crayon Rocks forme ergonomique bord de mer (20 couleurs)"},{"@type":"BreadcrumbList","@id":"https:\/\/teiaeducation.ch\/fr\/produit\/crayon-rocks-bord-de-mer-20-couleurs\/#breadcrumb","itemListElement":[{"@type":"ListItem","position":1,"name":"Home","item":"https:\/\/teiaeducation.ch\/fr\/"},{"@type":"ListItem","position":2,"name":"Boutique Teia Education &amp; Play","item":"https:\/\/teiaeducation.ch\/fr\/boutique\/"},{"@type":"ListItem","position":3,"name":"Loisirs Cr\u00e9atifs","item":"https:\/\/teiaeducation.ch\/fr\/categorie-produit\/creativite-beaux-arts-et-bricolage\/"},{"@type":"ListItem","position":4,"name":"Dessin et Coloriage","item":"https:\/\/teiaeducation.ch\/fr\/categorie-produit\/creativite-beaux-arts-et-bricolage\/dessin-et-coloriage\/"},{"@type":"ListItem","position":5,"name":"Crayon Rocks bord de mer (20 couleurs)"}]},{"@type":"WebSite","@id":"https:\/\/teiaeducation.ch\/fr\/#website","url":"https:\/\/teiaeducation.ch\/fr\/","name":"Sustainable Educational Products &amp; Ecological Toys\u00a0","description":"Specialised Swiss shop selling sustainable educational toys and games, AMI certified Montessori materials, handmade ecological wooden Waldorf toys and arts &amp; crafts supplies, school supplies, children&#039;s furniture and Montessori reference and parenting books.","publisher":{"@id":"https:\/\/teiaeducation.ch\/fr\/#organization"},"alternateName":"Teia Education & Play","potentialAction":[{"@type":"SearchAction","target":{"@type":"EntryPoint","urlTemplate":"https:\/\/teiaeducation.ch\/fr\/?s={search_term_string}"},"query-input":{"@type":"PropertyValueSpecification","valueRequired":true,"valueName":"search_term_string"}}],"inLanguage":"fr-FR"},{"@type":"Organization","@id":"https:\/\/teiaeducation.ch\/fr\/#organization","name":"Teia Education & Play","url":"https:\/\/teiaeducation.ch\/fr\/","logo":{"@type":"ImageObject","inLanguage":"fr-FR","@id":"https:\/\/teiaeducation.ch\/fr\/#\/schema\/logo\/image\/","url":"https:\/\/teiaeducation.ch\/wp-content\/uploads\/2020\/11\/Teia-Education-Switzerland-e1620156442216.jpg","contentUrl":"https:\/\/teiaeducation.ch\/wp-content\/uploads\/2020\/11\/Teia-Education-Switzerland-e1620156442216.jpg","width":166,"height":145,"caption":"Teia Education & Play"},"image":{"@id":"https:\/\/teiaeducation.ch\/fr\/#\/schema\/logo\/image\/"},"sameAs":["https:\/\/www.facebook.com\/teiaeducation\/","https:\/\/x.com\/EducationTeia","https:\/\/www.instagram.com\/teia.education\/","https:\/\/www.linkedin.com\/company\/35501660","https:\/\/www.pinterest.ch\/TeiaEducation\/"]}]},"product_price_amount":"19.90","product_price_currency":"CHF","og_availability":"instock","product_availability":"instock","product_retailer_item_id":"00000000000000000000000000000000000000000000024616","product_condition":"new"},"_links":{"self":[{"href":"https:\/\/teiaeducation.ch\/fr\/wp-json\/wp\/v2\/product\/35490","targetHints":{"allow":["GET"]}}],"collection":[{"href":"https:\/\/teiaeducation.ch\/fr\/wp-json\/wp\/v2\/product"}],"about":[{"href":"https:\/\/teiaeducation.ch\/fr\/wp-json\/wp\/v2\/types\/product"}],"replies":[{"embeddable":true,"href":"https:\/\/teiaeducation.ch\/fr\/wp-json\/wp\/v2\/comments?post=35490"}],"wp:featuredmedia":[{"embeddable":true,"href":"https:\/\/teiaeducation.ch\/fr\/wp-json\/wp\/v2\/media\/24622"}],"wp:attachment":[{"href":"https:\/\/teiaeducation.ch\/fr\/wp-json\/wp\/v2\/media?parent=35490"}],"wp:term":[{"taxonomy":"product_brand","embeddable":true,"href":"https:\/\/teiaeducation.ch\/fr\/wp-json\/wp\/v2\/product_brand?post=35490"},{"taxonomy":"product_cat","embeddable":true,"href":"https:\/\/teiaeducation.ch\/fr\/wp-json\/wp\/v2\/product_cat?post=35490"},{"taxonomy":"product_tag","embeddable":true,"href":"https:\/\/teiaeducation.ch\/fr\/wp-json\/wp\/v2\/product_tag?post=35490"}],"curies":[{"name":"wp","href":"https:\/\/api.w.org\/{rel}","templated":true}]}}