{"id":35492,"date":"2020-04-02T22:12:03","date_gmt":"2020-04-02T20:12:03","guid":{"rendered":"https:\/\/teiaeducation.ch\/product\/crayon-rocks-dans-un-sac-en-coton-16-couleurs\/"},"modified":"2021-04-22T14:16:50","modified_gmt":"2021-04-22T12:16:50","slug":"crayon-rocks-sac-en-coton-16-couleurs","status":"publish","type":"product","link":"https:\/\/teiaeducation.ch\/fr\/produit\/crayon-rocks-sac-en-coton-16-couleurs\/","title":{"rendered":"Crayon Rocks dans un sac en coton (16 couleurs)"},"content":{"rendered":"<p><span data-sheets-value=\"{\" data-sheets-userformat=\"{\">Crayon Rocks en forme ergonomique dans un sac en coton (16 couleurs)<\/span><\/p>\n<p>Un sac en coton rempli de Crayon Rocks dans 16 magnifiques couleurs pastel et primaires assorties. Chaque Crayon Rock mesure environ 3,2 \u00e0 1,9 centim\u00e8tres.<\/p>\n<p>Les crayons Crayon Rocks, respectueux de l&#8217;environnement, sont fabriqu\u00e9s \u00e0 partir de cire de soja et ont une forme ergonomique sp\u00e9ciale pour favoriser la prise en main \u00e0 trois doigts, qui est la bonne prise en main pour <a href=\"https:\/\/teiaeducation.ch\/fr\/categorie-produit\/domaines-du-curriculum\/alphabetisation-langage\/apprendre-a-ecrire\/\">\u00e9crire<\/a>.<\/p>\n<p>Produits dans des conditions strictes aux \u00c9tats-Unis, les Crayons Rocks sont fabriqu\u00e9s \u00e0 partir de cire de soja naturelle, plant\u00e9e et trait\u00e9e localement. 100% bio et <a href=\"https:\/\/fr.wikipedia.org\/wiki\/\u00c9cologie\">\u00e9cologiques<\/a>, les couleurs naturelles et vives des Crayon Rocks sont issues de pigments min\u00e9raux, et le remplissage des Crayon Rocks est constitu\u00e9 de calcaire naturel. Ces deux ingr\u00e9dients ne contiennent ni toxines ni adoucissants.<\/p>\n<p>Les crayons de cire peuvent \u00e9galement \u00eatre appliqu\u00e9s en couches superpos\u00e9es, ce qui permet d&#8217;obtenir de belles nuances de couleurs qui se fondent les unes dans les autres.<\/p>\n<p>Ce mat\u00e9riel convient aux enfants \u00e2g\u00e9s de 3 ans et plus.<\/p>\n<p>Contenu :<\/p>\n<p>16 crayon rocks<br \/>\nUn sac en coton pour le stockage<\/p>\n","protected":false},"excerpt":{"rendered":"<p>Num\u00e9ro d&#8217;article: cracm16<\/p>\n<p>Les Crayons Rocks de 16 couleurs fabriqu\u00e9s ont une forme ergonomique sp\u00e9ciale pour favoriser la prise en main \u00e0 trois doigts, qui est la bonne prise en main pour \u00e9crire.<\/p>\n","protected":false},"featured_media":24605,"comment_status":"open","ping_status":"closed","template":"","meta":[],"product_brand":[],"product_cat":[8527,215,8580,216,22032,13116,20247,8526,21257,22421,1220,13127,7595,217,5851,212,1219],"product_tag":[19165,19159,19157,19158],"class_list":{"0":"post-35492","1":"product","2":"type-product","3":"status-publish","4":"has-post-thumbnail","6":"product_cat-3-6-ans-ecole-a-domicile","7":"product_cat-3-6-ans","8":"product_cat-6-12-ans-ecole-a-domicile","9":"product_cat-6-12-ans","10":"product_cat-cadeaux-du-calendrier-de-lavent-et-de-noel","11":"product_cat-crayon-rocks-fr","12":"product_cat-dessin-et-coloriage","13":"product_cat-fournitures-scolaires-a-domicile","14":"product_cat-guides-cadeaux","15":"product_cat-idees-cadeaux-pour-paques","16":"product_cat-traditionnelle","17":"product_cat-creativite-beaux-arts-et-bricolage","18":"product_cat-methode-deducation","19":"product_cat-marques","20":"product_cat-nouveautes","21":"product_cat-tranche-dage","22":"product_cat-waldorf-fr","23":"product_tag-crayon-rocks-16-couleurs","24":"product_tag-crayon-rocks-crayons-fr","25":"product_tag-crayon-rocks-suisse-fr","26":"product_tag-crayon-rocks-suisse-fr-2","28":"first","29":"outofstock","30":"taxable","31":"shipping-taxable","32":"purchasable","33":"product-type-simple"},"yoast_head":"<!-- This site is optimized with the Yoast SEO plugin v27.1.1 - https:\/\/yoast.com\/product\/yoast-seo-wordpress\/ -->\n<title>Crayon Rocks dans un sac en coton (16 couleurs) - Teia Education &amp; Play<\/title>\n<meta name=\"description\" content=\"Les Crayons Rocks de 16 couleurs fabriqu\u00e9s en cire de soja ont une forme ergonomique sp\u00e9ciale pour favoriser la prise en main \u00e0 trois doigts.\" \/>\n<meta name=\"robots\" content=\"index, follow, max-snippet:-1, max-image-preview:large, max-video-preview:-1\" \/>\n<link rel=\"canonical\" href=\"https:\/\/teiaeducation.ch\/fr\/produit\/crayon-rocks-sac-en-coton-16-couleurs\/\" \/>\n<meta property=\"og:locale\" content=\"fr_FR\" \/>\n<meta property=\"og:type\" content=\"article\" \/>\n<meta property=\"og:title\" content=\"Crayon Rocks dans un sac en coton (16 couleurs) - Teia Education &amp; Play\" \/>\n<meta property=\"og:description\" content=\"Les Crayons Rocks de 16 couleurs fabriqu\u00e9s en cire de soja ont une forme ergonomique sp\u00e9ciale pour favoriser la prise en main \u00e0 trois doigts.\" \/>\n<meta property=\"og:url\" content=\"https:\/\/teiaeducation.ch\/fr\/produit\/crayon-rocks-sac-en-coton-16-couleurs\/\" \/>\n<meta property=\"og:site_name\" content=\"Sustainable Educational Products &amp; Ecological Toys\u00a0\" \/>\n<meta property=\"article:publisher\" content=\"https:\/\/www.facebook.com\/teiaeducation\/\" \/>\n<meta property=\"article:modified_time\" content=\"2021-04-22T12:16:50+00:00\" \/>\n<meta property=\"og:image\" content=\"https:\/\/teiaeducation.ch\/wp-content\/uploads\/2020\/04\/Crayon-Rocks-in-cotton-bag-16-colours.jpg\" \/>\n\t<meta property=\"og:image:width\" content=\"1000\" \/>\n\t<meta property=\"og:image:height\" content=\"1000\" \/>\n\t<meta property=\"og:image:type\" content=\"image\/jpeg\" \/>\n<script type=\"application\/ld+json\" class=\"yoast-schema-graph\">{\"@context\":\"https:\/\/schema.org\",\"@graph\":[{\"@type\":\"WebPage\",\"@id\":\"https:\/\/teiaeducation.ch\/fr\/produit\/crayon-rocks-sac-en-coton-16-couleurs\/\",\"url\":\"https:\/\/teiaeducation.ch\/fr\/produit\/crayon-rocks-sac-en-coton-16-couleurs\/\",\"name\":\"Crayon Rocks dans un sac en coton (16 couleurs) - Teia Education & Play\",\"isPartOf\":{\"@id\":\"https:\/\/teiaeducation.ch\/fr\/#website\"},\"primaryImageOfPage\":{\"@id\":\"https:\/\/teiaeducation.ch\/fr\/produit\/crayon-rocks-sac-en-coton-16-couleurs\/#primaryimage\"},\"image\":{\"@id\":\"https:\/\/teiaeducation.ch\/fr\/produit\/crayon-rocks-sac-en-coton-16-couleurs\/#primaryimage\"},\"thumbnailUrl\":\"https:\/\/teiaeducation.ch\/wp-content\/uploads\/2020\/04\/Crayon-Rocks-in-cotton-bag-16-colours.jpg\",\"datePublished\":\"2020-04-02T20:12:03+00:00\",\"dateModified\":\"2021-04-22T12:16:50+00:00\",\"description\":\"Les Crayons Rocks de 16 couleurs fabriqu\u00e9s en cire de soja ont une forme ergonomique sp\u00e9ciale pour favoriser la prise en main \u00e0 trois doigts.\",\"breadcrumb\":{\"@id\":\"https:\/\/teiaeducation.ch\/fr\/produit\/crayon-rocks-sac-en-coton-16-couleurs\/#breadcrumb\"},\"inLanguage\":\"fr-FR\",\"potentialAction\":[{\"@type\":\"ReadAction\",\"target\":[\"https:\/\/teiaeducation.ch\/fr\/produit\/crayon-rocks-sac-en-coton-16-couleurs\/\"]}]},{\"@type\":\"ImageObject\",\"inLanguage\":\"fr-FR\",\"@id\":\"https:\/\/teiaeducation.ch\/fr\/produit\/crayon-rocks-sac-en-coton-16-couleurs\/#primaryimage\",\"url\":\"https:\/\/teiaeducation.ch\/wp-content\/uploads\/2020\/04\/Crayon-Rocks-in-cotton-bag-16-colours.jpg\",\"contentUrl\":\"https:\/\/teiaeducation.ch\/wp-content\/uploads\/2020\/04\/Crayon-Rocks-in-cotton-bag-16-colours.jpg\",\"width\":1000,\"height\":1000,\"caption\":\"Crayon Rocks crayons forme ergonomique dans un sac en coton (16 couleurs)\"},{\"@type\":\"BreadcrumbList\",\"@id\":\"https:\/\/teiaeducation.ch\/fr\/produit\/crayon-rocks-sac-en-coton-16-couleurs\/#breadcrumb\",\"itemListElement\":[{\"@type\":\"ListItem\",\"position\":1,\"name\":\"Home\",\"item\":\"https:\/\/teiaeducation.ch\/fr\/\"},{\"@type\":\"ListItem\",\"position\":2,\"name\":\"Boutique Teia Education &amp; Play\",\"item\":\"https:\/\/teiaeducation.ch\/fr\/boutique\/\"},{\"@type\":\"ListItem\",\"position\":3,\"name\":\"Nos Marques\",\"item\":\"https:\/\/teiaeducation.ch\/fr\/categorie-produit\/marques\/\"},{\"@type\":\"ListItem\",\"position\":4,\"name\":\"Crayon Rocks\",\"item\":\"https:\/\/teiaeducation.ch\/fr\/categorie-produit\/marques\/crayon-rocks-fr\/\"},{\"@type\":\"ListItem\",\"position\":5,\"name\":\"Crayon Rocks dans un sac en coton (16 couleurs)\"}]},{\"@type\":\"WebSite\",\"@id\":\"https:\/\/teiaeducation.ch\/fr\/#website\",\"url\":\"https:\/\/teiaeducation.ch\/fr\/\",\"name\":\"Sustainable Educational Products &amp; Ecological Toys\u00a0\",\"description\":\"Specialised Swiss shop selling sustainable educational toys and games, AMI certified Montessori materials, handmade ecological wooden Waldorf toys and arts &amp; crafts supplies, school supplies, children&#039;s furniture and Montessori reference and parenting books.\",\"publisher\":{\"@id\":\"https:\/\/teiaeducation.ch\/fr\/#organization\"},\"alternateName\":\"Teia Education & Play\",\"potentialAction\":[{\"@type\":\"SearchAction\",\"target\":{\"@type\":\"EntryPoint\",\"urlTemplate\":\"https:\/\/teiaeducation.ch\/fr\/?s={search_term_string}\"},\"query-input\":{\"@type\":\"PropertyValueSpecification\",\"valueRequired\":true,\"valueName\":\"search_term_string\"}}],\"inLanguage\":\"fr-FR\"},{\"@type\":\"Organization\",\"@id\":\"https:\/\/teiaeducation.ch\/fr\/#organization\",\"name\":\"Teia Education & Play\",\"url\":\"https:\/\/teiaeducation.ch\/fr\/\",\"logo\":{\"@type\":\"ImageObject\",\"inLanguage\":\"fr-FR\",\"@id\":\"https:\/\/teiaeducation.ch\/fr\/#\/schema\/logo\/image\/\",\"url\":\"https:\/\/teiaeducation.ch\/wp-content\/uploads\/2020\/11\/Teia-Education-Switzerland-e1620156442216.jpg\",\"contentUrl\":\"https:\/\/teiaeducation.ch\/wp-content\/uploads\/2020\/11\/Teia-Education-Switzerland-e1620156442216.jpg\",\"width\":166,\"height\":145,\"caption\":\"Teia Education & Play\"},\"image\":{\"@id\":\"https:\/\/teiaeducation.ch\/fr\/#\/schema\/logo\/image\/\"},\"sameAs\":[\"https:\/\/www.facebook.com\/teiaeducation\/\",\"https:\/\/x.com\/EducationTeia\",\"https:\/\/www.instagram.com\/teia.education\/\",\"https:\/\/www.linkedin.com\/company\/35501660\",\"https:\/\/www.pinterest.ch\/TeiaEducation\/\"]}]}<\/script>\n<!-- \/ Yoast SEO plugin. -->","yoast_head_json":{"title":"Crayon Rocks dans un sac en coton (16 couleurs) - Teia Education & Play","description":"Les Crayons Rocks de 16 couleurs fabriqu\u00e9s en cire de soja ont une forme ergonomique sp\u00e9ciale pour favoriser la prise en main \u00e0 trois doigts.","robots":{"index":"index","follow":"follow","max-snippet":"max-snippet:-1","max-image-preview":"max-image-preview:large","max-video-preview":"max-video-preview:-1"},"canonical":"https:\/\/teiaeducation.ch\/fr\/produit\/crayon-rocks-sac-en-coton-16-couleurs\/","og_locale":"fr_FR","og_type":"article","og_title":"Crayon Rocks dans un sac en coton (16 couleurs) - Teia Education & Play","og_description":"Les Crayons Rocks de 16 couleurs fabriqu\u00e9s en cire de soja ont une forme ergonomique sp\u00e9ciale pour favoriser la prise en main \u00e0 trois doigts.","og_url":"https:\/\/teiaeducation.ch\/fr\/produit\/crayon-rocks-sac-en-coton-16-couleurs\/","og_site_name":"Sustainable Educational Products &amp; Ecological Toys\u00a0","article_publisher":"https:\/\/www.facebook.com\/teiaeducation\/","article_modified_time":"2021-04-22T12:16:50+00:00","og_image":[{"width":1000,"height":1000,"url":"https:\/\/teiaeducation.ch\/wp-content\/uploads\/2020\/04\/Crayon-Rocks-in-cotton-bag-16-colours.jpg","type":"image\/jpeg"}],"schema":{"@context":"https:\/\/schema.org","@graph":[{"@type":"WebPage","@id":"https:\/\/teiaeducation.ch\/fr\/produit\/crayon-rocks-sac-en-coton-16-couleurs\/","url":"https:\/\/teiaeducation.ch\/fr\/produit\/crayon-rocks-sac-en-coton-16-couleurs\/","name":"Crayon Rocks dans un sac en coton (16 couleurs) - Teia Education & Play","isPartOf":{"@id":"https:\/\/teiaeducation.ch\/fr\/#website"},"primaryImageOfPage":{"@id":"https:\/\/teiaeducation.ch\/fr\/produit\/crayon-rocks-sac-en-coton-16-couleurs\/#primaryimage"},"image":{"@id":"https:\/\/teiaeducation.ch\/fr\/produit\/crayon-rocks-sac-en-coton-16-couleurs\/#primaryimage"},"thumbnailUrl":"https:\/\/teiaeducation.ch\/wp-content\/uploads\/2020\/04\/Crayon-Rocks-in-cotton-bag-16-colours.jpg","datePublished":"2020-04-02T20:12:03+00:00","dateModified":"2021-04-22T12:16:50+00:00","description":"Les Crayons Rocks de 16 couleurs fabriqu\u00e9s en cire de soja ont une forme ergonomique sp\u00e9ciale pour favoriser la prise en main \u00e0 trois doigts.","breadcrumb":{"@id":"https:\/\/teiaeducation.ch\/fr\/produit\/crayon-rocks-sac-en-coton-16-couleurs\/#breadcrumb"},"inLanguage":"fr-FR","potentialAction":[{"@type":"ReadAction","target":["https:\/\/teiaeducation.ch\/fr\/produit\/crayon-rocks-sac-en-coton-16-couleurs\/"]}]},{"@type":"ImageObject","inLanguage":"fr-FR","@id":"https:\/\/teiaeducation.ch\/fr\/produit\/crayon-rocks-sac-en-coton-16-couleurs\/#primaryimage","url":"https:\/\/teiaeducation.ch\/wp-content\/uploads\/2020\/04\/Crayon-Rocks-in-cotton-bag-16-colours.jpg","contentUrl":"https:\/\/teiaeducation.ch\/wp-content\/uploads\/2020\/04\/Crayon-Rocks-in-cotton-bag-16-colours.jpg","width":1000,"height":1000,"caption":"Crayon Rocks crayons forme ergonomique dans un sac en coton (16 couleurs)"},{"@type":"BreadcrumbList","@id":"https:\/\/teiaeducation.ch\/fr\/produit\/crayon-rocks-sac-en-coton-16-couleurs\/#breadcrumb","itemListElement":[{"@type":"ListItem","position":1,"name":"Home","item":"https:\/\/teiaeducation.ch\/fr\/"},{"@type":"ListItem","position":2,"name":"Boutique Teia Education &amp; Play","item":"https:\/\/teiaeducation.ch\/fr\/boutique\/"},{"@type":"ListItem","position":3,"name":"Nos Marques","item":"https:\/\/teiaeducation.ch\/fr\/categorie-produit\/marques\/"},{"@type":"ListItem","position":4,"name":"Crayon Rocks","item":"https:\/\/teiaeducation.ch\/fr\/categorie-produit\/marques\/crayon-rocks-fr\/"},{"@type":"ListItem","position":5,"name":"Crayon Rocks dans un sac en coton (16 couleurs)"}]},{"@type":"WebSite","@id":"https:\/\/teiaeducation.ch\/fr\/#website","url":"https:\/\/teiaeducation.ch\/fr\/","name":"Sustainable Educational Products &amp; Ecological Toys\u00a0","description":"Specialised Swiss shop selling sustainable educational toys and games, AMI certified Montessori materials, handmade ecological wooden Waldorf toys and arts &amp; crafts supplies, school supplies, children&#039;s furniture and Montessori reference and parenting books.","publisher":{"@id":"https:\/\/teiaeducation.ch\/fr\/#organization"},"alternateName":"Teia Education & Play","potentialAction":[{"@type":"SearchAction","target":{"@type":"EntryPoint","urlTemplate":"https:\/\/teiaeducation.ch\/fr\/?s={search_term_string}"},"query-input":{"@type":"PropertyValueSpecification","valueRequired":true,"valueName":"search_term_string"}}],"inLanguage":"fr-FR"},{"@type":"Organization","@id":"https:\/\/teiaeducation.ch\/fr\/#organization","name":"Teia Education & Play","url":"https:\/\/teiaeducation.ch\/fr\/","logo":{"@type":"ImageObject","inLanguage":"fr-FR","@id":"https:\/\/teiaeducation.ch\/fr\/#\/schema\/logo\/image\/","url":"https:\/\/teiaeducation.ch\/wp-content\/uploads\/2020\/11\/Teia-Education-Switzerland-e1620156442216.jpg","contentUrl":"https:\/\/teiaeducation.ch\/wp-content\/uploads\/2020\/11\/Teia-Education-Switzerland-e1620156442216.jpg","width":166,"height":145,"caption":"Teia Education & Play"},"image":{"@id":"https:\/\/teiaeducation.ch\/fr\/#\/schema\/logo\/image\/"},"sameAs":["https:\/\/www.facebook.com\/teiaeducation\/","https:\/\/x.com\/EducationTeia","https:\/\/www.instagram.com\/teia.education\/","https:\/\/www.linkedin.com\/company\/35501660","https:\/\/www.pinterest.ch\/TeiaEducation\/"]}]}},"_links":{"self":[{"href":"https:\/\/teiaeducation.ch\/fr\/wp-json\/wp\/v2\/product\/35492","targetHints":{"allow":["GET"]}}],"collection":[{"href":"https:\/\/teiaeducation.ch\/fr\/wp-json\/wp\/v2\/product"}],"about":[{"href":"https:\/\/teiaeducation.ch\/fr\/wp-json\/wp\/v2\/types\/product"}],"replies":[{"embeddable":true,"href":"https:\/\/teiaeducation.ch\/fr\/wp-json\/wp\/v2\/comments?post=35492"}],"wp:featuredmedia":[{"embeddable":true,"href":"https:\/\/teiaeducation.ch\/fr\/wp-json\/wp\/v2\/media\/24605"}],"wp:attachment":[{"href":"https:\/\/teiaeducation.ch\/fr\/wp-json\/wp\/v2\/media?parent=35492"}],"wp:term":[{"taxonomy":"product_brand","embeddable":true,"href":"https:\/\/teiaeducation.ch\/fr\/wp-json\/wp\/v2\/product_brand?post=35492"},{"taxonomy":"product_cat","embeddable":true,"href":"https:\/\/teiaeducation.ch\/fr\/wp-json\/wp\/v2\/product_cat?post=35492"},{"taxonomy":"product_tag","embeddable":true,"href":"https:\/\/teiaeducation.ch\/fr\/wp-json\/wp\/v2\/product_tag?post=35492"}],"curies":[{"name":"wp","href":"https:\/\/api.w.org\/{rel}","templated":true}]}}