{"id":35619,"date":"2020-11-29T14:59:58","date_gmt":"2020-11-29T13:59:58","guid":{"rendered":"https:\/\/teiaeducation.ch\/product\/serio-prismes-de-haut-en-bas-educo\/"},"modified":"2021-04-27T11:31:07","modified_gmt":"2021-04-27T09:31:07","slug":"serio-prismes-haut-en-bas-educo","status":"publish","type":"product","link":"https:\/\/teiaeducation.ch\/fr\/produit\/serio-prismes-haut-en-bas-educo\/","title":{"rendered":"S\u00e9rio : Prismes de haut en bas &#8211; Educo"},"content":{"rendered":"<p>Serio prismes de haut en bas \/ Jouet \u00e9ducatif en bois de haute qualit\u00e9 &#8211; Educo<\/p>\n<p>Triez les prismes de haut en bas avec ce magnifique ensemble \u00e9ducatif Serio prismes d&#8217;Educo ! Enti\u00e8rement fabriqu\u00e9 en bois, Serio prismes de haut en bas est un jouet \u00e9ducatif qui initie les enfants au tri et \u00e0 la <a href=\"https:\/\/teiaeducation.ch\/fr\/categorie-produit\/domaines-du-curriculum\/mathematiques-calcul\/serialisation\/\">s\u00e9riation<\/a> tout en jouant et en exp\u00e9rimentant avec des objets tridimensionnels. Les 5 prismes orange laqu\u00e9s brillants doivent \u00eatre tri\u00e9s du haut vers le bas (ou vice versa) et plac\u00e9s dans le bon espace rectangulaire. L&#8217;ensemble comprend une planche de bois sur pied (29,5 x 21 x 1 cm) et 5 prismes en bois de diff\u00e9rentes hauteurs.<\/p>\n<p>Educo Serio fait partie du projet Pyramide : en jouant et en exp\u00e9rimentant, les jeunes enfants apprennent \u00e0 s\u00e9rier des caract\u00e9ristiques telles que la taille, l&#8217;\u00e9paisseur, la longueur, la hauteur et la largeur. La gamme Serio comprend au total 6 jeux diff\u00e9rents \u00e0 trier et \u00e0 s\u00e9rier avec des niveaux de difficult\u00e9 vari\u00e9s : cylindres, disques, prismes de large \u00e0 \u00e9troit, prismes de haut en bas, tiges et sph\u00e8res. Un set avec des cartes d&#8217;exercices pour toute la s\u00e9rie Serio est \u00e9galement disponible.<\/p>\n<p>La marque n\u00e9erlandaise Educo repr\u00e9sente un monde color\u00e9 d\u2019apprentissage ludique, de jeux \u00e9ducatifs stimulants et de jouets. De haute qualit\u00e9 et durables, les produits Educo tournent autour des situations quotidiennes et aident les enfants \u00e0 associer les jeux \u00e0 des sujets r\u00e9guliers, transformant le processus d\u2019apprentissage en une simulation de leur environnement naturel.<\/p>\n<p>Les produits \u00e9ducatifs actifs et pratiques d\u2019Educo sont principalement faits en bois, avec des mat\u00e9riaux durables tels que les encres et les peintures \u00e0 base d\u2019eau. Les jouets sont fabriqu\u00e9s pour supporter des ann\u00e9es d\u2019utilisation robuste, encourager l\u2019apprentissage bas\u00e9 sur le jeu et inspirer la croissance et le succ\u00e8s chez les enfants \u00e2g\u00e9s de 1 \u00e0 6 ans. Ils r\u00e9pondent aux exigences de diverses r\u00e9glementations europ\u00e9ennes et internationales en mati\u00e8re de s\u00e9curit\u00e9 des jouets et se conforment \u00e0 la directive 2009\/48\/CE sur la s\u00e9curit\u00e9 des jouets, y compris EN81 et ASTM.<\/p>\n<p>Serio prismes de haut en bas Educo\u00a0est adapt\u00e9 aux enfants \u00e2g\u00e9s de 3 ans et plus.<\/p>\n<p>Contenu :<\/p>\n<p>Une planche en bois (29,5 x 21 x 3cm)<br \/>\n5 prismes en bois<\/p>\n","protected":false},"excerpt":{"rendered":"<p>Num\u00e9ro d&#8217;article : 394004<\/p>\n<p>Educo Serio prismes de haut en bas est un jouet \u00e9ducatif en bois de haute qualit\u00e9 qui introduit au tri et \u00e0 la s\u00e9riation avec des objets tridimensionnels.<\/p>\n","protected":false},"featured_media":19553,"comment_status":"closed","ping_status":"closed","template":"","meta":[],"product_brand":[],"product_cat":[8527,215,283,224,8526,17239,234,13130,22181,1220,289,624,288,620,239,7595,1218,217,5851,623,7603,625,212],"product_tag":[19185,1364,1365,8618],"class_list":{"0":"post-35619","1":"product","2":"type-product","3":"status-publish","4":"has-post-thumbnail","6":"product_cat-3-6-ans-ecole-a-domicile","7":"product_cat-3-6-ans","8":"product_cat-domaines-du-curriculum","9":"product_cat-educo-fr","10":"product_cat-fournitures-scolaires-a-domicile","11":"product_cat-guide-cadeaux-educatifs","12":"product_cat-jeu-mathematique","13":"product_cat-jouer","14":"product_cat-jouets-montessori","15":"product_cat-traditionnelle","16":"product_cat-geometrie","17":"product_cat-formes","18":"product_cat-mathematiques-calcul","19":"product_cat-mesurer","20":"product_cat-mesurer-jeu-mathematique","21":"product_cat-methode-deducation","22":"product_cat-montessori-fr","23":"product_cat-marques","24":"product_cat-nouveautes","25":"product_cat-serialisation","26":"product_cat-soldes","27":"product_cat-taille","28":"product_cat-tranche-dage","29":"product_tag-educo-serio-prismes-de-haut-en-bas","30":"product_tag-geometrie","31":"product_tag-jeu-mathematique","32":"product_tag-le-tri-et-la-serialisation","34":"first","35":"instock","36":"sale","37":"taxable","38":"shipping-taxable","39":"purchasable","40":"product-type-simple"},"yoast_head":"<!-- This site is optimized with the Yoast SEO plugin v27.1.1 - https:\/\/yoast.com\/product\/yoast-seo-wordpress\/ -->\n<title>Serio - prismes de haut en bas - Educo<\/title>\n<meta name=\"description\" content=\"Educo Serio prismes de haut en bas est un jouet \u00e9ducatif en bois de haute qualit\u00e9 qui introduit au tri et \u00e0 la s\u00e9riation avec des objets tridimensionnels.\" \/>\n<meta name=\"robots\" content=\"index, follow, max-snippet:-1, max-image-preview:large, max-video-preview:-1\" \/>\n<link rel=\"canonical\" href=\"https:\/\/teiaeducation.ch\/fr\/produit\/serio-prismes-haut-en-bas-educo\/\" \/>\n<meta property=\"og:locale\" content=\"fr_FR\" \/>\n<meta property=\"og:type\" content=\"article\" \/>\n<meta property=\"og:title\" content=\"Serio - prismes de haut en bas - Educo\" \/>\n<meta property=\"og:description\" content=\"Educo Serio prismes de haut en bas est un jouet \u00e9ducatif en bois de haute qualit\u00e9 qui introduit au tri et \u00e0 la s\u00e9riation avec des objets tridimensionnels.\" \/>\n<meta property=\"og:url\" content=\"https:\/\/teiaeducation.ch\/fr\/produit\/serio-prismes-haut-en-bas-educo\/\" \/>\n<meta property=\"og:site_name\" content=\"Sustainable Educational Products &amp; Ecological Toys\u00a0\" \/>\n<meta property=\"article:publisher\" content=\"https:\/\/www.facebook.com\/teiaeducation\/\" \/>\n<meta property=\"article:modified_time\" content=\"2021-04-27T09:31:07+00:00\" \/>\n<meta property=\"og:image\" content=\"https:\/\/teiaeducation.ch\/wp-content\/uploads\/2019\/05\/Serio-prisms-highlow-Educo.jpg\" \/>\n\t<meta property=\"og:image:width\" content=\"900\" \/>\n\t<meta property=\"og:image:height\" content=\"900\" \/>\n\t<meta property=\"og:image:type\" content=\"image\/jpeg\" \/>\n<script type=\"application\/ld+json\" class=\"yoast-schema-graph\">{\"@context\":\"https:\/\/schema.org\",\"@graph\":[{\"@type\":\"WebPage\",\"@id\":\"https:\/\/teiaeducation.ch\/fr\/produit\/serio-prismes-haut-en-bas-educo\/\",\"url\":\"https:\/\/teiaeducation.ch\/fr\/produit\/serio-prismes-haut-en-bas-educo\/\",\"name\":\"Serio - prismes de haut en bas - Educo\",\"isPartOf\":{\"@id\":\"https:\/\/teiaeducation.ch\/fr\/#website\"},\"primaryImageOfPage\":{\"@id\":\"https:\/\/teiaeducation.ch\/fr\/produit\/serio-prismes-haut-en-bas-educo\/#primaryimage\"},\"image\":{\"@id\":\"https:\/\/teiaeducation.ch\/fr\/produit\/serio-prismes-haut-en-bas-educo\/#primaryimage\"},\"thumbnailUrl\":\"https:\/\/teiaeducation.ch\/wp-content\/uploads\/2019\/05\/Serio-prisms-highlow-Educo.jpg\",\"datePublished\":\"2020-11-29T13:59:58+00:00\",\"dateModified\":\"2021-04-27T09:31:07+00:00\",\"description\":\"Educo Serio prismes de haut en bas est un jouet \u00e9ducatif en bois de haute qualit\u00e9 qui introduit au tri et \u00e0 la s\u00e9riation avec des objets tridimensionnels.\",\"breadcrumb\":{\"@id\":\"https:\/\/teiaeducation.ch\/fr\/produit\/serio-prismes-haut-en-bas-educo\/#breadcrumb\"},\"inLanguage\":\"fr-FR\",\"potentialAction\":[{\"@type\":\"ReadAction\",\"target\":[\"https:\/\/teiaeducation.ch\/fr\/produit\/serio-prismes-haut-en-bas-educo\/\"]}]},{\"@type\":\"ImageObject\",\"inLanguage\":\"fr-FR\",\"@id\":\"https:\/\/teiaeducation.ch\/fr\/produit\/serio-prismes-haut-en-bas-educo\/#primaryimage\",\"url\":\"https:\/\/teiaeducation.ch\/wp-content\/uploads\/2019\/05\/Serio-prisms-highlow-Educo.jpg\",\"contentUrl\":\"https:\/\/teiaeducation.ch\/wp-content\/uploads\/2019\/05\/Serio-prisms-highlow-Educo.jpg\",\"width\":900,\"height\":900,\"caption\":\"Jouet \u00e9ducatif en bois de haute qualit\u00e9 Serio prismes de haut en bas - Educo\"},{\"@type\":\"BreadcrumbList\",\"@id\":\"https:\/\/teiaeducation.ch\/fr\/produit\/serio-prismes-haut-en-bas-educo\/#breadcrumb\",\"itemListElement\":[{\"@type\":\"ListItem\",\"position\":1,\"name\":\"Home\",\"item\":\"https:\/\/teiaeducation.ch\/fr\/\"},{\"@type\":\"ListItem\",\"position\":2,\"name\":\"Boutique Teia Education &amp; Play\",\"item\":\"https:\/\/teiaeducation.ch\/fr\/boutique\/\"},{\"@type\":\"ListItem\",\"position\":3,\"name\":\"Nos Marques\",\"item\":\"https:\/\/teiaeducation.ch\/fr\/categorie-produit\/marques\/\"},{\"@type\":\"ListItem\",\"position\":4,\"name\":\"Educo\",\"item\":\"https:\/\/teiaeducation.ch\/fr\/categorie-produit\/marques\/educo-fr\/\"},{\"@type\":\"ListItem\",\"position\":5,\"name\":\"Jeu Math\u00e9matique\",\"item\":\"https:\/\/teiaeducation.ch\/fr\/categorie-produit\/marques\/educo-fr\/jeu-mathematique\/\"},{\"@type\":\"ListItem\",\"position\":6,\"name\":\"Mesurer\",\"item\":\"https:\/\/teiaeducation.ch\/fr\/categorie-produit\/marques\/educo-fr\/jeu-mathematique\/mesurer-jeu-mathematique\/\"},{\"@type\":\"ListItem\",\"position\":7,\"name\":\"S\u00e9rio : Prismes de haut en bas &#8211; Educo\"}]},{\"@type\":\"WebSite\",\"@id\":\"https:\/\/teiaeducation.ch\/fr\/#website\",\"url\":\"https:\/\/teiaeducation.ch\/fr\/\",\"name\":\"Sustainable Educational Products &amp; Ecological Toys\u00a0\",\"description\":\"Specialised Swiss shop selling sustainable educational toys and games, AMI certified Montessori materials, handmade ecological wooden Waldorf toys and arts &amp; crafts supplies, school supplies, children&#039;s furniture and Montessori reference and parenting books.\",\"publisher\":{\"@id\":\"https:\/\/teiaeducation.ch\/fr\/#organization\"},\"alternateName\":\"Teia Education & Play\",\"potentialAction\":[{\"@type\":\"SearchAction\",\"target\":{\"@type\":\"EntryPoint\",\"urlTemplate\":\"https:\/\/teiaeducation.ch\/fr\/?s={search_term_string}\"},\"query-input\":{\"@type\":\"PropertyValueSpecification\",\"valueRequired\":true,\"valueName\":\"search_term_string\"}}],\"inLanguage\":\"fr-FR\"},{\"@type\":\"Organization\",\"@id\":\"https:\/\/teiaeducation.ch\/fr\/#organization\",\"name\":\"Teia Education & Play\",\"url\":\"https:\/\/teiaeducation.ch\/fr\/\",\"logo\":{\"@type\":\"ImageObject\",\"inLanguage\":\"fr-FR\",\"@id\":\"https:\/\/teiaeducation.ch\/fr\/#\/schema\/logo\/image\/\",\"url\":\"https:\/\/teiaeducation.ch\/wp-content\/uploads\/2020\/11\/Teia-Education-Switzerland-e1620156442216.jpg\",\"contentUrl\":\"https:\/\/teiaeducation.ch\/wp-content\/uploads\/2020\/11\/Teia-Education-Switzerland-e1620156442216.jpg\",\"width\":166,\"height\":145,\"caption\":\"Teia Education & Play\"},\"image\":{\"@id\":\"https:\/\/teiaeducation.ch\/fr\/#\/schema\/logo\/image\/\"},\"sameAs\":[\"https:\/\/www.facebook.com\/teiaeducation\/\",\"https:\/\/x.com\/EducationTeia\",\"https:\/\/www.instagram.com\/teia.education\/\",\"https:\/\/www.linkedin.com\/company\/35501660\",\"https:\/\/www.pinterest.ch\/TeiaEducation\/\"]}]}<\/script>\n<!-- \/ Yoast SEO plugin. -->","yoast_head_json":{"title":"Serio - prismes de haut en bas - Educo","description":"Educo Serio prismes de haut en bas est un jouet \u00e9ducatif en bois de haute qualit\u00e9 qui introduit au tri et \u00e0 la s\u00e9riation avec des objets tridimensionnels.","robots":{"index":"index","follow":"follow","max-snippet":"max-snippet:-1","max-image-preview":"max-image-preview:large","max-video-preview":"max-video-preview:-1"},"canonical":"https:\/\/teiaeducation.ch\/fr\/produit\/serio-prismes-haut-en-bas-educo\/","og_locale":"fr_FR","og_type":"article","og_title":"Serio - prismes de haut en bas - Educo","og_description":"Educo Serio prismes de haut en bas est un jouet \u00e9ducatif en bois de haute qualit\u00e9 qui introduit au tri et \u00e0 la s\u00e9riation avec des objets tridimensionnels.","og_url":"https:\/\/teiaeducation.ch\/fr\/produit\/serio-prismes-haut-en-bas-educo\/","og_site_name":"Sustainable Educational Products &amp; Ecological Toys\u00a0","article_publisher":"https:\/\/www.facebook.com\/teiaeducation\/","article_modified_time":"2021-04-27T09:31:07+00:00","og_image":[{"width":900,"height":900,"url":"https:\/\/teiaeducation.ch\/wp-content\/uploads\/2019\/05\/Serio-prisms-highlow-Educo.jpg","type":"image\/jpeg"}],"schema":{"@context":"https:\/\/schema.org","@graph":[{"@type":"WebPage","@id":"https:\/\/teiaeducation.ch\/fr\/produit\/serio-prismes-haut-en-bas-educo\/","url":"https:\/\/teiaeducation.ch\/fr\/produit\/serio-prismes-haut-en-bas-educo\/","name":"Serio - prismes de haut en bas - Educo","isPartOf":{"@id":"https:\/\/teiaeducation.ch\/fr\/#website"},"primaryImageOfPage":{"@id":"https:\/\/teiaeducation.ch\/fr\/produit\/serio-prismes-haut-en-bas-educo\/#primaryimage"},"image":{"@id":"https:\/\/teiaeducation.ch\/fr\/produit\/serio-prismes-haut-en-bas-educo\/#primaryimage"},"thumbnailUrl":"https:\/\/teiaeducation.ch\/wp-content\/uploads\/2019\/05\/Serio-prisms-highlow-Educo.jpg","datePublished":"2020-11-29T13:59:58+00:00","dateModified":"2021-04-27T09:31:07+00:00","description":"Educo Serio prismes de haut en bas est un jouet \u00e9ducatif en bois de haute qualit\u00e9 qui introduit au tri et \u00e0 la s\u00e9riation avec des objets tridimensionnels.","breadcrumb":{"@id":"https:\/\/teiaeducation.ch\/fr\/produit\/serio-prismes-haut-en-bas-educo\/#breadcrumb"},"inLanguage":"fr-FR","potentialAction":[{"@type":"ReadAction","target":["https:\/\/teiaeducation.ch\/fr\/produit\/serio-prismes-haut-en-bas-educo\/"]}]},{"@type":"ImageObject","inLanguage":"fr-FR","@id":"https:\/\/teiaeducation.ch\/fr\/produit\/serio-prismes-haut-en-bas-educo\/#primaryimage","url":"https:\/\/teiaeducation.ch\/wp-content\/uploads\/2019\/05\/Serio-prisms-highlow-Educo.jpg","contentUrl":"https:\/\/teiaeducation.ch\/wp-content\/uploads\/2019\/05\/Serio-prisms-highlow-Educo.jpg","width":900,"height":900,"caption":"Jouet \u00e9ducatif en bois de haute qualit\u00e9 Serio prismes de haut en bas - Educo"},{"@type":"BreadcrumbList","@id":"https:\/\/teiaeducation.ch\/fr\/produit\/serio-prismes-haut-en-bas-educo\/#breadcrumb","itemListElement":[{"@type":"ListItem","position":1,"name":"Home","item":"https:\/\/teiaeducation.ch\/fr\/"},{"@type":"ListItem","position":2,"name":"Boutique Teia Education &amp; Play","item":"https:\/\/teiaeducation.ch\/fr\/boutique\/"},{"@type":"ListItem","position":3,"name":"Nos Marques","item":"https:\/\/teiaeducation.ch\/fr\/categorie-produit\/marques\/"},{"@type":"ListItem","position":4,"name":"Educo","item":"https:\/\/teiaeducation.ch\/fr\/categorie-produit\/marques\/educo-fr\/"},{"@type":"ListItem","position":5,"name":"Jeu Math\u00e9matique","item":"https:\/\/teiaeducation.ch\/fr\/categorie-produit\/marques\/educo-fr\/jeu-mathematique\/"},{"@type":"ListItem","position":6,"name":"Mesurer","item":"https:\/\/teiaeducation.ch\/fr\/categorie-produit\/marques\/educo-fr\/jeu-mathematique\/mesurer-jeu-mathematique\/"},{"@type":"ListItem","position":7,"name":"S\u00e9rio : Prismes de haut en bas &#8211; Educo"}]},{"@type":"WebSite","@id":"https:\/\/teiaeducation.ch\/fr\/#website","url":"https:\/\/teiaeducation.ch\/fr\/","name":"Sustainable Educational Products &amp; Ecological Toys\u00a0","description":"Specialised Swiss shop selling sustainable educational toys and games, AMI certified Montessori materials, handmade ecological wooden Waldorf toys and arts &amp; crafts supplies, school supplies, children&#039;s furniture and Montessori reference and parenting books.","publisher":{"@id":"https:\/\/teiaeducation.ch\/fr\/#organization"},"alternateName":"Teia Education & Play","potentialAction":[{"@type":"SearchAction","target":{"@type":"EntryPoint","urlTemplate":"https:\/\/teiaeducation.ch\/fr\/?s={search_term_string}"},"query-input":{"@type":"PropertyValueSpecification","valueRequired":true,"valueName":"search_term_string"}}],"inLanguage":"fr-FR"},{"@type":"Organization","@id":"https:\/\/teiaeducation.ch\/fr\/#organization","name":"Teia Education & Play","url":"https:\/\/teiaeducation.ch\/fr\/","logo":{"@type":"ImageObject","inLanguage":"fr-FR","@id":"https:\/\/teiaeducation.ch\/fr\/#\/schema\/logo\/image\/","url":"https:\/\/teiaeducation.ch\/wp-content\/uploads\/2020\/11\/Teia-Education-Switzerland-e1620156442216.jpg","contentUrl":"https:\/\/teiaeducation.ch\/wp-content\/uploads\/2020\/11\/Teia-Education-Switzerland-e1620156442216.jpg","width":166,"height":145,"caption":"Teia Education & Play"},"image":{"@id":"https:\/\/teiaeducation.ch\/fr\/#\/schema\/logo\/image\/"},"sameAs":["https:\/\/www.facebook.com\/teiaeducation\/","https:\/\/x.com\/EducationTeia","https:\/\/www.instagram.com\/teia.education\/","https:\/\/www.linkedin.com\/company\/35501660","https:\/\/www.pinterest.ch\/TeiaEducation\/"]}]}},"_links":{"self":[{"href":"https:\/\/teiaeducation.ch\/fr\/wp-json\/wp\/v2\/product\/35619","targetHints":{"allow":["GET"]}}],"collection":[{"href":"https:\/\/teiaeducation.ch\/fr\/wp-json\/wp\/v2\/product"}],"about":[{"href":"https:\/\/teiaeducation.ch\/fr\/wp-json\/wp\/v2\/types\/product"}],"replies":[{"embeddable":true,"href":"https:\/\/teiaeducation.ch\/fr\/wp-json\/wp\/v2\/comments?post=35619"}],"wp:featuredmedia":[{"embeddable":true,"href":"https:\/\/teiaeducation.ch\/fr\/wp-json\/wp\/v2\/media\/19553"}],"wp:attachment":[{"href":"https:\/\/teiaeducation.ch\/fr\/wp-json\/wp\/v2\/media?parent=35619"}],"wp:term":[{"taxonomy":"product_brand","embeddable":true,"href":"https:\/\/teiaeducation.ch\/fr\/wp-json\/wp\/v2\/product_brand?post=35619"},{"taxonomy":"product_cat","embeddable":true,"href":"https:\/\/teiaeducation.ch\/fr\/wp-json\/wp\/v2\/product_cat?post=35619"},{"taxonomy":"product_tag","embeddable":true,"href":"https:\/\/teiaeducation.ch\/fr\/wp-json\/wp\/v2\/product_tag?post=35619"}],"curies":[{"name":"wp","href":"https:\/\/api.w.org\/{rel}","templated":true}]}}