{"id":35843,"date":"2021-05-26T14:49:47","date_gmt":"2021-05-26T12:49:47","guid":{"rendered":"https:\/\/teiaeducation.ch\/product\/miroir-pour-bebe-jeune-enfant-avec-barre-en-bois-educo\/"},"modified":"2023-01-20T15:59:27","modified_gmt":"2023-01-20T14:59:27","slug":"miroir-pour-bebe-avec-barre-en-bois-educo","status":"publish","type":"product","link":"https:\/\/teiaeducation.ch\/fr\/produit\/miroir-pour-bebe-avec-barre-en-bois-educo\/","title":{"rendered":"Miroir pour b\u00e9b\u00e9 \/ jeune enfant avec barre en bois \u2013 Educo"},"content":{"rendered":"<p>Miroir Montessori incassable pour b\u00e9b\u00e9s et jeunes enfants avec barre en bois &#8211; Educo<\/p>\n<p>Ce beau miroir\u00a0incassable et solide pour b\u00e9b\u00e9s et jeunes enfants avec barre en bois s\u2019adaptant parfaitement \u00e0 tout environnement <a href=\"https:\/\/teiaeducation.ch\/fr\/categorie-produit\/methode-deducation\/montessori-fr\/\">Montessori<\/a>, espace de jeu ou de garde d\u2019enfants de la marque \u00e9ducative n\u00e9erlandaise Educo ! Le miroir permet de divertir <a href=\"https:\/\/teiaeducation.ch\/fr\/categorie-produit\/tranche-dage\/0-3-ans\/\">b\u00e9b\u00e9<\/a> et est essentiel pour son d\u00e9veloppement et son exploration. Tr\u00e8s t\u00f4t dans leur vie, les b\u00e9b\u00e9s et les jeunes enfants sont fascin\u00e9s par les miroirs. En s&#8217;observant dans le miroir, ils d\u00e9couvrent leur propre identit\u00e9 et leurs <a href=\"https:\/\/teiaeducation.ch\/fr\/categorie-produit\/domaines-du-curriculum\/sensorielles-motrices\/competences-motrices\/\">mouvements<\/a>.<\/p>\n<p>Le miroir mesure 127 x 69cm, est encadr\u00e9 de bois et comporte une barre courante en bois r\u00e9glable en 3 hauteurs. En s&#8217;agrippant au barre, les b\u00e9b\u00e9s peuvent se hisser et marcher le long du miroir. Le miroir peut \u00eatre fix\u00e9 au mur aussi bien horizontalement que verticalement et convient \u00e0 une utilisation \u00e0 domicile ainsi que dans les cr\u00e8ches et les jardins d&#8217;enfants.<\/p>\n<p>La marque n\u00e9erlandaise <a href=\"https:\/\/teiaeducation.ch\/fr\/categorie-produit\/marques\/educo-fr\/\">Educo<\/a> repr\u00e9sente un monde color\u00e9 d\u2019apprentissage ludique, de jeux \u00e9ducatifs stimulants et de jouets. De haute qualit\u00e9 et durables, les produits Educo tournent autour des situations quotidiennes et aident les enfants \u00e0 associer les jeux \u00e0 des sujets r\u00e9guliers, transformant le processus d\u2019apprentissage en une simulation de leur environnement naturel.<\/p>\n<p>Les produits \u00e9ducatifs actifs et pratiques d\u2019Educo sont principalement faits en bois, avec des mat\u00e9riaux durables tels que les encres et les peintures \u00e0 base d\u2019eau. Les jouets sont fabriqu\u00e9s pour supporter des ann\u00e9es d\u2019utilisation robuste, encourager l\u2019apprentissage bas\u00e9 sur le jeu et inspirer la croissance et le succ\u00e8s chez les enfants \u00e2g\u00e9s de 1 \u00e0 6 ans. Ils r\u00e9pondent aux exigences de diverses r\u00e9glementations europ\u00e9ennes et internationales en mati\u00e8re de s\u00e9curit\u00e9 des jouets et se conforment \u00e0 la directive 2009\/48\/CE sur la s\u00e9curit\u00e9 des jouets, y compris EN81 et ASTM.<\/p>\n<p>Le miroir Montessori Educo pour b\u00e9b\u00e9s et jeunes enfants avec barre en bois convient aux enfants \u00e0 partir de 0 an.<\/p>\n<p>Contenu :<\/p>\n<p>1 miroir incassable avec barre en bois<\/p>\n<p><em><span class=\"tlid-translation translation\" lang=\"fr\"><span title=\"\">Nous n'avons actuellement pas cet article en stock, mais il est disponible en pr\u00e9-commande.<\/span> <span class=\"\" title=\"\">Nous commanderons cet article pour vous aupr\u00e8s de notre fournisseur.<\/span> <span class=\"\" title=\"\">Veuillez allouer de 2 \u00e0 3 semaines maximum pour la livraison.<\/span><\/span><\/em><\/p>\n\t<div id=\"gap-1792992555\" class=\"gap-element clearfix\" style=\"display:block; height:auto;\">\n\t\t\n<style>\n#gap-1792992555 {\n  padding-top: 20px;\n}\n<\/style>\n\t<\/div>\n\t\n","protected":false},"excerpt":{"rendered":"<p>Num\u00e9ro d&#8217;article: E522574<\/p>\n<p>Le miroir incassable Educo avec barre d&#8217;appui pour les b\u00e9b\u00e9s et les jeunes enfants est un \u00e9l\u00e9ment indispensable dans tout environnement Montessori pr\u00e9par\u00e9 !<\/p>\n","protected":false},"featured_media":14741,"comment_status":"closed","ping_status":"closed","template":"","meta":[],"product_brand":[],"product_cat":[25968,208,283,224,8526,17243,21257,8572,13130,18969,22181,1220,13142,638,277,8567,7595,282,20664,1218,207,217,205,209,212],"product_tag":[19189,22054,22055,19190,22056,19191,22057,6459,6457],"class_list":{"0":"post-35843","1":"product","2":"type-product","3":"status-publish","4":"has-post-thumbnail","6":"product_cat-0-12-mois-bebe","7":"product_cat-1-3-ans","8":"product_cat-domaines-du-curriculum","9":"product_cat-educo-fr","10":"product_cat-fournitures-scolaires-a-domicile","11":"product_cat-guide-cadeaux-0-12-mois","12":"product_cat-guides-cadeaux","13":"product_cat-jeu-et-apprentissage-pour-bebes-et-jeunes-enfants","14":"product_cat-jouer","15":"product_cat-jouets-actifs","16":"product_cat-jouets-montessori","17":"product_cat-traditionnelle","18":"product_cat-jeu-sensoriel","19":"product_cat-sens","20":"product_cat-materiel-indispensable","21":"product_cat-materiel-scolaire-montessori","22":"product_cat-methode-deducation","23":"product_cat-meubles-rangement","24":"product_cat-meubles-montessori","25":"product_cat-montessori-fr","26":"product_cat-nienhuis-montessori-materiel-fr","27":"product_cat-marques","28":"product_cat-nourrisson-enfant-bas-age","29":"product_cat-sensorielles-motrices","30":"product_cat-tranche-dage","31":"product_tag-grand-mouvement","32":"product_tag-miroir-pour-bebe","33":"product_tag-miroir-pour-bebe-montessori","34":"product_tag-miroir-pour-bebes-et-jeunes-enfants-avec-barre-en-bois","35":"product_tag-miroir-pour-bebes-montessori","36":"product_tag-mobilier-educo-pour-bebes-et-jeunes-enfants","37":"product_tag-montessori-miroir","38":"product_tag-mouvement","39":"product_tag-nourrisson-enfant-en-bas-age-0-3","41":"first","42":"onbackorder","43":"taxable","44":"shipping-taxable","45":"purchasable","46":"product-type-simple"},"yoast_head":"<!-- This site is optimized with the Yoast SEO plugin v27.1.1 - https:\/\/yoast.com\/product\/yoast-seo-wordpress\/ -->\n<title>Miroir Montessori incassable pour b\u00e9b\u00e9 \/ jeune enfant \u2013 Educo<\/title>\n<meta name=\"description\" content=\"Le miroir incassable Educo avec barre pour les b\u00e9b\u00e9s et les jeunes enfants est indispensable dans tout environnement Montessori pr\u00e9par\u00e9 !\" \/>\n<meta name=\"robots\" content=\"index, follow, max-snippet:-1, max-image-preview:large, max-video-preview:-1\" \/>\n<link rel=\"canonical\" href=\"https:\/\/teiaeducation.ch\/fr\/produit\/miroir-pour-bebe-avec-barre-en-bois-educo\/\" \/>\n<meta property=\"og:locale\" content=\"fr_FR\" \/>\n<meta property=\"og:type\" content=\"article\" \/>\n<meta property=\"og:title\" content=\"Miroir Montessori incassable pour b\u00e9b\u00e9 \/ jeune enfant \u2013 Educo\" \/>\n<meta property=\"og:description\" content=\"Le miroir incassable Educo avec barre pour les b\u00e9b\u00e9s et les jeunes enfants est indispensable dans tout environnement Montessori pr\u00e9par\u00e9 !\" \/>\n<meta property=\"og:url\" content=\"https:\/\/teiaeducation.ch\/fr\/produit\/miroir-pour-bebe-avec-barre-en-bois-educo\/\" \/>\n<meta property=\"og:site_name\" content=\"Sustainable Educational Products &amp; Ecological Toys\u00a0\" \/>\n<meta property=\"article:publisher\" content=\"https:\/\/www.facebook.com\/teiaeducation\/\" \/>\n<meta property=\"article:modified_time\" content=\"2023-01-20T14:59:27+00:00\" \/>\n<meta property=\"og:image\" content=\"https:\/\/teiaeducation.ch\/wp-content\/uploads\/2019\/05\/400_E522574_main_or_1-scaled.jpg\" \/>\n\t<meta property=\"og:image:width\" content=\"2048\" \/>\n\t<meta property=\"og:image:height\" content=\"2048\" \/>\n\t<meta property=\"og:image:type\" content=\"image\/jpeg\" \/>\n<script type=\"application\/ld+json\" class=\"yoast-schema-graph\">{\"@context\":\"https:\/\/schema.org\",\"@graph\":[{\"@type\":\"WebPage\",\"@id\":\"https:\/\/teiaeducation.ch\/fr\/produit\/miroir-pour-bebe-avec-barre-en-bois-educo\/\",\"url\":\"https:\/\/teiaeducation.ch\/fr\/produit\/miroir-pour-bebe-avec-barre-en-bois-educo\/\",\"name\":\"Miroir Montessori incassable pour b\u00e9b\u00e9 \/ jeune enfant \u2013 Educo\",\"isPartOf\":{\"@id\":\"https:\/\/teiaeducation.ch\/fr\/#website\"},\"primaryImageOfPage\":{\"@id\":\"https:\/\/teiaeducation.ch\/fr\/produit\/miroir-pour-bebe-avec-barre-en-bois-educo\/#primaryimage\"},\"image\":{\"@id\":\"https:\/\/teiaeducation.ch\/fr\/produit\/miroir-pour-bebe-avec-barre-en-bois-educo\/#primaryimage\"},\"thumbnailUrl\":\"https:\/\/teiaeducation.ch\/wp-content\/uploads\/2019\/05\/400_E522574_main_or_1-scaled.jpg\",\"datePublished\":\"2021-05-26T12:49:47+00:00\",\"dateModified\":\"2023-01-20T14:59:27+00:00\",\"description\":\"Le miroir incassable Educo avec barre pour les b\u00e9b\u00e9s et les jeunes enfants est indispensable dans tout environnement Montessori pr\u00e9par\u00e9 !\",\"breadcrumb\":{\"@id\":\"https:\/\/teiaeducation.ch\/fr\/produit\/miroir-pour-bebe-avec-barre-en-bois-educo\/#breadcrumb\"},\"inLanguage\":\"fr-FR\",\"potentialAction\":[{\"@type\":\"ReadAction\",\"target\":[\"https:\/\/teiaeducation.ch\/fr\/produit\/miroir-pour-bebe-avec-barre-en-bois-educo\/\"]}]},{\"@type\":\"ImageObject\",\"inLanguage\":\"fr-FR\",\"@id\":\"https:\/\/teiaeducation.ch\/fr\/produit\/miroir-pour-bebe-avec-barre-en-bois-educo\/#primaryimage\",\"url\":\"https:\/\/teiaeducation.ch\/wp-content\/uploads\/2019\/05\/400_E522574_main_or_1-scaled.jpg\",\"contentUrl\":\"https:\/\/teiaeducation.ch\/wp-content\/uploads\/2019\/05\/400_E522574_main_or_1-scaled.jpg\",\"width\":2048,\"height\":2048,\"caption\":\"Miroir pour b\u00e9b\u00e9 \/ jeune enfant avec barre en bois - Educo\"},{\"@type\":\"BreadcrumbList\",\"@id\":\"https:\/\/teiaeducation.ch\/fr\/produit\/miroir-pour-bebe-avec-barre-en-bois-educo\/#breadcrumb\",\"itemListElement\":[{\"@type\":\"ListItem\",\"position\":1,\"name\":\"Home\",\"item\":\"https:\/\/teiaeducation.ch\/fr\/\"},{\"@type\":\"ListItem\",\"position\":2,\"name\":\"Boutique Teia Education &amp; Play\",\"item\":\"https:\/\/teiaeducation.ch\/fr\/boutique\/\"},{\"@type\":\"ListItem\",\"position\":3,\"name\":\"Domaines du Curriculum\",\"item\":\"https:\/\/teiaeducation.ch\/fr\/categorie-produit\/domaines-du-curriculum\/\"},{\"@type\":\"ListItem\",\"position\":4,\"name\":\"Sensorielles &amp; Motrices\",\"item\":\"https:\/\/teiaeducation.ch\/fr\/categorie-produit\/domaines-du-curriculum\/sensorielles-motrices\/\"},{\"@type\":\"ListItem\",\"position\":5,\"name\":\"Les Sens\",\"item\":\"https:\/\/teiaeducation.ch\/fr\/categorie-produit\/domaines-du-curriculum\/sensorielles-motrices\/sens\/\"},{\"@type\":\"ListItem\",\"position\":6,\"name\":\"Miroir pour b\u00e9b\u00e9 \/ jeune enfant avec barre en bois \u2013 Educo\"}]},{\"@type\":\"WebSite\",\"@id\":\"https:\/\/teiaeducation.ch\/fr\/#website\",\"url\":\"https:\/\/teiaeducation.ch\/fr\/\",\"name\":\"Sustainable Educational Products &amp; Ecological Toys\u00a0\",\"description\":\"Specialised Swiss shop selling sustainable educational toys and games, AMI certified Montessori materials, handmade ecological wooden Waldorf toys and arts &amp; crafts supplies, school supplies, children&#039;s furniture and Montessori reference and parenting books.\",\"publisher\":{\"@id\":\"https:\/\/teiaeducation.ch\/fr\/#organization\"},\"alternateName\":\"Teia Education & Play\",\"potentialAction\":[{\"@type\":\"SearchAction\",\"target\":{\"@type\":\"EntryPoint\",\"urlTemplate\":\"https:\/\/teiaeducation.ch\/fr\/?s={search_term_string}\"},\"query-input\":{\"@type\":\"PropertyValueSpecification\",\"valueRequired\":true,\"valueName\":\"search_term_string\"}}],\"inLanguage\":\"fr-FR\"},{\"@type\":\"Organization\",\"@id\":\"https:\/\/teiaeducation.ch\/fr\/#organization\",\"name\":\"Teia Education & Play\",\"url\":\"https:\/\/teiaeducation.ch\/fr\/\",\"logo\":{\"@type\":\"ImageObject\",\"inLanguage\":\"fr-FR\",\"@id\":\"https:\/\/teiaeducation.ch\/fr\/#\/schema\/logo\/image\/\",\"url\":\"https:\/\/teiaeducation.ch\/wp-content\/uploads\/2020\/11\/Teia-Education-Switzerland-e1620156442216.jpg\",\"contentUrl\":\"https:\/\/teiaeducation.ch\/wp-content\/uploads\/2020\/11\/Teia-Education-Switzerland-e1620156442216.jpg\",\"width\":166,\"height\":145,\"caption\":\"Teia Education & Play\"},\"image\":{\"@id\":\"https:\/\/teiaeducation.ch\/fr\/#\/schema\/logo\/image\/\"},\"sameAs\":[\"https:\/\/www.facebook.com\/teiaeducation\/\",\"https:\/\/x.com\/EducationTeia\",\"https:\/\/www.instagram.com\/teia.education\/\",\"https:\/\/www.linkedin.com\/company\/35501660\",\"https:\/\/www.pinterest.ch\/TeiaEducation\/\"]}]}<\/script>\n<!-- \/ Yoast SEO plugin. -->","yoast_head_json":{"title":"Miroir Montessori incassable pour b\u00e9b\u00e9 \/ jeune enfant \u2013 Educo","description":"Le miroir incassable Educo avec barre pour les b\u00e9b\u00e9s et les jeunes enfants est indispensable dans tout environnement Montessori pr\u00e9par\u00e9 !","robots":{"index":"index","follow":"follow","max-snippet":"max-snippet:-1","max-image-preview":"max-image-preview:large","max-video-preview":"max-video-preview:-1"},"canonical":"https:\/\/teiaeducation.ch\/fr\/produit\/miroir-pour-bebe-avec-barre-en-bois-educo\/","og_locale":"fr_FR","og_type":"article","og_title":"Miroir Montessori incassable pour b\u00e9b\u00e9 \/ jeune enfant \u2013 Educo","og_description":"Le miroir incassable Educo avec barre pour les b\u00e9b\u00e9s et les jeunes enfants est indispensable dans tout environnement Montessori pr\u00e9par\u00e9 !","og_url":"https:\/\/teiaeducation.ch\/fr\/produit\/miroir-pour-bebe-avec-barre-en-bois-educo\/","og_site_name":"Sustainable Educational Products &amp; Ecological Toys\u00a0","article_publisher":"https:\/\/www.facebook.com\/teiaeducation\/","article_modified_time":"2023-01-20T14:59:27+00:00","og_image":[{"width":2048,"height":2048,"url":"https:\/\/teiaeducation.ch\/wp-content\/uploads\/2019\/05\/400_E522574_main_or_1-scaled.jpg","type":"image\/jpeg"}],"schema":{"@context":"https:\/\/schema.org","@graph":[{"@type":"WebPage","@id":"https:\/\/teiaeducation.ch\/fr\/produit\/miroir-pour-bebe-avec-barre-en-bois-educo\/","url":"https:\/\/teiaeducation.ch\/fr\/produit\/miroir-pour-bebe-avec-barre-en-bois-educo\/","name":"Miroir Montessori incassable pour b\u00e9b\u00e9 \/ jeune enfant \u2013 Educo","isPartOf":{"@id":"https:\/\/teiaeducation.ch\/fr\/#website"},"primaryImageOfPage":{"@id":"https:\/\/teiaeducation.ch\/fr\/produit\/miroir-pour-bebe-avec-barre-en-bois-educo\/#primaryimage"},"image":{"@id":"https:\/\/teiaeducation.ch\/fr\/produit\/miroir-pour-bebe-avec-barre-en-bois-educo\/#primaryimage"},"thumbnailUrl":"https:\/\/teiaeducation.ch\/wp-content\/uploads\/2019\/05\/400_E522574_main_or_1-scaled.jpg","datePublished":"2021-05-26T12:49:47+00:00","dateModified":"2023-01-20T14:59:27+00:00","description":"Le miroir incassable Educo avec barre pour les b\u00e9b\u00e9s et les jeunes enfants est indispensable dans tout environnement Montessori pr\u00e9par\u00e9 !","breadcrumb":{"@id":"https:\/\/teiaeducation.ch\/fr\/produit\/miroir-pour-bebe-avec-barre-en-bois-educo\/#breadcrumb"},"inLanguage":"fr-FR","potentialAction":[{"@type":"ReadAction","target":["https:\/\/teiaeducation.ch\/fr\/produit\/miroir-pour-bebe-avec-barre-en-bois-educo\/"]}]},{"@type":"ImageObject","inLanguage":"fr-FR","@id":"https:\/\/teiaeducation.ch\/fr\/produit\/miroir-pour-bebe-avec-barre-en-bois-educo\/#primaryimage","url":"https:\/\/teiaeducation.ch\/wp-content\/uploads\/2019\/05\/400_E522574_main_or_1-scaled.jpg","contentUrl":"https:\/\/teiaeducation.ch\/wp-content\/uploads\/2019\/05\/400_E522574_main_or_1-scaled.jpg","width":2048,"height":2048,"caption":"Miroir pour b\u00e9b\u00e9 \/ jeune enfant avec barre en bois - Educo"},{"@type":"BreadcrumbList","@id":"https:\/\/teiaeducation.ch\/fr\/produit\/miroir-pour-bebe-avec-barre-en-bois-educo\/#breadcrumb","itemListElement":[{"@type":"ListItem","position":1,"name":"Home","item":"https:\/\/teiaeducation.ch\/fr\/"},{"@type":"ListItem","position":2,"name":"Boutique Teia Education &amp; Play","item":"https:\/\/teiaeducation.ch\/fr\/boutique\/"},{"@type":"ListItem","position":3,"name":"Domaines du Curriculum","item":"https:\/\/teiaeducation.ch\/fr\/categorie-produit\/domaines-du-curriculum\/"},{"@type":"ListItem","position":4,"name":"Sensorielles &amp; Motrices","item":"https:\/\/teiaeducation.ch\/fr\/categorie-produit\/domaines-du-curriculum\/sensorielles-motrices\/"},{"@type":"ListItem","position":5,"name":"Les Sens","item":"https:\/\/teiaeducation.ch\/fr\/categorie-produit\/domaines-du-curriculum\/sensorielles-motrices\/sens\/"},{"@type":"ListItem","position":6,"name":"Miroir pour b\u00e9b\u00e9 \/ jeune enfant avec barre en bois \u2013 Educo"}]},{"@type":"WebSite","@id":"https:\/\/teiaeducation.ch\/fr\/#website","url":"https:\/\/teiaeducation.ch\/fr\/","name":"Sustainable Educational Products &amp; Ecological Toys\u00a0","description":"Specialised Swiss shop selling sustainable educational toys and games, AMI certified Montessori materials, handmade ecological wooden Waldorf toys and arts &amp; crafts supplies, school supplies, children&#039;s furniture and Montessori reference and parenting books.","publisher":{"@id":"https:\/\/teiaeducation.ch\/fr\/#organization"},"alternateName":"Teia Education & Play","potentialAction":[{"@type":"SearchAction","target":{"@type":"EntryPoint","urlTemplate":"https:\/\/teiaeducation.ch\/fr\/?s={search_term_string}"},"query-input":{"@type":"PropertyValueSpecification","valueRequired":true,"valueName":"search_term_string"}}],"inLanguage":"fr-FR"},{"@type":"Organization","@id":"https:\/\/teiaeducation.ch\/fr\/#organization","name":"Teia Education & Play","url":"https:\/\/teiaeducation.ch\/fr\/","logo":{"@type":"ImageObject","inLanguage":"fr-FR","@id":"https:\/\/teiaeducation.ch\/fr\/#\/schema\/logo\/image\/","url":"https:\/\/teiaeducation.ch\/wp-content\/uploads\/2020\/11\/Teia-Education-Switzerland-e1620156442216.jpg","contentUrl":"https:\/\/teiaeducation.ch\/wp-content\/uploads\/2020\/11\/Teia-Education-Switzerland-e1620156442216.jpg","width":166,"height":145,"caption":"Teia Education & Play"},"image":{"@id":"https:\/\/teiaeducation.ch\/fr\/#\/schema\/logo\/image\/"},"sameAs":["https:\/\/www.facebook.com\/teiaeducation\/","https:\/\/x.com\/EducationTeia","https:\/\/www.instagram.com\/teia.education\/","https:\/\/www.linkedin.com\/company\/35501660","https:\/\/www.pinterest.ch\/TeiaEducation\/"]}]}},"_links":{"self":[{"href":"https:\/\/teiaeducation.ch\/fr\/wp-json\/wp\/v2\/product\/35843","targetHints":{"allow":["GET"]}}],"collection":[{"href":"https:\/\/teiaeducation.ch\/fr\/wp-json\/wp\/v2\/product"}],"about":[{"href":"https:\/\/teiaeducation.ch\/fr\/wp-json\/wp\/v2\/types\/product"}],"replies":[{"embeddable":true,"href":"https:\/\/teiaeducation.ch\/fr\/wp-json\/wp\/v2\/comments?post=35843"}],"wp:featuredmedia":[{"embeddable":true,"href":"https:\/\/teiaeducation.ch\/fr\/wp-json\/wp\/v2\/media\/14741"}],"wp:attachment":[{"href":"https:\/\/teiaeducation.ch\/fr\/wp-json\/wp\/v2\/media?parent=35843"}],"wp:term":[{"taxonomy":"product_brand","embeddable":true,"href":"https:\/\/teiaeducation.ch\/fr\/wp-json\/wp\/v2\/product_brand?post=35843"},{"taxonomy":"product_cat","embeddable":true,"href":"https:\/\/teiaeducation.ch\/fr\/wp-json\/wp\/v2\/product_cat?post=35843"},{"taxonomy":"product_tag","embeddable":true,"href":"https:\/\/teiaeducation.ch\/fr\/wp-json\/wp\/v2\/product_tag?post=35843"}],"curies":[{"name":"wp","href":"https:\/\/api.w.org\/{rel}","templated":true}]}}