{"id":35864,"date":"2020-04-23T13:15:25","date_gmt":"2020-04-23T11:15:25","guid":{"rendered":"https:\/\/teiaeducation.ch\/product\/diagramme-alimentaire-educo\/"},"modified":"2021-04-29T09:20:44","modified_gmt":"2021-04-29T07:20:44","slug":"diagramme-alimentation-educo","status":"publish","type":"product","link":"https:\/\/teiaeducation.ch\/fr\/produit\/diagramme-alimentation-educo\/","title":{"rendered":"Diagramme alimentaire &#8211; Educo"},"content":{"rendered":"<p>Diagramme alimentaire &#8211; Educo<\/p>\n<p>Gr\u00e2ce au diagramme Educo, les enfants peuvent classer les aliments et les boissons dans la bonne cat\u00e9gorie de produits, comme l\u00e9gumes-fruits, viande-poisson, produits laitiers, boissons, glucides et graisses. Ils apprennent de mani\u00e8re ludique \u00e0 quelle cat\u00e9gorie appartiennent les aliments et les boissons.<\/p>\n<p>Un diagramme permettant d&#8217;en savoir plus sur les types de d\u00e9chets et d&#8217;apprendre \u00e0 conna\u00eetre notre <a href=\"https:\/\/teiaeducation.ch\/product\/diagram-environment-educo\/\">environnement<\/a> est \u00e9galement disponible s\u00e9par\u00e9ment.<\/p>\n<p>Ce mat\u00e9riel convient aux enfants \u00e2g\u00e9s de 4 ans et plus.<\/p>\n<p>Contenu :<\/p>\n<p>Un cadre en bois (40 x 40 cm)<br \/>\n36 cartes d&#8217;images en plastique<\/p>\n","protected":false},"excerpt":{"rendered":"<p>Num\u00e9ro d&#8217;article : E523344<\/p>\n","protected":false},"featured_media":18937,"comment_status":"closed","ping_status":"closed","template":"","meta":[],"product_brand":[],"product_cat":[8527,215,285,601,22344,283,224,8526,235,234,1220,23650,288,7595,217,5851,623,212],"product_tag":[1363,1364,1365,8618],"class_list":{"0":"post-35864","1":"product","2":"type-product","3":"status-publish","4":"has-post-thumbnail","6":"product_cat-3-6-ans-ecole-a-domicile","7":"product_cat-3-6-ans","8":"product_cat-alphabetisation-langage","9":"product_cat-classification-fr","10":"product_cat-collections-saisonnieres","11":"product_cat-domaines-du-curriculum","12":"product_cat-educo-fr","13":"product_cat-fournitures-scolaires-a-domicile","14":"product_cat-geometrie-jeu-mathematique","15":"product_cat-jeu-mathematique","16":"product_cat-traditionnelle","17":"product_cat-la-rentree-scolaire","18":"product_cat-mathematiques-calcul","19":"product_cat-methode-deducation","20":"product_cat-marques","21":"product_cat-nouveautes","22":"product_cat-serialisation","23":"product_cat-tranche-dage","24":"product_tag-educo-fr","25":"product_tag-geometrie","26":"product_tag-jeu-mathematique","27":"product_tag-le-tri-et-la-serialisation","29":"first","30":"instock","31":"taxable","32":"shipping-taxable","33":"purchasable","34":"product-type-simple"},"yoast_head":"<!-- This site is optimized with the Yoast SEO Premium plugin v25.8 (Yoast SEO v27.4) - https:\/\/yoast.com\/product\/yoast-seo-premium-wordpress\/ -->\n<title>Diagramme alimentaire - Educo<\/title>\n<meta name=\"description\" content=\"Gr\u00e2ce au diagramme Educo, les enfants peuvent classer les aliments et les boissons dans la bonne cat\u00e9gorie de produits, par exemple l\u00e9gumes-fruits, viande-poisson, produits laitiers, etc.\" \/>\n<meta name=\"robots\" content=\"index, follow, max-snippet:-1, max-image-preview:large, max-video-preview:-1\" \/>\n<link rel=\"canonical\" href=\"https:\/\/teiaeducation.ch\/fr\/produit\/diagramme-alimentation-educo\/\" \/>\n<meta property=\"og:locale\" content=\"fr_FR\" \/>\n<meta property=\"og:type\" content=\"article\" \/>\n<meta property=\"og:title\" content=\"Diagramme alimentaire - Educo\" \/>\n<meta property=\"og:description\" content=\"Gr\u00e2ce au diagramme Educo, les enfants peuvent classer les aliments et les boissons dans la bonne cat\u00e9gorie de produits, par exemple l\u00e9gumes-fruits, viande-poisson, produits laitiers, etc.\" \/>\n<meta property=\"og:url\" content=\"https:\/\/teiaeducation.ch\/fr\/produit\/diagramme-alimentation-educo\/\" \/>\n<meta property=\"og:site_name\" content=\"Sustainable Educational Products &amp; Ecological Toys\u00a0\" \/>\n<meta property=\"article:publisher\" content=\"https:\/\/www.facebook.com\/teiaeducation\/\" \/>\n<meta property=\"article:modified_time\" content=\"2021-04-29T07:20:44+00:00\" \/>\n<meta property=\"og:image\" content=\"https:\/\/teiaeducation.ch\/wp-content\/uploads\/2019\/05\/Diagram-food-Educo.jpg\" \/>\n\t<meta property=\"og:image:width\" content=\"900\" \/>\n\t<meta property=\"og:image:height\" content=\"900\" \/>\n\t<meta property=\"og:image:type\" content=\"image\/jpeg\" \/>\n<script type=\"application\/ld+json\" class=\"yoast-schema-graph\">{\"@context\":\"https:\\\/\\\/schema.org\",\"@graph\":[{\"@type\":\"WebPage\",\"@id\":\"https:\\\/\\\/teiaeducation.ch\\\/fr\\\/produit\\\/diagramme-alimentation-educo\\\/\",\"url\":\"https:\\\/\\\/teiaeducation.ch\\\/fr\\\/produit\\\/diagramme-alimentation-educo\\\/\",\"name\":\"Diagramme alimentaire - Educo\",\"isPartOf\":{\"@id\":\"https:\\\/\\\/teiaeducation.ch\\\/fr\\\/#website\"},\"primaryImageOfPage\":{\"@id\":\"https:\\\/\\\/teiaeducation.ch\\\/fr\\\/produit\\\/diagramme-alimentation-educo\\\/#primaryimage\"},\"image\":{\"@id\":\"https:\\\/\\\/teiaeducation.ch\\\/fr\\\/produit\\\/diagramme-alimentation-educo\\\/#primaryimage\"},\"thumbnailUrl\":\"https:\\\/\\\/teiaeducation.ch\\\/wp-content\\\/uploads\\\/2019\\\/05\\\/Diagram-food-Educo.jpg\",\"datePublished\":\"2020-04-23T11:15:25+00:00\",\"dateModified\":\"2021-04-29T07:20:44+00:00\",\"description\":\"Gr\u00e2ce au diagramme Educo, les enfants peuvent classer les aliments et les boissons dans la bonne cat\u00e9gorie de produits, par exemple l\u00e9gumes-fruits, viande-poisson, produits laitiers, etc.\",\"breadcrumb\":{\"@id\":\"https:\\\/\\\/teiaeducation.ch\\\/fr\\\/produit\\\/diagramme-alimentation-educo\\\/#breadcrumb\"},\"inLanguage\":\"fr-FR\",\"potentialAction\":[{\"@type\":\"ReadAction\",\"target\":[\"https:\\\/\\\/teiaeducation.ch\\\/fr\\\/produit\\\/diagramme-alimentation-educo\\\/\"]}]},{\"@type\":\"ImageObject\",\"inLanguage\":\"fr-FR\",\"@id\":\"https:\\\/\\\/teiaeducation.ch\\\/fr\\\/produit\\\/diagramme-alimentation-educo\\\/#primaryimage\",\"url\":\"https:\\\/\\\/teiaeducation.ch\\\/wp-content\\\/uploads\\\/2019\\\/05\\\/Diagram-food-Educo.jpg\",\"contentUrl\":\"https:\\\/\\\/teiaeducation.ch\\\/wp-content\\\/uploads\\\/2019\\\/05\\\/Diagram-food-Educo.jpg\",\"width\":900,\"height\":900,\"caption\":\"Diagramme alimentaire - Educo\"},{\"@type\":\"BreadcrumbList\",\"@id\":\"https:\\\/\\\/teiaeducation.ch\\\/fr\\\/produit\\\/diagramme-alimentation-educo\\\/#breadcrumb\",\"itemListElement\":[{\"@type\":\"ListItem\",\"position\":1,\"name\":\"Home\",\"item\":\"https:\\\/\\\/teiaeducation.ch\\\/fr\\\/\"},{\"@type\":\"ListItem\",\"position\":2,\"name\":\"Boutique Teia Education &amp; Play\",\"item\":\"https:\\\/\\\/teiaeducation.ch\\\/fr\\\/boutique\\\/\"},{\"@type\":\"ListItem\",\"position\":3,\"name\":\"Nos Marques\",\"item\":\"https:\\\/\\\/teiaeducation.ch\\\/fr\\\/categorie-produit\\\/marques\\\/\"},{\"@type\":\"ListItem\",\"position\":4,\"name\":\"Educo\",\"item\":\"https:\\\/\\\/teiaeducation.ch\\\/fr\\\/categorie-produit\\\/marques\\\/educo-fr\\\/\"},{\"@type\":\"ListItem\",\"position\":5,\"name\":\"Jeu Math\u00e9matique\",\"item\":\"https:\\\/\\\/teiaeducation.ch\\\/fr\\\/categorie-produit\\\/marques\\\/educo-fr\\\/jeu-mathematique\\\/\"},{\"@type\":\"ListItem\",\"position\":6,\"name\":\"G\u00e9om\u00e9trie\",\"item\":\"https:\\\/\\\/teiaeducation.ch\\\/fr\\\/categorie-produit\\\/marques\\\/educo-fr\\\/jeu-mathematique\\\/geometrie-jeu-mathematique\\\/\"},{\"@type\":\"ListItem\",\"position\":7,\"name\":\"Diagramme alimentaire &#8211; Educo\"}]},{\"@type\":\"WebSite\",\"@id\":\"https:\\\/\\\/teiaeducation.ch\\\/fr\\\/#website\",\"url\":\"https:\\\/\\\/teiaeducation.ch\\\/fr\\\/\",\"name\":\"Sustainable Educational Products &amp; Ecological Toys\u00a0\",\"description\":\"Specialised Swiss shop selling sustainable educational toys and games, AMI certified Montessori materials, handmade ecological wooden Waldorf toys and arts &amp; crafts supplies, school supplies, children&#039;s furniture and Montessori reference and parenting books.\",\"publisher\":{\"@id\":\"https:\\\/\\\/teiaeducation.ch\\\/fr\\\/#organization\"},\"alternateName\":\"Teia Education & Play\",\"potentialAction\":[{\"@type\":\"SearchAction\",\"target\":{\"@type\":\"EntryPoint\",\"urlTemplate\":\"https:\\\/\\\/teiaeducation.ch\\\/fr\\\/?s={search_term_string}\"},\"query-input\":{\"@type\":\"PropertyValueSpecification\",\"valueRequired\":true,\"valueName\":\"search_term_string\"}}],\"inLanguage\":\"fr-FR\"},{\"@type\":\"Organization\",\"@id\":\"https:\\\/\\\/teiaeducation.ch\\\/fr\\\/#organization\",\"name\":\"Teia Education & Play\",\"url\":\"https:\\\/\\\/teiaeducation.ch\\\/fr\\\/\",\"logo\":{\"@type\":\"ImageObject\",\"inLanguage\":\"fr-FR\",\"@id\":\"https:\\\/\\\/teiaeducation.ch\\\/fr\\\/#\\\/schema\\\/logo\\\/image\\\/\",\"url\":\"https:\\\/\\\/teiaeducation.ch\\\/wp-content\\\/uploads\\\/2020\\\/11\\\/Teia-Education-Switzerland-e1620156442216.jpg\",\"contentUrl\":\"https:\\\/\\\/teiaeducation.ch\\\/wp-content\\\/uploads\\\/2020\\\/11\\\/Teia-Education-Switzerland-e1620156442216.jpg\",\"width\":166,\"height\":145,\"caption\":\"Teia Education & Play\"},\"image\":{\"@id\":\"https:\\\/\\\/teiaeducation.ch\\\/fr\\\/#\\\/schema\\\/logo\\\/image\\\/\"},\"sameAs\":[\"https:\\\/\\\/www.facebook.com\\\/teiaeducation\\\/\",\"https:\\\/\\\/x.com\\\/EducationTeia\",\"https:\\\/\\\/www.instagram.com\\\/teia.education\\\/\",\"https:\\\/\\\/www.linkedin.com\\\/company\\\/35501660\",\"https:\\\/\\\/www.pinterest.ch\\\/TeiaEducation\\\/\"]}]}<\/script>\n<meta property=\"product:price:amount\" content=\"30.75\" \/>\n<meta property=\"product:price:currency\" content=\"CHF\" \/>\n<meta property=\"og:availability\" content=\"instock\" \/>\n<meta property=\"product:availability\" content=\"instock\" \/>\n<meta property=\"product:retailer_item_id\" content=\"7531f31e00c6\" \/>\n<meta property=\"product:condition\" content=\"new\" \/>\n<!-- \/ Yoast SEO Premium plugin. -->","yoast_head_json":{"title":"Diagramme alimentaire - Educo","description":"Gr\u00e2ce au diagramme Educo, les enfants peuvent classer les aliments et les boissons dans la bonne cat\u00e9gorie de produits, par exemple l\u00e9gumes-fruits, viande-poisson, produits laitiers, etc.","robots":{"index":"index","follow":"follow","max-snippet":"max-snippet:-1","max-image-preview":"max-image-preview:large","max-video-preview":"max-video-preview:-1"},"canonical":"https:\/\/teiaeducation.ch\/fr\/produit\/diagramme-alimentation-educo\/","og_locale":"fr_FR","og_type":"article","og_title":"Diagramme alimentaire - Educo","og_description":"Gr\u00e2ce au diagramme Educo, les enfants peuvent classer les aliments et les boissons dans la bonne cat\u00e9gorie de produits, par exemple l\u00e9gumes-fruits, viande-poisson, produits laitiers, etc.","og_url":"https:\/\/teiaeducation.ch\/fr\/produit\/diagramme-alimentation-educo\/","og_site_name":"Sustainable Educational Products &amp; Ecological Toys\u00a0","article_publisher":"https:\/\/www.facebook.com\/teiaeducation\/","article_modified_time":"2021-04-29T07:20:44+00:00","og_image":[{"width":900,"height":900,"url":"https:\/\/teiaeducation.ch\/wp-content\/uploads\/2019\/05\/Diagram-food-Educo.jpg","type":"image\/jpeg"}],"schema":{"@context":"https:\/\/schema.org","@graph":[{"@type":"WebPage","@id":"https:\/\/teiaeducation.ch\/fr\/produit\/diagramme-alimentation-educo\/","url":"https:\/\/teiaeducation.ch\/fr\/produit\/diagramme-alimentation-educo\/","name":"Diagramme alimentaire - Educo","isPartOf":{"@id":"https:\/\/teiaeducation.ch\/fr\/#website"},"primaryImageOfPage":{"@id":"https:\/\/teiaeducation.ch\/fr\/produit\/diagramme-alimentation-educo\/#primaryimage"},"image":{"@id":"https:\/\/teiaeducation.ch\/fr\/produit\/diagramme-alimentation-educo\/#primaryimage"},"thumbnailUrl":"https:\/\/teiaeducation.ch\/wp-content\/uploads\/2019\/05\/Diagram-food-Educo.jpg","datePublished":"2020-04-23T11:15:25+00:00","dateModified":"2021-04-29T07:20:44+00:00","description":"Gr\u00e2ce au diagramme Educo, les enfants peuvent classer les aliments et les boissons dans la bonne cat\u00e9gorie de produits, par exemple l\u00e9gumes-fruits, viande-poisson, produits laitiers, etc.","breadcrumb":{"@id":"https:\/\/teiaeducation.ch\/fr\/produit\/diagramme-alimentation-educo\/#breadcrumb"},"inLanguage":"fr-FR","potentialAction":[{"@type":"ReadAction","target":["https:\/\/teiaeducation.ch\/fr\/produit\/diagramme-alimentation-educo\/"]}]},{"@type":"ImageObject","inLanguage":"fr-FR","@id":"https:\/\/teiaeducation.ch\/fr\/produit\/diagramme-alimentation-educo\/#primaryimage","url":"https:\/\/teiaeducation.ch\/wp-content\/uploads\/2019\/05\/Diagram-food-Educo.jpg","contentUrl":"https:\/\/teiaeducation.ch\/wp-content\/uploads\/2019\/05\/Diagram-food-Educo.jpg","width":900,"height":900,"caption":"Diagramme alimentaire - Educo"},{"@type":"BreadcrumbList","@id":"https:\/\/teiaeducation.ch\/fr\/produit\/diagramme-alimentation-educo\/#breadcrumb","itemListElement":[{"@type":"ListItem","position":1,"name":"Home","item":"https:\/\/teiaeducation.ch\/fr\/"},{"@type":"ListItem","position":2,"name":"Boutique Teia Education &amp; Play","item":"https:\/\/teiaeducation.ch\/fr\/boutique\/"},{"@type":"ListItem","position":3,"name":"Nos Marques","item":"https:\/\/teiaeducation.ch\/fr\/categorie-produit\/marques\/"},{"@type":"ListItem","position":4,"name":"Educo","item":"https:\/\/teiaeducation.ch\/fr\/categorie-produit\/marques\/educo-fr\/"},{"@type":"ListItem","position":5,"name":"Jeu Math\u00e9matique","item":"https:\/\/teiaeducation.ch\/fr\/categorie-produit\/marques\/educo-fr\/jeu-mathematique\/"},{"@type":"ListItem","position":6,"name":"G\u00e9om\u00e9trie","item":"https:\/\/teiaeducation.ch\/fr\/categorie-produit\/marques\/educo-fr\/jeu-mathematique\/geometrie-jeu-mathematique\/"},{"@type":"ListItem","position":7,"name":"Diagramme alimentaire &#8211; Educo"}]},{"@type":"WebSite","@id":"https:\/\/teiaeducation.ch\/fr\/#website","url":"https:\/\/teiaeducation.ch\/fr\/","name":"Sustainable Educational Products &amp; Ecological Toys\u00a0","description":"Specialised Swiss shop selling sustainable educational toys and games, AMI certified Montessori materials, handmade ecological wooden Waldorf toys and arts &amp; crafts supplies, school supplies, children&#039;s furniture and Montessori reference and parenting books.","publisher":{"@id":"https:\/\/teiaeducation.ch\/fr\/#organization"},"alternateName":"Teia Education & Play","potentialAction":[{"@type":"SearchAction","target":{"@type":"EntryPoint","urlTemplate":"https:\/\/teiaeducation.ch\/fr\/?s={search_term_string}"},"query-input":{"@type":"PropertyValueSpecification","valueRequired":true,"valueName":"search_term_string"}}],"inLanguage":"fr-FR"},{"@type":"Organization","@id":"https:\/\/teiaeducation.ch\/fr\/#organization","name":"Teia Education & Play","url":"https:\/\/teiaeducation.ch\/fr\/","logo":{"@type":"ImageObject","inLanguage":"fr-FR","@id":"https:\/\/teiaeducation.ch\/fr\/#\/schema\/logo\/image\/","url":"https:\/\/teiaeducation.ch\/wp-content\/uploads\/2020\/11\/Teia-Education-Switzerland-e1620156442216.jpg","contentUrl":"https:\/\/teiaeducation.ch\/wp-content\/uploads\/2020\/11\/Teia-Education-Switzerland-e1620156442216.jpg","width":166,"height":145,"caption":"Teia Education & Play"},"image":{"@id":"https:\/\/teiaeducation.ch\/fr\/#\/schema\/logo\/image\/"},"sameAs":["https:\/\/www.facebook.com\/teiaeducation\/","https:\/\/x.com\/EducationTeia","https:\/\/www.instagram.com\/teia.education\/","https:\/\/www.linkedin.com\/company\/35501660","https:\/\/www.pinterest.ch\/TeiaEducation\/"]}]},"product_price_amount":"30.75","product_price_currency":"CHF","og_availability":"instock","product_availability":"instock","product_retailer_item_id":"7531f31e00c6","product_condition":"new"},"_links":{"self":[{"href":"https:\/\/teiaeducation.ch\/fr\/wp-json\/wp\/v2\/product\/35864","targetHints":{"allow":["GET"]}}],"collection":[{"href":"https:\/\/teiaeducation.ch\/fr\/wp-json\/wp\/v2\/product"}],"about":[{"href":"https:\/\/teiaeducation.ch\/fr\/wp-json\/wp\/v2\/types\/product"}],"replies":[{"embeddable":true,"href":"https:\/\/teiaeducation.ch\/fr\/wp-json\/wp\/v2\/comments?post=35864"}],"wp:featuredmedia":[{"embeddable":true,"href":"https:\/\/teiaeducation.ch\/fr\/wp-json\/wp\/v2\/media\/18937"}],"wp:attachment":[{"href":"https:\/\/teiaeducation.ch\/fr\/wp-json\/wp\/v2\/media?parent=35864"}],"wp:term":[{"taxonomy":"product_brand","embeddable":true,"href":"https:\/\/teiaeducation.ch\/fr\/wp-json\/wp\/v2\/product_brand?post=35864"},{"taxonomy":"product_cat","embeddable":true,"href":"https:\/\/teiaeducation.ch\/fr\/wp-json\/wp\/v2\/product_cat?post=35864"},{"taxonomy":"product_tag","embeddable":true,"href":"https:\/\/teiaeducation.ch\/fr\/wp-json\/wp\/v2\/product_tag?post=35864"}],"curies":[{"name":"wp","href":"https:\/\/api.w.org\/{rel}","templated":true}]}}