{"id":35865,"date":"2020-04-23T12:30:14","date_gmt":"2020-04-23T10:30:14","guid":{"rendered":"https:\/\/teiaeducation.ch\/product\/diagramme-environnement-educo\/"},"modified":"2021-04-29T09:29:25","modified_gmt":"2021-04-29T07:29:25","slug":"diagramme-environnement-educo","status":"publish","type":"product","link":"https:\/\/teiaeducation.ch\/fr\/produit\/diagramme-environnement-educo\/","title":{"rendered":"Diagramme environnement &#8211; Educo"},"content":{"rendered":"<p>Diagramme environnement &#8211; Educo<\/p>\n<p>Gr\u00e2ce au diagramme environnement Educo, les enfants peuvent trier diff\u00e9rents types de d\u00e9chets dans la bonne cat\u00e9gorie, comme le verre, les l\u00e9gumes-fruits-jardins, le papier, le textile et les d\u00e9chets chimiques. Ils apprennent de mani\u00e8re ludique \u00e0 quelle cat\u00e9gorie appartiennent les types de d\u00e9chets. Au dos de chaque carte illustr\u00e9e figure le logo de recyclage repr\u00e9sentant le type de d\u00e9chet.<\/p>\n<p>Un diagramme permettant d&#8217;en savoir plus sur les types d&#8217;<a href=\"https:\/\/teiaeducation.ch\/product\/diagram-food-educo\/\">aliments<\/a> est \u00e9galement disponible s\u00e9par\u00e9ment.<\/p>\n<p>Ce mat\u00e9riel convient aux enfants \u00e2g\u00e9s de 4 ans et plus.<\/p>\n<p>Contenu :<\/p>\n<p>Un cadre en bois (34 x 34 cm)<br \/>\n25 cartes images en plastique<\/p>\n","protected":false},"excerpt":{"rendered":"<p>Num\u00e9ro d&#8217;article : E523343<\/p>\n","protected":false},"featured_media":18249,"comment_status":"closed","ping_status":"closed","template":"","meta":[],"product_brand":[],"product_cat":[8527,215,18893,284,283,224,8526,235,234,1220,594,288,7595,217,5851,623,212],"product_tag":[1363,1364,1365,8618],"class_list":{"0":"post-35865","1":"product","2":"type-product","3":"status-publish","4":"has-post-thumbnail","6":"product_cat-3-6-ans-ecole-a-domicile","7":"product_cat-3-6-ans","8":"product_cat-collection-printemps","9":"product_cat-culture-sciences","10":"product_cat-domaines-du-curriculum","11":"product_cat-educo-fr","12":"product_cat-fournitures-scolaires-a-domicile","13":"product_cat-geometrie-jeu-mathematique","14":"product_cat-jeu-mathematique","15":"product_cat-traditionnelle","16":"product_cat-terre-et-univers","17":"product_cat-mathematiques-calcul","18":"product_cat-methode-deducation","19":"product_cat-marques","20":"product_cat-nouveautes","21":"product_cat-serialisation","22":"product_cat-tranche-dage","23":"product_tag-educo-fr","24":"product_tag-geometrie","25":"product_tag-jeu-mathematique","26":"product_tag-le-tri-et-la-serialisation","28":"first","29":"instock","30":"taxable","31":"shipping-taxable","32":"purchasable","33":"product-type-simple"},"yoast_head":"<!-- This site is optimized with the Yoast SEO plugin v27.1.1 - https:\/\/yoast.com\/product\/yoast-seo-wordpress\/ -->\n<title>Diagramme environnement - Educo<\/title>\n<meta name=\"description\" content=\"Gr\u00e2ce au diagramme environnement Educo, les enfants peuvent trier diff\u00e9rents types de d\u00e9chets dans la bonne cat\u00e9gorie, comme le verre, les l\u00e9gumes-fruits-jardins et le papier.\" \/>\n<meta name=\"robots\" content=\"index, follow, max-snippet:-1, max-image-preview:large, max-video-preview:-1\" \/>\n<link rel=\"canonical\" href=\"https:\/\/teiaeducation.ch\/fr\/produit\/diagramme-environnement-educo\/\" \/>\n<meta property=\"og:locale\" content=\"fr_FR\" \/>\n<meta property=\"og:type\" content=\"article\" \/>\n<meta property=\"og:title\" content=\"Diagramme environnement - Educo\" \/>\n<meta property=\"og:description\" content=\"Gr\u00e2ce au diagramme environnement Educo, les enfants peuvent trier diff\u00e9rents types de d\u00e9chets dans la bonne cat\u00e9gorie, comme le verre, les l\u00e9gumes-fruits-jardins et le papier.\" \/>\n<meta property=\"og:url\" content=\"https:\/\/teiaeducation.ch\/fr\/produit\/diagramme-environnement-educo\/\" \/>\n<meta property=\"og:site_name\" content=\"Sustainable Educational Products &amp; Ecological Toys\u00a0\" \/>\n<meta property=\"article:publisher\" content=\"https:\/\/www.facebook.com\/teiaeducation\/\" \/>\n<meta property=\"article:modified_time\" content=\"2021-04-29T07:29:25+00:00\" \/>\n<meta property=\"og:image\" content=\"https:\/\/teiaeducation.ch\/wp-content\/uploads\/2019\/05\/Diagram-environment-Educo-scaled-scaled.jpg\" \/>\n\t<meta property=\"og:image:width\" content=\"2048\" \/>\n\t<meta property=\"og:image:height\" content=\"2048\" \/>\n\t<meta property=\"og:image:type\" content=\"image\/jpeg\" \/>\n<script type=\"application\/ld+json\" class=\"yoast-schema-graph\">{\"@context\":\"https:\/\/schema.org\",\"@graph\":[{\"@type\":\"WebPage\",\"@id\":\"https:\/\/teiaeducation.ch\/fr\/produit\/diagramme-environnement-educo\/\",\"url\":\"https:\/\/teiaeducation.ch\/fr\/produit\/diagramme-environnement-educo\/\",\"name\":\"Diagramme environnement - Educo\",\"isPartOf\":{\"@id\":\"https:\/\/teiaeducation.ch\/fr\/#website\"},\"primaryImageOfPage\":{\"@id\":\"https:\/\/teiaeducation.ch\/fr\/produit\/diagramme-environnement-educo\/#primaryimage\"},\"image\":{\"@id\":\"https:\/\/teiaeducation.ch\/fr\/produit\/diagramme-environnement-educo\/#primaryimage\"},\"thumbnailUrl\":\"https:\/\/teiaeducation.ch\/wp-content\/uploads\/2019\/05\/Diagram-environment-Educo-scaled-scaled.jpg\",\"datePublished\":\"2020-04-23T10:30:14+00:00\",\"dateModified\":\"2021-04-29T07:29:25+00:00\",\"description\":\"Gr\u00e2ce au diagramme environnement Educo, les enfants peuvent trier diff\u00e9rents types de d\u00e9chets dans la bonne cat\u00e9gorie, comme le verre, les l\u00e9gumes-fruits-jardins et le papier.\",\"breadcrumb\":{\"@id\":\"https:\/\/teiaeducation.ch\/fr\/produit\/diagramme-environnement-educo\/#breadcrumb\"},\"inLanguage\":\"fr-FR\",\"potentialAction\":[{\"@type\":\"ReadAction\",\"target\":[\"https:\/\/teiaeducation.ch\/fr\/produit\/diagramme-environnement-educo\/\"]}]},{\"@type\":\"ImageObject\",\"inLanguage\":\"fr-FR\",\"@id\":\"https:\/\/teiaeducation.ch\/fr\/produit\/diagramme-environnement-educo\/#primaryimage\",\"url\":\"https:\/\/teiaeducation.ch\/wp-content\/uploads\/2019\/05\/Diagram-environment-Educo-scaled-scaled.jpg\",\"contentUrl\":\"https:\/\/teiaeducation.ch\/wp-content\/uploads\/2019\/05\/Diagram-environment-Educo-scaled-scaled.jpg\",\"width\":2048,\"height\":2048,\"caption\":\"Diagramme environnement - Educo\"},{\"@type\":\"BreadcrumbList\",\"@id\":\"https:\/\/teiaeducation.ch\/fr\/produit\/diagramme-environnement-educo\/#breadcrumb\",\"itemListElement\":[{\"@type\":\"ListItem\",\"position\":1,\"name\":\"Home\",\"item\":\"https:\/\/teiaeducation.ch\/fr\/\"},{\"@type\":\"ListItem\",\"position\":2,\"name\":\"Boutique Teia Education &amp; Play\",\"item\":\"https:\/\/teiaeducation.ch\/fr\/boutique\/\"},{\"@type\":\"ListItem\",\"position\":3,\"name\":\"Nos Marques\",\"item\":\"https:\/\/teiaeducation.ch\/fr\/categorie-produit\/marques\/\"},{\"@type\":\"ListItem\",\"position\":4,\"name\":\"Educo\",\"item\":\"https:\/\/teiaeducation.ch\/fr\/categorie-produit\/marques\/educo-fr\/\"},{\"@type\":\"ListItem\",\"position\":5,\"name\":\"Jeu Math\u00e9matique\",\"item\":\"https:\/\/teiaeducation.ch\/fr\/categorie-produit\/marques\/educo-fr\/jeu-mathematique\/\"},{\"@type\":\"ListItem\",\"position\":6,\"name\":\"G\u00e9om\u00e9trie\",\"item\":\"https:\/\/teiaeducation.ch\/fr\/categorie-produit\/marques\/educo-fr\/jeu-mathematique\/geometrie-jeu-mathematique\/\"},{\"@type\":\"ListItem\",\"position\":7,\"name\":\"Diagramme environnement &#8211; Educo\"}]},{\"@type\":\"WebSite\",\"@id\":\"https:\/\/teiaeducation.ch\/fr\/#website\",\"url\":\"https:\/\/teiaeducation.ch\/fr\/\",\"name\":\"Sustainable Educational Products &amp; Ecological Toys\u00a0\",\"description\":\"Specialised Swiss shop selling sustainable educational toys and games, AMI certified Montessori materials, handmade ecological wooden Waldorf toys and arts &amp; crafts supplies, school supplies, children&#039;s furniture and Montessori reference and parenting books.\",\"publisher\":{\"@id\":\"https:\/\/teiaeducation.ch\/fr\/#organization\"},\"alternateName\":\"Teia Education & Play\",\"potentialAction\":[{\"@type\":\"SearchAction\",\"target\":{\"@type\":\"EntryPoint\",\"urlTemplate\":\"https:\/\/teiaeducation.ch\/fr\/?s={search_term_string}\"},\"query-input\":{\"@type\":\"PropertyValueSpecification\",\"valueRequired\":true,\"valueName\":\"search_term_string\"}}],\"inLanguage\":\"fr-FR\"},{\"@type\":\"Organization\",\"@id\":\"https:\/\/teiaeducation.ch\/fr\/#organization\",\"name\":\"Teia Education & Play\",\"url\":\"https:\/\/teiaeducation.ch\/fr\/\",\"logo\":{\"@type\":\"ImageObject\",\"inLanguage\":\"fr-FR\",\"@id\":\"https:\/\/teiaeducation.ch\/fr\/#\/schema\/logo\/image\/\",\"url\":\"https:\/\/teiaeducation.ch\/wp-content\/uploads\/2020\/11\/Teia-Education-Switzerland-e1620156442216.jpg\",\"contentUrl\":\"https:\/\/teiaeducation.ch\/wp-content\/uploads\/2020\/11\/Teia-Education-Switzerland-e1620156442216.jpg\",\"width\":166,\"height\":145,\"caption\":\"Teia Education & Play\"},\"image\":{\"@id\":\"https:\/\/teiaeducation.ch\/fr\/#\/schema\/logo\/image\/\"},\"sameAs\":[\"https:\/\/www.facebook.com\/teiaeducation\/\",\"https:\/\/x.com\/EducationTeia\",\"https:\/\/www.instagram.com\/teia.education\/\",\"https:\/\/www.linkedin.com\/company\/35501660\",\"https:\/\/www.pinterest.ch\/TeiaEducation\/\"]}]}<\/script>\n<!-- \/ Yoast SEO plugin. -->","yoast_head_json":{"title":"Diagramme environnement - Educo","description":"Gr\u00e2ce au diagramme environnement Educo, les enfants peuvent trier diff\u00e9rents types de d\u00e9chets dans la bonne cat\u00e9gorie, comme le verre, les l\u00e9gumes-fruits-jardins et le papier.","robots":{"index":"index","follow":"follow","max-snippet":"max-snippet:-1","max-image-preview":"max-image-preview:large","max-video-preview":"max-video-preview:-1"},"canonical":"https:\/\/teiaeducation.ch\/fr\/produit\/diagramme-environnement-educo\/","og_locale":"fr_FR","og_type":"article","og_title":"Diagramme environnement - Educo","og_description":"Gr\u00e2ce au diagramme environnement Educo, les enfants peuvent trier diff\u00e9rents types de d\u00e9chets dans la bonne cat\u00e9gorie, comme le verre, les l\u00e9gumes-fruits-jardins et le papier.","og_url":"https:\/\/teiaeducation.ch\/fr\/produit\/diagramme-environnement-educo\/","og_site_name":"Sustainable Educational Products &amp; Ecological Toys\u00a0","article_publisher":"https:\/\/www.facebook.com\/teiaeducation\/","article_modified_time":"2021-04-29T07:29:25+00:00","og_image":[{"width":2048,"height":2048,"url":"https:\/\/teiaeducation.ch\/wp-content\/uploads\/2019\/05\/Diagram-environment-Educo-scaled-scaled.jpg","type":"image\/jpeg"}],"schema":{"@context":"https:\/\/schema.org","@graph":[{"@type":"WebPage","@id":"https:\/\/teiaeducation.ch\/fr\/produit\/diagramme-environnement-educo\/","url":"https:\/\/teiaeducation.ch\/fr\/produit\/diagramme-environnement-educo\/","name":"Diagramme environnement - Educo","isPartOf":{"@id":"https:\/\/teiaeducation.ch\/fr\/#website"},"primaryImageOfPage":{"@id":"https:\/\/teiaeducation.ch\/fr\/produit\/diagramme-environnement-educo\/#primaryimage"},"image":{"@id":"https:\/\/teiaeducation.ch\/fr\/produit\/diagramme-environnement-educo\/#primaryimage"},"thumbnailUrl":"https:\/\/teiaeducation.ch\/wp-content\/uploads\/2019\/05\/Diagram-environment-Educo-scaled-scaled.jpg","datePublished":"2020-04-23T10:30:14+00:00","dateModified":"2021-04-29T07:29:25+00:00","description":"Gr\u00e2ce au diagramme environnement Educo, les enfants peuvent trier diff\u00e9rents types de d\u00e9chets dans la bonne cat\u00e9gorie, comme le verre, les l\u00e9gumes-fruits-jardins et le papier.","breadcrumb":{"@id":"https:\/\/teiaeducation.ch\/fr\/produit\/diagramme-environnement-educo\/#breadcrumb"},"inLanguage":"fr-FR","potentialAction":[{"@type":"ReadAction","target":["https:\/\/teiaeducation.ch\/fr\/produit\/diagramme-environnement-educo\/"]}]},{"@type":"ImageObject","inLanguage":"fr-FR","@id":"https:\/\/teiaeducation.ch\/fr\/produit\/diagramme-environnement-educo\/#primaryimage","url":"https:\/\/teiaeducation.ch\/wp-content\/uploads\/2019\/05\/Diagram-environment-Educo-scaled-scaled.jpg","contentUrl":"https:\/\/teiaeducation.ch\/wp-content\/uploads\/2019\/05\/Diagram-environment-Educo-scaled-scaled.jpg","width":2048,"height":2048,"caption":"Diagramme environnement - Educo"},{"@type":"BreadcrumbList","@id":"https:\/\/teiaeducation.ch\/fr\/produit\/diagramme-environnement-educo\/#breadcrumb","itemListElement":[{"@type":"ListItem","position":1,"name":"Home","item":"https:\/\/teiaeducation.ch\/fr\/"},{"@type":"ListItem","position":2,"name":"Boutique Teia Education &amp; Play","item":"https:\/\/teiaeducation.ch\/fr\/boutique\/"},{"@type":"ListItem","position":3,"name":"Nos Marques","item":"https:\/\/teiaeducation.ch\/fr\/categorie-produit\/marques\/"},{"@type":"ListItem","position":4,"name":"Educo","item":"https:\/\/teiaeducation.ch\/fr\/categorie-produit\/marques\/educo-fr\/"},{"@type":"ListItem","position":5,"name":"Jeu Math\u00e9matique","item":"https:\/\/teiaeducation.ch\/fr\/categorie-produit\/marques\/educo-fr\/jeu-mathematique\/"},{"@type":"ListItem","position":6,"name":"G\u00e9om\u00e9trie","item":"https:\/\/teiaeducation.ch\/fr\/categorie-produit\/marques\/educo-fr\/jeu-mathematique\/geometrie-jeu-mathematique\/"},{"@type":"ListItem","position":7,"name":"Diagramme environnement &#8211; Educo"}]},{"@type":"WebSite","@id":"https:\/\/teiaeducation.ch\/fr\/#website","url":"https:\/\/teiaeducation.ch\/fr\/","name":"Sustainable Educational Products &amp; Ecological Toys\u00a0","description":"Specialised Swiss shop selling sustainable educational toys and games, AMI certified Montessori materials, handmade ecological wooden Waldorf toys and arts &amp; crafts supplies, school supplies, children&#039;s furniture and Montessori reference and parenting books.","publisher":{"@id":"https:\/\/teiaeducation.ch\/fr\/#organization"},"alternateName":"Teia Education & Play","potentialAction":[{"@type":"SearchAction","target":{"@type":"EntryPoint","urlTemplate":"https:\/\/teiaeducation.ch\/fr\/?s={search_term_string}"},"query-input":{"@type":"PropertyValueSpecification","valueRequired":true,"valueName":"search_term_string"}}],"inLanguage":"fr-FR"},{"@type":"Organization","@id":"https:\/\/teiaeducation.ch\/fr\/#organization","name":"Teia Education & Play","url":"https:\/\/teiaeducation.ch\/fr\/","logo":{"@type":"ImageObject","inLanguage":"fr-FR","@id":"https:\/\/teiaeducation.ch\/fr\/#\/schema\/logo\/image\/","url":"https:\/\/teiaeducation.ch\/wp-content\/uploads\/2020\/11\/Teia-Education-Switzerland-e1620156442216.jpg","contentUrl":"https:\/\/teiaeducation.ch\/wp-content\/uploads\/2020\/11\/Teia-Education-Switzerland-e1620156442216.jpg","width":166,"height":145,"caption":"Teia Education & Play"},"image":{"@id":"https:\/\/teiaeducation.ch\/fr\/#\/schema\/logo\/image\/"},"sameAs":["https:\/\/www.facebook.com\/teiaeducation\/","https:\/\/x.com\/EducationTeia","https:\/\/www.instagram.com\/teia.education\/","https:\/\/www.linkedin.com\/company\/35501660","https:\/\/www.pinterest.ch\/TeiaEducation\/"]}]}},"_links":{"self":[{"href":"https:\/\/teiaeducation.ch\/fr\/wp-json\/wp\/v2\/product\/35865","targetHints":{"allow":["GET"]}}],"collection":[{"href":"https:\/\/teiaeducation.ch\/fr\/wp-json\/wp\/v2\/product"}],"about":[{"href":"https:\/\/teiaeducation.ch\/fr\/wp-json\/wp\/v2\/types\/product"}],"replies":[{"embeddable":true,"href":"https:\/\/teiaeducation.ch\/fr\/wp-json\/wp\/v2\/comments?post=35865"}],"wp:featuredmedia":[{"embeddable":true,"href":"https:\/\/teiaeducation.ch\/fr\/wp-json\/wp\/v2\/media\/18249"}],"wp:attachment":[{"href":"https:\/\/teiaeducation.ch\/fr\/wp-json\/wp\/v2\/media?parent=35865"}],"wp:term":[{"taxonomy":"product_brand","embeddable":true,"href":"https:\/\/teiaeducation.ch\/fr\/wp-json\/wp\/v2\/product_brand?post=35865"},{"taxonomy":"product_cat","embeddable":true,"href":"https:\/\/teiaeducation.ch\/fr\/wp-json\/wp\/v2\/product_cat?post=35865"},{"taxonomy":"product_tag","embeddable":true,"href":"https:\/\/teiaeducation.ch\/fr\/wp-json\/wp\/v2\/product_tag?post=35865"}],"curies":[{"name":"wp","href":"https:\/\/api.w.org\/{rel}","templated":true}]}}