{"id":35867,"date":"2020-04-09T11:45:37","date_gmt":"2020-04-09T09:45:37","guid":{"rendered":"https:\/\/teiaeducation.ch\/product\/support-pour-crayons-geants-arts-crafts\/"},"modified":"2021-04-29T09:45:25","modified_gmt":"2021-04-29T07:45:25","slug":"stand-pour-geant-crayons-arts-artisanat","status":"publish","type":"product","link":"https:\/\/teiaeducation.ch\/fr\/produit\/stand-pour-geant-crayons-arts-artisanat\/","title":{"rendered":"Support pour crayons g\u00e9ants &#8211; Arts &amp; Crafts"},"content":{"rendered":"<p>Support pour crayons g\u00e9ants &#8211; Educo Arts &amp; Crafts<\/p>\n<p>Un bloc de rangement pour crayons g\u00e9ants en bois massif laqu\u00e9 naturel de la collection Educo Arts &amp; Crafts. Le bloc est adapt\u00e9 au rangement de 12 crayons g\u00e9ants, et constitue une belle addition \u00e0 tout bureau ou coin de bricolage.<\/p>\n<p>La vaste gamme de mat\u00e9riaux de bricolage sp\u00e9cialement s\u00e9lectionn\u00e9s par Heutink International permet aux enfants de tous \u00e2ges et de toutes capacit\u00e9s d&#8217;\u00eatre cr\u00e9atifs, d&#8217;utiliser leur imagination et d&#8217;explorer leur potentiel artistique. Ces <a href=\"https:\/\/teiaeducation.ch\/product-category\/creative-art-craft\/?pwb-brand-filter=arts-crafts\">mat\u00e9riaux cr\u00e9atifs<\/a> non toxiques permettent aux enfants d&#8217;explorer librement leurs capacit\u00e9s artistiques, ce qui contribue \u00e0 d\u00e9velopper leur motricit\u00e9, leur intelligence sociale et \u00e9motionnelle, leur orientation spatiale, leur concentration, leur communication et leur capacit\u00e9 \u00e0 r\u00e9soudre des probl\u00e8mes. Tous les produits propos\u00e9s sont de la plus haute qualit\u00e9, et sont s\u00fbrs et durables.<\/p>\n<p>Ce mat\u00e9riel convient aux enfants \u00e2g\u00e9s de 3 ans et plus.<\/p>\n<p>Contenu :<\/p>\n<p>1 bloc de rangement en bois (10 x 7,5 x 3 cm)<\/p>\n","protected":false},"excerpt":{"rendered":"<p>Num\u00e9ro d&#8217;article : E009125<\/p>\n<p>Un bloc de rangement en bois pour ranger et avoir \u00e0 port\u00e9e de main 12 crayons g\u00e9ants en bois massif laqu\u00e9 naturel de la collection Educo Arts &amp; Crafts.<\/p>\n","protected":false},"featured_media":25017,"comment_status":"open","ping_status":"closed","template":"","meta":[],"product_brand":[],"product_cat":[8527,215,8580,216,9153,22032,18893,22344,20247,224,8526,21257,1220,23650,13127,7595,1218,217,5851,20263,212,1219],"product_tag":[],"class_list":{"0":"post-35867","1":"product","2":"type-product","3":"status-publish","4":"has-post-thumbnail","6":"product_cat-3-6-ans-ecole-a-domicile","7":"product_cat-3-6-ans","8":"product_cat-6-12-ans-ecole-a-domicile","9":"product_cat-6-12-ans","10":"product_cat-arts-crafts-fr","11":"product_cat-cadeaux-du-calendrier-de-lavent-et-de-noel","12":"product_cat-collection-printemps","13":"product_cat-collections-saisonnieres","14":"product_cat-dessin-et-coloriage","15":"product_cat-educo-fr","16":"product_cat-fournitures-scolaires-a-domicile","17":"product_cat-guides-cadeaux","18":"product_cat-traditionnelle","19":"product_cat-la-rentree-scolaire","20":"product_cat-creativite-beaux-arts-et-bricolage","21":"product_cat-methode-deducation","22":"product_cat-montessori-fr","23":"product_cat-marques","24":"product_cat-nouveautes","25":"product_cat-outils-creatifs-et-rangement","26":"product_cat-tranche-dage","27":"product_cat-waldorf-fr","29":"first","30":"instock","31":"taxable","32":"shipping-taxable","33":"purchasable","34":"product-type-simple"},"yoast_head":"<!-- This site is optimized with the Yoast SEO plugin v27.1.1 - https:\/\/yoast.com\/product\/yoast-seo-wordpress\/ -->\n<title>Support pour crayons g\u00e9ants - Arts &amp; Crafts - Teia Education &amp; Play<\/title>\n<meta name=\"description\" content=\"Un bloc de rangement en bois pour ranger et avoir \u00e0 port\u00e9e de main 12 crayons g\u00e9ants en bois massif laqu\u00e9 naturel de la collection Educo Arts &amp; Crafts.\" \/>\n<meta name=\"robots\" content=\"index, follow, max-snippet:-1, max-image-preview:large, max-video-preview:-1\" \/>\n<link rel=\"canonical\" href=\"https:\/\/teiaeducation.ch\/fr\/produit\/stand-pour-geant-crayons-arts-artisanat\/\" \/>\n<meta property=\"og:locale\" content=\"fr_FR\" \/>\n<meta property=\"og:type\" content=\"article\" \/>\n<meta property=\"og:title\" content=\"Support pour crayons g\u00e9ants - Arts &amp; Crafts - Teia Education &amp; Play\" \/>\n<meta property=\"og:description\" content=\"Un bloc de rangement en bois pour ranger et avoir \u00e0 port\u00e9e de main 12 crayons g\u00e9ants en bois massif laqu\u00e9 naturel de la collection Educo Arts &amp; Crafts.\" \/>\n<meta property=\"og:url\" content=\"https:\/\/teiaeducation.ch\/fr\/produit\/stand-pour-geant-crayons-arts-artisanat\/\" \/>\n<meta property=\"og:site_name\" content=\"Sustainable Educational Products &amp; Ecological Toys\u00a0\" \/>\n<meta property=\"article:publisher\" content=\"https:\/\/www.facebook.com\/teiaeducation\/\" \/>\n<meta property=\"article:modified_time\" content=\"2021-04-29T07:45:25+00:00\" \/>\n<meta property=\"og:image\" content=\"https:\/\/teiaeducation.ch\/wp-content\/uploads\/2020\/04\/Stand-for-giant-pencils-Arts-Crafts-scaled-scaled.jpg\" \/>\n\t<meta property=\"og:image:width\" content=\"2048\" \/>\n\t<meta property=\"og:image:height\" content=\"2048\" \/>\n\t<meta property=\"og:image:type\" content=\"image\/jpeg\" \/>\n<script type=\"application\/ld+json\" class=\"yoast-schema-graph\">{\"@context\":\"https:\/\/schema.org\",\"@graph\":[{\"@type\":\"WebPage\",\"@id\":\"https:\/\/teiaeducation.ch\/fr\/produit\/stand-pour-geant-crayons-arts-artisanat\/\",\"url\":\"https:\/\/teiaeducation.ch\/fr\/produit\/stand-pour-geant-crayons-arts-artisanat\/\",\"name\":\"Support pour crayons g\u00e9ants - Arts &amp; Crafts - Teia Education & Play\",\"isPartOf\":{\"@id\":\"https:\/\/teiaeducation.ch\/fr\/#website\"},\"primaryImageOfPage\":{\"@id\":\"https:\/\/teiaeducation.ch\/fr\/produit\/stand-pour-geant-crayons-arts-artisanat\/#primaryimage\"},\"image\":{\"@id\":\"https:\/\/teiaeducation.ch\/fr\/produit\/stand-pour-geant-crayons-arts-artisanat\/#primaryimage\"},\"thumbnailUrl\":\"https:\/\/teiaeducation.ch\/wp-content\/uploads\/2020\/04\/Stand-for-giant-pencils-Arts-Crafts-scaled-scaled.jpg\",\"datePublished\":\"2020-04-09T09:45:37+00:00\",\"dateModified\":\"2021-04-29T07:45:25+00:00\",\"description\":\"Un bloc de rangement en bois pour ranger et avoir \u00e0 port\u00e9e de main 12 crayons g\u00e9ants en bois massif laqu\u00e9 naturel de la collection Educo Arts & Crafts.\",\"breadcrumb\":{\"@id\":\"https:\/\/teiaeducation.ch\/fr\/produit\/stand-pour-geant-crayons-arts-artisanat\/#breadcrumb\"},\"inLanguage\":\"fr-FR\",\"potentialAction\":[{\"@type\":\"ReadAction\",\"target\":[\"https:\/\/teiaeducation.ch\/fr\/produit\/stand-pour-geant-crayons-arts-artisanat\/\"]}]},{\"@type\":\"ImageObject\",\"inLanguage\":\"fr-FR\",\"@id\":\"https:\/\/teiaeducation.ch\/fr\/produit\/stand-pour-geant-crayons-arts-artisanat\/#primaryimage\",\"url\":\"https:\/\/teiaeducation.ch\/wp-content\/uploads\/2020\/04\/Stand-for-giant-pencils-Arts-Crafts-scaled-scaled.jpg\",\"contentUrl\":\"https:\/\/teiaeducation.ch\/wp-content\/uploads\/2020\/04\/Stand-for-giant-pencils-Arts-Crafts-scaled-scaled.jpg\",\"width\":2048,\"height\":2048,\"caption\":\"Support pour crayons g\u00e9ants - Arts &amp; Crafts\"},{\"@type\":\"BreadcrumbList\",\"@id\":\"https:\/\/teiaeducation.ch\/fr\/produit\/stand-pour-geant-crayons-arts-artisanat\/#breadcrumb\",\"itemListElement\":[{\"@type\":\"ListItem\",\"position\":1,\"name\":\"Home\",\"item\":\"https:\/\/teiaeducation.ch\/fr\/\"},{\"@type\":\"ListItem\",\"position\":2,\"name\":\"Boutique Teia Education &amp; Play\",\"item\":\"https:\/\/teiaeducation.ch\/fr\/boutique\/\"},{\"@type\":\"ListItem\",\"position\":3,\"name\":\"Nos Marques\",\"item\":\"https:\/\/teiaeducation.ch\/fr\/categorie-produit\/marques\/\"},{\"@type\":\"ListItem\",\"position\":4,\"name\":\"Arts &amp; Crafts\",\"item\":\"https:\/\/teiaeducation.ch\/fr\/categorie-produit\/marques\/arts-crafts-fr\/\"},{\"@type\":\"ListItem\",\"position\":5,\"name\":\"Support pour crayons g\u00e9ants &#8211; Arts &amp; Crafts\"}]},{\"@type\":\"WebSite\",\"@id\":\"https:\/\/teiaeducation.ch\/fr\/#website\",\"url\":\"https:\/\/teiaeducation.ch\/fr\/\",\"name\":\"Sustainable Educational Products &amp; Ecological Toys\u00a0\",\"description\":\"Specialised Swiss shop selling sustainable educational toys and games, AMI certified Montessori materials, handmade ecological wooden Waldorf toys and arts &amp; crafts supplies, school supplies, children&#039;s furniture and Montessori reference and parenting books.\",\"publisher\":{\"@id\":\"https:\/\/teiaeducation.ch\/fr\/#organization\"},\"alternateName\":\"Teia Education & Play\",\"potentialAction\":[{\"@type\":\"SearchAction\",\"target\":{\"@type\":\"EntryPoint\",\"urlTemplate\":\"https:\/\/teiaeducation.ch\/fr\/?s={search_term_string}\"},\"query-input\":{\"@type\":\"PropertyValueSpecification\",\"valueRequired\":true,\"valueName\":\"search_term_string\"}}],\"inLanguage\":\"fr-FR\"},{\"@type\":\"Organization\",\"@id\":\"https:\/\/teiaeducation.ch\/fr\/#organization\",\"name\":\"Teia Education & Play\",\"url\":\"https:\/\/teiaeducation.ch\/fr\/\",\"logo\":{\"@type\":\"ImageObject\",\"inLanguage\":\"fr-FR\",\"@id\":\"https:\/\/teiaeducation.ch\/fr\/#\/schema\/logo\/image\/\",\"url\":\"https:\/\/teiaeducation.ch\/wp-content\/uploads\/2020\/11\/Teia-Education-Switzerland-e1620156442216.jpg\",\"contentUrl\":\"https:\/\/teiaeducation.ch\/wp-content\/uploads\/2020\/11\/Teia-Education-Switzerland-e1620156442216.jpg\",\"width\":166,\"height\":145,\"caption\":\"Teia Education & Play\"},\"image\":{\"@id\":\"https:\/\/teiaeducation.ch\/fr\/#\/schema\/logo\/image\/\"},\"sameAs\":[\"https:\/\/www.facebook.com\/teiaeducation\/\",\"https:\/\/x.com\/EducationTeia\",\"https:\/\/www.instagram.com\/teia.education\/\",\"https:\/\/www.linkedin.com\/company\/35501660\",\"https:\/\/www.pinterest.ch\/TeiaEducation\/\"]}]}<\/script>\n<!-- \/ Yoast SEO plugin. -->","yoast_head_json":{"title":"Support pour crayons g\u00e9ants - Arts &amp; Crafts - Teia Education & Play","description":"Un bloc de rangement en bois pour ranger et avoir \u00e0 port\u00e9e de main 12 crayons g\u00e9ants en bois massif laqu\u00e9 naturel de la collection Educo Arts & Crafts.","robots":{"index":"index","follow":"follow","max-snippet":"max-snippet:-1","max-image-preview":"max-image-preview:large","max-video-preview":"max-video-preview:-1"},"canonical":"https:\/\/teiaeducation.ch\/fr\/produit\/stand-pour-geant-crayons-arts-artisanat\/","og_locale":"fr_FR","og_type":"article","og_title":"Support pour crayons g\u00e9ants - Arts &amp; Crafts - Teia Education & Play","og_description":"Un bloc de rangement en bois pour ranger et avoir \u00e0 port\u00e9e de main 12 crayons g\u00e9ants en bois massif laqu\u00e9 naturel de la collection Educo Arts & Crafts.","og_url":"https:\/\/teiaeducation.ch\/fr\/produit\/stand-pour-geant-crayons-arts-artisanat\/","og_site_name":"Sustainable Educational Products &amp; Ecological Toys\u00a0","article_publisher":"https:\/\/www.facebook.com\/teiaeducation\/","article_modified_time":"2021-04-29T07:45:25+00:00","og_image":[{"width":2048,"height":2048,"url":"https:\/\/teiaeducation.ch\/wp-content\/uploads\/2020\/04\/Stand-for-giant-pencils-Arts-Crafts-scaled-scaled.jpg","type":"image\/jpeg"}],"schema":{"@context":"https:\/\/schema.org","@graph":[{"@type":"WebPage","@id":"https:\/\/teiaeducation.ch\/fr\/produit\/stand-pour-geant-crayons-arts-artisanat\/","url":"https:\/\/teiaeducation.ch\/fr\/produit\/stand-pour-geant-crayons-arts-artisanat\/","name":"Support pour crayons g\u00e9ants - Arts &amp; Crafts - Teia Education & Play","isPartOf":{"@id":"https:\/\/teiaeducation.ch\/fr\/#website"},"primaryImageOfPage":{"@id":"https:\/\/teiaeducation.ch\/fr\/produit\/stand-pour-geant-crayons-arts-artisanat\/#primaryimage"},"image":{"@id":"https:\/\/teiaeducation.ch\/fr\/produit\/stand-pour-geant-crayons-arts-artisanat\/#primaryimage"},"thumbnailUrl":"https:\/\/teiaeducation.ch\/wp-content\/uploads\/2020\/04\/Stand-for-giant-pencils-Arts-Crafts-scaled-scaled.jpg","datePublished":"2020-04-09T09:45:37+00:00","dateModified":"2021-04-29T07:45:25+00:00","description":"Un bloc de rangement en bois pour ranger et avoir \u00e0 port\u00e9e de main 12 crayons g\u00e9ants en bois massif laqu\u00e9 naturel de la collection Educo Arts & Crafts.","breadcrumb":{"@id":"https:\/\/teiaeducation.ch\/fr\/produit\/stand-pour-geant-crayons-arts-artisanat\/#breadcrumb"},"inLanguage":"fr-FR","potentialAction":[{"@type":"ReadAction","target":["https:\/\/teiaeducation.ch\/fr\/produit\/stand-pour-geant-crayons-arts-artisanat\/"]}]},{"@type":"ImageObject","inLanguage":"fr-FR","@id":"https:\/\/teiaeducation.ch\/fr\/produit\/stand-pour-geant-crayons-arts-artisanat\/#primaryimage","url":"https:\/\/teiaeducation.ch\/wp-content\/uploads\/2020\/04\/Stand-for-giant-pencils-Arts-Crafts-scaled-scaled.jpg","contentUrl":"https:\/\/teiaeducation.ch\/wp-content\/uploads\/2020\/04\/Stand-for-giant-pencils-Arts-Crafts-scaled-scaled.jpg","width":2048,"height":2048,"caption":"Support pour crayons g\u00e9ants - Arts &amp; Crafts"},{"@type":"BreadcrumbList","@id":"https:\/\/teiaeducation.ch\/fr\/produit\/stand-pour-geant-crayons-arts-artisanat\/#breadcrumb","itemListElement":[{"@type":"ListItem","position":1,"name":"Home","item":"https:\/\/teiaeducation.ch\/fr\/"},{"@type":"ListItem","position":2,"name":"Boutique Teia Education &amp; Play","item":"https:\/\/teiaeducation.ch\/fr\/boutique\/"},{"@type":"ListItem","position":3,"name":"Nos Marques","item":"https:\/\/teiaeducation.ch\/fr\/categorie-produit\/marques\/"},{"@type":"ListItem","position":4,"name":"Arts &amp; Crafts","item":"https:\/\/teiaeducation.ch\/fr\/categorie-produit\/marques\/arts-crafts-fr\/"},{"@type":"ListItem","position":5,"name":"Support pour crayons g\u00e9ants &#8211; Arts &amp; Crafts"}]},{"@type":"WebSite","@id":"https:\/\/teiaeducation.ch\/fr\/#website","url":"https:\/\/teiaeducation.ch\/fr\/","name":"Sustainable Educational Products &amp; Ecological Toys\u00a0","description":"Specialised Swiss shop selling sustainable educational toys and games, AMI certified Montessori materials, handmade ecological wooden Waldorf toys and arts &amp; crafts supplies, school supplies, children&#039;s furniture and Montessori reference and parenting books.","publisher":{"@id":"https:\/\/teiaeducation.ch\/fr\/#organization"},"alternateName":"Teia Education & Play","potentialAction":[{"@type":"SearchAction","target":{"@type":"EntryPoint","urlTemplate":"https:\/\/teiaeducation.ch\/fr\/?s={search_term_string}"},"query-input":{"@type":"PropertyValueSpecification","valueRequired":true,"valueName":"search_term_string"}}],"inLanguage":"fr-FR"},{"@type":"Organization","@id":"https:\/\/teiaeducation.ch\/fr\/#organization","name":"Teia Education & Play","url":"https:\/\/teiaeducation.ch\/fr\/","logo":{"@type":"ImageObject","inLanguage":"fr-FR","@id":"https:\/\/teiaeducation.ch\/fr\/#\/schema\/logo\/image\/","url":"https:\/\/teiaeducation.ch\/wp-content\/uploads\/2020\/11\/Teia-Education-Switzerland-e1620156442216.jpg","contentUrl":"https:\/\/teiaeducation.ch\/wp-content\/uploads\/2020\/11\/Teia-Education-Switzerland-e1620156442216.jpg","width":166,"height":145,"caption":"Teia Education & Play"},"image":{"@id":"https:\/\/teiaeducation.ch\/fr\/#\/schema\/logo\/image\/"},"sameAs":["https:\/\/www.facebook.com\/teiaeducation\/","https:\/\/x.com\/EducationTeia","https:\/\/www.instagram.com\/teia.education\/","https:\/\/www.linkedin.com\/company\/35501660","https:\/\/www.pinterest.ch\/TeiaEducation\/"]}]}},"_links":{"self":[{"href":"https:\/\/teiaeducation.ch\/fr\/wp-json\/wp\/v2\/product\/35867","targetHints":{"allow":["GET"]}}],"collection":[{"href":"https:\/\/teiaeducation.ch\/fr\/wp-json\/wp\/v2\/product"}],"about":[{"href":"https:\/\/teiaeducation.ch\/fr\/wp-json\/wp\/v2\/types\/product"}],"replies":[{"embeddable":true,"href":"https:\/\/teiaeducation.ch\/fr\/wp-json\/wp\/v2\/comments?post=35867"}],"wp:featuredmedia":[{"embeddable":true,"href":"https:\/\/teiaeducation.ch\/fr\/wp-json\/wp\/v2\/media\/25017"}],"wp:attachment":[{"href":"https:\/\/teiaeducation.ch\/fr\/wp-json\/wp\/v2\/media?parent=35867"}],"wp:term":[{"taxonomy":"product_brand","embeddable":true,"href":"https:\/\/teiaeducation.ch\/fr\/wp-json\/wp\/v2\/product_brand?post=35867"},{"taxonomy":"product_cat","embeddable":true,"href":"https:\/\/teiaeducation.ch\/fr\/wp-json\/wp\/v2\/product_cat?post=35867"},{"taxonomy":"product_tag","embeddable":true,"href":"https:\/\/teiaeducation.ch\/fr\/wp-json\/wp\/v2\/product_tag?post=35867"}],"curies":[{"name":"wp","href":"https:\/\/api.w.org\/{rel}","templated":true}]}}