{"id":35870,"date":"2020-04-07T23:05:10","date_gmt":"2020-04-07T21:05:10","guid":{"rendered":"https:\/\/teiaeducation.ch\/product\/porte-crayons-en-bois-vide-educo\/"},"modified":"2024-02-02T07:23:47","modified_gmt":"2024-02-02T06:23:47","slug":"porte-crayon-en-bois-vide-educo","status":"publish","type":"product","link":"https:\/\/teiaeducation.ch\/fr\/produit\/porte-crayon-en-bois-vide-educo\/","title":{"rendered":"Porte-crayons en bois : vide &#8211; Educo"},"content":{"rendered":"<p>Porte-crayons en bois vide &#8211; Educo Arts &amp; Crafts<\/p>\n<p>Un porte-crayon en bois laqu\u00e9 naturel de la collection Educo Arts &amp; Crafts. Le support mesure 6 x 6 x 8 cm et constitue une belle addition \u00e0 tout bureau ou coin de bricolage.<\/p>\n<p>La vaste gamme de mat\u00e9riaux de bricolage sp\u00e9cialement s\u00e9lectionn\u00e9s par Heutink International permet aux enfants de tous \u00e2ges et de toutes capacit\u00e9s d&#8217;\u00eatre cr\u00e9atifs, d&#8217;utiliser leur imagination et d&#8217;explorer leur potentiel artistique. Ces <a href=\"https:\/\/teiaeducation.ch\/product-category\/creative-art-craft\/?pwb-brand-filter=arts-crafts\">mat\u00e9riaux cr\u00e9atifs<\/a> non toxiques permettent aux enfants d&#8217;explorer librement leurs capacit\u00e9s artistiques, ce qui contribue \u00e0 d\u00e9velopper leur motricit\u00e9, leur intelligence sociale et \u00e9motionnelle, leur orientation spatiale, leur concentration, leur communication et leur capacit\u00e9 \u00e0 r\u00e9soudre des probl\u00e8mes. Tous les produits propos\u00e9s sont de la plus haute qualit\u00e9, et sont s\u00fbrs et durables.<\/p>\n<p>Ce mat\u00e9riel convient aux enfants \u00e2g\u00e9s de 3 ans et plus.<\/p>\n<p>Contenu :<\/p>\n<p>1 porte-crayon en bois (6 x 6 x 8 cm)<\/p>\n","protected":false},"excerpt":{"rendered":"<p>Num\u00e9ro d&#8217;article: <span data-sheets-value=\"{\"1\":2,\"2\":\"E009177\"}\">E009177<\/span><\/p>\n<p>Un porte-crayon en bois naturel de la collection Educo Arts &amp; Crafts. Le support est une belle addition \u00e0 n&#8217;importe quel bureau ou coin de bricolage.<\/p>\n","protected":false},"featured_media":24986,"comment_status":"open","ping_status":"closed","template":"","meta":[],"product_brand":[],"product_cat":[8527,215,8580,216,285,606,9153,22344,20247,283,224,8526,1220,23650,13127,8567,7595,1218,217,5851,20263,209,212,1219],"product_tag":[19200,19202,19201],"class_list":{"0":"post-35870","1":"product","2":"type-product","3":"status-publish","4":"has-post-thumbnail","6":"product_cat-3-6-ans-ecole-a-domicile","7":"product_cat-3-6-ans","8":"product_cat-6-12-ans-ecole-a-domicile","9":"product_cat-6-12-ans","10":"product_cat-alphabetisation-langage","11":"product_cat-apprendre-a-ecrire","12":"product_cat-arts-crafts-fr","13":"product_cat-collections-saisonnieres","14":"product_cat-dessin-et-coloriage","15":"product_cat-domaines-du-curriculum","16":"product_cat-educo-fr","17":"product_cat-fournitures-scolaires-a-domicile","18":"product_cat-traditionnelle","19":"product_cat-la-rentree-scolaire","20":"product_cat-creativite-beaux-arts-et-bricolage","21":"product_cat-materiel-scolaire-montessori","22":"product_cat-methode-deducation","23":"product_cat-montessori-fr","24":"product_cat-marques","25":"product_cat-nouveautes","26":"product_cat-outils-creatifs-et-rangement","27":"product_cat-sensorielles-motrices","28":"product_cat-tranche-dage","29":"product_cat-waldorf-fr","30":"product_tag-heutink-arts-crafts-fr","31":"product_tag-materiel-dartisanat-educo","32":"product_tag-porte-crayon-en-bois","34":"first","35":"instock","36":"taxable","37":"shipping-taxable","38":"purchasable","39":"product-type-simple"},"yoast_head":"<!-- This site is optimized with the Yoast SEO Premium plugin v25.8 (Yoast SEO v27.4) - https:\/\/yoast.com\/product\/yoast-seo-premium-wordpress\/ -->\n<title>Porte-crayons en bois : vide - Educo - Teia Education &amp; Play<\/title>\n<meta name=\"description\" content=\"Un porte-crayon en bois naturel de la collection Educo Arts &amp; Crafts. Le support est une belle addition \u00e0 n&#039;importe quel bureau ou coin de bricolage.\" \/>\n<meta name=\"robots\" content=\"index, follow, max-snippet:-1, max-image-preview:large, max-video-preview:-1\" \/>\n<link rel=\"canonical\" href=\"https:\/\/teiaeducation.ch\/fr\/produit\/porte-crayon-en-bois-vide-educo\/\" \/>\n<meta property=\"og:locale\" content=\"fr_FR\" \/>\n<meta property=\"og:type\" content=\"article\" \/>\n<meta property=\"og:title\" content=\"Porte-crayons en bois : vide - Educo\" \/>\n<meta property=\"og:description\" content=\"Un porte-crayon en bois naturel de la collection Educo Arts &amp; Crafts. Le support est une belle addition \u00e0 n&#039;importe quel bureau ou coin de bricolage.\" \/>\n<meta property=\"og:url\" content=\"https:\/\/teiaeducation.ch\/fr\/produit\/porte-crayon-en-bois-vide-educo\/\" \/>\n<meta property=\"og:site_name\" content=\"Sustainable Educational Products &amp; Ecological Toys\u00a0\" \/>\n<meta property=\"article:publisher\" content=\"https:\/\/www.facebook.com\/teiaeducation\/\" \/>\n<meta property=\"article:modified_time\" content=\"2024-02-02T06:23:47+00:00\" \/>\n<meta property=\"og:image\" content=\"https:\/\/teiaeducation.ch\/wp-content\/uploads\/2020\/04\/Wooden-pencil-holder-blank-Educo.jpg\" \/>\n\t<meta property=\"og:image:width\" content=\"750\" \/>\n\t<meta property=\"og:image:height\" content=\"900\" \/>\n\t<meta property=\"og:image:type\" content=\"image\/jpeg\" \/>\n<script type=\"application\/ld+json\" class=\"yoast-schema-graph\">{\"@context\":\"https:\\\/\\\/schema.org\",\"@graph\":[{\"@type\":\"WebPage\",\"@id\":\"https:\\\/\\\/teiaeducation.ch\\\/fr\\\/produit\\\/porte-crayon-en-bois-vide-educo\\\/\",\"url\":\"https:\\\/\\\/teiaeducation.ch\\\/fr\\\/produit\\\/porte-crayon-en-bois-vide-educo\\\/\",\"name\":\"Porte-crayons en bois : vide - Educo - Teia Education & Play\",\"isPartOf\":{\"@id\":\"https:\\\/\\\/teiaeducation.ch\\\/fr\\\/#website\"},\"primaryImageOfPage\":{\"@id\":\"https:\\\/\\\/teiaeducation.ch\\\/fr\\\/produit\\\/porte-crayon-en-bois-vide-educo\\\/#primaryimage\"},\"image\":{\"@id\":\"https:\\\/\\\/teiaeducation.ch\\\/fr\\\/produit\\\/porte-crayon-en-bois-vide-educo\\\/#primaryimage\"},\"thumbnailUrl\":\"https:\\\/\\\/teiaeducation.ch\\\/wp-content\\\/uploads\\\/2020\\\/04\\\/Wooden-pencil-holder-blank-Educo.jpg\",\"datePublished\":\"2020-04-07T21:05:10+00:00\",\"dateModified\":\"2024-02-02T06:23:47+00:00\",\"description\":\"Un porte-crayon en bois naturel de la collection Educo Arts & Crafts. Le support est une belle addition \u00e0 n'importe quel bureau ou coin de bricolage.\",\"breadcrumb\":{\"@id\":\"https:\\\/\\\/teiaeducation.ch\\\/fr\\\/produit\\\/porte-crayon-en-bois-vide-educo\\\/#breadcrumb\"},\"inLanguage\":\"fr-FR\",\"potentialAction\":[{\"@type\":\"ReadAction\",\"target\":[\"https:\\\/\\\/teiaeducation.ch\\\/fr\\\/produit\\\/porte-crayon-en-bois-vide-educo\\\/\"]}]},{\"@type\":\"ImageObject\",\"inLanguage\":\"fr-FR\",\"@id\":\"https:\\\/\\\/teiaeducation.ch\\\/fr\\\/produit\\\/porte-crayon-en-bois-vide-educo\\\/#primaryimage\",\"url\":\"https:\\\/\\\/teiaeducation.ch\\\/wp-content\\\/uploads\\\/2020\\\/04\\\/Wooden-pencil-holder-blank-Educo.jpg\",\"contentUrl\":\"https:\\\/\\\/teiaeducation.ch\\\/wp-content\\\/uploads\\\/2020\\\/04\\\/Wooden-pencil-holder-blank-Educo.jpg\",\"width\":750,\"height\":900,\"caption\":\"Porte-crayons en bois : vide - Educo Arts &amp; Crafts\"},{\"@type\":\"BreadcrumbList\",\"@id\":\"https:\\\/\\\/teiaeducation.ch\\\/fr\\\/produit\\\/porte-crayon-en-bois-vide-educo\\\/#breadcrumb\",\"itemListElement\":[{\"@type\":\"ListItem\",\"position\":1,\"name\":\"Home\",\"item\":\"https:\\\/\\\/teiaeducation.ch\\\/fr\\\/\"},{\"@type\":\"ListItem\",\"position\":2,\"name\":\"Boutique Teia Education &amp; Play\",\"item\":\"https:\\\/\\\/teiaeducation.ch\\\/fr\\\/boutique\\\/\"},{\"@type\":\"ListItem\",\"position\":3,\"name\":\"Nos Marques\",\"item\":\"https:\\\/\\\/teiaeducation.ch\\\/fr\\\/categorie-produit\\\/marques\\\/\"},{\"@type\":\"ListItem\",\"position\":4,\"name\":\"Arts &amp; Crafts\",\"item\":\"https:\\\/\\\/teiaeducation.ch\\\/fr\\\/categorie-produit\\\/marques\\\/arts-crafts-fr\\\/\"},{\"@type\":\"ListItem\",\"position\":5,\"name\":\"Porte-crayons en bois : vide &#8211; Educo\"}]},{\"@type\":\"WebSite\",\"@id\":\"https:\\\/\\\/teiaeducation.ch\\\/fr\\\/#website\",\"url\":\"https:\\\/\\\/teiaeducation.ch\\\/fr\\\/\",\"name\":\"Sustainable Educational Products &amp; Ecological Toys\u00a0\",\"description\":\"Specialised Swiss shop selling sustainable educational toys and games, AMI certified Montessori materials, handmade ecological wooden Waldorf toys and arts &amp; crafts supplies, school supplies, children&#039;s furniture and Montessori reference and parenting books.\",\"publisher\":{\"@id\":\"https:\\\/\\\/teiaeducation.ch\\\/fr\\\/#organization\"},\"alternateName\":\"Teia Education & Play\",\"potentialAction\":[{\"@type\":\"SearchAction\",\"target\":{\"@type\":\"EntryPoint\",\"urlTemplate\":\"https:\\\/\\\/teiaeducation.ch\\\/fr\\\/?s={search_term_string}\"},\"query-input\":{\"@type\":\"PropertyValueSpecification\",\"valueRequired\":true,\"valueName\":\"search_term_string\"}}],\"inLanguage\":\"fr-FR\"},{\"@type\":\"Organization\",\"@id\":\"https:\\\/\\\/teiaeducation.ch\\\/fr\\\/#organization\",\"name\":\"Teia Education & Play\",\"url\":\"https:\\\/\\\/teiaeducation.ch\\\/fr\\\/\",\"logo\":{\"@type\":\"ImageObject\",\"inLanguage\":\"fr-FR\",\"@id\":\"https:\\\/\\\/teiaeducation.ch\\\/fr\\\/#\\\/schema\\\/logo\\\/image\\\/\",\"url\":\"https:\\\/\\\/teiaeducation.ch\\\/wp-content\\\/uploads\\\/2020\\\/11\\\/Teia-Education-Switzerland-e1620156442216.jpg\",\"contentUrl\":\"https:\\\/\\\/teiaeducation.ch\\\/wp-content\\\/uploads\\\/2020\\\/11\\\/Teia-Education-Switzerland-e1620156442216.jpg\",\"width\":166,\"height\":145,\"caption\":\"Teia Education & Play\"},\"image\":{\"@id\":\"https:\\\/\\\/teiaeducation.ch\\\/fr\\\/#\\\/schema\\\/logo\\\/image\\\/\"},\"sameAs\":[\"https:\\\/\\\/www.facebook.com\\\/teiaeducation\\\/\",\"https:\\\/\\\/x.com\\\/EducationTeia\",\"https:\\\/\\\/www.instagram.com\\\/teia.education\\\/\",\"https:\\\/\\\/www.linkedin.com\\\/company\\\/35501660\",\"https:\\\/\\\/www.pinterest.ch\\\/TeiaEducation\\\/\"]}]}<\/script>\n<meta property=\"product:price:amount\" content=\"11.90\" \/>\n<meta property=\"product:price:currency\" content=\"CHF\" \/>\n<meta property=\"og:availability\" content=\"instock\" \/>\n<meta property=\"product:availability\" content=\"instock\" \/>\n<meta property=\"product:retailer_item_id\" content=\"00000000000000000000000000000000000000000000024984\" \/>\n<meta property=\"product:condition\" content=\"new\" \/>\n<!-- \/ Yoast SEO Premium plugin. -->","yoast_head_json":{"title":"Porte-crayons en bois : vide - Educo - Teia Education & Play","description":"Un porte-crayon en bois naturel de la collection Educo Arts & Crafts. Le support est une belle addition \u00e0 n'importe quel bureau ou coin de bricolage.","robots":{"index":"index","follow":"follow","max-snippet":"max-snippet:-1","max-image-preview":"max-image-preview:large","max-video-preview":"max-video-preview:-1"},"canonical":"https:\/\/teiaeducation.ch\/fr\/produit\/porte-crayon-en-bois-vide-educo\/","og_locale":"fr_FR","og_type":"article","og_title":"Porte-crayons en bois : vide - Educo","og_description":"Un porte-crayon en bois naturel de la collection Educo Arts & Crafts. Le support est une belle addition \u00e0 n'importe quel bureau ou coin de bricolage.","og_url":"https:\/\/teiaeducation.ch\/fr\/produit\/porte-crayon-en-bois-vide-educo\/","og_site_name":"Sustainable Educational Products &amp; Ecological Toys\u00a0","article_publisher":"https:\/\/www.facebook.com\/teiaeducation\/","article_modified_time":"2024-02-02T06:23:47+00:00","og_image":[{"width":750,"height":900,"url":"https:\/\/teiaeducation.ch\/wp-content\/uploads\/2020\/04\/Wooden-pencil-holder-blank-Educo.jpg","type":"image\/jpeg"}],"schema":{"@context":"https:\/\/schema.org","@graph":[{"@type":"WebPage","@id":"https:\/\/teiaeducation.ch\/fr\/produit\/porte-crayon-en-bois-vide-educo\/","url":"https:\/\/teiaeducation.ch\/fr\/produit\/porte-crayon-en-bois-vide-educo\/","name":"Porte-crayons en bois : vide - Educo - Teia Education & Play","isPartOf":{"@id":"https:\/\/teiaeducation.ch\/fr\/#website"},"primaryImageOfPage":{"@id":"https:\/\/teiaeducation.ch\/fr\/produit\/porte-crayon-en-bois-vide-educo\/#primaryimage"},"image":{"@id":"https:\/\/teiaeducation.ch\/fr\/produit\/porte-crayon-en-bois-vide-educo\/#primaryimage"},"thumbnailUrl":"https:\/\/teiaeducation.ch\/wp-content\/uploads\/2020\/04\/Wooden-pencil-holder-blank-Educo.jpg","datePublished":"2020-04-07T21:05:10+00:00","dateModified":"2024-02-02T06:23:47+00:00","description":"Un porte-crayon en bois naturel de la collection Educo Arts & Crafts. Le support est une belle addition \u00e0 n'importe quel bureau ou coin de bricolage.","breadcrumb":{"@id":"https:\/\/teiaeducation.ch\/fr\/produit\/porte-crayon-en-bois-vide-educo\/#breadcrumb"},"inLanguage":"fr-FR","potentialAction":[{"@type":"ReadAction","target":["https:\/\/teiaeducation.ch\/fr\/produit\/porte-crayon-en-bois-vide-educo\/"]}]},{"@type":"ImageObject","inLanguage":"fr-FR","@id":"https:\/\/teiaeducation.ch\/fr\/produit\/porte-crayon-en-bois-vide-educo\/#primaryimage","url":"https:\/\/teiaeducation.ch\/wp-content\/uploads\/2020\/04\/Wooden-pencil-holder-blank-Educo.jpg","contentUrl":"https:\/\/teiaeducation.ch\/wp-content\/uploads\/2020\/04\/Wooden-pencil-holder-blank-Educo.jpg","width":750,"height":900,"caption":"Porte-crayons en bois : vide - Educo Arts &amp; Crafts"},{"@type":"BreadcrumbList","@id":"https:\/\/teiaeducation.ch\/fr\/produit\/porte-crayon-en-bois-vide-educo\/#breadcrumb","itemListElement":[{"@type":"ListItem","position":1,"name":"Home","item":"https:\/\/teiaeducation.ch\/fr\/"},{"@type":"ListItem","position":2,"name":"Boutique Teia Education &amp; Play","item":"https:\/\/teiaeducation.ch\/fr\/boutique\/"},{"@type":"ListItem","position":3,"name":"Nos Marques","item":"https:\/\/teiaeducation.ch\/fr\/categorie-produit\/marques\/"},{"@type":"ListItem","position":4,"name":"Arts &amp; Crafts","item":"https:\/\/teiaeducation.ch\/fr\/categorie-produit\/marques\/arts-crafts-fr\/"},{"@type":"ListItem","position":5,"name":"Porte-crayons en bois : vide &#8211; Educo"}]},{"@type":"WebSite","@id":"https:\/\/teiaeducation.ch\/fr\/#website","url":"https:\/\/teiaeducation.ch\/fr\/","name":"Sustainable Educational Products &amp; Ecological Toys\u00a0","description":"Specialised Swiss shop selling sustainable educational toys and games, AMI certified Montessori materials, handmade ecological wooden Waldorf toys and arts &amp; crafts supplies, school supplies, children&#039;s furniture and Montessori reference and parenting books.","publisher":{"@id":"https:\/\/teiaeducation.ch\/fr\/#organization"},"alternateName":"Teia Education & Play","potentialAction":[{"@type":"SearchAction","target":{"@type":"EntryPoint","urlTemplate":"https:\/\/teiaeducation.ch\/fr\/?s={search_term_string}"},"query-input":{"@type":"PropertyValueSpecification","valueRequired":true,"valueName":"search_term_string"}}],"inLanguage":"fr-FR"},{"@type":"Organization","@id":"https:\/\/teiaeducation.ch\/fr\/#organization","name":"Teia Education & Play","url":"https:\/\/teiaeducation.ch\/fr\/","logo":{"@type":"ImageObject","inLanguage":"fr-FR","@id":"https:\/\/teiaeducation.ch\/fr\/#\/schema\/logo\/image\/","url":"https:\/\/teiaeducation.ch\/wp-content\/uploads\/2020\/11\/Teia-Education-Switzerland-e1620156442216.jpg","contentUrl":"https:\/\/teiaeducation.ch\/wp-content\/uploads\/2020\/11\/Teia-Education-Switzerland-e1620156442216.jpg","width":166,"height":145,"caption":"Teia Education & Play"},"image":{"@id":"https:\/\/teiaeducation.ch\/fr\/#\/schema\/logo\/image\/"},"sameAs":["https:\/\/www.facebook.com\/teiaeducation\/","https:\/\/x.com\/EducationTeia","https:\/\/www.instagram.com\/teia.education\/","https:\/\/www.linkedin.com\/company\/35501660","https:\/\/www.pinterest.ch\/TeiaEducation\/"]}]},"product_price_amount":"11.90","product_price_currency":"CHF","og_availability":"instock","product_availability":"instock","product_retailer_item_id":"00000000000000000000000000000000000000000000024984","product_condition":"new"},"_links":{"self":[{"href":"https:\/\/teiaeducation.ch\/fr\/wp-json\/wp\/v2\/product\/35870","targetHints":{"allow":["GET"]}}],"collection":[{"href":"https:\/\/teiaeducation.ch\/fr\/wp-json\/wp\/v2\/product"}],"about":[{"href":"https:\/\/teiaeducation.ch\/fr\/wp-json\/wp\/v2\/types\/product"}],"replies":[{"embeddable":true,"href":"https:\/\/teiaeducation.ch\/fr\/wp-json\/wp\/v2\/comments?post=35870"}],"wp:featuredmedia":[{"embeddable":true,"href":"https:\/\/teiaeducation.ch\/fr\/wp-json\/wp\/v2\/media\/24986"}],"wp:attachment":[{"href":"https:\/\/teiaeducation.ch\/fr\/wp-json\/wp\/v2\/media?parent=35870"}],"wp:term":[{"taxonomy":"product_brand","embeddable":true,"href":"https:\/\/teiaeducation.ch\/fr\/wp-json\/wp\/v2\/product_brand?post=35870"},{"taxonomy":"product_cat","embeddable":true,"href":"https:\/\/teiaeducation.ch\/fr\/wp-json\/wp\/v2\/product_cat?post=35870"},{"taxonomy":"product_tag","embeddable":true,"href":"https:\/\/teiaeducation.ch\/fr\/wp-json\/wp\/v2\/product_tag?post=35870"}],"curies":[{"name":"wp","href":"https:\/\/api.w.org\/{rel}","templated":true}]}}