{"id":35916,"date":"2021-02-03T15:49:38","date_gmt":"2021-02-03T14:49:38","guid":{"rendered":"https:\/\/teiaeducation.ch\/product\/rainbow-petit-ensemble-stapelstein\/"},"modified":"2023-09-12T14:53:43","modified_gmt":"2023-09-12T12:53:43","slug":"arc-en-ciel-petit-ensemble-stapelstein","status":"publish","type":"product","link":"https:\/\/teiaeducation.ch\/fr\/produit\/arc-en-ciel-petit-ensemble-stapelstein\/","title":{"rendered":"Arc-en-ciel petit ensemble &#8211; Stapelstein"},"content":{"rendered":"<p>Petit ensemble de pierres \u00e0 empiler arc-en-ciel &#8211; Stapelstein fabriqu\u00e9 en Allemagne.<\/p>\n<p>Les pierres \u00e0 empiler arc-en-ciel de Stapelstein invitent \u00e0 des mouvements et des jeux sans fin ! Les magnifiques nuances de l&#8217;arc-en-ciel et la nature polyvalente des pierres am\u00e9lioreront les <a href=\"https:\/\/teiaeducation.ch\/fr\/categorie-produit\/domaines-du-curriculum\/sensorielles-motrices\/dexterite\/\">capacit\u00e9s motrices<\/a> et inciteront les enfants de tous \u00e2ges \u00e0 empiler, tourner, s&#8217;\u00e9quilibrer et bouger !<\/p>\n<p>Qu&#8217;il s&#8217;agisse de tremplins au-dessus d&#8217;une rivi\u00e8re imaginaire, de toupies, de tabourets ou de marches \u00e0 gravir, ces \u00e9l\u00e9ments de jeu color\u00e9s ont leur place dans la chambre de chaque enfant, dans sa salle de jeux ou m\u00eame \u00e0 la (pr\u00e9)\u00e9cole.<\/p>\n<p>Le petit ensemble arc-en-ciel de Stapelstein contient 6 pi\u00e8ces \u00e0 empiler (1x violet, 1x bleu, 1x vert, 1x jaune, 1x orange, 1x rouge). Chaque pierre mesure 27,5 cm de diam\u00e8tre et 12 cm de hauteur et p\u00e8se 180g. La charge max est de 180 kg.<\/p>\n<p>Inspir\u00e9e par la p\u00e9dagogie Pikler, la marque allemande Stapelstein propose aux enfants des jouets merveilleusement amusants et actifs qui transforment chaque pi\u00e8ce en un terrain d&#8217;aventure et inspirent le jeu et le mouvement libres, m\u00eame chez les plus jeunes. Les produits Stapelstein portent fi\u00e8rement de multiples labels de qualit\u00e9 ind\u00e9pendants, dont le label <a href=\"https:\/\/www.spielgut.de\">&#8220;spiel gut&#8221;<\/a> et des r\u00e9compenses pour la promotion du d\u00e9veloppement de l&#8217;enfant et l&#8217;innovation dans le mouvement.<\/p>\n<p>Fabriqu\u00e9s \u00e0 100 % en Allemagne \u00e0 partir de PPE pur et \u00e9conome en ressources, les produits Stapelstein ne contiennent pas de plastifiants, d&#8217;adoucissants ou d&#8217;additifs. Ces jouets de haute qualit\u00e9 et s\u00fbrs sont r\u00e9sistants \u00e0 l&#8217;eau, \u00e0 la salive, aux morsures et aux UV et conviennent \u00e0 un usage int\u00e9rieur et ext\u00e9rieur.<\/p>\n<p>Les pierres Stapelstein conviennent aux enfants \u00e2g\u00e9s de 1 an et plus.<\/p>\n<p>En raison des conditions d&#8217;\u00e9clairage lors de la photographie du produit et des diff\u00e9rents r\u00e9glages d&#8217;\u00e9cran, la couleur des pierres \u00e0 empiler peut diff\u00e9rer de l&#8217;illustration.<\/p>\n<p>Contenu :<\/p>\n<p>6 pierres \u00e0 empiler.<\/p>\n<p><strong>Quelques consignes de s\u00e9curit\u00e9 :<\/strong><\/p>\n<p>Les objets et surfaces pointus et tranchants tels que les ciseaux, les couteaux, les clous, le fil de fer, les pierres, etc. ne doivent pas \u00eatre mis en contact avec la pierre \u00e0 empiler. Les objets et surfaces pointus et tranchants peuvent causer des dommages permanents \u00e0 la pierre d&#8217;empilage.<\/p>\n<p>\u00c9vitez la chaleur extr\u00eame et toutes les sources d&#8217;inflammation possibles (flammes ou \u00e9tincelles).<br \/>\nLorsque vous jouez dans l&#8217;eau, les pierres empil\u00e9es servent uniquement de jouets et non d&#8217;aide \u00e0 la flottaison. Les pierres \u00e0 empiler ne doivent donc \u00eatre utilis\u00e9es que dans des eaux peu profondes, sous la surveillance d&#8217;un adulte.<\/p>\n<p>Faites attention \u00e0 l&#8217;\u00e9quilibre ! Sur les sols glissants, les mouvements saccad\u00e9s peuvent faire glisser les pierres \u00e0 empiler. Un tapis ou une sorte de tapis de yoga emp\u00eachera les pierres empil\u00e9es de glisser.<\/p>\n","protected":false},"excerpt":{"rendered":"<p>Num\u00e9ro d&#8217;article: 100019<\/p>\n<p>Le petit ensemble de pierres \u00e0 empiler Stapelstein arc-en-ciel est 100 % fabriqu\u00e9 en Allemagne et encourage le jeu actif et le mouvement chez les enfants !<\/p>\n","protected":false},"featured_media":33924,"comment_status":"open","ping_status":"closed","template":"","meta":[],"product_brand":[],"product_cat":[208,215,216,23635,22344,635,283,17241,21257,13130,13144,18969,23132,13140,13142,217,5851,24313,209,18968,212],"product_tag":[19225,8625,19217,19213,19218,19215,19219,19216,19222,19221,1227,19220,19214,19211,19210,19212,19224,19223],"class_list":{"0":"post-35916","1":"product","2":"type-product","3":"status-publish","4":"has-post-thumbnail","6":"product_cat-1-3-ans","7":"product_cat-3-6-ans","8":"product_cat-6-12-ans","9":"product_cat-collection-dete","10":"product_cat-collections-saisonnieres","11":"product_cat-competences-motrices","12":"product_cat-domaines-du-curriculum","13":"product_cat-guide-cadeaux-3-6-ans","14":"product_cat-guides-cadeaux","15":"product_cat-jouer","16":"product_cat-jouets-a-empiler","17":"product_cat-jouets-actifs","18":"product_cat-jouets-de-plein-air","19":"product_cat-jeu-libre","20":"product_cat-jeu-sensoriel","21":"product_cat-marques","22":"product_cat-nouveautes","23":"product_cat-saint-valentin","24":"product_cat-sensorielles-motrices","25":"product_cat-stapelstein-fr","26":"product_cat-tranche-dage","27":"product_tag-equipements-de-jeux-actifs-interieurs","28":"product_tag-fabrique-en-allemagne","29":"product_tag-jeux-actifs-en-interieur","30":"product_tag-jouets-actifs","31":"product_tag-jouets-actifs-fr","32":"product_tag-jouets-actifs-dinterieur","33":"product_tag-jouets-actifs-durables","34":"product_tag-jouets-dequilibre","35":"product_tag-jouets-dexercice-pour-enfants","36":"product_tag-jouets-neutres-en-carbone","37":"product_tag-jouets-ouverts","38":"product_tag-marques-neutres-en-carbone","39":"product_tag-pierres-a-empiler-arc-en-ciel","40":"product_tag-pierres-a-empiler-stapelstein","41":"product_tag-stapelstein-fr","42":"product_tag-stapelstein-rainbow-fr","43":"product_tag-tremplins-dinterieur","44":"product_tag-tremplins-pour-enfants","46":"first","47":"outofstock","48":"taxable","49":"shipping-taxable","50":"purchasable","51":"product-type-simple"},"yoast_head":"<!-- This site is optimized with the Yoast SEO plugin v27.1.1 - https:\/\/yoast.com\/product\/yoast-seo-wordpress\/ -->\n<title>Arc-en-ciel petit ensemble - Stapelstein - Teia Education &amp; Play<\/title>\n<meta name=\"description\" content=\"Le petit ensemble de pierres \u00e0 empiler Stapelstein arc-en-ciel est 100 % fabriqu\u00e9 en Allemagne et encourage le jeu actif et le mouvement !\" \/>\n<meta name=\"robots\" content=\"index, follow, max-snippet:-1, max-image-preview:large, max-video-preview:-1\" \/>\n<link rel=\"canonical\" href=\"https:\/\/teiaeducation.ch\/fr\/produit\/arc-en-ciel-petit-ensemble-stapelstein\/\" \/>\n<meta property=\"og:locale\" content=\"fr_FR\" \/>\n<meta property=\"og:type\" content=\"article\" \/>\n<meta property=\"og:title\" content=\"Arc-en-ciel petit ensemble - Stapelstein - Teia Education &amp; Play\" \/>\n<meta property=\"og:description\" content=\"Le petit ensemble de pierres \u00e0 empiler Stapelstein arc-en-ciel est 100 % fabriqu\u00e9 en Allemagne et encourage le jeu actif et le mouvement !\" \/>\n<meta property=\"og:url\" content=\"https:\/\/teiaeducation.ch\/fr\/produit\/arc-en-ciel-petit-ensemble-stapelstein\/\" \/>\n<meta property=\"og:site_name\" content=\"Sustainable Educational Products &amp; Ecological Toys\u00a0\" \/>\n<meta property=\"article:publisher\" content=\"https:\/\/www.facebook.com\/teiaeducation\/\" \/>\n<meta property=\"article:modified_time\" content=\"2023-09-12T12:53:43+00:00\" \/>\n<meta property=\"og:image\" content=\"https:\/\/teiaeducation.ch\/wp-content\/uploads\/2021\/02\/Rainbow-stacking-stones-set-small-Stapelstein-made-in-Germany-scaled.jpg\" \/>\n\t<meta property=\"og:image:width\" content=\"720\" \/>\n\t<meta property=\"og:image:height\" content=\"900\" \/>\n\t<meta property=\"og:image:type\" content=\"image\/jpeg\" \/>\n<script type=\"application\/ld+json\" class=\"yoast-schema-graph\">{\"@context\":\"https:\/\/schema.org\",\"@graph\":[{\"@type\":\"WebPage\",\"@id\":\"https:\/\/teiaeducation.ch\/fr\/produit\/arc-en-ciel-petit-ensemble-stapelstein\/\",\"url\":\"https:\/\/teiaeducation.ch\/fr\/produit\/arc-en-ciel-petit-ensemble-stapelstein\/\",\"name\":\"Arc-en-ciel petit ensemble - Stapelstein - Teia Education & Play\",\"isPartOf\":{\"@id\":\"https:\/\/teiaeducation.ch\/fr\/#website\"},\"primaryImageOfPage\":{\"@id\":\"https:\/\/teiaeducation.ch\/fr\/produit\/arc-en-ciel-petit-ensemble-stapelstein\/#primaryimage\"},\"image\":{\"@id\":\"https:\/\/teiaeducation.ch\/fr\/produit\/arc-en-ciel-petit-ensemble-stapelstein\/#primaryimage\"},\"thumbnailUrl\":\"https:\/\/teiaeducation.ch\/wp-content\/uploads\/2021\/02\/Rainbow-stacking-stones-set-small-Stapelstein-made-in-Germany-scaled.jpg\",\"datePublished\":\"2021-02-03T14:49:38+00:00\",\"dateModified\":\"2023-09-12T12:53:43+00:00\",\"description\":\"Le petit ensemble de pierres \u00e0 empiler Stapelstein arc-en-ciel est 100 % fabriqu\u00e9 en Allemagne et encourage le jeu actif et le mouvement !\",\"breadcrumb\":{\"@id\":\"https:\/\/teiaeducation.ch\/fr\/produit\/arc-en-ciel-petit-ensemble-stapelstein\/#breadcrumb\"},\"inLanguage\":\"fr-FR\",\"potentialAction\":[{\"@type\":\"ReadAction\",\"target\":[\"https:\/\/teiaeducation.ch\/fr\/produit\/arc-en-ciel-petit-ensemble-stapelstein\/\"]}]},{\"@type\":\"ImageObject\",\"inLanguage\":\"fr-FR\",\"@id\":\"https:\/\/teiaeducation.ch\/fr\/produit\/arc-en-ciel-petit-ensemble-stapelstein\/#primaryimage\",\"url\":\"https:\/\/teiaeducation.ch\/wp-content\/uploads\/2021\/02\/Rainbow-stacking-stones-set-small-Stapelstein-made-in-Germany-scaled.jpg\",\"contentUrl\":\"https:\/\/teiaeducation.ch\/wp-content\/uploads\/2021\/02\/Rainbow-stacking-stones-set-small-Stapelstein-made-in-Germany-scaled.jpg\",\"width\":720,\"height\":900,\"caption\":\"Ensemble de pierres \u00e0 empiler arc-en-ciel petit Stapelstein made in Germany\"},{\"@type\":\"BreadcrumbList\",\"@id\":\"https:\/\/teiaeducation.ch\/fr\/produit\/arc-en-ciel-petit-ensemble-stapelstein\/#breadcrumb\",\"itemListElement\":[{\"@type\":\"ListItem\",\"position\":1,\"name\":\"Home\",\"item\":\"https:\/\/teiaeducation.ch\/fr\/\"},{\"@type\":\"ListItem\",\"position\":2,\"name\":\"Boutique Teia Education &amp; Play\",\"item\":\"https:\/\/teiaeducation.ch\/fr\/boutique\/\"},{\"@type\":\"ListItem\",\"position\":3,\"name\":\"Nos Marques\",\"item\":\"https:\/\/teiaeducation.ch\/fr\/categorie-produit\/marques\/\"},{\"@type\":\"ListItem\",\"position\":4,\"name\":\"Stapelstein\",\"item\":\"https:\/\/teiaeducation.ch\/fr\/categorie-produit\/marques\/stapelstein-fr\/\"},{\"@type\":\"ListItem\",\"position\":5,\"name\":\"Arc-en-ciel petit ensemble &#8211; Stapelstein\"}]},{\"@type\":\"WebSite\",\"@id\":\"https:\/\/teiaeducation.ch\/fr\/#website\",\"url\":\"https:\/\/teiaeducation.ch\/fr\/\",\"name\":\"Sustainable Educational Products &amp; Ecological Toys\u00a0\",\"description\":\"Specialised Swiss shop selling sustainable educational toys and games, AMI certified Montessori materials, handmade ecological wooden Waldorf toys and arts &amp; crafts supplies, school supplies, children&#039;s furniture and Montessori reference and parenting books.\",\"publisher\":{\"@id\":\"https:\/\/teiaeducation.ch\/fr\/#organization\"},\"alternateName\":\"Teia Education & Play\",\"potentialAction\":[{\"@type\":\"SearchAction\",\"target\":{\"@type\":\"EntryPoint\",\"urlTemplate\":\"https:\/\/teiaeducation.ch\/fr\/?s={search_term_string}\"},\"query-input\":{\"@type\":\"PropertyValueSpecification\",\"valueRequired\":true,\"valueName\":\"search_term_string\"}}],\"inLanguage\":\"fr-FR\"},{\"@type\":\"Organization\",\"@id\":\"https:\/\/teiaeducation.ch\/fr\/#organization\",\"name\":\"Teia Education & Play\",\"url\":\"https:\/\/teiaeducation.ch\/fr\/\",\"logo\":{\"@type\":\"ImageObject\",\"inLanguage\":\"fr-FR\",\"@id\":\"https:\/\/teiaeducation.ch\/fr\/#\/schema\/logo\/image\/\",\"url\":\"https:\/\/teiaeducation.ch\/wp-content\/uploads\/2020\/11\/Teia-Education-Switzerland-e1620156442216.jpg\",\"contentUrl\":\"https:\/\/teiaeducation.ch\/wp-content\/uploads\/2020\/11\/Teia-Education-Switzerland-e1620156442216.jpg\",\"width\":166,\"height\":145,\"caption\":\"Teia Education & Play\"},\"image\":{\"@id\":\"https:\/\/teiaeducation.ch\/fr\/#\/schema\/logo\/image\/\"},\"sameAs\":[\"https:\/\/www.facebook.com\/teiaeducation\/\",\"https:\/\/x.com\/EducationTeia\",\"https:\/\/www.instagram.com\/teia.education\/\",\"https:\/\/www.linkedin.com\/company\/35501660\",\"https:\/\/www.pinterest.ch\/TeiaEducation\/\"]}]}<\/script>\n<!-- \/ Yoast SEO plugin. -->","yoast_head_json":{"title":"Arc-en-ciel petit ensemble - Stapelstein - Teia Education & Play","description":"Le petit ensemble de pierres \u00e0 empiler Stapelstein arc-en-ciel est 100 % fabriqu\u00e9 en Allemagne et encourage le jeu actif et le mouvement !","robots":{"index":"index","follow":"follow","max-snippet":"max-snippet:-1","max-image-preview":"max-image-preview:large","max-video-preview":"max-video-preview:-1"},"canonical":"https:\/\/teiaeducation.ch\/fr\/produit\/arc-en-ciel-petit-ensemble-stapelstein\/","og_locale":"fr_FR","og_type":"article","og_title":"Arc-en-ciel petit ensemble - Stapelstein - Teia Education & Play","og_description":"Le petit ensemble de pierres \u00e0 empiler Stapelstein arc-en-ciel est 100 % fabriqu\u00e9 en Allemagne et encourage le jeu actif et le mouvement !","og_url":"https:\/\/teiaeducation.ch\/fr\/produit\/arc-en-ciel-petit-ensemble-stapelstein\/","og_site_name":"Sustainable Educational Products &amp; Ecological Toys\u00a0","article_publisher":"https:\/\/www.facebook.com\/teiaeducation\/","article_modified_time":"2023-09-12T12:53:43+00:00","og_image":[{"width":720,"height":900,"url":"https:\/\/teiaeducation.ch\/wp-content\/uploads\/2021\/02\/Rainbow-stacking-stones-set-small-Stapelstein-made-in-Germany-scaled.jpg","type":"image\/jpeg"}],"schema":{"@context":"https:\/\/schema.org","@graph":[{"@type":"WebPage","@id":"https:\/\/teiaeducation.ch\/fr\/produit\/arc-en-ciel-petit-ensemble-stapelstein\/","url":"https:\/\/teiaeducation.ch\/fr\/produit\/arc-en-ciel-petit-ensemble-stapelstein\/","name":"Arc-en-ciel petit ensemble - Stapelstein - Teia Education & Play","isPartOf":{"@id":"https:\/\/teiaeducation.ch\/fr\/#website"},"primaryImageOfPage":{"@id":"https:\/\/teiaeducation.ch\/fr\/produit\/arc-en-ciel-petit-ensemble-stapelstein\/#primaryimage"},"image":{"@id":"https:\/\/teiaeducation.ch\/fr\/produit\/arc-en-ciel-petit-ensemble-stapelstein\/#primaryimage"},"thumbnailUrl":"https:\/\/teiaeducation.ch\/wp-content\/uploads\/2021\/02\/Rainbow-stacking-stones-set-small-Stapelstein-made-in-Germany-scaled.jpg","datePublished":"2021-02-03T14:49:38+00:00","dateModified":"2023-09-12T12:53:43+00:00","description":"Le petit ensemble de pierres \u00e0 empiler Stapelstein arc-en-ciel est 100 % fabriqu\u00e9 en Allemagne et encourage le jeu actif et le mouvement !","breadcrumb":{"@id":"https:\/\/teiaeducation.ch\/fr\/produit\/arc-en-ciel-petit-ensemble-stapelstein\/#breadcrumb"},"inLanguage":"fr-FR","potentialAction":[{"@type":"ReadAction","target":["https:\/\/teiaeducation.ch\/fr\/produit\/arc-en-ciel-petit-ensemble-stapelstein\/"]}]},{"@type":"ImageObject","inLanguage":"fr-FR","@id":"https:\/\/teiaeducation.ch\/fr\/produit\/arc-en-ciel-petit-ensemble-stapelstein\/#primaryimage","url":"https:\/\/teiaeducation.ch\/wp-content\/uploads\/2021\/02\/Rainbow-stacking-stones-set-small-Stapelstein-made-in-Germany-scaled.jpg","contentUrl":"https:\/\/teiaeducation.ch\/wp-content\/uploads\/2021\/02\/Rainbow-stacking-stones-set-small-Stapelstein-made-in-Germany-scaled.jpg","width":720,"height":900,"caption":"Ensemble de pierres \u00e0 empiler arc-en-ciel petit Stapelstein made in Germany"},{"@type":"BreadcrumbList","@id":"https:\/\/teiaeducation.ch\/fr\/produit\/arc-en-ciel-petit-ensemble-stapelstein\/#breadcrumb","itemListElement":[{"@type":"ListItem","position":1,"name":"Home","item":"https:\/\/teiaeducation.ch\/fr\/"},{"@type":"ListItem","position":2,"name":"Boutique Teia Education &amp; Play","item":"https:\/\/teiaeducation.ch\/fr\/boutique\/"},{"@type":"ListItem","position":3,"name":"Nos Marques","item":"https:\/\/teiaeducation.ch\/fr\/categorie-produit\/marques\/"},{"@type":"ListItem","position":4,"name":"Stapelstein","item":"https:\/\/teiaeducation.ch\/fr\/categorie-produit\/marques\/stapelstein-fr\/"},{"@type":"ListItem","position":5,"name":"Arc-en-ciel petit ensemble &#8211; Stapelstein"}]},{"@type":"WebSite","@id":"https:\/\/teiaeducation.ch\/fr\/#website","url":"https:\/\/teiaeducation.ch\/fr\/","name":"Sustainable Educational Products &amp; Ecological Toys\u00a0","description":"Specialised Swiss shop selling sustainable educational toys and games, AMI certified Montessori materials, handmade ecological wooden Waldorf toys and arts &amp; crafts supplies, school supplies, children&#039;s furniture and Montessori reference and parenting books.","publisher":{"@id":"https:\/\/teiaeducation.ch\/fr\/#organization"},"alternateName":"Teia Education & Play","potentialAction":[{"@type":"SearchAction","target":{"@type":"EntryPoint","urlTemplate":"https:\/\/teiaeducation.ch\/fr\/?s={search_term_string}"},"query-input":{"@type":"PropertyValueSpecification","valueRequired":true,"valueName":"search_term_string"}}],"inLanguage":"fr-FR"},{"@type":"Organization","@id":"https:\/\/teiaeducation.ch\/fr\/#organization","name":"Teia Education & Play","url":"https:\/\/teiaeducation.ch\/fr\/","logo":{"@type":"ImageObject","inLanguage":"fr-FR","@id":"https:\/\/teiaeducation.ch\/fr\/#\/schema\/logo\/image\/","url":"https:\/\/teiaeducation.ch\/wp-content\/uploads\/2020\/11\/Teia-Education-Switzerland-e1620156442216.jpg","contentUrl":"https:\/\/teiaeducation.ch\/wp-content\/uploads\/2020\/11\/Teia-Education-Switzerland-e1620156442216.jpg","width":166,"height":145,"caption":"Teia Education & Play"},"image":{"@id":"https:\/\/teiaeducation.ch\/fr\/#\/schema\/logo\/image\/"},"sameAs":["https:\/\/www.facebook.com\/teiaeducation\/","https:\/\/x.com\/EducationTeia","https:\/\/www.instagram.com\/teia.education\/","https:\/\/www.linkedin.com\/company\/35501660","https:\/\/www.pinterest.ch\/TeiaEducation\/"]}]}},"_links":{"self":[{"href":"https:\/\/teiaeducation.ch\/fr\/wp-json\/wp\/v2\/product\/35916","targetHints":{"allow":["GET"]}}],"collection":[{"href":"https:\/\/teiaeducation.ch\/fr\/wp-json\/wp\/v2\/product"}],"about":[{"href":"https:\/\/teiaeducation.ch\/fr\/wp-json\/wp\/v2\/types\/product"}],"replies":[{"embeddable":true,"href":"https:\/\/teiaeducation.ch\/fr\/wp-json\/wp\/v2\/comments?post=35916"}],"wp:featuredmedia":[{"embeddable":true,"href":"https:\/\/teiaeducation.ch\/fr\/wp-json\/wp\/v2\/media\/33924"}],"wp:attachment":[{"href":"https:\/\/teiaeducation.ch\/fr\/wp-json\/wp\/v2\/media?parent=35916"}],"wp:term":[{"taxonomy":"product_brand","embeddable":true,"href":"https:\/\/teiaeducation.ch\/fr\/wp-json\/wp\/v2\/product_brand?post=35916"},{"taxonomy":"product_cat","embeddable":true,"href":"https:\/\/teiaeducation.ch\/fr\/wp-json\/wp\/v2\/product_cat?post=35916"},{"taxonomy":"product_tag","embeddable":true,"href":"https:\/\/teiaeducation.ch\/fr\/wp-json\/wp\/v2\/product_tag?post=35916"}],"curies":[{"name":"wp","href":"https:\/\/api.w.org\/{rel}","templated":true}]}}