{"id":35923,"date":"2021-02-03T15:21:15","date_gmt":"2021-05-03T10:55:33","guid":{"rendered":"https:\/\/teiaeducation.ch\/product\/pierre-a-empiler-bleu-clair-stapelstein\/"},"modified":"2021-11-09T14:02:51","modified_gmt":"2021-11-09T13:02:51","slug":"empilage-pierre-clair-bleue-stapelstein","status":"publish","type":"product","link":"https:\/\/teiaeducation.ch\/fr\/produit\/empilage-pierre-clair-bleue-stapelstein\/","title":{"rendered":"Pierre \u00e0 empiler bleu clair &#8211; Stapelstein"},"content":{"rendered":"<p>Pierre \u00e0 empiler en bleu clair &#8211; Stapelstein fabriqu\u00e9 en Allemagne<\/p>\n<p>Les pierres \u00e0 empiler arc-en-ciel de Stapelstein invitent \u00e0 des mouvements et des jeux sans fin ! Les magnifiques nuances de l&#8217;arc-en-ciel et la nature polyvalente des pierres am\u00e9lioreront les <a href=\"https:\/\/teiaeducation.ch\/fr\/categorie-produit\/domaines-du-curriculum\/sensorielles-motrices\/dexterite\/\">capacit\u00e9s motrices<\/a> et inciteront les enfants de tous \u00e2ges \u00e0 empiler, tourner, s&#8217;\u00e9quilibrer et bouger !<\/p>\n<p>Qu&#8217;il s&#8217;agisse de tremplins au-dessus d&#8217;une rivi\u00e8re imaginaire, de toupies, de tabourets ou de marches \u00e0 gravir, ces \u00e9l\u00e9ments de jeu color\u00e9s ont leur place dans la chambre de chaque enfant, dans sa salle de jeux ou m\u00eame \u00e0 la (pr\u00e9)\u00e9cole.<\/p>\n<p>La pierre \u00e0 empiler bleu clair de Stapelstein mesure 27,5 cm de diam\u00e8tre et 12 cm de hauteur et p\u00e8se 180g. La charge max est de 180 kg.<\/p>\n<p>Inspir\u00e9e par la p\u00e9dagogie Pikler, la marque allemande Stapelstein propose aux enfants des jouets merveilleusement amusants et actifs qui transforment chaque pi\u00e8ce en un terrain d&#8217;aventure et inspirent le jeu et le mouvement libres, m\u00eame chez les plus jeunes. Les produits Stapelstein portent fi\u00e8rement de multiples labels de qualit\u00e9 ind\u00e9pendants, dont le label <a href=\"https:\/\/www.spielgut.de\">&#8220;spiel gut&#8221;<\/a> et des r\u00e9compenses pour la promotion du d\u00e9veloppement de l&#8217;enfant et l&#8217;innovation dans le mouvement.<\/p>\n<p>Fabriqu\u00e9s \u00e0 100 % en Allemagne \u00e0 partir de PPE pur et \u00e9conome en ressources, les produits Stapelstein ne contiennent pas de plastifiants, d&#8217;adoucissants ou d&#8217;additifs. Ces jouets de haute qualit\u00e9 et s\u00fbrs sont r\u00e9sistants \u00e0 l&#8217;eau, \u00e0 la salive, aux morsures et aux UV et conviennent \u00e0 un usage int\u00e9rieur et ext\u00e9rieur.<\/p>\n<p>Les pierres Stapelstein conviennent aux enfants \u00e2g\u00e9s de 1 an et plus.<\/p>\n<p>En raison des conditions d&#8217;\u00e9clairage lors de la photographie du produit et des diff\u00e9rents r\u00e9glages d&#8217;\u00e9cran, la couleur des pierres \u00e0 empiler peut diff\u00e9rer de l&#8217;illustration.<\/p>\n<p>Contenu :<\/p>\n<p>1 pierre \u00e0 empiler en bleu clair<\/p>\n<p><strong>Quelques consignes de s\u00e9curit\u00e9 :<\/strong><\/p>\n<p>Les objets et surfaces pointus et tranchants tels que les ciseaux, les couteaux, les clous, le fil de fer, les pierres, etc. ne doivent pas \u00eatre mis en contact avec la pierre \u00e0 empiler. Les objets et surfaces pointus et tranchants peuvent causer des dommages permanents \u00e0 la pierre d&#8217;empilage.<\/p>\n<p>\u00c9vitez la chaleur extr\u00eame et toutes les sources d&#8217;inflammation possibles (flammes ou \u00e9tincelles).<br \/>\nLorsque vous jouez dans l&#8217;eau, les pierres empil\u00e9es servent uniquement de jouets et non d&#8217;aide \u00e0 la flottaison. Les pierres \u00e0 empiler ne doivent donc \u00eatre utilis\u00e9es que dans des eaux peu profondes, sous la surveillance d&#8217;un adulte.<\/p>\n<p>Faites attention \u00e0 l&#8217;\u00e9quilibre ! Sur les sols glissants, les mouvements saccad\u00e9s peuvent faire glisser les pierres \u00e0 empiler. Un tapis ou une sorte de tapis de yoga emp\u00eachera les pierres empil\u00e9es de glisser.<\/p>\n<p>Voyez les pierres \u00e0 empiler en action :<\/p>\n<p><iframe loading=\"lazy\" title=\"Bewegung und Spa\u00df mit dem Stapelstein Regenbogen\" width=\"1020\" height=\"574\" src=\"https:\/\/www.youtube.com\/embed\/L1YsIpkmJAo?feature=oembed\" frameborder=\"0\" allow=\"accelerometer; autoplay; clipboard-write; encrypted-media; gyroscope; picture-in-picture\" allowfullscreen><\/iframe><\/p>\n","protected":false},"excerpt":{"rendered":"<p>Num\u00e9ro d&#8217;article: 100008<\/p>\n<p>La pierre \u00e0 empiler bleu clair Stapelstein est fabriqu\u00e9 en Allemagne \u00e0 partir de PPE pur et \u00e9conome et encourage le jeu actif et le mouvement des enfants !<\/p>\n","protected":false},"featured_media":33892,"comment_status":"open","ping_status":"closed","template":"","meta":[],"product_brand":[],"product_cat":[208,215,216,635,283,17241,13130,13144,18969,13140,13142,217,5851,209,18968,212],"product_tag":[19225,8625,19217,19213,19218,19215,19219,19216,19222,19221,1227,19220,19214,19211,19210,19212,19224,19223],"class_list":{"0":"post-35923","1":"product","2":"type-product","3":"status-publish","4":"has-post-thumbnail","6":"product_cat-1-3-ans","7":"product_cat-3-6-ans","8":"product_cat-6-12-ans","9":"product_cat-competences-motrices","10":"product_cat-domaines-du-curriculum","11":"product_cat-guide-cadeaux-3-6-ans","12":"product_cat-jouer","13":"product_cat-jouets-a-empiler","14":"product_cat-jouets-actifs","15":"product_cat-jeu-libre","16":"product_cat-jeu-sensoriel","17":"product_cat-marques","18":"product_cat-nouveautes","19":"product_cat-sensorielles-motrices","20":"product_cat-stapelstein-fr","21":"product_cat-tranche-dage","22":"product_tag-equipements-de-jeux-actifs-interieurs","23":"product_tag-fabrique-en-allemagne","24":"product_tag-jeux-actifs-en-interieur","25":"product_tag-jouets-actifs","26":"product_tag-jouets-actifs-fr","27":"product_tag-jouets-actifs-dinterieur","28":"product_tag-jouets-actifs-durables","29":"product_tag-jouets-dequilibre","30":"product_tag-jouets-dexercice-pour-enfants","31":"product_tag-jouets-neutres-en-carbone","32":"product_tag-jouets-ouverts","33":"product_tag-marques-neutres-en-carbone","34":"product_tag-pierres-a-empiler-arc-en-ciel","35":"product_tag-pierres-a-empiler-stapelstein","36":"product_tag-stapelstein-fr","37":"product_tag-stapelstein-rainbow-fr","38":"product_tag-tremplins-dinterieur","39":"product_tag-tremplins-pour-enfants","41":"first","42":"onbackorder","43":"taxable","44":"shipping-taxable","45":"purchasable","46":"product-type-simple"},"yoast_head":"<!-- This site is optimized with the Yoast SEO plugin v27.1.1 - https:\/\/yoast.com\/product\/yoast-seo-wordpress\/ -->\n<title>Pierre \u00e0 empiler bleu clair - Stapelstein - Teia Education &amp; Play<\/title>\n<meta name=\"description\" content=\"La pierre \u00e0 empiler bleu clair Stapelstein est fabriqu\u00e9 en Allemagne \u00e0 partir de PPE pur et \u00e9conome et encourage le jeu actif et le mouvement.\" \/>\n<meta name=\"robots\" content=\"index, follow, max-snippet:-1, max-image-preview:large, max-video-preview:-1\" \/>\n<link rel=\"canonical\" href=\"https:\/\/teiaeducation.ch\/fr\/produit\/empilage-pierre-clair-bleue-stapelstein\/\" \/>\n<meta property=\"og:locale\" content=\"fr_FR\" \/>\n<meta property=\"og:type\" content=\"article\" \/>\n<meta property=\"og:title\" content=\"Pierre \u00e0 empiler bleu clair - Stapelstein - Teia Education &amp; Play\" \/>\n<meta property=\"og:description\" content=\"La pierre \u00e0 empiler bleu clair Stapelstein est fabriqu\u00e9 en Allemagne \u00e0 partir de PPE pur et \u00e9conome et encourage le jeu actif et le mouvement.\" \/>\n<meta property=\"og:url\" content=\"https:\/\/teiaeducation.ch\/fr\/produit\/empilage-pierre-clair-bleue-stapelstein\/\" \/>\n<meta property=\"og:site_name\" content=\"Sustainable Educational Products &amp; Ecological Toys\u00a0\" \/>\n<meta property=\"article:publisher\" content=\"https:\/\/www.facebook.com\/teiaeducation\/\" \/>\n<meta property=\"article:modified_time\" content=\"2021-11-09T13:02:51+00:00\" \/>\n<meta property=\"og:image\" content=\"https:\/\/teiaeducation.ch\/wp-content\/uploads\/2021\/02\/Stacking-stone-in-light-blue-Stapelstein-made-in-Germany-scaled.jpg\" \/>\n\t<meta property=\"og:image:width\" content=\"900\" \/>\n\t<meta property=\"og:image:height\" content=\"900\" \/>\n\t<meta property=\"og:image:type\" content=\"image\/jpeg\" \/>\n<script type=\"application\/ld+json\" class=\"yoast-schema-graph\">{\"@context\":\"https:\/\/schema.org\",\"@graph\":[{\"@type\":\"WebPage\",\"@id\":\"https:\/\/teiaeducation.ch\/fr\/produit\/empilage-pierre-clair-bleue-stapelstein\/\",\"url\":\"https:\/\/teiaeducation.ch\/fr\/produit\/empilage-pierre-clair-bleue-stapelstein\/\",\"name\":\"Pierre \u00e0 empiler bleu clair - Stapelstein - Teia Education & Play\",\"isPartOf\":{\"@id\":\"https:\/\/teiaeducation.ch\/fr\/#website\"},\"primaryImageOfPage\":{\"@id\":\"https:\/\/teiaeducation.ch\/fr\/produit\/empilage-pierre-clair-bleue-stapelstein\/#primaryimage\"},\"image\":{\"@id\":\"https:\/\/teiaeducation.ch\/fr\/produit\/empilage-pierre-clair-bleue-stapelstein\/#primaryimage\"},\"thumbnailUrl\":\"https:\/\/teiaeducation.ch\/wp-content\/uploads\/2021\/02\/Stacking-stone-in-light-blue-Stapelstein-made-in-Germany-scaled.jpg\",\"datePublished\":\"2021-05-03T10:55:33+00:00\",\"dateModified\":\"2021-11-09T13:02:51+00:00\",\"description\":\"La pierre \u00e0 empiler bleu clair Stapelstein est fabriqu\u00e9 en Allemagne \u00e0 partir de PPE pur et \u00e9conome et encourage le jeu actif et le mouvement.\",\"breadcrumb\":{\"@id\":\"https:\/\/teiaeducation.ch\/fr\/produit\/empilage-pierre-clair-bleue-stapelstein\/#breadcrumb\"},\"inLanguage\":\"fr-FR\",\"potentialAction\":[{\"@type\":\"ReadAction\",\"target\":[\"https:\/\/teiaeducation.ch\/fr\/produit\/empilage-pierre-clair-bleue-stapelstein\/\"]}]},{\"@type\":\"ImageObject\",\"inLanguage\":\"fr-FR\",\"@id\":\"https:\/\/teiaeducation.ch\/fr\/produit\/empilage-pierre-clair-bleue-stapelstein\/#primaryimage\",\"url\":\"https:\/\/teiaeducation.ch\/wp-content\/uploads\/2021\/02\/Stacking-stone-in-light-blue-Stapelstein-made-in-Germany-scaled.jpg\",\"contentUrl\":\"https:\/\/teiaeducation.ch\/wp-content\/uploads\/2021\/02\/Stacking-stone-in-light-blue-Stapelstein-made-in-Germany-scaled.jpg\",\"width\":900,\"height\":900,\"caption\":\"Pierre \u00e0 empiler en bleu clair - Stapelstein fabriqu\u00e9 en Allemagne\"},{\"@type\":\"BreadcrumbList\",\"@id\":\"https:\/\/teiaeducation.ch\/fr\/produit\/empilage-pierre-clair-bleue-stapelstein\/#breadcrumb\",\"itemListElement\":[{\"@type\":\"ListItem\",\"position\":1,\"name\":\"Home\",\"item\":\"https:\/\/teiaeducation.ch\/fr\/\"},{\"@type\":\"ListItem\",\"position\":2,\"name\":\"Boutique Teia Education &amp; Play\",\"item\":\"https:\/\/teiaeducation.ch\/fr\/boutique\/\"},{\"@type\":\"ListItem\",\"position\":3,\"name\":\"Nos Marques\",\"item\":\"https:\/\/teiaeducation.ch\/fr\/categorie-produit\/marques\/\"},{\"@type\":\"ListItem\",\"position\":4,\"name\":\"Stapelstein\",\"item\":\"https:\/\/teiaeducation.ch\/fr\/categorie-produit\/marques\/stapelstein-fr\/\"},{\"@type\":\"ListItem\",\"position\":5,\"name\":\"Pierre \u00e0 empiler bleu clair &#8211; Stapelstein\"}]},{\"@type\":\"WebSite\",\"@id\":\"https:\/\/teiaeducation.ch\/fr\/#website\",\"url\":\"https:\/\/teiaeducation.ch\/fr\/\",\"name\":\"Sustainable Educational Products &amp; Ecological Toys\u00a0\",\"description\":\"Specialised Swiss shop selling sustainable educational toys and games, AMI certified Montessori materials, handmade ecological wooden Waldorf toys and arts &amp; crafts supplies, school supplies, children&#039;s furniture and Montessori reference and parenting books.\",\"publisher\":{\"@id\":\"https:\/\/teiaeducation.ch\/fr\/#organization\"},\"alternateName\":\"Teia Education & Play\",\"potentialAction\":[{\"@type\":\"SearchAction\",\"target\":{\"@type\":\"EntryPoint\",\"urlTemplate\":\"https:\/\/teiaeducation.ch\/fr\/?s={search_term_string}\"},\"query-input\":{\"@type\":\"PropertyValueSpecification\",\"valueRequired\":true,\"valueName\":\"search_term_string\"}}],\"inLanguage\":\"fr-FR\"},{\"@type\":\"Organization\",\"@id\":\"https:\/\/teiaeducation.ch\/fr\/#organization\",\"name\":\"Teia Education & Play\",\"url\":\"https:\/\/teiaeducation.ch\/fr\/\",\"logo\":{\"@type\":\"ImageObject\",\"inLanguage\":\"fr-FR\",\"@id\":\"https:\/\/teiaeducation.ch\/fr\/#\/schema\/logo\/image\/\",\"url\":\"https:\/\/teiaeducation.ch\/wp-content\/uploads\/2020\/11\/Teia-Education-Switzerland-e1620156442216.jpg\",\"contentUrl\":\"https:\/\/teiaeducation.ch\/wp-content\/uploads\/2020\/11\/Teia-Education-Switzerland-e1620156442216.jpg\",\"width\":166,\"height\":145,\"caption\":\"Teia Education & Play\"},\"image\":{\"@id\":\"https:\/\/teiaeducation.ch\/fr\/#\/schema\/logo\/image\/\"},\"sameAs\":[\"https:\/\/www.facebook.com\/teiaeducation\/\",\"https:\/\/x.com\/EducationTeia\",\"https:\/\/www.instagram.com\/teia.education\/\",\"https:\/\/www.linkedin.com\/company\/35501660\",\"https:\/\/www.pinterest.ch\/TeiaEducation\/\"]}]}<\/script>\n<!-- \/ Yoast SEO plugin. -->","yoast_head_json":{"title":"Pierre \u00e0 empiler bleu clair - Stapelstein - Teia Education & Play","description":"La pierre \u00e0 empiler bleu clair Stapelstein est fabriqu\u00e9 en Allemagne \u00e0 partir de PPE pur et \u00e9conome et encourage le jeu actif et le mouvement.","robots":{"index":"index","follow":"follow","max-snippet":"max-snippet:-1","max-image-preview":"max-image-preview:large","max-video-preview":"max-video-preview:-1"},"canonical":"https:\/\/teiaeducation.ch\/fr\/produit\/empilage-pierre-clair-bleue-stapelstein\/","og_locale":"fr_FR","og_type":"article","og_title":"Pierre \u00e0 empiler bleu clair - Stapelstein - Teia Education & Play","og_description":"La pierre \u00e0 empiler bleu clair Stapelstein est fabriqu\u00e9 en Allemagne \u00e0 partir de PPE pur et \u00e9conome et encourage le jeu actif et le mouvement.","og_url":"https:\/\/teiaeducation.ch\/fr\/produit\/empilage-pierre-clair-bleue-stapelstein\/","og_site_name":"Sustainable Educational Products &amp; Ecological Toys\u00a0","article_publisher":"https:\/\/www.facebook.com\/teiaeducation\/","article_modified_time":"2021-11-09T13:02:51+00:00","og_image":[{"width":900,"height":900,"url":"https:\/\/teiaeducation.ch\/wp-content\/uploads\/2021\/02\/Stacking-stone-in-light-blue-Stapelstein-made-in-Germany-scaled.jpg","type":"image\/jpeg"}],"schema":{"@context":"https:\/\/schema.org","@graph":[{"@type":"WebPage","@id":"https:\/\/teiaeducation.ch\/fr\/produit\/empilage-pierre-clair-bleue-stapelstein\/","url":"https:\/\/teiaeducation.ch\/fr\/produit\/empilage-pierre-clair-bleue-stapelstein\/","name":"Pierre \u00e0 empiler bleu clair - Stapelstein - Teia Education & Play","isPartOf":{"@id":"https:\/\/teiaeducation.ch\/fr\/#website"},"primaryImageOfPage":{"@id":"https:\/\/teiaeducation.ch\/fr\/produit\/empilage-pierre-clair-bleue-stapelstein\/#primaryimage"},"image":{"@id":"https:\/\/teiaeducation.ch\/fr\/produit\/empilage-pierre-clair-bleue-stapelstein\/#primaryimage"},"thumbnailUrl":"https:\/\/teiaeducation.ch\/wp-content\/uploads\/2021\/02\/Stacking-stone-in-light-blue-Stapelstein-made-in-Germany-scaled.jpg","datePublished":"2021-05-03T10:55:33+00:00","dateModified":"2021-11-09T13:02:51+00:00","description":"La pierre \u00e0 empiler bleu clair Stapelstein est fabriqu\u00e9 en Allemagne \u00e0 partir de PPE pur et \u00e9conome et encourage le jeu actif et le mouvement.","breadcrumb":{"@id":"https:\/\/teiaeducation.ch\/fr\/produit\/empilage-pierre-clair-bleue-stapelstein\/#breadcrumb"},"inLanguage":"fr-FR","potentialAction":[{"@type":"ReadAction","target":["https:\/\/teiaeducation.ch\/fr\/produit\/empilage-pierre-clair-bleue-stapelstein\/"]}]},{"@type":"ImageObject","inLanguage":"fr-FR","@id":"https:\/\/teiaeducation.ch\/fr\/produit\/empilage-pierre-clair-bleue-stapelstein\/#primaryimage","url":"https:\/\/teiaeducation.ch\/wp-content\/uploads\/2021\/02\/Stacking-stone-in-light-blue-Stapelstein-made-in-Germany-scaled.jpg","contentUrl":"https:\/\/teiaeducation.ch\/wp-content\/uploads\/2021\/02\/Stacking-stone-in-light-blue-Stapelstein-made-in-Germany-scaled.jpg","width":900,"height":900,"caption":"Pierre \u00e0 empiler en bleu clair - Stapelstein fabriqu\u00e9 en Allemagne"},{"@type":"BreadcrumbList","@id":"https:\/\/teiaeducation.ch\/fr\/produit\/empilage-pierre-clair-bleue-stapelstein\/#breadcrumb","itemListElement":[{"@type":"ListItem","position":1,"name":"Home","item":"https:\/\/teiaeducation.ch\/fr\/"},{"@type":"ListItem","position":2,"name":"Boutique Teia Education &amp; Play","item":"https:\/\/teiaeducation.ch\/fr\/boutique\/"},{"@type":"ListItem","position":3,"name":"Nos Marques","item":"https:\/\/teiaeducation.ch\/fr\/categorie-produit\/marques\/"},{"@type":"ListItem","position":4,"name":"Stapelstein","item":"https:\/\/teiaeducation.ch\/fr\/categorie-produit\/marques\/stapelstein-fr\/"},{"@type":"ListItem","position":5,"name":"Pierre \u00e0 empiler bleu clair &#8211; Stapelstein"}]},{"@type":"WebSite","@id":"https:\/\/teiaeducation.ch\/fr\/#website","url":"https:\/\/teiaeducation.ch\/fr\/","name":"Sustainable Educational Products &amp; Ecological Toys\u00a0","description":"Specialised Swiss shop selling sustainable educational toys and games, AMI certified Montessori materials, handmade ecological wooden Waldorf toys and arts &amp; crafts supplies, school supplies, children&#039;s furniture and Montessori reference and parenting books.","publisher":{"@id":"https:\/\/teiaeducation.ch\/fr\/#organization"},"alternateName":"Teia Education & Play","potentialAction":[{"@type":"SearchAction","target":{"@type":"EntryPoint","urlTemplate":"https:\/\/teiaeducation.ch\/fr\/?s={search_term_string}"},"query-input":{"@type":"PropertyValueSpecification","valueRequired":true,"valueName":"search_term_string"}}],"inLanguage":"fr-FR"},{"@type":"Organization","@id":"https:\/\/teiaeducation.ch\/fr\/#organization","name":"Teia Education & Play","url":"https:\/\/teiaeducation.ch\/fr\/","logo":{"@type":"ImageObject","inLanguage":"fr-FR","@id":"https:\/\/teiaeducation.ch\/fr\/#\/schema\/logo\/image\/","url":"https:\/\/teiaeducation.ch\/wp-content\/uploads\/2020\/11\/Teia-Education-Switzerland-e1620156442216.jpg","contentUrl":"https:\/\/teiaeducation.ch\/wp-content\/uploads\/2020\/11\/Teia-Education-Switzerland-e1620156442216.jpg","width":166,"height":145,"caption":"Teia Education & Play"},"image":{"@id":"https:\/\/teiaeducation.ch\/fr\/#\/schema\/logo\/image\/"},"sameAs":["https:\/\/www.facebook.com\/teiaeducation\/","https:\/\/x.com\/EducationTeia","https:\/\/www.instagram.com\/teia.education\/","https:\/\/www.linkedin.com\/company\/35501660","https:\/\/www.pinterest.ch\/TeiaEducation\/"]}]}},"_links":{"self":[{"href":"https:\/\/teiaeducation.ch\/fr\/wp-json\/wp\/v2\/product\/35923","targetHints":{"allow":["GET"]}}],"collection":[{"href":"https:\/\/teiaeducation.ch\/fr\/wp-json\/wp\/v2\/product"}],"about":[{"href":"https:\/\/teiaeducation.ch\/fr\/wp-json\/wp\/v2\/types\/product"}],"replies":[{"embeddable":true,"href":"https:\/\/teiaeducation.ch\/fr\/wp-json\/wp\/v2\/comments?post=35923"}],"wp:featuredmedia":[{"embeddable":true,"href":"https:\/\/teiaeducation.ch\/fr\/wp-json\/wp\/v2\/media\/33892"}],"wp:attachment":[{"href":"https:\/\/teiaeducation.ch\/fr\/wp-json\/wp\/v2\/media?parent=35923"}],"wp:term":[{"taxonomy":"product_brand","embeddable":true,"href":"https:\/\/teiaeducation.ch\/fr\/wp-json\/wp\/v2\/product_brand?post=35923"},{"taxonomy":"product_cat","embeddable":true,"href":"https:\/\/teiaeducation.ch\/fr\/wp-json\/wp\/v2\/product_cat?post=35923"},{"taxonomy":"product_tag","embeddable":true,"href":"https:\/\/teiaeducation.ch\/fr\/wp-json\/wp\/v2\/product_tag?post=35923"}],"curies":[{"name":"wp","href":"https:\/\/api.w.org\/{rel}","templated":true}]}}