{"id":35977,"date":"2021-02-02T11:07:47","date_gmt":"2021-02-02T10:07:47","guid":{"rendered":"https:\/\/teiaeducation.ch\/product\/planche-dequilibre-noir-stapelstein\/"},"modified":"2023-09-12T14:53:45","modified_gmt":"2023-09-12T12:53:45","slug":"planche-dequilibre-noir-stapelstein","status":"publish","type":"product","link":"https:\/\/teiaeducation.ch\/fr\/produit\/planche-dequilibre-noir-stapelstein\/","title":{"rendered":"Planche d&#8217;\u00e9quilibre noir &#8211; Stapelstein"},"content":{"rendered":"<p>La planche d&#8217;\u00e9quilibre de Stapelstein, de couleur noir ph\u00e9nix, est fabriqu\u00e9 en Allemagne. Elle est parfaite pour promouvoir le <a href=\"https:\/\/teiaeducation.ch\/fr\/categorie-produit\/jouer\/jouets-actifs\/\">jeu actif<\/a>, le mouvement et le renforcement musculaire. Elle am\u00e9liore les <a href=\"https:\/\/teiaeducation.ch\/fr\/categorie-produit\/domaines-du-curriculum\/sensorielles-motrices\/competences-motrices\/\">capacit\u00e9s motrices<\/a>, les exercices d&#8217;\u00e9quilibre, la coordination ou l&#8217;entra\u00eenement \u00e0 la position assise dynamique. La planche d&#8217;\u00e9quilibre est id\u00e9ale pour les enfants et les adultes !<\/p>\n<h2>Comment utiliser la planche d&#8217;\u00e9quilibre<\/h2>\n<p>Les enfants trouveront de nombreuses fa\u00e7ons d&#8217;utiliser la planche d&#8217;\u00e9quilibre Stapelstein:<\/p>\n<ul>\n<li>Qu&#8217;il s&#8217;agisse de tenir des poses d\u00e9licates ou de profiter d&#8217;un si\u00e8ge tournant.<\/li>\n<li>Le bord sur\u00e9lev\u00e9 offre un soutien suppl\u00e9mentaire lors des exercices d&#8217;\u00e9quilibre difficiles.\u00a0Ceci est particuli\u00e8rement utiles pour les enfants et les personnes souffrant d&#8217;un handicap physique.<\/li>\n<\/ul>\n<p>La planche d&#8217;\u00e9quilibre peut \u00eatre combin\u00e9e avec les <a href=\"https:\/\/teiaeducation.ch\/fr\/?s=pierres+\u00e0+empiler&amp;post_type=product&amp;lang=fr\">pierres \u00e0 empiler<\/a> de Stapelstein pour un jeu encore plus amusant et polyvalent. Ou pour r\u00e9gler la hauteur d&#8217;assise dynamique ou augmenter le degr\u00e9 de difficult\u00e9 des exercices.<\/p>\n<p>La planche d&#8217;\u00e9quilibre noir de Stapelstein mesure 35,5 cm de diam\u00e8tre et 8,4 cm de hauteur et p\u00e8se 268g. La max charge est de 180 kg.<\/p>\n<p>La planche d&#8217;\u00e9quilibre Stapelstein en noir convient aux enfants de tous \u00e2ges, \u00e0 partir de 1 an, ainsi qu&#8217;aux adultes.<\/p>\n<p>En raison des conditions d&#8217;\u00e9clairage lors de la photographie du produit et des diff\u00e9rents r\u00e9glages d&#8217;\u00e9cran, la couleur des planches d&#8217;\u00e9quilibre peut diff\u00e9rer de l&#8217;illustration.<\/p>\n<p>Contenu :<\/p>\n<p>1 planche d&#8217;\u00e9quilibre en ph\u00e9nix noir<\/p>\n<h2>Quelques consignes de s\u00e9curit\u00e9<\/h2>\n<p>Les objets et surfaces pointus et tranchants tels que les ciseaux, les couteaux, les clous, le fil de fer, les pierres, etc. ne doivent pas \u00eatre mis en contact avec la planche d&#8217;\u00e9quilibre. Les objets et surfaces pointus et tranchants peuvent causer des dommages permanents \u00e0 la planche d&#8217;\u00e9quilibre.<\/p>\n<p>\u00c9vitez la chaleur extr\u00eame et toutes les sources d&#8217;inflammation possibles (flammes ou \u00e9tincelles).<br \/>\nLorsque vous jouez dans l&#8217;eau, la planche d&#8217;\u00e9quilibre sert uniquement de jouet et non d&#8217;aide \u00e0 la flottaison. Elle ne doit donc \u00eatre utilis\u00e9 que dans des eaux peu profondes, sous la surveillance d&#8217;un adulte.<\/p>\n<p>Faites attention \u00e0 l&#8217;\u00e9quilibre ! Sur les sols glissants, les mouvements saccad\u00e9s peuvent faire glisser la planche d&#8217;\u00e9quilibre. Un tapis ou une sorte de tapis de yoga emp\u00eachera les planches d&#8217;\u00e9quilibre de glisser.<\/p>\n<h2>\u00c0 propos de Stapelstein<\/h2>\n<p>Inspir\u00e9e par la p\u00e9dagogie Pikler, la marque allemande <a href=\"https:\/\/teiaeducation.ch\/fr\/categorie-produit\/marques\/stapelstein-fr\/\">Stapelstein<\/a> propose aux enfants des jouets merveilleusement amusants et actifs. Ils transforment chaque pi\u00e8ce en un terrain d&#8217;aventure et inspirent le jeu et le mouvement libres, m\u00eame chez les plus jeunes.<\/p>\n<p>Les produits Stapelstein portent fi\u00e8rement de multiples labels de qualit\u00e9 ind\u00e9pendants, dont le label <a href=\"https:\/\/www.spielgut.de\">&#8220;spiel gut&#8221;<\/a>. Ils ont \u00e9galement \u00e9t\u00e9 r\u00e9compens\u00e9s pour la promotion du d\u00e9veloppement de l&#8217;enfant et l&#8217;innovation dans le mouvement.<\/p>\n<p>Les produits Stapelstein sont fabriqu\u00e9s \u00e0 100 % en Allemagne \u00e0 partir de PPE pur et \u00e9conome en ressources. Ils ne contiennent pas de plastifiants, de plastifiants ou d&#8217;additifs. Ces jouets de haute qualit\u00e9 et s\u00fbrs sont r\u00e9sistants \u00e0 l&#8217;eau, \u00e0 la salive, aux morsures et aux UV et conviennent \u00e0 un usage int\u00e9rieur et ext\u00e9rieur.<\/p>\n","protected":false},"excerpt":{"rendered":"<p>Num\u00e9ro d&#8217;article: <span style=\"font-weight: 400;\">110000<\/span><\/p>\n<p>La planche d&#8217;\u00e9quilibre de Stapelstein, de couleur noir ph\u00e9nix, est parfaite pour promouvoir le jeu actif, le mouvement et le renforcement musculaire.<\/p>\n","protected":false},"featured_media":33769,"comment_status":"open","ping_status":"closed","template":"","meta":[],"product_brand":[],"product_cat":[208,215,216,635,283,13130,18969,217,5851,209,18968,212],"product_tag":[19231,19225,8625,19217,19218,19213,19215,19219,19216,19222,19221,1227,19220,19232,19210,19233],"class_list":{"0":"post-35977","1":"product","2":"type-product","3":"status-publish","4":"has-post-thumbnail","6":"product_cat-1-3-ans","7":"product_cat-3-6-ans","8":"product_cat-6-12-ans","9":"product_cat-competences-motrices","10":"product_cat-domaines-du-curriculum","11":"product_cat-jouer","12":"product_cat-jouets-actifs","13":"product_cat-marques","14":"product_cat-nouveautes","15":"product_cat-sensorielles-motrices","16":"product_cat-stapelstein-fr","17":"product_cat-tranche-dage","18":"product_tag-equipement-dassise-dynamique","19":"product_tag-equipements-de-jeux-actifs-interieurs","20":"product_tag-fabrique-en-allemagne","21":"product_tag-jeux-actifs-en-interieur","22":"product_tag-jouets-actifs-fr","23":"product_tag-jouets-actifs","24":"product_tag-jouets-actifs-dinterieur","25":"product_tag-jouets-actifs-durables","26":"product_tag-jouets-dequilibre","27":"product_tag-jouets-dexercice-pour-enfants","28":"product_tag-jouets-neutres-en-carbone","29":"product_tag-jouets-ouverts","30":"product_tag-marques-neutres-en-carbone","31":"product_tag-planche-dequilibre","32":"product_tag-stapelstein-fr","33":"product_tag-stapelstein-planche-dequilibre","35":"first","36":"outofstock","37":"taxable","38":"shipping-taxable","39":"purchasable","40":"product-type-simple"},"yoast_head":"<!-- This site is optimized with the Yoast SEO plugin v27.1.1 - https:\/\/yoast.com\/product\/yoast-seo-wordpress\/ -->\n<title>Planche d&#039;\u00e9quilibre noir - Stapelstein - Teia Education &amp; Play<\/title>\n<meta name=\"description\" content=\"La planche d&#039;\u00e9quilibre noir Stapelstein est fabriqu\u00e9 en Allemagne et favorise le jeu actif et le mouvement pour les enfants et les adultes !\" \/>\n<meta name=\"robots\" content=\"index, follow, max-snippet:-1, max-image-preview:large, max-video-preview:-1\" \/>\n<link rel=\"canonical\" href=\"https:\/\/teiaeducation.ch\/fr\/produit\/planche-dequilibre-noir-stapelstein\/\" \/>\n<meta property=\"og:locale\" content=\"fr_FR\" \/>\n<meta property=\"og:type\" content=\"article\" \/>\n<meta property=\"og:title\" content=\"Planche d&#039;\u00e9quilibre noir - Stapelstein - Teia Education &amp; Play\" \/>\n<meta property=\"og:description\" content=\"La planche d&#039;\u00e9quilibre noir Stapelstein est fabriqu\u00e9 en Allemagne et favorise le jeu actif et le mouvement pour les enfants et les adultes !\" \/>\n<meta property=\"og:url\" content=\"https:\/\/teiaeducation.ch\/fr\/produit\/planche-dequilibre-noir-stapelstein\/\" \/>\n<meta property=\"og:site_name\" content=\"Sustainable Educational Products &amp; Ecological Toys\u00a0\" \/>\n<meta property=\"article:publisher\" content=\"https:\/\/www.facebook.com\/teiaeducation\/\" \/>\n<meta property=\"article:modified_time\" content=\"2023-09-12T12:53:45+00:00\" \/>\n<meta property=\"og:image\" content=\"https:\/\/teiaeducation.ch\/wp-content\/uploads\/2021\/01\/Black-balance-board-basic-Stapelstein3.jpg\" \/>\n\t<meta property=\"og:image:width\" content=\"600\" \/>\n\t<meta property=\"og:image:height\" content=\"480\" \/>\n\t<meta property=\"og:image:type\" content=\"image\/jpeg\" \/>\n<script type=\"application\/ld+json\" class=\"yoast-schema-graph\">{\"@context\":\"https:\/\/schema.org\",\"@graph\":[{\"@type\":\"WebPage\",\"@id\":\"https:\/\/teiaeducation.ch\/fr\/produit\/planche-dequilibre-noir-stapelstein\/\",\"url\":\"https:\/\/teiaeducation.ch\/fr\/produit\/planche-dequilibre-noir-stapelstein\/\",\"name\":\"Planche d'\u00e9quilibre noir - Stapelstein - Teia Education & Play\",\"isPartOf\":{\"@id\":\"https:\/\/teiaeducation.ch\/fr\/#website\"},\"primaryImageOfPage\":{\"@id\":\"https:\/\/teiaeducation.ch\/fr\/produit\/planche-dequilibre-noir-stapelstein\/#primaryimage\"},\"image\":{\"@id\":\"https:\/\/teiaeducation.ch\/fr\/produit\/planche-dequilibre-noir-stapelstein\/#primaryimage\"},\"thumbnailUrl\":\"https:\/\/teiaeducation.ch\/wp-content\/uploads\/2021\/01\/Black-balance-board-basic-Stapelstein3.jpg\",\"datePublished\":\"2021-02-02T10:07:47+00:00\",\"dateModified\":\"2023-09-12T12:53:45+00:00\",\"description\":\"La planche d'\u00e9quilibre noir Stapelstein est fabriqu\u00e9 en Allemagne et favorise le jeu actif et le mouvement pour les enfants et les adultes !\",\"breadcrumb\":{\"@id\":\"https:\/\/teiaeducation.ch\/fr\/produit\/planche-dequilibre-noir-stapelstein\/#breadcrumb\"},\"inLanguage\":\"fr-FR\",\"potentialAction\":[{\"@type\":\"ReadAction\",\"target\":[\"https:\/\/teiaeducation.ch\/fr\/produit\/planche-dequilibre-noir-stapelstein\/\"]}]},{\"@type\":\"ImageObject\",\"inLanguage\":\"fr-FR\",\"@id\":\"https:\/\/teiaeducation.ch\/fr\/produit\/planche-dequilibre-noir-stapelstein\/#primaryimage\",\"url\":\"https:\/\/teiaeducation.ch\/wp-content\/uploads\/2021\/01\/Black-balance-board-basic-Stapelstein3.jpg\",\"contentUrl\":\"https:\/\/teiaeducation.ch\/wp-content\/uploads\/2021\/01\/Black-balance-board-basic-Stapelstein3.jpg\",\"width\":600,\"height\":480,\"caption\":\"fabriqu\u00e9 en Allemagne Planche d'\u00e9quilibre noir basic - Stapelstein\"},{\"@type\":\"BreadcrumbList\",\"@id\":\"https:\/\/teiaeducation.ch\/fr\/produit\/planche-dequilibre-noir-stapelstein\/#breadcrumb\",\"itemListElement\":[{\"@type\":\"ListItem\",\"position\":1,\"name\":\"Home\",\"item\":\"https:\/\/teiaeducation.ch\/fr\/\"},{\"@type\":\"ListItem\",\"position\":2,\"name\":\"Boutique Teia Education &amp; Play\",\"item\":\"https:\/\/teiaeducation.ch\/fr\/boutique\/\"},{\"@type\":\"ListItem\",\"position\":3,\"name\":\"Nos Marques\",\"item\":\"https:\/\/teiaeducation.ch\/fr\/categorie-produit\/marques\/\"},{\"@type\":\"ListItem\",\"position\":4,\"name\":\"Stapelstein\",\"item\":\"https:\/\/teiaeducation.ch\/fr\/categorie-produit\/marques\/stapelstein-fr\/\"},{\"@type\":\"ListItem\",\"position\":5,\"name\":\"Planche d&#8217;\u00e9quilibre noir &#8211; Stapelstein\"}]},{\"@type\":\"WebSite\",\"@id\":\"https:\/\/teiaeducation.ch\/fr\/#website\",\"url\":\"https:\/\/teiaeducation.ch\/fr\/\",\"name\":\"Sustainable Educational Products &amp; Ecological Toys\u00a0\",\"description\":\"Specialised Swiss shop selling sustainable educational toys and games, AMI certified Montessori materials, handmade ecological wooden Waldorf toys and arts &amp; crafts supplies, school supplies, children&#039;s furniture and Montessori reference and parenting books.\",\"publisher\":{\"@id\":\"https:\/\/teiaeducation.ch\/fr\/#organization\"},\"alternateName\":\"Teia Education & Play\",\"potentialAction\":[{\"@type\":\"SearchAction\",\"target\":{\"@type\":\"EntryPoint\",\"urlTemplate\":\"https:\/\/teiaeducation.ch\/fr\/?s={search_term_string}\"},\"query-input\":{\"@type\":\"PropertyValueSpecification\",\"valueRequired\":true,\"valueName\":\"search_term_string\"}}],\"inLanguage\":\"fr-FR\"},{\"@type\":\"Organization\",\"@id\":\"https:\/\/teiaeducation.ch\/fr\/#organization\",\"name\":\"Teia Education & Play\",\"url\":\"https:\/\/teiaeducation.ch\/fr\/\",\"logo\":{\"@type\":\"ImageObject\",\"inLanguage\":\"fr-FR\",\"@id\":\"https:\/\/teiaeducation.ch\/fr\/#\/schema\/logo\/image\/\",\"url\":\"https:\/\/teiaeducation.ch\/wp-content\/uploads\/2020\/11\/Teia-Education-Switzerland-e1620156442216.jpg\",\"contentUrl\":\"https:\/\/teiaeducation.ch\/wp-content\/uploads\/2020\/11\/Teia-Education-Switzerland-e1620156442216.jpg\",\"width\":166,\"height\":145,\"caption\":\"Teia Education & Play\"},\"image\":{\"@id\":\"https:\/\/teiaeducation.ch\/fr\/#\/schema\/logo\/image\/\"},\"sameAs\":[\"https:\/\/www.facebook.com\/teiaeducation\/\",\"https:\/\/x.com\/EducationTeia\",\"https:\/\/www.instagram.com\/teia.education\/\",\"https:\/\/www.linkedin.com\/company\/35501660\",\"https:\/\/www.pinterest.ch\/TeiaEducation\/\"]}]}<\/script>\n<!-- \/ Yoast SEO plugin. -->","yoast_head_json":{"title":"Planche d'\u00e9quilibre noir - Stapelstein - Teia Education & Play","description":"La planche d'\u00e9quilibre noir Stapelstein est fabriqu\u00e9 en Allemagne et favorise le jeu actif et le mouvement pour les enfants et les adultes !","robots":{"index":"index","follow":"follow","max-snippet":"max-snippet:-1","max-image-preview":"max-image-preview:large","max-video-preview":"max-video-preview:-1"},"canonical":"https:\/\/teiaeducation.ch\/fr\/produit\/planche-dequilibre-noir-stapelstein\/","og_locale":"fr_FR","og_type":"article","og_title":"Planche d'\u00e9quilibre noir - Stapelstein - Teia Education & Play","og_description":"La planche d'\u00e9quilibre noir Stapelstein est fabriqu\u00e9 en Allemagne et favorise le jeu actif et le mouvement pour les enfants et les adultes !","og_url":"https:\/\/teiaeducation.ch\/fr\/produit\/planche-dequilibre-noir-stapelstein\/","og_site_name":"Sustainable Educational Products &amp; Ecological Toys\u00a0","article_publisher":"https:\/\/www.facebook.com\/teiaeducation\/","article_modified_time":"2023-09-12T12:53:45+00:00","og_image":[{"width":600,"height":480,"url":"https:\/\/teiaeducation.ch\/wp-content\/uploads\/2021\/01\/Black-balance-board-basic-Stapelstein3.jpg","type":"image\/jpeg"}],"schema":{"@context":"https:\/\/schema.org","@graph":[{"@type":"WebPage","@id":"https:\/\/teiaeducation.ch\/fr\/produit\/planche-dequilibre-noir-stapelstein\/","url":"https:\/\/teiaeducation.ch\/fr\/produit\/planche-dequilibre-noir-stapelstein\/","name":"Planche d'\u00e9quilibre noir - Stapelstein - Teia Education & Play","isPartOf":{"@id":"https:\/\/teiaeducation.ch\/fr\/#website"},"primaryImageOfPage":{"@id":"https:\/\/teiaeducation.ch\/fr\/produit\/planche-dequilibre-noir-stapelstein\/#primaryimage"},"image":{"@id":"https:\/\/teiaeducation.ch\/fr\/produit\/planche-dequilibre-noir-stapelstein\/#primaryimage"},"thumbnailUrl":"https:\/\/teiaeducation.ch\/wp-content\/uploads\/2021\/01\/Black-balance-board-basic-Stapelstein3.jpg","datePublished":"2021-02-02T10:07:47+00:00","dateModified":"2023-09-12T12:53:45+00:00","description":"La planche d'\u00e9quilibre noir Stapelstein est fabriqu\u00e9 en Allemagne et favorise le jeu actif et le mouvement pour les enfants et les adultes !","breadcrumb":{"@id":"https:\/\/teiaeducation.ch\/fr\/produit\/planche-dequilibre-noir-stapelstein\/#breadcrumb"},"inLanguage":"fr-FR","potentialAction":[{"@type":"ReadAction","target":["https:\/\/teiaeducation.ch\/fr\/produit\/planche-dequilibre-noir-stapelstein\/"]}]},{"@type":"ImageObject","inLanguage":"fr-FR","@id":"https:\/\/teiaeducation.ch\/fr\/produit\/planche-dequilibre-noir-stapelstein\/#primaryimage","url":"https:\/\/teiaeducation.ch\/wp-content\/uploads\/2021\/01\/Black-balance-board-basic-Stapelstein3.jpg","contentUrl":"https:\/\/teiaeducation.ch\/wp-content\/uploads\/2021\/01\/Black-balance-board-basic-Stapelstein3.jpg","width":600,"height":480,"caption":"fabriqu\u00e9 en Allemagne Planche d'\u00e9quilibre noir basic - Stapelstein"},{"@type":"BreadcrumbList","@id":"https:\/\/teiaeducation.ch\/fr\/produit\/planche-dequilibre-noir-stapelstein\/#breadcrumb","itemListElement":[{"@type":"ListItem","position":1,"name":"Home","item":"https:\/\/teiaeducation.ch\/fr\/"},{"@type":"ListItem","position":2,"name":"Boutique Teia Education &amp; Play","item":"https:\/\/teiaeducation.ch\/fr\/boutique\/"},{"@type":"ListItem","position":3,"name":"Nos Marques","item":"https:\/\/teiaeducation.ch\/fr\/categorie-produit\/marques\/"},{"@type":"ListItem","position":4,"name":"Stapelstein","item":"https:\/\/teiaeducation.ch\/fr\/categorie-produit\/marques\/stapelstein-fr\/"},{"@type":"ListItem","position":5,"name":"Planche d&#8217;\u00e9quilibre noir &#8211; Stapelstein"}]},{"@type":"WebSite","@id":"https:\/\/teiaeducation.ch\/fr\/#website","url":"https:\/\/teiaeducation.ch\/fr\/","name":"Sustainable Educational Products &amp; Ecological Toys\u00a0","description":"Specialised Swiss shop selling sustainable educational toys and games, AMI certified Montessori materials, handmade ecological wooden Waldorf toys and arts &amp; crafts supplies, school supplies, children&#039;s furniture and Montessori reference and parenting books.","publisher":{"@id":"https:\/\/teiaeducation.ch\/fr\/#organization"},"alternateName":"Teia Education & Play","potentialAction":[{"@type":"SearchAction","target":{"@type":"EntryPoint","urlTemplate":"https:\/\/teiaeducation.ch\/fr\/?s={search_term_string}"},"query-input":{"@type":"PropertyValueSpecification","valueRequired":true,"valueName":"search_term_string"}}],"inLanguage":"fr-FR"},{"@type":"Organization","@id":"https:\/\/teiaeducation.ch\/fr\/#organization","name":"Teia Education & Play","url":"https:\/\/teiaeducation.ch\/fr\/","logo":{"@type":"ImageObject","inLanguage":"fr-FR","@id":"https:\/\/teiaeducation.ch\/fr\/#\/schema\/logo\/image\/","url":"https:\/\/teiaeducation.ch\/wp-content\/uploads\/2020\/11\/Teia-Education-Switzerland-e1620156442216.jpg","contentUrl":"https:\/\/teiaeducation.ch\/wp-content\/uploads\/2020\/11\/Teia-Education-Switzerland-e1620156442216.jpg","width":166,"height":145,"caption":"Teia Education & Play"},"image":{"@id":"https:\/\/teiaeducation.ch\/fr\/#\/schema\/logo\/image\/"},"sameAs":["https:\/\/www.facebook.com\/teiaeducation\/","https:\/\/x.com\/EducationTeia","https:\/\/www.instagram.com\/teia.education\/","https:\/\/www.linkedin.com\/company\/35501660","https:\/\/www.pinterest.ch\/TeiaEducation\/"]}]}},"_links":{"self":[{"href":"https:\/\/teiaeducation.ch\/fr\/wp-json\/wp\/v2\/product\/35977","targetHints":{"allow":["GET"]}}],"collection":[{"href":"https:\/\/teiaeducation.ch\/fr\/wp-json\/wp\/v2\/product"}],"about":[{"href":"https:\/\/teiaeducation.ch\/fr\/wp-json\/wp\/v2\/types\/product"}],"replies":[{"embeddable":true,"href":"https:\/\/teiaeducation.ch\/fr\/wp-json\/wp\/v2\/comments?post=35977"}],"wp:featuredmedia":[{"embeddable":true,"href":"https:\/\/teiaeducation.ch\/fr\/wp-json\/wp\/v2\/media\/33769"}],"wp:attachment":[{"href":"https:\/\/teiaeducation.ch\/fr\/wp-json\/wp\/v2\/media?parent=35977"}],"wp:term":[{"taxonomy":"product_brand","embeddable":true,"href":"https:\/\/teiaeducation.ch\/fr\/wp-json\/wp\/v2\/product_brand?post=35977"},{"taxonomy":"product_cat","embeddable":true,"href":"https:\/\/teiaeducation.ch\/fr\/wp-json\/wp\/v2\/product_cat?post=35977"},{"taxonomy":"product_tag","embeddable":true,"href":"https:\/\/teiaeducation.ch\/fr\/wp-json\/wp\/v2\/product_tag?post=35977"}],"curies":[{"name":"wp","href":"https:\/\/api.w.org\/{rel}","templated":true}]}}