{"id":36022,"date":"2020-11-26T13:56:13","date_gmt":"2021-05-05T14:22:19","guid":{"rendered":"https:\/\/teiaeducation.ch\/product\/organic-modelling-clay-spring-small-tube-ailefo\/"},"modified":"2022-11-29T21:34:56","modified_gmt":"2022-11-29T20:34:56","slug":"petit-tube-de-pate-a-modeler-organique-printemps-ailefo","status":"publish","type":"product","link":"https:\/\/teiaeducation.ch\/fr\/produit\/petit-tube-de-pate-a-modeler-organique-printemps-ailefo\/","title":{"rendered":"P\u00e2te \u00e0 modeler organique printemps petit \u2013 Ailefo"},"content":{"rendered":"<p>P\u00e2te \u00e0 modeler organique couleurs printemps petit \u2013 Ailefo<\/p>\n<p>La p\u00e2te \u00e0 modeler organique Ailefo en couleurs de printemps contient 5 petits pots dans de jolies teintes naturelles &#8211; vert, bleu, jaune, rouge et brun.<\/p>\n<p>La p\u00e2te \u00e0 modeler organique Ailefo apporte aux parents une option s\u00fbre, non toxique, sans allergie et naturelle pour cette forme de jeu ador\u00e9e des enfants. Ce mat\u00e9riel a un potentiel infini pour <a href=\"https:\/\/teiaeducation.ch\/fr\/categorie-produit\/creativite-beaux-arts-et-bricolage\/\">les arts et l&#8217;artisanat<\/a>, la cr\u00e9ativit\u00e9 et l&#8217;expression de soi, le jeu th\u00e9rapeutique et l&#8217;apprentissage amusant !<\/p>\n<p>Les couleurs d&#8217;Ailefo sont cr\u00e9\u00e9es \u00e0 l&#8217;aide de colorants naturels, notamment des algues bleu-vert, le champignon Blakeslea Trispora, des fruits rouges et du sucre br\u00fbl\u00e9. Des huiles v\u00e9g\u00e9tales biologiques sp\u00e9cialement s\u00e9lectionn\u00e9es sont utilis\u00e9es pour donner une texture extra douce, rendant Ailefo facilement mall\u00e9able par les plus jeunes enfants et prot\u00e9geant les mains contre la s\u00e9cheresse pendant le jeu.<\/p>\n<p>Fond\u00e9e par la m\u00e8re et infirmi\u00e8re danoise Christiane Larsen, l&#8217;objectif d&#8217;Ailefo \u00e9tait de cr\u00e9er une p\u00e2te \u00e0 modeler sans ingr\u00e9dients nocifs pouvant \u00eatre absorb\u00e9s en jouant, sans danger pour le grand nombre d&#8217;enfants allergiques et sans nuire \u00e0 l&#8217;environnement lors de sa production.<\/p>\n<p>Produit dans une petite usine sur la belle \u00eele de Bornholm, au Danemark, selon les normes les plus strictes en mati\u00e8re de durabilit\u00e9, de respect des allergies et de design scandinave, Ailefo contient 98 % d&#8217;ingr\u00e9dients certifi\u00e9s biologiques et plus de 90 % d&#8217;ingr\u00e9dients produits localement. Exempt de parfum, de parab\u00e8nes et d&#8217;allerg\u00e8nes de parfum, Ailefo est \u00e0 base de plantes et de produits alimentaires et ne contient pas de noix, de traces de noix, de soja, d&#8217;\u0153ufs ou de produits laitiers. Veuillez noter qu&#8217;il n&#8217;est pas sans gluten.<\/p>\n<p>Les emballages d&#8217;Ailefo sont respectueux de l&#8217;environnement, notamment les tubes en papier recycl\u00e9 \u00e0 100 % et les barquettes en plastique PP de qualit\u00e9 alimentaire qui peuvent \u00eatre facilement r\u00e9utilis\u00e9es et recycl\u00e9es. Tout le bois utilis\u00e9 dans les outils et les tampons pour p\u00e2te \u00e0 modeler d&#8217;Ailefo est certifi\u00e9 FSC pour garantir une production durable.<\/p>\n<p>*Des points blancs peuvent appara\u00eetre sur la p\u00e2te \u00e0 modeler. Il ne s&#8217;agit pas de moisissure mais de sel qui fait surface pendant le stockage et qui dispara\u00eet lorsque la p\u00e2te\u00a0est p\u00e9trie et que l&#8217;on joue avec.<\/p>\n<p>La p\u00e2te \u00e0 modeler organique Ailefo convient aux enfants de 2 ans et plus.<\/p>\n<p>Contenu :<\/p>\n<p>5 pots de 100 g de p\u00e2te \u00e0 modeler<br \/>\n1 bo\u00eete en carton (24 cm de haut, 7 cm de diam\u00e8tre)<\/p>\n","protected":false},"excerpt":{"rendered":"<p>Num\u00e9ro d\u2019article: AO10102<\/p>\n<p>La p\u00e2te \u00e0 modeler organique Ailefo en couleurs de printemps contient 5 petits pots dans de jolies teintes vert, bleu, jaune, rouge et brun.<\/p>\n","protected":false},"featured_media":40587,"comment_status":"open","ping_status":"closed","template":"","meta":[],"product_brand":[],"product_cat":[208,8527,215,8580,216,18505,18893,22344,8526,17240,21257,22421,13130,13142,13127,7595,20652,217,5851,212],"product_tag":[18506,18507,18552,18557,18553,18555,18554,18551,18556,18550],"class_list":{"0":"post-36022","1":"product","2":"type-product","3":"status-publish","4":"has-post-thumbnail","6":"product_cat-1-3-ans","7":"product_cat-3-6-ans-ecole-a-domicile","8":"product_cat-3-6-ans","9":"product_cat-6-12-ans-ecole-a-domicile","10":"product_cat-6-12-ans","11":"product_cat-ailefo-fr","12":"product_cat-collection-printemps","13":"product_cat-collections-saisonnieres","14":"product_cat-fournitures-scolaires-a-domicile","15":"product_cat-guide-cadeaux-creatif","16":"product_cat-guides-cadeaux","17":"product_cat-idees-cadeaux-pour-paques","18":"product_cat-jouer","19":"product_cat-jeu-sensoriel","20":"product_cat-creativite-beaux-arts-et-bricolage","21":"product_cat-methode-deducation","22":"product_cat-modelage","23":"product_cat-marques","24":"product_cat-nouveautes","25":"product_cat-tranche-dage","26":"product_tag-ailefo-fr","27":"product_tag-fabrique-au-danemark","28":"product_tag-fabrique-en-europe","29":"product_tag-fournitures-durables-pour-lartisanat-et-lart","30":"product_tag-la-pate-a-modeler-fabriquee-en-europe","31":"product_tag-materiaux-dart-et-dartisanat-biologiques","32":"product_tag-pate-a-modeler-antiallergique","33":"product_tag-pate-a-modeler-non-toxique","34":"product_tag-pate-a-modeler-non-toxique-suisse","35":"product_tag-pate-a-modeler-organique","37":"first","38":"outofstock","39":"taxable","40":"shipping-taxable","41":"purchasable","42":"product-type-simple"},"yoast_head":"<!-- This site is optimized with the Yoast SEO plugin v27.1.1 - https:\/\/yoast.com\/product\/yoast-seo-wordpress\/ -->\n<title>P\u00e2te \u00e0 modeler organique: printemps petit \u2013 Ailefo - Teia Education &amp; Play<\/title>\n<meta name=\"description\" content=\"La p\u00e2te \u00e0 modeler organique Ailefo en couleurs de printemps contient 5 petits pots dans de jolies teintes vert, bleu, jaune, rouge et brun.\" \/>\n<meta name=\"robots\" content=\"index, follow, max-snippet:-1, max-image-preview:large, max-video-preview:-1\" \/>\n<link rel=\"canonical\" href=\"https:\/\/teiaeducation.ch\/fr\/produit\/petit-tube-de-pate-a-modeler-organique-printemps-ailefo\/\" \/>\n<meta property=\"og:locale\" content=\"fr_FR\" \/>\n<meta property=\"og:type\" content=\"article\" \/>\n<meta property=\"og:title\" content=\"P\u00e2te \u00e0 modeler organique: printemps petit \u2013 Ailefo - Teia Education &amp; Play\" \/>\n<meta property=\"og:description\" content=\"La p\u00e2te \u00e0 modeler organique Ailefo en couleurs de printemps contient 5 petits pots dans de jolies teintes vert, bleu, jaune, rouge et brun.\" \/>\n<meta property=\"og:url\" content=\"https:\/\/teiaeducation.ch\/fr\/produit\/petit-tube-de-pate-a-modeler-organique-printemps-ailefo\/\" \/>\n<meta property=\"og:site_name\" content=\"Sustainable Educational Products &amp; Ecological Toys\u00a0\" \/>\n<meta property=\"article:publisher\" content=\"https:\/\/www.facebook.com\/teiaeducation\/\" \/>\n<meta property=\"article:modified_time\" content=\"2022-11-29T20:34:56+00:00\" \/>\n<meta property=\"og:image\" content=\"https:\/\/teiaeducation.ch\/wp-content\/uploads\/2020\/12\/Organic-modeling-clay-Spring-basic-colours-small-box-Ailefo.jpg\" \/>\n\t<meta property=\"og:image:width\" content=\"900\" \/>\n\t<meta property=\"og:image:height\" content=\"1200\" \/>\n\t<meta property=\"og:image:type\" content=\"image\/jpeg\" \/>\n<script type=\"application\/ld+json\" class=\"yoast-schema-graph\">{\"@context\":\"https:\/\/schema.org\",\"@graph\":[{\"@type\":\"WebPage\",\"@id\":\"https:\/\/teiaeducation.ch\/fr\/produit\/petit-tube-de-pate-a-modeler-organique-printemps-ailefo\/\",\"url\":\"https:\/\/teiaeducation.ch\/fr\/produit\/petit-tube-de-pate-a-modeler-organique-printemps-ailefo\/\",\"name\":\"P\u00e2te \u00e0 modeler organique: printemps petit \u2013 Ailefo - Teia Education & Play\",\"isPartOf\":{\"@id\":\"https:\/\/teiaeducation.ch\/fr\/#website\"},\"primaryImageOfPage\":{\"@id\":\"https:\/\/teiaeducation.ch\/fr\/produit\/petit-tube-de-pate-a-modeler-organique-printemps-ailefo\/#primaryimage\"},\"image\":{\"@id\":\"https:\/\/teiaeducation.ch\/fr\/produit\/petit-tube-de-pate-a-modeler-organique-printemps-ailefo\/#primaryimage\"},\"thumbnailUrl\":\"https:\/\/teiaeducation.ch\/wp-content\/uploads\/2020\/12\/Organic-modeling-clay-Spring-basic-colours-small-box-Ailefo.jpg\",\"datePublished\":\"2021-05-05T14:22:19+00:00\",\"dateModified\":\"2022-11-29T20:34:56+00:00\",\"description\":\"La p\u00e2te \u00e0 modeler organique Ailefo en couleurs de printemps contient 5 petits pots dans de jolies teintes vert, bleu, jaune, rouge et brun.\",\"breadcrumb\":{\"@id\":\"https:\/\/teiaeducation.ch\/fr\/produit\/petit-tube-de-pate-a-modeler-organique-printemps-ailefo\/#breadcrumb\"},\"inLanguage\":\"fr-FR\",\"potentialAction\":[{\"@type\":\"ReadAction\",\"target\":[\"https:\/\/teiaeducation.ch\/fr\/produit\/petit-tube-de-pate-a-modeler-organique-printemps-ailefo\/\"]}]},{\"@type\":\"ImageObject\",\"inLanguage\":\"fr-FR\",\"@id\":\"https:\/\/teiaeducation.ch\/fr\/produit\/petit-tube-de-pate-a-modeler-organique-printemps-ailefo\/#primaryimage\",\"url\":\"https:\/\/teiaeducation.ch\/wp-content\/uploads\/2020\/12\/Organic-modeling-clay-Spring-basic-colours-small-box-Ailefo.jpg\",\"contentUrl\":\"https:\/\/teiaeducation.ch\/wp-content\/uploads\/2020\/12\/Organic-modeling-clay-Spring-basic-colours-small-box-Ailefo.jpg\",\"width\":900,\"height\":1200,\"caption\":\"P\u00e2te \u00e0 modeler organique couleurs de base petit \u2013 Ailefo\"},{\"@type\":\"BreadcrumbList\",\"@id\":\"https:\/\/teiaeducation.ch\/fr\/produit\/petit-tube-de-pate-a-modeler-organique-printemps-ailefo\/#breadcrumb\",\"itemListElement\":[{\"@type\":\"ListItem\",\"position\":1,\"name\":\"Home\",\"item\":\"https:\/\/teiaeducation.ch\/fr\/\"},{\"@type\":\"ListItem\",\"position\":2,\"name\":\"Boutique Teia Education &amp; Play\",\"item\":\"https:\/\/teiaeducation.ch\/fr\/boutique\/\"},{\"@type\":\"ListItem\",\"position\":3,\"name\":\"Nos Marques\",\"item\":\"https:\/\/teiaeducation.ch\/fr\/categorie-produit\/marques\/\"},{\"@type\":\"ListItem\",\"position\":4,\"name\":\"Ailefo\",\"item\":\"https:\/\/teiaeducation.ch\/fr\/categorie-produit\/marques\/ailefo-fr\/\"},{\"@type\":\"ListItem\",\"position\":5,\"name\":\"P\u00e2te \u00e0 modeler organique printemps petit \u2013 Ailefo\"}]},{\"@type\":\"WebSite\",\"@id\":\"https:\/\/teiaeducation.ch\/fr\/#website\",\"url\":\"https:\/\/teiaeducation.ch\/fr\/\",\"name\":\"Sustainable Educational Products &amp; Ecological Toys\u00a0\",\"description\":\"Specialised Swiss shop selling sustainable educational toys and games, AMI certified Montessori materials, handmade ecological wooden Waldorf toys and arts &amp; crafts supplies, school supplies, children&#039;s furniture and Montessori reference and parenting books.\",\"publisher\":{\"@id\":\"https:\/\/teiaeducation.ch\/fr\/#organization\"},\"alternateName\":\"Teia Education & Play\",\"potentialAction\":[{\"@type\":\"SearchAction\",\"target\":{\"@type\":\"EntryPoint\",\"urlTemplate\":\"https:\/\/teiaeducation.ch\/fr\/?s={search_term_string}\"},\"query-input\":{\"@type\":\"PropertyValueSpecification\",\"valueRequired\":true,\"valueName\":\"search_term_string\"}}],\"inLanguage\":\"fr-FR\"},{\"@type\":\"Organization\",\"@id\":\"https:\/\/teiaeducation.ch\/fr\/#organization\",\"name\":\"Teia Education & Play\",\"url\":\"https:\/\/teiaeducation.ch\/fr\/\",\"logo\":{\"@type\":\"ImageObject\",\"inLanguage\":\"fr-FR\",\"@id\":\"https:\/\/teiaeducation.ch\/fr\/#\/schema\/logo\/image\/\",\"url\":\"https:\/\/teiaeducation.ch\/wp-content\/uploads\/2020\/11\/Teia-Education-Switzerland-e1620156442216.jpg\",\"contentUrl\":\"https:\/\/teiaeducation.ch\/wp-content\/uploads\/2020\/11\/Teia-Education-Switzerland-e1620156442216.jpg\",\"width\":166,\"height\":145,\"caption\":\"Teia Education & Play\"},\"image\":{\"@id\":\"https:\/\/teiaeducation.ch\/fr\/#\/schema\/logo\/image\/\"},\"sameAs\":[\"https:\/\/www.facebook.com\/teiaeducation\/\",\"https:\/\/x.com\/EducationTeia\",\"https:\/\/www.instagram.com\/teia.education\/\",\"https:\/\/www.linkedin.com\/company\/35501660\",\"https:\/\/www.pinterest.ch\/TeiaEducation\/\"]}]}<\/script>\n<!-- \/ Yoast SEO plugin. -->","yoast_head_json":{"title":"P\u00e2te \u00e0 modeler organique: printemps petit \u2013 Ailefo - Teia Education & Play","description":"La p\u00e2te \u00e0 modeler organique Ailefo en couleurs de printemps contient 5 petits pots dans de jolies teintes vert, bleu, jaune, rouge et brun.","robots":{"index":"index","follow":"follow","max-snippet":"max-snippet:-1","max-image-preview":"max-image-preview:large","max-video-preview":"max-video-preview:-1"},"canonical":"https:\/\/teiaeducation.ch\/fr\/produit\/petit-tube-de-pate-a-modeler-organique-printemps-ailefo\/","og_locale":"fr_FR","og_type":"article","og_title":"P\u00e2te \u00e0 modeler organique: printemps petit \u2013 Ailefo - Teia Education & Play","og_description":"La p\u00e2te \u00e0 modeler organique Ailefo en couleurs de printemps contient 5 petits pots dans de jolies teintes vert, bleu, jaune, rouge et brun.","og_url":"https:\/\/teiaeducation.ch\/fr\/produit\/petit-tube-de-pate-a-modeler-organique-printemps-ailefo\/","og_site_name":"Sustainable Educational Products &amp; Ecological Toys\u00a0","article_publisher":"https:\/\/www.facebook.com\/teiaeducation\/","article_modified_time":"2022-11-29T20:34:56+00:00","og_image":[{"width":900,"height":1200,"url":"https:\/\/teiaeducation.ch\/wp-content\/uploads\/2020\/12\/Organic-modeling-clay-Spring-basic-colours-small-box-Ailefo.jpg","type":"image\/jpeg"}],"schema":{"@context":"https:\/\/schema.org","@graph":[{"@type":"WebPage","@id":"https:\/\/teiaeducation.ch\/fr\/produit\/petit-tube-de-pate-a-modeler-organique-printemps-ailefo\/","url":"https:\/\/teiaeducation.ch\/fr\/produit\/petit-tube-de-pate-a-modeler-organique-printemps-ailefo\/","name":"P\u00e2te \u00e0 modeler organique: printemps petit \u2013 Ailefo - Teia Education & Play","isPartOf":{"@id":"https:\/\/teiaeducation.ch\/fr\/#website"},"primaryImageOfPage":{"@id":"https:\/\/teiaeducation.ch\/fr\/produit\/petit-tube-de-pate-a-modeler-organique-printemps-ailefo\/#primaryimage"},"image":{"@id":"https:\/\/teiaeducation.ch\/fr\/produit\/petit-tube-de-pate-a-modeler-organique-printemps-ailefo\/#primaryimage"},"thumbnailUrl":"https:\/\/teiaeducation.ch\/wp-content\/uploads\/2020\/12\/Organic-modeling-clay-Spring-basic-colours-small-box-Ailefo.jpg","datePublished":"2021-05-05T14:22:19+00:00","dateModified":"2022-11-29T20:34:56+00:00","description":"La p\u00e2te \u00e0 modeler organique Ailefo en couleurs de printemps contient 5 petits pots dans de jolies teintes vert, bleu, jaune, rouge et brun.","breadcrumb":{"@id":"https:\/\/teiaeducation.ch\/fr\/produit\/petit-tube-de-pate-a-modeler-organique-printemps-ailefo\/#breadcrumb"},"inLanguage":"fr-FR","potentialAction":[{"@type":"ReadAction","target":["https:\/\/teiaeducation.ch\/fr\/produit\/petit-tube-de-pate-a-modeler-organique-printemps-ailefo\/"]}]},{"@type":"ImageObject","inLanguage":"fr-FR","@id":"https:\/\/teiaeducation.ch\/fr\/produit\/petit-tube-de-pate-a-modeler-organique-printemps-ailefo\/#primaryimage","url":"https:\/\/teiaeducation.ch\/wp-content\/uploads\/2020\/12\/Organic-modeling-clay-Spring-basic-colours-small-box-Ailefo.jpg","contentUrl":"https:\/\/teiaeducation.ch\/wp-content\/uploads\/2020\/12\/Organic-modeling-clay-Spring-basic-colours-small-box-Ailefo.jpg","width":900,"height":1200,"caption":"P\u00e2te \u00e0 modeler organique couleurs de base petit \u2013 Ailefo"},{"@type":"BreadcrumbList","@id":"https:\/\/teiaeducation.ch\/fr\/produit\/petit-tube-de-pate-a-modeler-organique-printemps-ailefo\/#breadcrumb","itemListElement":[{"@type":"ListItem","position":1,"name":"Home","item":"https:\/\/teiaeducation.ch\/fr\/"},{"@type":"ListItem","position":2,"name":"Boutique Teia Education &amp; Play","item":"https:\/\/teiaeducation.ch\/fr\/boutique\/"},{"@type":"ListItem","position":3,"name":"Nos Marques","item":"https:\/\/teiaeducation.ch\/fr\/categorie-produit\/marques\/"},{"@type":"ListItem","position":4,"name":"Ailefo","item":"https:\/\/teiaeducation.ch\/fr\/categorie-produit\/marques\/ailefo-fr\/"},{"@type":"ListItem","position":5,"name":"P\u00e2te \u00e0 modeler organique printemps petit \u2013 Ailefo"}]},{"@type":"WebSite","@id":"https:\/\/teiaeducation.ch\/fr\/#website","url":"https:\/\/teiaeducation.ch\/fr\/","name":"Sustainable Educational Products &amp; Ecological Toys\u00a0","description":"Specialised Swiss shop selling sustainable educational toys and games, AMI certified Montessori materials, handmade ecological wooden Waldorf toys and arts &amp; crafts supplies, school supplies, children&#039;s furniture and Montessori reference and parenting books.","publisher":{"@id":"https:\/\/teiaeducation.ch\/fr\/#organization"},"alternateName":"Teia Education & Play","potentialAction":[{"@type":"SearchAction","target":{"@type":"EntryPoint","urlTemplate":"https:\/\/teiaeducation.ch\/fr\/?s={search_term_string}"},"query-input":{"@type":"PropertyValueSpecification","valueRequired":true,"valueName":"search_term_string"}}],"inLanguage":"fr-FR"},{"@type":"Organization","@id":"https:\/\/teiaeducation.ch\/fr\/#organization","name":"Teia Education & Play","url":"https:\/\/teiaeducation.ch\/fr\/","logo":{"@type":"ImageObject","inLanguage":"fr-FR","@id":"https:\/\/teiaeducation.ch\/fr\/#\/schema\/logo\/image\/","url":"https:\/\/teiaeducation.ch\/wp-content\/uploads\/2020\/11\/Teia-Education-Switzerland-e1620156442216.jpg","contentUrl":"https:\/\/teiaeducation.ch\/wp-content\/uploads\/2020\/11\/Teia-Education-Switzerland-e1620156442216.jpg","width":166,"height":145,"caption":"Teia Education & Play"},"image":{"@id":"https:\/\/teiaeducation.ch\/fr\/#\/schema\/logo\/image\/"},"sameAs":["https:\/\/www.facebook.com\/teiaeducation\/","https:\/\/x.com\/EducationTeia","https:\/\/www.instagram.com\/teia.education\/","https:\/\/www.linkedin.com\/company\/35501660","https:\/\/www.pinterest.ch\/TeiaEducation\/"]}]}},"_links":{"self":[{"href":"https:\/\/teiaeducation.ch\/fr\/wp-json\/wp\/v2\/product\/36022","targetHints":{"allow":["GET"]}}],"collection":[{"href":"https:\/\/teiaeducation.ch\/fr\/wp-json\/wp\/v2\/product"}],"about":[{"href":"https:\/\/teiaeducation.ch\/fr\/wp-json\/wp\/v2\/types\/product"}],"replies":[{"embeddable":true,"href":"https:\/\/teiaeducation.ch\/fr\/wp-json\/wp\/v2\/comments?post=36022"}],"wp:featuredmedia":[{"embeddable":true,"href":"https:\/\/teiaeducation.ch\/fr\/wp-json\/wp\/v2\/media\/40587"}],"wp:attachment":[{"href":"https:\/\/teiaeducation.ch\/fr\/wp-json\/wp\/v2\/media?parent=36022"}],"wp:term":[{"taxonomy":"product_brand","embeddable":true,"href":"https:\/\/teiaeducation.ch\/fr\/wp-json\/wp\/v2\/product_brand?post=36022"},{"taxonomy":"product_cat","embeddable":true,"href":"https:\/\/teiaeducation.ch\/fr\/wp-json\/wp\/v2\/product_cat?post=36022"},{"taxonomy":"product_tag","embeddable":true,"href":"https:\/\/teiaeducation.ch\/fr\/wp-json\/wp\/v2\/product_tag?post=36022"}],"curies":[{"name":"wp","href":"https:\/\/api.w.org\/{rel}","templated":true}]}}