{"id":36028,"date":"2021-04-19T12:21:34","date_gmt":"2021-04-19T10:21:34","guid":{"rendered":"https:\/\/teiaeducation.ch\/product\/camera-a-film-en-bois-fanny-alexander\/"},"modified":"2021-05-05T21:11:09","modified_gmt":"2021-05-05T19:11:09","slug":"camera-film-en-bois-fanny-alexander","status":"publish","type":"product","link":"https:\/\/teiaeducation.ch\/fr\/produit\/camera-film-en-bois-fanny-alexander\/","title":{"rendered":"Camera \u00e0 film en bois &#8211; Fanny &#038; Alexander"},"content":{"rendered":"<p>Cam\u00e9ra \u00e0 film en bois &#8211; Fanny &amp; Alexander<\/p>\n<p>La magnifique cam\u00e9ra en bois de Fanny &amp; Alexander ravira les petits cin\u00e9astes et les parents nostalgiques !<\/p>\n<p>Encouragez le jeu dramatique et <a href=\"https:\/\/teiaeducation.ch\/fr\/categorie-produit\/jouer\/jeu-imaginatif-faire-semblant\/\">imaginatif<\/a> et une nouvelle fa\u00e7on de voir le monde avec cette adorable cam\u00e9ra vid\u00e9o. Inspirant les enfants \u00e0 jouer un film ou \u00e0 trouver des sujets pour leur propre documentaire sur la nature, c&#8217;est le jouet parfait pour embrasser une enfance plus lente et pleine d&#8217;\u00e9merveillement.<\/p>\n<p>Fabriqu\u00e9 \u00e0 partir de bois de caoutchouc massif durable et de bois de teck Sapele, un magnifique contraste naturel de couleurs est cr\u00e9\u00e9 sans avoir besoin de peinture. Le bois chaud et lisse sera merveilleux dans les mains des enfants, les reliant \u00e0 la nature pendant qu&#8217;ils jouent.<\/p>\n<p>Le camera \u00e0 film en bois Fanny &amp; Alexander est fabriqu\u00e9 \u00e0 Taiwan et mesure 17,5 x 17 cm.<\/p>\n<p>La marque argentine Fanny &amp; Alexander cr\u00e9e de magnifiques produits qui encouragent les jeux simples et naturels et constituent un antidote au monde num\u00e9rique en plastique et rempli d&#8217;\u00e9crans qui nous entoure. L&#8217;objectif de la fondatrice <a href=\"https:\/\/fannyandalexander.co.uk\/about-us\/\">Delfina Aguilar<\/a> est d&#8217;encourager les enfants et les familles \u00e0 jouer un peu plus et un peu mieux.<\/p>\n<p>Leurs jouets en bois de haute qualit\u00e9 et de fabrication artisanale sont con\u00e7us pour stimuler la cr\u00e9ativit\u00e9 et encourager l&#8217;exploration. Ils utilisent des combinaisons de bois contrast\u00e9s au lieu de la peinture pour cr\u00e9er des jouets totalement naturels et s\u00fbrs, dont les plus jeunes enfants pourront profiter.<\/p>\n<p>Contenu :<\/p>\n<p>1 cam\u00e9ra en bois<\/p>\n","protected":false},"excerpt":{"rendered":"<p>Num\u00e9ro d&#8217;article: FA015<\/p>\n<p>Le camera \u00e0 film de Fanny &amp; Alexander est un jouet en bois durable de qualit\u00e9 artisanale qui encourage le jeu naturel et imaginatif.<\/p>\n","protected":false},"featured_media":35416,"comment_status":"open","ping_status":"closed","template":"","meta":[],"product_brand":[],"product_cat":[215,23635,18893,22344,18960,18913,13130,23020,13139,217,5851,212],"product_tag":[19236,19239,19237,19238,19235,19244,19241,17563,19242,19243,19234,19240],"class_list":{"0":"post-36028","1":"product","2":"type-product","3":"status-publish","4":"has-post-thumbnail","6":"product_cat-3-6-ans","7":"product_cat-collection-dete","8":"product_cat-collection-printemps","9":"product_cat-collections-saisonnieres","10":"product_cat-fanny-alexander-fr","11":"product_cat-jeu-de-la-nature","12":"product_cat-jouer","13":"product_cat-jouets-en-bois","14":"product_cat-jeu-imaginatif-faire-semblant","15":"product_cat-marques","16":"product_cat-nouveautes","17":"product_cat-tranche-dage","18":"product_tag-camera-a-film-en-bois","19":"product_tag-camera-a-film-jouet","20":"product_tag-camera-a-video-en-bois","21":"product_tag-camera-de-cinema-factice","22":"product_tag-fanny-alexander-fr","23":"product_tag-fanny-alexander-switzerland-fr","24":"product_tag-jouets-artisanaux","25":"product_tag-jouets-en-bois-durables","26":"product_tag-jouets-en-bois-naturel","27":"product_tag-jouets-en-bois-nostalgiques","28":"product_tag-jouets-en-bois-pour-jeux-de-roles","29":"product_tag-jouets-nostalgiques","31":"first","32":"outofstock","33":"taxable","34":"shipping-taxable","35":"purchasable","36":"product-type-simple"},"yoast_head":"<!-- This site is optimized with the Yoast SEO plugin v27.1.1 - https:\/\/yoast.com\/product\/yoast-seo-wordpress\/ -->\n<title>Camera \u00e0 film en bois - Fanny &amp; Alexander<\/title>\n<meta name=\"description\" content=\"Le camera \u00e0 film de Fanny &amp; Alexander est un jouet en bois durable de qualit\u00e9 artisanale qui encourage le jeu naturel et imaginatif.\" \/>\n<meta name=\"robots\" content=\"index, follow, max-snippet:-1, max-image-preview:large, max-video-preview:-1\" \/>\n<link rel=\"canonical\" href=\"https:\/\/teiaeducation.ch\/fr\/produit\/camera-film-en-bois-fanny-alexander\/\" \/>\n<meta property=\"og:locale\" content=\"fr_FR\" \/>\n<meta property=\"og:type\" content=\"article\" \/>\n<meta property=\"og:title\" content=\"Camera \u00e0 film en bois - Fanny &amp; Alexander\" \/>\n<meta property=\"og:description\" content=\"Le camera \u00e0 film de Fanny &amp; Alexander est un jouet en bois durable de qualit\u00e9 artisanale qui encourage le jeu naturel et imaginatif.\" \/>\n<meta property=\"og:url\" content=\"https:\/\/teiaeducation.ch\/fr\/produit\/camera-film-en-bois-fanny-alexander\/\" \/>\n<meta property=\"og:site_name\" content=\"Sustainable Educational Products &amp; Ecological Toys\u00a0\" \/>\n<meta property=\"article:publisher\" content=\"https:\/\/www.facebook.com\/teiaeducation\/\" \/>\n<meta property=\"article:modified_time\" content=\"2021-05-05T19:11:09+00:00\" \/>\n<meta property=\"og:image\" content=\"https:\/\/teiaeducation.ch\/wp-content\/uploads\/2021\/04\/Wooden-film-camera-Fanny-Alexander.jpg\" \/>\n\t<meta property=\"og:image:width\" content=\"768\" \/>\n\t<meta property=\"og:image:height\" content=\"1024\" \/>\n\t<meta property=\"og:image:type\" content=\"image\/jpeg\" \/>\n<script type=\"application\/ld+json\" class=\"yoast-schema-graph\">{\"@context\":\"https:\/\/schema.org\",\"@graph\":[{\"@type\":\"WebPage\",\"@id\":\"https:\/\/teiaeducation.ch\/fr\/produit\/camera-film-en-bois-fanny-alexander\/\",\"url\":\"https:\/\/teiaeducation.ch\/fr\/produit\/camera-film-en-bois-fanny-alexander\/\",\"name\":\"Camera \u00e0 film en bois - Fanny & Alexander\",\"isPartOf\":{\"@id\":\"https:\/\/teiaeducation.ch\/fr\/#website\"},\"primaryImageOfPage\":{\"@id\":\"https:\/\/teiaeducation.ch\/fr\/produit\/camera-film-en-bois-fanny-alexander\/#primaryimage\"},\"image\":{\"@id\":\"https:\/\/teiaeducation.ch\/fr\/produit\/camera-film-en-bois-fanny-alexander\/#primaryimage\"},\"thumbnailUrl\":\"https:\/\/teiaeducation.ch\/wp-content\/uploads\/2021\/04\/Wooden-film-camera-Fanny-Alexander.jpg\",\"datePublished\":\"2021-04-19T10:21:34+00:00\",\"dateModified\":\"2021-05-05T19:11:09+00:00\",\"description\":\"Le camera \u00e0 film de Fanny & Alexander est un jouet en bois durable de qualit\u00e9 artisanale qui encourage le jeu naturel et imaginatif.\",\"breadcrumb\":{\"@id\":\"https:\/\/teiaeducation.ch\/fr\/produit\/camera-film-en-bois-fanny-alexander\/#breadcrumb\"},\"inLanguage\":\"fr-FR\",\"potentialAction\":[{\"@type\":\"ReadAction\",\"target\":[\"https:\/\/teiaeducation.ch\/fr\/produit\/camera-film-en-bois-fanny-alexander\/\"]}]},{\"@type\":\"ImageObject\",\"inLanguage\":\"fr-FR\",\"@id\":\"https:\/\/teiaeducation.ch\/fr\/produit\/camera-film-en-bois-fanny-alexander\/#primaryimage\",\"url\":\"https:\/\/teiaeducation.ch\/wp-content\/uploads\/2021\/04\/Wooden-film-camera-Fanny-Alexander.jpg\",\"contentUrl\":\"https:\/\/teiaeducation.ch\/wp-content\/uploads\/2021\/04\/Wooden-film-camera-Fanny-Alexander.jpg\",\"width\":768,\"height\":1024,\"caption\":\"Camera \u00e0 film en bois - Fanny &amp; Alexander\"},{\"@type\":\"BreadcrumbList\",\"@id\":\"https:\/\/teiaeducation.ch\/fr\/produit\/camera-film-en-bois-fanny-alexander\/#breadcrumb\",\"itemListElement\":[{\"@type\":\"ListItem\",\"position\":1,\"name\":\"Home\",\"item\":\"https:\/\/teiaeducation.ch\/fr\/\"},{\"@type\":\"ListItem\",\"position\":2,\"name\":\"Boutique Teia Education &amp; Play\",\"item\":\"https:\/\/teiaeducation.ch\/fr\/boutique\/\"},{\"@type\":\"ListItem\",\"position\":3,\"name\":\"Nos Marques\",\"item\":\"https:\/\/teiaeducation.ch\/fr\/categorie-produit\/marques\/\"},{\"@type\":\"ListItem\",\"position\":4,\"name\":\"Fanny &amp; Alexander\",\"item\":\"https:\/\/teiaeducation.ch\/fr\/categorie-produit\/marques\/fanny-alexander-fr\/\"},{\"@type\":\"ListItem\",\"position\":5,\"name\":\"Camera \u00e0 film en bois &#8211; Fanny &#038; Alexander\"}]},{\"@type\":\"WebSite\",\"@id\":\"https:\/\/teiaeducation.ch\/fr\/#website\",\"url\":\"https:\/\/teiaeducation.ch\/fr\/\",\"name\":\"Sustainable Educational Products &amp; Ecological Toys\u00a0\",\"description\":\"Specialised Swiss shop selling sustainable educational toys and games, AMI certified Montessori materials, handmade ecological wooden Waldorf toys and arts &amp; crafts supplies, school supplies, children&#039;s furniture and Montessori reference and parenting books.\",\"publisher\":{\"@id\":\"https:\/\/teiaeducation.ch\/fr\/#organization\"},\"alternateName\":\"Teia Education & Play\",\"potentialAction\":[{\"@type\":\"SearchAction\",\"target\":{\"@type\":\"EntryPoint\",\"urlTemplate\":\"https:\/\/teiaeducation.ch\/fr\/?s={search_term_string}\"},\"query-input\":{\"@type\":\"PropertyValueSpecification\",\"valueRequired\":true,\"valueName\":\"search_term_string\"}}],\"inLanguage\":\"fr-FR\"},{\"@type\":\"Organization\",\"@id\":\"https:\/\/teiaeducation.ch\/fr\/#organization\",\"name\":\"Teia Education & Play\",\"url\":\"https:\/\/teiaeducation.ch\/fr\/\",\"logo\":{\"@type\":\"ImageObject\",\"inLanguage\":\"fr-FR\",\"@id\":\"https:\/\/teiaeducation.ch\/fr\/#\/schema\/logo\/image\/\",\"url\":\"https:\/\/teiaeducation.ch\/wp-content\/uploads\/2020\/11\/Teia-Education-Switzerland-e1620156442216.jpg\",\"contentUrl\":\"https:\/\/teiaeducation.ch\/wp-content\/uploads\/2020\/11\/Teia-Education-Switzerland-e1620156442216.jpg\",\"width\":166,\"height\":145,\"caption\":\"Teia Education & Play\"},\"image\":{\"@id\":\"https:\/\/teiaeducation.ch\/fr\/#\/schema\/logo\/image\/\"},\"sameAs\":[\"https:\/\/www.facebook.com\/teiaeducation\/\",\"https:\/\/x.com\/EducationTeia\",\"https:\/\/www.instagram.com\/teia.education\/\",\"https:\/\/www.linkedin.com\/company\/35501660\",\"https:\/\/www.pinterest.ch\/TeiaEducation\/\"]}]}<\/script>\n<!-- \/ Yoast SEO plugin. -->","yoast_head_json":{"title":"Camera \u00e0 film en bois - Fanny & Alexander","description":"Le camera \u00e0 film de Fanny & Alexander est un jouet en bois durable de qualit\u00e9 artisanale qui encourage le jeu naturel et imaginatif.","robots":{"index":"index","follow":"follow","max-snippet":"max-snippet:-1","max-image-preview":"max-image-preview:large","max-video-preview":"max-video-preview:-1"},"canonical":"https:\/\/teiaeducation.ch\/fr\/produit\/camera-film-en-bois-fanny-alexander\/","og_locale":"fr_FR","og_type":"article","og_title":"Camera \u00e0 film en bois - Fanny & Alexander","og_description":"Le camera \u00e0 film de Fanny & Alexander est un jouet en bois durable de qualit\u00e9 artisanale qui encourage le jeu naturel et imaginatif.","og_url":"https:\/\/teiaeducation.ch\/fr\/produit\/camera-film-en-bois-fanny-alexander\/","og_site_name":"Sustainable Educational Products &amp; Ecological Toys\u00a0","article_publisher":"https:\/\/www.facebook.com\/teiaeducation\/","article_modified_time":"2021-05-05T19:11:09+00:00","og_image":[{"width":768,"height":1024,"url":"https:\/\/teiaeducation.ch\/wp-content\/uploads\/2021\/04\/Wooden-film-camera-Fanny-Alexander.jpg","type":"image\/jpeg"}],"schema":{"@context":"https:\/\/schema.org","@graph":[{"@type":"WebPage","@id":"https:\/\/teiaeducation.ch\/fr\/produit\/camera-film-en-bois-fanny-alexander\/","url":"https:\/\/teiaeducation.ch\/fr\/produit\/camera-film-en-bois-fanny-alexander\/","name":"Camera \u00e0 film en bois - Fanny & Alexander","isPartOf":{"@id":"https:\/\/teiaeducation.ch\/fr\/#website"},"primaryImageOfPage":{"@id":"https:\/\/teiaeducation.ch\/fr\/produit\/camera-film-en-bois-fanny-alexander\/#primaryimage"},"image":{"@id":"https:\/\/teiaeducation.ch\/fr\/produit\/camera-film-en-bois-fanny-alexander\/#primaryimage"},"thumbnailUrl":"https:\/\/teiaeducation.ch\/wp-content\/uploads\/2021\/04\/Wooden-film-camera-Fanny-Alexander.jpg","datePublished":"2021-04-19T10:21:34+00:00","dateModified":"2021-05-05T19:11:09+00:00","description":"Le camera \u00e0 film de Fanny & Alexander est un jouet en bois durable de qualit\u00e9 artisanale qui encourage le jeu naturel et imaginatif.","breadcrumb":{"@id":"https:\/\/teiaeducation.ch\/fr\/produit\/camera-film-en-bois-fanny-alexander\/#breadcrumb"},"inLanguage":"fr-FR","potentialAction":[{"@type":"ReadAction","target":["https:\/\/teiaeducation.ch\/fr\/produit\/camera-film-en-bois-fanny-alexander\/"]}]},{"@type":"ImageObject","inLanguage":"fr-FR","@id":"https:\/\/teiaeducation.ch\/fr\/produit\/camera-film-en-bois-fanny-alexander\/#primaryimage","url":"https:\/\/teiaeducation.ch\/wp-content\/uploads\/2021\/04\/Wooden-film-camera-Fanny-Alexander.jpg","contentUrl":"https:\/\/teiaeducation.ch\/wp-content\/uploads\/2021\/04\/Wooden-film-camera-Fanny-Alexander.jpg","width":768,"height":1024,"caption":"Camera \u00e0 film en bois - Fanny &amp; Alexander"},{"@type":"BreadcrumbList","@id":"https:\/\/teiaeducation.ch\/fr\/produit\/camera-film-en-bois-fanny-alexander\/#breadcrumb","itemListElement":[{"@type":"ListItem","position":1,"name":"Home","item":"https:\/\/teiaeducation.ch\/fr\/"},{"@type":"ListItem","position":2,"name":"Boutique Teia Education &amp; Play","item":"https:\/\/teiaeducation.ch\/fr\/boutique\/"},{"@type":"ListItem","position":3,"name":"Nos Marques","item":"https:\/\/teiaeducation.ch\/fr\/categorie-produit\/marques\/"},{"@type":"ListItem","position":4,"name":"Fanny &amp; Alexander","item":"https:\/\/teiaeducation.ch\/fr\/categorie-produit\/marques\/fanny-alexander-fr\/"},{"@type":"ListItem","position":5,"name":"Camera \u00e0 film en bois &#8211; Fanny &#038; Alexander"}]},{"@type":"WebSite","@id":"https:\/\/teiaeducation.ch\/fr\/#website","url":"https:\/\/teiaeducation.ch\/fr\/","name":"Sustainable Educational Products &amp; Ecological Toys\u00a0","description":"Specialised Swiss shop selling sustainable educational toys and games, AMI certified Montessori materials, handmade ecological wooden Waldorf toys and arts &amp; crafts supplies, school supplies, children&#039;s furniture and Montessori reference and parenting books.","publisher":{"@id":"https:\/\/teiaeducation.ch\/fr\/#organization"},"alternateName":"Teia Education & Play","potentialAction":[{"@type":"SearchAction","target":{"@type":"EntryPoint","urlTemplate":"https:\/\/teiaeducation.ch\/fr\/?s={search_term_string}"},"query-input":{"@type":"PropertyValueSpecification","valueRequired":true,"valueName":"search_term_string"}}],"inLanguage":"fr-FR"},{"@type":"Organization","@id":"https:\/\/teiaeducation.ch\/fr\/#organization","name":"Teia Education & Play","url":"https:\/\/teiaeducation.ch\/fr\/","logo":{"@type":"ImageObject","inLanguage":"fr-FR","@id":"https:\/\/teiaeducation.ch\/fr\/#\/schema\/logo\/image\/","url":"https:\/\/teiaeducation.ch\/wp-content\/uploads\/2020\/11\/Teia-Education-Switzerland-e1620156442216.jpg","contentUrl":"https:\/\/teiaeducation.ch\/wp-content\/uploads\/2020\/11\/Teia-Education-Switzerland-e1620156442216.jpg","width":166,"height":145,"caption":"Teia Education & Play"},"image":{"@id":"https:\/\/teiaeducation.ch\/fr\/#\/schema\/logo\/image\/"},"sameAs":["https:\/\/www.facebook.com\/teiaeducation\/","https:\/\/x.com\/EducationTeia","https:\/\/www.instagram.com\/teia.education\/","https:\/\/www.linkedin.com\/company\/35501660","https:\/\/www.pinterest.ch\/TeiaEducation\/"]}]}},"_links":{"self":[{"href":"https:\/\/teiaeducation.ch\/fr\/wp-json\/wp\/v2\/product\/36028","targetHints":{"allow":["GET"]}}],"collection":[{"href":"https:\/\/teiaeducation.ch\/fr\/wp-json\/wp\/v2\/product"}],"about":[{"href":"https:\/\/teiaeducation.ch\/fr\/wp-json\/wp\/v2\/types\/product"}],"replies":[{"embeddable":true,"href":"https:\/\/teiaeducation.ch\/fr\/wp-json\/wp\/v2\/comments?post=36028"}],"wp:featuredmedia":[{"embeddable":true,"href":"https:\/\/teiaeducation.ch\/fr\/wp-json\/wp\/v2\/media\/35416"}],"wp:attachment":[{"href":"https:\/\/teiaeducation.ch\/fr\/wp-json\/wp\/v2\/media?parent=36028"}],"wp:term":[{"taxonomy":"product_brand","embeddable":true,"href":"https:\/\/teiaeducation.ch\/fr\/wp-json\/wp\/v2\/product_brand?post=36028"},{"taxonomy":"product_cat","embeddable":true,"href":"https:\/\/teiaeducation.ch\/fr\/wp-json\/wp\/v2\/product_cat?post=36028"},{"taxonomy":"product_tag","embeddable":true,"href":"https:\/\/teiaeducation.ch\/fr\/wp-json\/wp\/v2\/product_tag?post=36028"}],"curies":[{"name":"wp","href":"https:\/\/api.w.org\/{rel}","templated":true}]}}