{"id":36029,"date":"2021-03-20T17:22:44","date_gmt":"2021-03-20T16:22:44","guid":{"rendered":"https:\/\/teiaeducation.ch\/product\/hiccup-makes-a-leap-fanny-alexander\/"},"modified":"2024-06-15T14:59:40","modified_gmt":"2024-06-15T12:59:40","slug":"hiccup-makes-a-leap-fanny-alexander-2","status":"publish","type":"product","link":"https:\/\/teiaeducation.ch\/fr\/produit\/hiccup-makes-a-leap-fanny-alexander-2\/","title":{"rendered":"Hiccup makes a leap &#8211; Fanny and Alexander"},"content":{"rendered":"<p>Hiccup makes a leap \/ Livre d&#8217;images pour enfants &#8211; Fanny &amp; Alexander<\/p>\n<p>Le <a href=\"https:\/\/teiaeducation.ch\/fr\/categorie-produit\/livres-pour-enfants\/\">livre<\/a> d&#8217;images inspirant de Fanny &amp; Alexander encourage les enfants \u00e0 embrasser leur individualit\u00e9 et \u00e0 trouver leur place dans le monde.<\/p>\n<p>L&#8217;histoire chaleureuse et amusante de Hiccup permet de surmonter les probl\u00e8mes et de changer les mod\u00e8les d&#8217;attitudes n\u00e9gatives, tout en encourageant les enfants \u00e0 adopter une attitude positive. Le livre soutient en douceur le d\u00e9veloppement de la confiance, de la d\u00e9termination et de l&#8217;estime de soi.<\/p>\n<p>Les amis de Hiccup sont g\u00ean\u00e9s par son hoquet constant, mais il ne peut pas s&#8217;arr\u00eater. Suivez ses aventures alors qu&#8217;il d\u00e9couvre sa propre valeur inn\u00e9e dans cette fable moderne merveilleuse et absurde.<\/p>\n<p>Relatif pour les enfants de tous \u00e2ges, &#8220;Hiccup makes a leap&#8221; est particuli\u00e8rement adapt\u00e9 aux enfants de 3 \u00e0 8 ans. Ce livre cartonn\u00e9, \u00e9crit par Delfina Aguilar avec des illustrations magnifiques et humoristiques de Sabrina Arnault et Hiromi Suzuki, a 48 pages et est imprim\u00e9 \u00e0 Londres. Il mesure 27cm x 21cm.<\/p>\n<p>La marque argentine Fanny &amp; Alexander cr\u00e9e de magnifiques produits qui encouragent les jeux simples et naturels et permettent de s&#8217;\u00e9vader du monde num\u00e9rique. Imprim\u00e9s \u00e0 Londres, leurs magnifiques livres sont remplis de messages positifs pour que les enfants profitent de toutes les merveilles de la nature.<\/p>\n<p>Leurs jouets en bois de haute qualit\u00e9 et de fabrication artisanale sont con\u00e7us pour stimuler la cr\u00e9ativit\u00e9 et encourager l\u2019exploration. Ils utilisent des combinaisons de bois contrast\u00e9s au lieu de la peinture pour cr\u00e9er des jouets totalement naturels et s\u00fbrs, dont les plus jeunes enfants pourront profiter.<\/p>\n<p>Contenu :<\/p>\n<p>1 livre cartonn\u00e9 &#8220;Hiccup makes a leap&#8221; en anglais, 48 pages.<\/p>\n","protected":false},"excerpt":{"rendered":"<p>Num\u00e9ro d&#8217;article: <span class=\"sku\">FA022<\/span><\/p>\n<p>Hiccup makes a leap de Fanny &amp; Alexander, est un livre d&#8217;images pour les enfants, qui encourage le dialogue positif, l&#8217;estime de soi et la confiance en soi.<\/p>\n","protected":false},"featured_media":34285,"comment_status":"open","ping_status":"closed","template":"","meta":[],"product_brand":[],"product_cat":[215,216,18893,283,18960,21258,21257,20663,18912,217,5851,292,212],"product_tag":[19252,19245,19246,19247,19251,19248,19250,19249],"class_list":{"0":"post-36029","1":"product","2":"type-product","3":"status-publish","4":"has-post-thumbnail","6":"product_cat-3-6-ans","7":"product_cat-6-12-ans","8":"product_cat-collection-printemps","9":"product_cat-domaines-du-curriculum","10":"product_cat-fanny-alexander-fr","11":"product_cat-guide-cadeaux-livres","12":"product_cat-guides-cadeaux","13":"product_cat-livres-de-contes","14":"product_cat-livres-pour-enfants","15":"product_cat-marques","16":"product_cat-nouveautes","17":"product_cat-appui-au-curriculum","18":"product_cat-tranche-dage","19":"product_tag-delfina-aguilar-fr","20":"product_tag-fanny-and-alexander-fr","21":"product_tag-fanny-and-alexander-livres","22":"product_tag-hiccup-makes-a-leap-fr","23":"product_tag-livre-denfants-estime-de-soi","24":"product_tag-livres-dimages-pour-enfants","25":"product_tag-livres-de-confiance-pour-enfants","26":"product_tag-livres-positifs-pour-enfants","28":"first","29":"instock","30":"taxable","31":"shipping-taxable","32":"purchasable","33":"product-type-simple"},"yoast_head":"<!-- This site is optimized with the Yoast SEO plugin v27.1.1 - https:\/\/yoast.com\/product\/yoast-seo-wordpress\/ -->\n<title>Livre Hiccup Makes a Leap (Anglais) - Fanny &amp; Alexander<\/title>\n<meta name=\"description\" content=\"Hiccup makes a leap de Fanny &amp; Alexander, est un livre d&#039;images pour les enfants, qui encourage le dialogue positif, l&#039;estime de soi et la confiance en soi.\" \/>\n<meta name=\"robots\" content=\"index, follow, max-snippet:-1, max-image-preview:large, max-video-preview:-1\" \/>\n<link rel=\"canonical\" href=\"https:\/\/teiaeducation.ch\/fr\/produit\/hiccup-makes-a-leap-fanny-alexander-2\/\" \/>\n<meta property=\"og:locale\" content=\"fr_FR\" \/>\n<meta property=\"og:type\" content=\"article\" \/>\n<meta property=\"og:title\" content=\"Livre Hiccup Makes a Leap (Anglais) - Fanny &amp; Alexander\" \/>\n<meta property=\"og:description\" content=\"Hiccup makes a leap de Fanny &amp; Alexander, est un livre d&#039;images pour les enfants, qui encourage le dialogue positif, l&#039;estime de soi et la confiance en soi.\" \/>\n<meta property=\"og:url\" content=\"https:\/\/teiaeducation.ch\/fr\/produit\/hiccup-makes-a-leap-fanny-alexander-2\/\" \/>\n<meta property=\"og:site_name\" content=\"Sustainable Educational Products &amp; Ecological Toys\u00a0\" \/>\n<meta property=\"article:publisher\" content=\"https:\/\/www.facebook.com\/teiaeducation\/\" \/>\n<meta property=\"article:modified_time\" content=\"2024-06-15T12:59:40+00:00\" \/>\n<meta property=\"og:image\" content=\"https:\/\/teiaeducation.ch\/wp-content\/uploads\/2021\/03\/Hiccup-makes-a-leap-Fanny-Alexander.jpg\" \/>\n\t<meta property=\"og:image:width\" content=\"768\" \/>\n\t<meta property=\"og:image:height\" content=\"1024\" \/>\n\t<meta property=\"og:image:type\" content=\"image\/jpeg\" \/>\n<script type=\"application\/ld+json\" class=\"yoast-schema-graph\">{\"@context\":\"https:\/\/schema.org\",\"@graph\":[{\"@type\":\"WebPage\",\"@id\":\"https:\/\/teiaeducation.ch\/fr\/produit\/hiccup-makes-a-leap-fanny-alexander-2\/\",\"url\":\"https:\/\/teiaeducation.ch\/fr\/produit\/hiccup-makes-a-leap-fanny-alexander-2\/\",\"name\":\"Livre Hiccup Makes a Leap (Anglais) - Fanny & Alexander\",\"isPartOf\":{\"@id\":\"https:\/\/teiaeducation.ch\/fr\/#website\"},\"primaryImageOfPage\":{\"@id\":\"https:\/\/teiaeducation.ch\/fr\/produit\/hiccup-makes-a-leap-fanny-alexander-2\/#primaryimage\"},\"image\":{\"@id\":\"https:\/\/teiaeducation.ch\/fr\/produit\/hiccup-makes-a-leap-fanny-alexander-2\/#primaryimage\"},\"thumbnailUrl\":\"https:\/\/teiaeducation.ch\/wp-content\/uploads\/2021\/03\/Hiccup-makes-a-leap-Fanny-Alexander.jpg\",\"datePublished\":\"2021-03-20T16:22:44+00:00\",\"dateModified\":\"2024-06-15T12:59:40+00:00\",\"description\":\"Hiccup makes a leap de Fanny & Alexander, est un livre d'images pour les enfants, qui encourage le dialogue positif, l'estime de soi et la confiance en soi.\",\"breadcrumb\":{\"@id\":\"https:\/\/teiaeducation.ch\/fr\/produit\/hiccup-makes-a-leap-fanny-alexander-2\/#breadcrumb\"},\"inLanguage\":\"fr-FR\",\"potentialAction\":[{\"@type\":\"ReadAction\",\"target\":[\"https:\/\/teiaeducation.ch\/fr\/produit\/hiccup-makes-a-leap-fanny-alexander-2\/\"]}]},{\"@type\":\"ImageObject\",\"inLanguage\":\"fr-FR\",\"@id\":\"https:\/\/teiaeducation.ch\/fr\/produit\/hiccup-makes-a-leap-fanny-alexander-2\/#primaryimage\",\"url\":\"https:\/\/teiaeducation.ch\/wp-content\/uploads\/2021\/03\/Hiccup-makes-a-leap-Fanny-Alexander.jpg\",\"contentUrl\":\"https:\/\/teiaeducation.ch\/wp-content\/uploads\/2021\/03\/Hiccup-makes-a-leap-Fanny-Alexander.jpg\",\"width\":768,\"height\":1024,\"caption\":\"Fanny & Alexander livre d'images pour enfants Hiccup makes a leap\"},{\"@type\":\"BreadcrumbList\",\"@id\":\"https:\/\/teiaeducation.ch\/fr\/produit\/hiccup-makes-a-leap-fanny-alexander-2\/#breadcrumb\",\"itemListElement\":[{\"@type\":\"ListItem\",\"position\":1,\"name\":\"Home\",\"item\":\"https:\/\/teiaeducation.ch\/fr\/\"},{\"@type\":\"ListItem\",\"position\":2,\"name\":\"Boutique Teia Education &amp; Play\",\"item\":\"https:\/\/teiaeducation.ch\/fr\/boutique\/\"},{\"@type\":\"ListItem\",\"position\":3,\"name\":\"Nos Marques\",\"item\":\"https:\/\/teiaeducation.ch\/fr\/categorie-produit\/marques\/\"},{\"@type\":\"ListItem\",\"position\":4,\"name\":\"Fanny &amp; Alexander\",\"item\":\"https:\/\/teiaeducation.ch\/fr\/categorie-produit\/marques\/fanny-alexander-fr\/\"},{\"@type\":\"ListItem\",\"position\":5,\"name\":\"Hiccup makes a leap &#8211; Fanny and Alexander\"}]},{\"@type\":\"WebSite\",\"@id\":\"https:\/\/teiaeducation.ch\/fr\/#website\",\"url\":\"https:\/\/teiaeducation.ch\/fr\/\",\"name\":\"Sustainable Educational Products &amp; Ecological Toys\u00a0\",\"description\":\"Specialised Swiss shop selling sustainable educational toys and games, AMI certified Montessori materials, handmade ecological wooden Waldorf toys and arts &amp; crafts supplies, school supplies, children&#039;s furniture and Montessori reference and parenting books.\",\"publisher\":{\"@id\":\"https:\/\/teiaeducation.ch\/fr\/#organization\"},\"alternateName\":\"Teia Education & Play\",\"potentialAction\":[{\"@type\":\"SearchAction\",\"target\":{\"@type\":\"EntryPoint\",\"urlTemplate\":\"https:\/\/teiaeducation.ch\/fr\/?s={search_term_string}\"},\"query-input\":{\"@type\":\"PropertyValueSpecification\",\"valueRequired\":true,\"valueName\":\"search_term_string\"}}],\"inLanguage\":\"fr-FR\"},{\"@type\":\"Organization\",\"@id\":\"https:\/\/teiaeducation.ch\/fr\/#organization\",\"name\":\"Teia Education & Play\",\"url\":\"https:\/\/teiaeducation.ch\/fr\/\",\"logo\":{\"@type\":\"ImageObject\",\"inLanguage\":\"fr-FR\",\"@id\":\"https:\/\/teiaeducation.ch\/fr\/#\/schema\/logo\/image\/\",\"url\":\"https:\/\/teiaeducation.ch\/wp-content\/uploads\/2020\/11\/Teia-Education-Switzerland-e1620156442216.jpg\",\"contentUrl\":\"https:\/\/teiaeducation.ch\/wp-content\/uploads\/2020\/11\/Teia-Education-Switzerland-e1620156442216.jpg\",\"width\":166,\"height\":145,\"caption\":\"Teia Education & Play\"},\"image\":{\"@id\":\"https:\/\/teiaeducation.ch\/fr\/#\/schema\/logo\/image\/\"},\"sameAs\":[\"https:\/\/www.facebook.com\/teiaeducation\/\",\"https:\/\/x.com\/EducationTeia\",\"https:\/\/www.instagram.com\/teia.education\/\",\"https:\/\/www.linkedin.com\/company\/35501660\",\"https:\/\/www.pinterest.ch\/TeiaEducation\/\"]}]}<\/script>\n<!-- \/ Yoast SEO plugin. -->","yoast_head_json":{"title":"Livre Hiccup Makes a Leap (Anglais) - Fanny & Alexander","description":"Hiccup makes a leap de Fanny & Alexander, est un livre d'images pour les enfants, qui encourage le dialogue positif, l'estime de soi et la confiance en soi.","robots":{"index":"index","follow":"follow","max-snippet":"max-snippet:-1","max-image-preview":"max-image-preview:large","max-video-preview":"max-video-preview:-1"},"canonical":"https:\/\/teiaeducation.ch\/fr\/produit\/hiccup-makes-a-leap-fanny-alexander-2\/","og_locale":"fr_FR","og_type":"article","og_title":"Livre Hiccup Makes a Leap (Anglais) - Fanny & Alexander","og_description":"Hiccup makes a leap de Fanny & Alexander, est un livre d'images pour les enfants, qui encourage le dialogue positif, l'estime de soi et la confiance en soi.","og_url":"https:\/\/teiaeducation.ch\/fr\/produit\/hiccup-makes-a-leap-fanny-alexander-2\/","og_site_name":"Sustainable Educational Products &amp; Ecological Toys\u00a0","article_publisher":"https:\/\/www.facebook.com\/teiaeducation\/","article_modified_time":"2024-06-15T12:59:40+00:00","og_image":[{"width":768,"height":1024,"url":"https:\/\/teiaeducation.ch\/wp-content\/uploads\/2021\/03\/Hiccup-makes-a-leap-Fanny-Alexander.jpg","type":"image\/jpeg"}],"schema":{"@context":"https:\/\/schema.org","@graph":[{"@type":"WebPage","@id":"https:\/\/teiaeducation.ch\/fr\/produit\/hiccup-makes-a-leap-fanny-alexander-2\/","url":"https:\/\/teiaeducation.ch\/fr\/produit\/hiccup-makes-a-leap-fanny-alexander-2\/","name":"Livre Hiccup Makes a Leap (Anglais) - Fanny & Alexander","isPartOf":{"@id":"https:\/\/teiaeducation.ch\/fr\/#website"},"primaryImageOfPage":{"@id":"https:\/\/teiaeducation.ch\/fr\/produit\/hiccup-makes-a-leap-fanny-alexander-2\/#primaryimage"},"image":{"@id":"https:\/\/teiaeducation.ch\/fr\/produit\/hiccup-makes-a-leap-fanny-alexander-2\/#primaryimage"},"thumbnailUrl":"https:\/\/teiaeducation.ch\/wp-content\/uploads\/2021\/03\/Hiccup-makes-a-leap-Fanny-Alexander.jpg","datePublished":"2021-03-20T16:22:44+00:00","dateModified":"2024-06-15T12:59:40+00:00","description":"Hiccup makes a leap de Fanny & Alexander, est un livre d'images pour les enfants, qui encourage le dialogue positif, l'estime de soi et la confiance en soi.","breadcrumb":{"@id":"https:\/\/teiaeducation.ch\/fr\/produit\/hiccup-makes-a-leap-fanny-alexander-2\/#breadcrumb"},"inLanguage":"fr-FR","potentialAction":[{"@type":"ReadAction","target":["https:\/\/teiaeducation.ch\/fr\/produit\/hiccup-makes-a-leap-fanny-alexander-2\/"]}]},{"@type":"ImageObject","inLanguage":"fr-FR","@id":"https:\/\/teiaeducation.ch\/fr\/produit\/hiccup-makes-a-leap-fanny-alexander-2\/#primaryimage","url":"https:\/\/teiaeducation.ch\/wp-content\/uploads\/2021\/03\/Hiccup-makes-a-leap-Fanny-Alexander.jpg","contentUrl":"https:\/\/teiaeducation.ch\/wp-content\/uploads\/2021\/03\/Hiccup-makes-a-leap-Fanny-Alexander.jpg","width":768,"height":1024,"caption":"Fanny & Alexander livre d'images pour enfants Hiccup makes a leap"},{"@type":"BreadcrumbList","@id":"https:\/\/teiaeducation.ch\/fr\/produit\/hiccup-makes-a-leap-fanny-alexander-2\/#breadcrumb","itemListElement":[{"@type":"ListItem","position":1,"name":"Home","item":"https:\/\/teiaeducation.ch\/fr\/"},{"@type":"ListItem","position":2,"name":"Boutique Teia Education &amp; Play","item":"https:\/\/teiaeducation.ch\/fr\/boutique\/"},{"@type":"ListItem","position":3,"name":"Nos Marques","item":"https:\/\/teiaeducation.ch\/fr\/categorie-produit\/marques\/"},{"@type":"ListItem","position":4,"name":"Fanny &amp; Alexander","item":"https:\/\/teiaeducation.ch\/fr\/categorie-produit\/marques\/fanny-alexander-fr\/"},{"@type":"ListItem","position":5,"name":"Hiccup makes a leap &#8211; Fanny and Alexander"}]},{"@type":"WebSite","@id":"https:\/\/teiaeducation.ch\/fr\/#website","url":"https:\/\/teiaeducation.ch\/fr\/","name":"Sustainable Educational Products &amp; Ecological Toys\u00a0","description":"Specialised Swiss shop selling sustainable educational toys and games, AMI certified Montessori materials, handmade ecological wooden Waldorf toys and arts &amp; crafts supplies, school supplies, children&#039;s furniture and Montessori reference and parenting books.","publisher":{"@id":"https:\/\/teiaeducation.ch\/fr\/#organization"},"alternateName":"Teia Education & Play","potentialAction":[{"@type":"SearchAction","target":{"@type":"EntryPoint","urlTemplate":"https:\/\/teiaeducation.ch\/fr\/?s={search_term_string}"},"query-input":{"@type":"PropertyValueSpecification","valueRequired":true,"valueName":"search_term_string"}}],"inLanguage":"fr-FR"},{"@type":"Organization","@id":"https:\/\/teiaeducation.ch\/fr\/#organization","name":"Teia Education & Play","url":"https:\/\/teiaeducation.ch\/fr\/","logo":{"@type":"ImageObject","inLanguage":"fr-FR","@id":"https:\/\/teiaeducation.ch\/fr\/#\/schema\/logo\/image\/","url":"https:\/\/teiaeducation.ch\/wp-content\/uploads\/2020\/11\/Teia-Education-Switzerland-e1620156442216.jpg","contentUrl":"https:\/\/teiaeducation.ch\/wp-content\/uploads\/2020\/11\/Teia-Education-Switzerland-e1620156442216.jpg","width":166,"height":145,"caption":"Teia Education & Play"},"image":{"@id":"https:\/\/teiaeducation.ch\/fr\/#\/schema\/logo\/image\/"},"sameAs":["https:\/\/www.facebook.com\/teiaeducation\/","https:\/\/x.com\/EducationTeia","https:\/\/www.instagram.com\/teia.education\/","https:\/\/www.linkedin.com\/company\/35501660","https:\/\/www.pinterest.ch\/TeiaEducation\/"]}]}},"_links":{"self":[{"href":"https:\/\/teiaeducation.ch\/fr\/wp-json\/wp\/v2\/product\/36029","targetHints":{"allow":["GET"]}}],"collection":[{"href":"https:\/\/teiaeducation.ch\/fr\/wp-json\/wp\/v2\/product"}],"about":[{"href":"https:\/\/teiaeducation.ch\/fr\/wp-json\/wp\/v2\/types\/product"}],"replies":[{"embeddable":true,"href":"https:\/\/teiaeducation.ch\/fr\/wp-json\/wp\/v2\/comments?post=36029"}],"wp:featuredmedia":[{"embeddable":true,"href":"https:\/\/teiaeducation.ch\/fr\/wp-json\/wp\/v2\/media\/34285"}],"wp:attachment":[{"href":"https:\/\/teiaeducation.ch\/fr\/wp-json\/wp\/v2\/media?parent=36029"}],"wp:term":[{"taxonomy":"product_brand","embeddable":true,"href":"https:\/\/teiaeducation.ch\/fr\/wp-json\/wp\/v2\/product_brand?post=36029"},{"taxonomy":"product_cat","embeddable":true,"href":"https:\/\/teiaeducation.ch\/fr\/wp-json\/wp\/v2\/product_cat?post=36029"},{"taxonomy":"product_tag","embeddable":true,"href":"https:\/\/teiaeducation.ch\/fr\/wp-json\/wp\/v2\/product_tag?post=36029"}],"curies":[{"name":"wp","href":"https:\/\/api.w.org\/{rel}","templated":true}]}}