{"id":36030,"date":"2021-03-13T16:28:18","date_gmt":"2021-03-13T15:28:18","guid":{"rendered":"https:\/\/teiaeducation.ch\/product\/the-nature-of-play-fanny-alexander\/"},"modified":"2022-11-15T09:22:45","modified_gmt":"2022-11-15T08:22:45","slug":"the-nature-of-play-fanny-alexander-2","status":"publish","type":"product","link":"https:\/\/teiaeducation.ch\/fr\/produit\/the-nature-of-play-fanny-alexander-2\/","title":{"rendered":"The nature of play &#8211; Fanny and Alexander"},"content":{"rendered":"<p>Livre The nature of play \/ Manuel d&#8217;activit\u00e9s la nature et jeux naturels &#8211; Fanny &amp; Alexander<\/p>\n<p>L&#8217;inspirant <a href=\"https:\/\/teiaeducation.ch\/fr\/categorie-produit\/livres-pour-enfants\/\">livre<\/a> pour enfants de Fanny &amp; Alexander, The Nature of Play, un manuel d&#8217;activit\u00e9s bas\u00e9es sur la nature pour toutes les saisons, regorge de merveilleuses id\u00e9es de jeux naturels simples et amusants pour une enfance pleine d&#8217;\u00e9merveillement.<\/p>\n<p>Ces activit\u00e9s amusantes et saisonni\u00e8res encouragent les enfants et leurs familles \u00e0 jouer avec la nature tous les jours, qu&#8217;ils vivent en ville ou \u00e0 la campagne, gr\u00e2ce \u00e0 des id\u00e9es de bricolage et de jeu bas\u00e9es sur la nature, \u00e0 l&#8217;int\u00e9rieur comme \u00e0 l&#8217;ext\u00e9rieur. Contenant 44 activit\u00e9s pratiques richement illustr\u00e9es, des po\u00e8mes de saison, des interviews, des recettes et des guides sur la faune et la flore, ce livre est une invitation \u00e0 explorer, d\u00e9couvrir, apprendre et jouer avec la nature, quel que soit le temps.<\/p>\n<p>Avec une foule d&#8217;id\u00e9es fascinantes pour les jours de pluie comme pour les jours de soleil, ce livre encourage le jeu lent et joyeux et les journ\u00e9es pass\u00e9es \u00e0 errer et \u00e0 s&#8217;interroger comme antidote parfait pour l&#8217;enfance au jeu passif et au temps d&#8217;\u00e9cran sans fin. Des activit\u00e9s telles que la fabrication de kits et de bombes \u00e0 graines pour les oiseaux, la cuisine en plein air et la construction d&#8217;h\u00f4tels \u00e0 insectes abondent, accompagn\u00e9es de merveilleuses histoires, de belles illustrations et de notes sur les avantages \u00e9ducatifs, \u00e9motionnels et physiques de chaque activit\u00e9.<\/p>\n<p>The nature of play est remplie de plaisirs familiaux pour tous les \u00e2ges, avec des activit\u00e9s particuli\u00e8rement destin\u00e9es aux enfants de 5 \u00e0 12 ans. Ce livre cartonn\u00e9, \u00e9crit par Delfina Aguilar, compte 216 pages et est imprim\u00e9 \u00e0 Londres. Il mesure 23cm x 17cm.<\/p>\n<p>La marque argentine Fanny &amp; Alexander cr\u00e9e de magnifiques produits qui encouragent les jeux simples et naturels et permettent de s&#8217;\u00e9vader du monde num\u00e9rique. Imprim\u00e9s \u00e0 Londres, leurs magnifiques livres sont remplis de messages positifs pour que les enfants profitent de toutes les merveilles de la nature.<\/p>\n<p>Leurs jouets en bois de haute qualit\u00e9 et de fabrication artisanale sont con\u00e7us pour stimuler la cr\u00e9ativit\u00e9 et encourager l&#8217;exploration. Ils utilisent des combinaisons de bois contrast\u00e9s au lieu de la peinture pour cr\u00e9er des jouets totalement naturels et s\u00fbrs, dont les plus jeunes enfants pourront profiter.<\/p>\n<p>Contenu :<\/p>\n<p>1 livre cartonn\u00e9 &#8220;The nature of play&#8221; en anglais, 216 pages<\/p>\n","protected":false},"excerpt":{"rendered":"<p>Num\u00e9ro d&#8217;article: <span class=\"sku\">FA021<\/span><\/p>\n<p>Le livre The Nature of Play de Fanny &amp; Alexander est un manuel d&#8217;activit\u00e9s saisonni\u00e8res bas\u00e9es sur la nature, avec des id\u00e9es de jeux naturels simples et amusants.<\/p>\n","protected":false},"featured_media":34281,"comment_status":"open","ping_status":"closed","template":"","meta":[],"product_brand":[],"product_cat":[8527,215,8580,216,285,605,16898,23635,22343,18893,22344,284,283,593,18960,8526,17239,21257,22421,20651,18913,13130,1220,763,291,20658,20657,18912,20660,13127,7595,1218,217,5851,292,212,1219],"product_tag":[19263,19235,19245,19254,19246,19256,19262,19257,19253,19260,19261,19264,19258,18911,19259,19255],"class_list":{"0":"post-36030","1":"product","2":"type-product","3":"status-publish","4":"has-post-thumbnail","6":"product_cat-3-6-ans-ecole-a-domicile","7":"product_cat-3-6-ans","8":"product_cat-6-12-ans-ecole-a-domicile","9":"product_cat-6-12-ans","10":"product_cat-alphabetisation-langage","11":"product_cat-apprendre-a-lire","12":"product_cat-collection-automne","13":"product_cat-collection-dete","14":"product_cat-collection-hiver","15":"product_cat-collection-printemps","16":"product_cat-collections-saisonnieres","17":"product_cat-culture-sciences","18":"product_cat-domaines-du-curriculum","19":"product_cat-etudes-botaniques","20":"product_cat-fanny-alexander-fr","21":"product_cat-fournitures-scolaires-a-domicile","22":"product_cat-guide-cadeaux-educatifs","23":"product_cat-guides-cadeaux","24":"product_cat-idees-cadeaux-pour-paques","25":"product_cat-jardinage","26":"product_cat-jeu-de-la-nature","27":"product_cat-jouer","28":"product_cat-traditionnelle","29":"product_cat-la-science","30":"product_cat-la-vie-pratique","31":"product_cat-livres-dactivites-et-autocollants","32":"product_cat-livres-de-loisirs-creatifs","33":"product_cat-livres-pour-enfants","34":"product_cat-livres-sur-la-nature","35":"product_cat-creativite-beaux-arts-et-bricolage","36":"product_cat-methode-deducation","37":"product_cat-montessori-fr","38":"product_cat-marques","39":"product_cat-nouveautes","40":"product_cat-appui-au-curriculum","41":"product_cat-tranche-dage","42":"product_cat-waldorf-fr","43":"product_tag-delfina-aguilar-livre","44":"product_tag-fanny-alexander-fr","45":"product_tag-fanny-and-alexander-fr","46":"product_tag-fanny-and-alexander-livre","47":"product_tag-fanny-and-alexander-livres","48":"product_tag-fanny-and-alexander-nature-of-play-fr","49":"product_tag-idees-de-jeux-dexterieur","50":"product_tag-idees-de-jeux-naturels","51":"product_tag-jeu-waldorf","52":"product_tag-livre-dactivites-saisonnieres","53":"product_tag-livre-didees-de-jeux","54":"product_tag-livre-de-jeu-lent","55":"product_tag-livre-de-jeux-de-la-nature","56":"product_tag-livre-de-lenfance-lente","57":"product_tag-manuel-de-jeux-dans-la-nature","58":"product_tag-nature-of-play-livre","60":"first","61":"instock","62":"taxable","63":"shipping-taxable","64":"purchasable","65":"product-type-simple"},"yoast_head":"<!-- This site is optimized with the Yoast SEO plugin v27.1.1 - https:\/\/yoast.com\/product\/yoast-seo-wordpress\/ -->\n<title>The nature of play - Fanny and Alexander - Teia Education &amp; Play<\/title>\n<meta name=\"description\" content=\"Le livre The Nature of Play de Fanny &amp; Alexander est un manuel d&#039;activit\u00e9s bas\u00e9es sur la nature, avec des id\u00e9es de jeux naturels simples et amusants.\" \/>\n<meta name=\"robots\" content=\"index, follow, max-snippet:-1, max-image-preview:large, max-video-preview:-1\" \/>\n<link rel=\"canonical\" href=\"https:\/\/teiaeducation.ch\/fr\/produit\/the-nature-of-play-fanny-alexander-2\/\" \/>\n<meta property=\"og:locale\" content=\"fr_FR\" \/>\n<meta property=\"og:type\" content=\"article\" \/>\n<meta property=\"og:title\" content=\"The nature of play - Fanny and Alexander - Teia Education &amp; Play\" \/>\n<meta property=\"og:description\" content=\"Le livre The Nature of Play de Fanny &amp; Alexander est un manuel d&#039;activit\u00e9s bas\u00e9es sur la nature, avec des id\u00e9es de jeux naturels simples et amusants.\" \/>\n<meta property=\"og:url\" content=\"https:\/\/teiaeducation.ch\/fr\/produit\/the-nature-of-play-fanny-alexander-2\/\" \/>\n<meta property=\"og:site_name\" content=\"Sustainable Educational Products &amp; Ecological Toys\u00a0\" \/>\n<meta property=\"article:publisher\" content=\"https:\/\/www.facebook.com\/teiaeducation\/\" \/>\n<meta property=\"article:modified_time\" content=\"2022-11-15T08:22:45+00:00\" \/>\n<meta property=\"og:image\" content=\"https:\/\/teiaeducation.ch\/wp-content\/uploads\/2021\/03\/The-nature-of-play-Fanny-Alexander.jpg\" \/>\n\t<meta property=\"og:image:width\" content=\"900\" \/>\n\t<meta property=\"og:image:height\" content=\"1200\" \/>\n\t<meta property=\"og:image:type\" content=\"image\/jpeg\" \/>\n<script type=\"application\/ld+json\" class=\"yoast-schema-graph\">{\"@context\":\"https:\/\/schema.org\",\"@graph\":[{\"@type\":\"WebPage\",\"@id\":\"https:\/\/teiaeducation.ch\/fr\/produit\/the-nature-of-play-fanny-alexander-2\/\",\"url\":\"https:\/\/teiaeducation.ch\/fr\/produit\/the-nature-of-play-fanny-alexander-2\/\",\"name\":\"The nature of play - Fanny and Alexander - Teia Education & Play\",\"isPartOf\":{\"@id\":\"https:\/\/teiaeducation.ch\/fr\/#website\"},\"primaryImageOfPage\":{\"@id\":\"https:\/\/teiaeducation.ch\/fr\/produit\/the-nature-of-play-fanny-alexander-2\/#primaryimage\"},\"image\":{\"@id\":\"https:\/\/teiaeducation.ch\/fr\/produit\/the-nature-of-play-fanny-alexander-2\/#primaryimage\"},\"thumbnailUrl\":\"https:\/\/teiaeducation.ch\/wp-content\/uploads\/2021\/03\/The-nature-of-play-Fanny-Alexander.jpg\",\"datePublished\":\"2021-03-13T15:28:18+00:00\",\"dateModified\":\"2022-11-15T08:22:45+00:00\",\"description\":\"Le livre The Nature of Play de Fanny & Alexander est un manuel d'activit\u00e9s bas\u00e9es sur la nature, avec des id\u00e9es de jeux naturels simples et amusants.\",\"breadcrumb\":{\"@id\":\"https:\/\/teiaeducation.ch\/fr\/produit\/the-nature-of-play-fanny-alexander-2\/#breadcrumb\"},\"inLanguage\":\"fr-FR\",\"potentialAction\":[{\"@type\":\"ReadAction\",\"target\":[\"https:\/\/teiaeducation.ch\/fr\/produit\/the-nature-of-play-fanny-alexander-2\/\"]}]},{\"@type\":\"ImageObject\",\"inLanguage\":\"fr-FR\",\"@id\":\"https:\/\/teiaeducation.ch\/fr\/produit\/the-nature-of-play-fanny-alexander-2\/#primaryimage\",\"url\":\"https:\/\/teiaeducation.ch\/wp-content\/uploads\/2021\/03\/The-nature-of-play-Fanny-Alexander.jpg\",\"contentUrl\":\"https:\/\/teiaeducation.ch\/wp-content\/uploads\/2021\/03\/The-nature-of-play-Fanny-Alexander.jpg\",\"width\":900,\"height\":1200,\"caption\":\"Jeux naturels Livre The nature of play Manuel d'activit\u00e9s dans la nature Fanny & Alexander\"},{\"@type\":\"BreadcrumbList\",\"@id\":\"https:\/\/teiaeducation.ch\/fr\/produit\/the-nature-of-play-fanny-alexander-2\/#breadcrumb\",\"itemListElement\":[{\"@type\":\"ListItem\",\"position\":1,\"name\":\"Home\",\"item\":\"https:\/\/teiaeducation.ch\/fr\/\"},{\"@type\":\"ListItem\",\"position\":2,\"name\":\"Boutique Teia Education &amp; Play\",\"item\":\"https:\/\/teiaeducation.ch\/fr\/boutique\/\"},{\"@type\":\"ListItem\",\"position\":3,\"name\":\"Nos Marques\",\"item\":\"https:\/\/teiaeducation.ch\/fr\/categorie-produit\/marques\/\"},{\"@type\":\"ListItem\",\"position\":4,\"name\":\"Fanny &amp; Alexander\",\"item\":\"https:\/\/teiaeducation.ch\/fr\/categorie-produit\/marques\/fanny-alexander-fr\/\"},{\"@type\":\"ListItem\",\"position\":5,\"name\":\"The nature of play &#8211; Fanny and Alexander\"}]},{\"@type\":\"WebSite\",\"@id\":\"https:\/\/teiaeducation.ch\/fr\/#website\",\"url\":\"https:\/\/teiaeducation.ch\/fr\/\",\"name\":\"Sustainable Educational Products &amp; Ecological Toys\u00a0\",\"description\":\"Specialised Swiss shop selling sustainable educational toys and games, AMI certified Montessori materials, handmade ecological wooden Waldorf toys and arts &amp; crafts supplies, school supplies, children&#039;s furniture and Montessori reference and parenting books.\",\"publisher\":{\"@id\":\"https:\/\/teiaeducation.ch\/fr\/#organization\"},\"alternateName\":\"Teia Education & Play\",\"potentialAction\":[{\"@type\":\"SearchAction\",\"target\":{\"@type\":\"EntryPoint\",\"urlTemplate\":\"https:\/\/teiaeducation.ch\/fr\/?s={search_term_string}\"},\"query-input\":{\"@type\":\"PropertyValueSpecification\",\"valueRequired\":true,\"valueName\":\"search_term_string\"}}],\"inLanguage\":\"fr-FR\"},{\"@type\":\"Organization\",\"@id\":\"https:\/\/teiaeducation.ch\/fr\/#organization\",\"name\":\"Teia Education & Play\",\"url\":\"https:\/\/teiaeducation.ch\/fr\/\",\"logo\":{\"@type\":\"ImageObject\",\"inLanguage\":\"fr-FR\",\"@id\":\"https:\/\/teiaeducation.ch\/fr\/#\/schema\/logo\/image\/\",\"url\":\"https:\/\/teiaeducation.ch\/wp-content\/uploads\/2020\/11\/Teia-Education-Switzerland-e1620156442216.jpg\",\"contentUrl\":\"https:\/\/teiaeducation.ch\/wp-content\/uploads\/2020\/11\/Teia-Education-Switzerland-e1620156442216.jpg\",\"width\":166,\"height\":145,\"caption\":\"Teia Education & Play\"},\"image\":{\"@id\":\"https:\/\/teiaeducation.ch\/fr\/#\/schema\/logo\/image\/\"},\"sameAs\":[\"https:\/\/www.facebook.com\/teiaeducation\/\",\"https:\/\/x.com\/EducationTeia\",\"https:\/\/www.instagram.com\/teia.education\/\",\"https:\/\/www.linkedin.com\/company\/35501660\",\"https:\/\/www.pinterest.ch\/TeiaEducation\/\"]}]}<\/script>\n<!-- \/ Yoast SEO plugin. -->","yoast_head_json":{"title":"The nature of play - Fanny and Alexander - Teia Education & Play","description":"Le livre The Nature of Play de Fanny & Alexander est un manuel d'activit\u00e9s bas\u00e9es sur la nature, avec des id\u00e9es de jeux naturels simples et amusants.","robots":{"index":"index","follow":"follow","max-snippet":"max-snippet:-1","max-image-preview":"max-image-preview:large","max-video-preview":"max-video-preview:-1"},"canonical":"https:\/\/teiaeducation.ch\/fr\/produit\/the-nature-of-play-fanny-alexander-2\/","og_locale":"fr_FR","og_type":"article","og_title":"The nature of play - Fanny and Alexander - Teia Education & Play","og_description":"Le livre The Nature of Play de Fanny & Alexander est un manuel d'activit\u00e9s bas\u00e9es sur la nature, avec des id\u00e9es de jeux naturels simples et amusants.","og_url":"https:\/\/teiaeducation.ch\/fr\/produit\/the-nature-of-play-fanny-alexander-2\/","og_site_name":"Sustainable Educational Products &amp; Ecological Toys\u00a0","article_publisher":"https:\/\/www.facebook.com\/teiaeducation\/","article_modified_time":"2022-11-15T08:22:45+00:00","og_image":[{"width":900,"height":1200,"url":"https:\/\/teiaeducation.ch\/wp-content\/uploads\/2021\/03\/The-nature-of-play-Fanny-Alexander.jpg","type":"image\/jpeg"}],"schema":{"@context":"https:\/\/schema.org","@graph":[{"@type":"WebPage","@id":"https:\/\/teiaeducation.ch\/fr\/produit\/the-nature-of-play-fanny-alexander-2\/","url":"https:\/\/teiaeducation.ch\/fr\/produit\/the-nature-of-play-fanny-alexander-2\/","name":"The nature of play - Fanny and Alexander - Teia Education & Play","isPartOf":{"@id":"https:\/\/teiaeducation.ch\/fr\/#website"},"primaryImageOfPage":{"@id":"https:\/\/teiaeducation.ch\/fr\/produit\/the-nature-of-play-fanny-alexander-2\/#primaryimage"},"image":{"@id":"https:\/\/teiaeducation.ch\/fr\/produit\/the-nature-of-play-fanny-alexander-2\/#primaryimage"},"thumbnailUrl":"https:\/\/teiaeducation.ch\/wp-content\/uploads\/2021\/03\/The-nature-of-play-Fanny-Alexander.jpg","datePublished":"2021-03-13T15:28:18+00:00","dateModified":"2022-11-15T08:22:45+00:00","description":"Le livre The Nature of Play de Fanny & Alexander est un manuel d'activit\u00e9s bas\u00e9es sur la nature, avec des id\u00e9es de jeux naturels simples et amusants.","breadcrumb":{"@id":"https:\/\/teiaeducation.ch\/fr\/produit\/the-nature-of-play-fanny-alexander-2\/#breadcrumb"},"inLanguage":"fr-FR","potentialAction":[{"@type":"ReadAction","target":["https:\/\/teiaeducation.ch\/fr\/produit\/the-nature-of-play-fanny-alexander-2\/"]}]},{"@type":"ImageObject","inLanguage":"fr-FR","@id":"https:\/\/teiaeducation.ch\/fr\/produit\/the-nature-of-play-fanny-alexander-2\/#primaryimage","url":"https:\/\/teiaeducation.ch\/wp-content\/uploads\/2021\/03\/The-nature-of-play-Fanny-Alexander.jpg","contentUrl":"https:\/\/teiaeducation.ch\/wp-content\/uploads\/2021\/03\/The-nature-of-play-Fanny-Alexander.jpg","width":900,"height":1200,"caption":"Jeux naturels Livre The nature of play Manuel d'activit\u00e9s dans la nature Fanny & Alexander"},{"@type":"BreadcrumbList","@id":"https:\/\/teiaeducation.ch\/fr\/produit\/the-nature-of-play-fanny-alexander-2\/#breadcrumb","itemListElement":[{"@type":"ListItem","position":1,"name":"Home","item":"https:\/\/teiaeducation.ch\/fr\/"},{"@type":"ListItem","position":2,"name":"Boutique Teia Education &amp; Play","item":"https:\/\/teiaeducation.ch\/fr\/boutique\/"},{"@type":"ListItem","position":3,"name":"Nos Marques","item":"https:\/\/teiaeducation.ch\/fr\/categorie-produit\/marques\/"},{"@type":"ListItem","position":4,"name":"Fanny &amp; Alexander","item":"https:\/\/teiaeducation.ch\/fr\/categorie-produit\/marques\/fanny-alexander-fr\/"},{"@type":"ListItem","position":5,"name":"The nature of play &#8211; Fanny and Alexander"}]},{"@type":"WebSite","@id":"https:\/\/teiaeducation.ch\/fr\/#website","url":"https:\/\/teiaeducation.ch\/fr\/","name":"Sustainable Educational Products &amp; Ecological Toys\u00a0","description":"Specialised Swiss shop selling sustainable educational toys and games, AMI certified Montessori materials, handmade ecological wooden Waldorf toys and arts &amp; crafts supplies, school supplies, children&#039;s furniture and Montessori reference and parenting books.","publisher":{"@id":"https:\/\/teiaeducation.ch\/fr\/#organization"},"alternateName":"Teia Education & Play","potentialAction":[{"@type":"SearchAction","target":{"@type":"EntryPoint","urlTemplate":"https:\/\/teiaeducation.ch\/fr\/?s={search_term_string}"},"query-input":{"@type":"PropertyValueSpecification","valueRequired":true,"valueName":"search_term_string"}}],"inLanguage":"fr-FR"},{"@type":"Organization","@id":"https:\/\/teiaeducation.ch\/fr\/#organization","name":"Teia Education & Play","url":"https:\/\/teiaeducation.ch\/fr\/","logo":{"@type":"ImageObject","inLanguage":"fr-FR","@id":"https:\/\/teiaeducation.ch\/fr\/#\/schema\/logo\/image\/","url":"https:\/\/teiaeducation.ch\/wp-content\/uploads\/2020\/11\/Teia-Education-Switzerland-e1620156442216.jpg","contentUrl":"https:\/\/teiaeducation.ch\/wp-content\/uploads\/2020\/11\/Teia-Education-Switzerland-e1620156442216.jpg","width":166,"height":145,"caption":"Teia Education & Play"},"image":{"@id":"https:\/\/teiaeducation.ch\/fr\/#\/schema\/logo\/image\/"},"sameAs":["https:\/\/www.facebook.com\/teiaeducation\/","https:\/\/x.com\/EducationTeia","https:\/\/www.instagram.com\/teia.education\/","https:\/\/www.linkedin.com\/company\/35501660","https:\/\/www.pinterest.ch\/TeiaEducation\/"]}]}},"_links":{"self":[{"href":"https:\/\/teiaeducation.ch\/fr\/wp-json\/wp\/v2\/product\/36030","targetHints":{"allow":["GET"]}}],"collection":[{"href":"https:\/\/teiaeducation.ch\/fr\/wp-json\/wp\/v2\/product"}],"about":[{"href":"https:\/\/teiaeducation.ch\/fr\/wp-json\/wp\/v2\/types\/product"}],"replies":[{"embeddable":true,"href":"https:\/\/teiaeducation.ch\/fr\/wp-json\/wp\/v2\/comments?post=36030"}],"wp:featuredmedia":[{"embeddable":true,"href":"https:\/\/teiaeducation.ch\/fr\/wp-json\/wp\/v2\/media\/34281"}],"wp:attachment":[{"href":"https:\/\/teiaeducation.ch\/fr\/wp-json\/wp\/v2\/media?parent=36030"}],"wp:term":[{"taxonomy":"product_brand","embeddable":true,"href":"https:\/\/teiaeducation.ch\/fr\/wp-json\/wp\/v2\/product_brand?post=36030"},{"taxonomy":"product_cat","embeddable":true,"href":"https:\/\/teiaeducation.ch\/fr\/wp-json\/wp\/v2\/product_cat?post=36030"},{"taxonomy":"product_tag","embeddable":true,"href":"https:\/\/teiaeducation.ch\/fr\/wp-json\/wp\/v2\/product_tag?post=36030"}],"curies":[{"name":"wp","href":"https:\/\/api.w.org\/{rel}","templated":true}]}}