{"id":36092,"date":"2021-03-23T17:13:11","date_gmt":"2021-03-23T16:13:11","guid":{"rendered":"https:\/\/teiaeducation.ch\/product\/sac-de-peche-eperfa\/"},"modified":"2022-11-03T12:33:50","modified_gmt":"2022-11-03T11:33:50","slug":"sac-de-peche-eperfa","status":"publish","type":"product","link":"https:\/\/teiaeducation.ch\/fr\/produit\/sac-de-peche-eperfa\/","title":{"rendered":"Sac de p\u00eache &#8211; Eperfa"},"content":{"rendered":"<p>Sac de p\u00eache \/ Jeu de p\u00eache fait \u00e0 la main pour jeux de r\u00f4les &#8211; Eperfa<\/p>\n<p>Le sac de p\u00eache d&#8217;Eperfa est tout ce dont les enfants ont besoin pour dire allons p\u00eacher au lac ! Ce magnifique ensemble de jeu de p\u00eache fait \u00e0 la main est parfait pour des journ\u00e9es heureuses pass\u00e9es \u00e0 s&#8217;amuser et de <a href=\"https:\/\/teiaeducation.ch\/fr\/categorie-produit\/jouer\/jeu-imaginatif-faire-semblant\/\">jeux de r\u00f4les<\/a>.<\/p>\n<p>Les enfants d\u00e9veloppent leur motricit\u00e9 fine et leur dext\u00e9rit\u00e9 manuelle ainsi que leur imagination en apprenant \u00e0 assembler la jolie canne \u00e0 p\u00eache en bois et en jouant \u00e0 attraper les petits poissons en bois avec leur hame\u00e7on magn\u00e9tique.<\/p>\n<p>Ce magnifique ensemble de jeu de p\u00eache contient un parfait petit sac de p\u00eache en laine et cuir fait main mesurant 29,5 x 24 cm et une magnifique canne \u00e0 p\u00eache en bois massif peinte \u00e0 la main, plus 1 corde, 3 flotteurs, 1 hame\u00e7on avec aimant, 4 plombs, 2 poissons avec aimants, 5 cors et 3 app\u00e2ts. Il convient aux enfants \u00e2g\u00e9s de 3 ans et plus.<\/p>\n<p>Ce charmant ensemble de p\u00eache en jouet de haute qualit\u00e9 est s\u00fbr de devenir un jouet d&#8217;h\u00e9ritage familial \u00e0 transmettre \u00e0 travers les g\u00e9n\u00e9rations. Il a \u00e9t\u00e9 fabriqu\u00e9 et peint \u00e0 la main dans le petit atelier d&#8217;Eperfa \u00e0 Budapest, en Hongrie. La baguette et les accessoires en bois sont tous fabriqu\u00e9s \u00e0 la main \u00e0 partir de bois massif provenant d&#8217;une exploitation foresti\u00e8re responsable dans le parc national de Duna-Ipoly en Hongrie. Le sac de p\u00eache est fait \u00e0 la main \u00e0 partir de 100% de laine et de coton avec une sangle en cuir.<\/p>\n<p>Eperfa est une marque hongroise qui cr\u00e9e de merveilleux jouets naturels inspir\u00e9s par le paysage et la faune de Budapest et du lac Balaton. Les produits d&#8217;Eperfa encouragent les enfants \u00e0 explorer librement et \u00e0 profiter d&#8217;une enfance joyeuse et plus lente.<\/p>\n<p>Les jouets Eperfa sont fabriqu\u00e9s et peints \u00e0 la main dans leur petit atelier de Budapest, \u00e0 partir de bois massif provenant du parc national Duna-Ipoly de Hongrie et d&#8217;autres mat\u00e9riaux naturels tels que le cuir et le feutre 100% laine.<\/p>\n<p>Avertissement : risque d&#8217;\u00e9touffement &#8211; cet ensemble de sac de p\u00eache contient de petites pi\u00e8ces et des aimants.<\/p>\n<p>Contenu :<\/p>\n<p>1 sac de p\u00eache<br \/>\n1 canne \u00e0 p\u00eache<br \/>\n1 corde<br \/>\n3 flotteurs<br \/>\n1 crochet avec aimant<br \/>\n4 pistes<br \/>\n2 poissons avec aimants<br \/>\n5 bl\u00e9s<br \/>\n3 app\u00e2ts<\/p>\n","protected":false},"excerpt":{"rendered":"<p>Num\u00e9ro d&#8217;article: EPER-04<\/p>\n<p>Le sac de p\u00eache Eperfa est un magnifique ensemble de jeu de p\u00eache fait \u00e0 la main, parfait pour des journ\u00e9es heureuses pass\u00e9es \u00e0 s&#8217;amuser et de jeux de r\u00f4les.<\/p>\n","protected":false},"featured_media":34421,"comment_status":"open","ping_status":"closed","template":"","meta":[],"product_brand":[],"product_cat":[215,23635,18893,22344,18959,17241,21257,22421,13130,23020,13139,217,24313,7603,212],"product_tag":[19274,19277,19265,19267,19266,19270,19269,19268,19275,19273,19276,19272,19271],"class_list":{"0":"post-36092","1":"product","2":"type-product","3":"status-publish","4":"has-post-thumbnail","6":"product_cat-3-6-ans","7":"product_cat-collection-dete","8":"product_cat-collection-printemps","9":"product_cat-collections-saisonnieres","10":"product_cat-eperfa-jouets-naturels","11":"product_cat-guide-cadeaux-3-6-ans","12":"product_cat-guides-cadeaux","13":"product_cat-idees-cadeaux-pour-paques","14":"product_cat-jouer","15":"product_cat-jouets-en-bois","16":"product_cat-jeu-imaginatif-faire-semblant","17":"product_cat-marques","18":"product_cat-saint-valentin","19":"product_cat-soldes","20":"product_cat-tranche-dage","21":"product_tag-canne-a-peche-en-bois","22":"product_tag-des-jouets-durables-faits-main","23":"product_tag-eperfa-fr","24":"product_tag-eperfa-jouets","25":"product_tag-eperfa-sac-de-peche","26":"product_tag-eperfa-schweiz-fr","27":"product_tag-eperfa-suisse-fr","28":"product_tag-eperfa-switzerland-fr","29":"product_tag-jeu-de-peche-en-bois","30":"product_tag-jeu-de-peche-fait-a-la-main","31":"product_tag-jouet-de-peche-fait-a-la-main","32":"product_tag-jouets-fabriques-en-hongrie","33":"product_tag-jouets-faits-main-suisse","35":"first","36":"instock","37":"sale","38":"taxable","39":"shipping-taxable","40":"purchasable","41":"product-type-simple"},"yoast_head":"<!-- This site is optimized with the Yoast SEO Premium plugin v25.8 (Yoast SEO v27.4) - https:\/\/yoast.com\/product\/yoast-seo-premium-wordpress\/ -->\n<title>Sac de p\u00eache - Eperfa - Teia Education &amp; Play<\/title>\n<meta name=\"description\" content=\"Le sac de p\u00eache Eperfa est un magnifique ensemble de jeu de p\u00eache fait \u00e0 la main, parfait pour des journ\u00e9es heureuses pass\u00e9es \u00e0 s&#039;amuser et jeux de r\u00f4les.\" \/>\n<meta name=\"robots\" content=\"index, follow, max-snippet:-1, max-image-preview:large, max-video-preview:-1\" \/>\n<link rel=\"canonical\" href=\"https:\/\/teiaeducation.ch\/fr\/produit\/sac-de-peche-eperfa\/\" \/>\n<meta property=\"og:locale\" content=\"fr_FR\" \/>\n<meta property=\"og:type\" content=\"article\" \/>\n<meta property=\"og:title\" content=\"Sac de p\u00eache - Eperfa\" \/>\n<meta property=\"og:description\" content=\"Le sac de p\u00eache Eperfa est un magnifique ensemble de jeu de p\u00eache fait \u00e0 la main, parfait pour des journ\u00e9es heureuses pass\u00e9es \u00e0 s&#039;amuser et jeux de r\u00f4les.\" \/>\n<meta property=\"og:url\" content=\"https:\/\/teiaeducation.ch\/fr\/produit\/sac-de-peche-eperfa\/\" \/>\n<meta property=\"og:site_name\" content=\"Sustainable Educational Products &amp; Ecological Toys\u00a0\" \/>\n<meta property=\"article:publisher\" content=\"https:\/\/www.facebook.com\/teiaeducation\/\" \/>\n<meta property=\"article:modified_time\" content=\"2022-11-03T11:33:50+00:00\" \/>\n<meta property=\"og:image\" content=\"https:\/\/teiaeducation.ch\/wp-content\/uploads\/2021\/03\/Fishing-bag-Eperfa.jpg\" \/>\n\t<meta property=\"og:image:width\" content=\"768\" \/>\n\t<meta property=\"og:image:height\" content=\"1024\" \/>\n\t<meta property=\"og:image:type\" content=\"image\/jpeg\" \/>\n<script type=\"application\/ld+json\" class=\"yoast-schema-graph\">{\"@context\":\"https:\\\/\\\/schema.org\",\"@graph\":[{\"@type\":\"WebPage\",\"@id\":\"https:\\\/\\\/teiaeducation.ch\\\/fr\\\/produit\\\/sac-de-peche-eperfa\\\/\",\"url\":\"https:\\\/\\\/teiaeducation.ch\\\/fr\\\/produit\\\/sac-de-peche-eperfa\\\/\",\"name\":\"Sac de p\u00eache - Eperfa - Teia Education & Play\",\"isPartOf\":{\"@id\":\"https:\\\/\\\/teiaeducation.ch\\\/fr\\\/#website\"},\"primaryImageOfPage\":{\"@id\":\"https:\\\/\\\/teiaeducation.ch\\\/fr\\\/produit\\\/sac-de-peche-eperfa\\\/#primaryimage\"},\"image\":{\"@id\":\"https:\\\/\\\/teiaeducation.ch\\\/fr\\\/produit\\\/sac-de-peche-eperfa\\\/#primaryimage\"},\"thumbnailUrl\":\"https:\\\/\\\/teiaeducation.ch\\\/wp-content\\\/uploads\\\/2021\\\/03\\\/Fishing-bag-Eperfa.jpg\",\"datePublished\":\"2021-03-23T16:13:11+00:00\",\"dateModified\":\"2022-11-03T11:33:50+00:00\",\"description\":\"Le sac de p\u00eache Eperfa est un magnifique ensemble de jeu de p\u00eache fait \u00e0 la main, parfait pour des journ\u00e9es heureuses pass\u00e9es \u00e0 s'amuser et jeux de r\u00f4les.\",\"breadcrumb\":{\"@id\":\"https:\\\/\\\/teiaeducation.ch\\\/fr\\\/produit\\\/sac-de-peche-eperfa\\\/#breadcrumb\"},\"inLanguage\":\"fr-FR\",\"potentialAction\":[{\"@type\":\"ReadAction\",\"target\":[\"https:\\\/\\\/teiaeducation.ch\\\/fr\\\/produit\\\/sac-de-peche-eperfa\\\/\"]}]},{\"@type\":\"ImageObject\",\"inLanguage\":\"fr-FR\",\"@id\":\"https:\\\/\\\/teiaeducation.ch\\\/fr\\\/produit\\\/sac-de-peche-eperfa\\\/#primaryimage\",\"url\":\"https:\\\/\\\/teiaeducation.ch\\\/wp-content\\\/uploads\\\/2021\\\/03\\\/Fishing-bag-Eperfa.jpg\",\"contentUrl\":\"https:\\\/\\\/teiaeducation.ch\\\/wp-content\\\/uploads\\\/2021\\\/03\\\/Fishing-bag-Eperfa.jpg\",\"width\":768,\"height\":1024,\"caption\":\"Jeu de simulation de p\u00eache fait \u00e0 la main Sac de p\u00eache - Eperfa\"},{\"@type\":\"BreadcrumbList\",\"@id\":\"https:\\\/\\\/teiaeducation.ch\\\/fr\\\/produit\\\/sac-de-peche-eperfa\\\/#breadcrumb\",\"itemListElement\":[{\"@type\":\"ListItem\",\"position\":1,\"name\":\"Home\",\"item\":\"https:\\\/\\\/teiaeducation.ch\\\/fr\\\/\"},{\"@type\":\"ListItem\",\"position\":2,\"name\":\"Boutique Teia Education &amp; Play\",\"item\":\"https:\\\/\\\/teiaeducation.ch\\\/fr\\\/boutique\\\/\"},{\"@type\":\"ListItem\",\"position\":3,\"name\":\"Tranche d'\u00c2ge\",\"item\":\"https:\\\/\\\/teiaeducation.ch\\\/fr\\\/categorie-produit\\\/tranche-dage\\\/\"},{\"@type\":\"ListItem\",\"position\":4,\"name\":\"3-6 Ans Maternelle\",\"item\":\"https:\\\/\\\/teiaeducation.ch\\\/fr\\\/categorie-produit\\\/tranche-dage\\\/3-6-ans\\\/\"},{\"@type\":\"ListItem\",\"position\":5,\"name\":\"Sac de p\u00eache &#8211; Eperfa\"}]},{\"@type\":\"WebSite\",\"@id\":\"https:\\\/\\\/teiaeducation.ch\\\/fr\\\/#website\",\"url\":\"https:\\\/\\\/teiaeducation.ch\\\/fr\\\/\",\"name\":\"Sustainable Educational Products &amp; Ecological Toys\u00a0\",\"description\":\"Specialised Swiss shop selling sustainable educational toys and games, AMI certified Montessori materials, handmade ecological wooden Waldorf toys and arts &amp; crafts supplies, school supplies, children&#039;s furniture and Montessori reference and parenting books.\",\"publisher\":{\"@id\":\"https:\\\/\\\/teiaeducation.ch\\\/fr\\\/#organization\"},\"alternateName\":\"Teia Education & Play\",\"potentialAction\":[{\"@type\":\"SearchAction\",\"target\":{\"@type\":\"EntryPoint\",\"urlTemplate\":\"https:\\\/\\\/teiaeducation.ch\\\/fr\\\/?s={search_term_string}\"},\"query-input\":{\"@type\":\"PropertyValueSpecification\",\"valueRequired\":true,\"valueName\":\"search_term_string\"}}],\"inLanguage\":\"fr-FR\"},{\"@type\":\"Organization\",\"@id\":\"https:\\\/\\\/teiaeducation.ch\\\/fr\\\/#organization\",\"name\":\"Teia Education & Play\",\"url\":\"https:\\\/\\\/teiaeducation.ch\\\/fr\\\/\",\"logo\":{\"@type\":\"ImageObject\",\"inLanguage\":\"fr-FR\",\"@id\":\"https:\\\/\\\/teiaeducation.ch\\\/fr\\\/#\\\/schema\\\/logo\\\/image\\\/\",\"url\":\"https:\\\/\\\/teiaeducation.ch\\\/wp-content\\\/uploads\\\/2020\\\/11\\\/Teia-Education-Switzerland-e1620156442216.jpg\",\"contentUrl\":\"https:\\\/\\\/teiaeducation.ch\\\/wp-content\\\/uploads\\\/2020\\\/11\\\/Teia-Education-Switzerland-e1620156442216.jpg\",\"width\":166,\"height\":145,\"caption\":\"Teia Education & Play\"},\"image\":{\"@id\":\"https:\\\/\\\/teiaeducation.ch\\\/fr\\\/#\\\/schema\\\/logo\\\/image\\\/\"},\"sameAs\":[\"https:\\\/\\\/www.facebook.com\\\/teiaeducation\\\/\",\"https:\\\/\\\/x.com\\\/EducationTeia\",\"https:\\\/\\\/www.instagram.com\\\/teia.education\\\/\",\"https:\\\/\\\/www.linkedin.com\\\/company\\\/35501660\",\"https:\\\/\\\/www.pinterest.ch\\\/TeiaEducation\\\/\"]}]}<\/script>\n<meta property=\"product:price:amount\" content=\"40.00\" \/>\n<meta property=\"product:price:currency\" content=\"CHF\" \/>\n<meta property=\"og:availability\" content=\"instock\" \/>\n<meta property=\"product:availability\" content=\"instock\" \/>\n<meta property=\"product:retailer_item_id\" content=\"00000000000000000000000000000000000000000000034415\" \/>\n<meta property=\"product:condition\" content=\"new\" \/>\n<!-- \/ Yoast SEO Premium plugin. -->","yoast_head_json":{"title":"Sac de p\u00eache - Eperfa - Teia Education & Play","description":"Le sac de p\u00eache Eperfa est un magnifique ensemble de jeu de p\u00eache fait \u00e0 la main, parfait pour des journ\u00e9es heureuses pass\u00e9es \u00e0 s'amuser et jeux de r\u00f4les.","robots":{"index":"index","follow":"follow","max-snippet":"max-snippet:-1","max-image-preview":"max-image-preview:large","max-video-preview":"max-video-preview:-1"},"canonical":"https:\/\/teiaeducation.ch\/fr\/produit\/sac-de-peche-eperfa\/","og_locale":"fr_FR","og_type":"article","og_title":"Sac de p\u00eache - Eperfa","og_description":"Le sac de p\u00eache Eperfa est un magnifique ensemble de jeu de p\u00eache fait \u00e0 la main, parfait pour des journ\u00e9es heureuses pass\u00e9es \u00e0 s'amuser et jeux de r\u00f4les.","og_url":"https:\/\/teiaeducation.ch\/fr\/produit\/sac-de-peche-eperfa\/","og_site_name":"Sustainable Educational Products &amp; Ecological Toys\u00a0","article_publisher":"https:\/\/www.facebook.com\/teiaeducation\/","article_modified_time":"2022-11-03T11:33:50+00:00","og_image":[{"width":768,"height":1024,"url":"https:\/\/teiaeducation.ch\/wp-content\/uploads\/2021\/03\/Fishing-bag-Eperfa.jpg","type":"image\/jpeg"}],"schema":{"@context":"https:\/\/schema.org","@graph":[{"@type":"WebPage","@id":"https:\/\/teiaeducation.ch\/fr\/produit\/sac-de-peche-eperfa\/","url":"https:\/\/teiaeducation.ch\/fr\/produit\/sac-de-peche-eperfa\/","name":"Sac de p\u00eache - Eperfa - Teia Education & Play","isPartOf":{"@id":"https:\/\/teiaeducation.ch\/fr\/#website"},"primaryImageOfPage":{"@id":"https:\/\/teiaeducation.ch\/fr\/produit\/sac-de-peche-eperfa\/#primaryimage"},"image":{"@id":"https:\/\/teiaeducation.ch\/fr\/produit\/sac-de-peche-eperfa\/#primaryimage"},"thumbnailUrl":"https:\/\/teiaeducation.ch\/wp-content\/uploads\/2021\/03\/Fishing-bag-Eperfa.jpg","datePublished":"2021-03-23T16:13:11+00:00","dateModified":"2022-11-03T11:33:50+00:00","description":"Le sac de p\u00eache Eperfa est un magnifique ensemble de jeu de p\u00eache fait \u00e0 la main, parfait pour des journ\u00e9es heureuses pass\u00e9es \u00e0 s'amuser et jeux de r\u00f4les.","breadcrumb":{"@id":"https:\/\/teiaeducation.ch\/fr\/produit\/sac-de-peche-eperfa\/#breadcrumb"},"inLanguage":"fr-FR","potentialAction":[{"@type":"ReadAction","target":["https:\/\/teiaeducation.ch\/fr\/produit\/sac-de-peche-eperfa\/"]}]},{"@type":"ImageObject","inLanguage":"fr-FR","@id":"https:\/\/teiaeducation.ch\/fr\/produit\/sac-de-peche-eperfa\/#primaryimage","url":"https:\/\/teiaeducation.ch\/wp-content\/uploads\/2021\/03\/Fishing-bag-Eperfa.jpg","contentUrl":"https:\/\/teiaeducation.ch\/wp-content\/uploads\/2021\/03\/Fishing-bag-Eperfa.jpg","width":768,"height":1024,"caption":"Jeu de simulation de p\u00eache fait \u00e0 la main Sac de p\u00eache - Eperfa"},{"@type":"BreadcrumbList","@id":"https:\/\/teiaeducation.ch\/fr\/produit\/sac-de-peche-eperfa\/#breadcrumb","itemListElement":[{"@type":"ListItem","position":1,"name":"Home","item":"https:\/\/teiaeducation.ch\/fr\/"},{"@type":"ListItem","position":2,"name":"Boutique Teia Education &amp; Play","item":"https:\/\/teiaeducation.ch\/fr\/boutique\/"},{"@type":"ListItem","position":3,"name":"Tranche d'\u00c2ge","item":"https:\/\/teiaeducation.ch\/fr\/categorie-produit\/tranche-dage\/"},{"@type":"ListItem","position":4,"name":"3-6 Ans Maternelle","item":"https:\/\/teiaeducation.ch\/fr\/categorie-produit\/tranche-dage\/3-6-ans\/"},{"@type":"ListItem","position":5,"name":"Sac de p\u00eache &#8211; Eperfa"}]},{"@type":"WebSite","@id":"https:\/\/teiaeducation.ch\/fr\/#website","url":"https:\/\/teiaeducation.ch\/fr\/","name":"Sustainable Educational Products &amp; Ecological Toys\u00a0","description":"Specialised Swiss shop selling sustainable educational toys and games, AMI certified Montessori materials, handmade ecological wooden Waldorf toys and arts &amp; crafts supplies, school supplies, children&#039;s furniture and Montessori reference and parenting books.","publisher":{"@id":"https:\/\/teiaeducation.ch\/fr\/#organization"},"alternateName":"Teia Education & Play","potentialAction":[{"@type":"SearchAction","target":{"@type":"EntryPoint","urlTemplate":"https:\/\/teiaeducation.ch\/fr\/?s={search_term_string}"},"query-input":{"@type":"PropertyValueSpecification","valueRequired":true,"valueName":"search_term_string"}}],"inLanguage":"fr-FR"},{"@type":"Organization","@id":"https:\/\/teiaeducation.ch\/fr\/#organization","name":"Teia Education & Play","url":"https:\/\/teiaeducation.ch\/fr\/","logo":{"@type":"ImageObject","inLanguage":"fr-FR","@id":"https:\/\/teiaeducation.ch\/fr\/#\/schema\/logo\/image\/","url":"https:\/\/teiaeducation.ch\/wp-content\/uploads\/2020\/11\/Teia-Education-Switzerland-e1620156442216.jpg","contentUrl":"https:\/\/teiaeducation.ch\/wp-content\/uploads\/2020\/11\/Teia-Education-Switzerland-e1620156442216.jpg","width":166,"height":145,"caption":"Teia Education & Play"},"image":{"@id":"https:\/\/teiaeducation.ch\/fr\/#\/schema\/logo\/image\/"},"sameAs":["https:\/\/www.facebook.com\/teiaeducation\/","https:\/\/x.com\/EducationTeia","https:\/\/www.instagram.com\/teia.education\/","https:\/\/www.linkedin.com\/company\/35501660","https:\/\/www.pinterest.ch\/TeiaEducation\/"]}]},"product_price_amount":"40.00","product_price_currency":"CHF","og_availability":"instock","product_availability":"instock","product_retailer_item_id":"00000000000000000000000000000000000000000000034415","product_condition":"new"},"_links":{"self":[{"href":"https:\/\/teiaeducation.ch\/fr\/wp-json\/wp\/v2\/product\/36092","targetHints":{"allow":["GET"]}}],"collection":[{"href":"https:\/\/teiaeducation.ch\/fr\/wp-json\/wp\/v2\/product"}],"about":[{"href":"https:\/\/teiaeducation.ch\/fr\/wp-json\/wp\/v2\/types\/product"}],"replies":[{"embeddable":true,"href":"https:\/\/teiaeducation.ch\/fr\/wp-json\/wp\/v2\/comments?post=36092"}],"wp:featuredmedia":[{"embeddable":true,"href":"https:\/\/teiaeducation.ch\/fr\/wp-json\/wp\/v2\/media\/34421"}],"wp:attachment":[{"href":"https:\/\/teiaeducation.ch\/fr\/wp-json\/wp\/v2\/media?parent=36092"}],"wp:term":[{"taxonomy":"product_brand","embeddable":true,"href":"https:\/\/teiaeducation.ch\/fr\/wp-json\/wp\/v2\/product_brand?post=36092"},{"taxonomy":"product_cat","embeddable":true,"href":"https:\/\/teiaeducation.ch\/fr\/wp-json\/wp\/v2\/product_cat?post=36092"},{"taxonomy":"product_tag","embeddable":true,"href":"https:\/\/teiaeducation.ch\/fr\/wp-json\/wp\/v2\/product_tag?post=36092"}],"curies":[{"name":"wp","href":"https:\/\/api.w.org\/{rel}","templated":true}]}}