{"id":36099,"date":"2021-03-12T15:07:55","date_gmt":"2021-03-12T14:07:55","guid":{"rendered":"https:\/\/teiaeducation.ch\/product\/faire-ma-journee-moon-picnic\/"},"modified":"2021-05-07T22:03:12","modified_gmt":"2021-05-07T20:03:12","slug":"faire-ma-journee-moon-picnic","status":"publish","type":"product","link":"https:\/\/teiaeducation.ch\/fr\/produit\/faire-ma-journee-moon-picnic\/","title":{"rendered":"Faire ma journ\u00e9e &#8211; Moon Picnic"},"content":{"rendered":"<p>Faire ma journ\u00e9e \/ Maison de poup\u00e9e en bois et jouet d&#8217;apprentissage de la routine quotidienne pour enfants &#8211; Moon Picnic<\/p>\n<p>Le jouet en bois faire ma journ\u00e9e de Moon Picnic est une <a href=\"https:\/\/teiaeducation.ch\/fr\/categorie-produit\/jouer\/maisons-de-poupees-batiments\/\">maison de poup\u00e9e<\/a> d&#8217;activit\u00e9s unique et intelligente qui aide les enfants \u00e0 apprendre leur routine quotidienne de mani\u00e8re ludique !<\/p>\n<p>Les enfants adoreront tourner les aiguilles mobiles de la grande horloge et accompagner le petit ours en bois dans ses activit\u00e9s quotidiennes.<\/p>\n<p>Dans la maison de jeu confortable vivent un ours et son petit chien. Elle est meubl\u00e9e de tout ce qui est n\u00e9cessaire pour accomplir la routine quotidienne, du r\u00e9veil \u00e0 la toilette jusqu&#8217;au coucher : un lit, une baignoire avec un canard, un lavabo, une table, une chaise, un livre, de la vaisselle, un bac de rangement et un planificateur de routine.<\/p>\n<p>Con\u00e7u avec soin pour combiner le jeu, l&#8217;apprentissage et les comp\u00e9tences pratiques, cet adorable jouet sera certainement utilis\u00e9 quotidiennement et deviendra un pr\u00e9cieux h\u00e9ritage familial. En plus d&#8217;aider \u00e0 comprendre les routines et d&#8217;encourager l&#8217;ind\u00e9pendance, make my day aide les enfants \u00e0 comprendre le concept de l&#8217;heure et du temps qui passe. Elle est \u00e9galement id\u00e9al pour promouvoir la narration d&#8217;histoires et les comp\u00e9tences linguistiques lorsque les enfants parlent de la journ\u00e9e de l&#8217;ours.<\/p>\n<p>Moon Picnic faire ma journ\u00e9e est fabriqu\u00e9 au Vietnam \u00e0 partir de bois de h\u00eatre massif provenant de for\u00eats certifi\u00e9es durables et fini avec une peinture non toxique \u00e0 base d&#8217;eau. Elle mesure 21,5 cm de haut et convient aux enfants de 3 ans et plus.<\/p>\n<p>Moon Picnic est une petite marque am\u00e9ricaine qui cr\u00e9e des jouets uniques, naturels et magnifiques, con\u00e7us pour inciter les enfants et toute la famille \u00e0 jouer de mani\u00e8re cr\u00e9ative et imaginative. Ces jouets \u00e9ducatifs et amusants font appel aux sens des enfants et encouragent l&#8217;amour de la nature et de l&#8217;apprentissage.<\/p>\n<p>Les jouets Moon Picnic sont fabriqu\u00e9s selon les normes les plus strictes, \u00e0 partir de mat\u00e9riaux naturels provenant de sources durables et de peintures non toxiques \u00e0 base d&#8217;eau. Ils sont principalement fabriqu\u00e9s en Allemagne et au Vietnam et peints \u00e0 la main.<\/p>\n<p>Contenu :<\/p>\n<p>1 maison de jeu en bois avec 4 pi\u00e8ces ajust\u00e9es &#8211; horloge murale, lit, baignoire et lavabo<br \/>\n8 pi\u00e8ces d\u00e9tach\u00e9es en bois : ours, chien, canard de bain jaune, table, chaise, livre, agenda et bac de rangement.<\/p>\n","protected":false},"excerpt":{"rendered":"<p>Num\u00e9ro d&#8217;article: MP2141<\/p>\n<p>Le jouet en bois faire ma journ\u00e9e Moon Picnic est une maison de poup\u00e9e d&#8217;activit\u00e9s qui aide les enfants \u00e0 apprendre leur routine quotidienne de mani\u00e8re ludique !<\/p>\n","protected":false},"featured_media":34247,"comment_status":"open","ping_status":"closed","template":"","meta":[],"product_brand":[],"product_cat":[215,285,22344,283,17241,21257,13130,23020,23650,13140,13136,288,7595,18963,217,5851,611,24313,629,212],"product_tag":[17556,19289,19285,19286,19278,8563,19291,19290,19287,19288,19284,19279,19283,19282,19281,19280],"class_list":{"0":"post-36099","1":"product","2":"type-product","3":"status-publish","4":"has-post-thumbnail","6":"product_cat-3-6-ans","7":"product_cat-alphabetisation-langage","8":"product_cat-collections-saisonnieres","9":"product_cat-domaines-du-curriculum","10":"product_cat-guide-cadeaux-3-6-ans","11":"product_cat-guides-cadeaux","12":"product_cat-jouer","13":"product_cat-jouets-en-bois","14":"product_cat-la-rentree-scolaire","15":"product_cat-jeu-libre","16":"product_cat-maisons-de-poupees-batiments","17":"product_cat-mathematiques-calcul","18":"product_cat-methode-deducation","19":"product_cat-moon-picnic-fr","20":"product_cat-marques","21":"product_cat-nouveautes","22":"product_cat-raconter-des-histoires","23":"product_cat-saint-valentin","24":"product_cat-temps-fr","25":"product_cat-tranche-dage","26":"product_tag-jouets-dapprentissage-en-bois","27":"product_tag-jouets-de-la-routine-quotidienne","28":"product_tag-jouets-de-routine","29":"product_tag-jouets-de-routine-dapprentissage","30":"product_tag-jouets-durables","31":"product_tag-jouets-educatifs-en-bois","32":"product_tag-jouets-parle-de-ta-journee","33":"product_tag-jouets-pour-la-routine-du-coucher","34":"product_tag-jouets-pour-lire-lheure","35":"product_tag-maison-de-poupee-de-lours","36":"product_tag-materiel-dapprentissage-de-routine","37":"product_tag-moon-picnic-fr","38":"product_tag-moon-picnic-faire-ma-journee","39":"product_tag-moon-picnic-schweiz-fr","40":"product_tag-moon-picnic-suisse-fr","41":"product_tag-moon-picnic-switzerland-fr","43":"first","44":"instock","45":"taxable","46":"shipping-taxable","47":"purchasable","48":"product-type-simple"},"yoast_head":"<!-- This site is optimized with the Yoast SEO Premium plugin v25.8 (Yoast SEO v27.4) - https:\/\/yoast.com\/product\/yoast-seo-premium-wordpress\/ -->\n<title>Faire ma journ\u00e9e - Moon Picnic - Teia Education &amp; Play<\/title>\n<meta name=\"description\" content=\"Le jouet en bois faire ma journ\u00e9e Moon Picnic est une maison de poup\u00e9e d&#039;activit\u00e9s qui aide les enfants \u00e0 apprendre leur routine quotidienne !\" \/>\n<meta name=\"robots\" content=\"index, follow, max-snippet:-1, max-image-preview:large, max-video-preview:-1\" \/>\n<link rel=\"canonical\" href=\"https:\/\/teiaeducation.ch\/fr\/produit\/faire-ma-journee-moon-picnic\/\" \/>\n<meta property=\"og:locale\" content=\"fr_FR\" \/>\n<meta property=\"og:type\" content=\"article\" \/>\n<meta property=\"og:title\" content=\"Faire ma journ\u00e9e - Moon Picnic\" \/>\n<meta property=\"og:description\" content=\"Le jouet en bois faire ma journ\u00e9e Moon Picnic est une maison de poup\u00e9e d&#039;activit\u00e9s qui aide les enfants \u00e0 apprendre leur routine quotidienne !\" \/>\n<meta property=\"og:url\" content=\"https:\/\/teiaeducation.ch\/fr\/produit\/faire-ma-journee-moon-picnic\/\" \/>\n<meta property=\"og:site_name\" content=\"Sustainable Educational Products &amp; Ecological Toys\u00a0\" \/>\n<meta property=\"article:publisher\" content=\"https:\/\/www.facebook.com\/teiaeducation\/\" \/>\n<meta property=\"article:modified_time\" content=\"2021-05-07T20:03:12+00:00\" \/>\n<meta property=\"og:image\" content=\"https:\/\/teiaeducation.ch\/wp-content\/uploads\/2021\/03\/Make-my-day-Moon-Picnic.jpg\" \/>\n\t<meta property=\"og:image:width\" content=\"768\" \/>\n\t<meta property=\"og:image:height\" content=\"1024\" \/>\n\t<meta property=\"og:image:type\" content=\"image\/jpeg\" \/>\n<script type=\"application\/ld+json\" class=\"yoast-schema-graph\">{\"@context\":\"https:\\\/\\\/schema.org\",\"@graph\":[{\"@type\":\"WebPage\",\"@id\":\"https:\\\/\\\/teiaeducation.ch\\\/fr\\\/produit\\\/faire-ma-journee-moon-picnic\\\/\",\"url\":\"https:\\\/\\\/teiaeducation.ch\\\/fr\\\/produit\\\/faire-ma-journee-moon-picnic\\\/\",\"name\":\"Faire ma journ\u00e9e - Moon Picnic - Teia Education & Play\",\"isPartOf\":{\"@id\":\"https:\\\/\\\/teiaeducation.ch\\\/fr\\\/#website\"},\"primaryImageOfPage\":{\"@id\":\"https:\\\/\\\/teiaeducation.ch\\\/fr\\\/produit\\\/faire-ma-journee-moon-picnic\\\/#primaryimage\"},\"image\":{\"@id\":\"https:\\\/\\\/teiaeducation.ch\\\/fr\\\/produit\\\/faire-ma-journee-moon-picnic\\\/#primaryimage\"},\"thumbnailUrl\":\"https:\\\/\\\/teiaeducation.ch\\\/wp-content\\\/uploads\\\/2021\\\/03\\\/Make-my-day-Moon-Picnic.jpg\",\"datePublished\":\"2021-03-12T14:07:55+00:00\",\"dateModified\":\"2021-05-07T20:03:12+00:00\",\"description\":\"Le jouet en bois faire ma journ\u00e9e Moon Picnic est une maison de poup\u00e9e d'activit\u00e9s qui aide les enfants \u00e0 apprendre leur routine quotidienne !\",\"breadcrumb\":{\"@id\":\"https:\\\/\\\/teiaeducation.ch\\\/fr\\\/produit\\\/faire-ma-journee-moon-picnic\\\/#breadcrumb\"},\"inLanguage\":\"fr-FR\",\"potentialAction\":[{\"@type\":\"ReadAction\",\"target\":[\"https:\\\/\\\/teiaeducation.ch\\\/fr\\\/produit\\\/faire-ma-journee-moon-picnic\\\/\"]}]},{\"@type\":\"ImageObject\",\"inLanguage\":\"fr-FR\",\"@id\":\"https:\\\/\\\/teiaeducation.ch\\\/fr\\\/produit\\\/faire-ma-journee-moon-picnic\\\/#primaryimage\",\"url\":\"https:\\\/\\\/teiaeducation.ch\\\/wp-content\\\/uploads\\\/2021\\\/03\\\/Make-my-day-Moon-Picnic.jpg\",\"contentUrl\":\"https:\\\/\\\/teiaeducation.ch\\\/wp-content\\\/uploads\\\/2021\\\/03\\\/Make-my-day-Moon-Picnic.jpg\",\"width\":768,\"height\":1024,\"caption\":\"jouet routine quotidienne enfants Faire ma journ\u00e9e \\\/ Maison de poup\u00e9e en bois et jouet d'apprentissage de la routine quotidienne - Moon Picnic\"},{\"@type\":\"BreadcrumbList\",\"@id\":\"https:\\\/\\\/teiaeducation.ch\\\/fr\\\/produit\\\/faire-ma-journee-moon-picnic\\\/#breadcrumb\",\"itemListElement\":[{\"@type\":\"ListItem\",\"position\":1,\"name\":\"Home\",\"item\":\"https:\\\/\\\/teiaeducation.ch\\\/fr\\\/\"},{\"@type\":\"ListItem\",\"position\":2,\"name\":\"Boutique Teia Education &amp; Play\",\"item\":\"https:\\\/\\\/teiaeducation.ch\\\/fr\\\/boutique\\\/\"},{\"@type\":\"ListItem\",\"position\":3,\"name\":\"Domaines du Curriculum\",\"item\":\"https:\\\/\\\/teiaeducation.ch\\\/fr\\\/categorie-produit\\\/domaines-du-curriculum\\\/\"},{\"@type\":\"ListItem\",\"position\":4,\"name\":\"Alphab\u00e9tisation &amp; Langage\",\"item\":\"https:\\\/\\\/teiaeducation.ch\\\/fr\\\/categorie-produit\\\/domaines-du-curriculum\\\/alphabetisation-langage\\\/\"},{\"@type\":\"ListItem\",\"position\":5,\"name\":\"Raconter des Histoires\",\"item\":\"https:\\\/\\\/teiaeducation.ch\\\/fr\\\/categorie-produit\\\/domaines-du-curriculum\\\/alphabetisation-langage\\\/raconter-des-histoires\\\/\"},{\"@type\":\"ListItem\",\"position\":6,\"name\":\"Faire ma journ\u00e9e &#8211; Moon Picnic\"}]},{\"@type\":\"WebSite\",\"@id\":\"https:\\\/\\\/teiaeducation.ch\\\/fr\\\/#website\",\"url\":\"https:\\\/\\\/teiaeducation.ch\\\/fr\\\/\",\"name\":\"Sustainable Educational Products &amp; Ecological Toys\u00a0\",\"description\":\"Specialised Swiss shop selling sustainable educational toys and games, AMI certified Montessori materials, handmade ecological wooden Waldorf toys and arts &amp; crafts supplies, school supplies, children&#039;s furniture and Montessori reference and parenting books.\",\"publisher\":{\"@id\":\"https:\\\/\\\/teiaeducation.ch\\\/fr\\\/#organization\"},\"alternateName\":\"Teia Education & Play\",\"potentialAction\":[{\"@type\":\"SearchAction\",\"target\":{\"@type\":\"EntryPoint\",\"urlTemplate\":\"https:\\\/\\\/teiaeducation.ch\\\/fr\\\/?s={search_term_string}\"},\"query-input\":{\"@type\":\"PropertyValueSpecification\",\"valueRequired\":true,\"valueName\":\"search_term_string\"}}],\"inLanguage\":\"fr-FR\"},{\"@type\":\"Organization\",\"@id\":\"https:\\\/\\\/teiaeducation.ch\\\/fr\\\/#organization\",\"name\":\"Teia Education & Play\",\"url\":\"https:\\\/\\\/teiaeducation.ch\\\/fr\\\/\",\"logo\":{\"@type\":\"ImageObject\",\"inLanguage\":\"fr-FR\",\"@id\":\"https:\\\/\\\/teiaeducation.ch\\\/fr\\\/#\\\/schema\\\/logo\\\/image\\\/\",\"url\":\"https:\\\/\\\/teiaeducation.ch\\\/wp-content\\\/uploads\\\/2020\\\/11\\\/Teia-Education-Switzerland-e1620156442216.jpg\",\"contentUrl\":\"https:\\\/\\\/teiaeducation.ch\\\/wp-content\\\/uploads\\\/2020\\\/11\\\/Teia-Education-Switzerland-e1620156442216.jpg\",\"width\":166,\"height\":145,\"caption\":\"Teia Education & Play\"},\"image\":{\"@id\":\"https:\\\/\\\/teiaeducation.ch\\\/fr\\\/#\\\/schema\\\/logo\\\/image\\\/\"},\"sameAs\":[\"https:\\\/\\\/www.facebook.com\\\/teiaeducation\\\/\",\"https:\\\/\\\/x.com\\\/EducationTeia\",\"https:\\\/\\\/www.instagram.com\\\/teia.education\\\/\",\"https:\\\/\\\/www.linkedin.com\\\/company\\\/35501660\",\"https:\\\/\\\/www.pinterest.ch\\\/TeiaEducation\\\/\"]}]}<\/script>\n<meta property=\"product:price:amount\" content=\"75.00\" \/>\n<meta property=\"product:price:currency\" content=\"CHF\" \/>\n<meta property=\"og:availability\" content=\"instock\" \/>\n<meta property=\"product:availability\" content=\"instock\" \/>\n<meta property=\"product:retailer_item_id\" content=\"00000000000000000000000000000000000000000000034241\" \/>\n<meta property=\"product:condition\" content=\"new\" \/>\n<!-- \/ Yoast SEO Premium plugin. -->","yoast_head_json":{"title":"Faire ma journ\u00e9e - Moon Picnic - Teia Education & Play","description":"Le jouet en bois faire ma journ\u00e9e Moon Picnic est une maison de poup\u00e9e d'activit\u00e9s qui aide les enfants \u00e0 apprendre leur routine quotidienne !","robots":{"index":"index","follow":"follow","max-snippet":"max-snippet:-1","max-image-preview":"max-image-preview:large","max-video-preview":"max-video-preview:-1"},"canonical":"https:\/\/teiaeducation.ch\/fr\/produit\/faire-ma-journee-moon-picnic\/","og_locale":"fr_FR","og_type":"article","og_title":"Faire ma journ\u00e9e - Moon Picnic","og_description":"Le jouet en bois faire ma journ\u00e9e Moon Picnic est une maison de poup\u00e9e d'activit\u00e9s qui aide les enfants \u00e0 apprendre leur routine quotidienne !","og_url":"https:\/\/teiaeducation.ch\/fr\/produit\/faire-ma-journee-moon-picnic\/","og_site_name":"Sustainable Educational Products &amp; Ecological Toys\u00a0","article_publisher":"https:\/\/www.facebook.com\/teiaeducation\/","article_modified_time":"2021-05-07T20:03:12+00:00","og_image":[{"width":768,"height":1024,"url":"https:\/\/teiaeducation.ch\/wp-content\/uploads\/2021\/03\/Make-my-day-Moon-Picnic.jpg","type":"image\/jpeg"}],"schema":{"@context":"https:\/\/schema.org","@graph":[{"@type":"WebPage","@id":"https:\/\/teiaeducation.ch\/fr\/produit\/faire-ma-journee-moon-picnic\/","url":"https:\/\/teiaeducation.ch\/fr\/produit\/faire-ma-journee-moon-picnic\/","name":"Faire ma journ\u00e9e - Moon Picnic - Teia Education & Play","isPartOf":{"@id":"https:\/\/teiaeducation.ch\/fr\/#website"},"primaryImageOfPage":{"@id":"https:\/\/teiaeducation.ch\/fr\/produit\/faire-ma-journee-moon-picnic\/#primaryimage"},"image":{"@id":"https:\/\/teiaeducation.ch\/fr\/produit\/faire-ma-journee-moon-picnic\/#primaryimage"},"thumbnailUrl":"https:\/\/teiaeducation.ch\/wp-content\/uploads\/2021\/03\/Make-my-day-Moon-Picnic.jpg","datePublished":"2021-03-12T14:07:55+00:00","dateModified":"2021-05-07T20:03:12+00:00","description":"Le jouet en bois faire ma journ\u00e9e Moon Picnic est une maison de poup\u00e9e d'activit\u00e9s qui aide les enfants \u00e0 apprendre leur routine quotidienne !","breadcrumb":{"@id":"https:\/\/teiaeducation.ch\/fr\/produit\/faire-ma-journee-moon-picnic\/#breadcrumb"},"inLanguage":"fr-FR","potentialAction":[{"@type":"ReadAction","target":["https:\/\/teiaeducation.ch\/fr\/produit\/faire-ma-journee-moon-picnic\/"]}]},{"@type":"ImageObject","inLanguage":"fr-FR","@id":"https:\/\/teiaeducation.ch\/fr\/produit\/faire-ma-journee-moon-picnic\/#primaryimage","url":"https:\/\/teiaeducation.ch\/wp-content\/uploads\/2021\/03\/Make-my-day-Moon-Picnic.jpg","contentUrl":"https:\/\/teiaeducation.ch\/wp-content\/uploads\/2021\/03\/Make-my-day-Moon-Picnic.jpg","width":768,"height":1024,"caption":"jouet routine quotidienne enfants Faire ma journ\u00e9e \/ Maison de poup\u00e9e en bois et jouet d'apprentissage de la routine quotidienne - Moon Picnic"},{"@type":"BreadcrumbList","@id":"https:\/\/teiaeducation.ch\/fr\/produit\/faire-ma-journee-moon-picnic\/#breadcrumb","itemListElement":[{"@type":"ListItem","position":1,"name":"Home","item":"https:\/\/teiaeducation.ch\/fr\/"},{"@type":"ListItem","position":2,"name":"Boutique Teia Education &amp; Play","item":"https:\/\/teiaeducation.ch\/fr\/boutique\/"},{"@type":"ListItem","position":3,"name":"Domaines du Curriculum","item":"https:\/\/teiaeducation.ch\/fr\/categorie-produit\/domaines-du-curriculum\/"},{"@type":"ListItem","position":4,"name":"Alphab\u00e9tisation &amp; Langage","item":"https:\/\/teiaeducation.ch\/fr\/categorie-produit\/domaines-du-curriculum\/alphabetisation-langage\/"},{"@type":"ListItem","position":5,"name":"Raconter des Histoires","item":"https:\/\/teiaeducation.ch\/fr\/categorie-produit\/domaines-du-curriculum\/alphabetisation-langage\/raconter-des-histoires\/"},{"@type":"ListItem","position":6,"name":"Faire ma journ\u00e9e &#8211; Moon Picnic"}]},{"@type":"WebSite","@id":"https:\/\/teiaeducation.ch\/fr\/#website","url":"https:\/\/teiaeducation.ch\/fr\/","name":"Sustainable Educational Products &amp; Ecological Toys\u00a0","description":"Specialised Swiss shop selling sustainable educational toys and games, AMI certified Montessori materials, handmade ecological wooden Waldorf toys and arts &amp; crafts supplies, school supplies, children&#039;s furniture and Montessori reference and parenting books.","publisher":{"@id":"https:\/\/teiaeducation.ch\/fr\/#organization"},"alternateName":"Teia Education & Play","potentialAction":[{"@type":"SearchAction","target":{"@type":"EntryPoint","urlTemplate":"https:\/\/teiaeducation.ch\/fr\/?s={search_term_string}"},"query-input":{"@type":"PropertyValueSpecification","valueRequired":true,"valueName":"search_term_string"}}],"inLanguage":"fr-FR"},{"@type":"Organization","@id":"https:\/\/teiaeducation.ch\/fr\/#organization","name":"Teia Education & Play","url":"https:\/\/teiaeducation.ch\/fr\/","logo":{"@type":"ImageObject","inLanguage":"fr-FR","@id":"https:\/\/teiaeducation.ch\/fr\/#\/schema\/logo\/image\/","url":"https:\/\/teiaeducation.ch\/wp-content\/uploads\/2020\/11\/Teia-Education-Switzerland-e1620156442216.jpg","contentUrl":"https:\/\/teiaeducation.ch\/wp-content\/uploads\/2020\/11\/Teia-Education-Switzerland-e1620156442216.jpg","width":166,"height":145,"caption":"Teia Education & Play"},"image":{"@id":"https:\/\/teiaeducation.ch\/fr\/#\/schema\/logo\/image\/"},"sameAs":["https:\/\/www.facebook.com\/teiaeducation\/","https:\/\/x.com\/EducationTeia","https:\/\/www.instagram.com\/teia.education\/","https:\/\/www.linkedin.com\/company\/35501660","https:\/\/www.pinterest.ch\/TeiaEducation\/"]}]},"product_price_amount":"75.00","product_price_currency":"CHF","og_availability":"instock","product_availability":"instock","product_retailer_item_id":"00000000000000000000000000000000000000000000034241","product_condition":"new"},"_links":{"self":[{"href":"https:\/\/teiaeducation.ch\/fr\/wp-json\/wp\/v2\/product\/36099","targetHints":{"allow":["GET"]}}],"collection":[{"href":"https:\/\/teiaeducation.ch\/fr\/wp-json\/wp\/v2\/product"}],"about":[{"href":"https:\/\/teiaeducation.ch\/fr\/wp-json\/wp\/v2\/types\/product"}],"replies":[{"embeddable":true,"href":"https:\/\/teiaeducation.ch\/fr\/wp-json\/wp\/v2\/comments?post=36099"}],"wp:featuredmedia":[{"embeddable":true,"href":"https:\/\/teiaeducation.ch\/fr\/wp-json\/wp\/v2\/media\/34247"}],"wp:attachment":[{"href":"https:\/\/teiaeducation.ch\/fr\/wp-json\/wp\/v2\/media?parent=36099"}],"wp:term":[{"taxonomy":"product_brand","embeddable":true,"href":"https:\/\/teiaeducation.ch\/fr\/wp-json\/wp\/v2\/product_brand?post=36099"},{"taxonomy":"product_cat","embeddable":true,"href":"https:\/\/teiaeducation.ch\/fr\/wp-json\/wp\/v2\/product_cat?post=36099"},{"taxonomy":"product_tag","embeddable":true,"href":"https:\/\/teiaeducation.ch\/fr\/wp-json\/wp\/v2\/product_tag?post=36099"}],"curies":[{"name":"wp","href":"https:\/\/api.w.org\/{rel}","templated":true}]}}