{"id":36100,"date":"2021-03-12T15:19:45","date_gmt":"2021-03-12T14:19:45","guid":{"rendered":"https:\/\/teiaeducation.ch\/product\/mon-calendrier-en-bois-moon-picnic\/"},"modified":"2021-05-07T21:54:03","modified_gmt":"2021-05-07T19:54:03","slug":"mon-calendrier-en-bois-moon-picnic","status":"publish","type":"product","link":"https:\/\/teiaeducation.ch\/fr\/produit\/mon-calendrier-en-bois-moon-picnic\/","title":{"rendered":"Mon calendrier en bois &#8211; Moon Picnic"},"content":{"rendered":"<p>Mon calendrier en bois \/ Calendrier magn\u00e9tique perp\u00e9tuel pour enfants &#8211; Moon Picnic<\/p>\n<p>Le magnifique calendrier original en bois de Moon Picnic est le calendrier perp\u00e9tuel quotidien parfait pour les enfants !<\/p>\n<p>Aidez les enfants \u00e0 marquer les jours, le <a href=\"https:\/\/teiaeducation.ch\/fr\/categorie-produit\/domaines-du-curriculum\/mathematiques-calcul\/temps-fr\/\">temps<\/a> qui passe et le compte \u00e0 rebours pour les c\u00e9l\u00e9brations sp\u00e9ciales.<\/p>\n<p>Le calendrier comporte des symboles amusants en bois repr\u00e9sentant des \u00e9v\u00e9nements sp\u00e9ciaux, des humeurs, le temps et les saisons, ainsi que des disques magn\u00e9tiques pour les jours et les mois de l&#8217;ann\u00e9e.<\/p>\n<p>Le premier jour de chaque mois, les enfants adoreront le d\u00e9fi amusant de repositionner les dates, d&#8217;apprendre les chiffres, leurs num\u00e9ros et le fonctionnement des jours et des mois. Il y a un curseur astucieux pour avancer chaque jour.<\/p>\n<p>Con\u00e7u avec soin pour combiner le jeu, l&#8217;apprentissage et les comp\u00e9tences pratiques de la vie quotidienne, ce calendrier est s\u00fbr d&#8217;\u00eatre utilis\u00e9 quotidiennement et de devenir un jouet d&#8217;h\u00e9ritage familial.<\/p>\n<p>Ce joli calendrier interactif est fabriqu\u00e9 au Vietnam \u00e0 partir de bois de h\u00eatre massif FSC durable. Il y a 55 pi\u00e8ces magn\u00e9tiques interchangeables comprenant 12 mois, 31 jours et 12 pi\u00e8ces \u00e0 th\u00e8me sp\u00e9cial. Les aimants sont encastr\u00e9s et toutes les pi\u00e8ces sont finies avec une peinture non toxique \u00e0 base d&#8217;eau. Il y a deux petits trous pour accrocher le calendrier.<\/p>\n<p>Le calendrier est livr\u00e9 dans une jolie bo\u00eete de rangement en carton imprim\u00e9 mesurant 30 x 35 cm. Les pi\u00e8ces de jour mesurent 3,2 cm. Il convient aux enfants \u00e2g\u00e9s de 3 ans et plus.<\/p>\n<p>Moon Picnic est une petite marque am\u00e9ricaine qui cr\u00e9e des jouets uniques, naturels et magnifiques, con\u00e7us pour inciter les enfants et toute la famille \u00e0 jouer de mani\u00e8re cr\u00e9ative et imaginative. Ces jouets \u00e9ducatifs et amusants font appel aux sens des enfants et encouragent l&#8217;amour de la nature et de l&#8217;apprentissage.<\/p>\n<p>Les jouets Moon Picnic sont fabriqu\u00e9s selon les normes les plus strictes, \u00e0 partir de mat\u00e9riaux naturels provenant de sources durables et de peintures non toxiques \u00e0 base d&#8217;eau. Ils sont principalement fabriqu\u00e9s en Allemagne et au Vietnam et peints \u00e0 la main.<\/p>\n<p>Avertissement : risque d&#8217;\u00e9touffement &#8211; contient de petites pi\u00e8ces et des aimants.<\/p>\n<p>Contenu :<\/p>\n<p>1 planche de calendrier en bois<br \/>\n55 pi\u00e8ces magn\u00e9tiques<br \/>\n1 bo\u00eete de rangement en carton<\/p>\n","protected":false},"excerpt":{"rendered":"<p>Num\u00e9ro d&#8217;article: <span class=\"sku\">MP2145<\/span><\/p>\n<p>Mon calendrier perp\u00e9tuel magn\u00e9tique en bois Moon Picnic aide les enfants \u00e0 noter les jours, les mois, le temps, les saisons et \u00e0 compter les \u00e9v\u00e9nements sp\u00e9ciaux.<\/p>\n","protected":false},"featured_media":34289,"comment_status":"open","ping_status":"closed","template":"","meta":[],"product_brand":[],"product_cat":[8527,215,216,16898,17225,18893,22344,284,283,8526,17239,13130,23020,23650,288,7595,18963,217,5851,598,629,212],"product_tag":[19295,19294,19297,19302,19300,19299,19301,19296,18420,19298,19279,19293,19292,19282,19281,19280],"class_list":{"0":"post-36100","1":"product","2":"type-product","3":"status-publish","4":"has-post-thumbnail","6":"product_cat-3-6-ans-ecole-a-domicile","7":"product_cat-3-6-ans","8":"product_cat-6-12-ans","9":"product_cat-collection-automne","10":"product_cat-celebrations-fr","11":"product_cat-collection-printemps","12":"product_cat-collections-saisonnieres","13":"product_cat-culture-sciences","14":"product_cat-domaines-du-curriculum","15":"product_cat-fournitures-scolaires-a-domicile","16":"product_cat-guide-cadeaux-educatifs","17":"product_cat-jouer","18":"product_cat-jouets-en-bois","19":"product_cat-la-rentree-scolaire","20":"product_cat-mathematiques-calcul","21":"product_cat-methode-deducation","22":"product_cat-moon-picnic-fr","23":"product_cat-marques","24":"product_cat-nouveautes","25":"product_cat-saisons-meteo","26":"product_cat-temps-fr","27":"product_cat-tranche-dage","28":"product_tag-calendrier-des-enfants","29":"product_tag-calendrier-en-bois","30":"product_tag-calendrier-magnetique","31":"product_tag-calendrier-magnetique-perpetuel","32":"product_tag-calendrier-perpetuel","33":"product_tag-calendrier-perpetuel-en-bois","34":"product_tag-calendrier-perpetuel-pour-enfants","35":"product_tag-calendrier-pour-les-enfants","36":"product_tag-calendrier-waldorf","37":"product_tag-compte-a-rebours-pour-lanniversaire-des-enfants","38":"product_tag-moon-picnic-fr","39":"product_tag-moon-picnic-calendrier","40":"product_tag-moon-picnic-mon-calendrier","41":"product_tag-moon-picnic-schweiz-fr","42":"product_tag-moon-picnic-suisse-fr","43":"product_tag-moon-picnic-switzerland-fr","45":"first","46":"instock","47":"taxable","48":"shipping-taxable","49":"purchasable","50":"product-type-simple"},"yoast_head":"<!-- This site is optimized with the Yoast SEO Premium plugin v25.8 (Yoast SEO v27.4) - https:\/\/yoast.com\/product\/yoast-seo-premium-wordpress\/ -->\n<title>Mon calendrier en bois - Moon Picnic - Teia Education &amp; Play<\/title>\n<meta name=\"description\" content=\"Mon calendrier perp\u00e9tuel magn\u00e9tique en bois Moon Picnic aide les enfants \u00e0 noter les jours, les mois, le temps, les saisons et \u00e0 compter les \u00e9v\u00e9nements.\" \/>\n<meta name=\"robots\" content=\"index, follow, max-snippet:-1, max-image-preview:large, max-video-preview:-1\" \/>\n<link rel=\"canonical\" href=\"https:\/\/teiaeducation.ch\/fr\/produit\/mon-calendrier-en-bois-moon-picnic\/\" \/>\n<meta property=\"og:locale\" content=\"fr_FR\" \/>\n<meta property=\"og:type\" content=\"article\" \/>\n<meta property=\"og:title\" content=\"Mon calendrier en bois - Moon Picnic\" \/>\n<meta property=\"og:description\" content=\"Mon calendrier perp\u00e9tuel magn\u00e9tique en bois Moon Picnic aide les enfants \u00e0 noter les jours, les mois, le temps, les saisons et \u00e0 compter les \u00e9v\u00e9nements.\" \/>\n<meta property=\"og:url\" content=\"https:\/\/teiaeducation.ch\/fr\/produit\/mon-calendrier-en-bois-moon-picnic\/\" \/>\n<meta property=\"og:site_name\" content=\"Sustainable Educational Products &amp; Ecological Toys\u00a0\" \/>\n<meta property=\"article:publisher\" content=\"https:\/\/www.facebook.com\/teiaeducation\/\" \/>\n<meta property=\"article:modified_time\" content=\"2021-05-07T19:54:03+00:00\" \/>\n<meta property=\"og:image\" content=\"https:\/\/teiaeducation.ch\/wp-content\/uploads\/2021\/03\/Moon-Picnic-my-calendar.jpg\" \/>\n\t<meta property=\"og:image:width\" content=\"1080\" \/>\n\t<meta property=\"og:image:height\" content=\"1440\" \/>\n\t<meta property=\"og:image:type\" content=\"image\/jpeg\" \/>\n<script type=\"application\/ld+json\" class=\"yoast-schema-graph\">{\"@context\":\"https:\\\/\\\/schema.org\",\"@graph\":[{\"@type\":\"WebPage\",\"@id\":\"https:\\\/\\\/teiaeducation.ch\\\/fr\\\/produit\\\/mon-calendrier-en-bois-moon-picnic\\\/\",\"url\":\"https:\\\/\\\/teiaeducation.ch\\\/fr\\\/produit\\\/mon-calendrier-en-bois-moon-picnic\\\/\",\"name\":\"Mon calendrier en bois - Moon Picnic - Teia Education & Play\",\"isPartOf\":{\"@id\":\"https:\\\/\\\/teiaeducation.ch\\\/fr\\\/#website\"},\"primaryImageOfPage\":{\"@id\":\"https:\\\/\\\/teiaeducation.ch\\\/fr\\\/produit\\\/mon-calendrier-en-bois-moon-picnic\\\/#primaryimage\"},\"image\":{\"@id\":\"https:\\\/\\\/teiaeducation.ch\\\/fr\\\/produit\\\/mon-calendrier-en-bois-moon-picnic\\\/#primaryimage\"},\"thumbnailUrl\":\"https:\\\/\\\/teiaeducation.ch\\\/wp-content\\\/uploads\\\/2021\\\/03\\\/Moon-Picnic-my-calendar.jpg\",\"datePublished\":\"2021-03-12T14:19:45+00:00\",\"dateModified\":\"2021-05-07T19:54:03+00:00\",\"description\":\"Mon calendrier perp\u00e9tuel magn\u00e9tique en bois Moon Picnic aide les enfants \u00e0 noter les jours, les mois, le temps, les saisons et \u00e0 compter les \u00e9v\u00e9nements.\",\"breadcrumb\":{\"@id\":\"https:\\\/\\\/teiaeducation.ch\\\/fr\\\/produit\\\/mon-calendrier-en-bois-moon-picnic\\\/#breadcrumb\"},\"inLanguage\":\"fr-FR\",\"potentialAction\":[{\"@type\":\"ReadAction\",\"target\":[\"https:\\\/\\\/teiaeducation.ch\\\/fr\\\/produit\\\/mon-calendrier-en-bois-moon-picnic\\\/\"]}]},{\"@type\":\"ImageObject\",\"inLanguage\":\"fr-FR\",\"@id\":\"https:\\\/\\\/teiaeducation.ch\\\/fr\\\/produit\\\/mon-calendrier-en-bois-moon-picnic\\\/#primaryimage\",\"url\":\"https:\\\/\\\/teiaeducation.ch\\\/wp-content\\\/uploads\\\/2021\\\/03\\\/Moon-Picnic-my-calendar.jpg\",\"contentUrl\":\"https:\\\/\\\/teiaeducation.ch\\\/wp-content\\\/uploads\\\/2021\\\/03\\\/Moon-Picnic-my-calendar.jpg\",\"width\":1080,\"height\":1440,\"caption\":\"Mon calendrier en bois : calendrier perp\u00e9tuel pour enfants - Moon Picnic\"},{\"@type\":\"BreadcrumbList\",\"@id\":\"https:\\\/\\\/teiaeducation.ch\\\/fr\\\/produit\\\/mon-calendrier-en-bois-moon-picnic\\\/#breadcrumb\",\"itemListElement\":[{\"@type\":\"ListItem\",\"position\":1,\"name\":\"Home\",\"item\":\"https:\\\/\\\/teiaeducation.ch\\\/fr\\\/\"},{\"@type\":\"ListItem\",\"position\":2,\"name\":\"Boutique Teia Education &amp; Play\",\"item\":\"https:\\\/\\\/teiaeducation.ch\\\/fr\\\/boutique\\\/\"},{\"@type\":\"ListItem\",\"position\":3,\"name\":\"Domaines du Curriculum\",\"item\":\"https:\\\/\\\/teiaeducation.ch\\\/fr\\\/categorie-produit\\\/domaines-du-curriculum\\\/\"},{\"@type\":\"ListItem\",\"position\":4,\"name\":\"Culture &amp; Sciences\",\"item\":\"https:\\\/\\\/teiaeducation.ch\\\/fr\\\/categorie-produit\\\/domaines-du-curriculum\\\/culture-sciences\\\/\"},{\"@type\":\"ListItem\",\"position\":5,\"name\":\"Saisons &amp; M\u00e9t\u00e9o\",\"item\":\"https:\\\/\\\/teiaeducation.ch\\\/fr\\\/categorie-produit\\\/domaines-du-curriculum\\\/culture-sciences\\\/saisons-meteo\\\/\"},{\"@type\":\"ListItem\",\"position\":6,\"name\":\"Mon calendrier en bois &#8211; Moon Picnic\"}]},{\"@type\":\"WebSite\",\"@id\":\"https:\\\/\\\/teiaeducation.ch\\\/fr\\\/#website\",\"url\":\"https:\\\/\\\/teiaeducation.ch\\\/fr\\\/\",\"name\":\"Sustainable Educational Products &amp; Ecological Toys\u00a0\",\"description\":\"Specialised Swiss shop selling sustainable educational toys and games, AMI certified Montessori materials, handmade ecological wooden Waldorf toys and arts &amp; crafts supplies, school supplies, children&#039;s furniture and Montessori reference and parenting books.\",\"publisher\":{\"@id\":\"https:\\\/\\\/teiaeducation.ch\\\/fr\\\/#organization\"},\"alternateName\":\"Teia Education & Play\",\"potentialAction\":[{\"@type\":\"SearchAction\",\"target\":{\"@type\":\"EntryPoint\",\"urlTemplate\":\"https:\\\/\\\/teiaeducation.ch\\\/fr\\\/?s={search_term_string}\"},\"query-input\":{\"@type\":\"PropertyValueSpecification\",\"valueRequired\":true,\"valueName\":\"search_term_string\"}}],\"inLanguage\":\"fr-FR\"},{\"@type\":\"Organization\",\"@id\":\"https:\\\/\\\/teiaeducation.ch\\\/fr\\\/#organization\",\"name\":\"Teia Education & Play\",\"url\":\"https:\\\/\\\/teiaeducation.ch\\\/fr\\\/\",\"logo\":{\"@type\":\"ImageObject\",\"inLanguage\":\"fr-FR\",\"@id\":\"https:\\\/\\\/teiaeducation.ch\\\/fr\\\/#\\\/schema\\\/logo\\\/image\\\/\",\"url\":\"https:\\\/\\\/teiaeducation.ch\\\/wp-content\\\/uploads\\\/2020\\\/11\\\/Teia-Education-Switzerland-e1620156442216.jpg\",\"contentUrl\":\"https:\\\/\\\/teiaeducation.ch\\\/wp-content\\\/uploads\\\/2020\\\/11\\\/Teia-Education-Switzerland-e1620156442216.jpg\",\"width\":166,\"height\":145,\"caption\":\"Teia Education & Play\"},\"image\":{\"@id\":\"https:\\\/\\\/teiaeducation.ch\\\/fr\\\/#\\\/schema\\\/logo\\\/image\\\/\"},\"sameAs\":[\"https:\\\/\\\/www.facebook.com\\\/teiaeducation\\\/\",\"https:\\\/\\\/x.com\\\/EducationTeia\",\"https:\\\/\\\/www.instagram.com\\\/teia.education\\\/\",\"https:\\\/\\\/www.linkedin.com\\\/company\\\/35501660\",\"https:\\\/\\\/www.pinterest.ch\\\/TeiaEducation\\\/\"]}]}<\/script>\n<meta property=\"product:price:amount\" content=\"125.00\" \/>\n<meta property=\"product:price:currency\" content=\"CHF\" \/>\n<meta property=\"og:availability\" content=\"instock\" \/>\n<meta property=\"product:availability\" content=\"instock\" \/>\n<meta property=\"product:retailer_item_id\" content=\"00000000000000000000000000000000000000000000034248\" \/>\n<meta property=\"product:condition\" content=\"new\" \/>\n<!-- \/ Yoast SEO Premium plugin. -->","yoast_head_json":{"title":"Mon calendrier en bois - Moon Picnic - Teia Education & Play","description":"Mon calendrier perp\u00e9tuel magn\u00e9tique en bois Moon Picnic aide les enfants \u00e0 noter les jours, les mois, le temps, les saisons et \u00e0 compter les \u00e9v\u00e9nements.","robots":{"index":"index","follow":"follow","max-snippet":"max-snippet:-1","max-image-preview":"max-image-preview:large","max-video-preview":"max-video-preview:-1"},"canonical":"https:\/\/teiaeducation.ch\/fr\/produit\/mon-calendrier-en-bois-moon-picnic\/","og_locale":"fr_FR","og_type":"article","og_title":"Mon calendrier en bois - Moon Picnic","og_description":"Mon calendrier perp\u00e9tuel magn\u00e9tique en bois Moon Picnic aide les enfants \u00e0 noter les jours, les mois, le temps, les saisons et \u00e0 compter les \u00e9v\u00e9nements.","og_url":"https:\/\/teiaeducation.ch\/fr\/produit\/mon-calendrier-en-bois-moon-picnic\/","og_site_name":"Sustainable Educational Products &amp; Ecological Toys\u00a0","article_publisher":"https:\/\/www.facebook.com\/teiaeducation\/","article_modified_time":"2021-05-07T19:54:03+00:00","og_image":[{"width":1080,"height":1440,"url":"https:\/\/teiaeducation.ch\/wp-content\/uploads\/2021\/03\/Moon-Picnic-my-calendar.jpg","type":"image\/jpeg"}],"schema":{"@context":"https:\/\/schema.org","@graph":[{"@type":"WebPage","@id":"https:\/\/teiaeducation.ch\/fr\/produit\/mon-calendrier-en-bois-moon-picnic\/","url":"https:\/\/teiaeducation.ch\/fr\/produit\/mon-calendrier-en-bois-moon-picnic\/","name":"Mon calendrier en bois - Moon Picnic - Teia Education & Play","isPartOf":{"@id":"https:\/\/teiaeducation.ch\/fr\/#website"},"primaryImageOfPage":{"@id":"https:\/\/teiaeducation.ch\/fr\/produit\/mon-calendrier-en-bois-moon-picnic\/#primaryimage"},"image":{"@id":"https:\/\/teiaeducation.ch\/fr\/produit\/mon-calendrier-en-bois-moon-picnic\/#primaryimage"},"thumbnailUrl":"https:\/\/teiaeducation.ch\/wp-content\/uploads\/2021\/03\/Moon-Picnic-my-calendar.jpg","datePublished":"2021-03-12T14:19:45+00:00","dateModified":"2021-05-07T19:54:03+00:00","description":"Mon calendrier perp\u00e9tuel magn\u00e9tique en bois Moon Picnic aide les enfants \u00e0 noter les jours, les mois, le temps, les saisons et \u00e0 compter les \u00e9v\u00e9nements.","breadcrumb":{"@id":"https:\/\/teiaeducation.ch\/fr\/produit\/mon-calendrier-en-bois-moon-picnic\/#breadcrumb"},"inLanguage":"fr-FR","potentialAction":[{"@type":"ReadAction","target":["https:\/\/teiaeducation.ch\/fr\/produit\/mon-calendrier-en-bois-moon-picnic\/"]}]},{"@type":"ImageObject","inLanguage":"fr-FR","@id":"https:\/\/teiaeducation.ch\/fr\/produit\/mon-calendrier-en-bois-moon-picnic\/#primaryimage","url":"https:\/\/teiaeducation.ch\/wp-content\/uploads\/2021\/03\/Moon-Picnic-my-calendar.jpg","contentUrl":"https:\/\/teiaeducation.ch\/wp-content\/uploads\/2021\/03\/Moon-Picnic-my-calendar.jpg","width":1080,"height":1440,"caption":"Mon calendrier en bois : calendrier perp\u00e9tuel pour enfants - Moon Picnic"},{"@type":"BreadcrumbList","@id":"https:\/\/teiaeducation.ch\/fr\/produit\/mon-calendrier-en-bois-moon-picnic\/#breadcrumb","itemListElement":[{"@type":"ListItem","position":1,"name":"Home","item":"https:\/\/teiaeducation.ch\/fr\/"},{"@type":"ListItem","position":2,"name":"Boutique Teia Education &amp; Play","item":"https:\/\/teiaeducation.ch\/fr\/boutique\/"},{"@type":"ListItem","position":3,"name":"Domaines du Curriculum","item":"https:\/\/teiaeducation.ch\/fr\/categorie-produit\/domaines-du-curriculum\/"},{"@type":"ListItem","position":4,"name":"Culture &amp; Sciences","item":"https:\/\/teiaeducation.ch\/fr\/categorie-produit\/domaines-du-curriculum\/culture-sciences\/"},{"@type":"ListItem","position":5,"name":"Saisons &amp; M\u00e9t\u00e9o","item":"https:\/\/teiaeducation.ch\/fr\/categorie-produit\/domaines-du-curriculum\/culture-sciences\/saisons-meteo\/"},{"@type":"ListItem","position":6,"name":"Mon calendrier en bois &#8211; Moon Picnic"}]},{"@type":"WebSite","@id":"https:\/\/teiaeducation.ch\/fr\/#website","url":"https:\/\/teiaeducation.ch\/fr\/","name":"Sustainable Educational Products &amp; Ecological Toys\u00a0","description":"Specialised Swiss shop selling sustainable educational toys and games, AMI certified Montessori materials, handmade ecological wooden Waldorf toys and arts &amp; crafts supplies, school supplies, children&#039;s furniture and Montessori reference and parenting books.","publisher":{"@id":"https:\/\/teiaeducation.ch\/fr\/#organization"},"alternateName":"Teia Education & Play","potentialAction":[{"@type":"SearchAction","target":{"@type":"EntryPoint","urlTemplate":"https:\/\/teiaeducation.ch\/fr\/?s={search_term_string}"},"query-input":{"@type":"PropertyValueSpecification","valueRequired":true,"valueName":"search_term_string"}}],"inLanguage":"fr-FR"},{"@type":"Organization","@id":"https:\/\/teiaeducation.ch\/fr\/#organization","name":"Teia Education & Play","url":"https:\/\/teiaeducation.ch\/fr\/","logo":{"@type":"ImageObject","inLanguage":"fr-FR","@id":"https:\/\/teiaeducation.ch\/fr\/#\/schema\/logo\/image\/","url":"https:\/\/teiaeducation.ch\/wp-content\/uploads\/2020\/11\/Teia-Education-Switzerland-e1620156442216.jpg","contentUrl":"https:\/\/teiaeducation.ch\/wp-content\/uploads\/2020\/11\/Teia-Education-Switzerland-e1620156442216.jpg","width":166,"height":145,"caption":"Teia Education & Play"},"image":{"@id":"https:\/\/teiaeducation.ch\/fr\/#\/schema\/logo\/image\/"},"sameAs":["https:\/\/www.facebook.com\/teiaeducation\/","https:\/\/x.com\/EducationTeia","https:\/\/www.instagram.com\/teia.education\/","https:\/\/www.linkedin.com\/company\/35501660","https:\/\/www.pinterest.ch\/TeiaEducation\/"]}]},"product_price_amount":"125.00","product_price_currency":"CHF","og_availability":"instock","product_availability":"instock","product_retailer_item_id":"00000000000000000000000000000000000000000000034248","product_condition":"new"},"_links":{"self":[{"href":"https:\/\/teiaeducation.ch\/fr\/wp-json\/wp\/v2\/product\/36100","targetHints":{"allow":["GET"]}}],"collection":[{"href":"https:\/\/teiaeducation.ch\/fr\/wp-json\/wp\/v2\/product"}],"about":[{"href":"https:\/\/teiaeducation.ch\/fr\/wp-json\/wp\/v2\/types\/product"}],"replies":[{"embeddable":true,"href":"https:\/\/teiaeducation.ch\/fr\/wp-json\/wp\/v2\/comments?post=36100"}],"wp:featuredmedia":[{"embeddable":true,"href":"https:\/\/teiaeducation.ch\/fr\/wp-json\/wp\/v2\/media\/34289"}],"wp:attachment":[{"href":"https:\/\/teiaeducation.ch\/fr\/wp-json\/wp\/v2\/media?parent=36100"}],"wp:term":[{"taxonomy":"product_brand","embeddable":true,"href":"https:\/\/teiaeducation.ch\/fr\/wp-json\/wp\/v2\/product_brand?post=36100"},{"taxonomy":"product_cat","embeddable":true,"href":"https:\/\/teiaeducation.ch\/fr\/wp-json\/wp\/v2\/product_cat?post=36100"},{"taxonomy":"product_tag","embeddable":true,"href":"https:\/\/teiaeducation.ch\/fr\/wp-json\/wp\/v2\/product_tag?post=36100"}],"curies":[{"name":"wp","href":"https:\/\/api.w.org\/{rel}","templated":true}]}}