{"id":36101,"date":"2021-03-12T15:21:50","date_gmt":"2021-03-12T14:21:50","guid":{"rendered":"https:\/\/teiaeducation.ch\/product\/ma-station-meteo-moon-picnic\/"},"modified":"2025-10-01T11:20:43","modified_gmt":"2025-10-01T09:20:43","slug":"ma-station-meteo-moon-picnic","status":"publish","type":"product","link":"https:\/\/teiaeducation.ch\/fr\/produit\/ma-station-meteo-moon-picnic\/","title":{"rendered":"Ma station m\u00e9t\u00e9o &#8211; Moon Picnic"},"content":{"rendered":"<p>Ma station m\u00e9t\u00e9o \/ Jouet \u00e9ducatif interactif d&#8217;apprentissage de la m\u00e9t\u00e9orologie en bois pour les enfants &#8211; Moon Picnic<\/p>\n<p>La magnifique station m\u00e9t\u00e9o originale en bois de Moon Picnic est le parfait jouet \u00e9ducatif interactif d&#8217;apprentissage de la m\u00e9t\u00e9orologie pour les enfants !<\/p>\n<p>Aidez les enfants \u00e0 se familiariser avec le temps, les conditions et les processus fondamentaux qui sous-tendent le <a href=\"https:\/\/teiaeducation.ch\/fr\/categorie-produit\/domaines-du-curriculum\/culture-sciences\/saisons-meteo\/\">temps<\/a>. Cet ensemble ravissant permettra \u00e0 votre enfant de prendre conscience des jours ensoleill\u00e9s, des apr\u00e8s-midi pluvieux, des matins enneig\u00e9s et de tout ce qui se trouve entre les deux.<\/p>\n<p>La station m\u00e9t\u00e9orologique est dot\u00e9e de pi\u00e8ces mobiles et d&#8217;amusants symboles m\u00e9t\u00e9orologiques en bois qui permettent aux petits m\u00e9t\u00e9orologues de faire des rapports et de pr\u00e9voir le temps. Encouragez votre enfant \u00e0 observer le temps qu&#8217;il fait aujourd&#8217;hui et \u00e0 le reproduire sur la station en d\u00e9pla\u00e7ant le compteur m\u00e9t\u00e9o, en tournant les cadrans et en faisant glisser le thermom\u00e8tre.<\/p>\n<p>Con\u00e7u avec soin pour combiner le jeu, l&#8217;apprentissage et les comp\u00e9tences pratiques de la vie quotidienne, ce jouet de m\u00e9t\u00e9orologie est s\u00fbr d&#8217;\u00eatre utilis\u00e9 quotidiennement et de devenir un jouet d&#8217;h\u00e9ritage familial.<\/p>\n<p>Cette jolie station m\u00e9t\u00e9o interactive est fabriqu\u00e9e au Vietnam \u00e0 partir de bois de h\u00eatre massif FSC durable. L&#8217;ensemble comprend une base, 4 cadrans mobiles et un curseur, 5 pi\u00e8ces m\u00e9t\u00e9orologiques, un sac de rangement en coton et une carte de pr\u00e9sentation. Toutes les pi\u00e8ces sont en bois et sont finies avec une peinture non toxique \u00e0 base d&#8217;eau. Il y a un petit trou pour accrocher la station m\u00e9t\u00e9o.<\/p>\n<p>Moon Picnic est une petite marque am\u00e9ricaine qui cr\u00e9e des jouets uniques, naturels et magnifiques, con\u00e7us pour inciter les enfants et toute la famille \u00e0 jouer de mani\u00e8re cr\u00e9ative et imaginative. Ces jouets \u00e9ducatifs et amusants font appel aux sens des enfants et encouragent l&#8217;amour de la nature et de l&#8217;apprentissage.<\/p>\n<p>Les jouets Moon Picnic sont fabriqu\u00e9s selon les normes les plus strictes, \u00e0 partir de mat\u00e9riaux naturels provenant de sources durables et de peintures non toxiques \u00e0 base d&#8217;eau. Ils sont principalement fabriqu\u00e9s en Allemagne et au Vietnam et peints \u00e0 la main.<\/p>\n<p>La station m\u00e9t\u00e9o Moon Picnic est pr\u00e9sent\u00e9e dans une jolie bo\u00eete de rangement en carton imprim\u00e9 de 30 x 25 cm et convient aux enfants de 3 ans et plus.<\/p>\n<p>Contenu :<\/p>\n<p>1 base en bois<br \/>\n4 cadrans mobiles en bois &amp; curseur<br \/>\n5 pi\u00e8ces m\u00e9t\u00e9orologiques en bois<br \/>\n1 sac de rangement en coton<br \/>\n1 carte d&#8217;introduction<\/p>\n","protected":false},"excerpt":{"rendered":"<p>Num\u00e9ro d&#8217;article: <span class=\"sku\">MP2140<\/span><\/p>\n<p>La magnifique station m\u00e9t\u00e9o originale en bois de Moon Picnic est le parfait jouet \u00e9ducatif interactif d&#8217;apprentissage de la m\u00e9t\u00e9orologie pour les enfants !<\/p>\n","protected":false},"featured_media":34313,"comment_status":"open","ping_status":"closed","template":"","meta":[],"product_brand":[],"product_cat":[8527,215,216,16898,17225,23635,22343,18893,22344,284,283,293,8526,17239,18913,13130,23020,23650,288,7595,18963,217,5851,598,292,629,212],"product_tag":[19294,19302,19300,19299,19301,18420,19303,19279,19293,19292,19282,19305,19281,19280,19304],"class_list":{"0":"post-36101","1":"product","2":"type-product","3":"status-publish","4":"has-post-thumbnail","6":"product_cat-3-6-ans-ecole-a-domicile","7":"product_cat-3-6-ans","8":"product_cat-6-12-ans","9":"product_cat-collection-automne","10":"product_cat-celebrations-fr","11":"product_cat-collection-dete","12":"product_cat-collection-hiver","13":"product_cat-collection-printemps","14":"product_cat-collections-saisonnieres","15":"product_cat-culture-sciences","16":"product_cat-domaines-du-curriculum","17":"product_cat-ensembles-dactivites","18":"product_cat-fournitures-scolaires-a-domicile","19":"product_cat-guide-cadeaux-educatifs","20":"product_cat-jeu-de-la-nature","21":"product_cat-jouer","22":"product_cat-jouets-en-bois","23":"product_cat-la-rentree-scolaire","24":"product_cat-mathematiques-calcul","25":"product_cat-methode-deducation","26":"product_cat-moon-picnic-fr","27":"product_cat-marques","28":"product_cat-nouveautes","29":"product_cat-saisons-meteo","30":"product_cat-appui-au-curriculum","31":"product_cat-temps-fr","32":"product_cat-tranche-dage","33":"product_tag-calendrier-en-bois","34":"product_tag-calendrier-magnetique-perpetuel","35":"product_tag-calendrier-perpetuel","36":"product_tag-calendrier-perpetuel-en-bois","37":"product_tag-calendrier-perpetuel-pour-enfants","38":"product_tag-calendrier-waldorf","39":"product_tag-jouet-educatif-interactif-sur-la-meteorologie-pour-les-enfants","40":"product_tag-moon-picnic-fr","41":"product_tag-moon-picnic-calendrier","42":"product_tag-moon-picnic-mon-calendrier","43":"product_tag-moon-picnic-schweiz-fr","44":"product_tag-moon-picnic-station-meteo","45":"product_tag-moon-picnic-suisse-fr","46":"product_tag-moon-picnic-switzerland-fr","47":"product_tag-station-meteo-pour-enfants","49":"first","50":"outofstock","51":"taxable","52":"shipping-taxable","53":"purchasable","54":"product-type-simple"},"yoast_head":"<!-- This site is optimized with the Yoast SEO plugin v27.1.1 - https:\/\/yoast.com\/product\/yoast-seo-wordpress\/ -->\n<title>Ma station m\u00e9t\u00e9o - Moon Picnic - Teia Education &amp; Play<\/title>\n<meta name=\"description\" content=\"La magnifique station m\u00e9t\u00e9o originale en bois de Moon Picnic est le parfait jouet \u00e9ducatif interactif d&#039;apprentissage de la m\u00e9t\u00e9orologie pour les enfants !\" \/>\n<meta name=\"robots\" content=\"index, follow, max-snippet:-1, max-image-preview:large, max-video-preview:-1\" \/>\n<link rel=\"canonical\" href=\"https:\/\/teiaeducation.ch\/fr\/produit\/ma-station-meteo-moon-picnic\/\" \/>\n<meta property=\"og:locale\" content=\"fr_FR\" \/>\n<meta property=\"og:type\" content=\"article\" \/>\n<meta property=\"og:title\" content=\"Ma station m\u00e9t\u00e9o - Moon Picnic - Teia Education &amp; Play\" \/>\n<meta property=\"og:description\" content=\"La magnifique station m\u00e9t\u00e9o originale en bois de Moon Picnic est le parfait jouet \u00e9ducatif interactif d&#039;apprentissage de la m\u00e9t\u00e9orologie pour les enfants !\" \/>\n<meta property=\"og:url\" content=\"https:\/\/teiaeducation.ch\/fr\/produit\/ma-station-meteo-moon-picnic\/\" \/>\n<meta property=\"og:site_name\" content=\"Sustainable Educational Products &amp; Ecological Toys\u00a0\" \/>\n<meta property=\"article:publisher\" content=\"https:\/\/www.facebook.com\/teiaeducation\/\" \/>\n<meta property=\"article:modified_time\" content=\"2025-10-01T09:20:43+00:00\" \/>\n<meta property=\"og:image\" content=\"https:\/\/teiaeducation.ch\/wp-content\/uploads\/2021\/03\/My-Weather-Station-Educational-interactive-meteorology-toy-for-children-Moon-Picnic.jpg\" \/>\n\t<meta property=\"og:image:width\" content=\"675\" \/>\n\t<meta property=\"og:image:height\" content=\"900\" \/>\n\t<meta property=\"og:image:type\" content=\"image\/jpeg\" \/>\n<script type=\"application\/ld+json\" class=\"yoast-schema-graph\">{\"@context\":\"https:\/\/schema.org\",\"@graph\":[{\"@type\":\"WebPage\",\"@id\":\"https:\/\/teiaeducation.ch\/fr\/produit\/ma-station-meteo-moon-picnic\/\",\"url\":\"https:\/\/teiaeducation.ch\/fr\/produit\/ma-station-meteo-moon-picnic\/\",\"name\":\"Ma station m\u00e9t\u00e9o - Moon Picnic - Teia Education & Play\",\"isPartOf\":{\"@id\":\"https:\/\/teiaeducation.ch\/fr\/#website\"},\"primaryImageOfPage\":{\"@id\":\"https:\/\/teiaeducation.ch\/fr\/produit\/ma-station-meteo-moon-picnic\/#primaryimage\"},\"image\":{\"@id\":\"https:\/\/teiaeducation.ch\/fr\/produit\/ma-station-meteo-moon-picnic\/#primaryimage\"},\"thumbnailUrl\":\"https:\/\/teiaeducation.ch\/wp-content\/uploads\/2021\/03\/My-Weather-Station-Educational-interactive-meteorology-toy-for-children-Moon-Picnic.jpg\",\"datePublished\":\"2021-03-12T14:21:50+00:00\",\"dateModified\":\"2025-10-01T09:20:43+00:00\",\"description\":\"La magnifique station m\u00e9t\u00e9o originale en bois de Moon Picnic est le parfait jouet \u00e9ducatif interactif d'apprentissage de la m\u00e9t\u00e9orologie pour les enfants !\",\"breadcrumb\":{\"@id\":\"https:\/\/teiaeducation.ch\/fr\/produit\/ma-station-meteo-moon-picnic\/#breadcrumb\"},\"inLanguage\":\"fr-FR\",\"potentialAction\":[{\"@type\":\"ReadAction\",\"target\":[\"https:\/\/teiaeducation.ch\/fr\/produit\/ma-station-meteo-moon-picnic\/\"]}]},{\"@type\":\"ImageObject\",\"inLanguage\":\"fr-FR\",\"@id\":\"https:\/\/teiaeducation.ch\/fr\/produit\/ma-station-meteo-moon-picnic\/#primaryimage\",\"url\":\"https:\/\/teiaeducation.ch\/wp-content\/uploads\/2021\/03\/My-Weather-Station-Educational-interactive-meteorology-toy-for-children-Moon-Picnic.jpg\",\"contentUrl\":\"https:\/\/teiaeducation.ch\/wp-content\/uploads\/2021\/03\/My-Weather-Station-Educational-interactive-meteorology-toy-for-children-Moon-Picnic.jpg\",\"width\":675,\"height\":900,\"caption\":\"Ma station m\u00e9t\u00e9o \/ Jouet \u00e9ducatif interactif sur la m\u00e9t\u00e9orologie pour les enfants - Moon Picnic\"},{\"@type\":\"BreadcrumbList\",\"@id\":\"https:\/\/teiaeducation.ch\/fr\/produit\/ma-station-meteo-moon-picnic\/#breadcrumb\",\"itemListElement\":[{\"@type\":\"ListItem\",\"position\":1,\"name\":\"Home\",\"item\":\"https:\/\/teiaeducation.ch\/fr\/\"},{\"@type\":\"ListItem\",\"position\":2,\"name\":\"Boutique Teia Education &amp; Play\",\"item\":\"https:\/\/teiaeducation.ch\/fr\/boutique\/\"},{\"@type\":\"ListItem\",\"position\":3,\"name\":\"Domaines du Curriculum\",\"item\":\"https:\/\/teiaeducation.ch\/fr\/categorie-produit\/domaines-du-curriculum\/\"},{\"@type\":\"ListItem\",\"position\":4,\"name\":\"Culture &amp; Sciences\",\"item\":\"https:\/\/teiaeducation.ch\/fr\/categorie-produit\/domaines-du-curriculum\/culture-sciences\/\"},{\"@type\":\"ListItem\",\"position\":5,\"name\":\"Saisons &amp; M\u00e9t\u00e9o\",\"item\":\"https:\/\/teiaeducation.ch\/fr\/categorie-produit\/domaines-du-curriculum\/culture-sciences\/saisons-meteo\/\"},{\"@type\":\"ListItem\",\"position\":6,\"name\":\"Ma station m\u00e9t\u00e9o &#8211; Moon Picnic\"}]},{\"@type\":\"WebSite\",\"@id\":\"https:\/\/teiaeducation.ch\/fr\/#website\",\"url\":\"https:\/\/teiaeducation.ch\/fr\/\",\"name\":\"Sustainable Educational Products &amp; Ecological Toys\u00a0\",\"description\":\"Specialised Swiss shop selling sustainable educational toys and games, AMI certified Montessori materials, handmade ecological wooden Waldorf toys and arts &amp; crafts supplies, school supplies, children&#039;s furniture and Montessori reference and parenting books.\",\"publisher\":{\"@id\":\"https:\/\/teiaeducation.ch\/fr\/#organization\"},\"alternateName\":\"Teia Education & Play\",\"potentialAction\":[{\"@type\":\"SearchAction\",\"target\":{\"@type\":\"EntryPoint\",\"urlTemplate\":\"https:\/\/teiaeducation.ch\/fr\/?s={search_term_string}\"},\"query-input\":{\"@type\":\"PropertyValueSpecification\",\"valueRequired\":true,\"valueName\":\"search_term_string\"}}],\"inLanguage\":\"fr-FR\"},{\"@type\":\"Organization\",\"@id\":\"https:\/\/teiaeducation.ch\/fr\/#organization\",\"name\":\"Teia Education & Play\",\"url\":\"https:\/\/teiaeducation.ch\/fr\/\",\"logo\":{\"@type\":\"ImageObject\",\"inLanguage\":\"fr-FR\",\"@id\":\"https:\/\/teiaeducation.ch\/fr\/#\/schema\/logo\/image\/\",\"url\":\"https:\/\/teiaeducation.ch\/wp-content\/uploads\/2020\/11\/Teia-Education-Switzerland-e1620156442216.jpg\",\"contentUrl\":\"https:\/\/teiaeducation.ch\/wp-content\/uploads\/2020\/11\/Teia-Education-Switzerland-e1620156442216.jpg\",\"width\":166,\"height\":145,\"caption\":\"Teia Education & Play\"},\"image\":{\"@id\":\"https:\/\/teiaeducation.ch\/fr\/#\/schema\/logo\/image\/\"},\"sameAs\":[\"https:\/\/www.facebook.com\/teiaeducation\/\",\"https:\/\/x.com\/EducationTeia\",\"https:\/\/www.instagram.com\/teia.education\/\",\"https:\/\/www.linkedin.com\/company\/35501660\",\"https:\/\/www.pinterest.ch\/TeiaEducation\/\"]}]}<\/script>\n<!-- \/ Yoast SEO plugin. -->","yoast_head_json":{"title":"Ma station m\u00e9t\u00e9o - Moon Picnic - Teia Education & Play","description":"La magnifique station m\u00e9t\u00e9o originale en bois de Moon Picnic est le parfait jouet \u00e9ducatif interactif d'apprentissage de la m\u00e9t\u00e9orologie pour les enfants !","robots":{"index":"index","follow":"follow","max-snippet":"max-snippet:-1","max-image-preview":"max-image-preview:large","max-video-preview":"max-video-preview:-1"},"canonical":"https:\/\/teiaeducation.ch\/fr\/produit\/ma-station-meteo-moon-picnic\/","og_locale":"fr_FR","og_type":"article","og_title":"Ma station m\u00e9t\u00e9o - Moon Picnic - Teia Education & Play","og_description":"La magnifique station m\u00e9t\u00e9o originale en bois de Moon Picnic est le parfait jouet \u00e9ducatif interactif d'apprentissage de la m\u00e9t\u00e9orologie pour les enfants !","og_url":"https:\/\/teiaeducation.ch\/fr\/produit\/ma-station-meteo-moon-picnic\/","og_site_name":"Sustainable Educational Products &amp; Ecological Toys\u00a0","article_publisher":"https:\/\/www.facebook.com\/teiaeducation\/","article_modified_time":"2025-10-01T09:20:43+00:00","og_image":[{"width":675,"height":900,"url":"https:\/\/teiaeducation.ch\/wp-content\/uploads\/2021\/03\/My-Weather-Station-Educational-interactive-meteorology-toy-for-children-Moon-Picnic.jpg","type":"image\/jpeg"}],"schema":{"@context":"https:\/\/schema.org","@graph":[{"@type":"WebPage","@id":"https:\/\/teiaeducation.ch\/fr\/produit\/ma-station-meteo-moon-picnic\/","url":"https:\/\/teiaeducation.ch\/fr\/produit\/ma-station-meteo-moon-picnic\/","name":"Ma station m\u00e9t\u00e9o - Moon Picnic - Teia Education & Play","isPartOf":{"@id":"https:\/\/teiaeducation.ch\/fr\/#website"},"primaryImageOfPage":{"@id":"https:\/\/teiaeducation.ch\/fr\/produit\/ma-station-meteo-moon-picnic\/#primaryimage"},"image":{"@id":"https:\/\/teiaeducation.ch\/fr\/produit\/ma-station-meteo-moon-picnic\/#primaryimage"},"thumbnailUrl":"https:\/\/teiaeducation.ch\/wp-content\/uploads\/2021\/03\/My-Weather-Station-Educational-interactive-meteorology-toy-for-children-Moon-Picnic.jpg","datePublished":"2021-03-12T14:21:50+00:00","dateModified":"2025-10-01T09:20:43+00:00","description":"La magnifique station m\u00e9t\u00e9o originale en bois de Moon Picnic est le parfait jouet \u00e9ducatif interactif d'apprentissage de la m\u00e9t\u00e9orologie pour les enfants !","breadcrumb":{"@id":"https:\/\/teiaeducation.ch\/fr\/produit\/ma-station-meteo-moon-picnic\/#breadcrumb"},"inLanguage":"fr-FR","potentialAction":[{"@type":"ReadAction","target":["https:\/\/teiaeducation.ch\/fr\/produit\/ma-station-meteo-moon-picnic\/"]}]},{"@type":"ImageObject","inLanguage":"fr-FR","@id":"https:\/\/teiaeducation.ch\/fr\/produit\/ma-station-meteo-moon-picnic\/#primaryimage","url":"https:\/\/teiaeducation.ch\/wp-content\/uploads\/2021\/03\/My-Weather-Station-Educational-interactive-meteorology-toy-for-children-Moon-Picnic.jpg","contentUrl":"https:\/\/teiaeducation.ch\/wp-content\/uploads\/2021\/03\/My-Weather-Station-Educational-interactive-meteorology-toy-for-children-Moon-Picnic.jpg","width":675,"height":900,"caption":"Ma station m\u00e9t\u00e9o \/ Jouet \u00e9ducatif interactif sur la m\u00e9t\u00e9orologie pour les enfants - Moon Picnic"},{"@type":"BreadcrumbList","@id":"https:\/\/teiaeducation.ch\/fr\/produit\/ma-station-meteo-moon-picnic\/#breadcrumb","itemListElement":[{"@type":"ListItem","position":1,"name":"Home","item":"https:\/\/teiaeducation.ch\/fr\/"},{"@type":"ListItem","position":2,"name":"Boutique Teia Education &amp; Play","item":"https:\/\/teiaeducation.ch\/fr\/boutique\/"},{"@type":"ListItem","position":3,"name":"Domaines du Curriculum","item":"https:\/\/teiaeducation.ch\/fr\/categorie-produit\/domaines-du-curriculum\/"},{"@type":"ListItem","position":4,"name":"Culture &amp; Sciences","item":"https:\/\/teiaeducation.ch\/fr\/categorie-produit\/domaines-du-curriculum\/culture-sciences\/"},{"@type":"ListItem","position":5,"name":"Saisons &amp; M\u00e9t\u00e9o","item":"https:\/\/teiaeducation.ch\/fr\/categorie-produit\/domaines-du-curriculum\/culture-sciences\/saisons-meteo\/"},{"@type":"ListItem","position":6,"name":"Ma station m\u00e9t\u00e9o &#8211; Moon Picnic"}]},{"@type":"WebSite","@id":"https:\/\/teiaeducation.ch\/fr\/#website","url":"https:\/\/teiaeducation.ch\/fr\/","name":"Sustainable Educational Products &amp; Ecological Toys\u00a0","description":"Specialised Swiss shop selling sustainable educational toys and games, AMI certified Montessori materials, handmade ecological wooden Waldorf toys and arts &amp; crafts supplies, school supplies, children&#039;s furniture and Montessori reference and parenting books.","publisher":{"@id":"https:\/\/teiaeducation.ch\/fr\/#organization"},"alternateName":"Teia Education & Play","potentialAction":[{"@type":"SearchAction","target":{"@type":"EntryPoint","urlTemplate":"https:\/\/teiaeducation.ch\/fr\/?s={search_term_string}"},"query-input":{"@type":"PropertyValueSpecification","valueRequired":true,"valueName":"search_term_string"}}],"inLanguage":"fr-FR"},{"@type":"Organization","@id":"https:\/\/teiaeducation.ch\/fr\/#organization","name":"Teia Education & Play","url":"https:\/\/teiaeducation.ch\/fr\/","logo":{"@type":"ImageObject","inLanguage":"fr-FR","@id":"https:\/\/teiaeducation.ch\/fr\/#\/schema\/logo\/image\/","url":"https:\/\/teiaeducation.ch\/wp-content\/uploads\/2020\/11\/Teia-Education-Switzerland-e1620156442216.jpg","contentUrl":"https:\/\/teiaeducation.ch\/wp-content\/uploads\/2020\/11\/Teia-Education-Switzerland-e1620156442216.jpg","width":166,"height":145,"caption":"Teia Education & Play"},"image":{"@id":"https:\/\/teiaeducation.ch\/fr\/#\/schema\/logo\/image\/"},"sameAs":["https:\/\/www.facebook.com\/teiaeducation\/","https:\/\/x.com\/EducationTeia","https:\/\/www.instagram.com\/teia.education\/","https:\/\/www.linkedin.com\/company\/35501660","https:\/\/www.pinterest.ch\/TeiaEducation\/"]}]}},"_links":{"self":[{"href":"https:\/\/teiaeducation.ch\/fr\/wp-json\/wp\/v2\/product\/36101","targetHints":{"allow":["GET"]}}],"collection":[{"href":"https:\/\/teiaeducation.ch\/fr\/wp-json\/wp\/v2\/product"}],"about":[{"href":"https:\/\/teiaeducation.ch\/fr\/wp-json\/wp\/v2\/types\/product"}],"replies":[{"embeddable":true,"href":"https:\/\/teiaeducation.ch\/fr\/wp-json\/wp\/v2\/comments?post=36101"}],"wp:featuredmedia":[{"embeddable":true,"href":"https:\/\/teiaeducation.ch\/fr\/wp-json\/wp\/v2\/media\/34313"}],"wp:attachment":[{"href":"https:\/\/teiaeducation.ch\/fr\/wp-json\/wp\/v2\/media?parent=36101"}],"wp:term":[{"taxonomy":"product_brand","embeddable":true,"href":"https:\/\/teiaeducation.ch\/fr\/wp-json\/wp\/v2\/product_brand?post=36101"},{"taxonomy":"product_cat","embeddable":true,"href":"https:\/\/teiaeducation.ch\/fr\/wp-json\/wp\/v2\/product_cat?post=36101"},{"taxonomy":"product_tag","embeddable":true,"href":"https:\/\/teiaeducation.ch\/fr\/wp-json\/wp\/v2\/product_tag?post=36101"}],"curies":[{"name":"wp","href":"https:\/\/api.w.org\/{rel}","templated":true}]}}