{"id":36102,"date":"2021-03-12T16:41:59","date_gmt":"2021-03-12T15:41:59","guid":{"rendered":"https:\/\/teiaeducation.ch\/product\/une-douzaine-doeufs-doiseaux-en-bois-dans-une-boite-moon-picnic\/"},"modified":"2023-09-05T08:40:15","modified_gmt":"2023-09-05T06:40:15","slug":"douzaine-oeufs-oiseaux-en-bois-en-boite-moon-picnic","status":"publish","type":"product","link":"https:\/\/teiaeducation.ch\/fr\/produit\/douzaine-oeufs-oiseaux-en-bois-en-boite-moon-picnic\/","title":{"rendered":"Une douzaine d&#8217;\u0153ufs d&#8217;oiseaux en bois dans une bo\u00eete &#8211; Moon Picnic"},"content":{"rendered":"<p>Une douzaine d&#8217;\u0153ufs d&#8217;oiseaux en bois dans une bo\u00eete &#8211; Moon Picnic &amp; Erzi<\/p>\n<p>Le magnifique ensemble de 12 \u0153ufs d&#8217;oiseaux en bois faits main de Moon Picnic est fabriqu\u00e9 par Erzi et con\u00e7u pour aider les enfants \u00e0 apprendre par le jeu tactile et sensoriel.<\/p>\n<p>Les \u0153ufs sont id\u00e9aux pour que les petites mains puissent les tenir et sentir la chaleur et les courbes du bois, les rouler, les compter et les trier par taille, ainsi que les utiliser dans des jeux de r\u00f4le imaginatifs. Ils sont parfaits pour l&#8217;\u00e9ducation pr\u00e9coce Montessori et Waldorf.<\/p>\n<p>Ces \u0153ufs en bois merveilleusement r\u00e9alistes sont inspir\u00e9s d&#8217;\u0153ufs de ferme courants tels que ceux de la poule, de la dinde, du canard, de l&#8217;oie et de la caille, ainsi que d&#8217;\u0153ufs d&#8217;oiseaux sauvages. Ils ne sont pas cens\u00e9s \u00eatre des repr\u00e9sentations exactes des \u0153ufs d&#8217;oiseaux r\u00e9els, mais en observant les jolies couleurs, les mouchetures et les diff\u00e9rentes tailles, les \u0153ufs en bois permettent de parler des <a href=\"https:\/\/teiaeducation.ch\/product-category\/learning-themes\/culture-science\/life-cycles\/\">cycles de vie<\/a> des oiseaux et d&#8217;encourager l&#8217;amour de la nature chez les enfants. L&#8217;ensemble est accompagn\u00e9 d&#8217;un rappel pour apprendre aux enfants \u00e0 ne pas ramasser de vrais \u0153ufs d&#8217;oiseaux dans la nature.<\/p>\n<p>Fabriqu\u00e9s en Allemagne par la c\u00e9l\u00e8bre marque de jouets allemande <a href=\"https:\/\/teiaeducation.ch\/product-category\/brands\/erzi\/\">Erzi<\/a>, les 12 \u0153ufs en bois de diff\u00e9rentes tailles sont tourn\u00e9s \u00e0 la main sur un tour en bois de h\u00eatre massif et d\u00e9licatement peints \u00e0 la main avec une peinture non toxique \u00e0 base d&#8217;eau. Ils font de superbes d\u00e9corations, notamment pour les expositions de printemps ou de P\u00e2ques.<\/p>\n<p>Les \u0153ufs mesurent entre 3,5 et 6,5 cm de long et conviennent aux enfants de 3 ans et plus. Ils sont pr\u00e9sent\u00e9s dans une jolie bo\u00eete en carton imprim\u00e9e.<\/p>\n<p>Moon Picnic est une petite marque am\u00e9ricaine qui cr\u00e9e des jouets uniques, naturels et magnifiques, con\u00e7us pour inciter les enfants et toute la famille \u00e0 jouer de mani\u00e8re cr\u00e9ative et imaginative. Ces jouets \u00e9ducatifs et amusants font appel aux sens des enfants et encouragent l&#8217;amour de la nature et de l&#8217;apprentissage.<\/p>\n<p>Les jouets Moon Picnic sont fabriqu\u00e9s selon les normes les plus strictes, \u00e0 partir de mat\u00e9riaux naturels provenant de sources durables et de peintures non toxiques \u00e0 base d&#8217;eau. Ils sont principalement fabriqu\u00e9s en Allemagne et au Vietnam et peints \u00e0 la main.<\/p>\n<p>Avertissement : risque d&#8217;\u00e9touffement &#8211; contient de petites pi\u00e8ces.<\/p>\n<p>Contenu :<\/p>\n<p>12 \u0153ufs en bois dans une bo\u00eete<\/p>\n","protected":false},"excerpt":{"rendered":"<p>Num\u00e9ro d&#8217;article: <span class=\"sku\">MP2148<\/span><\/p>\n<p>Le magnifique ensemble de 12 \u0153ufs d&#8217;oiseaux en bois faits main de Moon Picnic est fabriqu\u00e9 par Erzi et con\u00e7u pour aider les enfants \u00e0 apprendre par le jeu tactile et sensoriel.<\/p>\n","protected":false},"featured_media":34320,"comment_status":"open","ping_status":"closed","template":"","meta":[],"product_brand":[],"product_cat":[8527,215,285,13131,601,17225,18893,22344,284,17223,283,17209,8526,592,17239,21257,22421,18913,603,13130,626,23020,13139,13140,13142,638,8567,288,18963,217,5851,209,625,212],"product_tag":[19313,19309,8625,19279,19306,19282,19281,19280,19307,19308,19312,19314,19310,19315,19311],"class_list":{"0":"post-36102","1":"product","2":"type-product","3":"status-publish","4":"has-post-thumbnail","6":"product_cat-3-6-ans-ecole-a-domicile","7":"product_cat-3-6-ans","8":"product_cat-alphabetisation-langage","9":"product_cat-animaux-fermes","10":"product_cat-classification-fr","11":"product_cat-celebrations-fr","12":"product_cat-collection-printemps","13":"product_cat-collections-saisonnieres","14":"product_cat-culture-sciences","15":"product_cat-cycles-de-vie","16":"product_cat-domaines-du-curriculum","17":"product_cat-erzi-fr","18":"product_cat-fournitures-scolaires-a-domicile","19":"product_cat-geographie-animale","20":"product_cat-guide-cadeaux-educatifs","21":"product_cat-guides-cadeaux","22":"product_cat-idees-cadeaux-pour-paques","23":"product_cat-jeu-de-la-nature","24":"product_cat-jeux-de-discrimination-fr","25":"product_cat-jouer","26":"product_cat-jouets-a-trier","27":"product_cat-jouets-en-bois","28":"product_cat-jeu-imaginatif-faire-semblant","29":"product_cat-jeu-libre","30":"product_cat-jeu-sensoriel","31":"product_cat-sens","32":"product_cat-materiel-scolaire-montessori","33":"product_cat-mathematiques-calcul","34":"product_cat-moon-picnic-fr","35":"product_cat-marques","36":"product_cat-nouveautes","37":"product_cat-sensorielles-motrices","38":"product_cat-taille","39":"product_cat-tranche-dage","40":"product_tag-apprendre-a-connaitre-les-oeufs-doiseaux","41":"product_tag-decorations-doeufs-en-bois","42":"product_tag-fabrique-en-allemagne","43":"product_tag-moon-picnic-fr","44":"product_tag-moon-picnic-douzaine-doeufs-doiseaux","45":"product_tag-moon-picnic-schweiz-fr","46":"product_tag-moon-picnic-suisse-fr","47":"product_tag-moon-picnic-switzerland-fr","48":"product_tag-oeufs-doiseaux-en-bois","49":"product_tag-oeufs-doiseaux-realistes","50":"product_tag-oeufs-de-materiel-pedagogique","51":"product_tag-oeufs-en-bois-faits-a-la-main","52":"product_tag-oeufs-mouchetes-en-bois","53":"product_tag-oeufs-peints-a-la-main","54":"product_tag-waldorf-oeufs","56":"first","57":"instock","58":"taxable","59":"shipping-taxable","60":"purchasable","61":"product-type-simple"},"yoast_head":"<!-- This site is optimized with the Yoast SEO plugin v27.3 - https:\/\/yoast.com\/product\/yoast-seo-wordpress\/ -->\n<title>Une douzaine d&#039;\u0153ufs d&#039;oiseaux en bois dans une bo\u00eete - Moon Picnic - Teia Education &amp; Play<\/title>\n<meta name=\"description\" content=\"Le magnifique ensemble de 12 \u0153ufs d&#039;oiseaux en bois faits main de Moon Picnic est fabriqu\u00e9 par Erzi et con\u00e7u pour aider les enfants \u00e0 apprendre par le jeu tactile et sensoriel.\" \/>\n<meta name=\"robots\" content=\"index, follow, max-snippet:-1, max-image-preview:large, max-video-preview:-1\" \/>\n<link rel=\"canonical\" href=\"https:\/\/teiaeducation.ch\/fr\/produit\/douzaine-oeufs-oiseaux-en-bois-en-boite-moon-picnic\/\" \/>\n<meta property=\"og:locale\" content=\"fr_FR\" \/>\n<meta property=\"og:type\" content=\"article\" \/>\n<meta property=\"og:title\" content=\"Une douzaine d&#039;\u0153ufs d&#039;oiseaux en bois dans une bo\u00eete - Moon Picnic - Teia Education &amp; Play\" \/>\n<meta property=\"og:description\" content=\"Le magnifique ensemble de 12 \u0153ufs d&#039;oiseaux en bois faits main de Moon Picnic est fabriqu\u00e9 par Erzi et con\u00e7u pour aider les enfants \u00e0 apprendre par le jeu tactile et sensoriel.\" \/>\n<meta property=\"og:url\" content=\"https:\/\/teiaeducation.ch\/fr\/produit\/douzaine-oeufs-oiseaux-en-bois-en-boite-moon-picnic\/\" \/>\n<meta property=\"og:site_name\" content=\"Sustainable Educational Products &amp; Ecological Toys\u00a0\" \/>\n<meta property=\"article:publisher\" content=\"https:\/\/www.facebook.com\/teiaeducation\/\" \/>\n<meta property=\"article:modified_time\" content=\"2023-09-05T06:40:15+00:00\" \/>\n<meta property=\"og:image\" content=\"https:\/\/teiaeducation.ch\/wp-content\/uploads\/2021\/03\/A-dozen-handmade-wooden-bird-eggs-in-a-box-Moon-Picnic-Erzi.jpg\" \/>\n\t<meta property=\"og:image:width\" content=\"675\" \/>\n\t<meta property=\"og:image:height\" content=\"900\" \/>\n\t<meta property=\"og:image:type\" content=\"image\/jpeg\" \/>\n<script type=\"application\/ld+json\" class=\"yoast-schema-graph\">{\"@context\":\"https:\\\/\\\/schema.org\",\"@graph\":[{\"@type\":\"WebPage\",\"@id\":\"https:\\\/\\\/teiaeducation.ch\\\/fr\\\/produit\\\/douzaine-oeufs-oiseaux-en-bois-en-boite-moon-picnic\\\/\",\"url\":\"https:\\\/\\\/teiaeducation.ch\\\/fr\\\/produit\\\/douzaine-oeufs-oiseaux-en-bois-en-boite-moon-picnic\\\/\",\"name\":\"Une douzaine d'\u0153ufs d'oiseaux en bois dans une bo\u00eete - Moon Picnic - Teia Education & Play\",\"isPartOf\":{\"@id\":\"https:\\\/\\\/teiaeducation.ch\\\/fr\\\/#website\"},\"primaryImageOfPage\":{\"@id\":\"https:\\\/\\\/teiaeducation.ch\\\/fr\\\/produit\\\/douzaine-oeufs-oiseaux-en-bois-en-boite-moon-picnic\\\/#primaryimage\"},\"image\":{\"@id\":\"https:\\\/\\\/teiaeducation.ch\\\/fr\\\/produit\\\/douzaine-oeufs-oiseaux-en-bois-en-boite-moon-picnic\\\/#primaryimage\"},\"thumbnailUrl\":\"https:\\\/\\\/teiaeducation.ch\\\/wp-content\\\/uploads\\\/2021\\\/03\\\/A-dozen-handmade-wooden-bird-eggs-in-a-box-Moon-Picnic-Erzi.jpg\",\"datePublished\":\"2021-03-12T15:41:59+00:00\",\"dateModified\":\"2023-09-05T06:40:15+00:00\",\"description\":\"Le magnifique ensemble de 12 \u0153ufs d'oiseaux en bois faits main de Moon Picnic est fabriqu\u00e9 par Erzi et con\u00e7u pour aider les enfants \u00e0 apprendre par le jeu tactile et sensoriel.\",\"breadcrumb\":{\"@id\":\"https:\\\/\\\/teiaeducation.ch\\\/fr\\\/produit\\\/douzaine-oeufs-oiseaux-en-bois-en-boite-moon-picnic\\\/#breadcrumb\"},\"inLanguage\":\"fr-FR\",\"potentialAction\":[{\"@type\":\"ReadAction\",\"target\":[\"https:\\\/\\\/teiaeducation.ch\\\/fr\\\/produit\\\/douzaine-oeufs-oiseaux-en-bois-en-boite-moon-picnic\\\/\"]}]},{\"@type\":\"ImageObject\",\"inLanguage\":\"fr-FR\",\"@id\":\"https:\\\/\\\/teiaeducation.ch\\\/fr\\\/produit\\\/douzaine-oeufs-oiseaux-en-bois-en-boite-moon-picnic\\\/#primaryimage\",\"url\":\"https:\\\/\\\/teiaeducation.ch\\\/wp-content\\\/uploads\\\/2021\\\/03\\\/A-dozen-handmade-wooden-bird-eggs-in-a-box-Moon-Picnic-Erzi.jpg\",\"contentUrl\":\"https:\\\/\\\/teiaeducation.ch\\\/wp-content\\\/uploads\\\/2021\\\/03\\\/A-dozen-handmade-wooden-bird-eggs-in-a-box-Moon-Picnic-Erzi.jpg\",\"width\":675,\"height\":900,\"caption\":\"Une douzaine d'\u0153ufs d'oiseaux en bois dans une bo\u00eete - Moon Picnic &amp; Erzi\"},{\"@type\":\"BreadcrumbList\",\"@id\":\"https:\\\/\\\/teiaeducation.ch\\\/fr\\\/produit\\\/douzaine-oeufs-oiseaux-en-bois-en-boite-moon-picnic\\\/#breadcrumb\",\"itemListElement\":[{\"@type\":\"ListItem\",\"position\":1,\"name\":\"Home\",\"item\":\"https:\\\/\\\/teiaeducation.ch\\\/fr\\\/\"},{\"@type\":\"ListItem\",\"position\":2,\"name\":\"Boutique Teia Education &amp; Play\",\"item\":\"https:\\\/\\\/teiaeducation.ch\\\/fr\\\/boutique\\\/\"},{\"@type\":\"ListItem\",\"position\":3,\"name\":\"Domaines du Curriculum\",\"item\":\"https:\\\/\\\/teiaeducation.ch\\\/fr\\\/categorie-produit\\\/domaines-du-curriculum\\\/\"},{\"@type\":\"ListItem\",\"position\":4,\"name\":\"Alphab\u00e9tisation &amp; Langage\",\"item\":\"https:\\\/\\\/teiaeducation.ch\\\/fr\\\/categorie-produit\\\/domaines-du-curriculum\\\/alphabetisation-langage\\\/\"},{\"@type\":\"ListItem\",\"position\":5,\"name\":\"Classification\",\"item\":\"https:\\\/\\\/teiaeducation.ch\\\/fr\\\/categorie-produit\\\/domaines-du-curriculum\\\/alphabetisation-langage\\\/classification-fr\\\/\"},{\"@type\":\"ListItem\",\"position\":6,\"name\":\"Une douzaine d&#8217;\u0153ufs d&#8217;oiseaux en bois dans une bo\u00eete &#8211; Moon Picnic\"}]},{\"@type\":\"WebSite\",\"@id\":\"https:\\\/\\\/teiaeducation.ch\\\/fr\\\/#website\",\"url\":\"https:\\\/\\\/teiaeducation.ch\\\/fr\\\/\",\"name\":\"Sustainable Educational Products &amp; Ecological Toys\u00a0\",\"description\":\"Specialised Swiss shop selling sustainable educational toys and games, AMI certified Montessori materials, handmade ecological wooden Waldorf toys and arts &amp; crafts supplies, school supplies, children&#039;s furniture and Montessori reference and parenting books.\",\"publisher\":{\"@id\":\"https:\\\/\\\/teiaeducation.ch\\\/fr\\\/#organization\"},\"alternateName\":\"Teia Education & Play\",\"potentialAction\":[{\"@type\":\"SearchAction\",\"target\":{\"@type\":\"EntryPoint\",\"urlTemplate\":\"https:\\\/\\\/teiaeducation.ch\\\/fr\\\/?s={search_term_string}\"},\"query-input\":{\"@type\":\"PropertyValueSpecification\",\"valueRequired\":true,\"valueName\":\"search_term_string\"}}],\"inLanguage\":\"fr-FR\"},{\"@type\":\"Organization\",\"@id\":\"https:\\\/\\\/teiaeducation.ch\\\/fr\\\/#organization\",\"name\":\"Teia Education & Play\",\"url\":\"https:\\\/\\\/teiaeducation.ch\\\/fr\\\/\",\"logo\":{\"@type\":\"ImageObject\",\"inLanguage\":\"fr-FR\",\"@id\":\"https:\\\/\\\/teiaeducation.ch\\\/fr\\\/#\\\/schema\\\/logo\\\/image\\\/\",\"url\":\"https:\\\/\\\/teiaeducation.ch\\\/wp-content\\\/uploads\\\/2020\\\/11\\\/Teia-Education-Switzerland-e1620156442216.jpg\",\"contentUrl\":\"https:\\\/\\\/teiaeducation.ch\\\/wp-content\\\/uploads\\\/2020\\\/11\\\/Teia-Education-Switzerland-e1620156442216.jpg\",\"width\":166,\"height\":145,\"caption\":\"Teia Education & Play\"},\"image\":{\"@id\":\"https:\\\/\\\/teiaeducation.ch\\\/fr\\\/#\\\/schema\\\/logo\\\/image\\\/\"},\"sameAs\":[\"https:\\\/\\\/www.facebook.com\\\/teiaeducation\\\/\",\"https:\\\/\\\/x.com\\\/EducationTeia\",\"https:\\\/\\\/www.instagram.com\\\/teia.education\\\/\",\"https:\\\/\\\/www.linkedin.com\\\/company\\\/35501660\",\"https:\\\/\\\/www.pinterest.ch\\\/TeiaEducation\\\/\"]}]}<\/script>\n<!-- \/ Yoast SEO plugin. -->","yoast_head_json":{"title":"Une douzaine d'\u0153ufs d'oiseaux en bois dans une bo\u00eete - Moon Picnic - Teia Education & Play","description":"Le magnifique ensemble de 12 \u0153ufs d'oiseaux en bois faits main de Moon Picnic est fabriqu\u00e9 par Erzi et con\u00e7u pour aider les enfants \u00e0 apprendre par le jeu tactile et sensoriel.","robots":{"index":"index","follow":"follow","max-snippet":"max-snippet:-1","max-image-preview":"max-image-preview:large","max-video-preview":"max-video-preview:-1"},"canonical":"https:\/\/teiaeducation.ch\/fr\/produit\/douzaine-oeufs-oiseaux-en-bois-en-boite-moon-picnic\/","og_locale":"fr_FR","og_type":"article","og_title":"Une douzaine d'\u0153ufs d'oiseaux en bois dans une bo\u00eete - Moon Picnic - Teia Education & Play","og_description":"Le magnifique ensemble de 12 \u0153ufs d'oiseaux en bois faits main de Moon Picnic est fabriqu\u00e9 par Erzi et con\u00e7u pour aider les enfants \u00e0 apprendre par le jeu tactile et sensoriel.","og_url":"https:\/\/teiaeducation.ch\/fr\/produit\/douzaine-oeufs-oiseaux-en-bois-en-boite-moon-picnic\/","og_site_name":"Sustainable Educational Products &amp; Ecological Toys\u00a0","article_publisher":"https:\/\/www.facebook.com\/teiaeducation\/","article_modified_time":"2023-09-05T06:40:15+00:00","og_image":[{"width":675,"height":900,"url":"https:\/\/teiaeducation.ch\/wp-content\/uploads\/2021\/03\/A-dozen-handmade-wooden-bird-eggs-in-a-box-Moon-Picnic-Erzi.jpg","type":"image\/jpeg"}],"schema":{"@context":"https:\/\/schema.org","@graph":[{"@type":"WebPage","@id":"https:\/\/teiaeducation.ch\/fr\/produit\/douzaine-oeufs-oiseaux-en-bois-en-boite-moon-picnic\/","url":"https:\/\/teiaeducation.ch\/fr\/produit\/douzaine-oeufs-oiseaux-en-bois-en-boite-moon-picnic\/","name":"Une douzaine d'\u0153ufs d'oiseaux en bois dans une bo\u00eete - Moon Picnic - Teia Education & Play","isPartOf":{"@id":"https:\/\/teiaeducation.ch\/fr\/#website"},"primaryImageOfPage":{"@id":"https:\/\/teiaeducation.ch\/fr\/produit\/douzaine-oeufs-oiseaux-en-bois-en-boite-moon-picnic\/#primaryimage"},"image":{"@id":"https:\/\/teiaeducation.ch\/fr\/produit\/douzaine-oeufs-oiseaux-en-bois-en-boite-moon-picnic\/#primaryimage"},"thumbnailUrl":"https:\/\/teiaeducation.ch\/wp-content\/uploads\/2021\/03\/A-dozen-handmade-wooden-bird-eggs-in-a-box-Moon-Picnic-Erzi.jpg","datePublished":"2021-03-12T15:41:59+00:00","dateModified":"2023-09-05T06:40:15+00:00","description":"Le magnifique ensemble de 12 \u0153ufs d'oiseaux en bois faits main de Moon Picnic est fabriqu\u00e9 par Erzi et con\u00e7u pour aider les enfants \u00e0 apprendre par le jeu tactile et sensoriel.","breadcrumb":{"@id":"https:\/\/teiaeducation.ch\/fr\/produit\/douzaine-oeufs-oiseaux-en-bois-en-boite-moon-picnic\/#breadcrumb"},"inLanguage":"fr-FR","potentialAction":[{"@type":"ReadAction","target":["https:\/\/teiaeducation.ch\/fr\/produit\/douzaine-oeufs-oiseaux-en-bois-en-boite-moon-picnic\/"]}]},{"@type":"ImageObject","inLanguage":"fr-FR","@id":"https:\/\/teiaeducation.ch\/fr\/produit\/douzaine-oeufs-oiseaux-en-bois-en-boite-moon-picnic\/#primaryimage","url":"https:\/\/teiaeducation.ch\/wp-content\/uploads\/2021\/03\/A-dozen-handmade-wooden-bird-eggs-in-a-box-Moon-Picnic-Erzi.jpg","contentUrl":"https:\/\/teiaeducation.ch\/wp-content\/uploads\/2021\/03\/A-dozen-handmade-wooden-bird-eggs-in-a-box-Moon-Picnic-Erzi.jpg","width":675,"height":900,"caption":"Une douzaine d'\u0153ufs d'oiseaux en bois dans une bo\u00eete - Moon Picnic &amp; Erzi"},{"@type":"BreadcrumbList","@id":"https:\/\/teiaeducation.ch\/fr\/produit\/douzaine-oeufs-oiseaux-en-bois-en-boite-moon-picnic\/#breadcrumb","itemListElement":[{"@type":"ListItem","position":1,"name":"Home","item":"https:\/\/teiaeducation.ch\/fr\/"},{"@type":"ListItem","position":2,"name":"Boutique Teia Education &amp; Play","item":"https:\/\/teiaeducation.ch\/fr\/boutique\/"},{"@type":"ListItem","position":3,"name":"Domaines du Curriculum","item":"https:\/\/teiaeducation.ch\/fr\/categorie-produit\/domaines-du-curriculum\/"},{"@type":"ListItem","position":4,"name":"Alphab\u00e9tisation &amp; Langage","item":"https:\/\/teiaeducation.ch\/fr\/categorie-produit\/domaines-du-curriculum\/alphabetisation-langage\/"},{"@type":"ListItem","position":5,"name":"Classification","item":"https:\/\/teiaeducation.ch\/fr\/categorie-produit\/domaines-du-curriculum\/alphabetisation-langage\/classification-fr\/"},{"@type":"ListItem","position":6,"name":"Une douzaine d&#8217;\u0153ufs d&#8217;oiseaux en bois dans une bo\u00eete &#8211; Moon Picnic"}]},{"@type":"WebSite","@id":"https:\/\/teiaeducation.ch\/fr\/#website","url":"https:\/\/teiaeducation.ch\/fr\/","name":"Sustainable Educational Products &amp; Ecological Toys\u00a0","description":"Specialised Swiss shop selling sustainable educational toys and games, AMI certified Montessori materials, handmade ecological wooden Waldorf toys and arts &amp; crafts supplies, school supplies, children&#039;s furniture and Montessori reference and parenting books.","publisher":{"@id":"https:\/\/teiaeducation.ch\/fr\/#organization"},"alternateName":"Teia Education & Play","potentialAction":[{"@type":"SearchAction","target":{"@type":"EntryPoint","urlTemplate":"https:\/\/teiaeducation.ch\/fr\/?s={search_term_string}"},"query-input":{"@type":"PropertyValueSpecification","valueRequired":true,"valueName":"search_term_string"}}],"inLanguage":"fr-FR"},{"@type":"Organization","@id":"https:\/\/teiaeducation.ch\/fr\/#organization","name":"Teia Education & Play","url":"https:\/\/teiaeducation.ch\/fr\/","logo":{"@type":"ImageObject","inLanguage":"fr-FR","@id":"https:\/\/teiaeducation.ch\/fr\/#\/schema\/logo\/image\/","url":"https:\/\/teiaeducation.ch\/wp-content\/uploads\/2020\/11\/Teia-Education-Switzerland-e1620156442216.jpg","contentUrl":"https:\/\/teiaeducation.ch\/wp-content\/uploads\/2020\/11\/Teia-Education-Switzerland-e1620156442216.jpg","width":166,"height":145,"caption":"Teia Education & Play"},"image":{"@id":"https:\/\/teiaeducation.ch\/fr\/#\/schema\/logo\/image\/"},"sameAs":["https:\/\/www.facebook.com\/teiaeducation\/","https:\/\/x.com\/EducationTeia","https:\/\/www.instagram.com\/teia.education\/","https:\/\/www.linkedin.com\/company\/35501660","https:\/\/www.pinterest.ch\/TeiaEducation\/"]}]}},"_links":{"self":[{"href":"https:\/\/teiaeducation.ch\/fr\/wp-json\/wp\/v2\/product\/36102","targetHints":{"allow":["GET"]}}],"collection":[{"href":"https:\/\/teiaeducation.ch\/fr\/wp-json\/wp\/v2\/product"}],"about":[{"href":"https:\/\/teiaeducation.ch\/fr\/wp-json\/wp\/v2\/types\/product"}],"replies":[{"embeddable":true,"href":"https:\/\/teiaeducation.ch\/fr\/wp-json\/wp\/v2\/comments?post=36102"}],"wp:featuredmedia":[{"embeddable":true,"href":"https:\/\/teiaeducation.ch\/fr\/wp-json\/wp\/v2\/media\/34320"}],"wp:attachment":[{"href":"https:\/\/teiaeducation.ch\/fr\/wp-json\/wp\/v2\/media?parent=36102"}],"wp:term":[{"taxonomy":"product_brand","embeddable":true,"href":"https:\/\/teiaeducation.ch\/fr\/wp-json\/wp\/v2\/product_brand?post=36102"},{"taxonomy":"product_cat","embeddable":true,"href":"https:\/\/teiaeducation.ch\/fr\/wp-json\/wp\/v2\/product_cat?post=36102"},{"taxonomy":"product_tag","embeddable":true,"href":"https:\/\/teiaeducation.ch\/fr\/wp-json\/wp\/v2\/product_tag?post=36102"}],"curies":[{"name":"wp","href":"https:\/\/api.w.org\/{rel}","templated":true}]}}