{"id":36103,"date":"2021-03-12T17:11:17","date_gmt":"2021-03-12T16:11:17","guid":{"rendered":"https:\/\/teiaeducation.ch\/product\/champignons-forestiers-en-bois-dans-une-boite-moon-picnic\/"},"modified":"2024-09-18T23:00:23","modified_gmt":"2024-09-18T21:00:23","slug":"champignons-forestiers-en-bois-en-boite-moon-picnic","status":"publish","type":"product","link":"https:\/\/teiaeducation.ch\/fr\/produit\/champignons-forestiers-en-bois-en-boite-moon-picnic\/","title":{"rendered":"Champignons forestiers en bois dans une bo\u00eete &#8211; Moon Picnic"},"content":{"rendered":"<p>Champignons forestiers en bois faits main dans une bo\u00eete &#8211; Moon Picnic &amp; Erzi<\/p>\n<p>Le magnifique ensemble de 15 champignons forestiers en bois de Moon Picnic est con\u00e7u pour aider les enfants \u00e0 apprendre par le jeu tactile et sensoriel. Transformez n&#8217;importe quelle pi\u00e8ce ou jardin en une for\u00eat enchant\u00e9e lorsque votre enfant cherche ces adorables champignons, ou cr\u00e9ez une magnifique table d&#8217;exposition saisonni\u00e8re.<\/p>\n<p>Les champignons sont id\u00e9aux pour que les petites mains puissent les tenir et sentir la chaleur et les courbes du bois. Les enfants adorent les compter et les trier par taille, et les utiliser dans des jeux de r\u00f4le imaginatifs. Ils sont parfaits pour l&#8217;\u00e9ducation pr\u00e9coce Montessori et Waldorf.<\/p>\n<p>Ces champignons en bois merveilleusement r\u00e9alistes encouragent les enfants \u00e0 observer et \u00e0 inspecter leurs formes et tailles \u00e9tonnamment vari\u00e9es et favorisent l&#8217;amour de la nature chez votre enfant.<\/p>\n<p>Les 15 champignons en bois de diff\u00e9rentes tailles et formes sont magnifiquement fabriqu\u00e9s \u00e0 la main \u00e0 partir de bois de h\u00eatre massif et d\u00e9licatement peints \u00e0 la main avec une peinture non toxique \u00e0 base d&#8217;eau. Ils sont fabriqu\u00e9s en Allemagne dans le cadre d&#8217;une collaboration sp\u00e9ciale entre Moon Picnic et <a href=\"https:\/\/teiaeducation.ch\/product-category\/brands\/erzi\/\">Erzi<\/a> et sont merveilleux en tant que jouets et d\u00e9corations.<\/p>\n<p>Les champignons mesurent entre 3,8 et 7,6 cm de long et conviennent aux enfants de 3 ans et plus. Ils sont pr\u00e9sent\u00e9s dans une jolie bo\u00eete en carton imprim\u00e9e.<\/p>\n<p>Moon Picnic est une petite marque am\u00e9ricaine qui cr\u00e9e des jouets uniques, naturels et magnifiques, con\u00e7us pour inciter les enfants et toute la famille \u00e0 jouer de mani\u00e8re cr\u00e9ative et imaginative. Ces jouets \u00e9ducatifs et amusants font appel aux sens des enfants et encouragent l&#8217;amour de la nature et de l&#8217;apprentissage.<\/p>\n<p>Les jouets Moon Picnic sont fabriqu\u00e9s selon les normes les plus strictes, \u00e0 partir de mat\u00e9riaux naturels provenant de sources durables et de peintures non toxiques \u00e0 base d&#8217;eau. Ils sont principalement fabriqu\u00e9s en Allemagne et au Vietnam et peints \u00e0 la main.<\/p>\n<p>Avertissement : Risque d&#8217;\u00e9touffement &#8211; contient de petites pi\u00e8ces.<\/p>\n<p>Contenu :<\/p>\n<p>15 champignons en bois dans une bo\u00eete<\/p>\n","protected":false},"excerpt":{"rendered":"<p>Num\u00e9ro d&#8217;article: <span class=\"sku\">MP2147<\/span><\/p>\n<p>Le magnifique ensemble de 15 champignons en bois de Moon Picnic est fabriqu\u00e9 \u00e0 la main par Erzi et con\u00e7u pour aider les enfants \u00e0 apprendre par le jeu tactile et sensoriel.<\/p>\n","protected":false},"featured_media":34330,"comment_status":"open","ping_status":"closed","template":"","meta":[],"product_brand":[],"product_cat":[215,285,601,16898,17225,22344,284,283,17210,17209,593,17241,18913,603,13130,626,23020,13140,13142,638,288,18963,217,17235,5851,209,625,212],"product_tag":[19317,19319,19320,8625,18116,19322,6714,19279,19316,19321,19318],"class_list":{"0":"post-36103","1":"product","2":"type-product","3":"status-publish","4":"has-post-thumbnail","6":"product_cat-3-6-ans","7":"product_cat-alphabetisation-langage","8":"product_cat-classification-fr","9":"product_cat-collection-automne","10":"product_cat-celebrations-fr","11":"product_cat-collections-saisonnieres","12":"product_cat-culture-sciences","13":"product_cat-domaines-du-curriculum","14":"product_cat-epiceries-cuisines-accessoires","15":"product_cat-erzi-fr","16":"product_cat-etudes-botaniques","17":"product_cat-guide-cadeaux-3-6-ans","18":"product_cat-jeu-de-la-nature","19":"product_cat-jeux-de-discrimination-fr","20":"product_cat-jouer","21":"product_cat-jouets-a-trier","22":"product_cat-jouets-en-bois","23":"product_cat-jeu-libre","24":"product_cat-jeu-sensoriel","25":"product_cat-sens","26":"product_cat-mathematiques-calcul","27":"product_cat-moon-picnic-fr","28":"product_cat-marques","29":"product_cat-nourriture-de-jeu-realiste-en-bois","30":"product_cat-nouveautes","31":"product_cat-sensorielles-motrices","32":"product_cat-taille","33":"product_cat-tranche-dage","34":"product_tag-champignons-en-bois","35":"product_tag-champignons-en-bois-realistes","36":"product_tag-erzi-champignons","37":"product_tag-fabrique-en-allemagne","38":"product_tag-jeu-imaginatif","39":"product_tag-jeu-sur-le-theme-de-la-foret","40":"product_tag-jouets-en-bois-faits-a-la-main","41":"product_tag-moon-picnic-fr","42":"product_tag-moon-picnic-champignons-forestiers","43":"product_tag-objets-de-table-nature-en-bois","44":"product_tag-tabourets-de-crapauds-en-bois","46":"first","47":"instock","48":"taxable","49":"shipping-taxable","50":"purchasable","51":"product-type-simple"},"yoast_head":"<!-- This site is optimized with the Yoast SEO Premium plugin v25.8 (Yoast SEO v27.4) - https:\/\/yoast.com\/product\/yoast-seo-premium-wordpress\/ -->\n<title>Champignons forestiers en bois dans une bo\u00eete - Moon Picnic - Teia Education &amp; Play<\/title>\n<meta name=\"description\" content=\"Le magnifique ensemble de 15 champignons forestiers en bois de Moon Picnic est fabriqu\u00e9 \u00e0 la main par Erzi et con\u00e7u pour aider les enfants \u00e0 apprendre par le jeu tactile et sensoriel.\" \/>\n<meta name=\"robots\" content=\"index, follow, max-snippet:-1, max-image-preview:large, max-video-preview:-1\" \/>\n<link rel=\"canonical\" href=\"https:\/\/teiaeducation.ch\/fr\/produit\/champignons-forestiers-en-bois-en-boite-moon-picnic\/\" \/>\n<meta property=\"og:locale\" content=\"fr_FR\" \/>\n<meta property=\"og:type\" content=\"article\" \/>\n<meta property=\"og:title\" content=\"Champignons forestiers en bois dans une bo\u00eete - Moon Picnic\" \/>\n<meta property=\"og:description\" content=\"Le magnifique ensemble de 15 champignons forestiers en bois de Moon Picnic est fabriqu\u00e9 \u00e0 la main par Erzi et con\u00e7u pour aider les enfants \u00e0 apprendre par le jeu tactile et sensoriel.\" \/>\n<meta property=\"og:url\" content=\"https:\/\/teiaeducation.ch\/fr\/produit\/champignons-forestiers-en-bois-en-boite-moon-picnic\/\" \/>\n<meta property=\"og:site_name\" content=\"Sustainable Educational Products &amp; Ecological Toys\u00a0\" \/>\n<meta property=\"article:publisher\" content=\"https:\/\/www.facebook.com\/teiaeducation\/\" \/>\n<meta property=\"article:modified_time\" content=\"2024-09-18T21:00:23+00:00\" \/>\n<meta property=\"og:image\" content=\"https:\/\/teiaeducation.ch\/wp-content\/uploads\/2021\/03\/Handmade-wooden-forest-mushrooms-in-a-box-Moon-Picnic-Erzi.jpg\" \/>\n\t<meta property=\"og:image:width\" content=\"1080\" \/>\n\t<meta property=\"og:image:height\" content=\"1440\" \/>\n\t<meta property=\"og:image:type\" content=\"image\/jpeg\" \/>\n<script type=\"application\/ld+json\" class=\"yoast-schema-graph\">{\"@context\":\"https:\\\/\\\/schema.org\",\"@graph\":[{\"@type\":\"WebPage\",\"@id\":\"https:\\\/\\\/teiaeducation.ch\\\/fr\\\/produit\\\/champignons-forestiers-en-bois-en-boite-moon-picnic\\\/\",\"url\":\"https:\\\/\\\/teiaeducation.ch\\\/fr\\\/produit\\\/champignons-forestiers-en-bois-en-boite-moon-picnic\\\/\",\"name\":\"Champignons forestiers en bois dans une bo\u00eete - Moon Picnic - Teia Education & Play\",\"isPartOf\":{\"@id\":\"https:\\\/\\\/teiaeducation.ch\\\/fr\\\/#website\"},\"primaryImageOfPage\":{\"@id\":\"https:\\\/\\\/teiaeducation.ch\\\/fr\\\/produit\\\/champignons-forestiers-en-bois-en-boite-moon-picnic\\\/#primaryimage\"},\"image\":{\"@id\":\"https:\\\/\\\/teiaeducation.ch\\\/fr\\\/produit\\\/champignons-forestiers-en-bois-en-boite-moon-picnic\\\/#primaryimage\"},\"thumbnailUrl\":\"https:\\\/\\\/teiaeducation.ch\\\/wp-content\\\/uploads\\\/2021\\\/03\\\/Handmade-wooden-forest-mushrooms-in-a-box-Moon-Picnic-Erzi.jpg\",\"datePublished\":\"2021-03-12T16:11:17+00:00\",\"dateModified\":\"2024-09-18T21:00:23+00:00\",\"description\":\"Le magnifique ensemble de 15 champignons forestiers en bois de Moon Picnic est fabriqu\u00e9 \u00e0 la main par Erzi et con\u00e7u pour aider les enfants \u00e0 apprendre par le jeu tactile et sensoriel.\",\"breadcrumb\":{\"@id\":\"https:\\\/\\\/teiaeducation.ch\\\/fr\\\/produit\\\/champignons-forestiers-en-bois-en-boite-moon-picnic\\\/#breadcrumb\"},\"inLanguage\":\"fr-FR\",\"potentialAction\":[{\"@type\":\"ReadAction\",\"target\":[\"https:\\\/\\\/teiaeducation.ch\\\/fr\\\/produit\\\/champignons-forestiers-en-bois-en-boite-moon-picnic\\\/\"]}]},{\"@type\":\"ImageObject\",\"inLanguage\":\"fr-FR\",\"@id\":\"https:\\\/\\\/teiaeducation.ch\\\/fr\\\/produit\\\/champignons-forestiers-en-bois-en-boite-moon-picnic\\\/#primaryimage\",\"url\":\"https:\\\/\\\/teiaeducation.ch\\\/wp-content\\\/uploads\\\/2021\\\/03\\\/Handmade-wooden-forest-mushrooms-in-a-box-Moon-Picnic-Erzi.jpg\",\"contentUrl\":\"https:\\\/\\\/teiaeducation.ch\\\/wp-content\\\/uploads\\\/2021\\\/03\\\/Handmade-wooden-forest-mushrooms-in-a-box-Moon-Picnic-Erzi.jpg\",\"width\":1080,\"height\":1440,\"caption\":\"Champignons forestiers en bois faits main dans une bo\u00eete - Moon Picnic &amp; Erzi\"},{\"@type\":\"BreadcrumbList\",\"@id\":\"https:\\\/\\\/teiaeducation.ch\\\/fr\\\/produit\\\/champignons-forestiers-en-bois-en-boite-moon-picnic\\\/#breadcrumb\",\"itemListElement\":[{\"@type\":\"ListItem\",\"position\":1,\"name\":\"Home\",\"item\":\"https:\\\/\\\/teiaeducation.ch\\\/fr\\\/\"},{\"@type\":\"ListItem\",\"position\":2,\"name\":\"Boutique Teia Education &amp; Play\",\"item\":\"https:\\\/\\\/teiaeducation.ch\\\/fr\\\/boutique\\\/\"},{\"@type\":\"ListItem\",\"position\":3,\"name\":\"Domaines du Curriculum\",\"item\":\"https:\\\/\\\/teiaeducation.ch\\\/fr\\\/categorie-produit\\\/domaines-du-curriculum\\\/\"},{\"@type\":\"ListItem\",\"position\":4,\"name\":\"Alphab\u00e9tisation &amp; Langage\",\"item\":\"https:\\\/\\\/teiaeducation.ch\\\/fr\\\/categorie-produit\\\/domaines-du-curriculum\\\/alphabetisation-langage\\\/\"},{\"@type\":\"ListItem\",\"position\":5,\"name\":\"Classification\",\"item\":\"https:\\\/\\\/teiaeducation.ch\\\/fr\\\/categorie-produit\\\/domaines-du-curriculum\\\/alphabetisation-langage\\\/classification-fr\\\/\"},{\"@type\":\"ListItem\",\"position\":6,\"name\":\"Champignons forestiers en bois dans une bo\u00eete &#8211; Moon Picnic\"}]},{\"@type\":\"WebSite\",\"@id\":\"https:\\\/\\\/teiaeducation.ch\\\/fr\\\/#website\",\"url\":\"https:\\\/\\\/teiaeducation.ch\\\/fr\\\/\",\"name\":\"Sustainable Educational Products &amp; Ecological Toys\u00a0\",\"description\":\"Specialised Swiss shop selling sustainable educational toys and games, AMI certified Montessori materials, handmade ecological wooden Waldorf toys and arts &amp; crafts supplies, school supplies, children&#039;s furniture and Montessori reference and parenting books.\",\"publisher\":{\"@id\":\"https:\\\/\\\/teiaeducation.ch\\\/fr\\\/#organization\"},\"alternateName\":\"Teia Education & Play\",\"potentialAction\":[{\"@type\":\"SearchAction\",\"target\":{\"@type\":\"EntryPoint\",\"urlTemplate\":\"https:\\\/\\\/teiaeducation.ch\\\/fr\\\/?s={search_term_string}\"},\"query-input\":{\"@type\":\"PropertyValueSpecification\",\"valueRequired\":true,\"valueName\":\"search_term_string\"}}],\"inLanguage\":\"fr-FR\"},{\"@type\":\"Organization\",\"@id\":\"https:\\\/\\\/teiaeducation.ch\\\/fr\\\/#organization\",\"name\":\"Teia Education & Play\",\"url\":\"https:\\\/\\\/teiaeducation.ch\\\/fr\\\/\",\"logo\":{\"@type\":\"ImageObject\",\"inLanguage\":\"fr-FR\",\"@id\":\"https:\\\/\\\/teiaeducation.ch\\\/fr\\\/#\\\/schema\\\/logo\\\/image\\\/\",\"url\":\"https:\\\/\\\/teiaeducation.ch\\\/wp-content\\\/uploads\\\/2020\\\/11\\\/Teia-Education-Switzerland-e1620156442216.jpg\",\"contentUrl\":\"https:\\\/\\\/teiaeducation.ch\\\/wp-content\\\/uploads\\\/2020\\\/11\\\/Teia-Education-Switzerland-e1620156442216.jpg\",\"width\":166,\"height\":145,\"caption\":\"Teia Education & Play\"},\"image\":{\"@id\":\"https:\\\/\\\/teiaeducation.ch\\\/fr\\\/#\\\/schema\\\/logo\\\/image\\\/\"},\"sameAs\":[\"https:\\\/\\\/www.facebook.com\\\/teiaeducation\\\/\",\"https:\\\/\\\/x.com\\\/EducationTeia\",\"https:\\\/\\\/www.instagram.com\\\/teia.education\\\/\",\"https:\\\/\\\/www.linkedin.com\\\/company\\\/35501660\",\"https:\\\/\\\/www.pinterest.ch\\\/TeiaEducation\\\/\"]}]}<\/script>\n<meta property=\"product:price:amount\" content=\"64.90\" \/>\n<meta property=\"product:price:currency\" content=\"CHF\" \/>\n<meta property=\"og:availability\" content=\"instock\" \/>\n<meta property=\"product:availability\" content=\"instock\" \/>\n<meta property=\"product:retailer_item_id\" content=\"00000000000000000000000000000000000000000000034186\" \/>\n<meta property=\"product:condition\" content=\"new\" \/>\n<!-- \/ Yoast SEO Premium plugin. -->","yoast_head_json":{"title":"Champignons forestiers en bois dans une bo\u00eete - Moon Picnic - Teia Education & Play","description":"Le magnifique ensemble de 15 champignons forestiers en bois de Moon Picnic est fabriqu\u00e9 \u00e0 la main par Erzi et con\u00e7u pour aider les enfants \u00e0 apprendre par le jeu tactile et sensoriel.","robots":{"index":"index","follow":"follow","max-snippet":"max-snippet:-1","max-image-preview":"max-image-preview:large","max-video-preview":"max-video-preview:-1"},"canonical":"https:\/\/teiaeducation.ch\/fr\/produit\/champignons-forestiers-en-bois-en-boite-moon-picnic\/","og_locale":"fr_FR","og_type":"article","og_title":"Champignons forestiers en bois dans une bo\u00eete - Moon Picnic","og_description":"Le magnifique ensemble de 15 champignons forestiers en bois de Moon Picnic est fabriqu\u00e9 \u00e0 la main par Erzi et con\u00e7u pour aider les enfants \u00e0 apprendre par le jeu tactile et sensoriel.","og_url":"https:\/\/teiaeducation.ch\/fr\/produit\/champignons-forestiers-en-bois-en-boite-moon-picnic\/","og_site_name":"Sustainable Educational Products &amp; Ecological Toys\u00a0","article_publisher":"https:\/\/www.facebook.com\/teiaeducation\/","article_modified_time":"2024-09-18T21:00:23+00:00","og_image":[{"width":1080,"height":1440,"url":"https:\/\/teiaeducation.ch\/wp-content\/uploads\/2021\/03\/Handmade-wooden-forest-mushrooms-in-a-box-Moon-Picnic-Erzi.jpg","type":"image\/jpeg"}],"schema":{"@context":"https:\/\/schema.org","@graph":[{"@type":"WebPage","@id":"https:\/\/teiaeducation.ch\/fr\/produit\/champignons-forestiers-en-bois-en-boite-moon-picnic\/","url":"https:\/\/teiaeducation.ch\/fr\/produit\/champignons-forestiers-en-bois-en-boite-moon-picnic\/","name":"Champignons forestiers en bois dans une bo\u00eete - Moon Picnic - Teia Education & Play","isPartOf":{"@id":"https:\/\/teiaeducation.ch\/fr\/#website"},"primaryImageOfPage":{"@id":"https:\/\/teiaeducation.ch\/fr\/produit\/champignons-forestiers-en-bois-en-boite-moon-picnic\/#primaryimage"},"image":{"@id":"https:\/\/teiaeducation.ch\/fr\/produit\/champignons-forestiers-en-bois-en-boite-moon-picnic\/#primaryimage"},"thumbnailUrl":"https:\/\/teiaeducation.ch\/wp-content\/uploads\/2021\/03\/Handmade-wooden-forest-mushrooms-in-a-box-Moon-Picnic-Erzi.jpg","datePublished":"2021-03-12T16:11:17+00:00","dateModified":"2024-09-18T21:00:23+00:00","description":"Le magnifique ensemble de 15 champignons forestiers en bois de Moon Picnic est fabriqu\u00e9 \u00e0 la main par Erzi et con\u00e7u pour aider les enfants \u00e0 apprendre par le jeu tactile et sensoriel.","breadcrumb":{"@id":"https:\/\/teiaeducation.ch\/fr\/produit\/champignons-forestiers-en-bois-en-boite-moon-picnic\/#breadcrumb"},"inLanguage":"fr-FR","potentialAction":[{"@type":"ReadAction","target":["https:\/\/teiaeducation.ch\/fr\/produit\/champignons-forestiers-en-bois-en-boite-moon-picnic\/"]}]},{"@type":"ImageObject","inLanguage":"fr-FR","@id":"https:\/\/teiaeducation.ch\/fr\/produit\/champignons-forestiers-en-bois-en-boite-moon-picnic\/#primaryimage","url":"https:\/\/teiaeducation.ch\/wp-content\/uploads\/2021\/03\/Handmade-wooden-forest-mushrooms-in-a-box-Moon-Picnic-Erzi.jpg","contentUrl":"https:\/\/teiaeducation.ch\/wp-content\/uploads\/2021\/03\/Handmade-wooden-forest-mushrooms-in-a-box-Moon-Picnic-Erzi.jpg","width":1080,"height":1440,"caption":"Champignons forestiers en bois faits main dans une bo\u00eete - Moon Picnic &amp; Erzi"},{"@type":"BreadcrumbList","@id":"https:\/\/teiaeducation.ch\/fr\/produit\/champignons-forestiers-en-bois-en-boite-moon-picnic\/#breadcrumb","itemListElement":[{"@type":"ListItem","position":1,"name":"Home","item":"https:\/\/teiaeducation.ch\/fr\/"},{"@type":"ListItem","position":2,"name":"Boutique Teia Education &amp; Play","item":"https:\/\/teiaeducation.ch\/fr\/boutique\/"},{"@type":"ListItem","position":3,"name":"Domaines du Curriculum","item":"https:\/\/teiaeducation.ch\/fr\/categorie-produit\/domaines-du-curriculum\/"},{"@type":"ListItem","position":4,"name":"Alphab\u00e9tisation &amp; Langage","item":"https:\/\/teiaeducation.ch\/fr\/categorie-produit\/domaines-du-curriculum\/alphabetisation-langage\/"},{"@type":"ListItem","position":5,"name":"Classification","item":"https:\/\/teiaeducation.ch\/fr\/categorie-produit\/domaines-du-curriculum\/alphabetisation-langage\/classification-fr\/"},{"@type":"ListItem","position":6,"name":"Champignons forestiers en bois dans une bo\u00eete &#8211; Moon Picnic"}]},{"@type":"WebSite","@id":"https:\/\/teiaeducation.ch\/fr\/#website","url":"https:\/\/teiaeducation.ch\/fr\/","name":"Sustainable Educational Products &amp; Ecological Toys\u00a0","description":"Specialised Swiss shop selling sustainable educational toys and games, AMI certified Montessori materials, handmade ecological wooden Waldorf toys and arts &amp; crafts supplies, school supplies, children&#039;s furniture and Montessori reference and parenting books.","publisher":{"@id":"https:\/\/teiaeducation.ch\/fr\/#organization"},"alternateName":"Teia Education & Play","potentialAction":[{"@type":"SearchAction","target":{"@type":"EntryPoint","urlTemplate":"https:\/\/teiaeducation.ch\/fr\/?s={search_term_string}"},"query-input":{"@type":"PropertyValueSpecification","valueRequired":true,"valueName":"search_term_string"}}],"inLanguage":"fr-FR"},{"@type":"Organization","@id":"https:\/\/teiaeducation.ch\/fr\/#organization","name":"Teia Education & Play","url":"https:\/\/teiaeducation.ch\/fr\/","logo":{"@type":"ImageObject","inLanguage":"fr-FR","@id":"https:\/\/teiaeducation.ch\/fr\/#\/schema\/logo\/image\/","url":"https:\/\/teiaeducation.ch\/wp-content\/uploads\/2020\/11\/Teia-Education-Switzerland-e1620156442216.jpg","contentUrl":"https:\/\/teiaeducation.ch\/wp-content\/uploads\/2020\/11\/Teia-Education-Switzerland-e1620156442216.jpg","width":166,"height":145,"caption":"Teia Education & Play"},"image":{"@id":"https:\/\/teiaeducation.ch\/fr\/#\/schema\/logo\/image\/"},"sameAs":["https:\/\/www.facebook.com\/teiaeducation\/","https:\/\/x.com\/EducationTeia","https:\/\/www.instagram.com\/teia.education\/","https:\/\/www.linkedin.com\/company\/35501660","https:\/\/www.pinterest.ch\/TeiaEducation\/"]}]},"product_price_amount":"64.90","product_price_currency":"CHF","og_availability":"instock","product_availability":"instock","product_retailer_item_id":"00000000000000000000000000000000000000000000034186","product_condition":"new"},"_links":{"self":[{"href":"https:\/\/teiaeducation.ch\/fr\/wp-json\/wp\/v2\/product\/36103","targetHints":{"allow":["GET"]}}],"collection":[{"href":"https:\/\/teiaeducation.ch\/fr\/wp-json\/wp\/v2\/product"}],"about":[{"href":"https:\/\/teiaeducation.ch\/fr\/wp-json\/wp\/v2\/types\/product"}],"replies":[{"embeddable":true,"href":"https:\/\/teiaeducation.ch\/fr\/wp-json\/wp\/v2\/comments?post=36103"}],"wp:featuredmedia":[{"embeddable":true,"href":"https:\/\/teiaeducation.ch\/fr\/wp-json\/wp\/v2\/media\/34330"}],"wp:attachment":[{"href":"https:\/\/teiaeducation.ch\/fr\/wp-json\/wp\/v2\/media?parent=36103"}],"wp:term":[{"taxonomy":"product_brand","embeddable":true,"href":"https:\/\/teiaeducation.ch\/fr\/wp-json\/wp\/v2\/product_brand?post=36103"},{"taxonomy":"product_cat","embeddable":true,"href":"https:\/\/teiaeducation.ch\/fr\/wp-json\/wp\/v2\/product_cat?post=36103"},{"taxonomy":"product_tag","embeddable":true,"href":"https:\/\/teiaeducation.ch\/fr\/wp-json\/wp\/v2\/product_tag?post=36103"}],"curies":[{"name":"wp","href":"https:\/\/api.w.org\/{rel}","templated":true}]}}