{"id":36105,"date":"2022-09-22T10:57:08","date_gmt":"2022-09-22T08:57:08","guid":{"rendered":"https:\/\/teiaeducation.ch\/product\/point-de-croix-amis-lapins-moon-picnic\/"},"modified":"2021-11-26T14:00:01","modified_gmt":"2021-11-26T13:00:01","slug":"point-de-croix-lapin-moon-picnic","status":"publish","type":"product","link":"https:\/\/teiaeducation.ch\/fr\/produit\/point-de-croix-lapin-moon-picnic\/","title":{"rendered":"Point de croix amis lapins &#8211; Moon Picnic"},"content":{"rendered":"<p>Point de croix amis lapins &#8211; Moon Picnic<\/p>\n<p>Le point de croix Moon Picnic sur le th\u00e8me des amis lapins est une merveilleuse fa\u00e7on d&#8217;initier les enfants \u00e0 l&#8217;activit\u00e9 artisanale amusante et cr\u00e9ative qu&#8217;est le point de croix !<\/p>\n<p>Les enfants peuvent s&#8217;amuser \u00e0 apprendre les techniques du point de croix en cr\u00e9ant un pull pour le tr\u00e8s mignon lapin en bois.<\/p>\n<p>Cet adorable lapin est fabriqu\u00e9 au Vietnam \u00e0 partir de bois de h\u00eatre massif FSC durable et d&#8217;une impression non toxique. Le set comprend 1 planche en bois en forme de lapin, 2 couleurs al\u00e9atoires de fil 100% laine, 1 aiguille \u00e0 coudre en plastique sans danger pour les enfants et un livret de jeu avec un tutoriel et des mod\u00e8les de point de croix \u00e0 essayer.<\/p>\n<p>Le point de croix en bois Moon Picnic sur le th\u00e8me des amis lapins mesure 15,5 cm de haut. Il convient aux enfants de 3 ans et plus et est id\u00e9al pour d\u00e9velopper la <a href=\"https:\/\/teiaeducation.ch\/product-category\/learning-themes\/sensory-motor-skills\/motor-skills\/\">motricit\u00e9<\/a> fine et la cr\u00e9ativit\u00e9.<\/p>\n<p>Moon Picnic est une petite marque am\u00e9ricaine qui cr\u00e9e des jouets uniques, naturels et magnifiques, con\u00e7us pour inciter les enfants et toute la famille \u00e0 jouer de mani\u00e8re cr\u00e9ative et imaginative. Ces jouets \u00e9ducatifs et amusants font appel aux sens des enfants et encouragent l&#8217;amour de la nature et de l&#8217;apprentissage.<\/p>\n<p>Les jouets Moon Picnic sont fabriqu\u00e9s selon les normes les plus strictes, \u00e0 partir de mat\u00e9riaux naturels provenant de sources durables et de peintures non toxiques \u00e0 base d&#8217;eau. Ils sont principalement fabriqu\u00e9s en Allemagne et au Vietnam et peints \u00e0 la main.<\/p>\n<p>Contenu :<\/p>\n<p>1 planche en bois en forme de lapin<br \/>\n2 x fil de 100% de laine<br \/>\n1 aiguille en plastique pour enfants<br \/>\n1 livret d&#8217;instructions<\/p>\n","protected":false},"excerpt":{"rendered":"<p>Num\u00e9ro d&#8217;article: MP2135<\/p>\n<p>Le point de croix Moon Picnic sur le th\u00e8me des amis lapins est une merveilleuse fa\u00e7on d&#8217;initier les enfants \u00e0 l&#8217;activit\u00e9 artisanale amusante et cr\u00e9ative qu&#8217;est le point de croix !<\/p>\n","protected":false},"featured_media":34323,"comment_status":"open","ping_status":"closed","template":"","meta":[],"product_brand":[],"product_cat":[215,18893,22344,635,283,13145,17240,21257,22421,13130,23020,20648,13127,18963,217,5851,209,212],"product_tag":[19330,19328,19329,19279,19325,19324,19323,19326,19327],"class_list":{"0":"post-36105","1":"product","2":"type-product","3":"status-publish","4":"has-post-thumbnail","6":"product_cat-3-6-ans","7":"product_cat-collection-printemps","8":"product_cat-collections-saisonnieres","9":"product_cat-competences-motrices","10":"product_cat-domaines-du-curriculum","11":"product_cat-enfiler","12":"product_cat-guide-cadeaux-creatif","13":"product_cat-guides-cadeaux","14":"product_cat-idees-cadeaux-pour-paques","15":"product_cat-jouer","16":"product_cat-jouets-en-bois","17":"product_cat-kits-de-creation","18":"product_cat-creativite-beaux-arts-et-bricolage","19":"product_cat-moon-picnic-fr","20":"product_cat-marques","21":"product_cat-nouveautes","22":"product_cat-sensorielles-motrices","23":"product_cat-tranche-dage","24":"product_tag-activite-de-couture-pour-les-enfants","25":"product_tag-activite-de-point-de-croix-pour-les-enfants","26":"product_tag-jouet-de-bricolage-pour-les-enfants","27":"product_tag-moon-picnic-fr","28":"product_tag-point-de-croix-en-bois","29":"product_tag-point-de-croix-lapin","30":"product_tag-point-de-croix-lapin-moon-picnic","31":"product_tag-point-de-croix-pour-enfants","32":"product_tag-points-de-croix-pour-enfants","34":"first","35":"outofstock","36":"taxable","37":"shipping-taxable","38":"purchasable","39":"product-type-simple"},"yoast_head":"<!-- This site is optimized with the Yoast SEO plugin v27.1.1 - https:\/\/yoast.com\/product\/yoast-seo-wordpress\/ -->\n<title>Point de croix amis lapins - Moon Picnic - Teia Education &amp; Play<\/title>\n<meta name=\"description\" content=\"Le point de croix en bois Moon Picnic sur le th\u00e8me des amis lapins est une merveilleuse fa\u00e7on d&#039;initier les enfants \u00e0 l&#039;activit\u00e9 artisanale amusante et cr\u00e9ative qu&#039;est le point de croix !\" \/>\n<meta name=\"robots\" content=\"index, follow, max-snippet:-1, max-image-preview:large, max-video-preview:-1\" \/>\n<link rel=\"canonical\" href=\"https:\/\/teiaeducation.ch\/fr\/produit\/point-de-croix-lapin-moon-picnic\/\" \/>\n<meta property=\"og:locale\" content=\"fr_FR\" \/>\n<meta property=\"og:type\" content=\"article\" \/>\n<meta property=\"og:title\" content=\"Point de croix amis lapins - Moon Picnic - Teia Education &amp; Play\" \/>\n<meta property=\"og:description\" content=\"Le point de croix en bois Moon Picnic sur le th\u00e8me des amis lapins est une merveilleuse fa\u00e7on d&#039;initier les enfants \u00e0 l&#039;activit\u00e9 artisanale amusante et cr\u00e9ative qu&#039;est le point de croix !\" \/>\n<meta property=\"og:url\" content=\"https:\/\/teiaeducation.ch\/fr\/produit\/point-de-croix-lapin-moon-picnic\/\" \/>\n<meta property=\"og:site_name\" content=\"Sustainable Educational Products &amp; Ecological Toys\u00a0\" \/>\n<meta property=\"article:publisher\" content=\"https:\/\/www.facebook.com\/teiaeducation\/\" \/>\n<meta property=\"og:image\" content=\"https:\/\/teiaeducation.ch\/wp-content\/uploads\/2021\/03\/Cross-stitch-friends-rabbit-Moon-Picnic.jpg\" \/>\n\t<meta property=\"og:image:width\" content=\"768\" \/>\n\t<meta property=\"og:image:height\" content=\"1024\" \/>\n\t<meta property=\"og:image:type\" content=\"image\/jpeg\" \/>\n<script type=\"application\/ld+json\" class=\"yoast-schema-graph\">{\"@context\":\"https:\/\/schema.org\",\"@graph\":[{\"@type\":\"WebPage\",\"@id\":\"https:\/\/teiaeducation.ch\/fr\/produit\/point-de-croix-lapin-moon-picnic\/\",\"url\":\"https:\/\/teiaeducation.ch\/fr\/produit\/point-de-croix-lapin-moon-picnic\/\",\"name\":\"Point de croix amis lapins - Moon Picnic - Teia Education & Play\",\"isPartOf\":{\"@id\":\"https:\/\/teiaeducation.ch\/fr\/#website\"},\"primaryImageOfPage\":{\"@id\":\"https:\/\/teiaeducation.ch\/fr\/produit\/point-de-croix-lapin-moon-picnic\/#primaryimage\"},\"image\":{\"@id\":\"https:\/\/teiaeducation.ch\/fr\/produit\/point-de-croix-lapin-moon-picnic\/#primaryimage\"},\"thumbnailUrl\":\"https:\/\/teiaeducation.ch\/wp-content\/uploads\/2021\/03\/Cross-stitch-friends-rabbit-Moon-Picnic.jpg\",\"datePublished\":\"2022-09-22T08:57:08+00:00\",\"description\":\"Le point de croix en bois Moon Picnic sur le th\u00e8me des amis lapins est une merveilleuse fa\u00e7on d'initier les enfants \u00e0 l'activit\u00e9 artisanale amusante et cr\u00e9ative qu'est le point de croix !\",\"breadcrumb\":{\"@id\":\"https:\/\/teiaeducation.ch\/fr\/produit\/point-de-croix-lapin-moon-picnic\/#breadcrumb\"},\"inLanguage\":\"fr-FR\",\"potentialAction\":[{\"@type\":\"ReadAction\",\"target\":[\"https:\/\/teiaeducation.ch\/fr\/produit\/point-de-croix-lapin-moon-picnic\/\"]}]},{\"@type\":\"ImageObject\",\"inLanguage\":\"fr-FR\",\"@id\":\"https:\/\/teiaeducation.ch\/fr\/produit\/point-de-croix-lapin-moon-picnic\/#primaryimage\",\"url\":\"https:\/\/teiaeducation.ch\/wp-content\/uploads\/2021\/03\/Cross-stitch-friends-rabbit-Moon-Picnic.jpg\",\"contentUrl\":\"https:\/\/teiaeducation.ch\/wp-content\/uploads\/2021\/03\/Cross-stitch-friends-rabbit-Moon-Picnic.jpg\",\"width\":768,\"height\":1024,\"caption\":\"Point de croix amis lapins - Moon Picnic\"},{\"@type\":\"BreadcrumbList\",\"@id\":\"https:\/\/teiaeducation.ch\/fr\/produit\/point-de-croix-lapin-moon-picnic\/#breadcrumb\",\"itemListElement\":[{\"@type\":\"ListItem\",\"position\":1,\"name\":\"Home\",\"item\":\"https:\/\/teiaeducation.ch\/fr\/\"},{\"@type\":\"ListItem\",\"position\":2,\"name\":\"Boutique Teia Education &amp; Play\",\"item\":\"https:\/\/teiaeducation.ch\/fr\/boutique\/\"},{\"@type\":\"ListItem\",\"position\":3,\"name\":\"Domaines du Curriculum\",\"item\":\"https:\/\/teiaeducation.ch\/fr\/categorie-produit\/domaines-du-curriculum\/\"},{\"@type\":\"ListItem\",\"position\":4,\"name\":\"Sensorielles &amp; Motrices\",\"item\":\"https:\/\/teiaeducation.ch\/fr\/categorie-produit\/domaines-du-curriculum\/sensorielles-motrices\/\"},{\"@type\":\"ListItem\",\"position\":5,\"name\":\"Comp\u00e9tences Motrices\",\"item\":\"https:\/\/teiaeducation.ch\/fr\/categorie-produit\/domaines-du-curriculum\/sensorielles-motrices\/competences-motrices\/\"},{\"@type\":\"ListItem\",\"position\":6,\"name\":\"Point de croix amis lapins &#8211; Moon Picnic\"}]},{\"@type\":\"WebSite\",\"@id\":\"https:\/\/teiaeducation.ch\/fr\/#website\",\"url\":\"https:\/\/teiaeducation.ch\/fr\/\",\"name\":\"Sustainable Educational Products &amp; Ecological Toys\u00a0\",\"description\":\"Specialised Swiss shop selling sustainable educational toys and games, AMI certified Montessori materials, handmade ecological wooden Waldorf toys and arts &amp; crafts supplies, school supplies, children&#039;s furniture and Montessori reference and parenting books.\",\"publisher\":{\"@id\":\"https:\/\/teiaeducation.ch\/fr\/#organization\"},\"alternateName\":\"Teia Education & Play\",\"potentialAction\":[{\"@type\":\"SearchAction\",\"target\":{\"@type\":\"EntryPoint\",\"urlTemplate\":\"https:\/\/teiaeducation.ch\/fr\/?s={search_term_string}\"},\"query-input\":{\"@type\":\"PropertyValueSpecification\",\"valueRequired\":true,\"valueName\":\"search_term_string\"}}],\"inLanguage\":\"fr-FR\"},{\"@type\":\"Organization\",\"@id\":\"https:\/\/teiaeducation.ch\/fr\/#organization\",\"name\":\"Teia Education & Play\",\"url\":\"https:\/\/teiaeducation.ch\/fr\/\",\"logo\":{\"@type\":\"ImageObject\",\"inLanguage\":\"fr-FR\",\"@id\":\"https:\/\/teiaeducation.ch\/fr\/#\/schema\/logo\/image\/\",\"url\":\"https:\/\/teiaeducation.ch\/wp-content\/uploads\/2020\/11\/Teia-Education-Switzerland-e1620156442216.jpg\",\"contentUrl\":\"https:\/\/teiaeducation.ch\/wp-content\/uploads\/2020\/11\/Teia-Education-Switzerland-e1620156442216.jpg\",\"width\":166,\"height\":145,\"caption\":\"Teia Education & Play\"},\"image\":{\"@id\":\"https:\/\/teiaeducation.ch\/fr\/#\/schema\/logo\/image\/\"},\"sameAs\":[\"https:\/\/www.facebook.com\/teiaeducation\/\",\"https:\/\/x.com\/EducationTeia\",\"https:\/\/www.instagram.com\/teia.education\/\",\"https:\/\/www.linkedin.com\/company\/35501660\",\"https:\/\/www.pinterest.ch\/TeiaEducation\/\"]}]}<\/script>\n<!-- \/ Yoast SEO plugin. -->","yoast_head_json":{"title":"Point de croix amis lapins - Moon Picnic - Teia Education & Play","description":"Le point de croix en bois Moon Picnic sur le th\u00e8me des amis lapins est une merveilleuse fa\u00e7on d'initier les enfants \u00e0 l'activit\u00e9 artisanale amusante et cr\u00e9ative qu'est le point de croix !","robots":{"index":"index","follow":"follow","max-snippet":"max-snippet:-1","max-image-preview":"max-image-preview:large","max-video-preview":"max-video-preview:-1"},"canonical":"https:\/\/teiaeducation.ch\/fr\/produit\/point-de-croix-lapin-moon-picnic\/","og_locale":"fr_FR","og_type":"article","og_title":"Point de croix amis lapins - Moon Picnic - Teia Education & Play","og_description":"Le point de croix en bois Moon Picnic sur le th\u00e8me des amis lapins est une merveilleuse fa\u00e7on d'initier les enfants \u00e0 l'activit\u00e9 artisanale amusante et cr\u00e9ative qu'est le point de croix !","og_url":"https:\/\/teiaeducation.ch\/fr\/produit\/point-de-croix-lapin-moon-picnic\/","og_site_name":"Sustainable Educational Products &amp; Ecological Toys\u00a0","article_publisher":"https:\/\/www.facebook.com\/teiaeducation\/","og_image":[{"width":768,"height":1024,"url":"https:\/\/teiaeducation.ch\/wp-content\/uploads\/2021\/03\/Cross-stitch-friends-rabbit-Moon-Picnic.jpg","type":"image\/jpeg"}],"schema":{"@context":"https:\/\/schema.org","@graph":[{"@type":"WebPage","@id":"https:\/\/teiaeducation.ch\/fr\/produit\/point-de-croix-lapin-moon-picnic\/","url":"https:\/\/teiaeducation.ch\/fr\/produit\/point-de-croix-lapin-moon-picnic\/","name":"Point de croix amis lapins - Moon Picnic - Teia Education & Play","isPartOf":{"@id":"https:\/\/teiaeducation.ch\/fr\/#website"},"primaryImageOfPage":{"@id":"https:\/\/teiaeducation.ch\/fr\/produit\/point-de-croix-lapin-moon-picnic\/#primaryimage"},"image":{"@id":"https:\/\/teiaeducation.ch\/fr\/produit\/point-de-croix-lapin-moon-picnic\/#primaryimage"},"thumbnailUrl":"https:\/\/teiaeducation.ch\/wp-content\/uploads\/2021\/03\/Cross-stitch-friends-rabbit-Moon-Picnic.jpg","datePublished":"2022-09-22T08:57:08+00:00","description":"Le point de croix en bois Moon Picnic sur le th\u00e8me des amis lapins est une merveilleuse fa\u00e7on d'initier les enfants \u00e0 l'activit\u00e9 artisanale amusante et cr\u00e9ative qu'est le point de croix !","breadcrumb":{"@id":"https:\/\/teiaeducation.ch\/fr\/produit\/point-de-croix-lapin-moon-picnic\/#breadcrumb"},"inLanguage":"fr-FR","potentialAction":[{"@type":"ReadAction","target":["https:\/\/teiaeducation.ch\/fr\/produit\/point-de-croix-lapin-moon-picnic\/"]}]},{"@type":"ImageObject","inLanguage":"fr-FR","@id":"https:\/\/teiaeducation.ch\/fr\/produit\/point-de-croix-lapin-moon-picnic\/#primaryimage","url":"https:\/\/teiaeducation.ch\/wp-content\/uploads\/2021\/03\/Cross-stitch-friends-rabbit-Moon-Picnic.jpg","contentUrl":"https:\/\/teiaeducation.ch\/wp-content\/uploads\/2021\/03\/Cross-stitch-friends-rabbit-Moon-Picnic.jpg","width":768,"height":1024,"caption":"Point de croix amis lapins - Moon Picnic"},{"@type":"BreadcrumbList","@id":"https:\/\/teiaeducation.ch\/fr\/produit\/point-de-croix-lapin-moon-picnic\/#breadcrumb","itemListElement":[{"@type":"ListItem","position":1,"name":"Home","item":"https:\/\/teiaeducation.ch\/fr\/"},{"@type":"ListItem","position":2,"name":"Boutique Teia Education &amp; Play","item":"https:\/\/teiaeducation.ch\/fr\/boutique\/"},{"@type":"ListItem","position":3,"name":"Domaines du Curriculum","item":"https:\/\/teiaeducation.ch\/fr\/categorie-produit\/domaines-du-curriculum\/"},{"@type":"ListItem","position":4,"name":"Sensorielles &amp; Motrices","item":"https:\/\/teiaeducation.ch\/fr\/categorie-produit\/domaines-du-curriculum\/sensorielles-motrices\/"},{"@type":"ListItem","position":5,"name":"Comp\u00e9tences Motrices","item":"https:\/\/teiaeducation.ch\/fr\/categorie-produit\/domaines-du-curriculum\/sensorielles-motrices\/competences-motrices\/"},{"@type":"ListItem","position":6,"name":"Point de croix amis lapins &#8211; Moon Picnic"}]},{"@type":"WebSite","@id":"https:\/\/teiaeducation.ch\/fr\/#website","url":"https:\/\/teiaeducation.ch\/fr\/","name":"Sustainable Educational Products &amp; Ecological Toys\u00a0","description":"Specialised Swiss shop selling sustainable educational toys and games, AMI certified Montessori materials, handmade ecological wooden Waldorf toys and arts &amp; crafts supplies, school supplies, children&#039;s furniture and Montessori reference and parenting books.","publisher":{"@id":"https:\/\/teiaeducation.ch\/fr\/#organization"},"alternateName":"Teia Education & Play","potentialAction":[{"@type":"SearchAction","target":{"@type":"EntryPoint","urlTemplate":"https:\/\/teiaeducation.ch\/fr\/?s={search_term_string}"},"query-input":{"@type":"PropertyValueSpecification","valueRequired":true,"valueName":"search_term_string"}}],"inLanguage":"fr-FR"},{"@type":"Organization","@id":"https:\/\/teiaeducation.ch\/fr\/#organization","name":"Teia Education & Play","url":"https:\/\/teiaeducation.ch\/fr\/","logo":{"@type":"ImageObject","inLanguage":"fr-FR","@id":"https:\/\/teiaeducation.ch\/fr\/#\/schema\/logo\/image\/","url":"https:\/\/teiaeducation.ch\/wp-content\/uploads\/2020\/11\/Teia-Education-Switzerland-e1620156442216.jpg","contentUrl":"https:\/\/teiaeducation.ch\/wp-content\/uploads\/2020\/11\/Teia-Education-Switzerland-e1620156442216.jpg","width":166,"height":145,"caption":"Teia Education & Play"},"image":{"@id":"https:\/\/teiaeducation.ch\/fr\/#\/schema\/logo\/image\/"},"sameAs":["https:\/\/www.facebook.com\/teiaeducation\/","https:\/\/x.com\/EducationTeia","https:\/\/www.instagram.com\/teia.education\/","https:\/\/www.linkedin.com\/company\/35501660","https:\/\/www.pinterest.ch\/TeiaEducation\/"]}]}},"_links":{"self":[{"href":"https:\/\/teiaeducation.ch\/fr\/wp-json\/wp\/v2\/product\/36105","targetHints":{"allow":["GET"]}}],"collection":[{"href":"https:\/\/teiaeducation.ch\/fr\/wp-json\/wp\/v2\/product"}],"about":[{"href":"https:\/\/teiaeducation.ch\/fr\/wp-json\/wp\/v2\/types\/product"}],"replies":[{"embeddable":true,"href":"https:\/\/teiaeducation.ch\/fr\/wp-json\/wp\/v2\/comments?post=36105"}],"wp:featuredmedia":[{"embeddable":true,"href":"https:\/\/teiaeducation.ch\/fr\/wp-json\/wp\/v2\/media\/34323"}],"wp:attachment":[{"href":"https:\/\/teiaeducation.ch\/fr\/wp-json\/wp\/v2\/media?parent=36105"}],"wp:term":[{"taxonomy":"product_brand","embeddable":true,"href":"https:\/\/teiaeducation.ch\/fr\/wp-json\/wp\/v2\/product_brand?post=36105"},{"taxonomy":"product_cat","embeddable":true,"href":"https:\/\/teiaeducation.ch\/fr\/wp-json\/wp\/v2\/product_cat?post=36105"},{"taxonomy":"product_tag","embeddable":true,"href":"https:\/\/teiaeducation.ch\/fr\/wp-json\/wp\/v2\/product_tag?post=36105"}],"curies":[{"name":"wp","href":"https:\/\/api.w.org\/{rel}","templated":true}]}}