{"id":36116,"date":"2020-10-09T16:45:29","date_gmt":"2020-10-09T14:45:29","guid":{"rendered":"https:\/\/teiaeducation.ch\/product\/maxi-puzzle-les-saisons-de-lannee-anglais-larsen\/"},"modified":"2021-05-08T12:28:30","modified_gmt":"2021-05-08T10:28:30","slug":"maxi-puzzle-les-saisons-de-lannee-english-larsen","status":"publish","type":"product","link":"https:\/\/teiaeducation.ch\/fr\/produit\/maxi-puzzle-les-saisons-de-lannee-english-larsen\/","title":{"rendered":"Maxi puzzle les saisons de l&#8217;ann\u00e9e : Anglais &#8211; Larsen"},"content":{"rendered":"<p>Maxi puzzle les saisons de l&#8217;ann\u00e9e : Anglais &#8211; Larsen<\/p>\n<p>Apprendre \u00e0 conna\u00eetre le changement des <a href=\"https:\/\/teiaeducation.ch\/product-category\/curriculum-areas\/culture-science\/seasons-weather\/\">saisons<\/a> et des mois de l&#8217;ann\u00e9e avec ce merveilleux maxi puzzle \u00e9ducatif &#8220;les saisons de l&#8217;ann\u00e9e&#8221; en anglais de la marque norv\u00e9gienne Larsen !<\/p>\n<p>Ce puzzle pr\u00e9sente les 12 mois de l&#8217;ann\u00e9e pour apprendre les saisons. Au centre du puzzle se trouve le soleil et une repr\u00e9sentation de la fa\u00e7on dont la Terre, en se d\u00e9pla\u00e7ant autour du soleil, affecte les saisons et le temps. Sur le reste du puzzle, les 4 saisons sont magnifiquement illustr\u00e9es par le comportement de la faune, la flore, les conditions m\u00e9t\u00e9orologiques et les activit\u00e9s humaines que l&#8217;on retrouve \u00e0 chaque p\u00e9riode de l&#8217;ann\u00e9e. Les noms des mois figurent \u00e0 c\u00f4t\u00e9 des saisons qu&#8217;ils couvrent.<\/p>\n<p>Ce puzzle robuste en forme de plateau, fabriqu\u00e9 \u00e0 partir de carton recycl\u00e9, comporte 44 pi\u00e8ces tr\u00e8s \u00e9paisses et convient aux enfants \u00e0 partir de 5 ans qui souhaitent apprendre les saisons et les mois de l&#8217;ann\u00e9e, ainsi que la nature et la faune.<\/p>\n<p>Le maxi-puzzle des saisons de l&#8217;ann\u00e9e mesure 36,5 x 28,5 cm et est \u00e9galement disponible en fran\u00e7ais et en allemand.<\/p>\n<p>Depuis 1953, la marque norv\u00e9gienne Larsen produit des puzzles de haute qualit\u00e9, de type plateau, fabriqu\u00e9s \u00e0 partir de carton recycl\u00e9. Les puzzles ont des pi\u00e8ces tr\u00e8s \u00e9paisses qui ne se cassent pas facilement et sont toujours produits dans l&#8217;usine familiale de Larsen \u00e0 Flekkefjord, une ville idyllique du sud de la Norv\u00e8ge.<\/p>\n<p>Contenu :<\/p>\n<p>1 maxi puzzle en carton (36,5 x 28,5cm)<\/p>\n","protected":false},"excerpt":{"rendered":"<p>Num\u00e9ro d&#8217;article: SS3-GB<\/p>\n<p>Apprendre \u00e0 conna\u00eetre le changement des saisons et des mois de l&#8217;ann\u00e9e avec ce merveilleux maxi puzzle \u00e9ducatif &#8220;les saisons de l&#8217;ann\u00e9e&#8221; en anglais de la marque norv\u00e9gienne Larsen !<\/p>\n","protected":false},"featured_media":30300,"comment_status":"open","ping_status":"closed","template":"","meta":[],"product_brand":[],"product_cat":[8527,215,8580,216,18893,284,283,8526,1220,17214,7595,217,5851,17220,598,212],"product_tag":[19339,19337,19336,19338,19341,19334,19333,19332,19335,19344,19345,19342,19331,19340,19343],"class_list":{"0":"post-36116","1":"product","2":"type-product","3":"status-publish","4":"has-post-thumbnail","6":"product_cat-3-6-ans-ecole-a-domicile","7":"product_cat-3-6-ans","8":"product_cat-6-12-ans-ecole-a-domicile","9":"product_cat-6-12-ans","10":"product_cat-collection-printemps","11":"product_cat-culture-sciences","12":"product_cat-domaines-du-curriculum","13":"product_cat-fournitures-scolaires-a-domicile","14":"product_cat-traditionnelle","15":"product_cat-larsen-fr","16":"product_cat-methode-deducation","17":"product_cat-marques","18":"product_cat-nouveautes","19":"product_cat-puzzles-scientifiques","20":"product_cat-saisons-meteo","21":"product_cat-tranche-dage","22":"product_tag-casse-tete-pour-enfants","23":"product_tag-larsen-casse-tete","24":"product_tag-larsen-norway-fr","25":"product_tag-larsen-puzzle-fr","26":"product_tag-larsen-puzzle-nature","27":"product_tag-larsen-puzzle-schweiz-fr","28":"product_tag-larsen-puzzle-suisse-fr","29":"product_tag-larsen-puzzle-switzerland-fr","30":"product_tag-puzzle-dapprentissage-pour-la-petite-enfance","31":"product_tag-puzzle-des-mois-de-lannee","32":"product_tag-puzzle-des-saisons-de-lannee","33":"product_tag-puzzle-des-saisons-larsen","34":"product_tag-puzzle-educatif","35":"product_tag-puzzle-pour-enfants","36":"product_tag-puzzle-saisons-fr","38":"first","39":"outofstock","40":"taxable","41":"shipping-taxable","42":"purchasable","43":"product-type-simple"},"yoast_head":"<!-- This site is optimized with the Yoast SEO plugin v27.1.1 - https:\/\/yoast.com\/product\/yoast-seo-wordpress\/ -->\n<title>Maxi puzzle les saisons de l&#039;ann\u00e9e : Anglais - Larsen - Teia Education &amp; Play<\/title>\n<meta name=\"description\" content=\"Le puzzle \u00e9ducatif Larsen &quot;les saisons de l&#039;ann\u00e9e&quot; en anglais est adapt\u00e9 aux enfants int\u00e9ress\u00e9s par l&#039;apprentissage du changement des saisons.\" \/>\n<meta name=\"robots\" content=\"index, follow, max-snippet:-1, max-image-preview:large, max-video-preview:-1\" \/>\n<link rel=\"canonical\" href=\"https:\/\/teiaeducation.ch\/fr\/produit\/maxi-puzzle-les-saisons-de-lannee-english-larsen\/\" \/>\n<meta property=\"og:locale\" content=\"fr_FR\" \/>\n<meta property=\"og:type\" content=\"article\" \/>\n<meta property=\"og:title\" content=\"Maxi puzzle les saisons de l&#039;ann\u00e9e : Anglais - Larsen - Teia Education &amp; Play\" \/>\n<meta property=\"og:description\" content=\"Le puzzle \u00e9ducatif Larsen &quot;les saisons de l&#039;ann\u00e9e&quot; en anglais est adapt\u00e9 aux enfants int\u00e9ress\u00e9s par l&#039;apprentissage du changement des saisons.\" \/>\n<meta property=\"og:url\" content=\"https:\/\/teiaeducation.ch\/fr\/produit\/maxi-puzzle-les-saisons-de-lannee-english-larsen\/\" \/>\n<meta property=\"og:site_name\" content=\"Sustainable Educational Products &amp; Ecological Toys\u00a0\" \/>\n<meta property=\"article:publisher\" content=\"https:\/\/www.facebook.com\/teiaeducation\/\" \/>\n<meta property=\"article:modified_time\" content=\"2021-05-08T10:28:30+00:00\" \/>\n<meta property=\"og:image\" content=\"https:\/\/teiaeducation.ch\/wp-content\/uploads\/2020\/08\/Maxi-puzzle-the-seasons-of-the-year-English-Larsen-1.jpg\" \/>\n\t<meta property=\"og:image:width\" content=\"1350\" \/>\n\t<meta property=\"og:image:height\" content=\"1055\" \/>\n\t<meta property=\"og:image:type\" content=\"image\/jpeg\" \/>\n<script type=\"application\/ld+json\" class=\"yoast-schema-graph\">{\"@context\":\"https:\/\/schema.org\",\"@graph\":[{\"@type\":\"WebPage\",\"@id\":\"https:\/\/teiaeducation.ch\/fr\/produit\/maxi-puzzle-les-saisons-de-lannee-english-larsen\/\",\"url\":\"https:\/\/teiaeducation.ch\/fr\/produit\/maxi-puzzle-les-saisons-de-lannee-english-larsen\/\",\"name\":\"Maxi puzzle les saisons de l'ann\u00e9e : Anglais - Larsen - Teia Education & Play\",\"isPartOf\":{\"@id\":\"https:\/\/teiaeducation.ch\/fr\/#website\"},\"primaryImageOfPage\":{\"@id\":\"https:\/\/teiaeducation.ch\/fr\/produit\/maxi-puzzle-les-saisons-de-lannee-english-larsen\/#primaryimage\"},\"image\":{\"@id\":\"https:\/\/teiaeducation.ch\/fr\/produit\/maxi-puzzle-les-saisons-de-lannee-english-larsen\/#primaryimage\"},\"thumbnailUrl\":\"https:\/\/teiaeducation.ch\/wp-content\/uploads\/2020\/08\/Maxi-puzzle-the-seasons-of-the-year-English-Larsen-1.jpg\",\"datePublished\":\"2020-10-09T14:45:29+00:00\",\"dateModified\":\"2021-05-08T10:28:30+00:00\",\"description\":\"Le puzzle \u00e9ducatif Larsen \\\"les saisons de l'ann\u00e9e\\\" en anglais est adapt\u00e9 aux enfants int\u00e9ress\u00e9s par l'apprentissage du changement des saisons.\",\"breadcrumb\":{\"@id\":\"https:\/\/teiaeducation.ch\/fr\/produit\/maxi-puzzle-les-saisons-de-lannee-english-larsen\/#breadcrumb\"},\"inLanguage\":\"fr-FR\",\"potentialAction\":[{\"@type\":\"ReadAction\",\"target\":[\"https:\/\/teiaeducation.ch\/fr\/produit\/maxi-puzzle-les-saisons-de-lannee-english-larsen\/\"]}]},{\"@type\":\"ImageObject\",\"inLanguage\":\"fr-FR\",\"@id\":\"https:\/\/teiaeducation.ch\/fr\/produit\/maxi-puzzle-les-saisons-de-lannee-english-larsen\/#primaryimage\",\"url\":\"https:\/\/teiaeducation.ch\/wp-content\/uploads\/2020\/08\/Maxi-puzzle-the-seasons-of-the-year-English-Larsen-1.jpg\",\"contentUrl\":\"https:\/\/teiaeducation.ch\/wp-content\/uploads\/2020\/08\/Maxi-puzzle-the-seasons-of-the-year-English-Larsen-1.jpg\",\"width\":1350,\"height\":1055,\"caption\":\"Maxi puzzle les saisons de l'ann\u00e9e : Anglais - Larsen\"},{\"@type\":\"BreadcrumbList\",\"@id\":\"https:\/\/teiaeducation.ch\/fr\/produit\/maxi-puzzle-les-saisons-de-lannee-english-larsen\/#breadcrumb\",\"itemListElement\":[{\"@type\":\"ListItem\",\"position\":1,\"name\":\"Home\",\"item\":\"https:\/\/teiaeducation.ch\/fr\/\"},{\"@type\":\"ListItem\",\"position\":2,\"name\":\"Boutique Teia Education &amp; Play\",\"item\":\"https:\/\/teiaeducation.ch\/fr\/boutique\/\"},{\"@type\":\"ListItem\",\"position\":3,\"name\":\"Nos Marques\",\"item\":\"https:\/\/teiaeducation.ch\/fr\/categorie-produit\/marques\/\"},{\"@type\":\"ListItem\",\"position\":4,\"name\":\"Larsen\",\"item\":\"https:\/\/teiaeducation.ch\/fr\/categorie-produit\/marques\/larsen-fr\/\"},{\"@type\":\"ListItem\",\"position\":5,\"name\":\"Puzzles Scientifiques\",\"item\":\"https:\/\/teiaeducation.ch\/fr\/categorie-produit\/marques\/larsen-fr\/puzzles-scientifiques\/\"},{\"@type\":\"ListItem\",\"position\":6,\"name\":\"Maxi puzzle les saisons de l&#8217;ann\u00e9e : Anglais &#8211; Larsen\"}]},{\"@type\":\"WebSite\",\"@id\":\"https:\/\/teiaeducation.ch\/fr\/#website\",\"url\":\"https:\/\/teiaeducation.ch\/fr\/\",\"name\":\"Sustainable Educational Products &amp; Ecological Toys\u00a0\",\"description\":\"Specialised Swiss shop selling sustainable educational toys and games, AMI certified Montessori materials, handmade ecological wooden Waldorf toys and arts &amp; crafts supplies, school supplies, children&#039;s furniture and Montessori reference and parenting books.\",\"publisher\":{\"@id\":\"https:\/\/teiaeducation.ch\/fr\/#organization\"},\"alternateName\":\"Teia Education & Play\",\"potentialAction\":[{\"@type\":\"SearchAction\",\"target\":{\"@type\":\"EntryPoint\",\"urlTemplate\":\"https:\/\/teiaeducation.ch\/fr\/?s={search_term_string}\"},\"query-input\":{\"@type\":\"PropertyValueSpecification\",\"valueRequired\":true,\"valueName\":\"search_term_string\"}}],\"inLanguage\":\"fr-FR\"},{\"@type\":\"Organization\",\"@id\":\"https:\/\/teiaeducation.ch\/fr\/#organization\",\"name\":\"Teia Education & Play\",\"url\":\"https:\/\/teiaeducation.ch\/fr\/\",\"logo\":{\"@type\":\"ImageObject\",\"inLanguage\":\"fr-FR\",\"@id\":\"https:\/\/teiaeducation.ch\/fr\/#\/schema\/logo\/image\/\",\"url\":\"https:\/\/teiaeducation.ch\/wp-content\/uploads\/2020\/11\/Teia-Education-Switzerland-e1620156442216.jpg\",\"contentUrl\":\"https:\/\/teiaeducation.ch\/wp-content\/uploads\/2020\/11\/Teia-Education-Switzerland-e1620156442216.jpg\",\"width\":166,\"height\":145,\"caption\":\"Teia Education & Play\"},\"image\":{\"@id\":\"https:\/\/teiaeducation.ch\/fr\/#\/schema\/logo\/image\/\"},\"sameAs\":[\"https:\/\/www.facebook.com\/teiaeducation\/\",\"https:\/\/x.com\/EducationTeia\",\"https:\/\/www.instagram.com\/teia.education\/\",\"https:\/\/www.linkedin.com\/company\/35501660\",\"https:\/\/www.pinterest.ch\/TeiaEducation\/\"]}]}<\/script>\n<!-- \/ Yoast SEO plugin. -->","yoast_head_json":{"title":"Maxi puzzle les saisons de l'ann\u00e9e : Anglais - Larsen - Teia Education & Play","description":"Le puzzle \u00e9ducatif Larsen \"les saisons de l'ann\u00e9e\" en anglais est adapt\u00e9 aux enfants int\u00e9ress\u00e9s par l'apprentissage du changement des saisons.","robots":{"index":"index","follow":"follow","max-snippet":"max-snippet:-1","max-image-preview":"max-image-preview:large","max-video-preview":"max-video-preview:-1"},"canonical":"https:\/\/teiaeducation.ch\/fr\/produit\/maxi-puzzle-les-saisons-de-lannee-english-larsen\/","og_locale":"fr_FR","og_type":"article","og_title":"Maxi puzzle les saisons de l'ann\u00e9e : Anglais - Larsen - Teia Education & Play","og_description":"Le puzzle \u00e9ducatif Larsen \"les saisons de l'ann\u00e9e\" en anglais est adapt\u00e9 aux enfants int\u00e9ress\u00e9s par l'apprentissage du changement des saisons.","og_url":"https:\/\/teiaeducation.ch\/fr\/produit\/maxi-puzzle-les-saisons-de-lannee-english-larsen\/","og_site_name":"Sustainable Educational Products &amp; Ecological Toys\u00a0","article_publisher":"https:\/\/www.facebook.com\/teiaeducation\/","article_modified_time":"2021-05-08T10:28:30+00:00","og_image":[{"width":1350,"height":1055,"url":"https:\/\/teiaeducation.ch\/wp-content\/uploads\/2020\/08\/Maxi-puzzle-the-seasons-of-the-year-English-Larsen-1.jpg","type":"image\/jpeg"}],"schema":{"@context":"https:\/\/schema.org","@graph":[{"@type":"WebPage","@id":"https:\/\/teiaeducation.ch\/fr\/produit\/maxi-puzzle-les-saisons-de-lannee-english-larsen\/","url":"https:\/\/teiaeducation.ch\/fr\/produit\/maxi-puzzle-les-saisons-de-lannee-english-larsen\/","name":"Maxi puzzle les saisons de l'ann\u00e9e : Anglais - Larsen - Teia Education & Play","isPartOf":{"@id":"https:\/\/teiaeducation.ch\/fr\/#website"},"primaryImageOfPage":{"@id":"https:\/\/teiaeducation.ch\/fr\/produit\/maxi-puzzle-les-saisons-de-lannee-english-larsen\/#primaryimage"},"image":{"@id":"https:\/\/teiaeducation.ch\/fr\/produit\/maxi-puzzle-les-saisons-de-lannee-english-larsen\/#primaryimage"},"thumbnailUrl":"https:\/\/teiaeducation.ch\/wp-content\/uploads\/2020\/08\/Maxi-puzzle-the-seasons-of-the-year-English-Larsen-1.jpg","datePublished":"2020-10-09T14:45:29+00:00","dateModified":"2021-05-08T10:28:30+00:00","description":"Le puzzle \u00e9ducatif Larsen \"les saisons de l'ann\u00e9e\" en anglais est adapt\u00e9 aux enfants int\u00e9ress\u00e9s par l'apprentissage du changement des saisons.","breadcrumb":{"@id":"https:\/\/teiaeducation.ch\/fr\/produit\/maxi-puzzle-les-saisons-de-lannee-english-larsen\/#breadcrumb"},"inLanguage":"fr-FR","potentialAction":[{"@type":"ReadAction","target":["https:\/\/teiaeducation.ch\/fr\/produit\/maxi-puzzle-les-saisons-de-lannee-english-larsen\/"]}]},{"@type":"ImageObject","inLanguage":"fr-FR","@id":"https:\/\/teiaeducation.ch\/fr\/produit\/maxi-puzzle-les-saisons-de-lannee-english-larsen\/#primaryimage","url":"https:\/\/teiaeducation.ch\/wp-content\/uploads\/2020\/08\/Maxi-puzzle-the-seasons-of-the-year-English-Larsen-1.jpg","contentUrl":"https:\/\/teiaeducation.ch\/wp-content\/uploads\/2020\/08\/Maxi-puzzle-the-seasons-of-the-year-English-Larsen-1.jpg","width":1350,"height":1055,"caption":"Maxi puzzle les saisons de l'ann\u00e9e : Anglais - Larsen"},{"@type":"BreadcrumbList","@id":"https:\/\/teiaeducation.ch\/fr\/produit\/maxi-puzzle-les-saisons-de-lannee-english-larsen\/#breadcrumb","itemListElement":[{"@type":"ListItem","position":1,"name":"Home","item":"https:\/\/teiaeducation.ch\/fr\/"},{"@type":"ListItem","position":2,"name":"Boutique Teia Education &amp; Play","item":"https:\/\/teiaeducation.ch\/fr\/boutique\/"},{"@type":"ListItem","position":3,"name":"Nos Marques","item":"https:\/\/teiaeducation.ch\/fr\/categorie-produit\/marques\/"},{"@type":"ListItem","position":4,"name":"Larsen","item":"https:\/\/teiaeducation.ch\/fr\/categorie-produit\/marques\/larsen-fr\/"},{"@type":"ListItem","position":5,"name":"Puzzles Scientifiques","item":"https:\/\/teiaeducation.ch\/fr\/categorie-produit\/marques\/larsen-fr\/puzzles-scientifiques\/"},{"@type":"ListItem","position":6,"name":"Maxi puzzle les saisons de l&#8217;ann\u00e9e : Anglais &#8211; Larsen"}]},{"@type":"WebSite","@id":"https:\/\/teiaeducation.ch\/fr\/#website","url":"https:\/\/teiaeducation.ch\/fr\/","name":"Sustainable Educational Products &amp; Ecological Toys\u00a0","description":"Specialised Swiss shop selling sustainable educational toys and games, AMI certified Montessori materials, handmade ecological wooden Waldorf toys and arts &amp; crafts supplies, school supplies, children&#039;s furniture and Montessori reference and parenting books.","publisher":{"@id":"https:\/\/teiaeducation.ch\/fr\/#organization"},"alternateName":"Teia Education & Play","potentialAction":[{"@type":"SearchAction","target":{"@type":"EntryPoint","urlTemplate":"https:\/\/teiaeducation.ch\/fr\/?s={search_term_string}"},"query-input":{"@type":"PropertyValueSpecification","valueRequired":true,"valueName":"search_term_string"}}],"inLanguage":"fr-FR"},{"@type":"Organization","@id":"https:\/\/teiaeducation.ch\/fr\/#organization","name":"Teia Education & Play","url":"https:\/\/teiaeducation.ch\/fr\/","logo":{"@type":"ImageObject","inLanguage":"fr-FR","@id":"https:\/\/teiaeducation.ch\/fr\/#\/schema\/logo\/image\/","url":"https:\/\/teiaeducation.ch\/wp-content\/uploads\/2020\/11\/Teia-Education-Switzerland-e1620156442216.jpg","contentUrl":"https:\/\/teiaeducation.ch\/wp-content\/uploads\/2020\/11\/Teia-Education-Switzerland-e1620156442216.jpg","width":166,"height":145,"caption":"Teia Education & Play"},"image":{"@id":"https:\/\/teiaeducation.ch\/fr\/#\/schema\/logo\/image\/"},"sameAs":["https:\/\/www.facebook.com\/teiaeducation\/","https:\/\/x.com\/EducationTeia","https:\/\/www.instagram.com\/teia.education\/","https:\/\/www.linkedin.com\/company\/35501660","https:\/\/www.pinterest.ch\/TeiaEducation\/"]}]}},"_links":{"self":[{"href":"https:\/\/teiaeducation.ch\/fr\/wp-json\/wp\/v2\/product\/36116","targetHints":{"allow":["GET"]}}],"collection":[{"href":"https:\/\/teiaeducation.ch\/fr\/wp-json\/wp\/v2\/product"}],"about":[{"href":"https:\/\/teiaeducation.ch\/fr\/wp-json\/wp\/v2\/types\/product"}],"replies":[{"embeddable":true,"href":"https:\/\/teiaeducation.ch\/fr\/wp-json\/wp\/v2\/comments?post=36116"}],"wp:featuredmedia":[{"embeddable":true,"href":"https:\/\/teiaeducation.ch\/fr\/wp-json\/wp\/v2\/media\/30300"}],"wp:attachment":[{"href":"https:\/\/teiaeducation.ch\/fr\/wp-json\/wp\/v2\/media?parent=36116"}],"wp:term":[{"taxonomy":"product_brand","embeddable":true,"href":"https:\/\/teiaeducation.ch\/fr\/wp-json\/wp\/v2\/product_brand?post=36116"},{"taxonomy":"product_cat","embeddable":true,"href":"https:\/\/teiaeducation.ch\/fr\/wp-json\/wp\/v2\/product_cat?post=36116"},{"taxonomy":"product_tag","embeddable":true,"href":"https:\/\/teiaeducation.ch\/fr\/wp-json\/wp\/v2\/product_tag?post=36116"}],"curies":[{"name":"wp","href":"https:\/\/api.w.org\/{rel}","templated":true}]}}