{"id":36117,"date":"2020-09-21T12:07:34","date_gmt":"2020-09-21T10:07:34","guid":{"rendered":"https:\/\/teiaeducation.ch\/product\/maxi-puzzle-du-systeme-solaire-anglais-larsen\/"},"modified":"2021-05-08T12:35:39","modified_gmt":"2021-05-08T10:35:39","slug":"maxi-puzzle-systeme-solaire-english-larsen","status":"publish","type":"product","link":"https:\/\/teiaeducation.ch\/fr\/produit\/maxi-puzzle-systeme-solaire-english-larsen\/","title":{"rendered":"Maxi puzzle du syst\u00e8me solaire : Anglais &#8211; Larsen"},"content":{"rendered":"<p>Maxi puzzle du syst\u00e8me solaire : Anglais &#8211; Larsen<\/p>\n<p>D\u00e9couvrez les plan\u00e8tes du syst\u00e8me solaire avec ce magnifique puzzle \u00e9ducatif de la marque norv\u00e9gienne Larsen.<\/p>\n<p>Ce puzzle permet aux enfants de d\u00e9couvrir les plan\u00e8tes du syst\u00e8me solaire et leur position par rapport au soleil. Le diam\u00e8tre de chaque plan\u00e8te, sa p\u00e9riode orbitale et sa distance par rapport au soleil sont \u00e9galement indiqu\u00e9s. Les mesures sont indiqu\u00e9es en kilom\u00e8tres et en miles.<\/p>\n<p>5 plan\u00e8tes naines sont \u00e9galement repr\u00e9sent\u00e9es : Eris, Makemake, Haumea, Ceres et Pluton, ainsi que leur diam\u00e8tre et leur p\u00e9riode orbitale.<\/p>\n<p>Ce puzzle fascinant comporte 70 pi\u00e8ces dans le style traditionnel d&#8217;embo\u00eetement, encourageant le joueur de puzzle \u00e0 regarder la position de la plan\u00e8te et \u00e0 se concentrer sur le contenu.<\/p>\n<p>Ce puzzle robuste en forme de plateau, fabriqu\u00e9 \u00e0 partir de carton recycl\u00e9 avec des pi\u00e8ces de puzzle tr\u00e8s \u00e9paisses, convient aux enfants un peu plus \u00e2g\u00e9s int\u00e9ress\u00e9s par l&#8217;apprentissage des plan\u00e8tes, du syst\u00e8me solaire, de l&#8217;espace et des sciences.<\/p>\n<p>Le maxi-puzzle sur le syst\u00e8me solaire de Larsen mesure 36,5 x 28,5 cm et est \u00e9galement disponible en fran\u00e7ais et en allemand.<\/p>\n<p>Depuis 1953, la marque norv\u00e9gienne Larsen produit des puzzles de haute qualit\u00e9, de type plateau, fabriqu\u00e9s \u00e0 partir de carton recycl\u00e9. Les puzzles ont des pi\u00e8ces tr\u00e8s \u00e9paisses qui ne se cassent pas facilement et sont toujours produits dans l&#8217;usine familiale de Larsen \u00e0 Flekkefjord, une ville idyllique du sud de la Norv\u00e8ge.<\/p>\n<p>Contenu :<\/p>\n<p>1 maxi puzzle en carton (36,5 x 28,5cm)<\/p>\n","protected":false},"excerpt":{"rendered":"<p>Num\u00e9ro d&#8217;article: SS1-GB<\/p>\n","protected":false},"featured_media":29798,"comment_status":"open","ping_status":"closed","template":"","meta":[],"product_brand":[],"product_cat":[8580,216,284,283,8526,1220,594,17214,7595,217,5851,17220,212],"product_tag":[19353,19349,19336,19358,19334,19333,19332,19346,19359,19355,19335,19347,19350,19354,19352,19351,19348,19357,19356],"class_list":{"0":"post-36117","1":"product","2":"type-product","3":"status-publish","4":"has-post-thumbnail","6":"product_cat-6-12-ans-ecole-a-domicile","7":"product_cat-6-12-ans","8":"product_cat-culture-sciences","9":"product_cat-domaines-du-curriculum","10":"product_cat-fournitures-scolaires-a-domicile","11":"product_cat-traditionnelle","12":"product_cat-terre-et-univers","13":"product_cat-larsen-fr","14":"product_cat-methode-deducation","15":"product_cat-marques","16":"product_cat-nouveautes","17":"product_cat-puzzles-scientifiques","18":"product_cat-tranche-dage","19":"product_tag-espace-puzzle","20":"product_tag-larsen-maxi-science-puzzle-fr","21":"product_tag-larsen-norway-fr","22":"product_tag-larsen-planetes-puzzle","23":"product_tag-larsen-puzzle-schweiz-fr","24":"product_tag-larsen-puzzle-suisse-fr","25":"product_tag-larsen-puzzle-switzerland-fr","26":"product_tag-larsen-science-puzzle-fr","27":"product_tag-planetes-puzzle","28":"product_tag-puzzle-casse-tete-systeme-solaire-larsen","29":"product_tag-puzzle-dapprentissage-pour-la-petite-enfance","30":"product_tag-puzzle-educatif-larsen","31":"product_tag-puzzle-educatif-maxi-larsen","32":"product_tag-puzzle-systeme-solaire-larsen","33":"product_tag-science-casse-tete","34":"product_tag-science-puzzle-fr","35":"product_tag-space-puzzle-fr","36":"product_tag-systeme-solaire-casse-tete","37":"product_tag-systeme-solaire-puzzle","39":"first","40":"instock","41":"taxable","42":"shipping-taxable","43":"purchasable","44":"product-type-simple"},"yoast_head":"<!-- This site is optimized with the Yoast SEO Premium plugin v25.8 (Yoast SEO v27.4) - https:\/\/yoast.com\/product\/yoast-seo-premium-wordpress\/ -->\n<title>Maxi puzzle du syst\u00e8me solaire : Anglais - Larsen - Teia Education &amp; Play<\/title>\n<meta name=\"description\" content=\"Le puzzle \u00e9ducatif Larsen sur le syst\u00e8me solaire convient aux enfants plus \u00e2g\u00e9s qui souhaitent s&#039;initier aux sciences, \u00e0 l&#039;espace et aux plan\u00e8tes.\" \/>\n<meta name=\"robots\" content=\"index, follow, max-snippet:-1, max-image-preview:large, max-video-preview:-1\" \/>\n<link rel=\"canonical\" href=\"https:\/\/teiaeducation.ch\/fr\/produit\/maxi-puzzle-systeme-solaire-english-larsen\/\" \/>\n<meta property=\"og:locale\" content=\"fr_FR\" \/>\n<meta property=\"og:type\" content=\"article\" \/>\n<meta property=\"og:title\" content=\"Maxi puzzle du syst\u00e8me solaire : Anglais - Larsen\" \/>\n<meta property=\"og:description\" content=\"Le puzzle \u00e9ducatif Larsen sur le syst\u00e8me solaire convient aux enfants plus \u00e2g\u00e9s qui souhaitent s&#039;initier aux sciences, \u00e0 l&#039;espace et aux plan\u00e8tes.\" \/>\n<meta property=\"og:url\" content=\"https:\/\/teiaeducation.ch\/fr\/produit\/maxi-puzzle-systeme-solaire-english-larsen\/\" \/>\n<meta property=\"og:site_name\" content=\"Sustainable Educational Products &amp; Ecological Toys\u00a0\" \/>\n<meta property=\"article:publisher\" content=\"https:\/\/www.facebook.com\/teiaeducation\/\" \/>\n<meta property=\"article:modified_time\" content=\"2021-05-08T10:35:39+00:00\" \/>\n<meta property=\"og:image\" content=\"https:\/\/teiaeducation.ch\/wp-content\/uploads\/2020\/08\/Maxi-puzzle-solar-system-English-Larsen-1.jpg\" \/>\n\t<meta property=\"og:image:width\" content=\"1350\" \/>\n\t<meta property=\"og:image:height\" content=\"1055\" \/>\n\t<meta property=\"og:image:type\" content=\"image\/jpeg\" \/>\n<script type=\"application\/ld+json\" class=\"yoast-schema-graph\">{\"@context\":\"https:\\\/\\\/schema.org\",\"@graph\":[{\"@type\":\"WebPage\",\"@id\":\"https:\\\/\\\/teiaeducation.ch\\\/fr\\\/produit\\\/maxi-puzzle-systeme-solaire-english-larsen\\\/\",\"url\":\"https:\\\/\\\/teiaeducation.ch\\\/fr\\\/produit\\\/maxi-puzzle-systeme-solaire-english-larsen\\\/\",\"name\":\"Maxi puzzle du syst\u00e8me solaire : Anglais - Larsen - Teia Education & Play\",\"isPartOf\":{\"@id\":\"https:\\\/\\\/teiaeducation.ch\\\/fr\\\/#website\"},\"primaryImageOfPage\":{\"@id\":\"https:\\\/\\\/teiaeducation.ch\\\/fr\\\/produit\\\/maxi-puzzle-systeme-solaire-english-larsen\\\/#primaryimage\"},\"image\":{\"@id\":\"https:\\\/\\\/teiaeducation.ch\\\/fr\\\/produit\\\/maxi-puzzle-systeme-solaire-english-larsen\\\/#primaryimage\"},\"thumbnailUrl\":\"https:\\\/\\\/teiaeducation.ch\\\/wp-content\\\/uploads\\\/2020\\\/08\\\/Maxi-puzzle-solar-system-English-Larsen-1.jpg\",\"datePublished\":\"2020-09-21T10:07:34+00:00\",\"dateModified\":\"2021-05-08T10:35:39+00:00\",\"description\":\"Le puzzle \u00e9ducatif Larsen sur le syst\u00e8me solaire convient aux enfants plus \u00e2g\u00e9s qui souhaitent s'initier aux sciences, \u00e0 l'espace et aux plan\u00e8tes.\",\"breadcrumb\":{\"@id\":\"https:\\\/\\\/teiaeducation.ch\\\/fr\\\/produit\\\/maxi-puzzle-systeme-solaire-english-larsen\\\/#breadcrumb\"},\"inLanguage\":\"fr-FR\",\"potentialAction\":[{\"@type\":\"ReadAction\",\"target\":[\"https:\\\/\\\/teiaeducation.ch\\\/fr\\\/produit\\\/maxi-puzzle-systeme-solaire-english-larsen\\\/\"]}]},{\"@type\":\"ImageObject\",\"inLanguage\":\"fr-FR\",\"@id\":\"https:\\\/\\\/teiaeducation.ch\\\/fr\\\/produit\\\/maxi-puzzle-systeme-solaire-english-larsen\\\/#primaryimage\",\"url\":\"https:\\\/\\\/teiaeducation.ch\\\/wp-content\\\/uploads\\\/2020\\\/08\\\/Maxi-puzzle-solar-system-English-Larsen-1.jpg\",\"contentUrl\":\"https:\\\/\\\/teiaeducation.ch\\\/wp-content\\\/uploads\\\/2020\\\/08\\\/Maxi-puzzle-solar-system-English-Larsen-1.jpg\",\"width\":1350,\"height\":1055,\"caption\":\"Maxi puzzle du syst\u00e8me solaire : Anglais - Larsen\"},{\"@type\":\"BreadcrumbList\",\"@id\":\"https:\\\/\\\/teiaeducation.ch\\\/fr\\\/produit\\\/maxi-puzzle-systeme-solaire-english-larsen\\\/#breadcrumb\",\"itemListElement\":[{\"@type\":\"ListItem\",\"position\":1,\"name\":\"Home\",\"item\":\"https:\\\/\\\/teiaeducation.ch\\\/fr\\\/\"},{\"@type\":\"ListItem\",\"position\":2,\"name\":\"Boutique Teia Education &amp; Play\",\"item\":\"https:\\\/\\\/teiaeducation.ch\\\/fr\\\/boutique\\\/\"},{\"@type\":\"ListItem\",\"position\":3,\"name\":\"Nos Marques\",\"item\":\"https:\\\/\\\/teiaeducation.ch\\\/fr\\\/categorie-produit\\\/marques\\\/\"},{\"@type\":\"ListItem\",\"position\":4,\"name\":\"Larsen\",\"item\":\"https:\\\/\\\/teiaeducation.ch\\\/fr\\\/categorie-produit\\\/marques\\\/larsen-fr\\\/\"},{\"@type\":\"ListItem\",\"position\":5,\"name\":\"Puzzles Scientifiques\",\"item\":\"https:\\\/\\\/teiaeducation.ch\\\/fr\\\/categorie-produit\\\/marques\\\/larsen-fr\\\/puzzles-scientifiques\\\/\"},{\"@type\":\"ListItem\",\"position\":6,\"name\":\"Maxi puzzle du syst\u00e8me solaire : Anglais &#8211; Larsen\"}]},{\"@type\":\"WebSite\",\"@id\":\"https:\\\/\\\/teiaeducation.ch\\\/fr\\\/#website\",\"url\":\"https:\\\/\\\/teiaeducation.ch\\\/fr\\\/\",\"name\":\"Sustainable Educational Products &amp; Ecological Toys\u00a0\",\"description\":\"Specialised Swiss shop selling sustainable educational toys and games, AMI certified Montessori materials, handmade ecological wooden Waldorf toys and arts &amp; crafts supplies, school supplies, children&#039;s furniture and Montessori reference and parenting books.\",\"publisher\":{\"@id\":\"https:\\\/\\\/teiaeducation.ch\\\/fr\\\/#organization\"},\"alternateName\":\"Teia Education & Play\",\"potentialAction\":[{\"@type\":\"SearchAction\",\"target\":{\"@type\":\"EntryPoint\",\"urlTemplate\":\"https:\\\/\\\/teiaeducation.ch\\\/fr\\\/?s={search_term_string}\"},\"query-input\":{\"@type\":\"PropertyValueSpecification\",\"valueRequired\":true,\"valueName\":\"search_term_string\"}}],\"inLanguage\":\"fr-FR\"},{\"@type\":\"Organization\",\"@id\":\"https:\\\/\\\/teiaeducation.ch\\\/fr\\\/#organization\",\"name\":\"Teia Education & Play\",\"url\":\"https:\\\/\\\/teiaeducation.ch\\\/fr\\\/\",\"logo\":{\"@type\":\"ImageObject\",\"inLanguage\":\"fr-FR\",\"@id\":\"https:\\\/\\\/teiaeducation.ch\\\/fr\\\/#\\\/schema\\\/logo\\\/image\\\/\",\"url\":\"https:\\\/\\\/teiaeducation.ch\\\/wp-content\\\/uploads\\\/2020\\\/11\\\/Teia-Education-Switzerland-e1620156442216.jpg\",\"contentUrl\":\"https:\\\/\\\/teiaeducation.ch\\\/wp-content\\\/uploads\\\/2020\\\/11\\\/Teia-Education-Switzerland-e1620156442216.jpg\",\"width\":166,\"height\":145,\"caption\":\"Teia Education & Play\"},\"image\":{\"@id\":\"https:\\\/\\\/teiaeducation.ch\\\/fr\\\/#\\\/schema\\\/logo\\\/image\\\/\"},\"sameAs\":[\"https:\\\/\\\/www.facebook.com\\\/teiaeducation\\\/\",\"https:\\\/\\\/x.com\\\/EducationTeia\",\"https:\\\/\\\/www.instagram.com\\\/teia.education\\\/\",\"https:\\\/\\\/www.linkedin.com\\\/company\\\/35501660\",\"https:\\\/\\\/www.pinterest.ch\\\/TeiaEducation\\\/\"]}]}<\/script>\n<meta property=\"product:price:amount\" content=\"10.95\" \/>\n<meta property=\"product:price:currency\" content=\"CHF\" \/>\n<meta property=\"og:availability\" content=\"instock\" \/>\n<meta property=\"product:availability\" content=\"instock\" \/>\n<meta property=\"product:retailer_item_id\" content=\"00000000000000000000000000000000000000000000029782\" \/>\n<meta property=\"product:condition\" content=\"new\" \/>\n<!-- \/ Yoast SEO Premium plugin. -->","yoast_head_json":{"title":"Maxi puzzle du syst\u00e8me solaire : Anglais - Larsen - Teia Education & Play","description":"Le puzzle \u00e9ducatif Larsen sur le syst\u00e8me solaire convient aux enfants plus \u00e2g\u00e9s qui souhaitent s'initier aux sciences, \u00e0 l'espace et aux plan\u00e8tes.","robots":{"index":"index","follow":"follow","max-snippet":"max-snippet:-1","max-image-preview":"max-image-preview:large","max-video-preview":"max-video-preview:-1"},"canonical":"https:\/\/teiaeducation.ch\/fr\/produit\/maxi-puzzle-systeme-solaire-english-larsen\/","og_locale":"fr_FR","og_type":"article","og_title":"Maxi puzzle du syst\u00e8me solaire : Anglais - Larsen","og_description":"Le puzzle \u00e9ducatif Larsen sur le syst\u00e8me solaire convient aux enfants plus \u00e2g\u00e9s qui souhaitent s'initier aux sciences, \u00e0 l'espace et aux plan\u00e8tes.","og_url":"https:\/\/teiaeducation.ch\/fr\/produit\/maxi-puzzle-systeme-solaire-english-larsen\/","og_site_name":"Sustainable Educational Products &amp; Ecological Toys\u00a0","article_publisher":"https:\/\/www.facebook.com\/teiaeducation\/","article_modified_time":"2021-05-08T10:35:39+00:00","og_image":[{"width":1350,"height":1055,"url":"https:\/\/teiaeducation.ch\/wp-content\/uploads\/2020\/08\/Maxi-puzzle-solar-system-English-Larsen-1.jpg","type":"image\/jpeg"}],"schema":{"@context":"https:\/\/schema.org","@graph":[{"@type":"WebPage","@id":"https:\/\/teiaeducation.ch\/fr\/produit\/maxi-puzzle-systeme-solaire-english-larsen\/","url":"https:\/\/teiaeducation.ch\/fr\/produit\/maxi-puzzle-systeme-solaire-english-larsen\/","name":"Maxi puzzle du syst\u00e8me solaire : Anglais - Larsen - Teia Education & Play","isPartOf":{"@id":"https:\/\/teiaeducation.ch\/fr\/#website"},"primaryImageOfPage":{"@id":"https:\/\/teiaeducation.ch\/fr\/produit\/maxi-puzzle-systeme-solaire-english-larsen\/#primaryimage"},"image":{"@id":"https:\/\/teiaeducation.ch\/fr\/produit\/maxi-puzzle-systeme-solaire-english-larsen\/#primaryimage"},"thumbnailUrl":"https:\/\/teiaeducation.ch\/wp-content\/uploads\/2020\/08\/Maxi-puzzle-solar-system-English-Larsen-1.jpg","datePublished":"2020-09-21T10:07:34+00:00","dateModified":"2021-05-08T10:35:39+00:00","description":"Le puzzle \u00e9ducatif Larsen sur le syst\u00e8me solaire convient aux enfants plus \u00e2g\u00e9s qui souhaitent s'initier aux sciences, \u00e0 l'espace et aux plan\u00e8tes.","breadcrumb":{"@id":"https:\/\/teiaeducation.ch\/fr\/produit\/maxi-puzzle-systeme-solaire-english-larsen\/#breadcrumb"},"inLanguage":"fr-FR","potentialAction":[{"@type":"ReadAction","target":["https:\/\/teiaeducation.ch\/fr\/produit\/maxi-puzzle-systeme-solaire-english-larsen\/"]}]},{"@type":"ImageObject","inLanguage":"fr-FR","@id":"https:\/\/teiaeducation.ch\/fr\/produit\/maxi-puzzle-systeme-solaire-english-larsen\/#primaryimage","url":"https:\/\/teiaeducation.ch\/wp-content\/uploads\/2020\/08\/Maxi-puzzle-solar-system-English-Larsen-1.jpg","contentUrl":"https:\/\/teiaeducation.ch\/wp-content\/uploads\/2020\/08\/Maxi-puzzle-solar-system-English-Larsen-1.jpg","width":1350,"height":1055,"caption":"Maxi puzzle du syst\u00e8me solaire : Anglais - Larsen"},{"@type":"BreadcrumbList","@id":"https:\/\/teiaeducation.ch\/fr\/produit\/maxi-puzzle-systeme-solaire-english-larsen\/#breadcrumb","itemListElement":[{"@type":"ListItem","position":1,"name":"Home","item":"https:\/\/teiaeducation.ch\/fr\/"},{"@type":"ListItem","position":2,"name":"Boutique Teia Education &amp; Play","item":"https:\/\/teiaeducation.ch\/fr\/boutique\/"},{"@type":"ListItem","position":3,"name":"Nos Marques","item":"https:\/\/teiaeducation.ch\/fr\/categorie-produit\/marques\/"},{"@type":"ListItem","position":4,"name":"Larsen","item":"https:\/\/teiaeducation.ch\/fr\/categorie-produit\/marques\/larsen-fr\/"},{"@type":"ListItem","position":5,"name":"Puzzles Scientifiques","item":"https:\/\/teiaeducation.ch\/fr\/categorie-produit\/marques\/larsen-fr\/puzzles-scientifiques\/"},{"@type":"ListItem","position":6,"name":"Maxi puzzle du syst\u00e8me solaire : Anglais &#8211; Larsen"}]},{"@type":"WebSite","@id":"https:\/\/teiaeducation.ch\/fr\/#website","url":"https:\/\/teiaeducation.ch\/fr\/","name":"Sustainable Educational Products &amp; Ecological Toys\u00a0","description":"Specialised Swiss shop selling sustainable educational toys and games, AMI certified Montessori materials, handmade ecological wooden Waldorf toys and arts &amp; crafts supplies, school supplies, children&#039;s furniture and Montessori reference and parenting books.","publisher":{"@id":"https:\/\/teiaeducation.ch\/fr\/#organization"},"alternateName":"Teia Education & Play","potentialAction":[{"@type":"SearchAction","target":{"@type":"EntryPoint","urlTemplate":"https:\/\/teiaeducation.ch\/fr\/?s={search_term_string}"},"query-input":{"@type":"PropertyValueSpecification","valueRequired":true,"valueName":"search_term_string"}}],"inLanguage":"fr-FR"},{"@type":"Organization","@id":"https:\/\/teiaeducation.ch\/fr\/#organization","name":"Teia Education & Play","url":"https:\/\/teiaeducation.ch\/fr\/","logo":{"@type":"ImageObject","inLanguage":"fr-FR","@id":"https:\/\/teiaeducation.ch\/fr\/#\/schema\/logo\/image\/","url":"https:\/\/teiaeducation.ch\/wp-content\/uploads\/2020\/11\/Teia-Education-Switzerland-e1620156442216.jpg","contentUrl":"https:\/\/teiaeducation.ch\/wp-content\/uploads\/2020\/11\/Teia-Education-Switzerland-e1620156442216.jpg","width":166,"height":145,"caption":"Teia Education & Play"},"image":{"@id":"https:\/\/teiaeducation.ch\/fr\/#\/schema\/logo\/image\/"},"sameAs":["https:\/\/www.facebook.com\/teiaeducation\/","https:\/\/x.com\/EducationTeia","https:\/\/www.instagram.com\/teia.education\/","https:\/\/www.linkedin.com\/company\/35501660","https:\/\/www.pinterest.ch\/TeiaEducation\/"]}]},"product_price_amount":"10.95","product_price_currency":"CHF","og_availability":"instock","product_availability":"instock","product_retailer_item_id":"00000000000000000000000000000000000000000000029782","product_condition":"new"},"_links":{"self":[{"href":"https:\/\/teiaeducation.ch\/fr\/wp-json\/wp\/v2\/product\/36117","targetHints":{"allow":["GET"]}}],"collection":[{"href":"https:\/\/teiaeducation.ch\/fr\/wp-json\/wp\/v2\/product"}],"about":[{"href":"https:\/\/teiaeducation.ch\/fr\/wp-json\/wp\/v2\/types\/product"}],"replies":[{"embeddable":true,"href":"https:\/\/teiaeducation.ch\/fr\/wp-json\/wp\/v2\/comments?post=36117"}],"wp:featuredmedia":[{"embeddable":true,"href":"https:\/\/teiaeducation.ch\/fr\/wp-json\/wp\/v2\/media\/29798"}],"wp:attachment":[{"href":"https:\/\/teiaeducation.ch\/fr\/wp-json\/wp\/v2\/media?parent=36117"}],"wp:term":[{"taxonomy":"product_brand","embeddable":true,"href":"https:\/\/teiaeducation.ch\/fr\/wp-json\/wp\/v2\/product_brand?post=36117"},{"taxonomy":"product_cat","embeddable":true,"href":"https:\/\/teiaeducation.ch\/fr\/wp-json\/wp\/v2\/product_cat?post=36117"},{"taxonomy":"product_tag","embeddable":true,"href":"https:\/\/teiaeducation.ch\/fr\/wp-json\/wp\/v2\/product_tag?post=36117"}],"curies":[{"name":"wp","href":"https:\/\/api.w.org\/{rel}","templated":true}]}}