{"id":36118,"date":"2020-09-21T11:33:42","date_gmt":"2020-09-21T09:33:42","guid":{"rendered":"https:\/\/teiaeducation.ch\/product\/maxi-puzzle-apprendre-lheure-anglais-larsen\/"},"modified":"2021-05-08T12:43:08","modified_gmt":"2021-05-08T10:43:08","slug":"maxi-puzzle-apprrendre-lheure-anglais-larsen","status":"publish","type":"product","link":"https:\/\/teiaeducation.ch\/fr\/produit\/maxi-puzzle-apprrendre-lheure-anglais-larsen\/","title":{"rendered":"Maxi puzzle apprendre l&#8217;heure : Anglais &#8211; Larsen"},"content":{"rendered":"<p>Maxi puzzle apprendre l&#8217;heure : Anglais &#8211; Larsen<\/p>\n<p>Apprends \u00e0 lire l&#8217;heure en lisant et en pla\u00e7ant les 42 horloges analogiques dans ce puzzle amusant et \u00e9ducatif de la marque norv\u00e9gienne Larsen.<\/p>\n<p>Ce puzzle aidera les enfants \u00e0 apprendre \u00e0 lire l&#8217;heure rapidement de mani\u00e8re amusante et stimulante.<\/p>\n<p>L&#8217;heure de chaque pi\u00e8ce du puzzle est indiqu\u00e9e sur le cadre en format num\u00e9rique. L&#8217;horloge num\u00e9rique est affich\u00e9e avec une conversion en 12 heures et en 24 heures. Les minutes et les heures en lettres sont affich\u00e9es en dessous. La personne qui fait le puzzle doit faire correspondre les pi\u00e8ces de l&#8217;horloge analogique aux \u00e9tiquettes de l&#8217;heure num\u00e9rique et \u00e9crite correctes.<\/p>\n<p>Le puzzle comporte 42 pi\u00e8ces dont les bords sont incurv\u00e9s et d\u00e9coup\u00e9s sur mesure, de sorte qu&#8217;elles ne peuvent s&#8217;embo\u00eeter qu&#8217;au bon endroit, ce qui est id\u00e9al pour l&#8217;autocorrection.<\/p>\n<p>Ce puzzle robuste, de type plateau, fabriqu\u00e9 en carton recycl\u00e9 avec des pi\u00e8ces de puzzle tr\u00e8s \u00e9paisses, convient aux enfants un peu plus \u00e2g\u00e9s qui souhaitent apprendre \u00e0 lire l&#8217;heure d\u00e8s la petite enfance.<\/p>\n<p>Le maxi-puzzle Larsen &#8220;apprendre l&#8217;heure&#8221; mesure 36,5 x 28,5 cm et est \u00e9galement disponible en fran\u00e7ais et en allemand.<\/p>\n<p>Depuis 1953, la marque norv\u00e9gienne Larsen produit des puzzles de haute qualit\u00e9, de type plateau, fabriqu\u00e9s \u00e0 partir de carton recycl\u00e9. Les puzzles ont des pi\u00e8ces tr\u00e8s \u00e9paisses qui ne se cassent pas facilement et sont toujours produits dans l&#8217;usine familiale de Larsen \u00e0 Flekkefjord, une ville idyllique du sud de la Norv\u00e8ge.<\/p>\n<p>Contenu :<\/p>\n<p>1 maxi puzzle en carton (36,5 x 28,5cm)<\/p>\n","protected":false},"excerpt":{"rendered":"<p>Num\u00e9ro d&#8217;article: OB7-GB<\/p>\n","protected":false},"featured_media":29794,"comment_status":"open","ping_status":"closed","template":"","meta":[],"product_brand":[],"product_cat":[8580,216,283,8526,1220,17214,288,7595,217,5851,17219,629,212],"product_tag":[19363,19339,19366,19337,19336,19338,19360,19334,19333,19332,19364,19335,19331,19347,19365,19361,19362,19340],"class_list":{"0":"post-36118","1":"product","2":"type-product","3":"status-publish","4":"has-post-thumbnail","6":"product_cat-6-12-ans-ecole-a-domicile","7":"product_cat-6-12-ans","8":"product_cat-domaines-du-curriculum","9":"product_cat-fournitures-scolaires-a-domicile","10":"product_cat-traditionnelle","11":"product_cat-larsen-fr","12":"product_cat-mathematiques-calcul","13":"product_cat-methode-deducation","14":"product_cat-marques","15":"product_cat-nouveautes","16":"product_cat-puzzles-mathematiques","17":"product_cat-temps-fr","18":"product_cat-tranche-dage","19":"product_tag-apprendre-lheure-puzzle","20":"product_tag-casse-tete-pour-enfants","21":"product_tag-horloge-analogue-digital-puzzle","22":"product_tag-larsen-casse-tete","23":"product_tag-larsen-norway-fr","24":"product_tag-larsen-puzzle-fr","25":"product_tag-larsen-puzzle-horloge","26":"product_tag-larsen-puzzle-schweiz-fr","27":"product_tag-larsen-puzzle-suisse-fr","28":"product_tag-larsen-puzzle-switzerland-fr","29":"product_tag-lire-lheure-puzzle","30":"product_tag-puzzle-dapprentissage-pour-la-petite-enfance","31":"product_tag-puzzle-educatif","32":"product_tag-puzzle-educatif-larsen","33":"product_tag-puzzle-horloge-analogique","34":"product_tag-puzzle-larsen-sur-lheure","35":"product_tag-puzzle-pour-dire-lheure","36":"product_tag-puzzle-pour-enfants","38":"first","39":"outofstock","40":"taxable","41":"shipping-taxable","42":"purchasable","43":"product-type-simple"},"yoast_head":"<!-- This site is optimized with the Yoast SEO plugin v27.1.1 - https:\/\/yoast.com\/product\/yoast-seo-wordpress\/ -->\n<title>Maxi puzzle apprendre l&#039;heure : Anglais - Larsen - Teia Education &amp; Play<\/title>\n<meta name=\"description\" content=\"Le puzzle \u00e9ducatif Larsen apprendre l&#039;heure convient aux enfants plus \u00e2g\u00e9s qui souhaitent apprendre \u00e0 lire l&#039;heure.\" \/>\n<meta name=\"robots\" content=\"index, follow, max-snippet:-1, max-image-preview:large, max-video-preview:-1\" \/>\n<link rel=\"canonical\" href=\"https:\/\/teiaeducation.ch\/fr\/produit\/maxi-puzzle-apprrendre-lheure-anglais-larsen\/\" \/>\n<meta property=\"og:locale\" content=\"fr_FR\" \/>\n<meta property=\"og:type\" content=\"article\" \/>\n<meta property=\"og:title\" content=\"Maxi puzzle apprendre l&#039;heure : Anglais - Larsen - Teia Education &amp; Play\" \/>\n<meta property=\"og:description\" content=\"Le puzzle \u00e9ducatif Larsen apprendre l&#039;heure convient aux enfants plus \u00e2g\u00e9s qui souhaitent apprendre \u00e0 lire l&#039;heure.\" \/>\n<meta property=\"og:url\" content=\"https:\/\/teiaeducation.ch\/fr\/produit\/maxi-puzzle-apprrendre-lheure-anglais-larsen\/\" \/>\n<meta property=\"og:site_name\" content=\"Sustainable Educational Products &amp; Ecological Toys\u00a0\" \/>\n<meta property=\"article:publisher\" content=\"https:\/\/www.facebook.com\/teiaeducation\/\" \/>\n<meta property=\"article:modified_time\" content=\"2021-05-08T10:43:08+00:00\" \/>\n<meta property=\"og:image\" content=\"https:\/\/teiaeducation.ch\/wp-content\/uploads\/2020\/08\/Maxi-puzzle-learn-the-clock-English-Larsen-1.jpg\" \/>\n\t<meta property=\"og:image:width\" content=\"1055\" \/>\n\t<meta property=\"og:image:height\" content=\"1350\" \/>\n\t<meta property=\"og:image:type\" content=\"image\/jpeg\" \/>\n<script type=\"application\/ld+json\" class=\"yoast-schema-graph\">{\"@context\":\"https:\/\/schema.org\",\"@graph\":[{\"@type\":\"WebPage\",\"@id\":\"https:\/\/teiaeducation.ch\/fr\/produit\/maxi-puzzle-apprrendre-lheure-anglais-larsen\/\",\"url\":\"https:\/\/teiaeducation.ch\/fr\/produit\/maxi-puzzle-apprrendre-lheure-anglais-larsen\/\",\"name\":\"Maxi puzzle apprendre l'heure : Anglais - Larsen - Teia Education & Play\",\"isPartOf\":{\"@id\":\"https:\/\/teiaeducation.ch\/fr\/#website\"},\"primaryImageOfPage\":{\"@id\":\"https:\/\/teiaeducation.ch\/fr\/produit\/maxi-puzzle-apprrendre-lheure-anglais-larsen\/#primaryimage\"},\"image\":{\"@id\":\"https:\/\/teiaeducation.ch\/fr\/produit\/maxi-puzzle-apprrendre-lheure-anglais-larsen\/#primaryimage\"},\"thumbnailUrl\":\"https:\/\/teiaeducation.ch\/wp-content\/uploads\/2020\/08\/Maxi-puzzle-learn-the-clock-English-Larsen-1.jpg\",\"datePublished\":\"2020-09-21T09:33:42+00:00\",\"dateModified\":\"2021-05-08T10:43:08+00:00\",\"description\":\"Le puzzle \u00e9ducatif Larsen apprendre l'heure convient aux enfants plus \u00e2g\u00e9s qui souhaitent apprendre \u00e0 lire l'heure.\",\"breadcrumb\":{\"@id\":\"https:\/\/teiaeducation.ch\/fr\/produit\/maxi-puzzle-apprrendre-lheure-anglais-larsen\/#breadcrumb\"},\"inLanguage\":\"fr-FR\",\"potentialAction\":[{\"@type\":\"ReadAction\",\"target\":[\"https:\/\/teiaeducation.ch\/fr\/produit\/maxi-puzzle-apprrendre-lheure-anglais-larsen\/\"]}]},{\"@type\":\"ImageObject\",\"inLanguage\":\"fr-FR\",\"@id\":\"https:\/\/teiaeducation.ch\/fr\/produit\/maxi-puzzle-apprrendre-lheure-anglais-larsen\/#primaryimage\",\"url\":\"https:\/\/teiaeducation.ch\/wp-content\/uploads\/2020\/08\/Maxi-puzzle-learn-the-clock-English-Larsen-1.jpg\",\"contentUrl\":\"https:\/\/teiaeducation.ch\/wp-content\/uploads\/2020\/08\/Maxi-puzzle-learn-the-clock-English-Larsen-1.jpg\",\"width\":1055,\"height\":1350,\"caption\":\"Maxi puzzle apprendre l'heure : Anglais - Larsen\"},{\"@type\":\"BreadcrumbList\",\"@id\":\"https:\/\/teiaeducation.ch\/fr\/produit\/maxi-puzzle-apprrendre-lheure-anglais-larsen\/#breadcrumb\",\"itemListElement\":[{\"@type\":\"ListItem\",\"position\":1,\"name\":\"Home\",\"item\":\"https:\/\/teiaeducation.ch\/fr\/\"},{\"@type\":\"ListItem\",\"position\":2,\"name\":\"Boutique Teia Education &amp; Play\",\"item\":\"https:\/\/teiaeducation.ch\/fr\/boutique\/\"},{\"@type\":\"ListItem\",\"position\":3,\"name\":\"Nos Marques\",\"item\":\"https:\/\/teiaeducation.ch\/fr\/categorie-produit\/marques\/\"},{\"@type\":\"ListItem\",\"position\":4,\"name\":\"Larsen\",\"item\":\"https:\/\/teiaeducation.ch\/fr\/categorie-produit\/marques\/larsen-fr\/\"},{\"@type\":\"ListItem\",\"position\":5,\"name\":\"Puzzles Math\u00e9matiques\",\"item\":\"https:\/\/teiaeducation.ch\/fr\/categorie-produit\/marques\/larsen-fr\/puzzles-mathematiques\/\"},{\"@type\":\"ListItem\",\"position\":6,\"name\":\"Maxi puzzle apprendre l&#8217;heure : Anglais &#8211; Larsen\"}]},{\"@type\":\"WebSite\",\"@id\":\"https:\/\/teiaeducation.ch\/fr\/#website\",\"url\":\"https:\/\/teiaeducation.ch\/fr\/\",\"name\":\"Sustainable Educational Products &amp; Ecological Toys\u00a0\",\"description\":\"Specialised Swiss shop selling sustainable educational toys and games, AMI certified Montessori materials, handmade ecological wooden Waldorf toys and arts &amp; crafts supplies, school supplies, children&#039;s furniture and Montessori reference and parenting books.\",\"publisher\":{\"@id\":\"https:\/\/teiaeducation.ch\/fr\/#organization\"},\"alternateName\":\"Teia Education & Play\",\"potentialAction\":[{\"@type\":\"SearchAction\",\"target\":{\"@type\":\"EntryPoint\",\"urlTemplate\":\"https:\/\/teiaeducation.ch\/fr\/?s={search_term_string}\"},\"query-input\":{\"@type\":\"PropertyValueSpecification\",\"valueRequired\":true,\"valueName\":\"search_term_string\"}}],\"inLanguage\":\"fr-FR\"},{\"@type\":\"Organization\",\"@id\":\"https:\/\/teiaeducation.ch\/fr\/#organization\",\"name\":\"Teia Education & Play\",\"url\":\"https:\/\/teiaeducation.ch\/fr\/\",\"logo\":{\"@type\":\"ImageObject\",\"inLanguage\":\"fr-FR\",\"@id\":\"https:\/\/teiaeducation.ch\/fr\/#\/schema\/logo\/image\/\",\"url\":\"https:\/\/teiaeducation.ch\/wp-content\/uploads\/2020\/11\/Teia-Education-Switzerland-e1620156442216.jpg\",\"contentUrl\":\"https:\/\/teiaeducation.ch\/wp-content\/uploads\/2020\/11\/Teia-Education-Switzerland-e1620156442216.jpg\",\"width\":166,\"height\":145,\"caption\":\"Teia Education & Play\"},\"image\":{\"@id\":\"https:\/\/teiaeducation.ch\/fr\/#\/schema\/logo\/image\/\"},\"sameAs\":[\"https:\/\/www.facebook.com\/teiaeducation\/\",\"https:\/\/x.com\/EducationTeia\",\"https:\/\/www.instagram.com\/teia.education\/\",\"https:\/\/www.linkedin.com\/company\/35501660\",\"https:\/\/www.pinterest.ch\/TeiaEducation\/\"]}]}<\/script>\n<!-- \/ Yoast SEO plugin. -->","yoast_head_json":{"title":"Maxi puzzle apprendre l'heure : Anglais - Larsen - Teia Education & Play","description":"Le puzzle \u00e9ducatif Larsen apprendre l'heure convient aux enfants plus \u00e2g\u00e9s qui souhaitent apprendre \u00e0 lire l'heure.","robots":{"index":"index","follow":"follow","max-snippet":"max-snippet:-1","max-image-preview":"max-image-preview:large","max-video-preview":"max-video-preview:-1"},"canonical":"https:\/\/teiaeducation.ch\/fr\/produit\/maxi-puzzle-apprrendre-lheure-anglais-larsen\/","og_locale":"fr_FR","og_type":"article","og_title":"Maxi puzzle apprendre l'heure : Anglais - Larsen - Teia Education & Play","og_description":"Le puzzle \u00e9ducatif Larsen apprendre l'heure convient aux enfants plus \u00e2g\u00e9s qui souhaitent apprendre \u00e0 lire l'heure.","og_url":"https:\/\/teiaeducation.ch\/fr\/produit\/maxi-puzzle-apprrendre-lheure-anglais-larsen\/","og_site_name":"Sustainable Educational Products &amp; Ecological Toys\u00a0","article_publisher":"https:\/\/www.facebook.com\/teiaeducation\/","article_modified_time":"2021-05-08T10:43:08+00:00","og_image":[{"width":1055,"height":1350,"url":"https:\/\/teiaeducation.ch\/wp-content\/uploads\/2020\/08\/Maxi-puzzle-learn-the-clock-English-Larsen-1.jpg","type":"image\/jpeg"}],"schema":{"@context":"https:\/\/schema.org","@graph":[{"@type":"WebPage","@id":"https:\/\/teiaeducation.ch\/fr\/produit\/maxi-puzzle-apprrendre-lheure-anglais-larsen\/","url":"https:\/\/teiaeducation.ch\/fr\/produit\/maxi-puzzle-apprrendre-lheure-anglais-larsen\/","name":"Maxi puzzle apprendre l'heure : Anglais - Larsen - Teia Education & Play","isPartOf":{"@id":"https:\/\/teiaeducation.ch\/fr\/#website"},"primaryImageOfPage":{"@id":"https:\/\/teiaeducation.ch\/fr\/produit\/maxi-puzzle-apprrendre-lheure-anglais-larsen\/#primaryimage"},"image":{"@id":"https:\/\/teiaeducation.ch\/fr\/produit\/maxi-puzzle-apprrendre-lheure-anglais-larsen\/#primaryimage"},"thumbnailUrl":"https:\/\/teiaeducation.ch\/wp-content\/uploads\/2020\/08\/Maxi-puzzle-learn-the-clock-English-Larsen-1.jpg","datePublished":"2020-09-21T09:33:42+00:00","dateModified":"2021-05-08T10:43:08+00:00","description":"Le puzzle \u00e9ducatif Larsen apprendre l'heure convient aux enfants plus \u00e2g\u00e9s qui souhaitent apprendre \u00e0 lire l'heure.","breadcrumb":{"@id":"https:\/\/teiaeducation.ch\/fr\/produit\/maxi-puzzle-apprrendre-lheure-anglais-larsen\/#breadcrumb"},"inLanguage":"fr-FR","potentialAction":[{"@type":"ReadAction","target":["https:\/\/teiaeducation.ch\/fr\/produit\/maxi-puzzle-apprrendre-lheure-anglais-larsen\/"]}]},{"@type":"ImageObject","inLanguage":"fr-FR","@id":"https:\/\/teiaeducation.ch\/fr\/produit\/maxi-puzzle-apprrendre-lheure-anglais-larsen\/#primaryimage","url":"https:\/\/teiaeducation.ch\/wp-content\/uploads\/2020\/08\/Maxi-puzzle-learn-the-clock-English-Larsen-1.jpg","contentUrl":"https:\/\/teiaeducation.ch\/wp-content\/uploads\/2020\/08\/Maxi-puzzle-learn-the-clock-English-Larsen-1.jpg","width":1055,"height":1350,"caption":"Maxi puzzle apprendre l'heure : Anglais - Larsen"},{"@type":"BreadcrumbList","@id":"https:\/\/teiaeducation.ch\/fr\/produit\/maxi-puzzle-apprrendre-lheure-anglais-larsen\/#breadcrumb","itemListElement":[{"@type":"ListItem","position":1,"name":"Home","item":"https:\/\/teiaeducation.ch\/fr\/"},{"@type":"ListItem","position":2,"name":"Boutique Teia Education &amp; Play","item":"https:\/\/teiaeducation.ch\/fr\/boutique\/"},{"@type":"ListItem","position":3,"name":"Nos Marques","item":"https:\/\/teiaeducation.ch\/fr\/categorie-produit\/marques\/"},{"@type":"ListItem","position":4,"name":"Larsen","item":"https:\/\/teiaeducation.ch\/fr\/categorie-produit\/marques\/larsen-fr\/"},{"@type":"ListItem","position":5,"name":"Puzzles Math\u00e9matiques","item":"https:\/\/teiaeducation.ch\/fr\/categorie-produit\/marques\/larsen-fr\/puzzles-mathematiques\/"},{"@type":"ListItem","position":6,"name":"Maxi puzzle apprendre l&#8217;heure : Anglais &#8211; Larsen"}]},{"@type":"WebSite","@id":"https:\/\/teiaeducation.ch\/fr\/#website","url":"https:\/\/teiaeducation.ch\/fr\/","name":"Sustainable Educational Products &amp; Ecological Toys\u00a0","description":"Specialised Swiss shop selling sustainable educational toys and games, AMI certified Montessori materials, handmade ecological wooden Waldorf toys and arts &amp; crafts supplies, school supplies, children&#039;s furniture and Montessori reference and parenting books.","publisher":{"@id":"https:\/\/teiaeducation.ch\/fr\/#organization"},"alternateName":"Teia Education & Play","potentialAction":[{"@type":"SearchAction","target":{"@type":"EntryPoint","urlTemplate":"https:\/\/teiaeducation.ch\/fr\/?s={search_term_string}"},"query-input":{"@type":"PropertyValueSpecification","valueRequired":true,"valueName":"search_term_string"}}],"inLanguage":"fr-FR"},{"@type":"Organization","@id":"https:\/\/teiaeducation.ch\/fr\/#organization","name":"Teia Education & Play","url":"https:\/\/teiaeducation.ch\/fr\/","logo":{"@type":"ImageObject","inLanguage":"fr-FR","@id":"https:\/\/teiaeducation.ch\/fr\/#\/schema\/logo\/image\/","url":"https:\/\/teiaeducation.ch\/wp-content\/uploads\/2020\/11\/Teia-Education-Switzerland-e1620156442216.jpg","contentUrl":"https:\/\/teiaeducation.ch\/wp-content\/uploads\/2020\/11\/Teia-Education-Switzerland-e1620156442216.jpg","width":166,"height":145,"caption":"Teia Education & Play"},"image":{"@id":"https:\/\/teiaeducation.ch\/fr\/#\/schema\/logo\/image\/"},"sameAs":["https:\/\/www.facebook.com\/teiaeducation\/","https:\/\/x.com\/EducationTeia","https:\/\/www.instagram.com\/teia.education\/","https:\/\/www.linkedin.com\/company\/35501660","https:\/\/www.pinterest.ch\/TeiaEducation\/"]}]}},"_links":{"self":[{"href":"https:\/\/teiaeducation.ch\/fr\/wp-json\/wp\/v2\/product\/36118","targetHints":{"allow":["GET"]}}],"collection":[{"href":"https:\/\/teiaeducation.ch\/fr\/wp-json\/wp\/v2\/product"}],"about":[{"href":"https:\/\/teiaeducation.ch\/fr\/wp-json\/wp\/v2\/types\/product"}],"replies":[{"embeddable":true,"href":"https:\/\/teiaeducation.ch\/fr\/wp-json\/wp\/v2\/comments?post=36118"}],"wp:featuredmedia":[{"embeddable":true,"href":"https:\/\/teiaeducation.ch\/fr\/wp-json\/wp\/v2\/media\/29794"}],"wp:attachment":[{"href":"https:\/\/teiaeducation.ch\/fr\/wp-json\/wp\/v2\/media?parent=36118"}],"wp:term":[{"taxonomy":"product_brand","embeddable":true,"href":"https:\/\/teiaeducation.ch\/fr\/wp-json\/wp\/v2\/product_brand?post=36118"},{"taxonomy":"product_cat","embeddable":true,"href":"https:\/\/teiaeducation.ch\/fr\/wp-json\/wp\/v2\/product_cat?post=36118"},{"taxonomy":"product_tag","embeddable":true,"href":"https:\/\/teiaeducation.ch\/fr\/wp-json\/wp\/v2\/product_tag?post=36118"}],"curies":[{"name":"wp","href":"https:\/\/api.w.org\/{rel}","templated":true}]}}