{"id":36119,"date":"2020-09-21T11:08:51","date_gmt":"2020-09-21T09:08:51","guid":{"rendered":"https:\/\/teiaeducation.ch\/product\/maxi-puzzle-panneaux-de-signalisation-allemand-larsen\/"},"modified":"2021-05-08T12:50:36","modified_gmt":"2021-05-08T10:50:36","slug":"maxi-puzzle-panneaux-de-signalisation-allemand-larsen","status":"publish","type":"product","link":"https:\/\/teiaeducation.ch\/fr\/produit\/maxi-puzzle-panneaux-de-signalisation-allemand-larsen\/","title":{"rendered":"Maxi puzzle panneaux de signalisation : Allemand &#8211; Larsen"},"content":{"rendered":"<p>Maxi puzzle panneaux de signalisation : Allemand &#8211; Larsen<\/p>\n<p>Apprenez 48 panneaux de signalisation et leurs significations avec ce puzzle amusant et \u00e9ducatif de la marque norv\u00e9gienne Larsen.<\/p>\n<p>Chaque pi\u00e8ce, d\u00e9coup\u00e9e sur mesure, affiche un panneau de signalisation diff\u00e9rent et ne s&#8217;adapte qu&#8217;\u00e0 l&#8217;\u00e9tiquette textuelle correspondante en allemand, ce qui permet au joueur de s&#8217;autocorriger.<\/p>\n<p>Ce puzzle robuste en forme de plateau, fabriqu\u00e9 \u00e0 partir de carton recycl\u00e9, comporte 48 pi\u00e8ces au total et convient aux enfants un peu plus \u00e2g\u00e9s int\u00e9ress\u00e9s par l&#8217;apprentissage pr\u00e9coce des panneaux de signalisation et de la s\u00e9curit\u00e9 routi\u00e8re.<\/p>\n<p>Le maxi-puzzle du panneaux de signalisation en allemand mesure 36,5 x 28,5 cm.<\/p>\n<p>Depuis 1953, la marque norv\u00e9gienne Larsen produit des puzzles de haute qualit\u00e9, de type plateau, fabriqu\u00e9s \u00e0 partir de carton recycl\u00e9. Les puzzles ont des pi\u00e8ces tr\u00e8s \u00e9paisses qui ne se cassent pas facilement et sont toujours produits dans l&#8217;usine familiale de Larsen \u00e0 Flekkefjord, une ville idyllique du sud de la Norv\u00e8ge.<\/p>\n<p>Contenu :<\/p>\n<p>1 maxi puzzle en carton (36,5 x 28,5cm)<\/p>\n","protected":false},"excerpt":{"rendered":"<p>Num\u00e9ro d&#8217;article: OB3-DE<\/p>\n","protected":false},"featured_media":29784,"comment_status":"open","ping_status":"closed","template":"","meta":[],"product_brand":[],"product_cat":[216,284,283,1220,291,17214,7595,217,5851,17220,212],"product_tag":[19339,19337,19336,19338,19367,19334,19333,19332,19335,19371,19331,19370,19368,19373,19372,19340,19369],"class_list":{"0":"post-36119","1":"product","2":"type-product","3":"status-publish","4":"has-post-thumbnail","6":"product_cat-6-12-ans","7":"product_cat-culture-sciences","8":"product_cat-domaines-du-curriculum","9":"product_cat-traditionnelle","10":"product_cat-la-vie-pratique","11":"product_cat-larsen-fr","12":"product_cat-methode-deducation","13":"product_cat-marques","14":"product_cat-nouveautes","15":"product_cat-puzzles-scientifiques","16":"product_cat-tranche-dage","17":"product_tag-casse-tete-pour-enfants","18":"product_tag-larsen-casse-tete","19":"product_tag-larsen-norway-fr","20":"product_tag-larsen-puzzle-fr","21":"product_tag-larsen-puzzle-panneaux-de-signalisation","22":"product_tag-larsen-puzzle-schweiz-fr","23":"product_tag-larsen-puzzle-suisse-fr","24":"product_tag-larsen-puzzle-switzerland-fr","25":"product_tag-puzzle-dapprentissage-pour-la-petite-enfance","26":"product_tag-puzzle-de-la-securite-routiere","27":"product_tag-puzzle-educatif","28":"product_tag-puzzle-panneaux-de-signalisation","29":"product_tag-puzzle-panneaux-de-signalisation-larsen","30":"product_tag-puzzle-panneaux-de-signalisation-schweiz","31":"product_tag-puzzle-panneaux-de-signalisation-switzerland","32":"product_tag-puzzle-pour-enfants","33":"product_tag-puzzle-sur-les-panneaux-de-signalisation-en-allemand","35":"first","36":"instock","37":"taxable","38":"shipping-taxable","39":"purchasable","40":"product-type-simple"},"yoast_head":"<!-- This site is optimized with the Yoast SEO Premium plugin v25.8 (Yoast SEO v27.4) - https:\/\/yoast.com\/product\/yoast-seo-premium-wordpress\/ -->\n<title>Maxi puzzle panneaux de signalisation : Allemand - Larsen - Teia Education &amp; Play<\/title>\n<meta name=\"description\" content=\"Le puzzle \u00e9ducatif Larsen sur les panneaux de signalisation convient aux enfants un peu plus \u00e2g\u00e9s qui souhaitent s&#039;initier \u00e0 la circulation et aux panneaux.\" \/>\n<meta name=\"robots\" content=\"index, follow, max-snippet:-1, max-image-preview:large, max-video-preview:-1\" \/>\n<link rel=\"canonical\" href=\"https:\/\/teiaeducation.ch\/fr\/produit\/maxi-puzzle-panneaux-de-signalisation-allemand-larsen\/\" \/>\n<meta property=\"og:locale\" content=\"fr_FR\" \/>\n<meta property=\"og:type\" content=\"article\" \/>\n<meta property=\"og:title\" content=\"Maxi puzzle panneaux de signalisation : Allemand - Larsen\" \/>\n<meta property=\"og:description\" content=\"Le puzzle \u00e9ducatif Larsen sur les panneaux de signalisation convient aux enfants un peu plus \u00e2g\u00e9s qui souhaitent s&#039;initier \u00e0 la circulation et aux panneaux.\" \/>\n<meta property=\"og:url\" content=\"https:\/\/teiaeducation.ch\/fr\/produit\/maxi-puzzle-panneaux-de-signalisation-allemand-larsen\/\" \/>\n<meta property=\"og:site_name\" content=\"Sustainable Educational Products &amp; Ecological Toys\u00a0\" \/>\n<meta property=\"article:publisher\" content=\"https:\/\/www.facebook.com\/teiaeducation\/\" \/>\n<meta property=\"article:modified_time\" content=\"2021-05-08T10:50:36+00:00\" \/>\n<meta property=\"og:image\" content=\"https:\/\/teiaeducation.ch\/wp-content\/uploads\/2020\/08\/Maxi-puzzle-traffic-sign-German-Larsen-1.jpg\" \/>\n\t<meta property=\"og:image:width\" content=\"1055\" \/>\n\t<meta property=\"og:image:height\" content=\"1350\" \/>\n\t<meta property=\"og:image:type\" content=\"image\/jpeg\" \/>\n<script type=\"application\/ld+json\" class=\"yoast-schema-graph\">{\"@context\":\"https:\\\/\\\/schema.org\",\"@graph\":[{\"@type\":\"WebPage\",\"@id\":\"https:\\\/\\\/teiaeducation.ch\\\/fr\\\/produit\\\/maxi-puzzle-panneaux-de-signalisation-allemand-larsen\\\/\",\"url\":\"https:\\\/\\\/teiaeducation.ch\\\/fr\\\/produit\\\/maxi-puzzle-panneaux-de-signalisation-allemand-larsen\\\/\",\"name\":\"Maxi puzzle panneaux de signalisation : Allemand - Larsen - Teia Education & Play\",\"isPartOf\":{\"@id\":\"https:\\\/\\\/teiaeducation.ch\\\/fr\\\/#website\"},\"primaryImageOfPage\":{\"@id\":\"https:\\\/\\\/teiaeducation.ch\\\/fr\\\/produit\\\/maxi-puzzle-panneaux-de-signalisation-allemand-larsen\\\/#primaryimage\"},\"image\":{\"@id\":\"https:\\\/\\\/teiaeducation.ch\\\/fr\\\/produit\\\/maxi-puzzle-panneaux-de-signalisation-allemand-larsen\\\/#primaryimage\"},\"thumbnailUrl\":\"https:\\\/\\\/teiaeducation.ch\\\/wp-content\\\/uploads\\\/2020\\\/08\\\/Maxi-puzzle-traffic-sign-German-Larsen-1.jpg\",\"datePublished\":\"2020-09-21T09:08:51+00:00\",\"dateModified\":\"2021-05-08T10:50:36+00:00\",\"description\":\"Le puzzle \u00e9ducatif Larsen sur les panneaux de signalisation convient aux enfants un peu plus \u00e2g\u00e9s qui souhaitent s'initier \u00e0 la circulation et aux panneaux.\",\"breadcrumb\":{\"@id\":\"https:\\\/\\\/teiaeducation.ch\\\/fr\\\/produit\\\/maxi-puzzle-panneaux-de-signalisation-allemand-larsen\\\/#breadcrumb\"},\"inLanguage\":\"fr-FR\",\"potentialAction\":[{\"@type\":\"ReadAction\",\"target\":[\"https:\\\/\\\/teiaeducation.ch\\\/fr\\\/produit\\\/maxi-puzzle-panneaux-de-signalisation-allemand-larsen\\\/\"]}]},{\"@type\":\"ImageObject\",\"inLanguage\":\"fr-FR\",\"@id\":\"https:\\\/\\\/teiaeducation.ch\\\/fr\\\/produit\\\/maxi-puzzle-panneaux-de-signalisation-allemand-larsen\\\/#primaryimage\",\"url\":\"https:\\\/\\\/teiaeducation.ch\\\/wp-content\\\/uploads\\\/2020\\\/08\\\/Maxi-puzzle-traffic-sign-German-Larsen-1.jpg\",\"contentUrl\":\"https:\\\/\\\/teiaeducation.ch\\\/wp-content\\\/uploads\\\/2020\\\/08\\\/Maxi-puzzle-traffic-sign-German-Larsen-1.jpg\",\"width\":1055,\"height\":1350,\"caption\":\"Maxi puzzle panneaux de signalisation : Allemand - Larsen\"},{\"@type\":\"BreadcrumbList\",\"@id\":\"https:\\\/\\\/teiaeducation.ch\\\/fr\\\/produit\\\/maxi-puzzle-panneaux-de-signalisation-allemand-larsen\\\/#breadcrumb\",\"itemListElement\":[{\"@type\":\"ListItem\",\"position\":1,\"name\":\"Home\",\"item\":\"https:\\\/\\\/teiaeducation.ch\\\/fr\\\/\"},{\"@type\":\"ListItem\",\"position\":2,\"name\":\"Boutique Teia Education &amp; Play\",\"item\":\"https:\\\/\\\/teiaeducation.ch\\\/fr\\\/boutique\\\/\"},{\"@type\":\"ListItem\",\"position\":3,\"name\":\"Nos Marques\",\"item\":\"https:\\\/\\\/teiaeducation.ch\\\/fr\\\/categorie-produit\\\/marques\\\/\"},{\"@type\":\"ListItem\",\"position\":4,\"name\":\"Larsen\",\"item\":\"https:\\\/\\\/teiaeducation.ch\\\/fr\\\/categorie-produit\\\/marques\\\/larsen-fr\\\/\"},{\"@type\":\"ListItem\",\"position\":5,\"name\":\"Puzzles Scientifiques\",\"item\":\"https:\\\/\\\/teiaeducation.ch\\\/fr\\\/categorie-produit\\\/marques\\\/larsen-fr\\\/puzzles-scientifiques\\\/\"},{\"@type\":\"ListItem\",\"position\":6,\"name\":\"Maxi puzzle panneaux de signalisation : Allemand &#8211; Larsen\"}]},{\"@type\":\"WebSite\",\"@id\":\"https:\\\/\\\/teiaeducation.ch\\\/fr\\\/#website\",\"url\":\"https:\\\/\\\/teiaeducation.ch\\\/fr\\\/\",\"name\":\"Sustainable Educational Products &amp; Ecological Toys\u00a0\",\"description\":\"Specialised Swiss shop selling sustainable educational toys and games, AMI certified Montessori materials, handmade ecological wooden Waldorf toys and arts &amp; crafts supplies, school supplies, children&#039;s furniture and Montessori reference and parenting books.\",\"publisher\":{\"@id\":\"https:\\\/\\\/teiaeducation.ch\\\/fr\\\/#organization\"},\"alternateName\":\"Teia Education & Play\",\"potentialAction\":[{\"@type\":\"SearchAction\",\"target\":{\"@type\":\"EntryPoint\",\"urlTemplate\":\"https:\\\/\\\/teiaeducation.ch\\\/fr\\\/?s={search_term_string}\"},\"query-input\":{\"@type\":\"PropertyValueSpecification\",\"valueRequired\":true,\"valueName\":\"search_term_string\"}}],\"inLanguage\":\"fr-FR\"},{\"@type\":\"Organization\",\"@id\":\"https:\\\/\\\/teiaeducation.ch\\\/fr\\\/#organization\",\"name\":\"Teia Education & Play\",\"url\":\"https:\\\/\\\/teiaeducation.ch\\\/fr\\\/\",\"logo\":{\"@type\":\"ImageObject\",\"inLanguage\":\"fr-FR\",\"@id\":\"https:\\\/\\\/teiaeducation.ch\\\/fr\\\/#\\\/schema\\\/logo\\\/image\\\/\",\"url\":\"https:\\\/\\\/teiaeducation.ch\\\/wp-content\\\/uploads\\\/2020\\\/11\\\/Teia-Education-Switzerland-e1620156442216.jpg\",\"contentUrl\":\"https:\\\/\\\/teiaeducation.ch\\\/wp-content\\\/uploads\\\/2020\\\/11\\\/Teia-Education-Switzerland-e1620156442216.jpg\",\"width\":166,\"height\":145,\"caption\":\"Teia Education & Play\"},\"image\":{\"@id\":\"https:\\\/\\\/teiaeducation.ch\\\/fr\\\/#\\\/schema\\\/logo\\\/image\\\/\"},\"sameAs\":[\"https:\\\/\\\/www.facebook.com\\\/teiaeducation\\\/\",\"https:\\\/\\\/x.com\\\/EducationTeia\",\"https:\\\/\\\/www.instagram.com\\\/teia.education\\\/\",\"https:\\\/\\\/www.linkedin.com\\\/company\\\/35501660\",\"https:\\\/\\\/www.pinterest.ch\\\/TeiaEducation\\\/\"]}]}<\/script>\n<meta property=\"product:price:amount\" content=\"10.95\" \/>\n<meta property=\"product:price:currency\" content=\"CHF\" \/>\n<meta property=\"og:availability\" content=\"instock\" \/>\n<meta property=\"product:availability\" content=\"instock\" \/>\n<meta property=\"product:retailer_item_id\" content=\"00000000000000000000000000000000000000000000028528\" \/>\n<meta property=\"product:condition\" content=\"new\" \/>\n<!-- \/ Yoast SEO Premium plugin. -->","yoast_head_json":{"title":"Maxi puzzle panneaux de signalisation : Allemand - Larsen - Teia Education & Play","description":"Le puzzle \u00e9ducatif Larsen sur les panneaux de signalisation convient aux enfants un peu plus \u00e2g\u00e9s qui souhaitent s'initier \u00e0 la circulation et aux panneaux.","robots":{"index":"index","follow":"follow","max-snippet":"max-snippet:-1","max-image-preview":"max-image-preview:large","max-video-preview":"max-video-preview:-1"},"canonical":"https:\/\/teiaeducation.ch\/fr\/produit\/maxi-puzzle-panneaux-de-signalisation-allemand-larsen\/","og_locale":"fr_FR","og_type":"article","og_title":"Maxi puzzle panneaux de signalisation : Allemand - Larsen","og_description":"Le puzzle \u00e9ducatif Larsen sur les panneaux de signalisation convient aux enfants un peu plus \u00e2g\u00e9s qui souhaitent s'initier \u00e0 la circulation et aux panneaux.","og_url":"https:\/\/teiaeducation.ch\/fr\/produit\/maxi-puzzle-panneaux-de-signalisation-allemand-larsen\/","og_site_name":"Sustainable Educational Products &amp; Ecological Toys\u00a0","article_publisher":"https:\/\/www.facebook.com\/teiaeducation\/","article_modified_time":"2021-05-08T10:50:36+00:00","og_image":[{"width":1055,"height":1350,"url":"https:\/\/teiaeducation.ch\/wp-content\/uploads\/2020\/08\/Maxi-puzzle-traffic-sign-German-Larsen-1.jpg","type":"image\/jpeg"}],"schema":{"@context":"https:\/\/schema.org","@graph":[{"@type":"WebPage","@id":"https:\/\/teiaeducation.ch\/fr\/produit\/maxi-puzzle-panneaux-de-signalisation-allemand-larsen\/","url":"https:\/\/teiaeducation.ch\/fr\/produit\/maxi-puzzle-panneaux-de-signalisation-allemand-larsen\/","name":"Maxi puzzle panneaux de signalisation : Allemand - Larsen - Teia Education & Play","isPartOf":{"@id":"https:\/\/teiaeducation.ch\/fr\/#website"},"primaryImageOfPage":{"@id":"https:\/\/teiaeducation.ch\/fr\/produit\/maxi-puzzle-panneaux-de-signalisation-allemand-larsen\/#primaryimage"},"image":{"@id":"https:\/\/teiaeducation.ch\/fr\/produit\/maxi-puzzle-panneaux-de-signalisation-allemand-larsen\/#primaryimage"},"thumbnailUrl":"https:\/\/teiaeducation.ch\/wp-content\/uploads\/2020\/08\/Maxi-puzzle-traffic-sign-German-Larsen-1.jpg","datePublished":"2020-09-21T09:08:51+00:00","dateModified":"2021-05-08T10:50:36+00:00","description":"Le puzzle \u00e9ducatif Larsen sur les panneaux de signalisation convient aux enfants un peu plus \u00e2g\u00e9s qui souhaitent s'initier \u00e0 la circulation et aux panneaux.","breadcrumb":{"@id":"https:\/\/teiaeducation.ch\/fr\/produit\/maxi-puzzle-panneaux-de-signalisation-allemand-larsen\/#breadcrumb"},"inLanguage":"fr-FR","potentialAction":[{"@type":"ReadAction","target":["https:\/\/teiaeducation.ch\/fr\/produit\/maxi-puzzle-panneaux-de-signalisation-allemand-larsen\/"]}]},{"@type":"ImageObject","inLanguage":"fr-FR","@id":"https:\/\/teiaeducation.ch\/fr\/produit\/maxi-puzzle-panneaux-de-signalisation-allemand-larsen\/#primaryimage","url":"https:\/\/teiaeducation.ch\/wp-content\/uploads\/2020\/08\/Maxi-puzzle-traffic-sign-German-Larsen-1.jpg","contentUrl":"https:\/\/teiaeducation.ch\/wp-content\/uploads\/2020\/08\/Maxi-puzzle-traffic-sign-German-Larsen-1.jpg","width":1055,"height":1350,"caption":"Maxi puzzle panneaux de signalisation : Allemand - Larsen"},{"@type":"BreadcrumbList","@id":"https:\/\/teiaeducation.ch\/fr\/produit\/maxi-puzzle-panneaux-de-signalisation-allemand-larsen\/#breadcrumb","itemListElement":[{"@type":"ListItem","position":1,"name":"Home","item":"https:\/\/teiaeducation.ch\/fr\/"},{"@type":"ListItem","position":2,"name":"Boutique Teia Education &amp; Play","item":"https:\/\/teiaeducation.ch\/fr\/boutique\/"},{"@type":"ListItem","position":3,"name":"Nos Marques","item":"https:\/\/teiaeducation.ch\/fr\/categorie-produit\/marques\/"},{"@type":"ListItem","position":4,"name":"Larsen","item":"https:\/\/teiaeducation.ch\/fr\/categorie-produit\/marques\/larsen-fr\/"},{"@type":"ListItem","position":5,"name":"Puzzles Scientifiques","item":"https:\/\/teiaeducation.ch\/fr\/categorie-produit\/marques\/larsen-fr\/puzzles-scientifiques\/"},{"@type":"ListItem","position":6,"name":"Maxi puzzle panneaux de signalisation : Allemand &#8211; Larsen"}]},{"@type":"WebSite","@id":"https:\/\/teiaeducation.ch\/fr\/#website","url":"https:\/\/teiaeducation.ch\/fr\/","name":"Sustainable Educational Products &amp; Ecological Toys\u00a0","description":"Specialised Swiss shop selling sustainable educational toys and games, AMI certified Montessori materials, handmade ecological wooden Waldorf toys and arts &amp; crafts supplies, school supplies, children&#039;s furniture and Montessori reference and parenting books.","publisher":{"@id":"https:\/\/teiaeducation.ch\/fr\/#organization"},"alternateName":"Teia Education & Play","potentialAction":[{"@type":"SearchAction","target":{"@type":"EntryPoint","urlTemplate":"https:\/\/teiaeducation.ch\/fr\/?s={search_term_string}"},"query-input":{"@type":"PropertyValueSpecification","valueRequired":true,"valueName":"search_term_string"}}],"inLanguage":"fr-FR"},{"@type":"Organization","@id":"https:\/\/teiaeducation.ch\/fr\/#organization","name":"Teia Education & Play","url":"https:\/\/teiaeducation.ch\/fr\/","logo":{"@type":"ImageObject","inLanguage":"fr-FR","@id":"https:\/\/teiaeducation.ch\/fr\/#\/schema\/logo\/image\/","url":"https:\/\/teiaeducation.ch\/wp-content\/uploads\/2020\/11\/Teia-Education-Switzerland-e1620156442216.jpg","contentUrl":"https:\/\/teiaeducation.ch\/wp-content\/uploads\/2020\/11\/Teia-Education-Switzerland-e1620156442216.jpg","width":166,"height":145,"caption":"Teia Education & Play"},"image":{"@id":"https:\/\/teiaeducation.ch\/fr\/#\/schema\/logo\/image\/"},"sameAs":["https:\/\/www.facebook.com\/teiaeducation\/","https:\/\/x.com\/EducationTeia","https:\/\/www.instagram.com\/teia.education\/","https:\/\/www.linkedin.com\/company\/35501660","https:\/\/www.pinterest.ch\/TeiaEducation\/"]}]},"product_price_amount":"10.95","product_price_currency":"CHF","og_availability":"instock","product_availability":"instock","product_retailer_item_id":"00000000000000000000000000000000000000000000028528","product_condition":"new"},"_links":{"self":[{"href":"https:\/\/teiaeducation.ch\/fr\/wp-json\/wp\/v2\/product\/36119","targetHints":{"allow":["GET"]}}],"collection":[{"href":"https:\/\/teiaeducation.ch\/fr\/wp-json\/wp\/v2\/product"}],"about":[{"href":"https:\/\/teiaeducation.ch\/fr\/wp-json\/wp\/v2\/types\/product"}],"replies":[{"embeddable":true,"href":"https:\/\/teiaeducation.ch\/fr\/wp-json\/wp\/v2\/comments?post=36119"}],"wp:featuredmedia":[{"embeddable":true,"href":"https:\/\/teiaeducation.ch\/fr\/wp-json\/wp\/v2\/media\/29784"}],"wp:attachment":[{"href":"https:\/\/teiaeducation.ch\/fr\/wp-json\/wp\/v2\/media?parent=36119"}],"wp:term":[{"taxonomy":"product_brand","embeddable":true,"href":"https:\/\/teiaeducation.ch\/fr\/wp-json\/wp\/v2\/product_brand?post=36119"},{"taxonomy":"product_cat","embeddable":true,"href":"https:\/\/teiaeducation.ch\/fr\/wp-json\/wp\/v2\/product_cat?post=36119"},{"taxonomy":"product_tag","embeddable":true,"href":"https:\/\/teiaeducation.ch\/fr\/wp-json\/wp\/v2\/product_tag?post=36119"}],"curies":[{"name":"wp","href":"https:\/\/api.w.org\/{rel}","templated":true}]}}