{"id":36120,"date":"2020-09-03T15:21:22","date_gmt":"2020-09-03T13:21:22","guid":{"rendered":"https:\/\/teiaeducation.ch\/product\/maxi-puzzle-corps-humain-anglais-larsen\/"},"modified":"2021-05-08T12:56:25","modified_gmt":"2021-05-08T10:56:25","slug":"maxi-puzzle-corps-humain-anglais-larsen","status":"publish","type":"product","link":"https:\/\/teiaeducation.ch\/fr\/produit\/maxi-puzzle-corps-humain-anglais-larsen\/","title":{"rendered":"Maxi puzzle corps humain : Anglais &#8211; Larsen"},"content":{"rendered":"<p>Maxi puzzle corps humain : Anglais &#8211; Larsen<\/p>\n<p>Apprends les parties du corps humain avec ce puzzle amusant et \u00e9ducatif de la marque norv\u00e9gienne Larsen.<\/p>\n<p>Ce puzzle 2 en 1 aidera les enfants \u00e0 apprendre les parties du corps qui composent le corps humain. Le puzzle ext\u00e9rieur comprend 20 pi\u00e8ces de puzzle repr\u00e9sentant diverses parties du corps sur des pi\u00e8ces de puzzle individuelles \u00e0 bord incurv\u00e9 d\u00e9coup\u00e9es sur mesure. Sur le puzzle central figure l&#8217;illustration d&#8217;un gar\u00e7on et d&#8217;une fille \u00e0 travers 15 pi\u00e8ces de style puzzle plus traditionnel.<\/p>\n<p>Le cadre affiche le nom correct de la partie du corps, avec des fl\u00e8ches menant \u00e0 la partie du corps \u00e0 laquelle elle appartient. Chaque partie du corps, comme le cerveau, le c\u0153ur, le cr\u00e2ne et les yeux, est accompagn\u00e9e d&#8217;un \u00e9tiquetage plus d\u00e9taill\u00e9 pour aider les enfants \u00e0 en savoir plus sur chaque organe ou partie du squelette.<\/p>\n<p>Ce puzzle robuste de type plateau, fabriqu\u00e9 \u00e0 partir de carton recycl\u00e9, comporte 35 pi\u00e8ces au total et convient aux enfants un peu plus jeunes int\u00e9ress\u00e9s par l&#8217;apprentissage du corps humain, de l&#8217;anatomie, de la biologie et des sciences.<\/p>\n<p>Le maxi-puzzle Larsen le corps humain mesure 36,5 x 28,5 cm et est \u00e9galement disponible en fran\u00e7ais et en allemand.<\/p>\n<p>Depuis 1953, la marque norv\u00e9gienne Larsen produit des puzzles de haute qualit\u00e9, de type plateau, fabriqu\u00e9s \u00e0 partir de carton recycl\u00e9. Les puzzles ont des pi\u00e8ces tr\u00e8s \u00e9paisses qui ne se cassent pas facilement et sont toujours produits dans l&#8217;usine familiale de Larsen \u00e0 Flekkefjord, une ville idyllique du sud de la Norv\u00e8ge.<\/p>\n<p>Contenu :<\/p>\n<p>1 maxi puzzle en carton (36,5 x 28,5cm)<\/p>\n","protected":false},"excerpt":{"rendered":"<p>Num\u00e9ro d&#8217;article: OB1-GB<\/p>\n","protected":false},"featured_media":29026,"comment_status":"open","ping_status":"closed","template":"","meta":[],"product_brand":[],"product_cat":[8527,215,8580,216,284,283,8526,1220,17214,7595,217,5851,17220,212],"product_tag":[19339,19337,19336,19338,19376,19375,19334,19333,19332,19346,19374,19378,19335,19377,19331,19347,19340],"class_list":{"0":"post-36120","1":"product","2":"type-product","3":"status-publish","4":"has-post-thumbnail","6":"product_cat-3-6-ans-ecole-a-domicile","7":"product_cat-3-6-ans","8":"product_cat-6-12-ans-ecole-a-domicile","9":"product_cat-6-12-ans","10":"product_cat-culture-sciences","11":"product_cat-domaines-du-curriculum","12":"product_cat-fournitures-scolaires-a-domicile","13":"product_cat-traditionnelle","14":"product_cat-larsen-fr","15":"product_cat-methode-deducation","16":"product_cat-marques","17":"product_cat-nouveautes","18":"product_cat-puzzles-scientifiques","19":"product_cat-tranche-dage","20":"product_tag-casse-tete-pour-enfants","21":"product_tag-larsen-casse-tete","22":"product_tag-larsen-norway-fr","23":"product_tag-larsen-puzzle-fr","24":"product_tag-larsen-puzzle-anatomie","25":"product_tag-larsen-puzzle-biologie","26":"product_tag-larsen-puzzle-schweiz-fr","27":"product_tag-larsen-puzzle-suisse-fr","28":"product_tag-larsen-puzzle-switzerland-fr","29":"product_tag-larsen-science-puzzle-fr","30":"product_tag-puzzle-corps-humain-de-larsen","31":"product_tag-puzzle-danatomie-humaine","32":"product_tag-puzzle-dapprentissage-pour-la-petite-enfance","33":"product_tag-puzzle-des-parties-du-corps-de-larsen","34":"product_tag-puzzle-educatif","35":"product_tag-puzzle-educatif-larsen","36":"product_tag-puzzle-pour-enfants","38":"first","39":"outofstock","40":"taxable","41":"shipping-taxable","42":"purchasable","43":"product-type-simple"},"yoast_head":"<!-- This site is optimized with the Yoast SEO plugin v27.1.1 - https:\/\/yoast.com\/product\/yoast-seo-wordpress\/ -->\n<title>Maxi puzzle corps humain : Anglais - Larsen - Teia Education &amp; Play<\/title>\n<meta name=\"description\" content=\"Le puzzle \u00e9ducatif notre corps de Larsen est adapt\u00e9 aux jeunes enfants int\u00e9ress\u00e9s par l&#039;apprentissage de l&#039;anatomie humaine, de la biologie et des sciences.\" \/>\n<meta name=\"robots\" content=\"index, follow, max-snippet:-1, max-image-preview:large, max-video-preview:-1\" \/>\n<link rel=\"canonical\" href=\"https:\/\/teiaeducation.ch\/fr\/produit\/maxi-puzzle-corps-humain-anglais-larsen\/\" \/>\n<meta property=\"og:locale\" content=\"fr_FR\" \/>\n<meta property=\"og:type\" content=\"article\" \/>\n<meta property=\"og:title\" content=\"Maxi puzzle corps humain : Anglais - Larsen - Teia Education &amp; Play\" \/>\n<meta property=\"og:description\" content=\"Le puzzle \u00e9ducatif notre corps de Larsen est adapt\u00e9 aux jeunes enfants int\u00e9ress\u00e9s par l&#039;apprentissage de l&#039;anatomie humaine, de la biologie et des sciences.\" \/>\n<meta property=\"og:url\" content=\"https:\/\/teiaeducation.ch\/fr\/produit\/maxi-puzzle-corps-humain-anglais-larsen\/\" \/>\n<meta property=\"og:site_name\" content=\"Sustainable Educational Products &amp; Ecological Toys\u00a0\" \/>\n<meta property=\"article:publisher\" content=\"https:\/\/www.facebook.com\/teiaeducation\/\" \/>\n<meta property=\"article:modified_time\" content=\"2021-05-08T10:56:25+00:00\" \/>\n<meta property=\"og:image\" content=\"https:\/\/teiaeducation.ch\/wp-content\/uploads\/2020\/08\/Maxi-puzzle-our-body-English-Larsen.jpg\" \/>\n\t<meta property=\"og:image:width\" content=\"1055\" \/>\n\t<meta property=\"og:image:height\" content=\"1350\" \/>\n\t<meta property=\"og:image:type\" content=\"image\/jpeg\" \/>\n<script type=\"application\/ld+json\" class=\"yoast-schema-graph\">{\"@context\":\"https:\/\/schema.org\",\"@graph\":[{\"@type\":\"WebPage\",\"@id\":\"https:\/\/teiaeducation.ch\/fr\/produit\/maxi-puzzle-corps-humain-anglais-larsen\/\",\"url\":\"https:\/\/teiaeducation.ch\/fr\/produit\/maxi-puzzle-corps-humain-anglais-larsen\/\",\"name\":\"Maxi puzzle corps humain : Anglais - Larsen - Teia Education & Play\",\"isPartOf\":{\"@id\":\"https:\/\/teiaeducation.ch\/fr\/#website\"},\"primaryImageOfPage\":{\"@id\":\"https:\/\/teiaeducation.ch\/fr\/produit\/maxi-puzzle-corps-humain-anglais-larsen\/#primaryimage\"},\"image\":{\"@id\":\"https:\/\/teiaeducation.ch\/fr\/produit\/maxi-puzzle-corps-humain-anglais-larsen\/#primaryimage\"},\"thumbnailUrl\":\"https:\/\/teiaeducation.ch\/wp-content\/uploads\/2020\/08\/Maxi-puzzle-our-body-English-Larsen.jpg\",\"datePublished\":\"2020-09-03T13:21:22+00:00\",\"dateModified\":\"2021-05-08T10:56:25+00:00\",\"description\":\"Le puzzle \u00e9ducatif notre corps de Larsen est adapt\u00e9 aux jeunes enfants int\u00e9ress\u00e9s par l'apprentissage de l'anatomie humaine, de la biologie et des sciences.\",\"breadcrumb\":{\"@id\":\"https:\/\/teiaeducation.ch\/fr\/produit\/maxi-puzzle-corps-humain-anglais-larsen\/#breadcrumb\"},\"inLanguage\":\"fr-FR\",\"potentialAction\":[{\"@type\":\"ReadAction\",\"target\":[\"https:\/\/teiaeducation.ch\/fr\/produit\/maxi-puzzle-corps-humain-anglais-larsen\/\"]}]},{\"@type\":\"ImageObject\",\"inLanguage\":\"fr-FR\",\"@id\":\"https:\/\/teiaeducation.ch\/fr\/produit\/maxi-puzzle-corps-humain-anglais-larsen\/#primaryimage\",\"url\":\"https:\/\/teiaeducation.ch\/wp-content\/uploads\/2020\/08\/Maxi-puzzle-our-body-English-Larsen.jpg\",\"contentUrl\":\"https:\/\/teiaeducation.ch\/wp-content\/uploads\/2020\/08\/Maxi-puzzle-our-body-English-Larsen.jpg\",\"width\":1055,\"height\":1350,\"caption\":\"Maxi puzzle corps humain : Anglais - Larsen\"},{\"@type\":\"BreadcrumbList\",\"@id\":\"https:\/\/teiaeducation.ch\/fr\/produit\/maxi-puzzle-corps-humain-anglais-larsen\/#breadcrumb\",\"itemListElement\":[{\"@type\":\"ListItem\",\"position\":1,\"name\":\"Home\",\"item\":\"https:\/\/teiaeducation.ch\/fr\/\"},{\"@type\":\"ListItem\",\"position\":2,\"name\":\"Boutique Teia Education &amp; Play\",\"item\":\"https:\/\/teiaeducation.ch\/fr\/boutique\/\"},{\"@type\":\"ListItem\",\"position\":3,\"name\":\"Nos Marques\",\"item\":\"https:\/\/teiaeducation.ch\/fr\/categorie-produit\/marques\/\"},{\"@type\":\"ListItem\",\"position\":4,\"name\":\"Larsen\",\"item\":\"https:\/\/teiaeducation.ch\/fr\/categorie-produit\/marques\/larsen-fr\/\"},{\"@type\":\"ListItem\",\"position\":5,\"name\":\"Puzzles Scientifiques\",\"item\":\"https:\/\/teiaeducation.ch\/fr\/categorie-produit\/marques\/larsen-fr\/puzzles-scientifiques\/\"},{\"@type\":\"ListItem\",\"position\":6,\"name\":\"Maxi puzzle corps humain : Anglais &#8211; Larsen\"}]},{\"@type\":\"WebSite\",\"@id\":\"https:\/\/teiaeducation.ch\/fr\/#website\",\"url\":\"https:\/\/teiaeducation.ch\/fr\/\",\"name\":\"Sustainable Educational Products &amp; Ecological Toys\u00a0\",\"description\":\"Specialised Swiss shop selling sustainable educational toys and games, AMI certified Montessori materials, handmade ecological wooden Waldorf toys and arts &amp; crafts supplies, school supplies, children&#039;s furniture and Montessori reference and parenting books.\",\"publisher\":{\"@id\":\"https:\/\/teiaeducation.ch\/fr\/#organization\"},\"alternateName\":\"Teia Education & Play\",\"potentialAction\":[{\"@type\":\"SearchAction\",\"target\":{\"@type\":\"EntryPoint\",\"urlTemplate\":\"https:\/\/teiaeducation.ch\/fr\/?s={search_term_string}\"},\"query-input\":{\"@type\":\"PropertyValueSpecification\",\"valueRequired\":true,\"valueName\":\"search_term_string\"}}],\"inLanguage\":\"fr-FR\"},{\"@type\":\"Organization\",\"@id\":\"https:\/\/teiaeducation.ch\/fr\/#organization\",\"name\":\"Teia Education & Play\",\"url\":\"https:\/\/teiaeducation.ch\/fr\/\",\"logo\":{\"@type\":\"ImageObject\",\"inLanguage\":\"fr-FR\",\"@id\":\"https:\/\/teiaeducation.ch\/fr\/#\/schema\/logo\/image\/\",\"url\":\"https:\/\/teiaeducation.ch\/wp-content\/uploads\/2020\/11\/Teia-Education-Switzerland-e1620156442216.jpg\",\"contentUrl\":\"https:\/\/teiaeducation.ch\/wp-content\/uploads\/2020\/11\/Teia-Education-Switzerland-e1620156442216.jpg\",\"width\":166,\"height\":145,\"caption\":\"Teia Education & Play\"},\"image\":{\"@id\":\"https:\/\/teiaeducation.ch\/fr\/#\/schema\/logo\/image\/\"},\"sameAs\":[\"https:\/\/www.facebook.com\/teiaeducation\/\",\"https:\/\/x.com\/EducationTeia\",\"https:\/\/www.instagram.com\/teia.education\/\",\"https:\/\/www.linkedin.com\/company\/35501660\",\"https:\/\/www.pinterest.ch\/TeiaEducation\/\"]}]}<\/script>\n<!-- \/ Yoast SEO plugin. -->","yoast_head_json":{"title":"Maxi puzzle corps humain : Anglais - Larsen - Teia Education & Play","description":"Le puzzle \u00e9ducatif notre corps de Larsen est adapt\u00e9 aux jeunes enfants int\u00e9ress\u00e9s par l'apprentissage de l'anatomie humaine, de la biologie et des sciences.","robots":{"index":"index","follow":"follow","max-snippet":"max-snippet:-1","max-image-preview":"max-image-preview:large","max-video-preview":"max-video-preview:-1"},"canonical":"https:\/\/teiaeducation.ch\/fr\/produit\/maxi-puzzle-corps-humain-anglais-larsen\/","og_locale":"fr_FR","og_type":"article","og_title":"Maxi puzzle corps humain : Anglais - Larsen - Teia Education & Play","og_description":"Le puzzle \u00e9ducatif notre corps de Larsen est adapt\u00e9 aux jeunes enfants int\u00e9ress\u00e9s par l'apprentissage de l'anatomie humaine, de la biologie et des sciences.","og_url":"https:\/\/teiaeducation.ch\/fr\/produit\/maxi-puzzle-corps-humain-anglais-larsen\/","og_site_name":"Sustainable Educational Products &amp; Ecological Toys\u00a0","article_publisher":"https:\/\/www.facebook.com\/teiaeducation\/","article_modified_time":"2021-05-08T10:56:25+00:00","og_image":[{"width":1055,"height":1350,"url":"https:\/\/teiaeducation.ch\/wp-content\/uploads\/2020\/08\/Maxi-puzzle-our-body-English-Larsen.jpg","type":"image\/jpeg"}],"schema":{"@context":"https:\/\/schema.org","@graph":[{"@type":"WebPage","@id":"https:\/\/teiaeducation.ch\/fr\/produit\/maxi-puzzle-corps-humain-anglais-larsen\/","url":"https:\/\/teiaeducation.ch\/fr\/produit\/maxi-puzzle-corps-humain-anglais-larsen\/","name":"Maxi puzzle corps humain : Anglais - Larsen - Teia Education & Play","isPartOf":{"@id":"https:\/\/teiaeducation.ch\/fr\/#website"},"primaryImageOfPage":{"@id":"https:\/\/teiaeducation.ch\/fr\/produit\/maxi-puzzle-corps-humain-anglais-larsen\/#primaryimage"},"image":{"@id":"https:\/\/teiaeducation.ch\/fr\/produit\/maxi-puzzle-corps-humain-anglais-larsen\/#primaryimage"},"thumbnailUrl":"https:\/\/teiaeducation.ch\/wp-content\/uploads\/2020\/08\/Maxi-puzzle-our-body-English-Larsen.jpg","datePublished":"2020-09-03T13:21:22+00:00","dateModified":"2021-05-08T10:56:25+00:00","description":"Le puzzle \u00e9ducatif notre corps de Larsen est adapt\u00e9 aux jeunes enfants int\u00e9ress\u00e9s par l'apprentissage de l'anatomie humaine, de la biologie et des sciences.","breadcrumb":{"@id":"https:\/\/teiaeducation.ch\/fr\/produit\/maxi-puzzle-corps-humain-anglais-larsen\/#breadcrumb"},"inLanguage":"fr-FR","potentialAction":[{"@type":"ReadAction","target":["https:\/\/teiaeducation.ch\/fr\/produit\/maxi-puzzle-corps-humain-anglais-larsen\/"]}]},{"@type":"ImageObject","inLanguage":"fr-FR","@id":"https:\/\/teiaeducation.ch\/fr\/produit\/maxi-puzzle-corps-humain-anglais-larsen\/#primaryimage","url":"https:\/\/teiaeducation.ch\/wp-content\/uploads\/2020\/08\/Maxi-puzzle-our-body-English-Larsen.jpg","contentUrl":"https:\/\/teiaeducation.ch\/wp-content\/uploads\/2020\/08\/Maxi-puzzle-our-body-English-Larsen.jpg","width":1055,"height":1350,"caption":"Maxi puzzle corps humain : Anglais - Larsen"},{"@type":"BreadcrumbList","@id":"https:\/\/teiaeducation.ch\/fr\/produit\/maxi-puzzle-corps-humain-anglais-larsen\/#breadcrumb","itemListElement":[{"@type":"ListItem","position":1,"name":"Home","item":"https:\/\/teiaeducation.ch\/fr\/"},{"@type":"ListItem","position":2,"name":"Boutique Teia Education &amp; Play","item":"https:\/\/teiaeducation.ch\/fr\/boutique\/"},{"@type":"ListItem","position":3,"name":"Nos Marques","item":"https:\/\/teiaeducation.ch\/fr\/categorie-produit\/marques\/"},{"@type":"ListItem","position":4,"name":"Larsen","item":"https:\/\/teiaeducation.ch\/fr\/categorie-produit\/marques\/larsen-fr\/"},{"@type":"ListItem","position":5,"name":"Puzzles Scientifiques","item":"https:\/\/teiaeducation.ch\/fr\/categorie-produit\/marques\/larsen-fr\/puzzles-scientifiques\/"},{"@type":"ListItem","position":6,"name":"Maxi puzzle corps humain : Anglais &#8211; Larsen"}]},{"@type":"WebSite","@id":"https:\/\/teiaeducation.ch\/fr\/#website","url":"https:\/\/teiaeducation.ch\/fr\/","name":"Sustainable Educational Products &amp; Ecological Toys\u00a0","description":"Specialised Swiss shop selling sustainable educational toys and games, AMI certified Montessori materials, handmade ecological wooden Waldorf toys and arts &amp; crafts supplies, school supplies, children&#039;s furniture and Montessori reference and parenting books.","publisher":{"@id":"https:\/\/teiaeducation.ch\/fr\/#organization"},"alternateName":"Teia Education & Play","potentialAction":[{"@type":"SearchAction","target":{"@type":"EntryPoint","urlTemplate":"https:\/\/teiaeducation.ch\/fr\/?s={search_term_string}"},"query-input":{"@type":"PropertyValueSpecification","valueRequired":true,"valueName":"search_term_string"}}],"inLanguage":"fr-FR"},{"@type":"Organization","@id":"https:\/\/teiaeducation.ch\/fr\/#organization","name":"Teia Education & Play","url":"https:\/\/teiaeducation.ch\/fr\/","logo":{"@type":"ImageObject","inLanguage":"fr-FR","@id":"https:\/\/teiaeducation.ch\/fr\/#\/schema\/logo\/image\/","url":"https:\/\/teiaeducation.ch\/wp-content\/uploads\/2020\/11\/Teia-Education-Switzerland-e1620156442216.jpg","contentUrl":"https:\/\/teiaeducation.ch\/wp-content\/uploads\/2020\/11\/Teia-Education-Switzerland-e1620156442216.jpg","width":166,"height":145,"caption":"Teia Education & Play"},"image":{"@id":"https:\/\/teiaeducation.ch\/fr\/#\/schema\/logo\/image\/"},"sameAs":["https:\/\/www.facebook.com\/teiaeducation\/","https:\/\/x.com\/EducationTeia","https:\/\/www.instagram.com\/teia.education\/","https:\/\/www.linkedin.com\/company\/35501660","https:\/\/www.pinterest.ch\/TeiaEducation\/"]}]}},"_links":{"self":[{"href":"https:\/\/teiaeducation.ch\/fr\/wp-json\/wp\/v2\/product\/36120","targetHints":{"allow":["GET"]}}],"collection":[{"href":"https:\/\/teiaeducation.ch\/fr\/wp-json\/wp\/v2\/product"}],"about":[{"href":"https:\/\/teiaeducation.ch\/fr\/wp-json\/wp\/v2\/types\/product"}],"replies":[{"embeddable":true,"href":"https:\/\/teiaeducation.ch\/fr\/wp-json\/wp\/v2\/comments?post=36120"}],"wp:featuredmedia":[{"embeddable":true,"href":"https:\/\/teiaeducation.ch\/fr\/wp-json\/wp\/v2\/media\/29026"}],"wp:attachment":[{"href":"https:\/\/teiaeducation.ch\/fr\/wp-json\/wp\/v2\/media?parent=36120"}],"wp:term":[{"taxonomy":"product_brand","embeddable":true,"href":"https:\/\/teiaeducation.ch\/fr\/wp-json\/wp\/v2\/product_brand?post=36120"},{"taxonomy":"product_cat","embeddable":true,"href":"https:\/\/teiaeducation.ch\/fr\/wp-json\/wp\/v2\/product_cat?post=36120"},{"taxonomy":"product_tag","embeddable":true,"href":"https:\/\/teiaeducation.ch\/fr\/wp-json\/wp\/v2\/product_tag?post=36120"}],"curies":[{"name":"wp","href":"https:\/\/api.w.org\/{rel}","templated":true}]}}