{"id":36121,"date":"2020-09-21T12:10:04","date_gmt":"2020-09-21T10:10:04","guid":{"rendered":"https:\/\/teiaeducation.ch\/product\/maxi-puzzle-apollo-11-larsen\/"},"modified":"2021-05-08T13:03:57","modified_gmt":"2021-05-08T11:03:57","slug":"maxi-puzzle-apollo-11-larsen-2","status":"publish","type":"product","link":"https:\/\/teiaeducation.ch\/fr\/produit\/maxi-puzzle-apollo-11-larsen-2\/","title":{"rendered":"Maxi puzzle Apollo 11 &#8211; Larsen"},"content":{"rendered":"<p>Maxi puzzle Apollo 11 &#8211; Larsen<\/p>\n<p>R\u00e9alise une image d\u00e9taill\u00e9e de la mission spatiale Apollo 11 de la NASA sur la lune avec ce puzzle amusant et \u00e9ducatif de la marque norv\u00e9gienne Larsen.<\/p>\n<p>Les enfants adoreront compl\u00e9ter ce puzzle repr\u00e9sentant la fus\u00e9e spatiale Saturn V, le module lunaire Eagle et le module de commande Columbia en orbite autour de la Lune et de la Terre, et Neil Armstrong marchant sur la Lune.<\/p>\n<p>Ce puzzle comporte 50 pi\u00e8ces, dont 5 pi\u00e8ces repr\u00e9sentant la terre et une pi\u00e8ce sp\u00e9ciale repr\u00e9sentant une navette spatiale. Les pi\u00e8ces du puzzle sont cr\u00e9\u00e9es sans reconnaissance de forme particuli\u00e8re pour ajouter un \u00e9l\u00e9ment de d\u00e9fi suppl\u00e9mentaire.<\/p>\n<p>Ce puzzle robuste de type plateau, fabriqu\u00e9 en carton recycl\u00e9 avec des pi\u00e8ces de puzzle tr\u00e8s \u00e9paisses, convient aux enfants \u00e2g\u00e9s de 6 ans et plus, en particulier \u00e0 ceux qui s&#8217;int\u00e9ressent \u00e0 l&#8217;apprentissage de l&#8217;espace et des sciences.<\/p>\n<p>Le maxi-puzzle Larsen Apollo 11 mesure 36,5 x 28,5 cm.<\/p>\n<p>Depuis 1953, la marque norv\u00e9gienne Larsen produit des puzzles de haute qualit\u00e9, de type plateau, fabriqu\u00e9s \u00e0 partir de carton recycl\u00e9. Les puzzles ont des pi\u00e8ces tr\u00e8s \u00e9paisses qui ne se cassent pas facilement et sont toujours produits dans l&#8217;usine familiale de Larsen \u00e0 Flekkefjord, une ville idyllique du sud de la Norv\u00e8ge.<\/p>\n<p>Contenu :<\/p>\n<p>1 maxi puzzle en carton (36,5 x 28,5cm)<\/p>\n","protected":false},"excerpt":{"rendered":"<p>Num\u00e9ro d&#8217;article: NB5-GB<\/p>\n","protected":false},"featured_media":29022,"comment_status":"open","ping_status":"closed","template":"","meta":[],"product_brand":[],"product_cat":[8580,216,284,283,8526,1220,594,17214,7595,217,5851,17220,212],"product_tag":[19381,19339,19337,19380,19379,19336,19338,19334,19333,19332,19346,19383,19335,19331,19347,19382,19340,19348],"class_list":{"0":"post-36121","1":"product","2":"type-product","3":"status-publish","4":"has-post-thumbnail","6":"product_cat-6-12-ans-ecole-a-domicile","7":"product_cat-6-12-ans","8":"product_cat-culture-sciences","9":"product_cat-domaines-du-curriculum","10":"product_cat-fournitures-scolaires-a-domicile","11":"product_cat-traditionnelle","12":"product_cat-terre-et-univers","13":"product_cat-larsen-fr","14":"product_cat-methode-deducation","15":"product_cat-marques","16":"product_cat-nouveautes","17":"product_cat-puzzles-scientifiques","18":"product_cat-tranche-dage","19":"product_tag-apollo-11-puzzle-fr","20":"product_tag-casse-tete-pour-enfants","21":"product_tag-larsen-casse-tete","22":"product_tag-larsen-espace-puzzle","23":"product_tag-larsen-maxi-puzzle-fr","24":"product_tag-larsen-norway-fr","25":"product_tag-larsen-puzzle-fr","26":"product_tag-larsen-puzzle-schweiz-fr","27":"product_tag-larsen-puzzle-suisse-fr","28":"product_tag-larsen-puzzle-switzerland-fr","29":"product_tag-larsen-science-puzzle-fr","30":"product_tag-nasa-puzzle-pour-enfants","31":"product_tag-puzzle-dapprentissage-pour-la-petite-enfance","32":"product_tag-puzzle-educatif","33":"product_tag-puzzle-educatif-larsen","34":"product_tag-puzzle-fusee-espace","35":"product_tag-puzzle-pour-enfants","36":"product_tag-space-puzzle-fr","38":"first","39":"instock","40":"taxable","41":"shipping-taxable","42":"purchasable","43":"product-type-simple"},"yoast_head":"<!-- This site is optimized with the Yoast SEO plugin v27.1.1 - https:\/\/yoast.com\/product\/yoast-seo-wordpress\/ -->\n<title>Maxi puzzle Apollo 11 - Larsen - Teia Education &amp; Play<\/title>\n<meta name=\"description\" content=\"Le maxi puzzle \u00e9ducatif Apollo 11 de Larsen convient aux enfants de l&#039;\u00e9cole primaire int\u00e9ress\u00e9s par l&#039;apprentissage des missions spatiales, des fus\u00e9es et des sciences.\" \/>\n<meta name=\"robots\" content=\"index, follow, max-snippet:-1, max-image-preview:large, max-video-preview:-1\" \/>\n<link rel=\"canonical\" href=\"https:\/\/teiaeducation.ch\/fr\/produit\/maxi-puzzle-apollo-11-larsen-2\/\" \/>\n<meta property=\"og:locale\" content=\"fr_FR\" \/>\n<meta property=\"og:type\" content=\"article\" \/>\n<meta property=\"og:title\" content=\"Maxi puzzle Apollo 11 - Larsen - Teia Education &amp; Play\" \/>\n<meta property=\"og:description\" content=\"Le maxi puzzle \u00e9ducatif Apollo 11 de Larsen convient aux enfants de l&#039;\u00e9cole primaire int\u00e9ress\u00e9s par l&#039;apprentissage des missions spatiales, des fus\u00e9es et des sciences.\" \/>\n<meta property=\"og:url\" content=\"https:\/\/teiaeducation.ch\/fr\/produit\/maxi-puzzle-apollo-11-larsen-2\/\" \/>\n<meta property=\"og:site_name\" content=\"Sustainable Educational Products &amp; Ecological Toys\u00a0\" \/>\n<meta property=\"article:publisher\" content=\"https:\/\/www.facebook.com\/teiaeducation\/\" \/>\n<meta property=\"article:modified_time\" content=\"2021-05-08T11:03:57+00:00\" \/>\n<meta property=\"og:image\" content=\"https:\/\/teiaeducation.ch\/wp-content\/uploads\/2020\/08\/Maxi-puzzle-Apollo-11-Larsen.jpg\" \/>\n\t<meta property=\"og:image:width\" content=\"1350\" \/>\n\t<meta property=\"og:image:height\" content=\"1055\" \/>\n\t<meta property=\"og:image:type\" content=\"image\/jpeg\" \/>\n<script type=\"application\/ld+json\" class=\"yoast-schema-graph\">{\"@context\":\"https:\/\/schema.org\",\"@graph\":[{\"@type\":\"WebPage\",\"@id\":\"https:\/\/teiaeducation.ch\/fr\/produit\/maxi-puzzle-apollo-11-larsen-2\/\",\"url\":\"https:\/\/teiaeducation.ch\/fr\/produit\/maxi-puzzle-apollo-11-larsen-2\/\",\"name\":\"Maxi puzzle Apollo 11 - Larsen - Teia Education & Play\",\"isPartOf\":{\"@id\":\"https:\/\/teiaeducation.ch\/fr\/#website\"},\"primaryImageOfPage\":{\"@id\":\"https:\/\/teiaeducation.ch\/fr\/produit\/maxi-puzzle-apollo-11-larsen-2\/#primaryimage\"},\"image\":{\"@id\":\"https:\/\/teiaeducation.ch\/fr\/produit\/maxi-puzzle-apollo-11-larsen-2\/#primaryimage\"},\"thumbnailUrl\":\"https:\/\/teiaeducation.ch\/wp-content\/uploads\/2020\/08\/Maxi-puzzle-Apollo-11-Larsen.jpg\",\"datePublished\":\"2020-09-21T10:10:04+00:00\",\"dateModified\":\"2021-05-08T11:03:57+00:00\",\"description\":\"Le maxi puzzle \u00e9ducatif Apollo 11 de Larsen convient aux enfants de l'\u00e9cole primaire int\u00e9ress\u00e9s par l'apprentissage des missions spatiales, des fus\u00e9es et des sciences.\",\"breadcrumb\":{\"@id\":\"https:\/\/teiaeducation.ch\/fr\/produit\/maxi-puzzle-apollo-11-larsen-2\/#breadcrumb\"},\"inLanguage\":\"fr-FR\",\"potentialAction\":[{\"@type\":\"ReadAction\",\"target\":[\"https:\/\/teiaeducation.ch\/fr\/produit\/maxi-puzzle-apollo-11-larsen-2\/\"]}]},{\"@type\":\"ImageObject\",\"inLanguage\":\"fr-FR\",\"@id\":\"https:\/\/teiaeducation.ch\/fr\/produit\/maxi-puzzle-apollo-11-larsen-2\/#primaryimage\",\"url\":\"https:\/\/teiaeducation.ch\/wp-content\/uploads\/2020\/08\/Maxi-puzzle-Apollo-11-Larsen.jpg\",\"contentUrl\":\"https:\/\/teiaeducation.ch\/wp-content\/uploads\/2020\/08\/Maxi-puzzle-Apollo-11-Larsen.jpg\",\"width\":1350,\"height\":1055,\"caption\":\"Maxi puzzle Apollo 11 - Larsen\"},{\"@type\":\"BreadcrumbList\",\"@id\":\"https:\/\/teiaeducation.ch\/fr\/produit\/maxi-puzzle-apollo-11-larsen-2\/#breadcrumb\",\"itemListElement\":[{\"@type\":\"ListItem\",\"position\":1,\"name\":\"Home\",\"item\":\"https:\/\/teiaeducation.ch\/fr\/\"},{\"@type\":\"ListItem\",\"position\":2,\"name\":\"Boutique Teia Education &amp; Play\",\"item\":\"https:\/\/teiaeducation.ch\/fr\/boutique\/\"},{\"@type\":\"ListItem\",\"position\":3,\"name\":\"Nos Marques\",\"item\":\"https:\/\/teiaeducation.ch\/fr\/categorie-produit\/marques\/\"},{\"@type\":\"ListItem\",\"position\":4,\"name\":\"Larsen\",\"item\":\"https:\/\/teiaeducation.ch\/fr\/categorie-produit\/marques\/larsen-fr\/\"},{\"@type\":\"ListItem\",\"position\":5,\"name\":\"Puzzles Scientifiques\",\"item\":\"https:\/\/teiaeducation.ch\/fr\/categorie-produit\/marques\/larsen-fr\/puzzles-scientifiques\/\"},{\"@type\":\"ListItem\",\"position\":6,\"name\":\"Maxi puzzle Apollo 11 &#8211; Larsen\"}]},{\"@type\":\"WebSite\",\"@id\":\"https:\/\/teiaeducation.ch\/fr\/#website\",\"url\":\"https:\/\/teiaeducation.ch\/fr\/\",\"name\":\"Sustainable Educational Products &amp; Ecological Toys\u00a0\",\"description\":\"Specialised Swiss shop selling sustainable educational toys and games, AMI certified Montessori materials, handmade ecological wooden Waldorf toys and arts &amp; crafts supplies, school supplies, children&#039;s furniture and Montessori reference and parenting books.\",\"publisher\":{\"@id\":\"https:\/\/teiaeducation.ch\/fr\/#organization\"},\"alternateName\":\"Teia Education & Play\",\"potentialAction\":[{\"@type\":\"SearchAction\",\"target\":{\"@type\":\"EntryPoint\",\"urlTemplate\":\"https:\/\/teiaeducation.ch\/fr\/?s={search_term_string}\"},\"query-input\":{\"@type\":\"PropertyValueSpecification\",\"valueRequired\":true,\"valueName\":\"search_term_string\"}}],\"inLanguage\":\"fr-FR\"},{\"@type\":\"Organization\",\"@id\":\"https:\/\/teiaeducation.ch\/fr\/#organization\",\"name\":\"Teia Education & Play\",\"url\":\"https:\/\/teiaeducation.ch\/fr\/\",\"logo\":{\"@type\":\"ImageObject\",\"inLanguage\":\"fr-FR\",\"@id\":\"https:\/\/teiaeducation.ch\/fr\/#\/schema\/logo\/image\/\",\"url\":\"https:\/\/teiaeducation.ch\/wp-content\/uploads\/2020\/11\/Teia-Education-Switzerland-e1620156442216.jpg\",\"contentUrl\":\"https:\/\/teiaeducation.ch\/wp-content\/uploads\/2020\/11\/Teia-Education-Switzerland-e1620156442216.jpg\",\"width\":166,\"height\":145,\"caption\":\"Teia Education & Play\"},\"image\":{\"@id\":\"https:\/\/teiaeducation.ch\/fr\/#\/schema\/logo\/image\/\"},\"sameAs\":[\"https:\/\/www.facebook.com\/teiaeducation\/\",\"https:\/\/x.com\/EducationTeia\",\"https:\/\/www.instagram.com\/teia.education\/\",\"https:\/\/www.linkedin.com\/company\/35501660\",\"https:\/\/www.pinterest.ch\/TeiaEducation\/\"]}]}<\/script>\n<!-- \/ Yoast SEO plugin. -->","yoast_head_json":{"title":"Maxi puzzle Apollo 11 - Larsen - Teia Education & Play","description":"Le maxi puzzle \u00e9ducatif Apollo 11 de Larsen convient aux enfants de l'\u00e9cole primaire int\u00e9ress\u00e9s par l'apprentissage des missions spatiales, des fus\u00e9es et des sciences.","robots":{"index":"index","follow":"follow","max-snippet":"max-snippet:-1","max-image-preview":"max-image-preview:large","max-video-preview":"max-video-preview:-1"},"canonical":"https:\/\/teiaeducation.ch\/fr\/produit\/maxi-puzzle-apollo-11-larsen-2\/","og_locale":"fr_FR","og_type":"article","og_title":"Maxi puzzle Apollo 11 - Larsen - Teia Education & Play","og_description":"Le maxi puzzle \u00e9ducatif Apollo 11 de Larsen convient aux enfants de l'\u00e9cole primaire int\u00e9ress\u00e9s par l'apprentissage des missions spatiales, des fus\u00e9es et des sciences.","og_url":"https:\/\/teiaeducation.ch\/fr\/produit\/maxi-puzzle-apollo-11-larsen-2\/","og_site_name":"Sustainable Educational Products &amp; Ecological Toys\u00a0","article_publisher":"https:\/\/www.facebook.com\/teiaeducation\/","article_modified_time":"2021-05-08T11:03:57+00:00","og_image":[{"width":1350,"height":1055,"url":"https:\/\/teiaeducation.ch\/wp-content\/uploads\/2020\/08\/Maxi-puzzle-Apollo-11-Larsen.jpg","type":"image\/jpeg"}],"schema":{"@context":"https:\/\/schema.org","@graph":[{"@type":"WebPage","@id":"https:\/\/teiaeducation.ch\/fr\/produit\/maxi-puzzle-apollo-11-larsen-2\/","url":"https:\/\/teiaeducation.ch\/fr\/produit\/maxi-puzzle-apollo-11-larsen-2\/","name":"Maxi puzzle Apollo 11 - Larsen - Teia Education & Play","isPartOf":{"@id":"https:\/\/teiaeducation.ch\/fr\/#website"},"primaryImageOfPage":{"@id":"https:\/\/teiaeducation.ch\/fr\/produit\/maxi-puzzle-apollo-11-larsen-2\/#primaryimage"},"image":{"@id":"https:\/\/teiaeducation.ch\/fr\/produit\/maxi-puzzle-apollo-11-larsen-2\/#primaryimage"},"thumbnailUrl":"https:\/\/teiaeducation.ch\/wp-content\/uploads\/2020\/08\/Maxi-puzzle-Apollo-11-Larsen.jpg","datePublished":"2020-09-21T10:10:04+00:00","dateModified":"2021-05-08T11:03:57+00:00","description":"Le maxi puzzle \u00e9ducatif Apollo 11 de Larsen convient aux enfants de l'\u00e9cole primaire int\u00e9ress\u00e9s par l'apprentissage des missions spatiales, des fus\u00e9es et des sciences.","breadcrumb":{"@id":"https:\/\/teiaeducation.ch\/fr\/produit\/maxi-puzzle-apollo-11-larsen-2\/#breadcrumb"},"inLanguage":"fr-FR","potentialAction":[{"@type":"ReadAction","target":["https:\/\/teiaeducation.ch\/fr\/produit\/maxi-puzzle-apollo-11-larsen-2\/"]}]},{"@type":"ImageObject","inLanguage":"fr-FR","@id":"https:\/\/teiaeducation.ch\/fr\/produit\/maxi-puzzle-apollo-11-larsen-2\/#primaryimage","url":"https:\/\/teiaeducation.ch\/wp-content\/uploads\/2020\/08\/Maxi-puzzle-Apollo-11-Larsen.jpg","contentUrl":"https:\/\/teiaeducation.ch\/wp-content\/uploads\/2020\/08\/Maxi-puzzle-Apollo-11-Larsen.jpg","width":1350,"height":1055,"caption":"Maxi puzzle Apollo 11 - Larsen"},{"@type":"BreadcrumbList","@id":"https:\/\/teiaeducation.ch\/fr\/produit\/maxi-puzzle-apollo-11-larsen-2\/#breadcrumb","itemListElement":[{"@type":"ListItem","position":1,"name":"Home","item":"https:\/\/teiaeducation.ch\/fr\/"},{"@type":"ListItem","position":2,"name":"Boutique Teia Education &amp; Play","item":"https:\/\/teiaeducation.ch\/fr\/boutique\/"},{"@type":"ListItem","position":3,"name":"Nos Marques","item":"https:\/\/teiaeducation.ch\/fr\/categorie-produit\/marques\/"},{"@type":"ListItem","position":4,"name":"Larsen","item":"https:\/\/teiaeducation.ch\/fr\/categorie-produit\/marques\/larsen-fr\/"},{"@type":"ListItem","position":5,"name":"Puzzles Scientifiques","item":"https:\/\/teiaeducation.ch\/fr\/categorie-produit\/marques\/larsen-fr\/puzzles-scientifiques\/"},{"@type":"ListItem","position":6,"name":"Maxi puzzle Apollo 11 &#8211; Larsen"}]},{"@type":"WebSite","@id":"https:\/\/teiaeducation.ch\/fr\/#website","url":"https:\/\/teiaeducation.ch\/fr\/","name":"Sustainable Educational Products &amp; Ecological Toys\u00a0","description":"Specialised Swiss shop selling sustainable educational toys and games, AMI certified Montessori materials, handmade ecological wooden Waldorf toys and arts &amp; crafts supplies, school supplies, children&#039;s furniture and Montessori reference and parenting books.","publisher":{"@id":"https:\/\/teiaeducation.ch\/fr\/#organization"},"alternateName":"Teia Education & Play","potentialAction":[{"@type":"SearchAction","target":{"@type":"EntryPoint","urlTemplate":"https:\/\/teiaeducation.ch\/fr\/?s={search_term_string}"},"query-input":{"@type":"PropertyValueSpecification","valueRequired":true,"valueName":"search_term_string"}}],"inLanguage":"fr-FR"},{"@type":"Organization","@id":"https:\/\/teiaeducation.ch\/fr\/#organization","name":"Teia Education & Play","url":"https:\/\/teiaeducation.ch\/fr\/","logo":{"@type":"ImageObject","inLanguage":"fr-FR","@id":"https:\/\/teiaeducation.ch\/fr\/#\/schema\/logo\/image\/","url":"https:\/\/teiaeducation.ch\/wp-content\/uploads\/2020\/11\/Teia-Education-Switzerland-e1620156442216.jpg","contentUrl":"https:\/\/teiaeducation.ch\/wp-content\/uploads\/2020\/11\/Teia-Education-Switzerland-e1620156442216.jpg","width":166,"height":145,"caption":"Teia Education & Play"},"image":{"@id":"https:\/\/teiaeducation.ch\/fr\/#\/schema\/logo\/image\/"},"sameAs":["https:\/\/www.facebook.com\/teiaeducation\/","https:\/\/x.com\/EducationTeia","https:\/\/www.instagram.com\/teia.education\/","https:\/\/www.linkedin.com\/company\/35501660","https:\/\/www.pinterest.ch\/TeiaEducation\/"]}]}},"_links":{"self":[{"href":"https:\/\/teiaeducation.ch\/fr\/wp-json\/wp\/v2\/product\/36121","targetHints":{"allow":["GET"]}}],"collection":[{"href":"https:\/\/teiaeducation.ch\/fr\/wp-json\/wp\/v2\/product"}],"about":[{"href":"https:\/\/teiaeducation.ch\/fr\/wp-json\/wp\/v2\/types\/product"}],"replies":[{"embeddable":true,"href":"https:\/\/teiaeducation.ch\/fr\/wp-json\/wp\/v2\/comments?post=36121"}],"wp:featuredmedia":[{"embeddable":true,"href":"https:\/\/teiaeducation.ch\/fr\/wp-json\/wp\/v2\/media\/29022"}],"wp:attachment":[{"href":"https:\/\/teiaeducation.ch\/fr\/wp-json\/wp\/v2\/media?parent=36121"}],"wp:term":[{"taxonomy":"product_brand","embeddable":true,"href":"https:\/\/teiaeducation.ch\/fr\/wp-json\/wp\/v2\/product_brand?post=36121"},{"taxonomy":"product_cat","embeddable":true,"href":"https:\/\/teiaeducation.ch\/fr\/wp-json\/wp\/v2\/product_cat?post=36121"},{"taxonomy":"product_tag","embeddable":true,"href":"https:\/\/teiaeducation.ch\/fr\/wp-json\/wp\/v2\/product_tag?post=36121"}],"curies":[{"name":"wp","href":"https:\/\/api.w.org\/{rel}","templated":true}]}}