{"id":36123,"date":"2020-09-03T15:09:34","date_gmt":"2020-09-03T13:09:34","guid":{"rendered":"https:\/\/teiaeducation.ch\/product\/maxi-puzzle-dinosaures-de-la-periode-du-cretace-larsen\/"},"modified":"2022-06-03T14:24:20","modified_gmt":"2022-06-03T12:24:20","slug":"maxi-puzzle-dinosaures-de-la-periode-cretace-larsen","status":"publish","type":"product","link":"https:\/\/teiaeducation.ch\/fr\/produit\/maxi-puzzle-dinosaures-de-la-periode-cretace-larsen\/","title":{"rendered":"Maxi puzzle dinosaures de la p\u00e9riode du Cr\u00e9tac\u00e9 &#8211; Larsen"},"content":{"rendered":"<p>Maxi puzzle dinosaures de la p\u00e9riode du Cr\u00e9tac\u00e9 &#8211; Larsen<\/p>\n<p>D\u00e9couvrez les dinosaures de la p\u00e9riode du Cr\u00e9tac\u00e9 avec ce puzzle amusant et \u00e9ducatif de la marque norv\u00e9gienne Larsen.<\/p>\n<p>Construis cette image d\u00e9taill\u00e9e des dinosaures du Cr\u00e9tac\u00e9 dans leur habitat, y compris le Tyrannosaurus Rex, le Pliosaurus, le Triceratops, l&#8217;Iguanodon et l&#8217;Ankylosaurus.<\/p>\n<p>Les enfants adoreront placer les diff\u00e9rents dinosaures tout en am\u00e9liorant leur capacit\u00e9 \u00e0 r\u00e9soudre des probl\u00e8mes, leur concentration et leur motricit\u00e9 fine.<\/p>\n<p>Ce puzzle comporte 57 pi\u00e8ces, dont des pi\u00e8ces sp\u00e9ciales en forme d&#8217;animaux.<\/p>\n<p>Ce puzzle robuste en forme de plateau, fabriqu\u00e9 en carton recycl\u00e9 avec des pi\u00e8ces de puzzle tr\u00e8s \u00e9paisses, convient aux enfants \u00e2g\u00e9s de 6 ans et plus, en particulier \u00e0 ceux qui s&#8217;int\u00e9ressent \u00e0 l&#8217;apprentissage de la nature, de la pr\u00e9histoire et des dinosaures.<\/p>\n<p>Le maxi-puzzle dinosaures de la p\u00e9riode du Cr\u00e9tac\u00e9 de Larsen mesure 36,5 x 28,5 cm.<\/p>\n<p>Depuis 1953, la marque norv\u00e9gienne Larsen produit des puzzles de haute qualit\u00e9, de type plateau, fabriqu\u00e9s \u00e0 partir de carton recycl\u00e9. Les puzzles ont des pi\u00e8ces tr\u00e8s \u00e9paisses qui ne se cassent pas facilement et sont toujours produits dans l&#8217;usine familiale de Larsen \u00e0 Flekkefjord, une ville idyllique du sud de la Norv\u00e8ge.<\/p>\n<p>Contenu :<\/p>\n<p>1 maxi puzzle en carton (36,5 x 28,5cm)<\/p>\n","protected":false},"excerpt":{"rendered":"<p>Num\u00e9ro d&#8217;article: NB3<\/p>\n","protected":false},"featured_media":29018,"comment_status":"open","ping_status":"closed","template":"","meta":[],"product_brand":[],"product_cat":[8527,215,8580,216,284,283,8526,1220,17214,21259,7595,217,5851,597,17215,17220,212],"product_tag":[19339,19390,19385,19337,19387,19336,19338,19334,19333,19332,19346,19386,19335,19388,19384,19389,19331,19347,19340],"class_list":{"0":"post-36123","1":"product","2":"type-product","3":"status-publish","4":"has-post-thumbnail","6":"product_cat-3-6-ans-ecole-a-domicile","7":"product_cat-3-6-ans","8":"product_cat-6-12-ans-ecole-a-domicile","9":"product_cat-6-12-ans","10":"product_cat-culture-sciences","11":"product_cat-domaines-du-curriculum","12":"product_cat-fournitures-scolaires-a-domicile","13":"product_cat-traditionnelle","14":"product_cat-larsen-fr","15":"product_cat-dinosaures","16":"product_cat-methode-deducation","17":"product_cat-marques","18":"product_cat-nouveautes","19":"product_cat-prehistoire","20":"product_cat-puzzles-danimaux","21":"product_cat-puzzles-scientifiques","22":"product_cat-tranche-dage","23":"product_tag-casse-tete-pour-enfants","24":"product_tag-dinosaure-puzzle-switzerland","25":"product_tag-dinosaurs-puzzle-fr","26":"product_tag-larsen-casse-tete","27":"product_tag-larsen-dinosaur-puzzle-fr","28":"product_tag-larsen-norway-fr","29":"product_tag-larsen-puzzle-fr","30":"product_tag-larsen-puzzle-schweiz-fr","31":"product_tag-larsen-puzzle-suisse-fr","32":"product_tag-larsen-puzzle-switzerland-fr","33":"product_tag-larsen-science-puzzle-fr","34":"product_tag-puzzle-casse-tete-dinosaure","35":"product_tag-puzzle-dapprentissage-pour-la-petite-enfance","36":"product_tag-puzzle-dhistoire-naturelle","37":"product_tag-puzzle-dinosaure","38":"product_tag-puzzle-dinosaures-du-cretace-de-larsen","39":"product_tag-puzzle-educatif","40":"product_tag-puzzle-educatif-larsen","41":"product_tag-puzzle-pour-enfants","43":"first","44":"outofstock","45":"taxable","46":"shipping-taxable","47":"purchasable","48":"product-type-simple"},"yoast_head":"<!-- This site is optimized with the Yoast SEO Premium plugin v25.8 (Yoast SEO v27.4) - https:\/\/yoast.com\/product\/yoast-seo-premium-wordpress\/ -->\n<title>Maxi puzzle dinosaures de la p\u00e9riode du Cr\u00e9tac\u00e9 - Larsen - Teia Education &amp; Play<\/title>\n<meta name=\"description\" content=\"Le puzzle \u00e9ducatif Larsen dinosaures de la p\u00e9riode du Cr\u00e9tac\u00e9 convient aux enfants plus \u00e2g\u00e9s int\u00e9ress\u00e9s par l&#039;apprentissage de la nature et de la pr\u00e9histoire.\" \/>\n<meta name=\"robots\" content=\"index, follow, max-snippet:-1, max-image-preview:large, max-video-preview:-1\" \/>\n<link rel=\"canonical\" href=\"https:\/\/teiaeducation.ch\/fr\/produit\/maxi-puzzle-dinosaures-de-la-periode-cretace-larsen\/\" \/>\n<meta property=\"og:locale\" content=\"fr_FR\" \/>\n<meta property=\"og:type\" content=\"article\" \/>\n<meta property=\"og:title\" content=\"Maxi puzzle dinosaures de la p\u00e9riode du Cr\u00e9tac\u00e9 - Larsen\" \/>\n<meta property=\"og:description\" content=\"Le puzzle \u00e9ducatif Larsen dinosaures de la p\u00e9riode du Cr\u00e9tac\u00e9 convient aux enfants plus \u00e2g\u00e9s int\u00e9ress\u00e9s par l&#039;apprentissage de la nature et de la pr\u00e9histoire.\" \/>\n<meta property=\"og:url\" content=\"https:\/\/teiaeducation.ch\/fr\/produit\/maxi-puzzle-dinosaures-de-la-periode-cretace-larsen\/\" \/>\n<meta property=\"og:site_name\" content=\"Sustainable Educational Products &amp; Ecological Toys\u00a0\" \/>\n<meta property=\"article:publisher\" content=\"https:\/\/www.facebook.com\/teiaeducation\/\" \/>\n<meta property=\"article:modified_time\" content=\"2022-06-03T12:24:20+00:00\" \/>\n<meta property=\"og:image\" content=\"https:\/\/teiaeducation.ch\/wp-content\/uploads\/2020\/08\/Maxi-puzzle-dinosaurs-from-the-Cretaceous-period-Larsen.jpg\" \/>\n\t<meta property=\"og:image:width\" content=\"1350\" \/>\n\t<meta property=\"og:image:height\" content=\"1055\" \/>\n\t<meta property=\"og:image:type\" content=\"image\/jpeg\" \/>\n<script type=\"application\/ld+json\" class=\"yoast-schema-graph\">{\"@context\":\"https:\\\/\\\/schema.org\",\"@graph\":[{\"@type\":\"WebPage\",\"@id\":\"https:\\\/\\\/teiaeducation.ch\\\/fr\\\/produit\\\/maxi-puzzle-dinosaures-de-la-periode-cretace-larsen\\\/\",\"url\":\"https:\\\/\\\/teiaeducation.ch\\\/fr\\\/produit\\\/maxi-puzzle-dinosaures-de-la-periode-cretace-larsen\\\/\",\"name\":\"Maxi puzzle dinosaures de la p\u00e9riode du Cr\u00e9tac\u00e9 - Larsen - Teia Education & Play\",\"isPartOf\":{\"@id\":\"https:\\\/\\\/teiaeducation.ch\\\/fr\\\/#website\"},\"primaryImageOfPage\":{\"@id\":\"https:\\\/\\\/teiaeducation.ch\\\/fr\\\/produit\\\/maxi-puzzle-dinosaures-de-la-periode-cretace-larsen\\\/#primaryimage\"},\"image\":{\"@id\":\"https:\\\/\\\/teiaeducation.ch\\\/fr\\\/produit\\\/maxi-puzzle-dinosaures-de-la-periode-cretace-larsen\\\/#primaryimage\"},\"thumbnailUrl\":\"https:\\\/\\\/teiaeducation.ch\\\/wp-content\\\/uploads\\\/2020\\\/08\\\/Maxi-puzzle-dinosaurs-from-the-Cretaceous-period-Larsen.jpg\",\"datePublished\":\"2020-09-03T13:09:34+00:00\",\"dateModified\":\"2022-06-03T12:24:20+00:00\",\"description\":\"Le puzzle \u00e9ducatif Larsen dinosaures de la p\u00e9riode du Cr\u00e9tac\u00e9 convient aux enfants plus \u00e2g\u00e9s int\u00e9ress\u00e9s par l'apprentissage de la nature et de la pr\u00e9histoire.\",\"breadcrumb\":{\"@id\":\"https:\\\/\\\/teiaeducation.ch\\\/fr\\\/produit\\\/maxi-puzzle-dinosaures-de-la-periode-cretace-larsen\\\/#breadcrumb\"},\"inLanguage\":\"fr-FR\",\"potentialAction\":[{\"@type\":\"ReadAction\",\"target\":[\"https:\\\/\\\/teiaeducation.ch\\\/fr\\\/produit\\\/maxi-puzzle-dinosaures-de-la-periode-cretace-larsen\\\/\"]}]},{\"@type\":\"ImageObject\",\"inLanguage\":\"fr-FR\",\"@id\":\"https:\\\/\\\/teiaeducation.ch\\\/fr\\\/produit\\\/maxi-puzzle-dinosaures-de-la-periode-cretace-larsen\\\/#primaryimage\",\"url\":\"https:\\\/\\\/teiaeducation.ch\\\/wp-content\\\/uploads\\\/2020\\\/08\\\/Maxi-puzzle-dinosaurs-from-the-Cretaceous-period-Larsen.jpg\",\"contentUrl\":\"https:\\\/\\\/teiaeducation.ch\\\/wp-content\\\/uploads\\\/2020\\\/08\\\/Maxi-puzzle-dinosaurs-from-the-Cretaceous-period-Larsen.jpg\",\"width\":1350,\"height\":1055,\"caption\":\"Maxi puzzle dinosaures de la p\u00e9riode du Cr\u00e9tac\u00e9 - Larsen\"},{\"@type\":\"BreadcrumbList\",\"@id\":\"https:\\\/\\\/teiaeducation.ch\\\/fr\\\/produit\\\/maxi-puzzle-dinosaures-de-la-periode-cretace-larsen\\\/#breadcrumb\",\"itemListElement\":[{\"@type\":\"ListItem\",\"position\":1,\"name\":\"Home\",\"item\":\"https:\\\/\\\/teiaeducation.ch\\\/fr\\\/\"},{\"@type\":\"ListItem\",\"position\":2,\"name\":\"Boutique Teia Education &amp; Play\",\"item\":\"https:\\\/\\\/teiaeducation.ch\\\/fr\\\/boutique\\\/\"},{\"@type\":\"ListItem\",\"position\":3,\"name\":\"Nos Marques\",\"item\":\"https:\\\/\\\/teiaeducation.ch\\\/fr\\\/categorie-produit\\\/marques\\\/\"},{\"@type\":\"ListItem\",\"position\":4,\"name\":\"Larsen\",\"item\":\"https:\\\/\\\/teiaeducation.ch\\\/fr\\\/categorie-produit\\\/marques\\\/larsen-fr\\\/\"},{\"@type\":\"ListItem\",\"position\":5,\"name\":\"Puzzles Scientifiques\",\"item\":\"https:\\\/\\\/teiaeducation.ch\\\/fr\\\/categorie-produit\\\/marques\\\/larsen-fr\\\/puzzles-scientifiques\\\/\"},{\"@type\":\"ListItem\",\"position\":6,\"name\":\"Maxi puzzle dinosaures de la p\u00e9riode du Cr\u00e9tac\u00e9 &#8211; Larsen\"}]},{\"@type\":\"WebSite\",\"@id\":\"https:\\\/\\\/teiaeducation.ch\\\/fr\\\/#website\",\"url\":\"https:\\\/\\\/teiaeducation.ch\\\/fr\\\/\",\"name\":\"Sustainable Educational Products &amp; Ecological Toys\u00a0\",\"description\":\"Specialised Swiss shop selling sustainable educational toys and games, AMI certified Montessori materials, handmade ecological wooden Waldorf toys and arts &amp; crafts supplies, school supplies, children&#039;s furniture and Montessori reference and parenting books.\",\"publisher\":{\"@id\":\"https:\\\/\\\/teiaeducation.ch\\\/fr\\\/#organization\"},\"alternateName\":\"Teia Education & Play\",\"potentialAction\":[{\"@type\":\"SearchAction\",\"target\":{\"@type\":\"EntryPoint\",\"urlTemplate\":\"https:\\\/\\\/teiaeducation.ch\\\/fr\\\/?s={search_term_string}\"},\"query-input\":{\"@type\":\"PropertyValueSpecification\",\"valueRequired\":true,\"valueName\":\"search_term_string\"}}],\"inLanguage\":\"fr-FR\"},{\"@type\":\"Organization\",\"@id\":\"https:\\\/\\\/teiaeducation.ch\\\/fr\\\/#organization\",\"name\":\"Teia Education & Play\",\"url\":\"https:\\\/\\\/teiaeducation.ch\\\/fr\\\/\",\"logo\":{\"@type\":\"ImageObject\",\"inLanguage\":\"fr-FR\",\"@id\":\"https:\\\/\\\/teiaeducation.ch\\\/fr\\\/#\\\/schema\\\/logo\\\/image\\\/\",\"url\":\"https:\\\/\\\/teiaeducation.ch\\\/wp-content\\\/uploads\\\/2020\\\/11\\\/Teia-Education-Switzerland-e1620156442216.jpg\",\"contentUrl\":\"https:\\\/\\\/teiaeducation.ch\\\/wp-content\\\/uploads\\\/2020\\\/11\\\/Teia-Education-Switzerland-e1620156442216.jpg\",\"width\":166,\"height\":145,\"caption\":\"Teia Education & Play\"},\"image\":{\"@id\":\"https:\\\/\\\/teiaeducation.ch\\\/fr\\\/#\\\/schema\\\/logo\\\/image\\\/\"},\"sameAs\":[\"https:\\\/\\\/www.facebook.com\\\/teiaeducation\\\/\",\"https:\\\/\\\/x.com\\\/EducationTeia\",\"https:\\\/\\\/www.instagram.com\\\/teia.education\\\/\",\"https:\\\/\\\/www.linkedin.com\\\/company\\\/35501660\",\"https:\\\/\\\/www.pinterest.ch\\\/TeiaEducation\\\/\"]}]}<\/script>\n<meta property=\"product:price:amount\" content=\"10.95\" \/>\n<meta property=\"product:price:currency\" content=\"CHF\" \/>\n<meta property=\"og:availability\" content=\"out of stock\" \/>\n<meta property=\"product:availability\" content=\"out of stock\" \/>\n<meta property=\"product:retailer_item_id\" content=\"00000000000000000000000000000000000000000000028399\" \/>\n<meta property=\"product:condition\" content=\"new\" \/>\n<!-- \/ Yoast SEO Premium plugin. -->","yoast_head_json":{"title":"Maxi puzzle dinosaures de la p\u00e9riode du Cr\u00e9tac\u00e9 - Larsen - Teia Education & Play","description":"Le puzzle \u00e9ducatif Larsen dinosaures de la p\u00e9riode du Cr\u00e9tac\u00e9 convient aux enfants plus \u00e2g\u00e9s int\u00e9ress\u00e9s par l'apprentissage de la nature et de la pr\u00e9histoire.","robots":{"index":"index","follow":"follow","max-snippet":"max-snippet:-1","max-image-preview":"max-image-preview:large","max-video-preview":"max-video-preview:-1"},"canonical":"https:\/\/teiaeducation.ch\/fr\/produit\/maxi-puzzle-dinosaures-de-la-periode-cretace-larsen\/","og_locale":"fr_FR","og_type":"article","og_title":"Maxi puzzle dinosaures de la p\u00e9riode du Cr\u00e9tac\u00e9 - Larsen","og_description":"Le puzzle \u00e9ducatif Larsen dinosaures de la p\u00e9riode du Cr\u00e9tac\u00e9 convient aux enfants plus \u00e2g\u00e9s int\u00e9ress\u00e9s par l'apprentissage de la nature et de la pr\u00e9histoire.","og_url":"https:\/\/teiaeducation.ch\/fr\/produit\/maxi-puzzle-dinosaures-de-la-periode-cretace-larsen\/","og_site_name":"Sustainable Educational Products &amp; Ecological Toys\u00a0","article_publisher":"https:\/\/www.facebook.com\/teiaeducation\/","article_modified_time":"2022-06-03T12:24:20+00:00","og_image":[{"width":1350,"height":1055,"url":"https:\/\/teiaeducation.ch\/wp-content\/uploads\/2020\/08\/Maxi-puzzle-dinosaurs-from-the-Cretaceous-period-Larsen.jpg","type":"image\/jpeg"}],"schema":{"@context":"https:\/\/schema.org","@graph":[{"@type":"WebPage","@id":"https:\/\/teiaeducation.ch\/fr\/produit\/maxi-puzzle-dinosaures-de-la-periode-cretace-larsen\/","url":"https:\/\/teiaeducation.ch\/fr\/produit\/maxi-puzzle-dinosaures-de-la-periode-cretace-larsen\/","name":"Maxi puzzle dinosaures de la p\u00e9riode du Cr\u00e9tac\u00e9 - Larsen - Teia Education & Play","isPartOf":{"@id":"https:\/\/teiaeducation.ch\/fr\/#website"},"primaryImageOfPage":{"@id":"https:\/\/teiaeducation.ch\/fr\/produit\/maxi-puzzle-dinosaures-de-la-periode-cretace-larsen\/#primaryimage"},"image":{"@id":"https:\/\/teiaeducation.ch\/fr\/produit\/maxi-puzzle-dinosaures-de-la-periode-cretace-larsen\/#primaryimage"},"thumbnailUrl":"https:\/\/teiaeducation.ch\/wp-content\/uploads\/2020\/08\/Maxi-puzzle-dinosaurs-from-the-Cretaceous-period-Larsen.jpg","datePublished":"2020-09-03T13:09:34+00:00","dateModified":"2022-06-03T12:24:20+00:00","description":"Le puzzle \u00e9ducatif Larsen dinosaures de la p\u00e9riode du Cr\u00e9tac\u00e9 convient aux enfants plus \u00e2g\u00e9s int\u00e9ress\u00e9s par l'apprentissage de la nature et de la pr\u00e9histoire.","breadcrumb":{"@id":"https:\/\/teiaeducation.ch\/fr\/produit\/maxi-puzzle-dinosaures-de-la-periode-cretace-larsen\/#breadcrumb"},"inLanguage":"fr-FR","potentialAction":[{"@type":"ReadAction","target":["https:\/\/teiaeducation.ch\/fr\/produit\/maxi-puzzle-dinosaures-de-la-periode-cretace-larsen\/"]}]},{"@type":"ImageObject","inLanguage":"fr-FR","@id":"https:\/\/teiaeducation.ch\/fr\/produit\/maxi-puzzle-dinosaures-de-la-periode-cretace-larsen\/#primaryimage","url":"https:\/\/teiaeducation.ch\/wp-content\/uploads\/2020\/08\/Maxi-puzzle-dinosaurs-from-the-Cretaceous-period-Larsen.jpg","contentUrl":"https:\/\/teiaeducation.ch\/wp-content\/uploads\/2020\/08\/Maxi-puzzle-dinosaurs-from-the-Cretaceous-period-Larsen.jpg","width":1350,"height":1055,"caption":"Maxi puzzle dinosaures de la p\u00e9riode du Cr\u00e9tac\u00e9 - Larsen"},{"@type":"BreadcrumbList","@id":"https:\/\/teiaeducation.ch\/fr\/produit\/maxi-puzzle-dinosaures-de-la-periode-cretace-larsen\/#breadcrumb","itemListElement":[{"@type":"ListItem","position":1,"name":"Home","item":"https:\/\/teiaeducation.ch\/fr\/"},{"@type":"ListItem","position":2,"name":"Boutique Teia Education &amp; Play","item":"https:\/\/teiaeducation.ch\/fr\/boutique\/"},{"@type":"ListItem","position":3,"name":"Nos Marques","item":"https:\/\/teiaeducation.ch\/fr\/categorie-produit\/marques\/"},{"@type":"ListItem","position":4,"name":"Larsen","item":"https:\/\/teiaeducation.ch\/fr\/categorie-produit\/marques\/larsen-fr\/"},{"@type":"ListItem","position":5,"name":"Puzzles Scientifiques","item":"https:\/\/teiaeducation.ch\/fr\/categorie-produit\/marques\/larsen-fr\/puzzles-scientifiques\/"},{"@type":"ListItem","position":6,"name":"Maxi puzzle dinosaures de la p\u00e9riode du Cr\u00e9tac\u00e9 &#8211; Larsen"}]},{"@type":"WebSite","@id":"https:\/\/teiaeducation.ch\/fr\/#website","url":"https:\/\/teiaeducation.ch\/fr\/","name":"Sustainable Educational Products &amp; Ecological Toys\u00a0","description":"Specialised Swiss shop selling sustainable educational toys and games, AMI certified Montessori materials, handmade ecological wooden Waldorf toys and arts &amp; crafts supplies, school supplies, children&#039;s furniture and Montessori reference and parenting books.","publisher":{"@id":"https:\/\/teiaeducation.ch\/fr\/#organization"},"alternateName":"Teia Education & Play","potentialAction":[{"@type":"SearchAction","target":{"@type":"EntryPoint","urlTemplate":"https:\/\/teiaeducation.ch\/fr\/?s={search_term_string}"},"query-input":{"@type":"PropertyValueSpecification","valueRequired":true,"valueName":"search_term_string"}}],"inLanguage":"fr-FR"},{"@type":"Organization","@id":"https:\/\/teiaeducation.ch\/fr\/#organization","name":"Teia Education & Play","url":"https:\/\/teiaeducation.ch\/fr\/","logo":{"@type":"ImageObject","inLanguage":"fr-FR","@id":"https:\/\/teiaeducation.ch\/fr\/#\/schema\/logo\/image\/","url":"https:\/\/teiaeducation.ch\/wp-content\/uploads\/2020\/11\/Teia-Education-Switzerland-e1620156442216.jpg","contentUrl":"https:\/\/teiaeducation.ch\/wp-content\/uploads\/2020\/11\/Teia-Education-Switzerland-e1620156442216.jpg","width":166,"height":145,"caption":"Teia Education & Play"},"image":{"@id":"https:\/\/teiaeducation.ch\/fr\/#\/schema\/logo\/image\/"},"sameAs":["https:\/\/www.facebook.com\/teiaeducation\/","https:\/\/x.com\/EducationTeia","https:\/\/www.instagram.com\/teia.education\/","https:\/\/www.linkedin.com\/company\/35501660","https:\/\/www.pinterest.ch\/TeiaEducation\/"]}]},"product_price_amount":"10.95","product_price_currency":"CHF","og_availability":"out of stock","product_availability":"out of stock","product_retailer_item_id":"00000000000000000000000000000000000000000000028399","product_condition":"new"},"_links":{"self":[{"href":"https:\/\/teiaeducation.ch\/fr\/wp-json\/wp\/v2\/product\/36123","targetHints":{"allow":["GET"]}}],"collection":[{"href":"https:\/\/teiaeducation.ch\/fr\/wp-json\/wp\/v2\/product"}],"about":[{"href":"https:\/\/teiaeducation.ch\/fr\/wp-json\/wp\/v2\/types\/product"}],"replies":[{"embeddable":true,"href":"https:\/\/teiaeducation.ch\/fr\/wp-json\/wp\/v2\/comments?post=36123"}],"wp:featuredmedia":[{"embeddable":true,"href":"https:\/\/teiaeducation.ch\/fr\/wp-json\/wp\/v2\/media\/29018"}],"wp:attachment":[{"href":"https:\/\/teiaeducation.ch\/fr\/wp-json\/wp\/v2\/media?parent=36123"}],"wp:term":[{"taxonomy":"product_brand","embeddable":true,"href":"https:\/\/teiaeducation.ch\/fr\/wp-json\/wp\/v2\/product_brand?post=36123"},{"taxonomy":"product_cat","embeddable":true,"href":"https:\/\/teiaeducation.ch\/fr\/wp-json\/wp\/v2\/product_cat?post=36123"},{"taxonomy":"product_tag","embeddable":true,"href":"https:\/\/teiaeducation.ch\/fr\/wp-json\/wp\/v2\/product_tag?post=36123"}],"curies":[{"name":"wp","href":"https:\/\/api.w.org\/{rel}","templated":true}]}}