{"id":36124,"date":"2020-09-03T15:14:07","date_gmt":"2020-09-03T13:14:07","guid":{"rendered":"https:\/\/teiaeducation.ch\/product\/maxi-puzzle-volcans-anglais-larsen\/"},"modified":"2021-05-08T14:02:38","modified_gmt":"2021-05-08T12:02:38","slug":"maxi-puzzle-volcans-anglais-larsen","status":"publish","type":"product","link":"https:\/\/teiaeducation.ch\/fr\/produit\/maxi-puzzle-volcans-anglais-larsen\/","title":{"rendered":"Maxi puzzle volcans : Anglais &#8211; Larsen"},"content":{"rendered":"<p>Maxi puzzle volcans : Anglais &#8211; Larsen<\/p>\n<p>Apprends la science derri\u00e8re une \u00e9ruption volcanique avec ce puzzle \u00e9ducatif fascinant et tr\u00e8s d\u00e9taill\u00e9 de la marque norv\u00e9gienne Larsen.<\/p>\n<p>Ce puzzle explique les causes, les caract\u00e9ristiques et les r\u00e9sultats des \u00e9ruptions volcaniques, notamment la cro\u00fbte terrestre, les plaques, le magma, la lave et les nuages de cendres.<\/p>\n<p>Ce puzzle captivant comporte 70 pi\u00e8ces qui sont soigneusement d\u00e9coup\u00e9es autour des diff\u00e9rentes caract\u00e9ristiques, permettant au joueur de les assembler de mani\u00e8re attrayante.<\/p>\n<p>Ce puzzle robuste en forme de plateau, fabriqu\u00e9 en carton recycl\u00e9 avec des pi\u00e8ces de puzzle tr\u00e8s \u00e9paisses, convient aux enfants un peu plus \u00e2g\u00e9s int\u00e9ress\u00e9s par l&#8217;apprentissage des sciences, de la g\u00e9ographie et des volcans.<\/p>\n<p>Le maxi-puzzle des volcans mesure 36,5 x 28,5 cm et est \u00e9galement disponible en fran\u00e7ais et en allemand.<\/p>\n<p>Depuis 1953, la marque norv\u00e9gienne Larsen produit des puzzles de haute qualit\u00e9, de type plateau, fabriqu\u00e9s \u00e0 partir de carton recycl\u00e9. Les puzzles ont des pi\u00e8ces tr\u00e8s \u00e9paisses qui ne se cassent pas facilement et sont toujours produits dans l&#8217;usine familiale de Larsen \u00e0 Flekkefjord, une ville idyllique du sud de la Norv\u00e8ge.<\/p>\n<p>Contenu :<\/p>\n<p>1 maxi puzzle en carton (36,5 x 28,5cm)<\/p>\n","protected":false},"excerpt":{"rendered":"<p>Num\u00e9ro d&#8217;article: NB2-GB<\/p>\n","protected":false},"featured_media":29012,"comment_status":"open","ping_status":"closed","template":"","meta":[],"product_brand":[],"product_cat":[8580,216,284,283,8526,1220,763,594,17214,7595,217,5851,17220,212],"product_tag":[19391,19337,19336,19338,19334,19333,19332,19394,19346,19392,19393,19335,19331,19347,19397,19396,19395],"class_list":{"0":"post-36124","1":"product","2":"type-product","3":"status-publish","4":"has-post-thumbnail","6":"product_cat-6-12-ans-ecole-a-domicile","7":"product_cat-6-12-ans","8":"product_cat-culture-sciences","9":"product_cat-domaines-du-curriculum","10":"product_cat-fournitures-scolaires-a-domicile","11":"product_cat-traditionnelle","12":"product_cat-la-science","13":"product_cat-terre-et-univers","14":"product_cat-larsen-fr","15":"product_cat-methode-deducation","16":"product_cat-marques","17":"product_cat-nouveautes","18":"product_cat-puzzles-scientifiques","19":"product_cat-tranche-dage","20":"product_tag-geograpie-puzzle","21":"product_tag-larsen-casse-tete","22":"product_tag-larsen-norway-fr","23":"product_tag-larsen-puzzle-fr","24":"product_tag-larsen-puzzle-schweiz-fr","25":"product_tag-larsen-puzzle-suisse-fr","26":"product_tag-larsen-puzzle-switzerland-fr","27":"product_tag-larsen-puzzle-volcan","28":"product_tag-larsen-science-puzzle-fr","29":"product_tag-larsen-volcans-puzzle","30":"product_tag-larsen-volcans-puzzle-fr","31":"product_tag-puzzle-dapprentissage-pour-la-petite-enfance","32":"product_tag-puzzle-educatif","33":"product_tag-puzzle-educatif-larsen","34":"product_tag-puzzle-sur-les-sciences-de-la-terre","35":"product_tag-volcan-casse-tete","36":"product_tag-volcan-puzzle","38":"first","39":"outofstock","40":"taxable","41":"shipping-taxable","42":"purchasable","43":"product-type-simple"},"yoast_head":"<!-- This site is optimized with the Yoast SEO Premium plugin v25.8 (Yoast SEO v27.4) - https:\/\/yoast.com\/product\/yoast-seo-premium-wordpress\/ -->\n<title>Maxi puzzle volcans : Anglais - Larsen - Teia Education &amp; Play<\/title>\n<meta name=\"description\" content=\"Le puzzle \u00e9ducatif volcans de Larsen convient aux enfants \u00e2g\u00e9s de 6 ans et plus int\u00e9ress\u00e9s par l&#039;apprentissage des sciences, de la nature et des \u00e9ruptions volcaniques.\" \/>\n<meta name=\"robots\" content=\"index, follow, max-snippet:-1, max-image-preview:large, max-video-preview:-1\" \/>\n<link rel=\"canonical\" href=\"https:\/\/teiaeducation.ch\/fr\/produit\/maxi-puzzle-volcans-anglais-larsen\/\" \/>\n<meta property=\"og:locale\" content=\"fr_FR\" \/>\n<meta property=\"og:type\" content=\"article\" \/>\n<meta property=\"og:title\" content=\"Maxi puzzle volcans : Anglais - Larsen\" \/>\n<meta property=\"og:description\" content=\"Le puzzle \u00e9ducatif volcans de Larsen convient aux enfants \u00e2g\u00e9s de 6 ans et plus int\u00e9ress\u00e9s par l&#039;apprentissage des sciences, de la nature et des \u00e9ruptions volcaniques.\" \/>\n<meta property=\"og:url\" content=\"https:\/\/teiaeducation.ch\/fr\/produit\/maxi-puzzle-volcans-anglais-larsen\/\" \/>\n<meta property=\"og:site_name\" content=\"Sustainable Educational Products &amp; Ecological Toys\u00a0\" \/>\n<meta property=\"article:publisher\" content=\"https:\/\/www.facebook.com\/teiaeducation\/\" \/>\n<meta property=\"article:modified_time\" content=\"2021-05-08T12:02:38+00:00\" \/>\n<meta property=\"og:image\" content=\"https:\/\/teiaeducation.ch\/wp-content\/uploads\/2020\/08\/Maxi-puzzle-volcanoes-English-Larsen.jpg\" \/>\n\t<meta property=\"og:image:width\" content=\"1350\" \/>\n\t<meta property=\"og:image:height\" content=\"1055\" \/>\n\t<meta property=\"og:image:type\" content=\"image\/jpeg\" \/>\n<script type=\"application\/ld+json\" class=\"yoast-schema-graph\">{\"@context\":\"https:\\\/\\\/schema.org\",\"@graph\":[{\"@type\":\"WebPage\",\"@id\":\"https:\\\/\\\/teiaeducation.ch\\\/fr\\\/produit\\\/maxi-puzzle-volcans-anglais-larsen\\\/\",\"url\":\"https:\\\/\\\/teiaeducation.ch\\\/fr\\\/produit\\\/maxi-puzzle-volcans-anglais-larsen\\\/\",\"name\":\"Maxi puzzle volcans : Anglais - Larsen - Teia Education & Play\",\"isPartOf\":{\"@id\":\"https:\\\/\\\/teiaeducation.ch\\\/fr\\\/#website\"},\"primaryImageOfPage\":{\"@id\":\"https:\\\/\\\/teiaeducation.ch\\\/fr\\\/produit\\\/maxi-puzzle-volcans-anglais-larsen\\\/#primaryimage\"},\"image\":{\"@id\":\"https:\\\/\\\/teiaeducation.ch\\\/fr\\\/produit\\\/maxi-puzzle-volcans-anglais-larsen\\\/#primaryimage\"},\"thumbnailUrl\":\"https:\\\/\\\/teiaeducation.ch\\\/wp-content\\\/uploads\\\/2020\\\/08\\\/Maxi-puzzle-volcanoes-English-Larsen.jpg\",\"datePublished\":\"2020-09-03T13:14:07+00:00\",\"dateModified\":\"2021-05-08T12:02:38+00:00\",\"description\":\"Le puzzle \u00e9ducatif volcans de Larsen convient aux enfants \u00e2g\u00e9s de 6 ans et plus int\u00e9ress\u00e9s par l'apprentissage des sciences, de la nature et des \u00e9ruptions volcaniques.\",\"breadcrumb\":{\"@id\":\"https:\\\/\\\/teiaeducation.ch\\\/fr\\\/produit\\\/maxi-puzzle-volcans-anglais-larsen\\\/#breadcrumb\"},\"inLanguage\":\"fr-FR\",\"potentialAction\":[{\"@type\":\"ReadAction\",\"target\":[\"https:\\\/\\\/teiaeducation.ch\\\/fr\\\/produit\\\/maxi-puzzle-volcans-anglais-larsen\\\/\"]}]},{\"@type\":\"ImageObject\",\"inLanguage\":\"fr-FR\",\"@id\":\"https:\\\/\\\/teiaeducation.ch\\\/fr\\\/produit\\\/maxi-puzzle-volcans-anglais-larsen\\\/#primaryimage\",\"url\":\"https:\\\/\\\/teiaeducation.ch\\\/wp-content\\\/uploads\\\/2020\\\/08\\\/Maxi-puzzle-volcanoes-English-Larsen.jpg\",\"contentUrl\":\"https:\\\/\\\/teiaeducation.ch\\\/wp-content\\\/uploads\\\/2020\\\/08\\\/Maxi-puzzle-volcanoes-English-Larsen.jpg\",\"width\":1350,\"height\":1055,\"caption\":\"Maxi puzzle volcans : Anglais - Larsen\"},{\"@type\":\"BreadcrumbList\",\"@id\":\"https:\\\/\\\/teiaeducation.ch\\\/fr\\\/produit\\\/maxi-puzzle-volcans-anglais-larsen\\\/#breadcrumb\",\"itemListElement\":[{\"@type\":\"ListItem\",\"position\":1,\"name\":\"Home\",\"item\":\"https:\\\/\\\/teiaeducation.ch\\\/fr\\\/\"},{\"@type\":\"ListItem\",\"position\":2,\"name\":\"Boutique Teia Education &amp; Play\",\"item\":\"https:\\\/\\\/teiaeducation.ch\\\/fr\\\/boutique\\\/\"},{\"@type\":\"ListItem\",\"position\":3,\"name\":\"Nos Marques\",\"item\":\"https:\\\/\\\/teiaeducation.ch\\\/fr\\\/categorie-produit\\\/marques\\\/\"},{\"@type\":\"ListItem\",\"position\":4,\"name\":\"Larsen\",\"item\":\"https:\\\/\\\/teiaeducation.ch\\\/fr\\\/categorie-produit\\\/marques\\\/larsen-fr\\\/\"},{\"@type\":\"ListItem\",\"position\":5,\"name\":\"Puzzles Scientifiques\",\"item\":\"https:\\\/\\\/teiaeducation.ch\\\/fr\\\/categorie-produit\\\/marques\\\/larsen-fr\\\/puzzles-scientifiques\\\/\"},{\"@type\":\"ListItem\",\"position\":6,\"name\":\"Maxi puzzle volcans : Anglais &#8211; Larsen\"}]},{\"@type\":\"WebSite\",\"@id\":\"https:\\\/\\\/teiaeducation.ch\\\/fr\\\/#website\",\"url\":\"https:\\\/\\\/teiaeducation.ch\\\/fr\\\/\",\"name\":\"Sustainable Educational Products &amp; Ecological Toys\u00a0\",\"description\":\"Specialised Swiss shop selling sustainable educational toys and games, AMI certified Montessori materials, handmade ecological wooden Waldorf toys and arts &amp; crafts supplies, school supplies, children&#039;s furniture and Montessori reference and parenting books.\",\"publisher\":{\"@id\":\"https:\\\/\\\/teiaeducation.ch\\\/fr\\\/#organization\"},\"alternateName\":\"Teia Education & Play\",\"potentialAction\":[{\"@type\":\"SearchAction\",\"target\":{\"@type\":\"EntryPoint\",\"urlTemplate\":\"https:\\\/\\\/teiaeducation.ch\\\/fr\\\/?s={search_term_string}\"},\"query-input\":{\"@type\":\"PropertyValueSpecification\",\"valueRequired\":true,\"valueName\":\"search_term_string\"}}],\"inLanguage\":\"fr-FR\"},{\"@type\":\"Organization\",\"@id\":\"https:\\\/\\\/teiaeducation.ch\\\/fr\\\/#organization\",\"name\":\"Teia Education & Play\",\"url\":\"https:\\\/\\\/teiaeducation.ch\\\/fr\\\/\",\"logo\":{\"@type\":\"ImageObject\",\"inLanguage\":\"fr-FR\",\"@id\":\"https:\\\/\\\/teiaeducation.ch\\\/fr\\\/#\\\/schema\\\/logo\\\/image\\\/\",\"url\":\"https:\\\/\\\/teiaeducation.ch\\\/wp-content\\\/uploads\\\/2020\\\/11\\\/Teia-Education-Switzerland-e1620156442216.jpg\",\"contentUrl\":\"https:\\\/\\\/teiaeducation.ch\\\/wp-content\\\/uploads\\\/2020\\\/11\\\/Teia-Education-Switzerland-e1620156442216.jpg\",\"width\":166,\"height\":145,\"caption\":\"Teia Education & Play\"},\"image\":{\"@id\":\"https:\\\/\\\/teiaeducation.ch\\\/fr\\\/#\\\/schema\\\/logo\\\/image\\\/\"},\"sameAs\":[\"https:\\\/\\\/www.facebook.com\\\/teiaeducation\\\/\",\"https:\\\/\\\/x.com\\\/EducationTeia\",\"https:\\\/\\\/www.instagram.com\\\/teia.education\\\/\",\"https:\\\/\\\/www.linkedin.com\\\/company\\\/35501660\",\"https:\\\/\\\/www.pinterest.ch\\\/TeiaEducation\\\/\"]}]}<\/script>\n<meta property=\"product:price:amount\" content=\"10.95\" \/>\n<meta property=\"product:price:currency\" content=\"CHF\" \/>\n<meta property=\"og:availability\" content=\"out of stock\" \/>\n<meta property=\"product:availability\" content=\"out of stock\" \/>\n<meta property=\"product:retailer_item_id\" content=\"00000000000000000000000000000000000000000000028398\" \/>\n<meta property=\"product:condition\" content=\"new\" \/>\n<!-- \/ Yoast SEO Premium plugin. -->","yoast_head_json":{"title":"Maxi puzzle volcans : Anglais - Larsen - Teia Education & Play","description":"Le puzzle \u00e9ducatif volcans de Larsen convient aux enfants \u00e2g\u00e9s de 6 ans et plus int\u00e9ress\u00e9s par l'apprentissage des sciences, de la nature et des \u00e9ruptions volcaniques.","robots":{"index":"index","follow":"follow","max-snippet":"max-snippet:-1","max-image-preview":"max-image-preview:large","max-video-preview":"max-video-preview:-1"},"canonical":"https:\/\/teiaeducation.ch\/fr\/produit\/maxi-puzzle-volcans-anglais-larsen\/","og_locale":"fr_FR","og_type":"article","og_title":"Maxi puzzle volcans : Anglais - Larsen","og_description":"Le puzzle \u00e9ducatif volcans de Larsen convient aux enfants \u00e2g\u00e9s de 6 ans et plus int\u00e9ress\u00e9s par l'apprentissage des sciences, de la nature et des \u00e9ruptions volcaniques.","og_url":"https:\/\/teiaeducation.ch\/fr\/produit\/maxi-puzzle-volcans-anglais-larsen\/","og_site_name":"Sustainable Educational Products &amp; Ecological Toys\u00a0","article_publisher":"https:\/\/www.facebook.com\/teiaeducation\/","article_modified_time":"2021-05-08T12:02:38+00:00","og_image":[{"width":1350,"height":1055,"url":"https:\/\/teiaeducation.ch\/wp-content\/uploads\/2020\/08\/Maxi-puzzle-volcanoes-English-Larsen.jpg","type":"image\/jpeg"}],"schema":{"@context":"https:\/\/schema.org","@graph":[{"@type":"WebPage","@id":"https:\/\/teiaeducation.ch\/fr\/produit\/maxi-puzzle-volcans-anglais-larsen\/","url":"https:\/\/teiaeducation.ch\/fr\/produit\/maxi-puzzle-volcans-anglais-larsen\/","name":"Maxi puzzle volcans : Anglais - Larsen - Teia Education & Play","isPartOf":{"@id":"https:\/\/teiaeducation.ch\/fr\/#website"},"primaryImageOfPage":{"@id":"https:\/\/teiaeducation.ch\/fr\/produit\/maxi-puzzle-volcans-anglais-larsen\/#primaryimage"},"image":{"@id":"https:\/\/teiaeducation.ch\/fr\/produit\/maxi-puzzle-volcans-anglais-larsen\/#primaryimage"},"thumbnailUrl":"https:\/\/teiaeducation.ch\/wp-content\/uploads\/2020\/08\/Maxi-puzzle-volcanoes-English-Larsen.jpg","datePublished":"2020-09-03T13:14:07+00:00","dateModified":"2021-05-08T12:02:38+00:00","description":"Le puzzle \u00e9ducatif volcans de Larsen convient aux enfants \u00e2g\u00e9s de 6 ans et plus int\u00e9ress\u00e9s par l'apprentissage des sciences, de la nature et des \u00e9ruptions volcaniques.","breadcrumb":{"@id":"https:\/\/teiaeducation.ch\/fr\/produit\/maxi-puzzle-volcans-anglais-larsen\/#breadcrumb"},"inLanguage":"fr-FR","potentialAction":[{"@type":"ReadAction","target":["https:\/\/teiaeducation.ch\/fr\/produit\/maxi-puzzle-volcans-anglais-larsen\/"]}]},{"@type":"ImageObject","inLanguage":"fr-FR","@id":"https:\/\/teiaeducation.ch\/fr\/produit\/maxi-puzzle-volcans-anglais-larsen\/#primaryimage","url":"https:\/\/teiaeducation.ch\/wp-content\/uploads\/2020\/08\/Maxi-puzzle-volcanoes-English-Larsen.jpg","contentUrl":"https:\/\/teiaeducation.ch\/wp-content\/uploads\/2020\/08\/Maxi-puzzle-volcanoes-English-Larsen.jpg","width":1350,"height":1055,"caption":"Maxi puzzle volcans : Anglais - Larsen"},{"@type":"BreadcrumbList","@id":"https:\/\/teiaeducation.ch\/fr\/produit\/maxi-puzzle-volcans-anglais-larsen\/#breadcrumb","itemListElement":[{"@type":"ListItem","position":1,"name":"Home","item":"https:\/\/teiaeducation.ch\/fr\/"},{"@type":"ListItem","position":2,"name":"Boutique Teia Education &amp; Play","item":"https:\/\/teiaeducation.ch\/fr\/boutique\/"},{"@type":"ListItem","position":3,"name":"Nos Marques","item":"https:\/\/teiaeducation.ch\/fr\/categorie-produit\/marques\/"},{"@type":"ListItem","position":4,"name":"Larsen","item":"https:\/\/teiaeducation.ch\/fr\/categorie-produit\/marques\/larsen-fr\/"},{"@type":"ListItem","position":5,"name":"Puzzles Scientifiques","item":"https:\/\/teiaeducation.ch\/fr\/categorie-produit\/marques\/larsen-fr\/puzzles-scientifiques\/"},{"@type":"ListItem","position":6,"name":"Maxi puzzle volcans : Anglais &#8211; Larsen"}]},{"@type":"WebSite","@id":"https:\/\/teiaeducation.ch\/fr\/#website","url":"https:\/\/teiaeducation.ch\/fr\/","name":"Sustainable Educational Products &amp; Ecological Toys\u00a0","description":"Specialised Swiss shop selling sustainable educational toys and games, AMI certified Montessori materials, handmade ecological wooden Waldorf toys and arts &amp; crafts supplies, school supplies, children&#039;s furniture and Montessori reference and parenting books.","publisher":{"@id":"https:\/\/teiaeducation.ch\/fr\/#organization"},"alternateName":"Teia Education & Play","potentialAction":[{"@type":"SearchAction","target":{"@type":"EntryPoint","urlTemplate":"https:\/\/teiaeducation.ch\/fr\/?s={search_term_string}"},"query-input":{"@type":"PropertyValueSpecification","valueRequired":true,"valueName":"search_term_string"}}],"inLanguage":"fr-FR"},{"@type":"Organization","@id":"https:\/\/teiaeducation.ch\/fr\/#organization","name":"Teia Education & Play","url":"https:\/\/teiaeducation.ch\/fr\/","logo":{"@type":"ImageObject","inLanguage":"fr-FR","@id":"https:\/\/teiaeducation.ch\/fr\/#\/schema\/logo\/image\/","url":"https:\/\/teiaeducation.ch\/wp-content\/uploads\/2020\/11\/Teia-Education-Switzerland-e1620156442216.jpg","contentUrl":"https:\/\/teiaeducation.ch\/wp-content\/uploads\/2020\/11\/Teia-Education-Switzerland-e1620156442216.jpg","width":166,"height":145,"caption":"Teia Education & Play"},"image":{"@id":"https:\/\/teiaeducation.ch\/fr\/#\/schema\/logo\/image\/"},"sameAs":["https:\/\/www.facebook.com\/teiaeducation\/","https:\/\/x.com\/EducationTeia","https:\/\/www.instagram.com\/teia.education\/","https:\/\/www.linkedin.com\/company\/35501660","https:\/\/www.pinterest.ch\/TeiaEducation\/"]}]},"product_price_amount":"10.95","product_price_currency":"CHF","og_availability":"out of stock","product_availability":"out of stock","product_retailer_item_id":"00000000000000000000000000000000000000000000028398","product_condition":"new"},"_links":{"self":[{"href":"https:\/\/teiaeducation.ch\/fr\/wp-json\/wp\/v2\/product\/36124","targetHints":{"allow":["GET"]}}],"collection":[{"href":"https:\/\/teiaeducation.ch\/fr\/wp-json\/wp\/v2\/product"}],"about":[{"href":"https:\/\/teiaeducation.ch\/fr\/wp-json\/wp\/v2\/types\/product"}],"replies":[{"embeddable":true,"href":"https:\/\/teiaeducation.ch\/fr\/wp-json\/wp\/v2\/comments?post=36124"}],"wp:featuredmedia":[{"embeddable":true,"href":"https:\/\/teiaeducation.ch\/fr\/wp-json\/wp\/v2\/media\/29012"}],"wp:attachment":[{"href":"https:\/\/teiaeducation.ch\/fr\/wp-json\/wp\/v2\/media?parent=36124"}],"wp:term":[{"taxonomy":"product_brand","embeddable":true,"href":"https:\/\/teiaeducation.ch\/fr\/wp-json\/wp\/v2\/product_brand?post=36124"},{"taxonomy":"product_cat","embeddable":true,"href":"https:\/\/teiaeducation.ch\/fr\/wp-json\/wp\/v2\/product_cat?post=36124"},{"taxonomy":"product_tag","embeddable":true,"href":"https:\/\/teiaeducation.ch\/fr\/wp-json\/wp\/v2\/product_tag?post=36124"}],"curies":[{"name":"wp","href":"https:\/\/api.w.org\/{rel}","templated":true}]}}