{"id":36125,"date":"2020-09-03T14:58:16","date_gmt":"2020-09-03T12:58:16","guid":{"rendered":"https:\/\/teiaeducation.ch\/product\/maxi-puzzle-apprend-a-lire-des-mots-simples-anglais-larsen\/"},"modified":"2021-05-08T14:09:23","modified_gmt":"2021-05-08T12:09:23","slug":"maxi-puzzle-apprend-a-lire-des-mots-simple-anglais-larsen","status":"publish","type":"product","link":"https:\/\/teiaeducation.ch\/fr\/produit\/maxi-puzzle-apprend-a-lire-des-mots-simple-anglais-larsen\/","title":{"rendered":"Maxi puzzle apprend \u00e0 lire des mots simples : Anglais &#8211; Larsen"},"content":{"rendered":"<p>Maxi puzzle apprend \u00e0 lire des mots simples \u00e0 partir de 23 lettres minuscules : Anglais &#8211; Larsen<\/p>\n<p>Apprends \u00e0 lire des mots simples compos\u00e9s de 23 lettres minuscules avec ce puzzle amusant et \u00e9ducatif de la marque norv\u00e9gienne Larsen.<\/p>\n<p>Ce puzzle aidera votre enfant \u00e0 apprendre \u00e0 lire et \u00e0 \u00e9largir son vocabulaire, son imagination cr\u00e9ative et ses comp\u00e9tences en mati\u00e8re de narration et d&#8217;alphab\u00e9tisation.<\/p>\n<p>Ce puzzle captivant comporte 40 pi\u00e8ces aux bords incurv\u00e9s d\u00e9coup\u00e9s sur mesure, de sorte qu&#8217;elles ne peuvent s&#8217;ins\u00e9rer qu&#8217;au bon endroit &#8211; ce qui est id\u00e9al pour s&#8217;autocorriger. Chaque mot doit \u00eatre plac\u00e9 au-dessus de l&#8217;image correcte. Les jolies illustrations sont soigneusement s\u00e9lectionn\u00e9es pour que les mots soient simples et que les objets soient familiers et facilement reconnaissables, comme la voiture, le v\u00e9lo, le canard, le poisson et l&#8217;\u00e9toile.<\/p>\n<p>Ce puzzle robuste de type plateau, fabriqu\u00e9 \u00e0 partir de carton recycl\u00e9 avec des pi\u00e8ces de puzzle tr\u00e8s \u00e9paisses, convient aux enfants un peu plus jeunes qui souhaitent apprendre \u00e0 lire d\u00e8s la petite enfance.<\/p>\n<p>Le Larsen learn to read simple words from 23 lower case letters mesure 36,5 x 28,5cm et est \u00e9galement disponible en allemand.<\/p>\n<p>Depuis 1953, la marque norv\u00e9gienne Larsen produit des puzzles de haute qualit\u00e9, de type plateau, fabriqu\u00e9s \u00e0 partir de carton recycl\u00e9. Les puzzles ont des pi\u00e8ces tr\u00e8s \u00e9paisses qui ne se cassent pas facilement et sont toujours produits dans l&#8217;usine familiale de Larsen \u00e0 Flekkefjord, une ville idyllique du sud de la Norv\u00e8ge.<\/p>\n","protected":false},"excerpt":{"rendered":"<p>Num\u00e9ro d&#8217;article: LS41-GB<\/p>\n","protected":false},"featured_media":29003,"comment_status":"open","ping_status":"closed","template":"","meta":[],"product_brand":[],"product_cat":[8527,215,285,605,283,8526,1220,17214,607,7595,217,5851,17217,611,212,612],"product_tag":[19339,19398,19337,19336,19338,19402,19334,19333,19332,19401,19335,19405,19331,19340,19404,19400,19399,19403],"class_list":{"0":"post-36125","1":"product","2":"type-product","3":"status-publish","4":"has-post-thumbnail","6":"product_cat-3-6-ans-ecole-a-domicile","7":"product_cat-3-6-ans","8":"product_cat-alphabetisation-langage","9":"product_cat-apprendre-a-lire","10":"product_cat-domaines-du-curriculum","11":"product_cat-fournitures-scolaires-a-domicile","12":"product_cat-traditionnelle","13":"product_cat-larsen-fr","14":"product_cat-des-lettres","15":"product_cat-methode-deducation","16":"product_cat-marques","17":"product_cat-nouveautes","18":"product_cat-puzzles-linguistiques","19":"product_cat-raconter-des-histoires","20":"product_cat-tranche-dage","21":"product_cat-vocabulaire-fr","22":"product_tag-casse-tete-pour-enfants","23":"product_tag-larsen-apprendre-a-lire-puzzle","24":"product_tag-larsen-casse-tete","25":"product_tag-larsen-norway-fr","26":"product_tag-larsen-puzzle-fr","27":"product_tag-larsen-puzzle-mots","28":"product_tag-larsen-puzzle-schweiz-fr","29":"product_tag-larsen-puzzle-suisse-fr","30":"product_tag-larsen-puzzle-switzerland-fr","31":"product_tag-puzzle-apprendre-a-lire","32":"product_tag-puzzle-dapprentissage-pour-la-petite-enfance","33":"product_tag-puzzle-de-lalphabetisation-larsen","34":"product_tag-puzzle-educatif","35":"product_tag-puzzle-pour-enfants","36":"product_tag-puzzles-dalphabetisation","37":"product_tag-puzzles-dapprentissage-precoce","38":"product_tag-puzzles-de-lecture","39":"product_tag-puzzles-lettres","41":"first","42":"outofstock","43":"taxable","44":"shipping-taxable","45":"purchasable","46":"product-type-simple"},"yoast_head":"<!-- This site is optimized with the Yoast SEO Premium plugin v25.8 (Yoast SEO v27.4) - https:\/\/yoast.com\/product\/yoast-seo-premium-wordpress\/ -->\n<title>Maxi puzzle apprend \u00e0 lire des mots simples : Anglais - Larsen - Teia Education &amp; Play<\/title>\n<meta name=\"description\" content=\"Le puzzle \u00e9ducatif Larsen learn to read est adapt\u00e9 aux jeunes enfants pour l&#039;apprentissage de la lecture, de l&#039;alphab\u00e9tisation, du vocabulaire et de la narration.\" \/>\n<meta name=\"robots\" content=\"index, follow, max-snippet:-1, max-image-preview:large, max-video-preview:-1\" \/>\n<link rel=\"canonical\" href=\"https:\/\/teiaeducation.ch\/fr\/produit\/maxi-puzzle-apprend-a-lire-des-mots-simple-anglais-larsen\/\" \/>\n<meta property=\"og:locale\" content=\"fr_FR\" \/>\n<meta property=\"og:type\" content=\"article\" \/>\n<meta property=\"og:title\" content=\"Maxi puzzle apprend \u00e0 lire des mots simples : Anglais - Larsen\" \/>\n<meta property=\"og:description\" content=\"Le puzzle \u00e9ducatif Larsen learn to read est adapt\u00e9 aux jeunes enfants pour l&#039;apprentissage de la lecture, de l&#039;alphab\u00e9tisation, du vocabulaire et de la narration.\" \/>\n<meta property=\"og:url\" content=\"https:\/\/teiaeducation.ch\/fr\/produit\/maxi-puzzle-apprend-a-lire-des-mots-simple-anglais-larsen\/\" \/>\n<meta property=\"og:site_name\" content=\"Sustainable Educational Products &amp; Ecological Toys\u00a0\" \/>\n<meta property=\"article:publisher\" content=\"https:\/\/www.facebook.com\/teiaeducation\/\" \/>\n<meta property=\"article:modified_time\" content=\"2021-05-08T12:09:23+00:00\" \/>\n<meta property=\"og:image\" content=\"https:\/\/teiaeducation.ch\/wp-content\/uploads\/2020\/08\/Maxi-puzzle-learn-to-read-simple-words-English-Larsen.jpg\" \/>\n\t<meta property=\"og:image:width\" content=\"1350\" \/>\n\t<meta property=\"og:image:height\" content=\"1055\" \/>\n\t<meta property=\"og:image:type\" content=\"image\/jpeg\" \/>\n<script type=\"application\/ld+json\" class=\"yoast-schema-graph\">{\"@context\":\"https:\\\/\\\/schema.org\",\"@graph\":[{\"@type\":\"WebPage\",\"@id\":\"https:\\\/\\\/teiaeducation.ch\\\/fr\\\/produit\\\/maxi-puzzle-apprend-a-lire-des-mots-simple-anglais-larsen\\\/\",\"url\":\"https:\\\/\\\/teiaeducation.ch\\\/fr\\\/produit\\\/maxi-puzzle-apprend-a-lire-des-mots-simple-anglais-larsen\\\/\",\"name\":\"Maxi puzzle apprend \u00e0 lire des mots simples : Anglais - Larsen - Teia Education & Play\",\"isPartOf\":{\"@id\":\"https:\\\/\\\/teiaeducation.ch\\\/fr\\\/#website\"},\"primaryImageOfPage\":{\"@id\":\"https:\\\/\\\/teiaeducation.ch\\\/fr\\\/produit\\\/maxi-puzzle-apprend-a-lire-des-mots-simple-anglais-larsen\\\/#primaryimage\"},\"image\":{\"@id\":\"https:\\\/\\\/teiaeducation.ch\\\/fr\\\/produit\\\/maxi-puzzle-apprend-a-lire-des-mots-simple-anglais-larsen\\\/#primaryimage\"},\"thumbnailUrl\":\"https:\\\/\\\/teiaeducation.ch\\\/wp-content\\\/uploads\\\/2020\\\/08\\\/Maxi-puzzle-learn-to-read-simple-words-English-Larsen.jpg\",\"datePublished\":\"2020-09-03T12:58:16+00:00\",\"dateModified\":\"2021-05-08T12:09:23+00:00\",\"description\":\"Le puzzle \u00e9ducatif Larsen learn to read est adapt\u00e9 aux jeunes enfants pour l'apprentissage de la lecture, de l'alphab\u00e9tisation, du vocabulaire et de la narration.\",\"breadcrumb\":{\"@id\":\"https:\\\/\\\/teiaeducation.ch\\\/fr\\\/produit\\\/maxi-puzzle-apprend-a-lire-des-mots-simple-anglais-larsen\\\/#breadcrumb\"},\"inLanguage\":\"fr-FR\",\"potentialAction\":[{\"@type\":\"ReadAction\",\"target\":[\"https:\\\/\\\/teiaeducation.ch\\\/fr\\\/produit\\\/maxi-puzzle-apprend-a-lire-des-mots-simple-anglais-larsen\\\/\"]}]},{\"@type\":\"ImageObject\",\"inLanguage\":\"fr-FR\",\"@id\":\"https:\\\/\\\/teiaeducation.ch\\\/fr\\\/produit\\\/maxi-puzzle-apprend-a-lire-des-mots-simple-anglais-larsen\\\/#primaryimage\",\"url\":\"https:\\\/\\\/teiaeducation.ch\\\/wp-content\\\/uploads\\\/2020\\\/08\\\/Maxi-puzzle-learn-to-read-simple-words-English-Larsen.jpg\",\"contentUrl\":\"https:\\\/\\\/teiaeducation.ch\\\/wp-content\\\/uploads\\\/2020\\\/08\\\/Maxi-puzzle-learn-to-read-simple-words-English-Larsen.jpg\",\"width\":1350,\"height\":1055,\"caption\":\"Maxi puzzle apprend \u00e0 lire des mots simples : Anglais - Larsen\"},{\"@type\":\"BreadcrumbList\",\"@id\":\"https:\\\/\\\/teiaeducation.ch\\\/fr\\\/produit\\\/maxi-puzzle-apprend-a-lire-des-mots-simple-anglais-larsen\\\/#breadcrumb\",\"itemListElement\":[{\"@type\":\"ListItem\",\"position\":1,\"name\":\"Home\",\"item\":\"https:\\\/\\\/teiaeducation.ch\\\/fr\\\/\"},{\"@type\":\"ListItem\",\"position\":2,\"name\":\"Boutique Teia Education &amp; Play\",\"item\":\"https:\\\/\\\/teiaeducation.ch\\\/fr\\\/boutique\\\/\"},{\"@type\":\"ListItem\",\"position\":3,\"name\":\"Nos Marques\",\"item\":\"https:\\\/\\\/teiaeducation.ch\\\/fr\\\/categorie-produit\\\/marques\\\/\"},{\"@type\":\"ListItem\",\"position\":4,\"name\":\"Larsen\",\"item\":\"https:\\\/\\\/teiaeducation.ch\\\/fr\\\/categorie-produit\\\/marques\\\/larsen-fr\\\/\"},{\"@type\":\"ListItem\",\"position\":5,\"name\":\"Puzzles Linguistiques\",\"item\":\"https:\\\/\\\/teiaeducation.ch\\\/fr\\\/categorie-produit\\\/marques\\\/larsen-fr\\\/puzzles-linguistiques\\\/\"},{\"@type\":\"ListItem\",\"position\":6,\"name\":\"Maxi puzzle apprend \u00e0 lire des mots simples : Anglais &#8211; Larsen\"}]},{\"@type\":\"WebSite\",\"@id\":\"https:\\\/\\\/teiaeducation.ch\\\/fr\\\/#website\",\"url\":\"https:\\\/\\\/teiaeducation.ch\\\/fr\\\/\",\"name\":\"Sustainable Educational Products &amp; Ecological Toys\u00a0\",\"description\":\"Specialised Swiss shop selling sustainable educational toys and games, AMI certified Montessori materials, handmade ecological wooden Waldorf toys and arts &amp; crafts supplies, school supplies, children&#039;s furniture and Montessori reference and parenting books.\",\"publisher\":{\"@id\":\"https:\\\/\\\/teiaeducation.ch\\\/fr\\\/#organization\"},\"alternateName\":\"Teia Education & Play\",\"potentialAction\":[{\"@type\":\"SearchAction\",\"target\":{\"@type\":\"EntryPoint\",\"urlTemplate\":\"https:\\\/\\\/teiaeducation.ch\\\/fr\\\/?s={search_term_string}\"},\"query-input\":{\"@type\":\"PropertyValueSpecification\",\"valueRequired\":true,\"valueName\":\"search_term_string\"}}],\"inLanguage\":\"fr-FR\"},{\"@type\":\"Organization\",\"@id\":\"https:\\\/\\\/teiaeducation.ch\\\/fr\\\/#organization\",\"name\":\"Teia Education & Play\",\"url\":\"https:\\\/\\\/teiaeducation.ch\\\/fr\\\/\",\"logo\":{\"@type\":\"ImageObject\",\"inLanguage\":\"fr-FR\",\"@id\":\"https:\\\/\\\/teiaeducation.ch\\\/fr\\\/#\\\/schema\\\/logo\\\/image\\\/\",\"url\":\"https:\\\/\\\/teiaeducation.ch\\\/wp-content\\\/uploads\\\/2020\\\/11\\\/Teia-Education-Switzerland-e1620156442216.jpg\",\"contentUrl\":\"https:\\\/\\\/teiaeducation.ch\\\/wp-content\\\/uploads\\\/2020\\\/11\\\/Teia-Education-Switzerland-e1620156442216.jpg\",\"width\":166,\"height\":145,\"caption\":\"Teia Education & Play\"},\"image\":{\"@id\":\"https:\\\/\\\/teiaeducation.ch\\\/fr\\\/#\\\/schema\\\/logo\\\/image\\\/\"},\"sameAs\":[\"https:\\\/\\\/www.facebook.com\\\/teiaeducation\\\/\",\"https:\\\/\\\/x.com\\\/EducationTeia\",\"https:\\\/\\\/www.instagram.com\\\/teia.education\\\/\",\"https:\\\/\\\/www.linkedin.com\\\/company\\\/35501660\",\"https:\\\/\\\/www.pinterest.ch\\\/TeiaEducation\\\/\"]}]}<\/script>\n<meta property=\"product:price:amount\" content=\"10.95\" \/>\n<meta property=\"product:price:currency\" content=\"CHF\" \/>\n<meta property=\"og:availability\" content=\"out of stock\" \/>\n<meta property=\"product:availability\" content=\"out of stock\" \/>\n<meta property=\"product:retailer_item_id\" content=\"00000000000000000000000000000000000000000000028365\" \/>\n<meta property=\"product:condition\" content=\"new\" \/>\n<!-- \/ Yoast SEO Premium plugin. -->","yoast_head_json":{"title":"Maxi puzzle apprend \u00e0 lire des mots simples : Anglais - Larsen - Teia Education & Play","description":"Le puzzle \u00e9ducatif Larsen learn to read est adapt\u00e9 aux jeunes enfants pour l'apprentissage de la lecture, de l'alphab\u00e9tisation, du vocabulaire et de la narration.","robots":{"index":"index","follow":"follow","max-snippet":"max-snippet:-1","max-image-preview":"max-image-preview:large","max-video-preview":"max-video-preview:-1"},"canonical":"https:\/\/teiaeducation.ch\/fr\/produit\/maxi-puzzle-apprend-a-lire-des-mots-simple-anglais-larsen\/","og_locale":"fr_FR","og_type":"article","og_title":"Maxi puzzle apprend \u00e0 lire des mots simples : Anglais - Larsen","og_description":"Le puzzle \u00e9ducatif Larsen learn to read est adapt\u00e9 aux jeunes enfants pour l'apprentissage de la lecture, de l'alphab\u00e9tisation, du vocabulaire et de la narration.","og_url":"https:\/\/teiaeducation.ch\/fr\/produit\/maxi-puzzle-apprend-a-lire-des-mots-simple-anglais-larsen\/","og_site_name":"Sustainable Educational Products &amp; Ecological Toys\u00a0","article_publisher":"https:\/\/www.facebook.com\/teiaeducation\/","article_modified_time":"2021-05-08T12:09:23+00:00","og_image":[{"width":1350,"height":1055,"url":"https:\/\/teiaeducation.ch\/wp-content\/uploads\/2020\/08\/Maxi-puzzle-learn-to-read-simple-words-English-Larsen.jpg","type":"image\/jpeg"}],"schema":{"@context":"https:\/\/schema.org","@graph":[{"@type":"WebPage","@id":"https:\/\/teiaeducation.ch\/fr\/produit\/maxi-puzzle-apprend-a-lire-des-mots-simple-anglais-larsen\/","url":"https:\/\/teiaeducation.ch\/fr\/produit\/maxi-puzzle-apprend-a-lire-des-mots-simple-anglais-larsen\/","name":"Maxi puzzle apprend \u00e0 lire des mots simples : Anglais - Larsen - Teia Education & Play","isPartOf":{"@id":"https:\/\/teiaeducation.ch\/fr\/#website"},"primaryImageOfPage":{"@id":"https:\/\/teiaeducation.ch\/fr\/produit\/maxi-puzzle-apprend-a-lire-des-mots-simple-anglais-larsen\/#primaryimage"},"image":{"@id":"https:\/\/teiaeducation.ch\/fr\/produit\/maxi-puzzle-apprend-a-lire-des-mots-simple-anglais-larsen\/#primaryimage"},"thumbnailUrl":"https:\/\/teiaeducation.ch\/wp-content\/uploads\/2020\/08\/Maxi-puzzle-learn-to-read-simple-words-English-Larsen.jpg","datePublished":"2020-09-03T12:58:16+00:00","dateModified":"2021-05-08T12:09:23+00:00","description":"Le puzzle \u00e9ducatif Larsen learn to read est adapt\u00e9 aux jeunes enfants pour l'apprentissage de la lecture, de l'alphab\u00e9tisation, du vocabulaire et de la narration.","breadcrumb":{"@id":"https:\/\/teiaeducation.ch\/fr\/produit\/maxi-puzzle-apprend-a-lire-des-mots-simple-anglais-larsen\/#breadcrumb"},"inLanguage":"fr-FR","potentialAction":[{"@type":"ReadAction","target":["https:\/\/teiaeducation.ch\/fr\/produit\/maxi-puzzle-apprend-a-lire-des-mots-simple-anglais-larsen\/"]}]},{"@type":"ImageObject","inLanguage":"fr-FR","@id":"https:\/\/teiaeducation.ch\/fr\/produit\/maxi-puzzle-apprend-a-lire-des-mots-simple-anglais-larsen\/#primaryimage","url":"https:\/\/teiaeducation.ch\/wp-content\/uploads\/2020\/08\/Maxi-puzzle-learn-to-read-simple-words-English-Larsen.jpg","contentUrl":"https:\/\/teiaeducation.ch\/wp-content\/uploads\/2020\/08\/Maxi-puzzle-learn-to-read-simple-words-English-Larsen.jpg","width":1350,"height":1055,"caption":"Maxi puzzle apprend \u00e0 lire des mots simples : Anglais - Larsen"},{"@type":"BreadcrumbList","@id":"https:\/\/teiaeducation.ch\/fr\/produit\/maxi-puzzle-apprend-a-lire-des-mots-simple-anglais-larsen\/#breadcrumb","itemListElement":[{"@type":"ListItem","position":1,"name":"Home","item":"https:\/\/teiaeducation.ch\/fr\/"},{"@type":"ListItem","position":2,"name":"Boutique Teia Education &amp; Play","item":"https:\/\/teiaeducation.ch\/fr\/boutique\/"},{"@type":"ListItem","position":3,"name":"Nos Marques","item":"https:\/\/teiaeducation.ch\/fr\/categorie-produit\/marques\/"},{"@type":"ListItem","position":4,"name":"Larsen","item":"https:\/\/teiaeducation.ch\/fr\/categorie-produit\/marques\/larsen-fr\/"},{"@type":"ListItem","position":5,"name":"Puzzles Linguistiques","item":"https:\/\/teiaeducation.ch\/fr\/categorie-produit\/marques\/larsen-fr\/puzzles-linguistiques\/"},{"@type":"ListItem","position":6,"name":"Maxi puzzle apprend \u00e0 lire des mots simples : Anglais &#8211; Larsen"}]},{"@type":"WebSite","@id":"https:\/\/teiaeducation.ch\/fr\/#website","url":"https:\/\/teiaeducation.ch\/fr\/","name":"Sustainable Educational Products &amp; Ecological Toys\u00a0","description":"Specialised Swiss shop selling sustainable educational toys and games, AMI certified Montessori materials, handmade ecological wooden Waldorf toys and arts &amp; crafts supplies, school supplies, children&#039;s furniture and Montessori reference and parenting books.","publisher":{"@id":"https:\/\/teiaeducation.ch\/fr\/#organization"},"alternateName":"Teia Education & Play","potentialAction":[{"@type":"SearchAction","target":{"@type":"EntryPoint","urlTemplate":"https:\/\/teiaeducation.ch\/fr\/?s={search_term_string}"},"query-input":{"@type":"PropertyValueSpecification","valueRequired":true,"valueName":"search_term_string"}}],"inLanguage":"fr-FR"},{"@type":"Organization","@id":"https:\/\/teiaeducation.ch\/fr\/#organization","name":"Teia Education & Play","url":"https:\/\/teiaeducation.ch\/fr\/","logo":{"@type":"ImageObject","inLanguage":"fr-FR","@id":"https:\/\/teiaeducation.ch\/fr\/#\/schema\/logo\/image\/","url":"https:\/\/teiaeducation.ch\/wp-content\/uploads\/2020\/11\/Teia-Education-Switzerland-e1620156442216.jpg","contentUrl":"https:\/\/teiaeducation.ch\/wp-content\/uploads\/2020\/11\/Teia-Education-Switzerland-e1620156442216.jpg","width":166,"height":145,"caption":"Teia Education & Play"},"image":{"@id":"https:\/\/teiaeducation.ch\/fr\/#\/schema\/logo\/image\/"},"sameAs":["https:\/\/www.facebook.com\/teiaeducation\/","https:\/\/x.com\/EducationTeia","https:\/\/www.instagram.com\/teia.education\/","https:\/\/www.linkedin.com\/company\/35501660","https:\/\/www.pinterest.ch\/TeiaEducation\/"]}]},"product_price_amount":"10.95","product_price_currency":"CHF","og_availability":"out of stock","product_availability":"out of stock","product_retailer_item_id":"00000000000000000000000000000000000000000000028365","product_condition":"new"},"_links":{"self":[{"href":"https:\/\/teiaeducation.ch\/fr\/wp-json\/wp\/v2\/product\/36125","targetHints":{"allow":["GET"]}}],"collection":[{"href":"https:\/\/teiaeducation.ch\/fr\/wp-json\/wp\/v2\/product"}],"about":[{"href":"https:\/\/teiaeducation.ch\/fr\/wp-json\/wp\/v2\/types\/product"}],"replies":[{"embeddable":true,"href":"https:\/\/teiaeducation.ch\/fr\/wp-json\/wp\/v2\/comments?post=36125"}],"wp:featuredmedia":[{"embeddable":true,"href":"https:\/\/teiaeducation.ch\/fr\/wp-json\/wp\/v2\/media\/29003"}],"wp:attachment":[{"href":"https:\/\/teiaeducation.ch\/fr\/wp-json\/wp\/v2\/media?parent=36125"}],"wp:term":[{"taxonomy":"product_brand","embeddable":true,"href":"https:\/\/teiaeducation.ch\/fr\/wp-json\/wp\/v2\/product_brand?post=36125"},{"taxonomy":"product_cat","embeddable":true,"href":"https:\/\/teiaeducation.ch\/fr\/wp-json\/wp\/v2\/product_cat?post=36125"},{"taxonomy":"product_tag","embeddable":true,"href":"https:\/\/teiaeducation.ch\/fr\/wp-json\/wp\/v2\/product_tag?post=36125"}],"curies":[{"name":"wp","href":"https:\/\/api.w.org\/{rel}","templated":true}]}}