{"id":36169,"date":"2021-03-31T15:15:55","date_gmt":"2021-03-31T13:15:55","guid":{"rendered":"https:\/\/teiaeducation.ch\/product\/papillons-toob-safari-ltd\/"},"modified":"2023-02-14T15:55:17","modified_gmt":"2023-02-14T14:55:17","slug":"papillons-toob-safari-ltd","status":"publish","type":"product","link":"https:\/\/teiaeducation.ch\/fr\/produit\/papillons-toob-safari-ltd\/","title":{"rendered":"Figurines papillons TOOB &#8211; Safari Ltd"},"content":{"rendered":"<p>Le Safari TOOB, avec ses figurines miniatures r\u00e9alistes des plus beaux papillons du monde, est un pr\u00e9cieux jouet \u00e9ducatif\u00a0<a href=\"https:\/\/teiaeducation.ch\/fr\/categorie-produit\/methode-deducation\/montessori-fr\/\">Montessori<\/a>\u00a0pour a la maison ou en\u00a0<a href=\"https:\/\/teiaeducation.ch\/fr\/fournitures-scolaires\/fournitures-pour-les-ecoles-montessori\/\">classe<\/a> !<\/p>\n<p>L&#8217;ensemble comprend un planeur rouge, un machaon vert, un soufre barr\u00e9 orange, un soufre coud\u00e9 blanc, un avenus regalis, un anaea clytemnestra et un papilio garleppi. Les 8 mod\u00e8les de papillons magnifiquement d\u00e9taill\u00e9s et r\u00e9alistes aident les enfants \u00e0 reconna\u00eetre, appr\u00e9cier et remarquer les diff\u00e9rences entre les esp\u00e8ces.<\/p>\n<p>Ce TOOB de Safari de haute qualit\u00e9 et durable est un excellent outil p\u00e9dagogique et un <a href=\"https:\/\/teiaeducation.ch\/fr\/categorie-produit\/jouer\/jouets-montessori\/\">jouet d&#8217;inspiration Montessori<\/a>. Les figurines d&#8217;apprentissage pratiques sont \u00e9galement parfaites pour observer, pour soutenir les le\u00e7ons de biologie, de <a href=\"https:\/\/teiaeducation.ch\/fr\/categorie-produit\/domaines-du-curriculum\/culture-sciences\/geographie-animale\/\">zoologie<\/a> et de nature, de classification, et peuvent \u00e9galement \u00eatre appliqu\u00e9es comme de merveilleux objets de <a href=\"https:\/\/teiaeducation.ch\/fr\/categorie-produit\/domaines-du-curriculum\/alphabetisation-langage\/\">langage<\/a> et de bacs <a href=\"https:\/\/teiaeducation.ch\/fr\/categorie-produit\/jouer\/jeu-sensoriel\/\">sensoriels<\/a> pour enrichir le <a href=\"https:\/\/teiaeducation.ch\/fr\/categorie-produit\/domaines-du-curriculum\/alphabetisation-langage\/vocabulaire-fr\/\">vocabulaire<\/a> et les <a href=\"https:\/\/teiaeducation.ch\/fr\/categorie-produit\/domaines-du-curriculum\/alphabetisation-langage\/raconter-des-histoires\/\">r\u00e9cits<\/a>.\u00a0Ils font \u00e9galement de beaux ajouts aux jeux du petit monde ouverts et aux expositions sur la nature et peuvent \u00eatre utilis\u00e9s pour la d\u00e9coration de <a href=\"https:\/\/teiaeducation.ch\/fr\/categorie-produit\/collections-saisonnieres\/collection-printemps\/\">printemps<\/a> et <a href=\"https:\/\/teiaeducation.ch\/fr\/categorie-produit\/collections-saisonnieres\/collection-dete\/\">d&#8217;\u00e9t\u00e9<\/a> dans la maison.<\/p>\n<p>Lorsque les papillons sortent de leur chrysalide (semblable \u00e0 un cocon) pendant les mois les plus chauds, ils sont souvent vus et repr\u00e9sent\u00e9s comme les h\u00e9rauts du printemps et de l&#8217;\u00e9t\u00e9. Les le\u00e7ons avec ces figurines de papillons peuvent se concentrer sur le fait que leurs colorations vibrantes sont une d\u00e9fense pour effrayer les pr\u00e9dateurs ou aider les papillons \u00e0 se fondre dans les fleurs et la faune o\u00f9 ils se nourrissent. Cet ensemble peut \u00e9galement \u00eatre associ\u00e9 \u00e0 l&#8217;ensemble Safari sur le cycle de vie d&#8217;un <a href=\"https:\/\/teiaeducation.ch\/fr\/product\/life-cycle-of-a-monarch-butterfly-safari-ltd\/\">papillon monarque<\/a> pour aider les enfants \u00e0 comprendre la transition entre les \u0153ufs, la chenille, la chrysalide et le papillon.<\/p>\n<div class=\"product-short-description\">\n<p>Nous recommandons \u00e9galement le <a href=\"https:\/\/teiaeducation.ch\/fr\/product\/butterfly-wings-a-matching-game\/\">jeu<\/a> d&#8217;association les ailes de papillon et le livre <a href=\"https:\/\/teiaeducation.ch\/fr\/product\/a-butterfly-is-patient-diana-hutts-aston-sylvia-long\/\">un papillon est patient<\/a> de Dianna Hutts Aston et Sylvia Long qui offre un regard magnifique et informatif sur le monde des papillons !<\/p>\n<\/div>\n<p>Chaque figurine de papillon r\u00e9aliste de ce TOOB est peinte individuellement avec des d\u00e9tails scientifiquement pr\u00e9cis. Ils sont non-toxiques, sans BPA et conviennent aux enfants de 3 ans et plus. Le TOOB contenant les figurines mesure 32,5 cm de long.<\/p>\n<p>La marque familiale am\u00e9ricaine <a href=\"https:\/\/teiaeducation.ch\/fr\/categorie-produit\/marques\/safari-jouets-figurines-animaux-fr\/\">Safari Ltd\u00ae<\/a> cr\u00e9e depuis plus de 30 ans des figurines <a href=\"https:\/\/teiaeducation.ch\/fr\/categorie-produit\/jouer\/animaux-fermes\/\">d&#8217;animaux<\/a> merveilleusement r\u00e9alistes et des outils p\u00e9dagogiques. Leurs jouets durables, de haute qualit\u00e9 et fabriqu\u00e9s avec soin, sensibilisent les enfants \u00e0 l&#8217;importance de la <a href=\"https:\/\/teiaeducation.ch\/fr\/categorie-produit\/jouer\/jeu-de-la-nature\/\">nature<\/a> et de la conservation par le biais de la joie du <a href=\"https:\/\/teiaeducation.ch\/fr\/categorie-produit\/jouer\/jeu-imaginatif-faire-semblant\/\">jeu imaginatif<\/a> et peuvent \u00eatre utilis\u00e9s de diverses mani\u00e8res.<\/p>\n<p>Tous les produits de Safari Ltd sont non toxiques, sans <a href=\"https:\/\/en.wikipedia.org\/wiki\/Bisphenol_A\">BPA<\/a>, sans plomb et sans phtalates. Ils sont rigoureusement test\u00e9s en termes de s\u00e9curit\u00e9, passant et d\u00e9passant toutes les r\u00e9glementations et normes de test mondiales. La marque utilise des emballages respectueux de l&#8217;environnement, notamment du papier recycl\u00e9 et recyclable sans rev\u00eatement UV, et s&#8217;efforce d&#8217;appliquer des pratiques commerciales \u00e9cologiques tout au long de la production.<\/p>\n<p>Contenu:<\/p>\n<p>8 figurines miniatures de papillons<\/p>\n","protected":false},"excerpt":{"rendered":"<p>Num\u00e9ro d&#8217;article: S684504<\/p>\n<p>Le Safari TOOB, avec ses figurines miniatures r\u00e9alistes des plus beaux papillons du monde, est un jouet \u00e9ducatif Montessori pour a la maison ou la classe !<\/p>\n","protected":false},"featured_media":34978,"comment_status":"open","ping_status":"closed","template":"","meta":[],"product_brand":[],"product_cat":[8527,215,8580,216,285,13131,22032,23635,18893,22344,284,283,8526,592,17239,21257,22421,18913,13130,22181,1220,23650,763,13140,13142,7595,1218,217,5851,611,18967,24313,212,612],"product_tag":[19419,24492,24495,24494,24493,19417,19418,19416,8132,19420,19427,19415,19422],"class_list":{"0":"post-36169","1":"product","2":"type-product","3":"status-publish","4":"has-post-thumbnail","6":"product_cat-3-6-ans-ecole-a-domicile","7":"product_cat-3-6-ans","8":"product_cat-6-12-ans-ecole-a-domicile","9":"product_cat-6-12-ans","10":"product_cat-alphabetisation-langage","11":"product_cat-animaux-fermes","12":"product_cat-cadeaux-du-calendrier-de-lavent-et-de-noel","13":"product_cat-collection-dete","14":"product_cat-collection-printemps","15":"product_cat-collections-saisonnieres","16":"product_cat-culture-sciences","17":"product_cat-domaines-du-curriculum","18":"product_cat-fournitures-scolaires-a-domicile","19":"product_cat-geographie-animale","20":"product_cat-guide-cadeaux-educatifs","21":"product_cat-guides-cadeaux","22":"product_cat-idees-cadeaux-pour-paques","23":"product_cat-jeu-de-la-nature","24":"product_cat-jouer","25":"product_cat-jouets-montessori","26":"product_cat-traditionnelle","27":"product_cat-la-rentree-scolaire","28":"product_cat-la-science","29":"product_cat-jeu-libre","30":"product_cat-jeu-sensoriel","31":"product_cat-methode-deducation","32":"product_cat-montessori-fr","33":"product_cat-marques","34":"product_cat-nouveautes","35":"product_cat-raconter-des-histoires","36":"product_cat-safari-jouets-figurines-animaux-fr","37":"product_cat-saint-valentin","38":"product_cat-tranche-dage","39":"product_cat-vocabulaire-fr","40":"product_tag-figures-danimaux-non-toxiques","41":"product_tag-figurines-montessori-realistes-de-papillons","42":"product_tag-figurines-papillons-toob-safari","43":"product_tag-figurines-realistes-de-papillons-miniatures","44":"product_tag-jouet-educatif-montessori-papillons","45":"product_tag-jouets-dapprentissage","46":"product_tag-jouets-non-toxiques","47":"product_tag-jouets-sans-bisphenol-a","48":"product_tag-montessori-jouets","49":"product_tag-montessori-zoologie-jouets","50":"product_tag-papillons-toob-safari-ltd","51":"product_tag-safari-jouets","52":"product_tag-safari-toob-fr","54":"first","55":"instock","56":"taxable","57":"shipping-taxable","58":"purchasable","59":"product-type-simple"},"yoast_head":"<!-- This site is optimized with the Yoast SEO Premium plugin v25.8 (Yoast SEO v27.4) - https:\/\/yoast.com\/product\/yoast-seo-premium-wordpress\/ -->\n<title>Figurines papillons TOOB - Safari Ltd<\/title>\n<meta name=\"description\" content=\"Le Safari TOOB, avec ses figurines miniatures r\u00e9alistes des plus beaux papillons du monde, est un jouet \u00e9ducatif Montessori pour a la maison ou la classe !\" \/>\n<meta name=\"robots\" content=\"index, follow, max-snippet:-1, max-image-preview:large, max-video-preview:-1\" \/>\n<link rel=\"canonical\" href=\"https:\/\/teiaeducation.ch\/fr\/produit\/papillons-toob-safari-ltd\/\" \/>\n<meta property=\"og:locale\" content=\"fr_FR\" \/>\n<meta property=\"og:type\" content=\"article\" \/>\n<meta property=\"og:title\" content=\"Figurines papillons TOOB - Safari Ltd\" \/>\n<meta property=\"og:description\" content=\"Le Safari TOOB, avec ses figurines miniatures r\u00e9alistes des plus beaux papillons du monde, est un jouet \u00e9ducatif Montessori pour a la maison ou la classe !\" \/>\n<meta property=\"og:url\" content=\"https:\/\/teiaeducation.ch\/fr\/produit\/papillons-toob-safari-ltd\/\" \/>\n<meta property=\"og:site_name\" content=\"Sustainable Educational Products &amp; Ecological Toys\u00a0\" \/>\n<meta property=\"article:publisher\" content=\"https:\/\/www.facebook.com\/teiaeducation\/\" \/>\n<meta property=\"article:modified_time\" content=\"2023-02-14T14:55:17+00:00\" \/>\n<meta property=\"og:image\" content=\"https:\/\/teiaeducation.ch\/wp-content\/uploads\/2021\/03\/Butterflies-TOOB-Realistic-miniature-butterfly-figurines-Montessori-learning-toy-Safari-Ltd.jpg\" \/>\n\t<meta property=\"og:image:width\" content=\"1000\" \/>\n\t<meta property=\"og:image:height\" content=\"1000\" \/>\n\t<meta property=\"og:image:type\" content=\"image\/jpeg\" \/>\n<script type=\"application\/ld+json\" class=\"yoast-schema-graph\">{\"@context\":\"https:\\\/\\\/schema.org\",\"@graph\":[{\"@type\":\"WebPage\",\"@id\":\"https:\\\/\\\/teiaeducation.ch\\\/fr\\\/produit\\\/papillons-toob-safari-ltd\\\/\",\"url\":\"https:\\\/\\\/teiaeducation.ch\\\/fr\\\/produit\\\/papillons-toob-safari-ltd\\\/\",\"name\":\"Figurines papillons TOOB - Safari Ltd\",\"isPartOf\":{\"@id\":\"https:\\\/\\\/teiaeducation.ch\\\/fr\\\/#website\"},\"primaryImageOfPage\":{\"@id\":\"https:\\\/\\\/teiaeducation.ch\\\/fr\\\/produit\\\/papillons-toob-safari-ltd\\\/#primaryimage\"},\"image\":{\"@id\":\"https:\\\/\\\/teiaeducation.ch\\\/fr\\\/produit\\\/papillons-toob-safari-ltd\\\/#primaryimage\"},\"thumbnailUrl\":\"https:\\\/\\\/teiaeducation.ch\\\/wp-content\\\/uploads\\\/2021\\\/03\\\/Butterflies-TOOB-Realistic-miniature-butterfly-figurines-Montessori-learning-toy-Safari-Ltd.jpg\",\"datePublished\":\"2021-03-31T13:15:55+00:00\",\"dateModified\":\"2023-02-14T14:55:17+00:00\",\"description\":\"Le Safari TOOB, avec ses figurines miniatures r\u00e9alistes des plus beaux papillons du monde, est un jouet \u00e9ducatif Montessori pour a la maison ou la classe !\",\"breadcrumb\":{\"@id\":\"https:\\\/\\\/teiaeducation.ch\\\/fr\\\/produit\\\/papillons-toob-safari-ltd\\\/#breadcrumb\"},\"inLanguage\":\"fr-FR\",\"potentialAction\":[{\"@type\":\"ReadAction\",\"target\":[\"https:\\\/\\\/teiaeducation.ch\\\/fr\\\/produit\\\/papillons-toob-safari-ltd\\\/\"]}]},{\"@type\":\"ImageObject\",\"inLanguage\":\"fr-FR\",\"@id\":\"https:\\\/\\\/teiaeducation.ch\\\/fr\\\/produit\\\/papillons-toob-safari-ltd\\\/#primaryimage\",\"url\":\"https:\\\/\\\/teiaeducation.ch\\\/wp-content\\\/uploads\\\/2021\\\/03\\\/Butterflies-TOOB-Realistic-miniature-butterfly-figurines-Montessori-learning-toy-Safari-Ltd.jpg\",\"contentUrl\":\"https:\\\/\\\/teiaeducation.ch\\\/wp-content\\\/uploads\\\/2021\\\/03\\\/Butterflies-TOOB-Realistic-miniature-butterfly-figurines-Montessori-learning-toy-Safari-Ltd.jpg\",\"width\":1000,\"height\":1000,\"caption\":\"Papillons TOOB \\\/ Figurines r\u00e9alistes de papillons miniatures jouet d'apprentissage Montessori - Safari Ltd\"},{\"@type\":\"BreadcrumbList\",\"@id\":\"https:\\\/\\\/teiaeducation.ch\\\/fr\\\/produit\\\/papillons-toob-safari-ltd\\\/#breadcrumb\",\"itemListElement\":[{\"@type\":\"ListItem\",\"position\":1,\"name\":\"Home\",\"item\":\"https:\\\/\\\/teiaeducation.ch\\\/fr\\\/\"},{\"@type\":\"ListItem\",\"position\":2,\"name\":\"Boutique Teia Education &amp; Play\",\"item\":\"https:\\\/\\\/teiaeducation.ch\\\/fr\\\/boutique\\\/\"},{\"@type\":\"ListItem\",\"position\":3,\"name\":\"Nos Marques\",\"item\":\"https:\\\/\\\/teiaeducation.ch\\\/fr\\\/categorie-produit\\\/marques\\\/\"},{\"@type\":\"ListItem\",\"position\":4,\"name\":\"Safari\",\"item\":\"https:\\\/\\\/teiaeducation.ch\\\/fr\\\/categorie-produit\\\/marques\\\/safari-jouets-figurines-animaux-fr\\\/\"},{\"@type\":\"ListItem\",\"position\":5,\"name\":\"Figurines papillons TOOB &#8211; Safari Ltd\"}]},{\"@type\":\"WebSite\",\"@id\":\"https:\\\/\\\/teiaeducation.ch\\\/fr\\\/#website\",\"url\":\"https:\\\/\\\/teiaeducation.ch\\\/fr\\\/\",\"name\":\"Sustainable Educational Products &amp; Ecological Toys\u00a0\",\"description\":\"Specialised Swiss shop selling sustainable educational toys and games, AMI certified Montessori materials, handmade ecological wooden Waldorf toys and arts &amp; crafts supplies, school supplies, children&#039;s furniture and Montessori reference and parenting books.\",\"publisher\":{\"@id\":\"https:\\\/\\\/teiaeducation.ch\\\/fr\\\/#organization\"},\"alternateName\":\"Teia Education & Play\",\"potentialAction\":[{\"@type\":\"SearchAction\",\"target\":{\"@type\":\"EntryPoint\",\"urlTemplate\":\"https:\\\/\\\/teiaeducation.ch\\\/fr\\\/?s={search_term_string}\"},\"query-input\":{\"@type\":\"PropertyValueSpecification\",\"valueRequired\":true,\"valueName\":\"search_term_string\"}}],\"inLanguage\":\"fr-FR\"},{\"@type\":\"Organization\",\"@id\":\"https:\\\/\\\/teiaeducation.ch\\\/fr\\\/#organization\",\"name\":\"Teia Education & Play\",\"url\":\"https:\\\/\\\/teiaeducation.ch\\\/fr\\\/\",\"logo\":{\"@type\":\"ImageObject\",\"inLanguage\":\"fr-FR\",\"@id\":\"https:\\\/\\\/teiaeducation.ch\\\/fr\\\/#\\\/schema\\\/logo\\\/image\\\/\",\"url\":\"https:\\\/\\\/teiaeducation.ch\\\/wp-content\\\/uploads\\\/2020\\\/11\\\/Teia-Education-Switzerland-e1620156442216.jpg\",\"contentUrl\":\"https:\\\/\\\/teiaeducation.ch\\\/wp-content\\\/uploads\\\/2020\\\/11\\\/Teia-Education-Switzerland-e1620156442216.jpg\",\"width\":166,\"height\":145,\"caption\":\"Teia Education & Play\"},\"image\":{\"@id\":\"https:\\\/\\\/teiaeducation.ch\\\/fr\\\/#\\\/schema\\\/logo\\\/image\\\/\"},\"sameAs\":[\"https:\\\/\\\/www.facebook.com\\\/teiaeducation\\\/\",\"https:\\\/\\\/x.com\\\/EducationTeia\",\"https:\\\/\\\/www.instagram.com\\\/teia.education\\\/\",\"https:\\\/\\\/www.linkedin.com\\\/company\\\/35501660\",\"https:\\\/\\\/www.pinterest.ch\\\/TeiaEducation\\\/\"]}]}<\/script>\n<meta property=\"product:price:amount\" content=\"18.90\" \/>\n<meta property=\"product:price:currency\" content=\"CHF\" \/>\n<meta property=\"og:availability\" content=\"instock\" \/>\n<meta property=\"product:availability\" content=\"instock\" \/>\n<meta property=\"product:retailer_item_id\" content=\"000000000000000000000000000000000000000000000340455\" \/>\n<meta property=\"product:condition\" content=\"new\" \/>\n<!-- \/ Yoast SEO Premium plugin. -->","yoast_head_json":{"title":"Figurines papillons TOOB - Safari Ltd","description":"Le Safari TOOB, avec ses figurines miniatures r\u00e9alistes des plus beaux papillons du monde, est un jouet \u00e9ducatif Montessori pour a la maison ou la classe !","robots":{"index":"index","follow":"follow","max-snippet":"max-snippet:-1","max-image-preview":"max-image-preview:large","max-video-preview":"max-video-preview:-1"},"canonical":"https:\/\/teiaeducation.ch\/fr\/produit\/papillons-toob-safari-ltd\/","og_locale":"fr_FR","og_type":"article","og_title":"Figurines papillons TOOB - Safari Ltd","og_description":"Le Safari TOOB, avec ses figurines miniatures r\u00e9alistes des plus beaux papillons du monde, est un jouet \u00e9ducatif Montessori pour a la maison ou la classe !","og_url":"https:\/\/teiaeducation.ch\/fr\/produit\/papillons-toob-safari-ltd\/","og_site_name":"Sustainable Educational Products &amp; Ecological Toys\u00a0","article_publisher":"https:\/\/www.facebook.com\/teiaeducation\/","article_modified_time":"2023-02-14T14:55:17+00:00","og_image":[{"width":1000,"height":1000,"url":"https:\/\/teiaeducation.ch\/wp-content\/uploads\/2021\/03\/Butterflies-TOOB-Realistic-miniature-butterfly-figurines-Montessori-learning-toy-Safari-Ltd.jpg","type":"image\/jpeg"}],"schema":{"@context":"https:\/\/schema.org","@graph":[{"@type":"WebPage","@id":"https:\/\/teiaeducation.ch\/fr\/produit\/papillons-toob-safari-ltd\/","url":"https:\/\/teiaeducation.ch\/fr\/produit\/papillons-toob-safari-ltd\/","name":"Figurines papillons TOOB - Safari Ltd","isPartOf":{"@id":"https:\/\/teiaeducation.ch\/fr\/#website"},"primaryImageOfPage":{"@id":"https:\/\/teiaeducation.ch\/fr\/produit\/papillons-toob-safari-ltd\/#primaryimage"},"image":{"@id":"https:\/\/teiaeducation.ch\/fr\/produit\/papillons-toob-safari-ltd\/#primaryimage"},"thumbnailUrl":"https:\/\/teiaeducation.ch\/wp-content\/uploads\/2021\/03\/Butterflies-TOOB-Realistic-miniature-butterfly-figurines-Montessori-learning-toy-Safari-Ltd.jpg","datePublished":"2021-03-31T13:15:55+00:00","dateModified":"2023-02-14T14:55:17+00:00","description":"Le Safari TOOB, avec ses figurines miniatures r\u00e9alistes des plus beaux papillons du monde, est un jouet \u00e9ducatif Montessori pour a la maison ou la classe !","breadcrumb":{"@id":"https:\/\/teiaeducation.ch\/fr\/produit\/papillons-toob-safari-ltd\/#breadcrumb"},"inLanguage":"fr-FR","potentialAction":[{"@type":"ReadAction","target":["https:\/\/teiaeducation.ch\/fr\/produit\/papillons-toob-safari-ltd\/"]}]},{"@type":"ImageObject","inLanguage":"fr-FR","@id":"https:\/\/teiaeducation.ch\/fr\/produit\/papillons-toob-safari-ltd\/#primaryimage","url":"https:\/\/teiaeducation.ch\/wp-content\/uploads\/2021\/03\/Butterflies-TOOB-Realistic-miniature-butterfly-figurines-Montessori-learning-toy-Safari-Ltd.jpg","contentUrl":"https:\/\/teiaeducation.ch\/wp-content\/uploads\/2021\/03\/Butterflies-TOOB-Realistic-miniature-butterfly-figurines-Montessori-learning-toy-Safari-Ltd.jpg","width":1000,"height":1000,"caption":"Papillons TOOB \/ Figurines r\u00e9alistes de papillons miniatures jouet d'apprentissage Montessori - Safari Ltd"},{"@type":"BreadcrumbList","@id":"https:\/\/teiaeducation.ch\/fr\/produit\/papillons-toob-safari-ltd\/#breadcrumb","itemListElement":[{"@type":"ListItem","position":1,"name":"Home","item":"https:\/\/teiaeducation.ch\/fr\/"},{"@type":"ListItem","position":2,"name":"Boutique Teia Education &amp; Play","item":"https:\/\/teiaeducation.ch\/fr\/boutique\/"},{"@type":"ListItem","position":3,"name":"Nos Marques","item":"https:\/\/teiaeducation.ch\/fr\/categorie-produit\/marques\/"},{"@type":"ListItem","position":4,"name":"Safari","item":"https:\/\/teiaeducation.ch\/fr\/categorie-produit\/marques\/safari-jouets-figurines-animaux-fr\/"},{"@type":"ListItem","position":5,"name":"Figurines papillons TOOB &#8211; Safari Ltd"}]},{"@type":"WebSite","@id":"https:\/\/teiaeducation.ch\/fr\/#website","url":"https:\/\/teiaeducation.ch\/fr\/","name":"Sustainable Educational Products &amp; Ecological Toys\u00a0","description":"Specialised Swiss shop selling sustainable educational toys and games, AMI certified Montessori materials, handmade ecological wooden Waldorf toys and arts &amp; crafts supplies, school supplies, children&#039;s furniture and Montessori reference and parenting books.","publisher":{"@id":"https:\/\/teiaeducation.ch\/fr\/#organization"},"alternateName":"Teia Education & Play","potentialAction":[{"@type":"SearchAction","target":{"@type":"EntryPoint","urlTemplate":"https:\/\/teiaeducation.ch\/fr\/?s={search_term_string}"},"query-input":{"@type":"PropertyValueSpecification","valueRequired":true,"valueName":"search_term_string"}}],"inLanguage":"fr-FR"},{"@type":"Organization","@id":"https:\/\/teiaeducation.ch\/fr\/#organization","name":"Teia Education & Play","url":"https:\/\/teiaeducation.ch\/fr\/","logo":{"@type":"ImageObject","inLanguage":"fr-FR","@id":"https:\/\/teiaeducation.ch\/fr\/#\/schema\/logo\/image\/","url":"https:\/\/teiaeducation.ch\/wp-content\/uploads\/2020\/11\/Teia-Education-Switzerland-e1620156442216.jpg","contentUrl":"https:\/\/teiaeducation.ch\/wp-content\/uploads\/2020\/11\/Teia-Education-Switzerland-e1620156442216.jpg","width":166,"height":145,"caption":"Teia Education & Play"},"image":{"@id":"https:\/\/teiaeducation.ch\/fr\/#\/schema\/logo\/image\/"},"sameAs":["https:\/\/www.facebook.com\/teiaeducation\/","https:\/\/x.com\/EducationTeia","https:\/\/www.instagram.com\/teia.education\/","https:\/\/www.linkedin.com\/company\/35501660","https:\/\/www.pinterest.ch\/TeiaEducation\/"]}]},"product_price_amount":"18.90","product_price_currency":"CHF","og_availability":"instock","product_availability":"instock","product_retailer_item_id":"000000000000000000000000000000000000000000000340455","product_condition":"new"},"_links":{"self":[{"href":"https:\/\/teiaeducation.ch\/fr\/wp-json\/wp\/v2\/product\/36169","targetHints":{"allow":["GET"]}}],"collection":[{"href":"https:\/\/teiaeducation.ch\/fr\/wp-json\/wp\/v2\/product"}],"about":[{"href":"https:\/\/teiaeducation.ch\/fr\/wp-json\/wp\/v2\/types\/product"}],"replies":[{"embeddable":true,"href":"https:\/\/teiaeducation.ch\/fr\/wp-json\/wp\/v2\/comments?post=36169"}],"wp:featuredmedia":[{"embeddable":true,"href":"https:\/\/teiaeducation.ch\/fr\/wp-json\/wp\/v2\/media\/34978"}],"wp:attachment":[{"href":"https:\/\/teiaeducation.ch\/fr\/wp-json\/wp\/v2\/media?parent=36169"}],"wp:term":[{"taxonomy":"product_brand","embeddable":true,"href":"https:\/\/teiaeducation.ch\/fr\/wp-json\/wp\/v2\/product_brand?post=36169"},{"taxonomy":"product_cat","embeddable":true,"href":"https:\/\/teiaeducation.ch\/fr\/wp-json\/wp\/v2\/product_cat?post=36169"},{"taxonomy":"product_tag","embeddable":true,"href":"https:\/\/teiaeducation.ch\/fr\/wp-json\/wp\/v2\/product_tag?post=36169"}],"curies":[{"name":"wp","href":"https:\/\/api.w.org\/{rel}","templated":true}]}}