{"id":36170,"date":"2020-03-29T14:00:08","date_gmt":"2020-03-29T12:00:08","guid":{"rendered":"https:\/\/teiaeducation.ch\/product\/math-puzzle-addition-et-soustraction-1-educo\/"},"modified":"2022-02-20T14:19:51","modified_gmt":"2022-02-20T13:19:51","slug":"puzzle-mathematique-addition-et-soustraction-1-educo","status":"publish","type":"product","link":"https:\/\/teiaeducation.ch\/fr\/produit\/puzzle-mathematique-addition-et-soustraction-1-educo\/","title":{"rendered":"Math puzzle: addition et soustraction 1 &#8211; Educo"},"content":{"rendered":"<p>Math puzzle: addition et soustraction 1 &#8211; Educo<\/p>\n<p>Le puzzle math\u00e9matique : addition et soustraction 1 de la gamme de <a href=\"https:\/\/teiaeducation.ch\/product-category\/brands\/educo\/puzzle-play\/\">jeu puzzle<\/a>d&#8217;Educo est un grand puzzle enti\u00e8rement en bois. Ce puzzle fait partie d&#8217;une s\u00e9rie de puzzles autour du th\u00e8me des math\u00e9matiques et permet \u00e0 l&#8217;enfant de s&#8217;exercer de mani\u00e8re ludique aux additions et aux soustractions jusqu&#8217;\u00e0 20.<\/p>\n<p>Ce grand puzzle \u00e0 th\u00e8me magnifiquement illustr\u00e9 mesure 40 centim\u00e8tres sur 28 et se compose de 35 pi\u00e8ces de puzzle en bois solidement fix\u00e9es sur une planche en bois de h\u00eatre. Chaque pi\u00e8ce de puzzle en bois comporte une somme au dos qui correspond \u00e0 un num\u00e9ro sur la planche d&#8217;incrustation. Une carte de contr\u00f4le est \u00e9galement incluse.<\/p>\n<p>Les puzzles math\u00e9matiques d&#8217;Educo d\u00e9veloppent les comp\u00e9tences math\u00e9matiques ainsi que la cr\u00e9ativit\u00e9, l&#8217;imagination, les comp\u00e9tences linguistiques et l&#8217;alphab\u00e9tisation. Comme tous les puzzles de la gamme de jeu de puzzle Educo, ce puzzle \u00e9ducatif en bois de haute qualit\u00e9 inspire la pens\u00e9e critique et les techniques de r\u00e9solution de probl\u00e8mes \u00e0 travers le jeu.<\/p>\n<p>Ce mat\u00e9riel convient aux enfants \u00e2g\u00e9s de 4 ans et plus.<\/p>\n<p>Contenu :<\/p>\n<p>1 planche d&#8217;incrustation en bois (40 x 28 cm)<br \/>\n35 pi\u00e8ces de puzzle en contreplaqu\u00e9 de bouleau de 4 mm d&#8217;\u00e9paisseur<\/p>\n","protected":false},"excerpt":{"rendered":"<p>Num\u00e9ro d&#8217;article : E523362<\/p>\n","protected":false},"featured_media":24372,"comment_status":"open","ping_status":"closed","template":"","meta":[],"product_brand":[],"product_cat":[8527,215,8580,216,285,13128,245,283,224,8526,22355,234,613,1220,628,288,7595,217,5851,611,212,612],"product_tag":[19208,1363,4296,4298,8563,19207,19209,5849,8617,19206,23603],"class_list":{"0":"post-36170","1":"product","2":"type-product","3":"status-publish","4":"has-post-thumbnail","6":"product_cat-3-6-ans-ecole-a-domicile","7":"product_cat-3-6-ans","8":"product_cat-6-12-ans-ecole-a-domicile","9":"product_cat-6-12-ans","10":"product_cat-alphabetisation-langage","11":"product_cat-apprendre-a-compter","12":"product_cat-calcul-jeu-mathematique","13":"product_cat-domaines-du-curriculum","14":"product_cat-educo-fr","15":"product_cat-fournitures-scolaires-a-domicile","16":"product_cat-jeu-de-puzzle","17":"product_cat-jeu-mathematique","18":"product_cat-laddition","19":"product_cat-traditionnelle","20":"product_cat-soustraction","21":"product_cat-mathematiques-calcul","22":"product_cat-methode-deducation","23":"product_cat-marques","24":"product_cat-nouveautes","25":"product_cat-raconter-des-histoires","26":"product_cat-tranche-dage","27":"product_cat-vocabulaire-fr","28":"product_tag-compter-jusqua-20","29":"product_tag-educo-fr","30":"product_tag-jeu-de-puzzle","31":"product_tag-jouer-et-resoudre","32":"product_tag-jouets-educatifs-en-bois","33":"product_tag-math-puzzle-fr","34":"product_tag-puzzle-daddition-et-de-soustraction","35":"product_tag-puzzle-en-bois","36":"product_tag-puzzle-en-bois-fr","37":"product_tag-puzzle-mathematics-fr","38":"product_tag-wooden-toys-fr","40":"first","41":"instock","42":"taxable","43":"shipping-taxable","44":"purchasable","45":"product-type-simple"},"yoast_head":"<!-- This site is optimized with the Yoast SEO plugin v27.1.1 - https:\/\/yoast.com\/product\/yoast-seo-wordpress\/ -->\n<title>Math puzzle: addition et soustraction 1 - Educo - Teia Education &amp; Play<\/title>\n<meta name=\"description\" content=\"Le puzzle math\u00e9matique Educo : addition et soustraction 1 est un grand puzzle permettant \u00e0 l&#039;enfant de pratiquer l&#039;addition et la soustraction jusqu&#039;\u00e0 20.\" \/>\n<meta name=\"robots\" content=\"index, follow, max-snippet:-1, max-image-preview:large, max-video-preview:-1\" \/>\n<link rel=\"canonical\" href=\"https:\/\/teiaeducation.ch\/fr\/produit\/puzzle-mathematique-addition-et-soustraction-1-educo\/\" \/>\n<meta property=\"og:locale\" content=\"fr_FR\" \/>\n<meta property=\"og:type\" content=\"article\" \/>\n<meta property=\"og:title\" content=\"Math puzzle: addition et soustraction 1 - Educo - Teia Education &amp; Play\" \/>\n<meta property=\"og:description\" content=\"Le puzzle math\u00e9matique Educo : addition et soustraction 1 est un grand puzzle permettant \u00e0 l&#039;enfant de pratiquer l&#039;addition et la soustraction jusqu&#039;\u00e0 20.\" \/>\n<meta property=\"og:url\" content=\"https:\/\/teiaeducation.ch\/fr\/produit\/puzzle-mathematique-addition-et-soustraction-1-educo\/\" \/>\n<meta property=\"og:site_name\" content=\"Sustainable Educational Products &amp; Ecological Toys\u00a0\" \/>\n<meta property=\"article:publisher\" content=\"https:\/\/www.facebook.com\/teiaeducation\/\" \/>\n<meta property=\"article:modified_time\" content=\"2022-02-20T13:19:51+00:00\" \/>\n<meta property=\"og:image\" content=\"https:\/\/teiaeducation.ch\/wp-content\/uploads\/2020\/03\/Math-puzzle-addition-and-subtraction-1-Educo-scaled-scaled.jpg\" \/>\n\t<meta property=\"og:image:width\" content=\"2048\" \/>\n\t<meta property=\"og:image:height\" content=\"1320\" \/>\n\t<meta property=\"og:image:type\" content=\"image\/jpeg\" \/>\n<script type=\"application\/ld+json\" class=\"yoast-schema-graph\">{\"@context\":\"https:\/\/schema.org\",\"@graph\":[{\"@type\":\"WebPage\",\"@id\":\"https:\/\/teiaeducation.ch\/fr\/produit\/puzzle-mathematique-addition-et-soustraction-1-educo\/\",\"url\":\"https:\/\/teiaeducation.ch\/fr\/produit\/puzzle-mathematique-addition-et-soustraction-1-educo\/\",\"name\":\"Math puzzle: addition et soustraction 1 - Educo - Teia Education & Play\",\"isPartOf\":{\"@id\":\"https:\/\/teiaeducation.ch\/fr\/#website\"},\"primaryImageOfPage\":{\"@id\":\"https:\/\/teiaeducation.ch\/fr\/produit\/puzzle-mathematique-addition-et-soustraction-1-educo\/#primaryimage\"},\"image\":{\"@id\":\"https:\/\/teiaeducation.ch\/fr\/produit\/puzzle-mathematique-addition-et-soustraction-1-educo\/#primaryimage\"},\"thumbnailUrl\":\"https:\/\/teiaeducation.ch\/wp-content\/uploads\/2020\/03\/Math-puzzle-addition-and-subtraction-1-Educo-scaled-scaled.jpg\",\"datePublished\":\"2020-03-29T12:00:08+00:00\",\"dateModified\":\"2022-02-20T13:19:51+00:00\",\"description\":\"Le puzzle math\u00e9matique Educo : addition et soustraction 1 est un grand puzzle permettant \u00e0 l'enfant de pratiquer l'addition et la soustraction jusqu'\u00e0 20.\",\"breadcrumb\":{\"@id\":\"https:\/\/teiaeducation.ch\/fr\/produit\/puzzle-mathematique-addition-et-soustraction-1-educo\/#breadcrumb\"},\"inLanguage\":\"fr-FR\",\"potentialAction\":[{\"@type\":\"ReadAction\",\"target\":[\"https:\/\/teiaeducation.ch\/fr\/produit\/puzzle-mathematique-addition-et-soustraction-1-educo\/\"]}]},{\"@type\":\"ImageObject\",\"inLanguage\":\"fr-FR\",\"@id\":\"https:\/\/teiaeducation.ch\/fr\/produit\/puzzle-mathematique-addition-et-soustraction-1-educo\/#primaryimage\",\"url\":\"https:\/\/teiaeducation.ch\/wp-content\/uploads\/2020\/03\/Math-puzzle-addition-and-subtraction-1-Educo-scaled-scaled.jpg\",\"contentUrl\":\"https:\/\/teiaeducation.ch\/wp-content\/uploads\/2020\/03\/Math-puzzle-addition-and-subtraction-1-Educo-scaled-scaled.jpg\",\"width\":2048,\"height\":1320,\"caption\":\"Math puzzle: addition et soustraction 1 - Educo\"},{\"@type\":\"BreadcrumbList\",\"@id\":\"https:\/\/teiaeducation.ch\/fr\/produit\/puzzle-mathematique-addition-et-soustraction-1-educo\/#breadcrumb\",\"itemListElement\":[{\"@type\":\"ListItem\",\"position\":1,\"name\":\"Home\",\"item\":\"https:\/\/teiaeducation.ch\/fr\/\"},{\"@type\":\"ListItem\",\"position\":2,\"name\":\"Boutique Teia Education &amp; Play\",\"item\":\"https:\/\/teiaeducation.ch\/fr\/boutique\/\"},{\"@type\":\"ListItem\",\"position\":3,\"name\":\"Nos Marques\",\"item\":\"https:\/\/teiaeducation.ch\/fr\/categorie-produit\/marques\/\"},{\"@type\":\"ListItem\",\"position\":4,\"name\":\"Educo\",\"item\":\"https:\/\/teiaeducation.ch\/fr\/categorie-produit\/marques\/educo-fr\/\"},{\"@type\":\"ListItem\",\"position\":5,\"name\":\"Jeu Math\u00e9matique\",\"item\":\"https:\/\/teiaeducation.ch\/fr\/categorie-produit\/marques\/educo-fr\/jeu-mathematique\/\"},{\"@type\":\"ListItem\",\"position\":6,\"name\":\"Calcul\",\"item\":\"https:\/\/teiaeducation.ch\/fr\/categorie-produit\/marques\/educo-fr\/jeu-mathematique\/calcul-jeu-mathematique\/\"},{\"@type\":\"ListItem\",\"position\":7,\"name\":\"Math puzzle: addition et soustraction 1 &#8211; Educo\"}]},{\"@type\":\"WebSite\",\"@id\":\"https:\/\/teiaeducation.ch\/fr\/#website\",\"url\":\"https:\/\/teiaeducation.ch\/fr\/\",\"name\":\"Sustainable Educational Products &amp; Ecological Toys\u00a0\",\"description\":\"Specialised Swiss shop selling sustainable educational toys and games, AMI certified Montessori materials, handmade ecological wooden Waldorf toys and arts &amp; crafts supplies, school supplies, children&#039;s furniture and Montessori reference and parenting books.\",\"publisher\":{\"@id\":\"https:\/\/teiaeducation.ch\/fr\/#organization\"},\"alternateName\":\"Teia Education & Play\",\"potentialAction\":[{\"@type\":\"SearchAction\",\"target\":{\"@type\":\"EntryPoint\",\"urlTemplate\":\"https:\/\/teiaeducation.ch\/fr\/?s={search_term_string}\"},\"query-input\":{\"@type\":\"PropertyValueSpecification\",\"valueRequired\":true,\"valueName\":\"search_term_string\"}}],\"inLanguage\":\"fr-FR\"},{\"@type\":\"Organization\",\"@id\":\"https:\/\/teiaeducation.ch\/fr\/#organization\",\"name\":\"Teia Education & Play\",\"url\":\"https:\/\/teiaeducation.ch\/fr\/\",\"logo\":{\"@type\":\"ImageObject\",\"inLanguage\":\"fr-FR\",\"@id\":\"https:\/\/teiaeducation.ch\/fr\/#\/schema\/logo\/image\/\",\"url\":\"https:\/\/teiaeducation.ch\/wp-content\/uploads\/2020\/11\/Teia-Education-Switzerland-e1620156442216.jpg\",\"contentUrl\":\"https:\/\/teiaeducation.ch\/wp-content\/uploads\/2020\/11\/Teia-Education-Switzerland-e1620156442216.jpg\",\"width\":166,\"height\":145,\"caption\":\"Teia Education & Play\"},\"image\":{\"@id\":\"https:\/\/teiaeducation.ch\/fr\/#\/schema\/logo\/image\/\"},\"sameAs\":[\"https:\/\/www.facebook.com\/teiaeducation\/\",\"https:\/\/x.com\/EducationTeia\",\"https:\/\/www.instagram.com\/teia.education\/\",\"https:\/\/www.linkedin.com\/company\/35501660\",\"https:\/\/www.pinterest.ch\/TeiaEducation\/\"]}]}<\/script>\n<!-- \/ Yoast SEO plugin. -->","yoast_head_json":{"title":"Math puzzle: addition et soustraction 1 - Educo - Teia Education & Play","description":"Le puzzle math\u00e9matique Educo : addition et soustraction 1 est un grand puzzle permettant \u00e0 l'enfant de pratiquer l'addition et la soustraction jusqu'\u00e0 20.","robots":{"index":"index","follow":"follow","max-snippet":"max-snippet:-1","max-image-preview":"max-image-preview:large","max-video-preview":"max-video-preview:-1"},"canonical":"https:\/\/teiaeducation.ch\/fr\/produit\/puzzle-mathematique-addition-et-soustraction-1-educo\/","og_locale":"fr_FR","og_type":"article","og_title":"Math puzzle: addition et soustraction 1 - Educo - Teia Education & Play","og_description":"Le puzzle math\u00e9matique Educo : addition et soustraction 1 est un grand puzzle permettant \u00e0 l'enfant de pratiquer l'addition et la soustraction jusqu'\u00e0 20.","og_url":"https:\/\/teiaeducation.ch\/fr\/produit\/puzzle-mathematique-addition-et-soustraction-1-educo\/","og_site_name":"Sustainable Educational Products &amp; Ecological Toys\u00a0","article_publisher":"https:\/\/www.facebook.com\/teiaeducation\/","article_modified_time":"2022-02-20T13:19:51+00:00","og_image":[{"width":2048,"height":1320,"url":"https:\/\/teiaeducation.ch\/wp-content\/uploads\/2020\/03\/Math-puzzle-addition-and-subtraction-1-Educo-scaled-scaled.jpg","type":"image\/jpeg"}],"schema":{"@context":"https:\/\/schema.org","@graph":[{"@type":"WebPage","@id":"https:\/\/teiaeducation.ch\/fr\/produit\/puzzle-mathematique-addition-et-soustraction-1-educo\/","url":"https:\/\/teiaeducation.ch\/fr\/produit\/puzzle-mathematique-addition-et-soustraction-1-educo\/","name":"Math puzzle: addition et soustraction 1 - Educo - Teia Education & Play","isPartOf":{"@id":"https:\/\/teiaeducation.ch\/fr\/#website"},"primaryImageOfPage":{"@id":"https:\/\/teiaeducation.ch\/fr\/produit\/puzzle-mathematique-addition-et-soustraction-1-educo\/#primaryimage"},"image":{"@id":"https:\/\/teiaeducation.ch\/fr\/produit\/puzzle-mathematique-addition-et-soustraction-1-educo\/#primaryimage"},"thumbnailUrl":"https:\/\/teiaeducation.ch\/wp-content\/uploads\/2020\/03\/Math-puzzle-addition-and-subtraction-1-Educo-scaled-scaled.jpg","datePublished":"2020-03-29T12:00:08+00:00","dateModified":"2022-02-20T13:19:51+00:00","description":"Le puzzle math\u00e9matique Educo : addition et soustraction 1 est un grand puzzle permettant \u00e0 l'enfant de pratiquer l'addition et la soustraction jusqu'\u00e0 20.","breadcrumb":{"@id":"https:\/\/teiaeducation.ch\/fr\/produit\/puzzle-mathematique-addition-et-soustraction-1-educo\/#breadcrumb"},"inLanguage":"fr-FR","potentialAction":[{"@type":"ReadAction","target":["https:\/\/teiaeducation.ch\/fr\/produit\/puzzle-mathematique-addition-et-soustraction-1-educo\/"]}]},{"@type":"ImageObject","inLanguage":"fr-FR","@id":"https:\/\/teiaeducation.ch\/fr\/produit\/puzzle-mathematique-addition-et-soustraction-1-educo\/#primaryimage","url":"https:\/\/teiaeducation.ch\/wp-content\/uploads\/2020\/03\/Math-puzzle-addition-and-subtraction-1-Educo-scaled-scaled.jpg","contentUrl":"https:\/\/teiaeducation.ch\/wp-content\/uploads\/2020\/03\/Math-puzzle-addition-and-subtraction-1-Educo-scaled-scaled.jpg","width":2048,"height":1320,"caption":"Math puzzle: addition et soustraction 1 - Educo"},{"@type":"BreadcrumbList","@id":"https:\/\/teiaeducation.ch\/fr\/produit\/puzzle-mathematique-addition-et-soustraction-1-educo\/#breadcrumb","itemListElement":[{"@type":"ListItem","position":1,"name":"Home","item":"https:\/\/teiaeducation.ch\/fr\/"},{"@type":"ListItem","position":2,"name":"Boutique Teia Education &amp; Play","item":"https:\/\/teiaeducation.ch\/fr\/boutique\/"},{"@type":"ListItem","position":3,"name":"Nos Marques","item":"https:\/\/teiaeducation.ch\/fr\/categorie-produit\/marques\/"},{"@type":"ListItem","position":4,"name":"Educo","item":"https:\/\/teiaeducation.ch\/fr\/categorie-produit\/marques\/educo-fr\/"},{"@type":"ListItem","position":5,"name":"Jeu Math\u00e9matique","item":"https:\/\/teiaeducation.ch\/fr\/categorie-produit\/marques\/educo-fr\/jeu-mathematique\/"},{"@type":"ListItem","position":6,"name":"Calcul","item":"https:\/\/teiaeducation.ch\/fr\/categorie-produit\/marques\/educo-fr\/jeu-mathematique\/calcul-jeu-mathematique\/"},{"@type":"ListItem","position":7,"name":"Math puzzle: addition et soustraction 1 &#8211; Educo"}]},{"@type":"WebSite","@id":"https:\/\/teiaeducation.ch\/fr\/#website","url":"https:\/\/teiaeducation.ch\/fr\/","name":"Sustainable Educational Products &amp; Ecological Toys\u00a0","description":"Specialised Swiss shop selling sustainable educational toys and games, AMI certified Montessori materials, handmade ecological wooden Waldorf toys and arts &amp; crafts supplies, school supplies, children&#039;s furniture and Montessori reference and parenting books.","publisher":{"@id":"https:\/\/teiaeducation.ch\/fr\/#organization"},"alternateName":"Teia Education & Play","potentialAction":[{"@type":"SearchAction","target":{"@type":"EntryPoint","urlTemplate":"https:\/\/teiaeducation.ch\/fr\/?s={search_term_string}"},"query-input":{"@type":"PropertyValueSpecification","valueRequired":true,"valueName":"search_term_string"}}],"inLanguage":"fr-FR"},{"@type":"Organization","@id":"https:\/\/teiaeducation.ch\/fr\/#organization","name":"Teia Education & Play","url":"https:\/\/teiaeducation.ch\/fr\/","logo":{"@type":"ImageObject","inLanguage":"fr-FR","@id":"https:\/\/teiaeducation.ch\/fr\/#\/schema\/logo\/image\/","url":"https:\/\/teiaeducation.ch\/wp-content\/uploads\/2020\/11\/Teia-Education-Switzerland-e1620156442216.jpg","contentUrl":"https:\/\/teiaeducation.ch\/wp-content\/uploads\/2020\/11\/Teia-Education-Switzerland-e1620156442216.jpg","width":166,"height":145,"caption":"Teia Education & Play"},"image":{"@id":"https:\/\/teiaeducation.ch\/fr\/#\/schema\/logo\/image\/"},"sameAs":["https:\/\/www.facebook.com\/teiaeducation\/","https:\/\/x.com\/EducationTeia","https:\/\/www.instagram.com\/teia.education\/","https:\/\/www.linkedin.com\/company\/35501660","https:\/\/www.pinterest.ch\/TeiaEducation\/"]}]}},"_links":{"self":[{"href":"https:\/\/teiaeducation.ch\/fr\/wp-json\/wp\/v2\/product\/36170","targetHints":{"allow":["GET"]}}],"collection":[{"href":"https:\/\/teiaeducation.ch\/fr\/wp-json\/wp\/v2\/product"}],"about":[{"href":"https:\/\/teiaeducation.ch\/fr\/wp-json\/wp\/v2\/types\/product"}],"replies":[{"embeddable":true,"href":"https:\/\/teiaeducation.ch\/fr\/wp-json\/wp\/v2\/comments?post=36170"}],"wp:featuredmedia":[{"embeddable":true,"href":"https:\/\/teiaeducation.ch\/fr\/wp-json\/wp\/v2\/media\/24372"}],"wp:attachment":[{"href":"https:\/\/teiaeducation.ch\/fr\/wp-json\/wp\/v2\/media?parent=36170"}],"wp:term":[{"taxonomy":"product_brand","embeddable":true,"href":"https:\/\/teiaeducation.ch\/fr\/wp-json\/wp\/v2\/product_brand?post=36170"},{"taxonomy":"product_cat","embeddable":true,"href":"https:\/\/teiaeducation.ch\/fr\/wp-json\/wp\/v2\/product_cat?post=36170"},{"taxonomy":"product_tag","embeddable":true,"href":"https:\/\/teiaeducation.ch\/fr\/wp-json\/wp\/v2\/product_tag?post=36170"}],"curies":[{"name":"wp","href":"https:\/\/api.w.org\/{rel}","templated":true}]}}