{"id":36172,"date":"2020-03-29T12:50:39","date_gmt":"2021-05-10T08:23:25","guid":{"rendered":"https:\/\/teiaeducation.ch\/product\/dino-puzzle-dans-leau-educo\/"},"modified":"2021-05-10T10:23:25","modified_gmt":"2021-05-10T08:23:25","slug":"dino-puzzle-dans-leau-educo","status":"publish","type":"product","link":"https:\/\/teiaeducation.ch\/fr\/produit\/dino-puzzle-dans-leau-educo\/","title":{"rendered":"Dino puzzle: dans l&#8217;eau &#8211; Educo"},"content":{"rendered":"<p>Dino puzzle: dans l&#8217;eau &#8211; Educo<\/p>\n<p>Le puzzle dino : dans l&#8217;eau de la gamme Educo<a href=\"https:\/\/teiaeducation.ch\/product-category\/brands\/educo\/puzzle-play\/\">jeu puzzle<\/a> est un grand puzzle enti\u00e8rement en bois. Ce puzzle fait partie d&#8217;une s\u00e9rie de puzzles sur le th\u00e8me des dinosaures et de l&#8217;\u00e8re glaciaire et permet \u00e0 l&#8217;enfant d&#8217;explorer la vie sur terre il y a des millions d&#8217;ann\u00e9es.<\/p>\n<p>Ce grand puzzle th\u00e9matique magnifiquement illustr\u00e9 mesure 40 centim\u00e8tres sur 40 et se compose de 36 pi\u00e8ces de puzzle en bois solidement fix\u00e9es sur un panneau de marqueterie en bois de h\u00eatre. Il repr\u00e9sente une sc\u00e8ne de plusieurs dinosaures et esp\u00e8ces pr\u00e9historiques dans et autour de l&#8217;eau. La diversit\u00e9 de cette s\u00e9rie de puzzles permet d&#8217;introduire l&#8217;enseignement des sciences. Il facilite les discussions anim\u00e9es et contribue \u00e0 la sensibilisation et \u00e0 une meilleure compr\u00e9hension de l&#8217;astronautique.<\/p>\n<p>Les puzzles Educo dino d\u00e9veloppent la cr\u00e9ativit\u00e9, l&#8217;imagination, ainsi que les comp\u00e9tences linguistiques et l&#8217;alphab\u00e9tisation. Comme tous les puzzles de la gamme de jeu de puzzle Educo, ce puzzle \u00e9ducatif en bois de haute qualit\u00e9 inspire la pens\u00e9e critique et les techniques de r\u00e9solution de probl\u00e8mes \u00e0 travers le jeu.<\/p>\n<p>Ce mat\u00e9riel convient aux enfants \u00e2g\u00e9s de 3 ans et plus.<\/p>\n<p>Contenu :<\/p>\n<p>1 planche d&#8217;incrustation en bois (40 x 40 cm)<br \/>\n36 pi\u00e8ces de puzzle en bois en contreplaqu\u00e9 de bouleau de 4 mm<\/p>\n","protected":false},"excerpt":{"rendered":"<p>Num\u00e9ro d&#8217;article : E523224<\/p>\n","protected":false},"featured_media":18232,"comment_status":"closed","ping_status":"closed","template":"","meta":[],"product_brand":[],"product_cat":[8527,215,216,285,635,284,283,224,8526,13130,1220,594,7595,217,5851,597,13148,611,209,212,612],"product_tag":[19430,1363,4296,4298,8563,791,19429,19428,19384,8617,5849,4297],"class_list":{"0":"post-36172","1":"product","2":"type-product","3":"status-publish","4":"has-post-thumbnail","6":"product_cat-3-6-ans-ecole-a-domicile","7":"product_cat-3-6-ans","8":"product_cat-6-12-ans","9":"product_cat-alphabetisation-langage","10":"product_cat-competences-motrices","11":"product_cat-culture-sciences","12":"product_cat-domaines-du-curriculum","13":"product_cat-educo-fr","14":"product_cat-fournitures-scolaires-a-domicile","15":"product_cat-jouer","16":"product_cat-traditionnelle","17":"product_cat-terre-et-univers","18":"product_cat-methode-deducation","19":"product_cat-marques","20":"product_cat-nouveautes","21":"product_cat-prehistoire","22":"product_cat-puzzles-en-bois","23":"product_cat-raconter-des-histoires","24":"product_cat-sensorielles-motrices","25":"product_cat-tranche-dage","26":"product_cat-vocabulaire-fr","27":"product_tag-education-cosmique","28":"product_tag-educo-fr","29":"product_tag-jeu-de-puzzle","30":"product_tag-jouer-et-resoudre","31":"product_tag-jouets-educatifs-en-bois","32":"product_tag-jouets-en-bois","33":"product_tag-puzzle-a-lage-de-glace","34":"product_tag-puzzle-de-notre-terre","35":"product_tag-puzzle-dinosaure","36":"product_tag-puzzle-en-bois-fr","37":"product_tag-puzzle-en-bois","38":"product_tag-puzzles-a-formes","40":"first","41":"outofstock","42":"taxable","43":"shipping-taxable","44":"purchasable","45":"product-type-simple"},"yoast_head":"<!-- This site is optimized with the Yoast SEO plugin v27.1.1 - https:\/\/yoast.com\/product\/yoast-seo-wordpress\/ -->\n<title>Puzzle Dino - dans l&#039;eau - Educo<\/title>\n<meta name=\"description\" content=\"Le puzzle dino : dans l&#039;eau de la gamme de jeux de puzzle Educo est un grand puzzle compos\u00e9 de 36 pi\u00e8ces en bois solidement fix\u00e9es sur un plateau en bois de h\u00eatre.\" \/>\n<meta name=\"robots\" content=\"index, follow, max-snippet:-1, max-image-preview:large, max-video-preview:-1\" \/>\n<link rel=\"canonical\" href=\"https:\/\/teiaeducation.ch\/fr\/produit\/dino-puzzle-dans-leau-educo\/\" \/>\n<meta property=\"og:locale\" content=\"fr_FR\" \/>\n<meta property=\"og:type\" content=\"article\" \/>\n<meta property=\"og:title\" content=\"Puzzle Dino - dans l&#039;eau - Educo\" \/>\n<meta property=\"og:description\" content=\"Le puzzle dino : dans l&#039;eau de la gamme de jeux de puzzle Educo est un grand puzzle compos\u00e9 de 36 pi\u00e8ces en bois solidement fix\u00e9es sur un plateau en bois de h\u00eatre.\" \/>\n<meta property=\"og:url\" content=\"https:\/\/teiaeducation.ch\/fr\/produit\/dino-puzzle-dans-leau-educo\/\" \/>\n<meta property=\"og:site_name\" content=\"Sustainable Educational Products &amp; Ecological Toys\u00a0\" \/>\n<meta property=\"article:publisher\" content=\"https:\/\/www.facebook.com\/teiaeducation\/\" \/>\n<meta property=\"og:image\" content=\"https:\/\/teiaeducation.ch\/wp-content\/uploads\/2019\/05\/Dino-puzzle-in-the-water-Educo-scaled-scaled.jpg\" \/>\n\t<meta property=\"og:image:width\" content=\"2048\" \/>\n\t<meta property=\"og:image:height\" content=\"2048\" \/>\n\t<meta property=\"og:image:type\" content=\"image\/jpeg\" \/>\n<script type=\"application\/ld+json\" class=\"yoast-schema-graph\">{\"@context\":\"https:\/\/schema.org\",\"@graph\":[{\"@type\":\"WebPage\",\"@id\":\"https:\/\/teiaeducation.ch\/fr\/produit\/dino-puzzle-dans-leau-educo\/\",\"url\":\"https:\/\/teiaeducation.ch\/fr\/produit\/dino-puzzle-dans-leau-educo\/\",\"name\":\"Puzzle Dino - dans l'eau - Educo\",\"isPartOf\":{\"@id\":\"https:\/\/teiaeducation.ch\/fr\/#website\"},\"primaryImageOfPage\":{\"@id\":\"https:\/\/teiaeducation.ch\/fr\/produit\/dino-puzzle-dans-leau-educo\/#primaryimage\"},\"image\":{\"@id\":\"https:\/\/teiaeducation.ch\/fr\/produit\/dino-puzzle-dans-leau-educo\/#primaryimage\"},\"thumbnailUrl\":\"https:\/\/teiaeducation.ch\/wp-content\/uploads\/2019\/05\/Dino-puzzle-in-the-water-Educo-scaled-scaled.jpg\",\"datePublished\":\"2021-05-10T08:23:25+00:00\",\"description\":\"Le puzzle dino : dans l'eau de la gamme de jeux de puzzle Educo est un grand puzzle compos\u00e9 de 36 pi\u00e8ces en bois solidement fix\u00e9es sur un plateau en bois de h\u00eatre.\",\"breadcrumb\":{\"@id\":\"https:\/\/teiaeducation.ch\/fr\/produit\/dino-puzzle-dans-leau-educo\/#breadcrumb\"},\"inLanguage\":\"fr-FR\",\"potentialAction\":[{\"@type\":\"ReadAction\",\"target\":[\"https:\/\/teiaeducation.ch\/fr\/produit\/dino-puzzle-dans-leau-educo\/\"]}]},{\"@type\":\"ImageObject\",\"inLanguage\":\"fr-FR\",\"@id\":\"https:\/\/teiaeducation.ch\/fr\/produit\/dino-puzzle-dans-leau-educo\/#primaryimage\",\"url\":\"https:\/\/teiaeducation.ch\/wp-content\/uploads\/2019\/05\/Dino-puzzle-in-the-water-Educo-scaled-scaled.jpg\",\"contentUrl\":\"https:\/\/teiaeducation.ch\/wp-content\/uploads\/2019\/05\/Dino-puzzle-in-the-water-Educo-scaled-scaled.jpg\",\"width\":2048,\"height\":2048,\"caption\":\"Puzzle Dino - dans l'eau - Educo\"},{\"@type\":\"BreadcrumbList\",\"@id\":\"https:\/\/teiaeducation.ch\/fr\/produit\/dino-puzzle-dans-leau-educo\/#breadcrumb\",\"itemListElement\":[{\"@type\":\"ListItem\",\"position\":1,\"name\":\"Home\",\"item\":\"https:\/\/teiaeducation.ch\/fr\/\"},{\"@type\":\"ListItem\",\"position\":2,\"name\":\"Boutique Teia Education &amp; Play\",\"item\":\"https:\/\/teiaeducation.ch\/fr\/boutique\/\"},{\"@type\":\"ListItem\",\"position\":3,\"name\":\"Domaines du Curriculum\",\"item\":\"https:\/\/teiaeducation.ch\/fr\/categorie-produit\/domaines-du-curriculum\/\"},{\"@type\":\"ListItem\",\"position\":4,\"name\":\"Sensorielles &amp; Motrices\",\"item\":\"https:\/\/teiaeducation.ch\/fr\/categorie-produit\/domaines-du-curriculum\/sensorielles-motrices\/\"},{\"@type\":\"ListItem\",\"position\":5,\"name\":\"Comp\u00e9tences Motrices\",\"item\":\"https:\/\/teiaeducation.ch\/fr\/categorie-produit\/domaines-du-curriculum\/sensorielles-motrices\/competences-motrices\/\"},{\"@type\":\"ListItem\",\"position\":6,\"name\":\"Dino puzzle: dans l&#8217;eau &#8211; Educo\"}]},{\"@type\":\"WebSite\",\"@id\":\"https:\/\/teiaeducation.ch\/fr\/#website\",\"url\":\"https:\/\/teiaeducation.ch\/fr\/\",\"name\":\"Sustainable Educational Products &amp; Ecological Toys\u00a0\",\"description\":\"Specialised Swiss shop selling sustainable educational toys and games, AMI certified Montessori materials, handmade ecological wooden Waldorf toys and arts &amp; crafts supplies, school supplies, children&#039;s furniture and Montessori reference and parenting books.\",\"publisher\":{\"@id\":\"https:\/\/teiaeducation.ch\/fr\/#organization\"},\"alternateName\":\"Teia Education & Play\",\"potentialAction\":[{\"@type\":\"SearchAction\",\"target\":{\"@type\":\"EntryPoint\",\"urlTemplate\":\"https:\/\/teiaeducation.ch\/fr\/?s={search_term_string}\"},\"query-input\":{\"@type\":\"PropertyValueSpecification\",\"valueRequired\":true,\"valueName\":\"search_term_string\"}}],\"inLanguage\":\"fr-FR\"},{\"@type\":\"Organization\",\"@id\":\"https:\/\/teiaeducation.ch\/fr\/#organization\",\"name\":\"Teia Education & Play\",\"url\":\"https:\/\/teiaeducation.ch\/fr\/\",\"logo\":{\"@type\":\"ImageObject\",\"inLanguage\":\"fr-FR\",\"@id\":\"https:\/\/teiaeducation.ch\/fr\/#\/schema\/logo\/image\/\",\"url\":\"https:\/\/teiaeducation.ch\/wp-content\/uploads\/2020\/11\/Teia-Education-Switzerland-e1620156442216.jpg\",\"contentUrl\":\"https:\/\/teiaeducation.ch\/wp-content\/uploads\/2020\/11\/Teia-Education-Switzerland-e1620156442216.jpg\",\"width\":166,\"height\":145,\"caption\":\"Teia Education & Play\"},\"image\":{\"@id\":\"https:\/\/teiaeducation.ch\/fr\/#\/schema\/logo\/image\/\"},\"sameAs\":[\"https:\/\/www.facebook.com\/teiaeducation\/\",\"https:\/\/x.com\/EducationTeia\",\"https:\/\/www.instagram.com\/teia.education\/\",\"https:\/\/www.linkedin.com\/company\/35501660\",\"https:\/\/www.pinterest.ch\/TeiaEducation\/\"]}]}<\/script>\n<!-- \/ Yoast SEO plugin. -->","yoast_head_json":{"title":"Puzzle Dino - dans l'eau - Educo","description":"Le puzzle dino : dans l'eau de la gamme de jeux de puzzle Educo est un grand puzzle compos\u00e9 de 36 pi\u00e8ces en bois solidement fix\u00e9es sur un plateau en bois de h\u00eatre.","robots":{"index":"index","follow":"follow","max-snippet":"max-snippet:-1","max-image-preview":"max-image-preview:large","max-video-preview":"max-video-preview:-1"},"canonical":"https:\/\/teiaeducation.ch\/fr\/produit\/dino-puzzle-dans-leau-educo\/","og_locale":"fr_FR","og_type":"article","og_title":"Puzzle Dino - dans l'eau - Educo","og_description":"Le puzzle dino : dans l'eau de la gamme de jeux de puzzle Educo est un grand puzzle compos\u00e9 de 36 pi\u00e8ces en bois solidement fix\u00e9es sur un plateau en bois de h\u00eatre.","og_url":"https:\/\/teiaeducation.ch\/fr\/produit\/dino-puzzle-dans-leau-educo\/","og_site_name":"Sustainable Educational Products &amp; Ecological Toys\u00a0","article_publisher":"https:\/\/www.facebook.com\/teiaeducation\/","og_image":[{"width":2048,"height":2048,"url":"https:\/\/teiaeducation.ch\/wp-content\/uploads\/2019\/05\/Dino-puzzle-in-the-water-Educo-scaled-scaled.jpg","type":"image\/jpeg"}],"schema":{"@context":"https:\/\/schema.org","@graph":[{"@type":"WebPage","@id":"https:\/\/teiaeducation.ch\/fr\/produit\/dino-puzzle-dans-leau-educo\/","url":"https:\/\/teiaeducation.ch\/fr\/produit\/dino-puzzle-dans-leau-educo\/","name":"Puzzle Dino - dans l'eau - Educo","isPartOf":{"@id":"https:\/\/teiaeducation.ch\/fr\/#website"},"primaryImageOfPage":{"@id":"https:\/\/teiaeducation.ch\/fr\/produit\/dino-puzzle-dans-leau-educo\/#primaryimage"},"image":{"@id":"https:\/\/teiaeducation.ch\/fr\/produit\/dino-puzzle-dans-leau-educo\/#primaryimage"},"thumbnailUrl":"https:\/\/teiaeducation.ch\/wp-content\/uploads\/2019\/05\/Dino-puzzle-in-the-water-Educo-scaled-scaled.jpg","datePublished":"2021-05-10T08:23:25+00:00","description":"Le puzzle dino : dans l'eau de la gamme de jeux de puzzle Educo est un grand puzzle compos\u00e9 de 36 pi\u00e8ces en bois solidement fix\u00e9es sur un plateau en bois de h\u00eatre.","breadcrumb":{"@id":"https:\/\/teiaeducation.ch\/fr\/produit\/dino-puzzle-dans-leau-educo\/#breadcrumb"},"inLanguage":"fr-FR","potentialAction":[{"@type":"ReadAction","target":["https:\/\/teiaeducation.ch\/fr\/produit\/dino-puzzle-dans-leau-educo\/"]}]},{"@type":"ImageObject","inLanguage":"fr-FR","@id":"https:\/\/teiaeducation.ch\/fr\/produit\/dino-puzzle-dans-leau-educo\/#primaryimage","url":"https:\/\/teiaeducation.ch\/wp-content\/uploads\/2019\/05\/Dino-puzzle-in-the-water-Educo-scaled-scaled.jpg","contentUrl":"https:\/\/teiaeducation.ch\/wp-content\/uploads\/2019\/05\/Dino-puzzle-in-the-water-Educo-scaled-scaled.jpg","width":2048,"height":2048,"caption":"Puzzle Dino - dans l'eau - Educo"},{"@type":"BreadcrumbList","@id":"https:\/\/teiaeducation.ch\/fr\/produit\/dino-puzzle-dans-leau-educo\/#breadcrumb","itemListElement":[{"@type":"ListItem","position":1,"name":"Home","item":"https:\/\/teiaeducation.ch\/fr\/"},{"@type":"ListItem","position":2,"name":"Boutique Teia Education &amp; Play","item":"https:\/\/teiaeducation.ch\/fr\/boutique\/"},{"@type":"ListItem","position":3,"name":"Domaines du Curriculum","item":"https:\/\/teiaeducation.ch\/fr\/categorie-produit\/domaines-du-curriculum\/"},{"@type":"ListItem","position":4,"name":"Sensorielles &amp; Motrices","item":"https:\/\/teiaeducation.ch\/fr\/categorie-produit\/domaines-du-curriculum\/sensorielles-motrices\/"},{"@type":"ListItem","position":5,"name":"Comp\u00e9tences Motrices","item":"https:\/\/teiaeducation.ch\/fr\/categorie-produit\/domaines-du-curriculum\/sensorielles-motrices\/competences-motrices\/"},{"@type":"ListItem","position":6,"name":"Dino puzzle: dans l&#8217;eau &#8211; Educo"}]},{"@type":"WebSite","@id":"https:\/\/teiaeducation.ch\/fr\/#website","url":"https:\/\/teiaeducation.ch\/fr\/","name":"Sustainable Educational Products &amp; Ecological Toys\u00a0","description":"Specialised Swiss shop selling sustainable educational toys and games, AMI certified Montessori materials, handmade ecological wooden Waldorf toys and arts &amp; crafts supplies, school supplies, children&#039;s furniture and Montessori reference and parenting books.","publisher":{"@id":"https:\/\/teiaeducation.ch\/fr\/#organization"},"alternateName":"Teia Education & Play","potentialAction":[{"@type":"SearchAction","target":{"@type":"EntryPoint","urlTemplate":"https:\/\/teiaeducation.ch\/fr\/?s={search_term_string}"},"query-input":{"@type":"PropertyValueSpecification","valueRequired":true,"valueName":"search_term_string"}}],"inLanguage":"fr-FR"},{"@type":"Organization","@id":"https:\/\/teiaeducation.ch\/fr\/#organization","name":"Teia Education & Play","url":"https:\/\/teiaeducation.ch\/fr\/","logo":{"@type":"ImageObject","inLanguage":"fr-FR","@id":"https:\/\/teiaeducation.ch\/fr\/#\/schema\/logo\/image\/","url":"https:\/\/teiaeducation.ch\/wp-content\/uploads\/2020\/11\/Teia-Education-Switzerland-e1620156442216.jpg","contentUrl":"https:\/\/teiaeducation.ch\/wp-content\/uploads\/2020\/11\/Teia-Education-Switzerland-e1620156442216.jpg","width":166,"height":145,"caption":"Teia Education & Play"},"image":{"@id":"https:\/\/teiaeducation.ch\/fr\/#\/schema\/logo\/image\/"},"sameAs":["https:\/\/www.facebook.com\/teiaeducation\/","https:\/\/x.com\/EducationTeia","https:\/\/www.instagram.com\/teia.education\/","https:\/\/www.linkedin.com\/company\/35501660","https:\/\/www.pinterest.ch\/TeiaEducation\/"]}]}},"_links":{"self":[{"href":"https:\/\/teiaeducation.ch\/fr\/wp-json\/wp\/v2\/product\/36172","targetHints":{"allow":["GET"]}}],"collection":[{"href":"https:\/\/teiaeducation.ch\/fr\/wp-json\/wp\/v2\/product"}],"about":[{"href":"https:\/\/teiaeducation.ch\/fr\/wp-json\/wp\/v2\/types\/product"}],"replies":[{"embeddable":true,"href":"https:\/\/teiaeducation.ch\/fr\/wp-json\/wp\/v2\/comments?post=36172"}],"wp:featuredmedia":[{"embeddable":true,"href":"https:\/\/teiaeducation.ch\/fr\/wp-json\/wp\/v2\/media\/18232"}],"wp:attachment":[{"href":"https:\/\/teiaeducation.ch\/fr\/wp-json\/wp\/v2\/media?parent=36172"}],"wp:term":[{"taxonomy":"product_brand","embeddable":true,"href":"https:\/\/teiaeducation.ch\/fr\/wp-json\/wp\/v2\/product_brand?post=36172"},{"taxonomy":"product_cat","embeddable":true,"href":"https:\/\/teiaeducation.ch\/fr\/wp-json\/wp\/v2\/product_cat?post=36172"},{"taxonomy":"product_tag","embeddable":true,"href":"https:\/\/teiaeducation.ch\/fr\/wp-json\/wp\/v2\/product_tag?post=36172"}],"curies":[{"name":"wp","href":"https:\/\/api.w.org\/{rel}","templated":true}]}}