{"id":36173,"date":"2019-05-27T11:50:58","date_gmt":"2019-05-27T09:50:58","guid":{"rendered":"https:\/\/teiaeducation.ch\/product\/puzzle-des-saisons-2-ete-educo\/"},"modified":"2021-05-10T10:31:08","modified_gmt":"2021-05-10T08:31:08","slug":"puzzle-des-saisons-2-ete-educo","status":"publish","type":"product","link":"https:\/\/teiaeducation.ch\/fr\/produit\/puzzle-des-saisons-2-ete-educo\/","title":{"rendered":"Puzzle des saisons 2 : \u00e9t\u00e9 &#8211; Educo"},"content":{"rendered":"<p>Puzzle des saisons en bois \u00e9t\u00e9 (2) &#8211; Educo<\/p>\n<p>Ce magnifique puzzle en bois repr\u00e9sente une sc\u00e8ne d&#8217;\u00e9t\u00e9 et fait partie de la s\u00e9rie des puzzles de <a href=\"https:\/\/teiaeducation.ch\/product-category\/curriculum-areas\/culture-science\/seasons-weather\/\">saison<\/a> 2 d&#8217;Educo. Le puzzle des saisons d&#8217;Educo : puzzle d&#8217;\u00e9t\u00e9 contient 25 pi\u00e8ces et est livr\u00e9 avec un cadre en bois solide de 40 x 40 cm.<\/p>\n<p>Ce puzzle fait partie d&#8217;une s\u00e9rie de puzzles autour du th\u00e8me des saisons et permet \u00e0 l&#8217;enfant de se plonger dans le jeu et l&#8217;apprentissage et de comprendre le changement des saisons et l&#8217;\u00e9volution du temps.<\/p>\n<p>Ce grand puzzle \u00e0 th\u00e8me magnifiquement illustr\u00e9 mesure 40 centim\u00e8tres sur 40 et se compose de 25 pi\u00e8ces de puzzle en bois solidement fix\u00e9es sur un plateau en bois de h\u00eatre. Le puzzle facilite les discussions anim\u00e9es, ce qui permet de prendre conscience et de mieux comprendre la saison estivale. Bien faits et tr\u00e8s durables, les puzzles Educo d\u00e9veloppent la cr\u00e9ativit\u00e9, l&#8217;imagination, ainsi que les comp\u00e9tences linguistiques et l&#8217;alphab\u00e9tisation. Comme tous les puzzles de la gamme de jeu de puzzle Educo, ce puzzle \u00e9ducatif en bois de haute qualit\u00e9 inspire la pens\u00e9e critique et les techniques de r\u00e9solution de probl\u00e8mes \u00e0 travers le jeu.<\/p>\n<p>La marque n\u00e9erlandaise Educo repr\u00e9sente un monde color\u00e9 d\u2019apprentissage ludique, de jeux \u00e9ducatifs stimulants et de jouets. De haute qualit\u00e9 et durables, les produits Educo tournent autour des situations quotidiennes et aident les enfants \u00e0 associer les jeux \u00e0 des sujets r\u00e9guliers, transformant le processus d\u2019apprentissage en une simulation de leur environnement naturel.<\/p>\n<p>Les produits \u00e9ducatifs actifs et pratiques d\u2019Educo sont principalement faits en bois, avec des mat\u00e9riaux durables tels que les encres et les peintures \u00e0 base d\u2019eau. Les jouets sont fabriqu\u00e9s pour supporter des ann\u00e9es d\u2019utilisation robuste, encourager l\u2019apprentissage bas\u00e9 sur le jeu et inspirer la croissance et le succ\u00e8s chez les enfants \u00e2g\u00e9s de 1 \u00e0 6 ans. Ils r\u00e9pondent aux exigences de diverses r\u00e9glementations europ\u00e9ennes et internationales en mati\u00e8re de s\u00e9curit\u00e9 des jouets et se conforment \u00e0 la directive 2009\/48\/CE sur la s\u00e9curit\u00e9 des jouets, y compris EN81 et ASTM.<\/p>\n<p>Ce puzzle convient aux enfants \u00e2g\u00e9s de 4 ans et plus.<\/p>\n<p>Contenu :<\/p>\n<p>1 puzzle en bois sur un cadre en bois (40 x 40 cm)<\/p>\n","protected":false},"excerpt":{"rendered":"<p>Num\u00e9ro d&#8217;article : E522624<\/p>\n<p>Le puzzle en bois Educo de 25 pi\u00e8ces repr\u00e9sente une sc\u00e8ne d&#8217;\u00e9t\u00e9 et facilite les discussions anim\u00e9es et une meilleure compr\u00e9hension de la saison estivale.<\/p>\n","protected":false},"featured_media":19508,"comment_status":"closed","ping_status":"closed","template":"","meta":[],"product_brand":[],"product_cat":[8527,215,285,23635,22344,284,283,224,8526,22355,13130,22181,1220,7595,1218,217,5851,611,598,212,612],"product_tag":[18434,4296,4298,18435,4297],"class_list":{"0":"post-36173","1":"product","2":"type-product","3":"status-publish","4":"has-post-thumbnail","6":"product_cat-3-6-ans-ecole-a-domicile","7":"product_cat-3-6-ans","8":"product_cat-alphabetisation-langage","9":"product_cat-collection-dete","10":"product_cat-collections-saisonnieres","11":"product_cat-culture-sciences","12":"product_cat-domaines-du-curriculum","13":"product_cat-educo-fr","14":"product_cat-fournitures-scolaires-a-domicile","15":"product_cat-jeu-de-puzzle","16":"product_cat-jouer","17":"product_cat-jouets-montessori","18":"product_cat-traditionnelle","19":"product_cat-methode-deducation","20":"product_cat-montessori-fr","21":"product_cat-marques","22":"product_cat-nouveautes","23":"product_cat-raconter-des-histoires","24":"product_cat-saisons-meteo","25":"product_cat-tranche-dage","26":"product_cat-vocabulaire-fr","27":"product_tag-en-savoir-plus-sur-les-saisons","28":"product_tag-jeu-de-puzzle","29":"product_tag-jouer-et-resoudre","30":"product_tag-puzzle-des-saisons-printemps","31":"product_tag-puzzles-a-formes","33":"first","34":"instock","35":"taxable","36":"shipping-taxable","37":"purchasable","38":"product-type-simple"},"yoast_head":"<!-- This site is optimized with the Yoast SEO plugin v27.1.1 - https:\/\/yoast.com\/product\/yoast-seo-wordpress\/ -->\n<title>Puzzle des saisons 2 - \u00e9t\u00e9 - Educo<\/title>\n<meta name=\"description\" content=\"Le puzzle en bois Educo de 25 pi\u00e8ces repr\u00e9sente une sc\u00e8ne d&#039;\u00e9t\u00e9 et facilite les discussions anim\u00e9es et une meilleure compr\u00e9hension de la saison estivale.\" \/>\n<meta name=\"robots\" content=\"index, follow, max-snippet:-1, max-image-preview:large, max-video-preview:-1\" \/>\n<link rel=\"canonical\" href=\"https:\/\/teiaeducation.ch\/fr\/produit\/puzzle-des-saisons-2-ete-educo\/\" \/>\n<meta property=\"og:locale\" content=\"fr_FR\" \/>\n<meta property=\"og:type\" content=\"article\" \/>\n<meta property=\"og:title\" content=\"Puzzle des saisons 2 - \u00e9t\u00e9 - Educo\" \/>\n<meta property=\"og:description\" content=\"Le puzzle en bois Educo de 25 pi\u00e8ces repr\u00e9sente une sc\u00e8ne d&#039;\u00e9t\u00e9 et facilite les discussions anim\u00e9es et une meilleure compr\u00e9hension de la saison estivale.\" \/>\n<meta property=\"og:url\" content=\"https:\/\/teiaeducation.ch\/fr\/produit\/puzzle-des-saisons-2-ete-educo\/\" \/>\n<meta property=\"og:site_name\" content=\"Sustainable Educational Products &amp; Ecological Toys\u00a0\" \/>\n<meta property=\"article:publisher\" content=\"https:\/\/www.facebook.com\/teiaeducation\/\" \/>\n<meta property=\"article:modified_time\" content=\"2021-05-10T08:31:08+00:00\" \/>\n<meta property=\"og:image\" content=\"https:\/\/teiaeducation.ch\/wp-content\/uploads\/2019\/05\/Seasons-puzzle-2-summer-Educo.jpg\" \/>\n\t<meta property=\"og:image:width\" content=\"900\" \/>\n\t<meta property=\"og:image:height\" content=\"900\" \/>\n\t<meta property=\"og:image:type\" content=\"image\/jpeg\" \/>\n<script type=\"application\/ld+json\" class=\"yoast-schema-graph\">{\"@context\":\"https:\/\/schema.org\",\"@graph\":[{\"@type\":\"WebPage\",\"@id\":\"https:\/\/teiaeducation.ch\/fr\/produit\/puzzle-des-saisons-2-ete-educo\/\",\"url\":\"https:\/\/teiaeducation.ch\/fr\/produit\/puzzle-des-saisons-2-ete-educo\/\",\"name\":\"Puzzle des saisons 2 - \u00e9t\u00e9 - Educo\",\"isPartOf\":{\"@id\":\"https:\/\/teiaeducation.ch\/fr\/#website\"},\"primaryImageOfPage\":{\"@id\":\"https:\/\/teiaeducation.ch\/fr\/produit\/puzzle-des-saisons-2-ete-educo\/#primaryimage\"},\"image\":{\"@id\":\"https:\/\/teiaeducation.ch\/fr\/produit\/puzzle-des-saisons-2-ete-educo\/#primaryimage\"},\"thumbnailUrl\":\"https:\/\/teiaeducation.ch\/wp-content\/uploads\/2019\/05\/Seasons-puzzle-2-summer-Educo.jpg\",\"datePublished\":\"2019-05-27T09:50:58+00:00\",\"dateModified\":\"2021-05-10T08:31:08+00:00\",\"description\":\"Le puzzle en bois Educo de 25 pi\u00e8ces repr\u00e9sente une sc\u00e8ne d'\u00e9t\u00e9 et facilite les discussions anim\u00e9es et une meilleure compr\u00e9hension de la saison estivale.\",\"breadcrumb\":{\"@id\":\"https:\/\/teiaeducation.ch\/fr\/produit\/puzzle-des-saisons-2-ete-educo\/#breadcrumb\"},\"inLanguage\":\"fr-FR\",\"potentialAction\":[{\"@type\":\"ReadAction\",\"target\":[\"https:\/\/teiaeducation.ch\/fr\/produit\/puzzle-des-saisons-2-ete-educo\/\"]}]},{\"@type\":\"ImageObject\",\"inLanguage\":\"fr-FR\",\"@id\":\"https:\/\/teiaeducation.ch\/fr\/produit\/puzzle-des-saisons-2-ete-educo\/#primaryimage\",\"url\":\"https:\/\/teiaeducation.ch\/wp-content\/uploads\/2019\/05\/Seasons-puzzle-2-summer-Educo.jpg\",\"contentUrl\":\"https:\/\/teiaeducation.ch\/wp-content\/uploads\/2019\/05\/Seasons-puzzle-2-summer-Educo.jpg\",\"width\":900,\"height\":900,\"caption\":\"Puzzle des saisons 2 - \u00e9t\u00e9 - Educo\"},{\"@type\":\"BreadcrumbList\",\"@id\":\"https:\/\/teiaeducation.ch\/fr\/produit\/puzzle-des-saisons-2-ete-educo\/#breadcrumb\",\"itemListElement\":[{\"@type\":\"ListItem\",\"position\":1,\"name\":\"Home\",\"item\":\"https:\/\/teiaeducation.ch\/fr\/\"},{\"@type\":\"ListItem\",\"position\":2,\"name\":\"Boutique Teia Education &amp; Play\",\"item\":\"https:\/\/teiaeducation.ch\/fr\/boutique\/\"},{\"@type\":\"ListItem\",\"position\":3,\"name\":\"Nos Marques\",\"item\":\"https:\/\/teiaeducation.ch\/fr\/categorie-produit\/marques\/\"},{\"@type\":\"ListItem\",\"position\":4,\"name\":\"Educo\",\"item\":\"https:\/\/teiaeducation.ch\/fr\/categorie-produit\/marques\/educo-fr\/\"},{\"@type\":\"ListItem\",\"position\":5,\"name\":\"Jeu de Puzzle\",\"item\":\"https:\/\/teiaeducation.ch\/fr\/categorie-produit\/marques\/educo-fr\/jeu-de-puzzle\/\"},{\"@type\":\"ListItem\",\"position\":6,\"name\":\"Puzzle des saisons 2 : \u00e9t\u00e9 &#8211; Educo\"}]},{\"@type\":\"WebSite\",\"@id\":\"https:\/\/teiaeducation.ch\/fr\/#website\",\"url\":\"https:\/\/teiaeducation.ch\/fr\/\",\"name\":\"Sustainable Educational Products &amp; Ecological Toys\u00a0\",\"description\":\"Specialised Swiss shop selling sustainable educational toys and games, AMI certified Montessori materials, handmade ecological wooden Waldorf toys and arts &amp; crafts supplies, school supplies, children&#039;s furniture and Montessori reference and parenting books.\",\"publisher\":{\"@id\":\"https:\/\/teiaeducation.ch\/fr\/#organization\"},\"alternateName\":\"Teia Education & Play\",\"potentialAction\":[{\"@type\":\"SearchAction\",\"target\":{\"@type\":\"EntryPoint\",\"urlTemplate\":\"https:\/\/teiaeducation.ch\/fr\/?s={search_term_string}\"},\"query-input\":{\"@type\":\"PropertyValueSpecification\",\"valueRequired\":true,\"valueName\":\"search_term_string\"}}],\"inLanguage\":\"fr-FR\"},{\"@type\":\"Organization\",\"@id\":\"https:\/\/teiaeducation.ch\/fr\/#organization\",\"name\":\"Teia Education & Play\",\"url\":\"https:\/\/teiaeducation.ch\/fr\/\",\"logo\":{\"@type\":\"ImageObject\",\"inLanguage\":\"fr-FR\",\"@id\":\"https:\/\/teiaeducation.ch\/fr\/#\/schema\/logo\/image\/\",\"url\":\"https:\/\/teiaeducation.ch\/wp-content\/uploads\/2020\/11\/Teia-Education-Switzerland-e1620156442216.jpg\",\"contentUrl\":\"https:\/\/teiaeducation.ch\/wp-content\/uploads\/2020\/11\/Teia-Education-Switzerland-e1620156442216.jpg\",\"width\":166,\"height\":145,\"caption\":\"Teia Education & Play\"},\"image\":{\"@id\":\"https:\/\/teiaeducation.ch\/fr\/#\/schema\/logo\/image\/\"},\"sameAs\":[\"https:\/\/www.facebook.com\/teiaeducation\/\",\"https:\/\/x.com\/EducationTeia\",\"https:\/\/www.instagram.com\/teia.education\/\",\"https:\/\/www.linkedin.com\/company\/35501660\",\"https:\/\/www.pinterest.ch\/TeiaEducation\/\"]}]}<\/script>\n<!-- \/ Yoast SEO plugin. -->","yoast_head_json":{"title":"Puzzle des saisons 2 - \u00e9t\u00e9 - Educo","description":"Le puzzle en bois Educo de 25 pi\u00e8ces repr\u00e9sente une sc\u00e8ne d'\u00e9t\u00e9 et facilite les discussions anim\u00e9es et une meilleure compr\u00e9hension de la saison estivale.","robots":{"index":"index","follow":"follow","max-snippet":"max-snippet:-1","max-image-preview":"max-image-preview:large","max-video-preview":"max-video-preview:-1"},"canonical":"https:\/\/teiaeducation.ch\/fr\/produit\/puzzle-des-saisons-2-ete-educo\/","og_locale":"fr_FR","og_type":"article","og_title":"Puzzle des saisons 2 - \u00e9t\u00e9 - Educo","og_description":"Le puzzle en bois Educo de 25 pi\u00e8ces repr\u00e9sente une sc\u00e8ne d'\u00e9t\u00e9 et facilite les discussions anim\u00e9es et une meilleure compr\u00e9hension de la saison estivale.","og_url":"https:\/\/teiaeducation.ch\/fr\/produit\/puzzle-des-saisons-2-ete-educo\/","og_site_name":"Sustainable Educational Products &amp; Ecological Toys\u00a0","article_publisher":"https:\/\/www.facebook.com\/teiaeducation\/","article_modified_time":"2021-05-10T08:31:08+00:00","og_image":[{"width":900,"height":900,"url":"https:\/\/teiaeducation.ch\/wp-content\/uploads\/2019\/05\/Seasons-puzzle-2-summer-Educo.jpg","type":"image\/jpeg"}],"schema":{"@context":"https:\/\/schema.org","@graph":[{"@type":"WebPage","@id":"https:\/\/teiaeducation.ch\/fr\/produit\/puzzle-des-saisons-2-ete-educo\/","url":"https:\/\/teiaeducation.ch\/fr\/produit\/puzzle-des-saisons-2-ete-educo\/","name":"Puzzle des saisons 2 - \u00e9t\u00e9 - Educo","isPartOf":{"@id":"https:\/\/teiaeducation.ch\/fr\/#website"},"primaryImageOfPage":{"@id":"https:\/\/teiaeducation.ch\/fr\/produit\/puzzle-des-saisons-2-ete-educo\/#primaryimage"},"image":{"@id":"https:\/\/teiaeducation.ch\/fr\/produit\/puzzle-des-saisons-2-ete-educo\/#primaryimage"},"thumbnailUrl":"https:\/\/teiaeducation.ch\/wp-content\/uploads\/2019\/05\/Seasons-puzzle-2-summer-Educo.jpg","datePublished":"2019-05-27T09:50:58+00:00","dateModified":"2021-05-10T08:31:08+00:00","description":"Le puzzle en bois Educo de 25 pi\u00e8ces repr\u00e9sente une sc\u00e8ne d'\u00e9t\u00e9 et facilite les discussions anim\u00e9es et une meilleure compr\u00e9hension de la saison estivale.","breadcrumb":{"@id":"https:\/\/teiaeducation.ch\/fr\/produit\/puzzle-des-saisons-2-ete-educo\/#breadcrumb"},"inLanguage":"fr-FR","potentialAction":[{"@type":"ReadAction","target":["https:\/\/teiaeducation.ch\/fr\/produit\/puzzle-des-saisons-2-ete-educo\/"]}]},{"@type":"ImageObject","inLanguage":"fr-FR","@id":"https:\/\/teiaeducation.ch\/fr\/produit\/puzzle-des-saisons-2-ete-educo\/#primaryimage","url":"https:\/\/teiaeducation.ch\/wp-content\/uploads\/2019\/05\/Seasons-puzzle-2-summer-Educo.jpg","contentUrl":"https:\/\/teiaeducation.ch\/wp-content\/uploads\/2019\/05\/Seasons-puzzle-2-summer-Educo.jpg","width":900,"height":900,"caption":"Puzzle des saisons 2 - \u00e9t\u00e9 - Educo"},{"@type":"BreadcrumbList","@id":"https:\/\/teiaeducation.ch\/fr\/produit\/puzzle-des-saisons-2-ete-educo\/#breadcrumb","itemListElement":[{"@type":"ListItem","position":1,"name":"Home","item":"https:\/\/teiaeducation.ch\/fr\/"},{"@type":"ListItem","position":2,"name":"Boutique Teia Education &amp; Play","item":"https:\/\/teiaeducation.ch\/fr\/boutique\/"},{"@type":"ListItem","position":3,"name":"Nos Marques","item":"https:\/\/teiaeducation.ch\/fr\/categorie-produit\/marques\/"},{"@type":"ListItem","position":4,"name":"Educo","item":"https:\/\/teiaeducation.ch\/fr\/categorie-produit\/marques\/educo-fr\/"},{"@type":"ListItem","position":5,"name":"Jeu de Puzzle","item":"https:\/\/teiaeducation.ch\/fr\/categorie-produit\/marques\/educo-fr\/jeu-de-puzzle\/"},{"@type":"ListItem","position":6,"name":"Puzzle des saisons 2 : \u00e9t\u00e9 &#8211; Educo"}]},{"@type":"WebSite","@id":"https:\/\/teiaeducation.ch\/fr\/#website","url":"https:\/\/teiaeducation.ch\/fr\/","name":"Sustainable Educational Products &amp; Ecological Toys\u00a0","description":"Specialised Swiss shop selling sustainable educational toys and games, AMI certified Montessori materials, handmade ecological wooden Waldorf toys and arts &amp; crafts supplies, school supplies, children&#039;s furniture and Montessori reference and parenting books.","publisher":{"@id":"https:\/\/teiaeducation.ch\/fr\/#organization"},"alternateName":"Teia Education & Play","potentialAction":[{"@type":"SearchAction","target":{"@type":"EntryPoint","urlTemplate":"https:\/\/teiaeducation.ch\/fr\/?s={search_term_string}"},"query-input":{"@type":"PropertyValueSpecification","valueRequired":true,"valueName":"search_term_string"}}],"inLanguage":"fr-FR"},{"@type":"Organization","@id":"https:\/\/teiaeducation.ch\/fr\/#organization","name":"Teia Education & Play","url":"https:\/\/teiaeducation.ch\/fr\/","logo":{"@type":"ImageObject","inLanguage":"fr-FR","@id":"https:\/\/teiaeducation.ch\/fr\/#\/schema\/logo\/image\/","url":"https:\/\/teiaeducation.ch\/wp-content\/uploads\/2020\/11\/Teia-Education-Switzerland-e1620156442216.jpg","contentUrl":"https:\/\/teiaeducation.ch\/wp-content\/uploads\/2020\/11\/Teia-Education-Switzerland-e1620156442216.jpg","width":166,"height":145,"caption":"Teia Education & Play"},"image":{"@id":"https:\/\/teiaeducation.ch\/fr\/#\/schema\/logo\/image\/"},"sameAs":["https:\/\/www.facebook.com\/teiaeducation\/","https:\/\/x.com\/EducationTeia","https:\/\/www.instagram.com\/teia.education\/","https:\/\/www.linkedin.com\/company\/35501660","https:\/\/www.pinterest.ch\/TeiaEducation\/"]}]}},"_links":{"self":[{"href":"https:\/\/teiaeducation.ch\/fr\/wp-json\/wp\/v2\/product\/36173","targetHints":{"allow":["GET"]}}],"collection":[{"href":"https:\/\/teiaeducation.ch\/fr\/wp-json\/wp\/v2\/product"}],"about":[{"href":"https:\/\/teiaeducation.ch\/fr\/wp-json\/wp\/v2\/types\/product"}],"replies":[{"embeddable":true,"href":"https:\/\/teiaeducation.ch\/fr\/wp-json\/wp\/v2\/comments?post=36173"}],"wp:featuredmedia":[{"embeddable":true,"href":"https:\/\/teiaeducation.ch\/fr\/wp-json\/wp\/v2\/media\/19508"}],"wp:attachment":[{"href":"https:\/\/teiaeducation.ch\/fr\/wp-json\/wp\/v2\/media?parent=36173"}],"wp:term":[{"taxonomy":"product_brand","embeddable":true,"href":"https:\/\/teiaeducation.ch\/fr\/wp-json\/wp\/v2\/product_brand?post=36173"},{"taxonomy":"product_cat","embeddable":true,"href":"https:\/\/teiaeducation.ch\/fr\/wp-json\/wp\/v2\/product_cat?post=36173"},{"taxonomy":"product_tag","embeddable":true,"href":"https:\/\/teiaeducation.ch\/fr\/wp-json\/wp\/v2\/product_tag?post=36173"}],"curies":[{"name":"wp","href":"https:\/\/api.w.org\/{rel}","templated":true}]}}