{"id":36175,"date":"2019-05-27T09:00:09","date_gmt":"2019-05-27T07:00:09","guid":{"rendered":"https:\/\/teiaeducation.ch\/product\/tri-des-saisons-loto-automne-hiver-educo\/"},"modified":"2021-05-10T10:51:47","modified_gmt":"2021-05-10T08:51:47","slug":"tri-loto-saisons-automne-hiver-educo","status":"publish","type":"product","link":"https:\/\/teiaeducation.ch\/fr\/produit\/tri-loto-saisons-automne-hiver-educo\/","title":{"rendered":"Tri des saisons loto : automne\/hiver &#8211; Educo"},"content":{"rendered":"<p>Tri des saisons loto : automne\/hiver &#8211; Educo<\/p>\n<p>Le loto de tri Educo saisons : automne\/hiver est bas\u00e9 sur les th\u00e8mes des saisons. L&#8217;ensemble comprend un cadre en bois, deux cartes \u00e0 th\u00e8me et seize cartes images en plastique \u00e9pais. Le travail avec le loto de tri permet aux enfants de d<span class=\"tlid-translation translation\"><span class=\"\" title=\"\">iscover les caract\u00e9ristiques de chaque saison, d\u00e9velopper la notion du temps et explorer le monde qui les entoure. <\/span><\/span> <\/p>\n<p>Les cartes images sont analys\u00e9es et tri\u00e9es pour correspondre \u00e0 l&#8217;une des deux cartes th\u00e9matiques repr\u00e9sentant une sc\u00e8ne d&#8217;automne et une sc\u00e8ne d&#8217;hiver. Chaque carte th\u00e9matique est assortie de huit cartes d&#8217;images. Le loto de tri convient \u00e0 un travail individuel ou peut \u00eatre pr\u00e9sent\u00e9 en groupe, ce qui facilite l&#8217;exploration de divers sc\u00e9narios et les discussions de groupe sur le type de caract\u00e9ristique que l&#8217;on peut trouver dans un th\u00e8me par rapport \u00e0 un autre.<\/p>\n<p>Ce mat\u00e9riel convient aux enfants \u00e2g\u00e9s de 4 ans et plus.<\/p>\n<p>Contenu :<\/p>\n<p>2 cartes th\u00e9matiques en plastique<br \/>\n16 cartes d&#8217;images en plastique<br \/>\n1 cadre en bois (40 x 28 cm)<\/p>\n","protected":false},"excerpt":{"rendered":"<p>Num\u00e9ro d&#8217;article : E522816<\/p>\n","protected":false},"featured_media":19111,"comment_status":"closed","ping_status":"closed","template":"","meta":[],"product_brand":[],"product_cat":[8527,215,285,601,16898,22343,22344,284,283,224,8526,235,17239,234,13130,22181,1220,288,7595,1218,217,611,598,629,212,612],"product_tag":[18434,1365,19435,19434,4421,7983],"class_list":{"0":"post-36175","1":"product","2":"type-product","3":"status-publish","4":"has-post-thumbnail","6":"product_cat-3-6-ans-ecole-a-domicile","7":"product_cat-3-6-ans","8":"product_cat-alphabetisation-langage","9":"product_cat-classification-fr","10":"product_cat-collection-automne","11":"product_cat-collection-hiver","12":"product_cat-collections-saisonnieres","13":"product_cat-culture-sciences","14":"product_cat-domaines-du-curriculum","15":"product_cat-educo-fr","16":"product_cat-fournitures-scolaires-a-domicile","17":"product_cat-geometrie-jeu-mathematique","18":"product_cat-guide-cadeaux-educatifs","19":"product_cat-jeu-mathematique","20":"product_cat-jouer","21":"product_cat-jouets-montessori","22":"product_cat-traditionnelle","23":"product_cat-mathematiques-calcul","24":"product_cat-methode-deducation","25":"product_cat-montessori-fr","26":"product_cat-marques","27":"product_cat-raconter-des-histoires","28":"product_cat-saisons-meteo","29":"product_cat-temps-fr","30":"product_cat-tranche-dage","31":"product_cat-vocabulaire-fr","32":"product_tag-en-savoir-plus-sur-les-saisons","33":"product_tag-jeu-mathematique","34":"product_tag-jouet-educatif-dautomne-et-dhiver","35":"product_tag-jouets-educatifs-en-bois-suisse-fr","36":"product_tag-mesurer","37":"product_tag-temps-et-planification","39":"first","40":"instock","41":"taxable","42":"shipping-taxable","43":"purchasable","44":"product-type-simple"},"yoast_head":"<!-- This site is optimized with the Yoast SEO Premium plugin v25.8 (Yoast SEO v27.4) - https:\/\/yoast.com\/product\/yoast-seo-premium-wordpress\/ -->\n<title>Tri des saisons loto - automne\/hiver - Educo<\/title>\n<meta name=\"description\" content=\"Le loto de tri Educo saisons : automne\/hiver permet aux enfants de d\u00e9couvrir les caract\u00e9ristiques de chaque saison et de d\u00e9velopper la notion du temps.\" \/>\n<meta name=\"robots\" content=\"index, follow, max-snippet:-1, max-image-preview:large, max-video-preview:-1\" \/>\n<link rel=\"canonical\" href=\"https:\/\/teiaeducation.ch\/fr\/produit\/tri-loto-saisons-automne-hiver-educo\/\" \/>\n<meta property=\"og:locale\" content=\"fr_FR\" \/>\n<meta property=\"og:type\" content=\"article\" \/>\n<meta property=\"og:title\" content=\"Tri des saisons loto : automne\/hiver - Educo\" \/>\n<meta property=\"og:description\" content=\"Le loto de tri Educo saisons : automne\/hiver permet aux enfants de d\u00e9couvrir les caract\u00e9ristiques de chaque saison et de d\u00e9velopper la notion du temps.\" \/>\n<meta property=\"og:url\" content=\"https:\/\/teiaeducation.ch\/fr\/produit\/tri-loto-saisons-automne-hiver-educo\/\" \/>\n<meta property=\"og:site_name\" content=\"Sustainable Educational Products &amp; Ecological Toys\u00a0\" \/>\n<meta property=\"article:publisher\" content=\"https:\/\/www.facebook.com\/teiaeducation\/\" \/>\n<meta property=\"article:modified_time\" content=\"2021-05-10T08:51:47+00:00\" \/>\n<meta property=\"og:image\" content=\"https:\/\/teiaeducation.ch\/wp-content\/uploads\/2019\/05\/Sorting-lotto-seasons-autumnwinter-Educo.jpg\" \/>\n\t<meta property=\"og:image:width\" content=\"900\" \/>\n\t<meta property=\"og:image:height\" content=\"900\" \/>\n\t<meta property=\"og:image:type\" content=\"image\/jpeg\" \/>\n<script type=\"application\/ld+json\" class=\"yoast-schema-graph\">{\"@context\":\"https:\\\/\\\/schema.org\",\"@graph\":[{\"@type\":\"WebPage\",\"@id\":\"https:\\\/\\\/teiaeducation.ch\\\/fr\\\/produit\\\/tri-loto-saisons-automne-hiver-educo\\\/\",\"url\":\"https:\\\/\\\/teiaeducation.ch\\\/fr\\\/produit\\\/tri-loto-saisons-automne-hiver-educo\\\/\",\"name\":\"Tri des saisons loto - automne\\\/hiver - Educo\",\"isPartOf\":{\"@id\":\"https:\\\/\\\/teiaeducation.ch\\\/fr\\\/#website\"},\"primaryImageOfPage\":{\"@id\":\"https:\\\/\\\/teiaeducation.ch\\\/fr\\\/produit\\\/tri-loto-saisons-automne-hiver-educo\\\/#primaryimage\"},\"image\":{\"@id\":\"https:\\\/\\\/teiaeducation.ch\\\/fr\\\/produit\\\/tri-loto-saisons-automne-hiver-educo\\\/#primaryimage\"},\"thumbnailUrl\":\"https:\\\/\\\/teiaeducation.ch\\\/wp-content\\\/uploads\\\/2019\\\/05\\\/Sorting-lotto-seasons-autumnwinter-Educo.jpg\",\"datePublished\":\"2019-05-27T07:00:09+00:00\",\"dateModified\":\"2021-05-10T08:51:47+00:00\",\"description\":\"Le loto de tri Educo saisons : automne\\\/hiver permet aux enfants de d\u00e9couvrir les caract\u00e9ristiques de chaque saison et de d\u00e9velopper la notion du temps.\",\"breadcrumb\":{\"@id\":\"https:\\\/\\\/teiaeducation.ch\\\/fr\\\/produit\\\/tri-loto-saisons-automne-hiver-educo\\\/#breadcrumb\"},\"inLanguage\":\"fr-FR\",\"potentialAction\":[{\"@type\":\"ReadAction\",\"target\":[\"https:\\\/\\\/teiaeducation.ch\\\/fr\\\/produit\\\/tri-loto-saisons-automne-hiver-educo\\\/\"]}]},{\"@type\":\"ImageObject\",\"inLanguage\":\"fr-FR\",\"@id\":\"https:\\\/\\\/teiaeducation.ch\\\/fr\\\/produit\\\/tri-loto-saisons-automne-hiver-educo\\\/#primaryimage\",\"url\":\"https:\\\/\\\/teiaeducation.ch\\\/wp-content\\\/uploads\\\/2019\\\/05\\\/Sorting-lotto-seasons-autumnwinter-Educo.jpg\",\"contentUrl\":\"https:\\\/\\\/teiaeducation.ch\\\/wp-content\\\/uploads\\\/2019\\\/05\\\/Sorting-lotto-seasons-autumnwinter-Educo.jpg\",\"width\":900,\"height\":900,\"caption\":\"Tri des saisons loto - automne\\\/hiver - Educo\"},{\"@type\":\"BreadcrumbList\",\"@id\":\"https:\\\/\\\/teiaeducation.ch\\\/fr\\\/produit\\\/tri-loto-saisons-automne-hiver-educo\\\/#breadcrumb\",\"itemListElement\":[{\"@type\":\"ListItem\",\"position\":1,\"name\":\"Home\",\"item\":\"https:\\\/\\\/teiaeducation.ch\\\/fr\\\/\"},{\"@type\":\"ListItem\",\"position\":2,\"name\":\"Boutique Teia Education &amp; Play\",\"item\":\"https:\\\/\\\/teiaeducation.ch\\\/fr\\\/boutique\\\/\"},{\"@type\":\"ListItem\",\"position\":3,\"name\":\"Nos Marques\",\"item\":\"https:\\\/\\\/teiaeducation.ch\\\/fr\\\/categorie-produit\\\/marques\\\/\"},{\"@type\":\"ListItem\",\"position\":4,\"name\":\"Educo\",\"item\":\"https:\\\/\\\/teiaeducation.ch\\\/fr\\\/categorie-produit\\\/marques\\\/educo-fr\\\/\"},{\"@type\":\"ListItem\",\"position\":5,\"name\":\"Jeu Math\u00e9matique\",\"item\":\"https:\\\/\\\/teiaeducation.ch\\\/fr\\\/categorie-produit\\\/marques\\\/educo-fr\\\/jeu-mathematique\\\/\"},{\"@type\":\"ListItem\",\"position\":6,\"name\":\"G\u00e9om\u00e9trie\",\"item\":\"https:\\\/\\\/teiaeducation.ch\\\/fr\\\/categorie-produit\\\/marques\\\/educo-fr\\\/jeu-mathematique\\\/geometrie-jeu-mathematique\\\/\"},{\"@type\":\"ListItem\",\"position\":7,\"name\":\"Tri des saisons loto : automne\\\/hiver &#8211; Educo\"}]},{\"@type\":\"WebSite\",\"@id\":\"https:\\\/\\\/teiaeducation.ch\\\/fr\\\/#website\",\"url\":\"https:\\\/\\\/teiaeducation.ch\\\/fr\\\/\",\"name\":\"Sustainable Educational Products &amp; Ecological Toys\u00a0\",\"description\":\"Specialised Swiss shop selling sustainable educational toys and games, AMI certified Montessori materials, handmade ecological wooden Waldorf toys and arts &amp; crafts supplies, school supplies, children&#039;s furniture and Montessori reference and parenting books.\",\"publisher\":{\"@id\":\"https:\\\/\\\/teiaeducation.ch\\\/fr\\\/#organization\"},\"alternateName\":\"Teia Education & Play\",\"potentialAction\":[{\"@type\":\"SearchAction\",\"target\":{\"@type\":\"EntryPoint\",\"urlTemplate\":\"https:\\\/\\\/teiaeducation.ch\\\/fr\\\/?s={search_term_string}\"},\"query-input\":{\"@type\":\"PropertyValueSpecification\",\"valueRequired\":true,\"valueName\":\"search_term_string\"}}],\"inLanguage\":\"fr-FR\"},{\"@type\":\"Organization\",\"@id\":\"https:\\\/\\\/teiaeducation.ch\\\/fr\\\/#organization\",\"name\":\"Teia Education & Play\",\"url\":\"https:\\\/\\\/teiaeducation.ch\\\/fr\\\/\",\"logo\":{\"@type\":\"ImageObject\",\"inLanguage\":\"fr-FR\",\"@id\":\"https:\\\/\\\/teiaeducation.ch\\\/fr\\\/#\\\/schema\\\/logo\\\/image\\\/\",\"url\":\"https:\\\/\\\/teiaeducation.ch\\\/wp-content\\\/uploads\\\/2020\\\/11\\\/Teia-Education-Switzerland-e1620156442216.jpg\",\"contentUrl\":\"https:\\\/\\\/teiaeducation.ch\\\/wp-content\\\/uploads\\\/2020\\\/11\\\/Teia-Education-Switzerland-e1620156442216.jpg\",\"width\":166,\"height\":145,\"caption\":\"Teia Education & Play\"},\"image\":{\"@id\":\"https:\\\/\\\/teiaeducation.ch\\\/fr\\\/#\\\/schema\\\/logo\\\/image\\\/\"},\"sameAs\":[\"https:\\\/\\\/www.facebook.com\\\/teiaeducation\\\/\",\"https:\\\/\\\/x.com\\\/EducationTeia\",\"https:\\\/\\\/www.instagram.com\\\/teia.education\\\/\",\"https:\\\/\\\/www.linkedin.com\\\/company\\\/35501660\",\"https:\\\/\\\/www.pinterest.ch\\\/TeiaEducation\\\/\"]}]}<\/script>\n<meta property=\"product:price:amount\" content=\"35.00\" \/>\n<meta property=\"product:price:currency\" content=\"CHF\" \/>\n<meta property=\"og:availability\" content=\"instock\" \/>\n<meta property=\"product:availability\" content=\"instock\" \/>\n<meta property=\"product:retailer_item_id\" content=\"2343dd2c1cdd\" \/>\n<meta property=\"product:condition\" content=\"new\" \/>\n<!-- \/ Yoast SEO Premium plugin. -->","yoast_head_json":{"title":"Tri des saisons loto - automne\/hiver - Educo","description":"Le loto de tri Educo saisons : automne\/hiver permet aux enfants de d\u00e9couvrir les caract\u00e9ristiques de chaque saison et de d\u00e9velopper la notion du temps.","robots":{"index":"index","follow":"follow","max-snippet":"max-snippet:-1","max-image-preview":"max-image-preview:large","max-video-preview":"max-video-preview:-1"},"canonical":"https:\/\/teiaeducation.ch\/fr\/produit\/tri-loto-saisons-automne-hiver-educo\/","og_locale":"fr_FR","og_type":"article","og_title":"Tri des saisons loto : automne\/hiver - Educo","og_description":"Le loto de tri Educo saisons : automne\/hiver permet aux enfants de d\u00e9couvrir les caract\u00e9ristiques de chaque saison et de d\u00e9velopper la notion du temps.","og_url":"https:\/\/teiaeducation.ch\/fr\/produit\/tri-loto-saisons-automne-hiver-educo\/","og_site_name":"Sustainable Educational Products &amp; Ecological Toys\u00a0","article_publisher":"https:\/\/www.facebook.com\/teiaeducation\/","article_modified_time":"2021-05-10T08:51:47+00:00","og_image":[{"width":900,"height":900,"url":"https:\/\/teiaeducation.ch\/wp-content\/uploads\/2019\/05\/Sorting-lotto-seasons-autumnwinter-Educo.jpg","type":"image\/jpeg"}],"schema":{"@context":"https:\/\/schema.org","@graph":[{"@type":"WebPage","@id":"https:\/\/teiaeducation.ch\/fr\/produit\/tri-loto-saisons-automne-hiver-educo\/","url":"https:\/\/teiaeducation.ch\/fr\/produit\/tri-loto-saisons-automne-hiver-educo\/","name":"Tri des saisons loto - automne\/hiver - Educo","isPartOf":{"@id":"https:\/\/teiaeducation.ch\/fr\/#website"},"primaryImageOfPage":{"@id":"https:\/\/teiaeducation.ch\/fr\/produit\/tri-loto-saisons-automne-hiver-educo\/#primaryimage"},"image":{"@id":"https:\/\/teiaeducation.ch\/fr\/produit\/tri-loto-saisons-automne-hiver-educo\/#primaryimage"},"thumbnailUrl":"https:\/\/teiaeducation.ch\/wp-content\/uploads\/2019\/05\/Sorting-lotto-seasons-autumnwinter-Educo.jpg","datePublished":"2019-05-27T07:00:09+00:00","dateModified":"2021-05-10T08:51:47+00:00","description":"Le loto de tri Educo saisons : automne\/hiver permet aux enfants de d\u00e9couvrir les caract\u00e9ristiques de chaque saison et de d\u00e9velopper la notion du temps.","breadcrumb":{"@id":"https:\/\/teiaeducation.ch\/fr\/produit\/tri-loto-saisons-automne-hiver-educo\/#breadcrumb"},"inLanguage":"fr-FR","potentialAction":[{"@type":"ReadAction","target":["https:\/\/teiaeducation.ch\/fr\/produit\/tri-loto-saisons-automne-hiver-educo\/"]}]},{"@type":"ImageObject","inLanguage":"fr-FR","@id":"https:\/\/teiaeducation.ch\/fr\/produit\/tri-loto-saisons-automne-hiver-educo\/#primaryimage","url":"https:\/\/teiaeducation.ch\/wp-content\/uploads\/2019\/05\/Sorting-lotto-seasons-autumnwinter-Educo.jpg","contentUrl":"https:\/\/teiaeducation.ch\/wp-content\/uploads\/2019\/05\/Sorting-lotto-seasons-autumnwinter-Educo.jpg","width":900,"height":900,"caption":"Tri des saisons loto - automne\/hiver - Educo"},{"@type":"BreadcrumbList","@id":"https:\/\/teiaeducation.ch\/fr\/produit\/tri-loto-saisons-automne-hiver-educo\/#breadcrumb","itemListElement":[{"@type":"ListItem","position":1,"name":"Home","item":"https:\/\/teiaeducation.ch\/fr\/"},{"@type":"ListItem","position":2,"name":"Boutique Teia Education &amp; Play","item":"https:\/\/teiaeducation.ch\/fr\/boutique\/"},{"@type":"ListItem","position":3,"name":"Nos Marques","item":"https:\/\/teiaeducation.ch\/fr\/categorie-produit\/marques\/"},{"@type":"ListItem","position":4,"name":"Educo","item":"https:\/\/teiaeducation.ch\/fr\/categorie-produit\/marques\/educo-fr\/"},{"@type":"ListItem","position":5,"name":"Jeu Math\u00e9matique","item":"https:\/\/teiaeducation.ch\/fr\/categorie-produit\/marques\/educo-fr\/jeu-mathematique\/"},{"@type":"ListItem","position":6,"name":"G\u00e9om\u00e9trie","item":"https:\/\/teiaeducation.ch\/fr\/categorie-produit\/marques\/educo-fr\/jeu-mathematique\/geometrie-jeu-mathematique\/"},{"@type":"ListItem","position":7,"name":"Tri des saisons loto : automne\/hiver &#8211; Educo"}]},{"@type":"WebSite","@id":"https:\/\/teiaeducation.ch\/fr\/#website","url":"https:\/\/teiaeducation.ch\/fr\/","name":"Sustainable Educational Products &amp; Ecological Toys\u00a0","description":"Specialised Swiss shop selling sustainable educational toys and games, AMI certified Montessori materials, handmade ecological wooden Waldorf toys and arts &amp; crafts supplies, school supplies, children&#039;s furniture and Montessori reference and parenting books.","publisher":{"@id":"https:\/\/teiaeducation.ch\/fr\/#organization"},"alternateName":"Teia Education & Play","potentialAction":[{"@type":"SearchAction","target":{"@type":"EntryPoint","urlTemplate":"https:\/\/teiaeducation.ch\/fr\/?s={search_term_string}"},"query-input":{"@type":"PropertyValueSpecification","valueRequired":true,"valueName":"search_term_string"}}],"inLanguage":"fr-FR"},{"@type":"Organization","@id":"https:\/\/teiaeducation.ch\/fr\/#organization","name":"Teia Education & Play","url":"https:\/\/teiaeducation.ch\/fr\/","logo":{"@type":"ImageObject","inLanguage":"fr-FR","@id":"https:\/\/teiaeducation.ch\/fr\/#\/schema\/logo\/image\/","url":"https:\/\/teiaeducation.ch\/wp-content\/uploads\/2020\/11\/Teia-Education-Switzerland-e1620156442216.jpg","contentUrl":"https:\/\/teiaeducation.ch\/wp-content\/uploads\/2020\/11\/Teia-Education-Switzerland-e1620156442216.jpg","width":166,"height":145,"caption":"Teia Education & Play"},"image":{"@id":"https:\/\/teiaeducation.ch\/fr\/#\/schema\/logo\/image\/"},"sameAs":["https:\/\/www.facebook.com\/teiaeducation\/","https:\/\/x.com\/EducationTeia","https:\/\/www.instagram.com\/teia.education\/","https:\/\/www.linkedin.com\/company\/35501660","https:\/\/www.pinterest.ch\/TeiaEducation\/"]}]},"product_price_amount":"35.00","product_price_currency":"CHF","og_availability":"instock","product_availability":"instock","product_retailer_item_id":"2343dd2c1cdd","product_condition":"new"},"_links":{"self":[{"href":"https:\/\/teiaeducation.ch\/fr\/wp-json\/wp\/v2\/product\/36175","targetHints":{"allow":["GET"]}}],"collection":[{"href":"https:\/\/teiaeducation.ch\/fr\/wp-json\/wp\/v2\/product"}],"about":[{"href":"https:\/\/teiaeducation.ch\/fr\/wp-json\/wp\/v2\/types\/product"}],"replies":[{"embeddable":true,"href":"https:\/\/teiaeducation.ch\/fr\/wp-json\/wp\/v2\/comments?post=36175"}],"wp:featuredmedia":[{"embeddable":true,"href":"https:\/\/teiaeducation.ch\/fr\/wp-json\/wp\/v2\/media\/19111"}],"wp:attachment":[{"href":"https:\/\/teiaeducation.ch\/fr\/wp-json\/wp\/v2\/media?parent=36175"}],"wp:term":[{"taxonomy":"product_brand","embeddable":true,"href":"https:\/\/teiaeducation.ch\/fr\/wp-json\/wp\/v2\/product_brand?post=36175"},{"taxonomy":"product_cat","embeddable":true,"href":"https:\/\/teiaeducation.ch\/fr\/wp-json\/wp\/v2\/product_cat?post=36175"},{"taxonomy":"product_tag","embeddable":true,"href":"https:\/\/teiaeducation.ch\/fr\/wp-json\/wp\/v2\/product_tag?post=36175"}],"curies":[{"name":"wp","href":"https:\/\/api.w.org\/{rel}","templated":true}]}}