{"id":36177,"date":"2020-12-11T13:13:27","date_gmt":"2020-12-11T12:13:27","guid":{"rendered":"https:\/\/teiaeducation.ch\/product\/cinq-amis-des-mathematiques-grimms\/"},"modified":"2021-12-26T18:13:31","modified_gmt":"2021-12-26T17:13:31","slug":"cinq-math-amis-grimms","status":"publish","type":"product","link":"https:\/\/teiaeducation.ch\/fr\/produit\/cinq-math-amis-grimms\/","title":{"rendered":"Cinq amis math\u00e9matiques &#8211; Grimm&#8217;s"},"content":{"rendered":"<p>Cinq amis des math\u00e9matiques \/ Jouet \u00e9ducatif en bois durable fabriqu\u00e9 \u00e0 la main &#8211; Grimm&#8217;s<\/p>\n<p>Explorez le monde des math\u00e9matiques et des chiffres de mani\u00e8re ludique gr\u00e2ce \u00e0 l&#8217;adorable jeu de 5 amis des math\u00e9matiques en bois durable fabriqu\u00e9 \u00e0 la main par Grimm&#8217;s. Rendez les probl\u00e8mes de <a href=\"https:\/\/teiaeducation.ch\/fr\/categorie-produit\/domaines-du-curriculum\/mathematiques-calcul\/\">math\u00e9matiques<\/a> visuels avec ce jouet \u00e9ducatif et int\u00e9grez le sens du toucher en combinant ces poup\u00e9es en bois affichant des symboles math\u00e9matiques avec diff\u00e9rents objets.<\/p>\n<p>Chaque ami des math\u00e9matiques est d\u00e9cor\u00e9 d&#8217;un symbole math\u00e9matique diff\u00e9rent +-:x= et peut donc \u00eatre utilis\u00e9 pour apprendre l&#8217;addition, la soustraction, la multiplication et la division en jouant.<\/p>\n<p>Les cinq amis des math\u00e9matiques de Grimm&#8217;s, de style Waldorf, sont peints \u00e0 la main individuellement. Ils sont fabriqu\u00e9s \u00e0 partir de trois types de bois diff\u00e9rents issus de la sylviculture durable, en fonction de leur disponibilit\u00e9 : \u00e9rable, h\u00eatre, cerisier ou aulne. Ils sont peints dans de jolis tons pastel avec une teinture non toxique \u00e0 base d&#8217;eau et mesurent 6,5 cm de hauteur et 3 cm de diam\u00e8tre. Ils sont accompagn\u00e9s d&#8217;un plateau de rangement en bois tr\u00e8s pratique qui a une finition non toxique \u00e0 base d&#8217;huile v\u00e9g\u00e9tale et mesure 10 cm de long.<\/p>\n<p>Id\u00e9al pour jouer \u00e0 la maison, \u00e0 la cr\u00e8che, \u00e0 Waldorf ou \u00e0 l\u2019\u00e9cole Steiner, les beaux jouets en bois naturel de Grimm&#8217;s sont fabriqu\u00e9s selon la philosophie Waldorf qui est bien connue pour encourager les enfants \u00e0 d\u00e9couvrir le jeu cr\u00e9atif de mani\u00e8re ind\u00e9pendante, sans limitations et \u00e0 un rythme effr\u00e9n\u00e9. Les jouets en bois de Grimm&#8217;s sont color\u00e9s \u00e0 la main avec des peintures \u00e0 base d\u2019eau non toxiques et ne sont pas finis avec de la laque pour assurer les caract\u00e9ristiques originales du bois et pour qu&#8217;on puisse voir le grain \u00e0 travers. La surface des jouets fabriqu\u00e9s \u00e0 partir de bois europ\u00e9ens certifi\u00e9 FSC est laiss\u00e9e l\u00e9g\u00e8rement rugueuse, ce qui les rend plus facilement empilables et moins glissants.<\/p>\n<p>Les jouets en bois de Grimm&#8217;s sont fabriqu\u00e9s dans les manufacture de Grimm&#8217;s en Allemagne ainsi que dans plusieurs ateliers \u00e0 travers l\u2019Europe \u00e0 partir de diff\u00e9rents types de bois tels que l\u2019aulne, la chaux, le h\u00eatre et l\u2019\u00e9rable. Tout le bois utilis\u00e9 pour fabriquer les jouets de Grimm&#8217;s provient de for\u00eats europ\u00e9ennes g\u00e9r\u00e9es de mani\u00e8re durable.<\/p>\n<p>Veuillez noter que les jouets de Grimm&#8217;s sont toujours uniques, et portent des marques uniques faites par la nature. Le grain du bois a des structures et des couleurs changeantes qui servent de preuve de ses origines naturelles. Les variations uniques, les marques, les noeuds, les motifs, les rayures noires ou les taches sombres qui peuvent \u00eatre visibles dans le bois des jouets de Grimm&#8217;s sont une preuve de qualit\u00e9, et non des d\u00e9fauts.<\/p>\n<p>Les cinq amis des math\u00e9matiques de Grimm&#8217;s convient aux enfants \u00e2g\u00e9s de 5 ans et plus.<\/p>\n<p>Contenu :<\/p>\n<p>5 amis en bois<br \/>\n1 plateau de rangement en bois<\/p>\n","protected":false},"excerpt":{"rendered":"<p>Num\u00e9ro d&#8217;article: gri10582<\/p>\n<p>Les cinq amis des math\u00e9matiques de Grimm&#8217;s sont des figurines jouets \u00e9ducatifs en bois durable d\u00e9cor\u00e9es de symboles math\u00e9matiques.<\/p>\n","protected":false},"featured_media":31028,"comment_status":"open","ping_status":"closed","template":"","meta":[],"product_brand":[],"product_cat":[8527,215,8580,216,24876,22344,17226,283,13146,8526,17212,17239,13130,23020,23021,613,1220,23650,628,13140,288,7595,13129,217,5851,212,1219],"product_tag":[17332,17334,17335,19444,19441,19440,19439,19443,17336,19445,19442],"class_list":{"0":"post-36177","1":"product","2":"type-product","3":"status-publish","4":"has-post-thumbnail","6":"product_cat-3-6-ans-ecole-a-domicile","7":"product_cat-3-6-ans","8":"product_cat-6-12-ans-ecole-a-domicile","9":"product_cat-6-12-ans","10":"product_cat-apprendre-decouvrir","11":"product_cat-collections-saisonnieres","12":"product_cat-division-fr","13":"product_cat-domaines-du-curriculum","14":"product_cat-figurines-en-bois","15":"product_cat-fournitures-scolaires-a-domicile","16":"product_cat-grimms-fr","17":"product_cat-guide-cadeaux-educatifs","18":"product_cat-jouer","19":"product_cat-jouets-en-bois","20":"product_cat-jouets-waldorf","21":"product_cat-laddition","22":"product_cat-traditionnelle","23":"product_cat-la-rentree-scolaire","24":"product_cat-soustraction","25":"product_cat-jeu-libre","26":"product_cat-mathematiques-calcul","27":"product_cat-methode-deducation","28":"product_cat-multiplication-fr","29":"product_cat-marques","30":"product_cat-nouveautes","31":"product_cat-tranche-dage","32":"product_cat-waldorf-fr","33":"product_tag-grimm-suisse","34":"product_tag-grimm-suisse-fr","35":"product_tag-grimme-suisse","36":"product_tag-jouets-mathematiques-en-bois","37":"product_tag-les-amis-des-mathematiques-de-grimms","38":"product_tag-les-amis-des-maths-de-grimms","39":"product_tag-les-cinq-amis-des-mathematiques-de-grimms","40":"product_tag-les-jouets-dapprentissage-de-grimms","41":"product_tag-magasin-de-jouets-en-bois-grimm","42":"product_tag-materiel-de-mathematiques-en-bois","43":"product_tag-materiel-de-mathematiques-waldorf","45":"first","46":"instock","47":"taxable","48":"shipping-taxable","49":"purchasable","50":"product-type-simple"},"yoast_head":"<!-- This site is optimized with the Yoast SEO Premium plugin v25.8 (Yoast SEO v27.4) - https:\/\/yoast.com\/product\/yoast-seo-premium-wordpress\/ -->\n<title>Cinq amis math\u00e9matiques - Grimm&#039;s - Teia Education &amp; Play<\/title>\n<meta name=\"description\" content=\"Les cinq amis des math\u00e9matiques de Grimm&#039;s sont des figurines jouets \u00e9ducatifs en bois durable d\u00e9cor\u00e9es de symboles math\u00e9matiques.\" \/>\n<meta name=\"robots\" content=\"index, follow, max-snippet:-1, max-image-preview:large, max-video-preview:-1\" \/>\n<link rel=\"canonical\" href=\"https:\/\/teiaeducation.ch\/fr\/produit\/cinq-math-amis-grimms\/\" \/>\n<meta property=\"og:locale\" content=\"fr_FR\" \/>\n<meta property=\"og:type\" content=\"article\" \/>\n<meta property=\"og:title\" content=\"Cinq amis math\u00e9matiques - Grimm&#039;s\" \/>\n<meta property=\"og:description\" content=\"Les cinq amis des math\u00e9matiques de Grimm&#039;s sont des figurines jouets \u00e9ducatifs en bois durable d\u00e9cor\u00e9es de symboles math\u00e9matiques.\" \/>\n<meta property=\"og:url\" content=\"https:\/\/teiaeducation.ch\/fr\/produit\/cinq-math-amis-grimms\/\" \/>\n<meta property=\"og:site_name\" content=\"Sustainable Educational Products &amp; Ecological Toys\u00a0\" \/>\n<meta property=\"article:publisher\" content=\"https:\/\/www.facebook.com\/teiaeducation\/\" \/>\n<meta property=\"article:modified_time\" content=\"2021-12-26T17:13:31+00:00\" \/>\n<meta property=\"og:image\" content=\"https:\/\/teiaeducation.ch\/wp-content\/uploads\/2020\/10\/Five-math-friends-Grimms.jpg\" \/>\n\t<meta property=\"og:image:width\" content=\"800\" \/>\n\t<meta property=\"og:image:height\" content=\"676\" \/>\n\t<meta property=\"og:image:type\" content=\"image\/jpeg\" \/>\n<script type=\"application\/ld+json\" class=\"yoast-schema-graph\">{\"@context\":\"https:\\\/\\\/schema.org\",\"@graph\":[{\"@type\":\"WebPage\",\"@id\":\"https:\\\/\\\/teiaeducation.ch\\\/fr\\\/produit\\\/cinq-math-amis-grimms\\\/\",\"url\":\"https:\\\/\\\/teiaeducation.ch\\\/fr\\\/produit\\\/cinq-math-amis-grimms\\\/\",\"name\":\"Cinq amis math\u00e9matiques - Grimm's - Teia Education & Play\",\"isPartOf\":{\"@id\":\"https:\\\/\\\/teiaeducation.ch\\\/fr\\\/#website\"},\"primaryImageOfPage\":{\"@id\":\"https:\\\/\\\/teiaeducation.ch\\\/fr\\\/produit\\\/cinq-math-amis-grimms\\\/#primaryimage\"},\"image\":{\"@id\":\"https:\\\/\\\/teiaeducation.ch\\\/fr\\\/produit\\\/cinq-math-amis-grimms\\\/#primaryimage\"},\"thumbnailUrl\":\"https:\\\/\\\/teiaeducation.ch\\\/wp-content\\\/uploads\\\/2020\\\/10\\\/Five-math-friends-Grimms.jpg\",\"datePublished\":\"2020-12-11T12:13:27+00:00\",\"dateModified\":\"2021-12-26T17:13:31+00:00\",\"description\":\"Les cinq amis des math\u00e9matiques de Grimm's sont des figurines jouets \u00e9ducatifs en bois durable d\u00e9cor\u00e9es de symboles math\u00e9matiques.\",\"breadcrumb\":{\"@id\":\"https:\\\/\\\/teiaeducation.ch\\\/fr\\\/produit\\\/cinq-math-amis-grimms\\\/#breadcrumb\"},\"inLanguage\":\"fr-FR\",\"potentialAction\":[{\"@type\":\"ReadAction\",\"target\":[\"https:\\\/\\\/teiaeducation.ch\\\/fr\\\/produit\\\/cinq-math-amis-grimms\\\/\"]}]},{\"@type\":\"ImageObject\",\"inLanguage\":\"fr-FR\",\"@id\":\"https:\\\/\\\/teiaeducation.ch\\\/fr\\\/produit\\\/cinq-math-amis-grimms\\\/#primaryimage\",\"url\":\"https:\\\/\\\/teiaeducation.ch\\\/wp-content\\\/uploads\\\/2020\\\/10\\\/Five-math-friends-Grimms.jpg\",\"contentUrl\":\"https:\\\/\\\/teiaeducation.ch\\\/wp-content\\\/uploads\\\/2020\\\/10\\\/Five-math-friends-Grimms.jpg\",\"width\":800,\"height\":676,\"caption\":\"Jouet \u00e9ducatif en bois durable fabriqu\u00e9 \u00e0 la main Cinq amis des math\u00e9matiques - Grimm's\"},{\"@type\":\"BreadcrumbList\",\"@id\":\"https:\\\/\\\/teiaeducation.ch\\\/fr\\\/produit\\\/cinq-math-amis-grimms\\\/#breadcrumb\",\"itemListElement\":[{\"@type\":\"ListItem\",\"position\":1,\"name\":\"Home\",\"item\":\"https:\\\/\\\/teiaeducation.ch\\\/fr\\\/\"},{\"@type\":\"ListItem\",\"position\":2,\"name\":\"Boutique Teia Education &amp; Play\",\"item\":\"https:\\\/\\\/teiaeducation.ch\\\/fr\\\/boutique\\\/\"},{\"@type\":\"ListItem\",\"position\":3,\"name\":\"Nos Marques\",\"item\":\"https:\\\/\\\/teiaeducation.ch\\\/fr\\\/categorie-produit\\\/marques\\\/\"},{\"@type\":\"ListItem\",\"position\":4,\"name\":\"Grimm's\",\"item\":\"https:\\\/\\\/teiaeducation.ch\\\/fr\\\/categorie-produit\\\/marques\\\/grimms-fr\\\/\"},{\"@type\":\"ListItem\",\"position\":5,\"name\":\"Cinq amis math\u00e9matiques &#8211; Grimm&#8217;s\"}]},{\"@type\":\"WebSite\",\"@id\":\"https:\\\/\\\/teiaeducation.ch\\\/fr\\\/#website\",\"url\":\"https:\\\/\\\/teiaeducation.ch\\\/fr\\\/\",\"name\":\"Sustainable Educational Products &amp; Ecological Toys\u00a0\",\"description\":\"Specialised Swiss shop selling sustainable educational toys and games, AMI certified Montessori materials, handmade ecological wooden Waldorf toys and arts &amp; crafts supplies, school supplies, children&#039;s furniture and Montessori reference and parenting books.\",\"publisher\":{\"@id\":\"https:\\\/\\\/teiaeducation.ch\\\/fr\\\/#organization\"},\"alternateName\":\"Teia Education & Play\",\"potentialAction\":[{\"@type\":\"SearchAction\",\"target\":{\"@type\":\"EntryPoint\",\"urlTemplate\":\"https:\\\/\\\/teiaeducation.ch\\\/fr\\\/?s={search_term_string}\"},\"query-input\":{\"@type\":\"PropertyValueSpecification\",\"valueRequired\":true,\"valueName\":\"search_term_string\"}}],\"inLanguage\":\"fr-FR\"},{\"@type\":\"Organization\",\"@id\":\"https:\\\/\\\/teiaeducation.ch\\\/fr\\\/#organization\",\"name\":\"Teia Education & Play\",\"url\":\"https:\\\/\\\/teiaeducation.ch\\\/fr\\\/\",\"logo\":{\"@type\":\"ImageObject\",\"inLanguage\":\"fr-FR\",\"@id\":\"https:\\\/\\\/teiaeducation.ch\\\/fr\\\/#\\\/schema\\\/logo\\\/image\\\/\",\"url\":\"https:\\\/\\\/teiaeducation.ch\\\/wp-content\\\/uploads\\\/2020\\\/11\\\/Teia-Education-Switzerland-e1620156442216.jpg\",\"contentUrl\":\"https:\\\/\\\/teiaeducation.ch\\\/wp-content\\\/uploads\\\/2020\\\/11\\\/Teia-Education-Switzerland-e1620156442216.jpg\",\"width\":166,\"height\":145,\"caption\":\"Teia Education & Play\"},\"image\":{\"@id\":\"https:\\\/\\\/teiaeducation.ch\\\/fr\\\/#\\\/schema\\\/logo\\\/image\\\/\"},\"sameAs\":[\"https:\\\/\\\/www.facebook.com\\\/teiaeducation\\\/\",\"https:\\\/\\\/x.com\\\/EducationTeia\",\"https:\\\/\\\/www.instagram.com\\\/teia.education\\\/\",\"https:\\\/\\\/www.linkedin.com\\\/company\\\/35501660\",\"https:\\\/\\\/www.pinterest.ch\\\/TeiaEducation\\\/\"]}]}<\/script>\n<meta property=\"product:price:amount\" content=\"29.90\" \/>\n<meta property=\"product:price:currency\" content=\"CHF\" \/>\n<meta property=\"og:availability\" content=\"instock\" \/>\n<meta property=\"product:availability\" content=\"instock\" \/>\n<meta property=\"product:retailer_item_id\" content=\"00000000000000000000000000000000000000000000031026\" \/>\n<meta property=\"product:condition\" content=\"new\" \/>\n<!-- \/ Yoast SEO Premium plugin. -->","yoast_head_json":{"title":"Cinq amis math\u00e9matiques - Grimm's - Teia Education & Play","description":"Les cinq amis des math\u00e9matiques de Grimm's sont des figurines jouets \u00e9ducatifs en bois durable d\u00e9cor\u00e9es de symboles math\u00e9matiques.","robots":{"index":"index","follow":"follow","max-snippet":"max-snippet:-1","max-image-preview":"max-image-preview:large","max-video-preview":"max-video-preview:-1"},"canonical":"https:\/\/teiaeducation.ch\/fr\/produit\/cinq-math-amis-grimms\/","og_locale":"fr_FR","og_type":"article","og_title":"Cinq amis math\u00e9matiques - Grimm's","og_description":"Les cinq amis des math\u00e9matiques de Grimm's sont des figurines jouets \u00e9ducatifs en bois durable d\u00e9cor\u00e9es de symboles math\u00e9matiques.","og_url":"https:\/\/teiaeducation.ch\/fr\/produit\/cinq-math-amis-grimms\/","og_site_name":"Sustainable Educational Products &amp; Ecological Toys\u00a0","article_publisher":"https:\/\/www.facebook.com\/teiaeducation\/","article_modified_time":"2021-12-26T17:13:31+00:00","og_image":[{"width":800,"height":676,"url":"https:\/\/teiaeducation.ch\/wp-content\/uploads\/2020\/10\/Five-math-friends-Grimms.jpg","type":"image\/jpeg"}],"schema":{"@context":"https:\/\/schema.org","@graph":[{"@type":"WebPage","@id":"https:\/\/teiaeducation.ch\/fr\/produit\/cinq-math-amis-grimms\/","url":"https:\/\/teiaeducation.ch\/fr\/produit\/cinq-math-amis-grimms\/","name":"Cinq amis math\u00e9matiques - Grimm's - Teia Education & Play","isPartOf":{"@id":"https:\/\/teiaeducation.ch\/fr\/#website"},"primaryImageOfPage":{"@id":"https:\/\/teiaeducation.ch\/fr\/produit\/cinq-math-amis-grimms\/#primaryimage"},"image":{"@id":"https:\/\/teiaeducation.ch\/fr\/produit\/cinq-math-amis-grimms\/#primaryimage"},"thumbnailUrl":"https:\/\/teiaeducation.ch\/wp-content\/uploads\/2020\/10\/Five-math-friends-Grimms.jpg","datePublished":"2020-12-11T12:13:27+00:00","dateModified":"2021-12-26T17:13:31+00:00","description":"Les cinq amis des math\u00e9matiques de Grimm's sont des figurines jouets \u00e9ducatifs en bois durable d\u00e9cor\u00e9es de symboles math\u00e9matiques.","breadcrumb":{"@id":"https:\/\/teiaeducation.ch\/fr\/produit\/cinq-math-amis-grimms\/#breadcrumb"},"inLanguage":"fr-FR","potentialAction":[{"@type":"ReadAction","target":["https:\/\/teiaeducation.ch\/fr\/produit\/cinq-math-amis-grimms\/"]}]},{"@type":"ImageObject","inLanguage":"fr-FR","@id":"https:\/\/teiaeducation.ch\/fr\/produit\/cinq-math-amis-grimms\/#primaryimage","url":"https:\/\/teiaeducation.ch\/wp-content\/uploads\/2020\/10\/Five-math-friends-Grimms.jpg","contentUrl":"https:\/\/teiaeducation.ch\/wp-content\/uploads\/2020\/10\/Five-math-friends-Grimms.jpg","width":800,"height":676,"caption":"Jouet \u00e9ducatif en bois durable fabriqu\u00e9 \u00e0 la main Cinq amis des math\u00e9matiques - Grimm's"},{"@type":"BreadcrumbList","@id":"https:\/\/teiaeducation.ch\/fr\/produit\/cinq-math-amis-grimms\/#breadcrumb","itemListElement":[{"@type":"ListItem","position":1,"name":"Home","item":"https:\/\/teiaeducation.ch\/fr\/"},{"@type":"ListItem","position":2,"name":"Boutique Teia Education &amp; Play","item":"https:\/\/teiaeducation.ch\/fr\/boutique\/"},{"@type":"ListItem","position":3,"name":"Nos Marques","item":"https:\/\/teiaeducation.ch\/fr\/categorie-produit\/marques\/"},{"@type":"ListItem","position":4,"name":"Grimm's","item":"https:\/\/teiaeducation.ch\/fr\/categorie-produit\/marques\/grimms-fr\/"},{"@type":"ListItem","position":5,"name":"Cinq amis math\u00e9matiques &#8211; Grimm&#8217;s"}]},{"@type":"WebSite","@id":"https:\/\/teiaeducation.ch\/fr\/#website","url":"https:\/\/teiaeducation.ch\/fr\/","name":"Sustainable Educational Products &amp; Ecological Toys\u00a0","description":"Specialised Swiss shop selling sustainable educational toys and games, AMI certified Montessori materials, handmade ecological wooden Waldorf toys and arts &amp; crafts supplies, school supplies, children&#039;s furniture and Montessori reference and parenting books.","publisher":{"@id":"https:\/\/teiaeducation.ch\/fr\/#organization"},"alternateName":"Teia Education & Play","potentialAction":[{"@type":"SearchAction","target":{"@type":"EntryPoint","urlTemplate":"https:\/\/teiaeducation.ch\/fr\/?s={search_term_string}"},"query-input":{"@type":"PropertyValueSpecification","valueRequired":true,"valueName":"search_term_string"}}],"inLanguage":"fr-FR"},{"@type":"Organization","@id":"https:\/\/teiaeducation.ch\/fr\/#organization","name":"Teia Education & Play","url":"https:\/\/teiaeducation.ch\/fr\/","logo":{"@type":"ImageObject","inLanguage":"fr-FR","@id":"https:\/\/teiaeducation.ch\/fr\/#\/schema\/logo\/image\/","url":"https:\/\/teiaeducation.ch\/wp-content\/uploads\/2020\/11\/Teia-Education-Switzerland-e1620156442216.jpg","contentUrl":"https:\/\/teiaeducation.ch\/wp-content\/uploads\/2020\/11\/Teia-Education-Switzerland-e1620156442216.jpg","width":166,"height":145,"caption":"Teia Education & Play"},"image":{"@id":"https:\/\/teiaeducation.ch\/fr\/#\/schema\/logo\/image\/"},"sameAs":["https:\/\/www.facebook.com\/teiaeducation\/","https:\/\/x.com\/EducationTeia","https:\/\/www.instagram.com\/teia.education\/","https:\/\/www.linkedin.com\/company\/35501660","https:\/\/www.pinterest.ch\/TeiaEducation\/"]}]},"product_price_amount":"29.90","product_price_currency":"CHF","og_availability":"instock","product_availability":"instock","product_retailer_item_id":"00000000000000000000000000000000000000000000031026","product_condition":"new"},"_links":{"self":[{"href":"https:\/\/teiaeducation.ch\/fr\/wp-json\/wp\/v2\/product\/36177","targetHints":{"allow":["GET"]}}],"collection":[{"href":"https:\/\/teiaeducation.ch\/fr\/wp-json\/wp\/v2\/product"}],"about":[{"href":"https:\/\/teiaeducation.ch\/fr\/wp-json\/wp\/v2\/types\/product"}],"replies":[{"embeddable":true,"href":"https:\/\/teiaeducation.ch\/fr\/wp-json\/wp\/v2\/comments?post=36177"}],"wp:featuredmedia":[{"embeddable":true,"href":"https:\/\/teiaeducation.ch\/fr\/wp-json\/wp\/v2\/media\/31028"}],"wp:attachment":[{"href":"https:\/\/teiaeducation.ch\/fr\/wp-json\/wp\/v2\/media?parent=36177"}],"wp:term":[{"taxonomy":"product_brand","embeddable":true,"href":"https:\/\/teiaeducation.ch\/fr\/wp-json\/wp\/v2\/product_brand?post=36177"},{"taxonomy":"product_cat","embeddable":true,"href":"https:\/\/teiaeducation.ch\/fr\/wp-json\/wp\/v2\/product_cat?post=36177"},{"taxonomy":"product_tag","embeddable":true,"href":"https:\/\/teiaeducation.ch\/fr\/wp-json\/wp\/v2\/product_tag?post=36177"}],"curies":[{"name":"wp","href":"https:\/\/api.w.org\/{rel}","templated":true}]}}