{"id":36178,"date":"2020-12-11T13:05:56","date_gmt":"2020-12-11T12:05:56","guid":{"rendered":"https:\/\/teiaeducation.ch\/product\/jeu-de-tri-des-bols-arc-en-ciel-grimms\/"},"modified":"2025-10-01T11:20:43","modified_gmt":"2025-10-01T09:20:43","slug":"jeu-tri-bols-arc-en-ciel-grimms","status":"publish","type":"product","link":"https:\/\/teiaeducation.ch\/fr\/produit\/jeu-tri-bols-arc-en-ciel-grimms\/","title":{"rendered":"Jeu de tri des bols arc-en-ciel &#8211; Grimm&#8217;s"},"content":{"rendered":"<p>Jeu de tri des bols arc-en-ciel \/ Jouet en bois durable fait main &#8211; Grimm&#8217;s<\/p>\n<p>Ce magnifique jeu de <a href=\"https:\/\/teiaeducation.ch\/fr\/categorie-produit\/jouer\/tri\/\">tri<\/a> de Grimm&#8217;s est un jouet en bois durable fabriqu\u00e9 \u00e0 la main tr\u00e8s amusant et fantastique pour le d\u00e9veloppement des capacit\u00e9s motrices, l&#8217;apprentissage des couleurs, la concentration et bien d&#8217;autres choses encore ! Les enfants les plus jeunes peuvent trier, associer et compter les objets dans les bols, tandis que les enfants plus \u00e2g\u00e9s am\u00e9liorent leur dext\u00e9rit\u00e9 et leur motricit\u00e9 fine en apprenant \u00e0 trier \u00e0 l&#8217;aide de la pince.<\/p>\n<p>Le jeu de tri des bols arc-en-ciel de Grimm&#8217;s comprend 2 cadres en bois, 2 pinces en bois, 6 bols en bois de six couleurs arc-en-ciel et une forme de poisson, d&#8217;\u00e9toile et de c\u0153ur en bois dans chaque couleur.<\/p>\n<p>Ce joli jouet polyvalent convient aux jeunes enfants \u00e0 partir de 12 mois ainsi qu&#8217;aux enfants plus \u00e2g\u00e9s. Un jouet inspirant pour les jeux Waldorf et Montessori.<\/p>\n<p>Les 6 bols en bois avec les formes correspondantes sont fabriqu\u00e9s \u00e0 la main \u00e0 partir de bois de tilleul et chacun d&#8217;entre eux est fini dans une teinte arc-en-ciel vibrante diff\u00e9rente avec une teinture non toxique \u00e0 base d&#8217;eau, ce qui les rend s\u00fbrs pour les jeunes enfants. Les cadres sont fabriqu\u00e9s en bois d&#8217;aulne et finis avec une huile v\u00e9g\u00e9tale non toxique et s\u00fbre. Les bols mesurent 8 cm de diam\u00e8tre et les cadres 30,5 cm de longueur.<\/p>\n<p>Id\u00e9al pour jouer \u00e0 la maison, \u00e0 la cr\u00e8che, \u00e0 Waldorf ou \u00e0 l\u2019\u00e9cole Steiner, les beaux jouets en bois naturel de Grimm&#8217;s sont fabriqu\u00e9s selon la philosophie Waldorf qui est bien connue pour encourager les enfants \u00e0 d\u00e9couvrir le jeu cr\u00e9atif de mani\u00e8re ind\u00e9pendante, sans limitations et \u00e0 un rythme effr\u00e9n\u00e9. Les jouets en bois de Grimm&#8217;s sont color\u00e9s \u00e0 la main avec des peintures \u00e0 base d\u2019eau non toxiques et ne sont pas finis avec de la laque pour assurer les caract\u00e9ristiques originales du bois et pour qu&#8217;on puisse voir le grain \u00e0 travers. La surface des jouets fabriqu\u00e9s \u00e0 partir de bois europ\u00e9ens certifi\u00e9 FSC est laiss\u00e9e l\u00e9g\u00e8rement rugueuse, ce qui les rend plus facilement empilables et moins glissants.<\/p>\n<p>Les jouets en bois de Grimm&#8217;s sont fabriqu\u00e9s dans les manufacture de Grimm&#8217;s en Allemagne ainsi que dans plusieurs ateliers \u00e0 travers l\u2019Europe \u00e0 partir de diff\u00e9rents types de bois tels que l\u2019aulne, la chaux, le h\u00eatre et l\u2019\u00e9rable. Tout le bois utilis\u00e9 pour fabriquer les jouets de Grimm&#8217;s provient de for\u00eats europ\u00e9ennes g\u00e9r\u00e9es de mani\u00e8re durable.<\/p>\n<p>Veuillez noter que les jouets de Grimm&#8217;s sont toujours uniques, et portent des marques uniques faites par la nature. Le grain du bois a des structures et des couleurs changeantes qui servent de preuve de ses origines naturelles. Les variations uniques, les marques, les noeuds, les motifs, les rayures noires ou les taches sombres qui peuvent \u00eatre visibles dans le bois des jouets de Grimm&#8217;s sont une preuve de qualit\u00e9, et non des d\u00e9fauts.<\/p>\n<p>Le jeu de tri des bols arc-en-ciel de Grimm&#8217;s convient aux enfants \u00e2g\u00e9s de 1 an et plus.<\/p>\n<p>Contenu :<\/p>\n<p>28 pi\u00e8ces en bois &#8211; 2 plateaux, 2 pinces \u00e0 \u00e9piler, 6 bols et 18 formes.<\/p>\n","protected":false},"excerpt":{"rendered":"<p>Num\u00e9ro d&#8217;article: gri42125<\/p>\n<p>Le jeu de tri des bols arc-en-ciel de Grimm est un jouet en bois durable fabriqu\u00e9 \u00e0 la main pour d\u00e9velopper les capacit\u00e9s motrices des enfants.<\/p>\n","protected":false},"featured_media":31234,"comment_status":"open","ping_status":"closed","template":"","meta":[],"product_brand":[],"product_cat":[208,215,633,635,283,24865,17212,17242,13130,626,23020,23021,7595,1218,217,5851,209,212,1219],"product_tag":[17337,17944,8625,17332,17334,19446,17335,19448,19450,19449,19451,19447,19453,17331,19452,17336,19454],"class_list":{"0":"post-36178","1":"product","2":"type-product","3":"status-publish","4":"has-post-thumbnail","6":"product_cat-1-3-ans","7":"product_cat-3-6-ans","8":"product_cat-apprendre-les-couleurs","9":"product_cat-competences-motrices","10":"product_cat-domaines-du-curriculum","11":"product_cat-empilage-tri","12":"product_cat-grimms-fr","13":"product_cat-guide-cadeaux-1-3-ans","14":"product_cat-jouer","15":"product_cat-jouets-a-trier","16":"product_cat-jouets-en-bois","17":"product_cat-jouets-waldorf","18":"product_cat-methode-deducation","19":"product_cat-montessori-fr","20":"product_cat-marques","21":"product_cat-nouveautes","22":"product_cat-sensorielles-motrices","23":"product_cat-tranche-dage","24":"product_cat-waldorf-fr","25":"product_tag-arc-en-ciel-colore-en-bois-fait-main","26":"product_tag-blocs-de-bois-arc-en-ciel-de-grimm","27":"product_tag-fabrique-en-allemagne","28":"product_tag-grimm-suisse","29":"product_tag-grimm-suisse-fr","30":"product_tag-grimms-jeu-de-tri","31":"product_tag-grimme-suisse","32":"product_tag-jeu-de-pinces-en-bois","33":"product_tag-jeu-de-tri-des-bols-arc-en-ciel-de-grimms","34":"product_tag-jeu-de-tri-en-bois","35":"product_tag-jeu-de-tri-en-bois-fr","36":"product_tag-jeu-de-tri-en-bois-avec-pinces","37":"product_tag-jeux-montessori","38":"product_tag-jouets-en-bois-waldorf","39":"product_tag-jouets-montessori-en-bois","40":"product_tag-magasin-de-jouets-en-bois-grimm","41":"product_tag-materiel-de-tri-montessori","43":"first","44":"outofstock","45":"taxable","46":"shipping-taxable","47":"purchasable","48":"product-type-simple"},"yoast_head":"<!-- This site is optimized with the Yoast SEO Premium plugin v25.8 (Yoast SEO v27.4) - https:\/\/yoast.com\/product\/yoast-seo-premium-wordpress\/ -->\n<title>Jeu de tri des bols arc-en-ciel - Grimm&#039;s - Teia Education &amp; Play<\/title>\n<meta name=\"description\" content=\"Le jeu de tri des bols arc-en-ciel de Grimm est un jouet en bois durable fabriqu\u00e9 \u00e0 la main pour d\u00e9velopper les capacit\u00e9s motrices des enfants.\" \/>\n<meta name=\"robots\" content=\"index, follow, max-snippet:-1, max-image-preview:large, max-video-preview:-1\" \/>\n<link rel=\"canonical\" href=\"https:\/\/teiaeducation.ch\/fr\/produit\/jeu-tri-bols-arc-en-ciel-grimms\/\" \/>\n<meta property=\"og:locale\" content=\"fr_FR\" \/>\n<meta property=\"og:type\" content=\"article\" \/>\n<meta property=\"og:title\" content=\"Jeu de tri des bols arc-en-ciel - Grimm&#039;s\" \/>\n<meta property=\"og:description\" content=\"Le jeu de tri des bols arc-en-ciel de Grimm est un jouet en bois durable fabriqu\u00e9 \u00e0 la main pour d\u00e9velopper les capacit\u00e9s motrices des enfants.\" \/>\n<meta property=\"og:url\" content=\"https:\/\/teiaeducation.ch\/fr\/produit\/jeu-tri-bols-arc-en-ciel-grimms\/\" \/>\n<meta property=\"og:site_name\" content=\"Sustainable Educational Products &amp; Ecological Toys\u00a0\" \/>\n<meta property=\"article:publisher\" content=\"https:\/\/www.facebook.com\/teiaeducation\/\" \/>\n<meta property=\"article:modified_time\" content=\"2025-10-01T09:20:43+00:00\" \/>\n<meta property=\"og:image\" content=\"https:\/\/teiaeducation.ch\/wp-content\/uploads\/2020\/10\/Rainbow-bowls-sorting-game-Grimms.jpg\" \/>\n\t<meta property=\"og:image:width\" content=\"900\" \/>\n\t<meta property=\"og:image:height\" content=\"900\" \/>\n\t<meta property=\"og:image:type\" content=\"image\/jpeg\" \/>\n<script type=\"application\/ld+json\" class=\"yoast-schema-graph\">{\"@context\":\"https:\\\/\\\/schema.org\",\"@graph\":[{\"@type\":\"WebPage\",\"@id\":\"https:\\\/\\\/teiaeducation.ch\\\/fr\\\/produit\\\/jeu-tri-bols-arc-en-ciel-grimms\\\/\",\"url\":\"https:\\\/\\\/teiaeducation.ch\\\/fr\\\/produit\\\/jeu-tri-bols-arc-en-ciel-grimms\\\/\",\"name\":\"Jeu de tri des bols arc-en-ciel - Grimm's - Teia Education & Play\",\"isPartOf\":{\"@id\":\"https:\\\/\\\/teiaeducation.ch\\\/fr\\\/#website\"},\"primaryImageOfPage\":{\"@id\":\"https:\\\/\\\/teiaeducation.ch\\\/fr\\\/produit\\\/jeu-tri-bols-arc-en-ciel-grimms\\\/#primaryimage\"},\"image\":{\"@id\":\"https:\\\/\\\/teiaeducation.ch\\\/fr\\\/produit\\\/jeu-tri-bols-arc-en-ciel-grimms\\\/#primaryimage\"},\"thumbnailUrl\":\"https:\\\/\\\/teiaeducation.ch\\\/wp-content\\\/uploads\\\/2020\\\/10\\\/Rainbow-bowls-sorting-game-Grimms.jpg\",\"datePublished\":\"2020-12-11T12:05:56+00:00\",\"dateModified\":\"2025-10-01T09:20:43+00:00\",\"description\":\"Le jeu de tri des bols arc-en-ciel de Grimm est un jouet en bois durable fabriqu\u00e9 \u00e0 la main pour d\u00e9velopper les capacit\u00e9s motrices des enfants.\",\"breadcrumb\":{\"@id\":\"https:\\\/\\\/teiaeducation.ch\\\/fr\\\/produit\\\/jeu-tri-bols-arc-en-ciel-grimms\\\/#breadcrumb\"},\"inLanguage\":\"fr-FR\",\"potentialAction\":[{\"@type\":\"ReadAction\",\"target\":[\"https:\\\/\\\/teiaeducation.ch\\\/fr\\\/produit\\\/jeu-tri-bols-arc-en-ciel-grimms\\\/\"]}]},{\"@type\":\"ImageObject\",\"inLanguage\":\"fr-FR\",\"@id\":\"https:\\\/\\\/teiaeducation.ch\\\/fr\\\/produit\\\/jeu-tri-bols-arc-en-ciel-grimms\\\/#primaryimage\",\"url\":\"https:\\\/\\\/teiaeducation.ch\\\/wp-content\\\/uploads\\\/2020\\\/10\\\/Rainbow-bowls-sorting-game-Grimms.jpg\",\"contentUrl\":\"https:\\\/\\\/teiaeducation.ch\\\/wp-content\\\/uploads\\\/2020\\\/10\\\/Rainbow-bowls-sorting-game-Grimms.jpg\",\"width\":900,\"height\":900,\"caption\":\"Jouet en bois durable fabriqu\u00e9 \u00e0 la main Jeu de tri des bols arc-en-ciel - Grimm's\"},{\"@type\":\"BreadcrumbList\",\"@id\":\"https:\\\/\\\/teiaeducation.ch\\\/fr\\\/produit\\\/jeu-tri-bols-arc-en-ciel-grimms\\\/#breadcrumb\",\"itemListElement\":[{\"@type\":\"ListItem\",\"position\":1,\"name\":\"Home\",\"item\":\"https:\\\/\\\/teiaeducation.ch\\\/fr\\\/\"},{\"@type\":\"ListItem\",\"position\":2,\"name\":\"Boutique Teia Education &amp; Play\",\"item\":\"https:\\\/\\\/teiaeducation.ch\\\/fr\\\/boutique\\\/\"},{\"@type\":\"ListItem\",\"position\":3,\"name\":\"Domaines du Curriculum\",\"item\":\"https:\\\/\\\/teiaeducation.ch\\\/fr\\\/categorie-produit\\\/domaines-du-curriculum\\\/\"},{\"@type\":\"ListItem\",\"position\":4,\"name\":\"Sensorielles &amp; Motrices\",\"item\":\"https:\\\/\\\/teiaeducation.ch\\\/fr\\\/categorie-produit\\\/domaines-du-curriculum\\\/sensorielles-motrices\\\/\"},{\"@type\":\"ListItem\",\"position\":5,\"name\":\"Apprendre les Couleurs\",\"item\":\"https:\\\/\\\/teiaeducation.ch\\\/fr\\\/categorie-produit\\\/domaines-du-curriculum\\\/sensorielles-motrices\\\/apprendre-les-couleurs\\\/\"},{\"@type\":\"ListItem\",\"position\":6,\"name\":\"Jeu de tri des bols arc-en-ciel &#8211; Grimm&#8217;s\"}]},{\"@type\":\"WebSite\",\"@id\":\"https:\\\/\\\/teiaeducation.ch\\\/fr\\\/#website\",\"url\":\"https:\\\/\\\/teiaeducation.ch\\\/fr\\\/\",\"name\":\"Sustainable Educational Products &amp; Ecological Toys\u00a0\",\"description\":\"Specialised Swiss shop selling sustainable educational toys and games, AMI certified Montessori materials, handmade ecological wooden Waldorf toys and arts &amp; crafts supplies, school supplies, children&#039;s furniture and Montessori reference and parenting books.\",\"publisher\":{\"@id\":\"https:\\\/\\\/teiaeducation.ch\\\/fr\\\/#organization\"},\"alternateName\":\"Teia Education & Play\",\"potentialAction\":[{\"@type\":\"SearchAction\",\"target\":{\"@type\":\"EntryPoint\",\"urlTemplate\":\"https:\\\/\\\/teiaeducation.ch\\\/fr\\\/?s={search_term_string}\"},\"query-input\":{\"@type\":\"PropertyValueSpecification\",\"valueRequired\":true,\"valueName\":\"search_term_string\"}}],\"inLanguage\":\"fr-FR\"},{\"@type\":\"Organization\",\"@id\":\"https:\\\/\\\/teiaeducation.ch\\\/fr\\\/#organization\",\"name\":\"Teia Education & Play\",\"url\":\"https:\\\/\\\/teiaeducation.ch\\\/fr\\\/\",\"logo\":{\"@type\":\"ImageObject\",\"inLanguage\":\"fr-FR\",\"@id\":\"https:\\\/\\\/teiaeducation.ch\\\/fr\\\/#\\\/schema\\\/logo\\\/image\\\/\",\"url\":\"https:\\\/\\\/teiaeducation.ch\\\/wp-content\\\/uploads\\\/2020\\\/11\\\/Teia-Education-Switzerland-e1620156442216.jpg\",\"contentUrl\":\"https:\\\/\\\/teiaeducation.ch\\\/wp-content\\\/uploads\\\/2020\\\/11\\\/Teia-Education-Switzerland-e1620156442216.jpg\",\"width\":166,\"height\":145,\"caption\":\"Teia Education & Play\"},\"image\":{\"@id\":\"https:\\\/\\\/teiaeducation.ch\\\/fr\\\/#\\\/schema\\\/logo\\\/image\\\/\"},\"sameAs\":[\"https:\\\/\\\/www.facebook.com\\\/teiaeducation\\\/\",\"https:\\\/\\\/x.com\\\/EducationTeia\",\"https:\\\/\\\/www.instagram.com\\\/teia.education\\\/\",\"https:\\\/\\\/www.linkedin.com\\\/company\\\/35501660\",\"https:\\\/\\\/www.pinterest.ch\\\/TeiaEducation\\\/\"]}]}<\/script>\n<meta property=\"product:price:amount\" content=\"109.90\" \/>\n<meta property=\"product:price:currency\" content=\"CHF\" \/>\n<meta property=\"og:availability\" content=\"out of stock\" \/>\n<meta property=\"product:availability\" content=\"out of stock\" \/>\n<meta property=\"product:retailer_item_id\" content=\"00000000000000000000000000000000000000000000031230\" \/>\n<meta property=\"product:condition\" content=\"new\" \/>\n<!-- \/ Yoast SEO Premium plugin. -->","yoast_head_json":{"title":"Jeu de tri des bols arc-en-ciel - Grimm's - Teia Education & Play","description":"Le jeu de tri des bols arc-en-ciel de Grimm est un jouet en bois durable fabriqu\u00e9 \u00e0 la main pour d\u00e9velopper les capacit\u00e9s motrices des enfants.","robots":{"index":"index","follow":"follow","max-snippet":"max-snippet:-1","max-image-preview":"max-image-preview:large","max-video-preview":"max-video-preview:-1"},"canonical":"https:\/\/teiaeducation.ch\/fr\/produit\/jeu-tri-bols-arc-en-ciel-grimms\/","og_locale":"fr_FR","og_type":"article","og_title":"Jeu de tri des bols arc-en-ciel - Grimm's","og_description":"Le jeu de tri des bols arc-en-ciel de Grimm est un jouet en bois durable fabriqu\u00e9 \u00e0 la main pour d\u00e9velopper les capacit\u00e9s motrices des enfants.","og_url":"https:\/\/teiaeducation.ch\/fr\/produit\/jeu-tri-bols-arc-en-ciel-grimms\/","og_site_name":"Sustainable Educational Products &amp; Ecological Toys\u00a0","article_publisher":"https:\/\/www.facebook.com\/teiaeducation\/","article_modified_time":"2025-10-01T09:20:43+00:00","og_image":[{"width":900,"height":900,"url":"https:\/\/teiaeducation.ch\/wp-content\/uploads\/2020\/10\/Rainbow-bowls-sorting-game-Grimms.jpg","type":"image\/jpeg"}],"schema":{"@context":"https:\/\/schema.org","@graph":[{"@type":"WebPage","@id":"https:\/\/teiaeducation.ch\/fr\/produit\/jeu-tri-bols-arc-en-ciel-grimms\/","url":"https:\/\/teiaeducation.ch\/fr\/produit\/jeu-tri-bols-arc-en-ciel-grimms\/","name":"Jeu de tri des bols arc-en-ciel - Grimm's - Teia Education & Play","isPartOf":{"@id":"https:\/\/teiaeducation.ch\/fr\/#website"},"primaryImageOfPage":{"@id":"https:\/\/teiaeducation.ch\/fr\/produit\/jeu-tri-bols-arc-en-ciel-grimms\/#primaryimage"},"image":{"@id":"https:\/\/teiaeducation.ch\/fr\/produit\/jeu-tri-bols-arc-en-ciel-grimms\/#primaryimage"},"thumbnailUrl":"https:\/\/teiaeducation.ch\/wp-content\/uploads\/2020\/10\/Rainbow-bowls-sorting-game-Grimms.jpg","datePublished":"2020-12-11T12:05:56+00:00","dateModified":"2025-10-01T09:20:43+00:00","description":"Le jeu de tri des bols arc-en-ciel de Grimm est un jouet en bois durable fabriqu\u00e9 \u00e0 la main pour d\u00e9velopper les capacit\u00e9s motrices des enfants.","breadcrumb":{"@id":"https:\/\/teiaeducation.ch\/fr\/produit\/jeu-tri-bols-arc-en-ciel-grimms\/#breadcrumb"},"inLanguage":"fr-FR","potentialAction":[{"@type":"ReadAction","target":["https:\/\/teiaeducation.ch\/fr\/produit\/jeu-tri-bols-arc-en-ciel-grimms\/"]}]},{"@type":"ImageObject","inLanguage":"fr-FR","@id":"https:\/\/teiaeducation.ch\/fr\/produit\/jeu-tri-bols-arc-en-ciel-grimms\/#primaryimage","url":"https:\/\/teiaeducation.ch\/wp-content\/uploads\/2020\/10\/Rainbow-bowls-sorting-game-Grimms.jpg","contentUrl":"https:\/\/teiaeducation.ch\/wp-content\/uploads\/2020\/10\/Rainbow-bowls-sorting-game-Grimms.jpg","width":900,"height":900,"caption":"Jouet en bois durable fabriqu\u00e9 \u00e0 la main Jeu de tri des bols arc-en-ciel - Grimm's"},{"@type":"BreadcrumbList","@id":"https:\/\/teiaeducation.ch\/fr\/produit\/jeu-tri-bols-arc-en-ciel-grimms\/#breadcrumb","itemListElement":[{"@type":"ListItem","position":1,"name":"Home","item":"https:\/\/teiaeducation.ch\/fr\/"},{"@type":"ListItem","position":2,"name":"Boutique Teia Education &amp; Play","item":"https:\/\/teiaeducation.ch\/fr\/boutique\/"},{"@type":"ListItem","position":3,"name":"Domaines du Curriculum","item":"https:\/\/teiaeducation.ch\/fr\/categorie-produit\/domaines-du-curriculum\/"},{"@type":"ListItem","position":4,"name":"Sensorielles &amp; Motrices","item":"https:\/\/teiaeducation.ch\/fr\/categorie-produit\/domaines-du-curriculum\/sensorielles-motrices\/"},{"@type":"ListItem","position":5,"name":"Apprendre les Couleurs","item":"https:\/\/teiaeducation.ch\/fr\/categorie-produit\/domaines-du-curriculum\/sensorielles-motrices\/apprendre-les-couleurs\/"},{"@type":"ListItem","position":6,"name":"Jeu de tri des bols arc-en-ciel &#8211; Grimm&#8217;s"}]},{"@type":"WebSite","@id":"https:\/\/teiaeducation.ch\/fr\/#website","url":"https:\/\/teiaeducation.ch\/fr\/","name":"Sustainable Educational Products &amp; Ecological Toys\u00a0","description":"Specialised Swiss shop selling sustainable educational toys and games, AMI certified Montessori materials, handmade ecological wooden Waldorf toys and arts &amp; crafts supplies, school supplies, children&#039;s furniture and Montessori reference and parenting books.","publisher":{"@id":"https:\/\/teiaeducation.ch\/fr\/#organization"},"alternateName":"Teia Education & Play","potentialAction":[{"@type":"SearchAction","target":{"@type":"EntryPoint","urlTemplate":"https:\/\/teiaeducation.ch\/fr\/?s={search_term_string}"},"query-input":{"@type":"PropertyValueSpecification","valueRequired":true,"valueName":"search_term_string"}}],"inLanguage":"fr-FR"},{"@type":"Organization","@id":"https:\/\/teiaeducation.ch\/fr\/#organization","name":"Teia Education & Play","url":"https:\/\/teiaeducation.ch\/fr\/","logo":{"@type":"ImageObject","inLanguage":"fr-FR","@id":"https:\/\/teiaeducation.ch\/fr\/#\/schema\/logo\/image\/","url":"https:\/\/teiaeducation.ch\/wp-content\/uploads\/2020\/11\/Teia-Education-Switzerland-e1620156442216.jpg","contentUrl":"https:\/\/teiaeducation.ch\/wp-content\/uploads\/2020\/11\/Teia-Education-Switzerland-e1620156442216.jpg","width":166,"height":145,"caption":"Teia Education & Play"},"image":{"@id":"https:\/\/teiaeducation.ch\/fr\/#\/schema\/logo\/image\/"},"sameAs":["https:\/\/www.facebook.com\/teiaeducation\/","https:\/\/x.com\/EducationTeia","https:\/\/www.instagram.com\/teia.education\/","https:\/\/www.linkedin.com\/company\/35501660","https:\/\/www.pinterest.ch\/TeiaEducation\/"]}]},"product_price_amount":"109.90","product_price_currency":"CHF","og_availability":"out of stock","product_availability":"out of stock","product_retailer_item_id":"00000000000000000000000000000000000000000000031230","product_condition":"new"},"_links":{"self":[{"href":"https:\/\/teiaeducation.ch\/fr\/wp-json\/wp\/v2\/product\/36178","targetHints":{"allow":["GET"]}}],"collection":[{"href":"https:\/\/teiaeducation.ch\/fr\/wp-json\/wp\/v2\/product"}],"about":[{"href":"https:\/\/teiaeducation.ch\/fr\/wp-json\/wp\/v2\/types\/product"}],"replies":[{"embeddable":true,"href":"https:\/\/teiaeducation.ch\/fr\/wp-json\/wp\/v2\/comments?post=36178"}],"wp:featuredmedia":[{"embeddable":true,"href":"https:\/\/teiaeducation.ch\/fr\/wp-json\/wp\/v2\/media\/31234"}],"wp:attachment":[{"href":"https:\/\/teiaeducation.ch\/fr\/wp-json\/wp\/v2\/media?parent=36178"}],"wp:term":[{"taxonomy":"product_brand","embeddable":true,"href":"https:\/\/teiaeducation.ch\/fr\/wp-json\/wp\/v2\/product_brand?post=36178"},{"taxonomy":"product_cat","embeddable":true,"href":"https:\/\/teiaeducation.ch\/fr\/wp-json\/wp\/v2\/product_cat?post=36178"},{"taxonomy":"product_tag","embeddable":true,"href":"https:\/\/teiaeducation.ch\/fr\/wp-json\/wp\/v2\/product_tag?post=36178"}],"curies":[{"name":"wp","href":"https:\/\/api.w.org\/{rel}","templated":true}]}}