{"id":36327,"date":"2020-12-05T14:33:54","date_gmt":"2020-12-05T13:33:54","guid":{"rendered":"https:\/\/teiaeducation.ch\/product\/maisons-grimms\/"},"modified":"2023-06-22T09:50:32","modified_gmt":"2023-06-22T07:50:32","slug":"15-maisons-arc-en-ciel-grimms","status":"publish","type":"product","link":"https:\/\/teiaeducation.ch\/fr\/produit\/15-maisons-arc-en-ciel-grimms\/","title":{"rendered":"Maisons arc-en-ciel &#8211; Grimm&#8217;s"},"content":{"rendered":"<p>Les 15 maisons-jouets arc-en-ciel\u00a0\/ Jouet en bois durable fait main &#8211; Grimm&#8217;s<\/p>\n<p>Le jeu des 15 maisons de Grimm&#8217;s est une magnifique collection de petites maisons en bois durable fabriqu\u00e9es \u00e0 la main, \u00e0 empiler, \u00e0 construire et \u00e0 cr\u00e9er des villages, des villes et des paysages.<\/p>\n<p>Chaque maison est d&#8217;une couleur arc-en-ciel diff\u00e9rente et peinte \u00e0 la main avec des fen\u00eatres et des portes. Leur forme simple les rend parfaits pour \u00eatre <a href=\"https:\/\/teiaeducation.ch\/fr\/categorie-produit\/jouer\/jouets-a-empiler\/\">empil\u00e9s<\/a> et construits. Disposez-les dans leur socle en bois ou alignez-les en ligne pour ajouter une jolie d\u00e9coration \u00e0 l&#8217;\u00e9tag\u00e8re \u00e0 jouets d&#8217;une cr\u00e8che ou d&#8217;une salle de jeux.<\/p>\n<p>Les maisons des Grimm&#8217;s sont fabriqu\u00e9es \u00e0 la main en bois de tilleul. Chaque maison est peinte \u00e0 la main dans de jolis tons vifs avec une teinture non toxique \u00e0 base d&#8217;eau, ce qui la rend s\u00fbre pour les jeunes enfants. Cet ensemble offre des possibilit\u00e9s infinies pour le jeu cr\u00e9atif, la r\u00e9alisation de sculptures et l&#8217;affinement de la motricit\u00e9 fine. Le cadre a une finition non toxique \u00e0 base d&#8217;huile v\u00e9g\u00e9tale et mesure 22 cm de long. Chaque bloc de maison mesure environ 8 cm de hauteur et 2 \u00e0 10 cm d&#8217;\u00e9paisseur.<\/p>\n<p>Id\u00e9al pour jouer \u00e0 la maison, \u00e0 la cr\u00e8che, \u00e0 Waldorf ou \u00e0 l\u2019\u00e9cole Steiner, les beaux jouets en bois naturel de Grimm&#8217;s sont fabriqu\u00e9s selon la philosophie Waldorf qui est bien connue pour encourager les enfants \u00e0 d\u00e9couvrir le jeu cr\u00e9atif de mani\u00e8re ind\u00e9pendante, sans limitations et \u00e0 un rythme effr\u00e9n\u00e9. Les jouets en bois de Grimm&#8217;s sont color\u00e9s \u00e0 la main avec des peintures \u00e0 base d\u2019eau non toxiques et ne sont pas finis avec de la laque pour assurer les caract\u00e9ristiques originales du bois et pour qu&#8217;on puisse voir le grain \u00e0 travers. La surface des jouets fabriqu\u00e9s \u00e0 partir de bois europ\u00e9ens certifi\u00e9 FSC est laiss\u00e9e l\u00e9g\u00e8rement rugueuse, ce qui les rend plus facilement empilables et moins glissants.<\/p>\n<p>Les jouets en bois de Grimm&#8217;s sont fabriqu\u00e9s dans les manufacture de Grimm&#8217;s en Allemagne ainsi que dans plusieurs ateliers \u00e0 travers l\u2019Europe \u00e0 partir de diff\u00e9rents types de bois tels que l\u2019aulne, la chaux, le h\u00eatre et l\u2019\u00e9rable. Tout le bois utilis\u00e9 pour fabriquer les jouets de Grimm&#8217;s provient de for\u00eats europ\u00e9ennes g\u00e9r\u00e9es de mani\u00e8re durable.<\/p>\n<p>Veuillez noter que les jouets de Grimm&#8217;s sont toujours uniques, et portent des marques uniques faites par la nature. Le grain du bois a des structures et des couleurs changeantes qui servent de preuve de ses origines naturelles. Les variations uniques, les marques, les noeuds, les motifs, les rayures noires ou les taches sombres qui peuvent \u00eatre visibles dans le bois des jouets de Grimm&#8217;s sont une preuve de qualit\u00e9, et non des d\u00e9fauts.<\/p>\n<p>Les 15 maisons arc-en-ciel de Grimm&#8217;s sont recommand\u00e9es pour les enfants de 2 ans et plus et sont s\u00fbres \u00e0 partir de 1 an.<\/p>\n<p>Contenu :<\/p>\n<p>15 maisons en bois<br \/>\n1 cadre en bois<\/p>\n","protected":false},"excerpt":{"rendered":"<p>Num\u00e9ro d&#8217;article: gri10176<\/p>\n<p>Les 15 maisons arc-en-ciel de Grimm&#8217;s est une magnifique collection de petites maisons-jouets en bois durable et fabriqu\u00e9es \u00e0 la main.<\/p>\n","protected":false},"featured_media":32273,"comment_status":"open","ping_status":"closed","template":"","meta":[],"product_brand":[],"product_cat":[208,215,13150,24872,17212,17242,13130,13144,23020,23021,13140,217,5851,212],"product_tag":[17337,17463,17944,19510,8625,17332,17334,17889,19509,17335,17462,19511,17331,17336],"class_list":{"0":"post-36327","1":"product","2":"type-product","3":"status-publish","4":"has-post-thumbnail","6":"product_cat-1-3-ans","7":"product_cat-3-6-ans","8":"product_cat-blocs-de-construction-en-bois","9":"product_cat-construction-mondes-arc-en-ciel","10":"product_cat-grimms-fr","11":"product_cat-guide-cadeaux-1-3-ans","12":"product_cat-jouer","13":"product_cat-jouets-a-empiler","14":"product_cat-jouets-en-bois","15":"product_cat-jouets-waldorf","16":"product_cat-jeu-libre","17":"product_cat-marques","18":"product_cat-nouveautes","19":"product_cat-tranche-dage","20":"product_tag-arc-en-ciel-colore-en-bois-fait-main","21":"product_tag-assortiment-de-blocs-de-construction-en-bois-de-grimm","22":"product_tag-blocs-de-bois-arc-en-ciel-de-grimm","23":"product_tag-blocs-de-construction-en-bois-des-maisons-de-grimms","24":"product_tag-fabrique-en-allemagne","25":"product_tag-grimm-suisse","26":"product_tag-grimm-suisse-fr","27":"product_tag-grimms-fr","28":"product_tag-grimms-maisons","29":"product_tag-grimme-suisse","30":"product_tag-jeux-libres-en-bois","31":"product_tag-jouet-maisons-en-bois","32":"product_tag-jouets-en-bois-waldorf","33":"product_tag-magasin-de-jouets-en-bois-grimm","35":"first","36":"outofstock","37":"taxable","38":"shipping-taxable","39":"purchasable","40":"product-type-simple"},"yoast_head":"<!-- This site is optimized with the Yoast SEO plugin v27.1.1 - https:\/\/yoast.com\/product\/yoast-seo-wordpress\/ -->\n<title>Maisons arc-en-ciel - Grimm&#039;s - Teia Education &amp; Play<\/title>\n<meta name=\"description\" content=\"Les 15 maisons arc-en-ciel de Grimm&#039;s est une magnifique collection de petites maisons-jouets en bois durable et fabriqu\u00e9es \u00e0 la main.\" \/>\n<meta name=\"robots\" content=\"index, follow, max-snippet:-1, max-image-preview:large, max-video-preview:-1\" \/>\n<link rel=\"canonical\" href=\"https:\/\/teiaeducation.ch\/fr\/produit\/15-maisons-arc-en-ciel-grimms\/\" \/>\n<meta property=\"og:locale\" content=\"fr_FR\" \/>\n<meta property=\"og:type\" content=\"article\" \/>\n<meta property=\"og:title\" content=\"Maisons arc-en-ciel - Grimm&#039;s - Teia Education &amp; Play\" \/>\n<meta property=\"og:description\" content=\"Les 15 maisons arc-en-ciel de Grimm&#039;s est une magnifique collection de petites maisons-jouets en bois durable et fabriqu\u00e9es \u00e0 la main.\" \/>\n<meta property=\"og:url\" content=\"https:\/\/teiaeducation.ch\/fr\/produit\/15-maisons-arc-en-ciel-grimms\/\" \/>\n<meta property=\"og:site_name\" content=\"Sustainable Educational Products &amp; Ecological Toys\u00a0\" \/>\n<meta property=\"article:publisher\" content=\"https:\/\/www.facebook.com\/teiaeducation\/\" \/>\n<meta property=\"article:modified_time\" content=\"2023-06-22T07:50:32+00:00\" \/>\n<meta property=\"og:image\" content=\"https:\/\/teiaeducation.ch\/wp-content\/uploads\/2020\/11\/Houses-Grimms.jpg\" \/>\n\t<meta property=\"og:image:width\" content=\"800\" \/>\n\t<meta property=\"og:image:height\" content=\"520\" \/>\n\t<meta property=\"og:image:type\" content=\"image\/jpeg\" \/>\n<script type=\"application\/ld+json\" class=\"yoast-schema-graph\">{\"@context\":\"https:\/\/schema.org\",\"@graph\":[{\"@type\":\"WebPage\",\"@id\":\"https:\/\/teiaeducation.ch\/fr\/produit\/15-maisons-arc-en-ciel-grimms\/\",\"url\":\"https:\/\/teiaeducation.ch\/fr\/produit\/15-maisons-arc-en-ciel-grimms\/\",\"name\":\"Maisons arc-en-ciel - Grimm's - Teia Education & Play\",\"isPartOf\":{\"@id\":\"https:\/\/teiaeducation.ch\/fr\/#website\"},\"primaryImageOfPage\":{\"@id\":\"https:\/\/teiaeducation.ch\/fr\/produit\/15-maisons-arc-en-ciel-grimms\/#primaryimage\"},\"image\":{\"@id\":\"https:\/\/teiaeducation.ch\/fr\/produit\/15-maisons-arc-en-ciel-grimms\/#primaryimage\"},\"thumbnailUrl\":\"https:\/\/teiaeducation.ch\/wp-content\/uploads\/2020\/11\/Houses-Grimms.jpg\",\"datePublished\":\"2020-12-05T13:33:54+00:00\",\"dateModified\":\"2023-06-22T07:50:32+00:00\",\"description\":\"Les 15 maisons arc-en-ciel de Grimm's est une magnifique collection de petites maisons-jouets en bois durable et fabriqu\u00e9es \u00e0 la main.\",\"breadcrumb\":{\"@id\":\"https:\/\/teiaeducation.ch\/fr\/produit\/15-maisons-arc-en-ciel-grimms\/#breadcrumb\"},\"inLanguage\":\"fr-FR\",\"potentialAction\":[{\"@type\":\"ReadAction\",\"target\":[\"https:\/\/teiaeducation.ch\/fr\/produit\/15-maisons-arc-en-ciel-grimms\/\"]}]},{\"@type\":\"ImageObject\",\"inLanguage\":\"fr-FR\",\"@id\":\"https:\/\/teiaeducation.ch\/fr\/produit\/15-maisons-arc-en-ciel-grimms\/#primaryimage\",\"url\":\"https:\/\/teiaeducation.ch\/wp-content\/uploads\/2020\/11\/Houses-Grimms.jpg\",\"contentUrl\":\"https:\/\/teiaeducation.ch\/wp-content\/uploads\/2020\/11\/Houses-Grimms.jpg\",\"width\":800,\"height\":520,\"caption\":\"Maisons de jouets en bois durables fabriqu\u00e9es \u00e0 la main - Grimm's\"},{\"@type\":\"BreadcrumbList\",\"@id\":\"https:\/\/teiaeducation.ch\/fr\/produit\/15-maisons-arc-en-ciel-grimms\/#breadcrumb\",\"itemListElement\":[{\"@type\":\"ListItem\",\"position\":1,\"name\":\"Home\",\"item\":\"https:\/\/teiaeducation.ch\/fr\/\"},{\"@type\":\"ListItem\",\"position\":2,\"name\":\"Boutique Teia Education &amp; Play\",\"item\":\"https:\/\/teiaeducation.ch\/fr\/boutique\/\"},{\"@type\":\"ListItem\",\"position\":3,\"name\":\"Nos Marques\",\"item\":\"https:\/\/teiaeducation.ch\/fr\/categorie-produit\/marques\/\"},{\"@type\":\"ListItem\",\"position\":4,\"name\":\"Grimm's\",\"item\":\"https:\/\/teiaeducation.ch\/fr\/categorie-produit\/marques\/grimms-fr\/\"},{\"@type\":\"ListItem\",\"position\":5,\"name\":\"Maisons arc-en-ciel &#8211; Grimm&#8217;s\"}]},{\"@type\":\"WebSite\",\"@id\":\"https:\/\/teiaeducation.ch\/fr\/#website\",\"url\":\"https:\/\/teiaeducation.ch\/fr\/\",\"name\":\"Sustainable Educational Products &amp; Ecological Toys\u00a0\",\"description\":\"Specialised Swiss shop selling sustainable educational toys and games, AMI certified Montessori materials, handmade ecological wooden Waldorf toys and arts &amp; crafts supplies, school supplies, children&#039;s furniture and Montessori reference and parenting books.\",\"publisher\":{\"@id\":\"https:\/\/teiaeducation.ch\/fr\/#organization\"},\"alternateName\":\"Teia Education & Play\",\"potentialAction\":[{\"@type\":\"SearchAction\",\"target\":{\"@type\":\"EntryPoint\",\"urlTemplate\":\"https:\/\/teiaeducation.ch\/fr\/?s={search_term_string}\"},\"query-input\":{\"@type\":\"PropertyValueSpecification\",\"valueRequired\":true,\"valueName\":\"search_term_string\"}}],\"inLanguage\":\"fr-FR\"},{\"@type\":\"Organization\",\"@id\":\"https:\/\/teiaeducation.ch\/fr\/#organization\",\"name\":\"Teia Education & Play\",\"url\":\"https:\/\/teiaeducation.ch\/fr\/\",\"logo\":{\"@type\":\"ImageObject\",\"inLanguage\":\"fr-FR\",\"@id\":\"https:\/\/teiaeducation.ch\/fr\/#\/schema\/logo\/image\/\",\"url\":\"https:\/\/teiaeducation.ch\/wp-content\/uploads\/2020\/11\/Teia-Education-Switzerland-e1620156442216.jpg\",\"contentUrl\":\"https:\/\/teiaeducation.ch\/wp-content\/uploads\/2020\/11\/Teia-Education-Switzerland-e1620156442216.jpg\",\"width\":166,\"height\":145,\"caption\":\"Teia Education & Play\"},\"image\":{\"@id\":\"https:\/\/teiaeducation.ch\/fr\/#\/schema\/logo\/image\/\"},\"sameAs\":[\"https:\/\/www.facebook.com\/teiaeducation\/\",\"https:\/\/x.com\/EducationTeia\",\"https:\/\/www.instagram.com\/teia.education\/\",\"https:\/\/www.linkedin.com\/company\/35501660\",\"https:\/\/www.pinterest.ch\/TeiaEducation\/\"]}]}<\/script>\n<!-- \/ Yoast SEO plugin. -->","yoast_head_json":{"title":"Maisons arc-en-ciel - Grimm's - Teia Education & Play","description":"Les 15 maisons arc-en-ciel de Grimm's est une magnifique collection de petites maisons-jouets en bois durable et fabriqu\u00e9es \u00e0 la main.","robots":{"index":"index","follow":"follow","max-snippet":"max-snippet:-1","max-image-preview":"max-image-preview:large","max-video-preview":"max-video-preview:-1"},"canonical":"https:\/\/teiaeducation.ch\/fr\/produit\/15-maisons-arc-en-ciel-grimms\/","og_locale":"fr_FR","og_type":"article","og_title":"Maisons arc-en-ciel - Grimm's - Teia Education & Play","og_description":"Les 15 maisons arc-en-ciel de Grimm's est une magnifique collection de petites maisons-jouets en bois durable et fabriqu\u00e9es \u00e0 la main.","og_url":"https:\/\/teiaeducation.ch\/fr\/produit\/15-maisons-arc-en-ciel-grimms\/","og_site_name":"Sustainable Educational Products &amp; Ecological Toys\u00a0","article_publisher":"https:\/\/www.facebook.com\/teiaeducation\/","article_modified_time":"2023-06-22T07:50:32+00:00","og_image":[{"width":800,"height":520,"url":"https:\/\/teiaeducation.ch\/wp-content\/uploads\/2020\/11\/Houses-Grimms.jpg","type":"image\/jpeg"}],"schema":{"@context":"https:\/\/schema.org","@graph":[{"@type":"WebPage","@id":"https:\/\/teiaeducation.ch\/fr\/produit\/15-maisons-arc-en-ciel-grimms\/","url":"https:\/\/teiaeducation.ch\/fr\/produit\/15-maisons-arc-en-ciel-grimms\/","name":"Maisons arc-en-ciel - Grimm's - Teia Education & Play","isPartOf":{"@id":"https:\/\/teiaeducation.ch\/fr\/#website"},"primaryImageOfPage":{"@id":"https:\/\/teiaeducation.ch\/fr\/produit\/15-maisons-arc-en-ciel-grimms\/#primaryimage"},"image":{"@id":"https:\/\/teiaeducation.ch\/fr\/produit\/15-maisons-arc-en-ciel-grimms\/#primaryimage"},"thumbnailUrl":"https:\/\/teiaeducation.ch\/wp-content\/uploads\/2020\/11\/Houses-Grimms.jpg","datePublished":"2020-12-05T13:33:54+00:00","dateModified":"2023-06-22T07:50:32+00:00","description":"Les 15 maisons arc-en-ciel de Grimm's est une magnifique collection de petites maisons-jouets en bois durable et fabriqu\u00e9es \u00e0 la main.","breadcrumb":{"@id":"https:\/\/teiaeducation.ch\/fr\/produit\/15-maisons-arc-en-ciel-grimms\/#breadcrumb"},"inLanguage":"fr-FR","potentialAction":[{"@type":"ReadAction","target":["https:\/\/teiaeducation.ch\/fr\/produit\/15-maisons-arc-en-ciel-grimms\/"]}]},{"@type":"ImageObject","inLanguage":"fr-FR","@id":"https:\/\/teiaeducation.ch\/fr\/produit\/15-maisons-arc-en-ciel-grimms\/#primaryimage","url":"https:\/\/teiaeducation.ch\/wp-content\/uploads\/2020\/11\/Houses-Grimms.jpg","contentUrl":"https:\/\/teiaeducation.ch\/wp-content\/uploads\/2020\/11\/Houses-Grimms.jpg","width":800,"height":520,"caption":"Maisons de jouets en bois durables fabriqu\u00e9es \u00e0 la main - Grimm's"},{"@type":"BreadcrumbList","@id":"https:\/\/teiaeducation.ch\/fr\/produit\/15-maisons-arc-en-ciel-grimms\/#breadcrumb","itemListElement":[{"@type":"ListItem","position":1,"name":"Home","item":"https:\/\/teiaeducation.ch\/fr\/"},{"@type":"ListItem","position":2,"name":"Boutique Teia Education &amp; Play","item":"https:\/\/teiaeducation.ch\/fr\/boutique\/"},{"@type":"ListItem","position":3,"name":"Nos Marques","item":"https:\/\/teiaeducation.ch\/fr\/categorie-produit\/marques\/"},{"@type":"ListItem","position":4,"name":"Grimm's","item":"https:\/\/teiaeducation.ch\/fr\/categorie-produit\/marques\/grimms-fr\/"},{"@type":"ListItem","position":5,"name":"Maisons arc-en-ciel &#8211; Grimm&#8217;s"}]},{"@type":"WebSite","@id":"https:\/\/teiaeducation.ch\/fr\/#website","url":"https:\/\/teiaeducation.ch\/fr\/","name":"Sustainable Educational Products &amp; Ecological Toys\u00a0","description":"Specialised Swiss shop selling sustainable educational toys and games, AMI certified Montessori materials, handmade ecological wooden Waldorf toys and arts &amp; crafts supplies, school supplies, children&#039;s furniture and Montessori reference and parenting books.","publisher":{"@id":"https:\/\/teiaeducation.ch\/fr\/#organization"},"alternateName":"Teia Education & Play","potentialAction":[{"@type":"SearchAction","target":{"@type":"EntryPoint","urlTemplate":"https:\/\/teiaeducation.ch\/fr\/?s={search_term_string}"},"query-input":{"@type":"PropertyValueSpecification","valueRequired":true,"valueName":"search_term_string"}}],"inLanguage":"fr-FR"},{"@type":"Organization","@id":"https:\/\/teiaeducation.ch\/fr\/#organization","name":"Teia Education & Play","url":"https:\/\/teiaeducation.ch\/fr\/","logo":{"@type":"ImageObject","inLanguage":"fr-FR","@id":"https:\/\/teiaeducation.ch\/fr\/#\/schema\/logo\/image\/","url":"https:\/\/teiaeducation.ch\/wp-content\/uploads\/2020\/11\/Teia-Education-Switzerland-e1620156442216.jpg","contentUrl":"https:\/\/teiaeducation.ch\/wp-content\/uploads\/2020\/11\/Teia-Education-Switzerland-e1620156442216.jpg","width":166,"height":145,"caption":"Teia Education & Play"},"image":{"@id":"https:\/\/teiaeducation.ch\/fr\/#\/schema\/logo\/image\/"},"sameAs":["https:\/\/www.facebook.com\/teiaeducation\/","https:\/\/x.com\/EducationTeia","https:\/\/www.instagram.com\/teia.education\/","https:\/\/www.linkedin.com\/company\/35501660","https:\/\/www.pinterest.ch\/TeiaEducation\/"]}]}},"_links":{"self":[{"href":"https:\/\/teiaeducation.ch\/fr\/wp-json\/wp\/v2\/product\/36327","targetHints":{"allow":["GET"]}}],"collection":[{"href":"https:\/\/teiaeducation.ch\/fr\/wp-json\/wp\/v2\/product"}],"about":[{"href":"https:\/\/teiaeducation.ch\/fr\/wp-json\/wp\/v2\/types\/product"}],"replies":[{"embeddable":true,"href":"https:\/\/teiaeducation.ch\/fr\/wp-json\/wp\/v2\/comments?post=36327"}],"wp:featuredmedia":[{"embeddable":true,"href":"https:\/\/teiaeducation.ch\/fr\/wp-json\/wp\/v2\/media\/32273"}],"wp:attachment":[{"href":"https:\/\/teiaeducation.ch\/fr\/wp-json\/wp\/v2\/media?parent=36327"}],"wp:term":[{"taxonomy":"product_brand","embeddable":true,"href":"https:\/\/teiaeducation.ch\/fr\/wp-json\/wp\/v2\/product_brand?post=36327"},{"taxonomy":"product_cat","embeddable":true,"href":"https:\/\/teiaeducation.ch\/fr\/wp-json\/wp\/v2\/product_cat?post=36327"},{"taxonomy":"product_tag","embeddable":true,"href":"https:\/\/teiaeducation.ch\/fr\/wp-json\/wp\/v2\/product_tag?post=36327"}],"curies":[{"name":"wp","href":"https:\/\/api.w.org\/{rel}","templated":true}]}}