{"id":36328,"date":"2020-12-05T14:20:07","date_gmt":"2020-12-05T13:20:07","guid":{"rendered":"https:\/\/teiaeducation.ch\/product\/jeu-de-tapis-colore-grimms\/"},"modified":"2021-10-19T08:38:17","modified_gmt":"2021-10-19T06:38:17","slug":"plaques-carrees-en-bois-colore-grimms","status":"publish","type":"product","link":"https:\/\/teiaeducation.ch\/fr\/produit\/plaques-carrees-en-bois-colore-grimms\/","title":{"rendered":"Plaques carr\u00e9es en bois color\u00e9 &#8211; Grimm&#8217;s"},"content":{"rendered":"<p>Plaques carr\u00e9es en bois color\u00e9 arc-en-ciel &#8211; Grimm&#8217;s<\/p>\n<p>Les plaques carr\u00e9es en bois color\u00e9 de Grimm&#8217;s est un joli ensemble de 40 carr\u00e9s en bois durable fabriqu\u00e9s \u00e0 la main et pr\u00e9sent\u00e9s dans une bo\u00eete en bois. C&#8217;est un excellent jouet pour la construction, les jeux de correspondance des <a href=\"https:\/\/teiaeducation.ch\/fr\/categorie-produit\/domaines-du-curriculum\/sensorielles-motrices\/apprendre-les-couleurs\/\">couleurs<\/a> et l&#8217;\u00e9tude de l&#8217;harmonie des couleurs.<\/p>\n<p>Compos\u00e9s de 20 paires de couleurs vives, les carr\u00e9es sont un mat\u00e9riau merveilleux pour les jeux de construction. Construisez des structures et des sculptures de type ch\u00e2teau de cartes plus facilement gr\u00e2ce \u00e0 la surface l\u00e9g\u00e8rement rugueuse. Ils constituent \u00e9galement un excellent compl\u00e9ment aux jeux de blocs de construction en tant que plateformes, planchers, balcons, escaliers et rampes dans un arc-en-ciel de couleurs \u00e9tonnant.<\/p>\n<p>Le jeu de plaques carr\u00e9es en bois color\u00e9 de Grimm&#8217;s est fini dans de magnifiques tons arc-en-ciel avec une teinture non toxique \u00e0 base d&#8217;eau, ce qui le rend s\u00fbr pour les enfants. Chaque carr\u00e9 mesure 9 x 9 cm et la bo\u00eete de rangement en bois mesure 15 cm de long.<\/p>\n<p>Id\u00e9al pour jouer \u00e0 la maison, \u00e0 la cr\u00e8che, \u00e0 Waldorf ou \u00e0 l\u2019\u00e9cole Steiner, les beaux jouets en bois naturel de Grimm&#8217;s sont fabriqu\u00e9s selon la philosophie Waldorf qui est bien connue pour encourager les enfants \u00e0 d\u00e9couvrir le jeu cr\u00e9atif de mani\u00e8re ind\u00e9pendante, sans limitations et \u00e0 un rythme effr\u00e9n\u00e9. Les jouets en bois de Grimm&#8217;s sont color\u00e9s \u00e0 la main avec des peintures \u00e0 base d\u2019eau non toxiques et ne sont pas finis avec de la laque pour assurer les caract\u00e9ristiques originales du bois et pour qu&#8217;on puisse voir le grain \u00e0 travers. La surface des jouets fabriqu\u00e9s \u00e0 partir de bois europ\u00e9ens certifi\u00e9 FSC est laiss\u00e9e l\u00e9g\u00e8rement rugueuse, ce qui les rend plus facilement empilables et moins glissants.<\/p>\n<p>Les jouets en bois de Grimm&#8217;s sont fabriqu\u00e9s dans les manufacture de Grimm&#8217;s en Allemagne ainsi que dans plusieurs ateliers \u00e0 travers l\u2019Europe \u00e0 partir de diff\u00e9rents types de bois tels que l\u2019aulne, la chaux, le h\u00eatre et l\u2019\u00e9rable. Tout le bois utilis\u00e9 pour fabriquer les jouets de Grimm&#8217;s provient de for\u00eats europ\u00e9ennes g\u00e9r\u00e9es de mani\u00e8re durable.<\/p>\n<p>Veuillez noter que les jouets de Grimm&#8217;s sont toujours uniques, et portent des marques uniques faites par la nature. Le grain du bois a des structures et des couleurs changeantes qui servent de preuve de ses origines naturelles. Les variations uniques, les marques, les noeuds, les motifs, les rayures noires ou les taches sombres qui peuvent \u00eatre visibles dans le bois des jouets de Grimm&#8217;s sont une preuve de qualit\u00e9, et non des d\u00e9fauts.<\/p>\n<p>Les plaques carr\u00e9es en bois color\u00e9 de Grimm&#8217;s convient aux enfants \u00e2g\u00e9s de 3 ans et plus.<\/p>\n<p>Contenu :<\/p>\n<p>40 carr\u00e9es en bois<br \/>\nUne bo\u00eete en bois pour le rangement<\/p>\n","protected":false},"excerpt":{"rendered":"<p>Num\u00e9ro d&#8217;article: gri40360<\/p>\n<p>40 plaques carr\u00e9es en bois color\u00e9 arc-en-ciel de Grimm&#8217;s pour les jeux de correspondance des couleurs et l&#8217;\u00e9tude de l&#8217;harmonie des couleurs.<\/p>\n","protected":false},"featured_media":31217,"comment_status":"open","ping_status":"closed","template":"","meta":[],"product_brand":[],"product_cat":[215,216,633,13150,635,24872,283,17212,17239,13130,626,23020,23021,13140,7595,217,5851,209,212,1219],"product_tag":[17337,17463,17944,8625,17334,17332,17335,19515,17462,17331,19514,19512,19516,19513,17336,19517],"class_list":{"0":"post-36328","1":"product","2":"type-product","3":"status-publish","4":"has-post-thumbnail","6":"product_cat-3-6-ans","7":"product_cat-6-12-ans","8":"product_cat-apprendre-les-couleurs","9":"product_cat-blocs-de-construction-en-bois","10":"product_cat-competences-motrices","11":"product_cat-construction-mondes-arc-en-ciel","12":"product_cat-domaines-du-curriculum","13":"product_cat-grimms-fr","14":"product_cat-guide-cadeaux-educatifs","15":"product_cat-jouer","16":"product_cat-jouets-a-trier","17":"product_cat-jouets-en-bois","18":"product_cat-jouets-waldorf","19":"product_cat-jeu-libre","20":"product_cat-methode-deducation","21":"product_cat-marques","22":"product_cat-nouveautes","23":"product_cat-sensorielles-motrices","24":"product_cat-tranche-dage","25":"product_cat-waldorf-fr","26":"product_tag-arc-en-ciel-colore-en-bois-fait-main","27":"product_tag-assortiment-de-blocs-de-construction-en-bois-de-grimm","28":"product_tag-blocs-de-bois-arc-en-ciel-de-grimm","29":"product_tag-fabrique-en-allemagne","30":"product_tag-grimm-suisse-fr","31":"product_tag-grimm-suisse","32":"product_tag-grimme-suisse","33":"product_tag-jeu-de-construction-arc-en-ciel-de-grimms","34":"product_tag-jeux-libres-en-bois","35":"product_tag-jouets-en-bois-waldorf","36":"product_tag-la-correspondance-des-couleurs-de-grimms","37":"product_tag-le-jeu-de-tapis-colore-de-grimms","38":"product_tag-les-carres-de-construction-de-grimms","39":"product_tag-les-carres-de-grimms","40":"product_tag-magasin-de-jouets-en-bois-grimm","41":"product_tag-tapis-de-bois-de-grimms","43":"first","44":"outofstock","45":"taxable","46":"shipping-taxable","47":"purchasable","48":"product-type-simple"},"yoast_head":"<!-- This site is optimized with the Yoast SEO plugin v27.1.1 - https:\/\/yoast.com\/product\/yoast-seo-wordpress\/ -->\n<title>Plaques carr\u00e9es en bois color\u00e9 - Grimm&#039;s - Teia Education &amp; Play<\/title>\n<meta name=\"description\" content=\"40 plaques carr\u00e9es en bois color\u00e9 arc-en-ciel de Grimm&#039;s pour les jeux de correspondance des couleurs et l&#039;\u00e9tude de l&#039;harmonie des couleurs.\" \/>\n<meta name=\"robots\" content=\"index, follow, max-snippet:-1, max-image-preview:large, max-video-preview:-1\" \/>\n<link rel=\"canonical\" href=\"https:\/\/teiaeducation.ch\/fr\/produit\/plaques-carrees-en-bois-colore-grimms\/\" \/>\n<meta property=\"og:locale\" content=\"fr_FR\" \/>\n<meta property=\"og:type\" content=\"article\" \/>\n<meta property=\"og:title\" content=\"Plaques carr\u00e9es en bois color\u00e9 - Grimm&#039;s - Teia Education &amp; Play\" \/>\n<meta property=\"og:description\" content=\"40 plaques carr\u00e9es en bois color\u00e9 arc-en-ciel de Grimm&#039;s pour les jeux de correspondance des couleurs et l&#039;\u00e9tude de l&#039;harmonie des couleurs.\" \/>\n<meta property=\"og:url\" content=\"https:\/\/teiaeducation.ch\/fr\/produit\/plaques-carrees-en-bois-colore-grimms\/\" \/>\n<meta property=\"og:site_name\" content=\"Sustainable Educational Products &amp; Ecological Toys\u00a0\" \/>\n<meta property=\"article:publisher\" content=\"https:\/\/www.facebook.com\/teiaeducation\/\" \/>\n<meta property=\"article:modified_time\" content=\"2021-10-19T06:38:17+00:00\" \/>\n<meta property=\"og:image\" content=\"https:\/\/teiaeducation.ch\/wp-content\/uploads\/2020\/10\/Colourful-mat-game-Grimms2.jpg\" \/>\n\t<meta property=\"og:image:width\" content=\"900\" \/>\n\t<meta property=\"og:image:height\" content=\"900\" \/>\n\t<meta property=\"og:image:type\" content=\"image\/jpeg\" \/>\n<script type=\"application\/ld+json\" class=\"yoast-schema-graph\">{\"@context\":\"https:\/\/schema.org\",\"@graph\":[{\"@type\":\"WebPage\",\"@id\":\"https:\/\/teiaeducation.ch\/fr\/produit\/plaques-carrees-en-bois-colore-grimms\/\",\"url\":\"https:\/\/teiaeducation.ch\/fr\/produit\/plaques-carrees-en-bois-colore-grimms\/\",\"name\":\"Plaques carr\u00e9es en bois color\u00e9 - Grimm's - Teia Education & Play\",\"isPartOf\":{\"@id\":\"https:\/\/teiaeducation.ch\/fr\/#website\"},\"primaryImageOfPage\":{\"@id\":\"https:\/\/teiaeducation.ch\/fr\/produit\/plaques-carrees-en-bois-colore-grimms\/#primaryimage\"},\"image\":{\"@id\":\"https:\/\/teiaeducation.ch\/fr\/produit\/plaques-carrees-en-bois-colore-grimms\/#primaryimage\"},\"thumbnailUrl\":\"https:\/\/teiaeducation.ch\/wp-content\/uploads\/2020\/10\/Colourful-mat-game-Grimms2.jpg\",\"datePublished\":\"2020-12-05T13:20:07+00:00\",\"dateModified\":\"2021-10-19T06:38:17+00:00\",\"description\":\"40 plaques carr\u00e9es en bois color\u00e9 arc-en-ciel de Grimm's pour les jeux de correspondance des couleurs et l'\u00e9tude de l'harmonie des couleurs.\",\"breadcrumb\":{\"@id\":\"https:\/\/teiaeducation.ch\/fr\/produit\/plaques-carrees-en-bois-colore-grimms\/#breadcrumb\"},\"inLanguage\":\"fr-FR\",\"potentialAction\":[{\"@type\":\"ReadAction\",\"target\":[\"https:\/\/teiaeducation.ch\/fr\/produit\/plaques-carrees-en-bois-colore-grimms\/\"]}]},{\"@type\":\"ImageObject\",\"inLanguage\":\"fr-FR\",\"@id\":\"https:\/\/teiaeducation.ch\/fr\/produit\/plaques-carrees-en-bois-colore-grimms\/#primaryimage\",\"url\":\"https:\/\/teiaeducation.ch\/wp-content\/uploads\/2020\/10\/Colourful-mat-game-Grimms2.jpg\",\"contentUrl\":\"https:\/\/teiaeducation.ch\/wp-content\/uploads\/2020\/10\/Colourful-mat-game-Grimms2.jpg\",\"width\":900,\"height\":900,\"caption\":\"Carr\u00e9s de jouets en bois durables faits main Jeu de tapis color\u00e9 - Grimm's\"},{\"@type\":\"BreadcrumbList\",\"@id\":\"https:\/\/teiaeducation.ch\/fr\/produit\/plaques-carrees-en-bois-colore-grimms\/#breadcrumb\",\"itemListElement\":[{\"@type\":\"ListItem\",\"position\":1,\"name\":\"Home\",\"item\":\"https:\/\/teiaeducation.ch\/fr\/\"},{\"@type\":\"ListItem\",\"position\":2,\"name\":\"Boutique Teia Education &amp; Play\",\"item\":\"https:\/\/teiaeducation.ch\/fr\/boutique\/\"},{\"@type\":\"ListItem\",\"position\":3,\"name\":\"Nos Marques\",\"item\":\"https:\/\/teiaeducation.ch\/fr\/categorie-produit\/marques\/\"},{\"@type\":\"ListItem\",\"position\":4,\"name\":\"Grimm's\",\"item\":\"https:\/\/teiaeducation.ch\/fr\/categorie-produit\/marques\/grimms-fr\/\"},{\"@type\":\"ListItem\",\"position\":5,\"name\":\"Plaques carr\u00e9es en bois color\u00e9 &#8211; Grimm&#8217;s\"}]},{\"@type\":\"WebSite\",\"@id\":\"https:\/\/teiaeducation.ch\/fr\/#website\",\"url\":\"https:\/\/teiaeducation.ch\/fr\/\",\"name\":\"Sustainable Educational Products &amp; Ecological Toys\u00a0\",\"description\":\"Specialised Swiss shop selling sustainable educational toys and games, AMI certified Montessori materials, handmade ecological wooden Waldorf toys and arts &amp; crafts supplies, school supplies, children&#039;s furniture and Montessori reference and parenting books.\",\"publisher\":{\"@id\":\"https:\/\/teiaeducation.ch\/fr\/#organization\"},\"alternateName\":\"Teia Education & Play\",\"potentialAction\":[{\"@type\":\"SearchAction\",\"target\":{\"@type\":\"EntryPoint\",\"urlTemplate\":\"https:\/\/teiaeducation.ch\/fr\/?s={search_term_string}\"},\"query-input\":{\"@type\":\"PropertyValueSpecification\",\"valueRequired\":true,\"valueName\":\"search_term_string\"}}],\"inLanguage\":\"fr-FR\"},{\"@type\":\"Organization\",\"@id\":\"https:\/\/teiaeducation.ch\/fr\/#organization\",\"name\":\"Teia Education & Play\",\"url\":\"https:\/\/teiaeducation.ch\/fr\/\",\"logo\":{\"@type\":\"ImageObject\",\"inLanguage\":\"fr-FR\",\"@id\":\"https:\/\/teiaeducation.ch\/fr\/#\/schema\/logo\/image\/\",\"url\":\"https:\/\/teiaeducation.ch\/wp-content\/uploads\/2020\/11\/Teia-Education-Switzerland-e1620156442216.jpg\",\"contentUrl\":\"https:\/\/teiaeducation.ch\/wp-content\/uploads\/2020\/11\/Teia-Education-Switzerland-e1620156442216.jpg\",\"width\":166,\"height\":145,\"caption\":\"Teia Education & Play\"},\"image\":{\"@id\":\"https:\/\/teiaeducation.ch\/fr\/#\/schema\/logo\/image\/\"},\"sameAs\":[\"https:\/\/www.facebook.com\/teiaeducation\/\",\"https:\/\/x.com\/EducationTeia\",\"https:\/\/www.instagram.com\/teia.education\/\",\"https:\/\/www.linkedin.com\/company\/35501660\",\"https:\/\/www.pinterest.ch\/TeiaEducation\/\"]}]}<\/script>\n<!-- \/ Yoast SEO plugin. -->","yoast_head_json":{"title":"Plaques carr\u00e9es en bois color\u00e9 - Grimm's - Teia Education & Play","description":"40 plaques carr\u00e9es en bois color\u00e9 arc-en-ciel de Grimm's pour les jeux de correspondance des couleurs et l'\u00e9tude de l'harmonie des couleurs.","robots":{"index":"index","follow":"follow","max-snippet":"max-snippet:-1","max-image-preview":"max-image-preview:large","max-video-preview":"max-video-preview:-1"},"canonical":"https:\/\/teiaeducation.ch\/fr\/produit\/plaques-carrees-en-bois-colore-grimms\/","og_locale":"fr_FR","og_type":"article","og_title":"Plaques carr\u00e9es en bois color\u00e9 - Grimm's - Teia Education & Play","og_description":"40 plaques carr\u00e9es en bois color\u00e9 arc-en-ciel de Grimm's pour les jeux de correspondance des couleurs et l'\u00e9tude de l'harmonie des couleurs.","og_url":"https:\/\/teiaeducation.ch\/fr\/produit\/plaques-carrees-en-bois-colore-grimms\/","og_site_name":"Sustainable Educational Products &amp; Ecological Toys\u00a0","article_publisher":"https:\/\/www.facebook.com\/teiaeducation\/","article_modified_time":"2021-10-19T06:38:17+00:00","og_image":[{"width":900,"height":900,"url":"https:\/\/teiaeducation.ch\/wp-content\/uploads\/2020\/10\/Colourful-mat-game-Grimms2.jpg","type":"image\/jpeg"}],"schema":{"@context":"https:\/\/schema.org","@graph":[{"@type":"WebPage","@id":"https:\/\/teiaeducation.ch\/fr\/produit\/plaques-carrees-en-bois-colore-grimms\/","url":"https:\/\/teiaeducation.ch\/fr\/produit\/plaques-carrees-en-bois-colore-grimms\/","name":"Plaques carr\u00e9es en bois color\u00e9 - Grimm's - Teia Education & Play","isPartOf":{"@id":"https:\/\/teiaeducation.ch\/fr\/#website"},"primaryImageOfPage":{"@id":"https:\/\/teiaeducation.ch\/fr\/produit\/plaques-carrees-en-bois-colore-grimms\/#primaryimage"},"image":{"@id":"https:\/\/teiaeducation.ch\/fr\/produit\/plaques-carrees-en-bois-colore-grimms\/#primaryimage"},"thumbnailUrl":"https:\/\/teiaeducation.ch\/wp-content\/uploads\/2020\/10\/Colourful-mat-game-Grimms2.jpg","datePublished":"2020-12-05T13:20:07+00:00","dateModified":"2021-10-19T06:38:17+00:00","description":"40 plaques carr\u00e9es en bois color\u00e9 arc-en-ciel de Grimm's pour les jeux de correspondance des couleurs et l'\u00e9tude de l'harmonie des couleurs.","breadcrumb":{"@id":"https:\/\/teiaeducation.ch\/fr\/produit\/plaques-carrees-en-bois-colore-grimms\/#breadcrumb"},"inLanguage":"fr-FR","potentialAction":[{"@type":"ReadAction","target":["https:\/\/teiaeducation.ch\/fr\/produit\/plaques-carrees-en-bois-colore-grimms\/"]}]},{"@type":"ImageObject","inLanguage":"fr-FR","@id":"https:\/\/teiaeducation.ch\/fr\/produit\/plaques-carrees-en-bois-colore-grimms\/#primaryimage","url":"https:\/\/teiaeducation.ch\/wp-content\/uploads\/2020\/10\/Colourful-mat-game-Grimms2.jpg","contentUrl":"https:\/\/teiaeducation.ch\/wp-content\/uploads\/2020\/10\/Colourful-mat-game-Grimms2.jpg","width":900,"height":900,"caption":"Carr\u00e9s de jouets en bois durables faits main Jeu de tapis color\u00e9 - Grimm's"},{"@type":"BreadcrumbList","@id":"https:\/\/teiaeducation.ch\/fr\/produit\/plaques-carrees-en-bois-colore-grimms\/#breadcrumb","itemListElement":[{"@type":"ListItem","position":1,"name":"Home","item":"https:\/\/teiaeducation.ch\/fr\/"},{"@type":"ListItem","position":2,"name":"Boutique Teia Education &amp; Play","item":"https:\/\/teiaeducation.ch\/fr\/boutique\/"},{"@type":"ListItem","position":3,"name":"Nos Marques","item":"https:\/\/teiaeducation.ch\/fr\/categorie-produit\/marques\/"},{"@type":"ListItem","position":4,"name":"Grimm's","item":"https:\/\/teiaeducation.ch\/fr\/categorie-produit\/marques\/grimms-fr\/"},{"@type":"ListItem","position":5,"name":"Plaques carr\u00e9es en bois color\u00e9 &#8211; Grimm&#8217;s"}]},{"@type":"WebSite","@id":"https:\/\/teiaeducation.ch\/fr\/#website","url":"https:\/\/teiaeducation.ch\/fr\/","name":"Sustainable Educational Products &amp; Ecological Toys\u00a0","description":"Specialised Swiss shop selling sustainable educational toys and games, AMI certified Montessori materials, handmade ecological wooden Waldorf toys and arts &amp; crafts supplies, school supplies, children&#039;s furniture and Montessori reference and parenting books.","publisher":{"@id":"https:\/\/teiaeducation.ch\/fr\/#organization"},"alternateName":"Teia Education & Play","potentialAction":[{"@type":"SearchAction","target":{"@type":"EntryPoint","urlTemplate":"https:\/\/teiaeducation.ch\/fr\/?s={search_term_string}"},"query-input":{"@type":"PropertyValueSpecification","valueRequired":true,"valueName":"search_term_string"}}],"inLanguage":"fr-FR"},{"@type":"Organization","@id":"https:\/\/teiaeducation.ch\/fr\/#organization","name":"Teia Education & Play","url":"https:\/\/teiaeducation.ch\/fr\/","logo":{"@type":"ImageObject","inLanguage":"fr-FR","@id":"https:\/\/teiaeducation.ch\/fr\/#\/schema\/logo\/image\/","url":"https:\/\/teiaeducation.ch\/wp-content\/uploads\/2020\/11\/Teia-Education-Switzerland-e1620156442216.jpg","contentUrl":"https:\/\/teiaeducation.ch\/wp-content\/uploads\/2020\/11\/Teia-Education-Switzerland-e1620156442216.jpg","width":166,"height":145,"caption":"Teia Education & Play"},"image":{"@id":"https:\/\/teiaeducation.ch\/fr\/#\/schema\/logo\/image\/"},"sameAs":["https:\/\/www.facebook.com\/teiaeducation\/","https:\/\/x.com\/EducationTeia","https:\/\/www.instagram.com\/teia.education\/","https:\/\/www.linkedin.com\/company\/35501660","https:\/\/www.pinterest.ch\/TeiaEducation\/"]}]}},"_links":{"self":[{"href":"https:\/\/teiaeducation.ch\/fr\/wp-json\/wp\/v2\/product\/36328","targetHints":{"allow":["GET"]}}],"collection":[{"href":"https:\/\/teiaeducation.ch\/fr\/wp-json\/wp\/v2\/product"}],"about":[{"href":"https:\/\/teiaeducation.ch\/fr\/wp-json\/wp\/v2\/types\/product"}],"replies":[{"embeddable":true,"href":"https:\/\/teiaeducation.ch\/fr\/wp-json\/wp\/v2\/comments?post=36328"}],"wp:featuredmedia":[{"embeddable":true,"href":"https:\/\/teiaeducation.ch\/fr\/wp-json\/wp\/v2\/media\/31217"}],"wp:attachment":[{"href":"https:\/\/teiaeducation.ch\/fr\/wp-json\/wp\/v2\/media?parent=36328"}],"wp:term":[{"taxonomy":"product_brand","embeddable":true,"href":"https:\/\/teiaeducation.ch\/fr\/wp-json\/wp\/v2\/product_brand?post=36328"},{"taxonomy":"product_cat","embeddable":true,"href":"https:\/\/teiaeducation.ch\/fr\/wp-json\/wp\/v2\/product_cat?post=36328"},{"taxonomy":"product_tag","embeddable":true,"href":"https:\/\/teiaeducation.ch\/fr\/wp-json\/wp\/v2\/product_tag?post=36328"}],"curies":[{"name":"wp","href":"https:\/\/api.w.org\/{rel}","templated":true}]}}