{"id":36330,"date":"2020-12-05T13:43:20","date_gmt":"2020-12-05T12:43:20","guid":{"rendered":"https:\/\/teiaeducation.ch\/product\/vagues-deau-grimms\/"},"modified":"2025-09-15T09:44:19","modified_gmt":"2025-09-15T07:44:19","slug":"vagues-deau-grimms","status":"publish","type":"product","link":"https:\/\/teiaeducation.ch\/fr\/produit\/vagues-deau-grimms\/","title":{"rendered":"Vagues d&#8217;eau &#8211; Grimm&#8217;s"},"content":{"rendered":"<p>Vagues d&#8217;eau \/ Jeu de blocs \u00e0 empiler en bois durable fait main &#8211; Grimm&#8217;s<\/p>\n<p>Le jouet en bois &#8220;vagues d&#8217;eau&#8221; de Grimm&#8217;s est un merveilleux jeu de blocs\u00a0de construction en bois durable d&#8217;inspiration Waldorf, fabriqu\u00e9 \u00e0 la main. Ce jeu de blocs de construction fantaisiste pr\u00e9sente de magnifiques formes et couleurs organiques de l&#8217;\u00e9l\u00e9ment eau.<\/p>\n<p>Six formes organiques en bois s&#8217;empilent joliment les unes sur les autres dans les d\u00e9licieux bleus et verts de l&#8217;oc\u00e9an. Ce beau jouet d\u2019inspiration <a href=\"https:\/\/teiaeducation.ch\/fr\/categorie-produit\/methode-deducation\/waldorf-fr\/\">Waldorf<\/a> est id\u00e9al pour les tout-petits et les jeunes enfants comme blocs de construction, puzzle cr\u00e9atif, jouet d&#8217;empilage et d&#8217;embo\u00eetage, ou comme d\u00e9coration sur une table. Il inspirera le jeu imaginatif sans fin dans un petit monde en tant que tunnels, cl\u00f4tures, routes, ponts, cavernes ou logements pour les f\u00e9es, les nains ou les poup\u00e9es.<\/p>\n<p>Le jeu de blocs de construction Grimm&#8217;s vagues est fabriqu\u00e9 en bois de tilleul et mesure 22 cm de long. Il est peint \u00e0 la main dans de belles couleurs vives avec de a peinture non toxiques \u00e0 base d\u2019eau, ce qui le rend s\u00fbr pour une utilisation par les petits enfants. Cet ensemble offre des possibilit\u00e9s infinies pour le jeu cr\u00e9atif, la fabrication de sculptures et l&#8217;am\u00e9lioration des habilet\u00e9s motrices fines et est \u00e9galement un bel ajout d\u00e9coratif \u00e0 n\u2019importe quelle salle de jeux, salle de classe ou chambre d\u2019enfant.<\/p>\n<p>Id\u00e9al pour jouer \u00e0 la maison, \u00e0 la cr\u00e8che, \u00e0 Waldorf ou \u00e0 l\u2019\u00e9cole Steiner, les beaux jouets en bois naturel de Grimm&#8217;s sont fabriqu\u00e9s selon la philosophie Waldorf qui est bien connue pour encourager les enfants \u00e0 d\u00e9couvrir le jeu cr\u00e9atif de mani\u00e8re ind\u00e9pendante, sans limitations et \u00e0 un rythme effr\u00e9n\u00e9. Les jouets en bois de Grimm&#8217;s sont color\u00e9s \u00e0 la main avec des peintures \u00e0 base d\u2019eau non toxiques et ne sont pas finis avec de la laque pour assurer les caract\u00e9ristiques originales du bois et pour qu&#8217;on puisse voir le grain \u00e0 travers. La surface des jouets fabriqu\u00e9s \u00e0 partir de bois europ\u00e9ens certifi\u00e9 FSC est laiss\u00e9e l\u00e9g\u00e8rement rugueuse, ce qui les rend plus facilement empilables et moins glissants.<\/p>\n<p>Les jouets en bois de Grimm&#8217;s sont fabriqu\u00e9s dans les manufacture de Grimm&#8217;s en Allemagne ainsi que dans plusieurs ateliers \u00e0 travers l\u2019Europe \u00e0 partir de diff\u00e9rents types de bois tels que l\u2019aulne, la chaux, le h\u00eatre et l\u2019\u00e9rable. Tout le bois utilis\u00e9 pour fabriquer les jouets de Grimm&#8217;s provient de for\u00eats europ\u00e9ennes g\u00e9r\u00e9es de mani\u00e8re durable.<\/p>\n<p>Veuillez noter que les jouets de Grimm&#8217;s sont toujours uniques, et portent des marques uniques faites par la nature. Le grain du bois a des structures et des couleurs changeantes qui servent de preuve de ses origines naturelles. Les variations uniques, les marques, les noeuds, les motifs, les rayures noires ou les taches sombres qui peuvent \u00eatre visibles dans le bois des jouets de Grimm&#8217;s sont une preuve de qualit\u00e9, et non des d\u00e9fauts.<\/p>\n<p>Grimm&#8217;s vagues d&#8217;eau est adapt\u00e9 aux enfants \u00e2g\u00e9s de 1 an et plus.<\/p>\n<p>Contenu :<\/p>\n<p>1 jeu de 6 blocs en bois<\/p>\n","protected":false},"excerpt":{"rendered":"<p>Num\u00e9ro d&#8217;article: gri10720<\/p>\n<p>Grimm&#8217;s vagues d&#8217;eau d&#8217;inspiration Waldorf est un jeu de blocs \u00e0 empiler en bois durable fait main, qui pr\u00e9sente l&#8217;\u00e9l\u00e9ment eau.<\/p>\n","protected":false},"featured_media":31098,"comment_status":"open","ping_status":"closed","template":"","meta":[],"product_brand":[],"product_cat":[208,215,13150,17225,18893,635,24872,17212,13130,13144,23020,23021,13140,7595,217,5851,209,22348,212,1219],"product_tag":[17463,8625,17465,17332,17334,19523,19520,19519,17335,17462,18377,17468,17467,17331,19521,19522,19518,17464,17336],"class_list":{"0":"post-36330","1":"product","2":"type-product","3":"status-publish","4":"has-post-thumbnail","6":"product_cat-1-3-ans","7":"product_cat-3-6-ans","8":"product_cat-blocs-de-construction-en-bois","9":"product_cat-celebrations-fr","10":"product_cat-collection-printemps","11":"product_cat-competences-motrices","12":"product_cat-construction-mondes-arc-en-ciel","13":"product_cat-grimms-fr","14":"product_cat-jouer","15":"product_cat-jouets-a-empiler","16":"product_cat-jouets-en-bois","17":"product_cat-jouets-waldorf","18":"product_cat-jeu-libre","19":"product_cat-methode-deducation","20":"product_cat-marques","21":"product_cat-nouveautes","22":"product_cat-sensorielles-motrices","23":"product_cat-natur-saisonale-tische","24":"product_cat-tranche-dage","25":"product_cat-waldorf-fr","26":"product_tag-assortiment-de-blocs-de-construction-en-bois-de-grimm","27":"product_tag-fabrique-en-allemagne","28":"product_tag-formes-organiques-grimm","29":"product_tag-grimm-suisse","30":"product_tag-grimm-suisse-fr","31":"product_tag-grimms-eau","32":"product_tag-grimms-element-eau","33":"product_tag-grimms-vagues-deau","34":"product_tag-grimme-suisse","35":"product_tag-jeux-libres-en-bois","36":"product_tag-jouets-a-emboiter-en-bois","37":"product_tag-jouets-demboitage-grimm","38":"product_tag-jouets-dempilage-grimm","39":"product_tag-jouets-en-bois-waldorf","40":"product_tag-jouets-waldorf-element-deau","41":"product_tag-jouets-waldorf-en-bois-fabriques-a-la-main","42":"product_tag-les-blocs-de-construction-de-grimms","43":"product_tag-les-quatre-elements-waldorf","44":"product_tag-magasin-de-jouets-en-bois-grimm","46":"first","47":"outofstock","48":"taxable","49":"shipping-taxable","50":"purchasable","51":"product-type-simple"},"yoast_head":"<!-- This site is optimized with the Yoast SEO plugin v27.1.1 - https:\/\/yoast.com\/product\/yoast-seo-wordpress\/ -->\n<title>Vagues d&#039;eau - Grimm&#039;s - Teia Education &amp; Play<\/title>\n<meta name=\"description\" content=\"Grimm&#039;s vagues d&#039;eau d&#039;inspiration Waldorf est un jeu de blocs \u00e0 empiler en bois durable fait main, qui pr\u00e9sente l&#039;\u00e9l\u00e9ment eau.\" \/>\n<meta name=\"robots\" content=\"index, follow, max-snippet:-1, max-image-preview:large, max-video-preview:-1\" \/>\n<link rel=\"canonical\" href=\"https:\/\/teiaeducation.ch\/fr\/produit\/vagues-deau-grimms\/\" \/>\n<meta property=\"og:locale\" content=\"fr_FR\" \/>\n<meta property=\"og:type\" content=\"article\" \/>\n<meta property=\"og:title\" content=\"Vagues d&#039;eau - Grimm&#039;s - Teia Education &amp; Play\" \/>\n<meta property=\"og:description\" content=\"Grimm&#039;s vagues d&#039;eau d&#039;inspiration Waldorf est un jeu de blocs \u00e0 empiler en bois durable fait main, qui pr\u00e9sente l&#039;\u00e9l\u00e9ment eau.\" \/>\n<meta property=\"og:url\" content=\"https:\/\/teiaeducation.ch\/fr\/produit\/vagues-deau-grimms\/\" \/>\n<meta property=\"og:site_name\" content=\"Sustainable Educational Products &amp; Ecological Toys\u00a0\" \/>\n<meta property=\"article:publisher\" content=\"https:\/\/www.facebook.com\/teiaeducation\/\" \/>\n<meta property=\"article:modified_time\" content=\"2025-09-15T07:44:19+00:00\" \/>\n<meta property=\"og:image\" content=\"https:\/\/teiaeducation.ch\/wp-content\/uploads\/2020\/10\/Waterwaves-Grimms.jpg\" \/>\n\t<meta property=\"og:image:width\" content=\"800\" \/>\n\t<meta property=\"og:image:height\" content=\"439\" \/>\n\t<meta property=\"og:image:type\" content=\"image\/jpeg\" \/>\n<script type=\"application\/ld+json\" class=\"yoast-schema-graph\">{\"@context\":\"https:\/\/schema.org\",\"@graph\":[{\"@type\":\"WebPage\",\"@id\":\"https:\/\/teiaeducation.ch\/fr\/produit\/vagues-deau-grimms\/\",\"url\":\"https:\/\/teiaeducation.ch\/fr\/produit\/vagues-deau-grimms\/\",\"name\":\"Vagues d'eau - Grimm's - Teia Education & Play\",\"isPartOf\":{\"@id\":\"https:\/\/teiaeducation.ch\/fr\/#website\"},\"primaryImageOfPage\":{\"@id\":\"https:\/\/teiaeducation.ch\/fr\/produit\/vagues-deau-grimms\/#primaryimage\"},\"image\":{\"@id\":\"https:\/\/teiaeducation.ch\/fr\/produit\/vagues-deau-grimms\/#primaryimage\"},\"thumbnailUrl\":\"https:\/\/teiaeducation.ch\/wp-content\/uploads\/2020\/10\/Waterwaves-Grimms.jpg\",\"datePublished\":\"2020-12-05T12:43:20+00:00\",\"dateModified\":\"2025-09-15T07:44:19+00:00\",\"description\":\"Grimm's vagues d'eau d'inspiration Waldorf est un jeu de blocs \u00e0 empiler en bois durable fait main, qui pr\u00e9sente l'\u00e9l\u00e9ment eau.\",\"breadcrumb\":{\"@id\":\"https:\/\/teiaeducation.ch\/fr\/produit\/vagues-deau-grimms\/#breadcrumb\"},\"inLanguage\":\"fr-FR\",\"potentialAction\":[{\"@type\":\"ReadAction\",\"target\":[\"https:\/\/teiaeducation.ch\/fr\/produit\/vagues-deau-grimms\/\"]}]},{\"@type\":\"ImageObject\",\"inLanguage\":\"fr-FR\",\"@id\":\"https:\/\/teiaeducation.ch\/fr\/produit\/vagues-deau-grimms\/#primaryimage\",\"url\":\"https:\/\/teiaeducation.ch\/wp-content\/uploads\/2020\/10\/Waterwaves-Grimms.jpg\",\"contentUrl\":\"https:\/\/teiaeducation.ch\/wp-content\/uploads\/2020\/10\/Waterwaves-Grimms.jpg\",\"width\":800,\"height\":439,\"caption\":\"Jeu de blocs \u00e0 empiler en bois durable fait main vagues d'eau - Grimm's\"},{\"@type\":\"BreadcrumbList\",\"@id\":\"https:\/\/teiaeducation.ch\/fr\/produit\/vagues-deau-grimms\/#breadcrumb\",\"itemListElement\":[{\"@type\":\"ListItem\",\"position\":1,\"name\":\"Home\",\"item\":\"https:\/\/teiaeducation.ch\/fr\/\"},{\"@type\":\"ListItem\",\"position\":2,\"name\":\"Boutique Teia Education &amp; Play\",\"item\":\"https:\/\/teiaeducation.ch\/fr\/boutique\/\"},{\"@type\":\"ListItem\",\"position\":3,\"name\":\"Nos Marques\",\"item\":\"https:\/\/teiaeducation.ch\/fr\/categorie-produit\/marques\/\"},{\"@type\":\"ListItem\",\"position\":4,\"name\":\"Grimm's\",\"item\":\"https:\/\/teiaeducation.ch\/fr\/categorie-produit\/marques\/grimms-fr\/\"},{\"@type\":\"ListItem\",\"position\":5,\"name\":\"Vagues d&#8217;eau &#8211; Grimm&#8217;s\"}]},{\"@type\":\"WebSite\",\"@id\":\"https:\/\/teiaeducation.ch\/fr\/#website\",\"url\":\"https:\/\/teiaeducation.ch\/fr\/\",\"name\":\"Sustainable Educational Products &amp; Ecological Toys\u00a0\",\"description\":\"Specialised Swiss shop selling sustainable educational toys and games, AMI certified Montessori materials, handmade ecological wooden Waldorf toys and arts &amp; crafts supplies, school supplies, children&#039;s furniture and Montessori reference and parenting books.\",\"publisher\":{\"@id\":\"https:\/\/teiaeducation.ch\/fr\/#organization\"},\"alternateName\":\"Teia Education & Play\",\"potentialAction\":[{\"@type\":\"SearchAction\",\"target\":{\"@type\":\"EntryPoint\",\"urlTemplate\":\"https:\/\/teiaeducation.ch\/fr\/?s={search_term_string}\"},\"query-input\":{\"@type\":\"PropertyValueSpecification\",\"valueRequired\":true,\"valueName\":\"search_term_string\"}}],\"inLanguage\":\"fr-FR\"},{\"@type\":\"Organization\",\"@id\":\"https:\/\/teiaeducation.ch\/fr\/#organization\",\"name\":\"Teia Education & Play\",\"url\":\"https:\/\/teiaeducation.ch\/fr\/\",\"logo\":{\"@type\":\"ImageObject\",\"inLanguage\":\"fr-FR\",\"@id\":\"https:\/\/teiaeducation.ch\/fr\/#\/schema\/logo\/image\/\",\"url\":\"https:\/\/teiaeducation.ch\/wp-content\/uploads\/2020\/11\/Teia-Education-Switzerland-e1620156442216.jpg\",\"contentUrl\":\"https:\/\/teiaeducation.ch\/wp-content\/uploads\/2020\/11\/Teia-Education-Switzerland-e1620156442216.jpg\",\"width\":166,\"height\":145,\"caption\":\"Teia Education & Play\"},\"image\":{\"@id\":\"https:\/\/teiaeducation.ch\/fr\/#\/schema\/logo\/image\/\"},\"sameAs\":[\"https:\/\/www.facebook.com\/teiaeducation\/\",\"https:\/\/x.com\/EducationTeia\",\"https:\/\/www.instagram.com\/teia.education\/\",\"https:\/\/www.linkedin.com\/company\/35501660\",\"https:\/\/www.pinterest.ch\/TeiaEducation\/\"]}]}<\/script>\n<!-- \/ Yoast SEO plugin. -->","yoast_head_json":{"title":"Vagues d'eau - Grimm's - Teia Education & Play","description":"Grimm's vagues d'eau d'inspiration Waldorf est un jeu de blocs \u00e0 empiler en bois durable fait main, qui pr\u00e9sente l'\u00e9l\u00e9ment eau.","robots":{"index":"index","follow":"follow","max-snippet":"max-snippet:-1","max-image-preview":"max-image-preview:large","max-video-preview":"max-video-preview:-1"},"canonical":"https:\/\/teiaeducation.ch\/fr\/produit\/vagues-deau-grimms\/","og_locale":"fr_FR","og_type":"article","og_title":"Vagues d'eau - Grimm's - Teia Education & Play","og_description":"Grimm's vagues d'eau d'inspiration Waldorf est un jeu de blocs \u00e0 empiler en bois durable fait main, qui pr\u00e9sente l'\u00e9l\u00e9ment eau.","og_url":"https:\/\/teiaeducation.ch\/fr\/produit\/vagues-deau-grimms\/","og_site_name":"Sustainable Educational Products &amp; Ecological Toys\u00a0","article_publisher":"https:\/\/www.facebook.com\/teiaeducation\/","article_modified_time":"2025-09-15T07:44:19+00:00","og_image":[{"width":800,"height":439,"url":"https:\/\/teiaeducation.ch\/wp-content\/uploads\/2020\/10\/Waterwaves-Grimms.jpg","type":"image\/jpeg"}],"schema":{"@context":"https:\/\/schema.org","@graph":[{"@type":"WebPage","@id":"https:\/\/teiaeducation.ch\/fr\/produit\/vagues-deau-grimms\/","url":"https:\/\/teiaeducation.ch\/fr\/produit\/vagues-deau-grimms\/","name":"Vagues d'eau - Grimm's - Teia Education & Play","isPartOf":{"@id":"https:\/\/teiaeducation.ch\/fr\/#website"},"primaryImageOfPage":{"@id":"https:\/\/teiaeducation.ch\/fr\/produit\/vagues-deau-grimms\/#primaryimage"},"image":{"@id":"https:\/\/teiaeducation.ch\/fr\/produit\/vagues-deau-grimms\/#primaryimage"},"thumbnailUrl":"https:\/\/teiaeducation.ch\/wp-content\/uploads\/2020\/10\/Waterwaves-Grimms.jpg","datePublished":"2020-12-05T12:43:20+00:00","dateModified":"2025-09-15T07:44:19+00:00","description":"Grimm's vagues d'eau d'inspiration Waldorf est un jeu de blocs \u00e0 empiler en bois durable fait main, qui pr\u00e9sente l'\u00e9l\u00e9ment eau.","breadcrumb":{"@id":"https:\/\/teiaeducation.ch\/fr\/produit\/vagues-deau-grimms\/#breadcrumb"},"inLanguage":"fr-FR","potentialAction":[{"@type":"ReadAction","target":["https:\/\/teiaeducation.ch\/fr\/produit\/vagues-deau-grimms\/"]}]},{"@type":"ImageObject","inLanguage":"fr-FR","@id":"https:\/\/teiaeducation.ch\/fr\/produit\/vagues-deau-grimms\/#primaryimage","url":"https:\/\/teiaeducation.ch\/wp-content\/uploads\/2020\/10\/Waterwaves-Grimms.jpg","contentUrl":"https:\/\/teiaeducation.ch\/wp-content\/uploads\/2020\/10\/Waterwaves-Grimms.jpg","width":800,"height":439,"caption":"Jeu de blocs \u00e0 empiler en bois durable fait main vagues d'eau - Grimm's"},{"@type":"BreadcrumbList","@id":"https:\/\/teiaeducation.ch\/fr\/produit\/vagues-deau-grimms\/#breadcrumb","itemListElement":[{"@type":"ListItem","position":1,"name":"Home","item":"https:\/\/teiaeducation.ch\/fr\/"},{"@type":"ListItem","position":2,"name":"Boutique Teia Education &amp; Play","item":"https:\/\/teiaeducation.ch\/fr\/boutique\/"},{"@type":"ListItem","position":3,"name":"Nos Marques","item":"https:\/\/teiaeducation.ch\/fr\/categorie-produit\/marques\/"},{"@type":"ListItem","position":4,"name":"Grimm's","item":"https:\/\/teiaeducation.ch\/fr\/categorie-produit\/marques\/grimms-fr\/"},{"@type":"ListItem","position":5,"name":"Vagues d&#8217;eau &#8211; Grimm&#8217;s"}]},{"@type":"WebSite","@id":"https:\/\/teiaeducation.ch\/fr\/#website","url":"https:\/\/teiaeducation.ch\/fr\/","name":"Sustainable Educational Products &amp; Ecological Toys\u00a0","description":"Specialised Swiss shop selling sustainable educational toys and games, AMI certified Montessori materials, handmade ecological wooden Waldorf toys and arts &amp; crafts supplies, school supplies, children&#039;s furniture and Montessori reference and parenting books.","publisher":{"@id":"https:\/\/teiaeducation.ch\/fr\/#organization"},"alternateName":"Teia Education & Play","potentialAction":[{"@type":"SearchAction","target":{"@type":"EntryPoint","urlTemplate":"https:\/\/teiaeducation.ch\/fr\/?s={search_term_string}"},"query-input":{"@type":"PropertyValueSpecification","valueRequired":true,"valueName":"search_term_string"}}],"inLanguage":"fr-FR"},{"@type":"Organization","@id":"https:\/\/teiaeducation.ch\/fr\/#organization","name":"Teia Education & Play","url":"https:\/\/teiaeducation.ch\/fr\/","logo":{"@type":"ImageObject","inLanguage":"fr-FR","@id":"https:\/\/teiaeducation.ch\/fr\/#\/schema\/logo\/image\/","url":"https:\/\/teiaeducation.ch\/wp-content\/uploads\/2020\/11\/Teia-Education-Switzerland-e1620156442216.jpg","contentUrl":"https:\/\/teiaeducation.ch\/wp-content\/uploads\/2020\/11\/Teia-Education-Switzerland-e1620156442216.jpg","width":166,"height":145,"caption":"Teia Education & Play"},"image":{"@id":"https:\/\/teiaeducation.ch\/fr\/#\/schema\/logo\/image\/"},"sameAs":["https:\/\/www.facebook.com\/teiaeducation\/","https:\/\/x.com\/EducationTeia","https:\/\/www.instagram.com\/teia.education\/","https:\/\/www.linkedin.com\/company\/35501660","https:\/\/www.pinterest.ch\/TeiaEducation\/"]}]}},"_links":{"self":[{"href":"https:\/\/teiaeducation.ch\/fr\/wp-json\/wp\/v2\/product\/36330","targetHints":{"allow":["GET"]}}],"collection":[{"href":"https:\/\/teiaeducation.ch\/fr\/wp-json\/wp\/v2\/product"}],"about":[{"href":"https:\/\/teiaeducation.ch\/fr\/wp-json\/wp\/v2\/types\/product"}],"replies":[{"embeddable":true,"href":"https:\/\/teiaeducation.ch\/fr\/wp-json\/wp\/v2\/comments?post=36330"}],"wp:featuredmedia":[{"embeddable":true,"href":"https:\/\/teiaeducation.ch\/fr\/wp-json\/wp\/v2\/media\/31098"}],"wp:attachment":[{"href":"https:\/\/teiaeducation.ch\/fr\/wp-json\/wp\/v2\/media?parent=36330"}],"wp:term":[{"taxonomy":"product_brand","embeddable":true,"href":"https:\/\/teiaeducation.ch\/fr\/wp-json\/wp\/v2\/product_brand?post=36330"},{"taxonomy":"product_cat","embeddable":true,"href":"https:\/\/teiaeducation.ch\/fr\/wp-json\/wp\/v2\/product_cat?post=36330"},{"taxonomy":"product_tag","embeddable":true,"href":"https:\/\/teiaeducation.ch\/fr\/wp-json\/wp\/v2\/product_tag?post=36330"}],"curies":[{"name":"wp","href":"https:\/\/api.w.org\/{rel}","templated":true}]}}