{"id":36575,"date":"2020-12-04T20:31:38","date_gmt":"2020-12-04T19:31:38","guid":{"rendered":"https:\/\/teiaeducation.ch\/product\/aide-au-tri-6-pieces-grimms\/"},"modified":"2021-10-19T10:48:29","modified_gmt":"2021-10-19T08:48:29","slug":"boites-de-tri-arc-en-ciel-grimms","status":"publish","type":"product","link":"https:\/\/teiaeducation.ch\/fr\/produit\/boites-de-tri-arc-en-ciel-grimms\/","title":{"rendered":"Bo\u00eetes de tri arc-en-ciel &#8211; Grimm&#8217;s"},"content":{"rendered":"<p>Bo\u00eetes de tri arc-en-ciel\u00a0Grimm&#8217;s<\/p>\n<p>Les bo\u00eetes de tri arc-en-ciel\u00a0de Grimm&#8217;s, compos\u00e9e de 6 pi\u00e8ces, est parfaite pour les jeux de triage et le rangement. Les enfants s&#8217;amusent avec les activit\u00e9s de tri, populaires dans les p\u00e9dagogies Montessori et <a href=\"https:\/\/teiaeducation.ch\/fr\/categorie-produit\/methode-deducation\/waldorf-fr\/\">Waldorf<\/a>. L&#8217;assortiment parfait pour tous les jouets arc-en-ciel de Grimm&#8217;s tels que les champignons, les balles, les bobines et les blocs de construction, en les associant et en les pla\u00e7ant dans les bo\u00eetes de diff\u00e9rentes couleurs. Cet adorable jeu de bo\u00eetes en bois durable fait \u00e0 la main est \u00e9galement id\u00e9al pour ranger ou organiser des perles, des crayons et tout autre petit objet ou tr\u00e9sor. Ils pourraient m\u00eame \u00eatre ajout\u00e9s \u00e0 des jeux de construction et \u00e0 des jeux libres ou de petit monde !<\/p>\n<p>Les 6 bo\u00eetes de tri de Grimm&#8217;s sont fabriqu\u00e9 en bois de tilleul et finis dans de magnifiques tons arc-en-ciel brillants avec une teinture non toxique \u00e0 base d&#8217;eau, ce qui le rend s\u00fbr pour les enfants. L&#8217;ensemble comprend 6 bo\u00eetes en bois, chacune dans une couleur arc-en-ciel diff\u00e9rente. Ils sont pr\u00e9sent\u00e9s dans un cadre en bois avec une finition non toxique \u00e0 base d&#8217;huile v\u00e9g\u00e9tale et mesurent 26 cm de long.<\/p>\n<p>Id\u00e9al pour jouer \u00e0 la maison, \u00e0 la cr\u00e8che, \u00e0 Waldorf ou \u00e0 l\u2019\u00e9cole Steiner, les beaux jouets en bois naturel de Grimm&#8217;s sont fabriqu\u00e9s selon la philosophie Waldorf qui est bien connue pour encourager les enfants \u00e0 d\u00e9couvrir le jeu cr\u00e9atif de mani\u00e8re ind\u00e9pendante, sans limitations et \u00e0 un rythme effr\u00e9n\u00e9. Les jouets en bois de Grimm&#8217;s sont color\u00e9s \u00e0 la main avec des peintures \u00e0 base d\u2019eau non toxiques et ne sont pas finis avec de la laque pour assurer les caract\u00e9ristiques originales du bois et pour qu&#8217;on puisse voir le grain \u00e0 travers. La surface des jouets fabriqu\u00e9s \u00e0 partir de bois europ\u00e9ens certifi\u00e9 FSC est laiss\u00e9e l\u00e9g\u00e8rement rugueuse, ce qui les rend plus facilement empilables et moins glissants.<\/p>\n<p>Les jouets en bois de Grimm&#8217;s sont fabriqu\u00e9s dans les manufacture de Grimm&#8217;s en Allemagne ainsi que dans plusieurs ateliers \u00e0 travers l\u2019Europe \u00e0 partir de diff\u00e9rents types de bois tels que l\u2019aulne, la chaux, le h\u00eatre et l\u2019\u00e9rable. Tout le bois utilis\u00e9 pour fabriquer les jouets de Grimm&#8217;s provient de for\u00eats europ\u00e9ennes g\u00e9r\u00e9es de mani\u00e8re durable.<\/p>\n<p>Veuillez noter que les jouets de Grimm&#8217;s sont toujours uniques, et portent des marques uniques faites par la nature. Le grain du bois a des structures et des couleurs changeantes qui servent de preuve de ses origines naturelles. Les variations uniques, les marques, les noeuds, les motifs, les rayures noires ou les taches sombres qui peuvent \u00eatre visibles dans le bois des jouets de Grimm&#8217;s sont une preuve de qualit\u00e9, et non des d\u00e9fauts.<\/p>\n<p>Les boites de tri de Grimm&#8217;s, compos\u00e9e de 6 pi\u00e8ces, convient aux enfants \u00e2g\u00e9s de 3 ans et plus.<\/p>\n<p>Contenu :<\/p>\n<p>6 boites en bois<br \/>\nUn cadre en bois<\/p>\n","protected":false},"excerpt":{"rendered":"<p>Num\u00e9ro d&#8217;article: gri10298<\/p>\n<p>L&#8217;adorable jeu de 6 boites de tri arc-en-ciel en bois durable de Grimm&#8217;s est parfait pour les jeux de tri et le rangement !<\/p>\n","protected":false},"featured_media":30981,"comment_status":"open","ping_status":"closed","template":"","meta":[],"product_brand":[],"product_cat":[208,215,633,24870,22344,283,24865,17212,17241,13130,626,23020,23021,1220,23650,13140,7595,1218,217,5851,24868,209,212,1219],"product_tag":[19538,17337,17463,8625,17332,17334,19537,19542,17335,19539,19540,17336,19541,8558],"class_list":{"0":"post-36575","1":"product","2":"type-product","3":"status-publish","4":"has-post-thumbnail","6":"product_cat-1-3-ans","7":"product_cat-3-6-ans","8":"product_cat-apprendre-les-couleurs","9":"product_cat-bols-ensembles-de-boites","10":"product_cat-collections-saisonnieres","11":"product_cat-domaines-du-curriculum","12":"product_cat-empilage-tri","13":"product_cat-grimms-fr","14":"product_cat-guide-cadeaux-3-6-ans","15":"product_cat-jouer","16":"product_cat-jouets-a-trier","17":"product_cat-jouets-en-bois","18":"product_cat-jouets-waldorf","19":"product_cat-traditionnelle","20":"product_cat-la-rentree-scolaire","21":"product_cat-jeu-libre","22":"product_cat-methode-deducation","23":"product_cat-montessori-fr","24":"product_cat-marques","25":"product_cat-nouveautes","26":"product_cat-perles-enfilage","27":"product_cat-sensorielles-motrices","28":"product_cat-tranche-dage","29":"product_cat-waldorf-fr","30":"product_tag-aide-au-tri-arc-en-ciel-de-grimm","31":"product_tag-arc-en-ciel-colore-en-bois-fait-main","32":"product_tag-assortiment-de-blocs-de-construction-en-bois-de-grimm","33":"product_tag-fabrique-en-allemagne","34":"product_tag-grimm-suisse","35":"product_tag-grimm-suisse-fr","36":"product_tag-grimms-aide-au-tri","37":"product_tag-grimms-aide-au-tri-fr","38":"product_tag-grimme-suisse","39":"product_tag-les-boites-de-tri-de-grimms","40":"product_tag-les-cubes-de-tri-de-grimms","41":"product_tag-magasin-de-jouets-en-bois-grimm","42":"product_tag-organisateur-en-bois-arc-en-ciel","43":"product_tag-tri-des-jouets","45":"first","46":"instock","47":"taxable","48":"shipping-taxable","49":"purchasable","50":"product-type-simple"},"yoast_head":"<!-- This site is optimized with the Yoast SEO plugin v27.1.1 - https:\/\/yoast.com\/product\/yoast-seo-wordpress\/ -->\n<title>Bo\u00eetes de tri arc-en-ciel - Grimm&#039;s - Teia Education &amp; Play<\/title>\n<meta name=\"description\" content=\"L&#039;adorable jeu de 6 bo\u00eetes de tri arc-en-ciel en bois durable de Grimm&#039;s est parfait pour les jeux de tri et le rangement !\" \/>\n<meta name=\"robots\" content=\"index, follow, max-snippet:-1, max-image-preview:large, max-video-preview:-1\" \/>\n<link rel=\"canonical\" href=\"https:\/\/teiaeducation.ch\/fr\/produit\/boites-de-tri-arc-en-ciel-grimms\/\" \/>\n<meta property=\"og:locale\" content=\"fr_FR\" \/>\n<meta property=\"og:type\" content=\"article\" \/>\n<meta property=\"og:title\" content=\"Bo\u00eetes de tri arc-en-ciel - Grimm&#039;s - Teia Education &amp; Play\" \/>\n<meta property=\"og:description\" content=\"L&#039;adorable jeu de 6 bo\u00eetes de tri arc-en-ciel en bois durable de Grimm&#039;s est parfait pour les jeux de tri et le rangement !\" \/>\n<meta property=\"og:url\" content=\"https:\/\/teiaeducation.ch\/fr\/produit\/boites-de-tri-arc-en-ciel-grimms\/\" \/>\n<meta property=\"og:site_name\" content=\"Sustainable Educational Products &amp; Ecological Toys\u00a0\" \/>\n<meta property=\"article:publisher\" content=\"https:\/\/www.facebook.com\/teiaeducation\/\" \/>\n<meta property=\"article:modified_time\" content=\"2021-10-19T08:48:29+00:00\" \/>\n<meta property=\"og:image\" content=\"https:\/\/teiaeducation.ch\/wp-content\/uploads\/2020\/10\/6-piece-sorting-helper-Grimms.jpg\" \/>\n\t<meta property=\"og:image:width\" content=\"800\" \/>\n\t<meta property=\"og:image:height\" content=\"613\" \/>\n\t<meta property=\"og:image:type\" content=\"image\/jpeg\" \/>\n<script type=\"application\/ld+json\" class=\"yoast-schema-graph\">{\"@context\":\"https:\/\/schema.org\",\"@graph\":[{\"@type\":\"WebPage\",\"@id\":\"https:\/\/teiaeducation.ch\/fr\/produit\/boites-de-tri-arc-en-ciel-grimms\/\",\"url\":\"https:\/\/teiaeducation.ch\/fr\/produit\/boites-de-tri-arc-en-ciel-grimms\/\",\"name\":\"Bo\u00eetes de tri arc-en-ciel - Grimm's - Teia Education & Play\",\"isPartOf\":{\"@id\":\"https:\/\/teiaeducation.ch\/fr\/#website\"},\"primaryImageOfPage\":{\"@id\":\"https:\/\/teiaeducation.ch\/fr\/produit\/boites-de-tri-arc-en-ciel-grimms\/#primaryimage\"},\"image\":{\"@id\":\"https:\/\/teiaeducation.ch\/fr\/produit\/boites-de-tri-arc-en-ciel-grimms\/#primaryimage\"},\"thumbnailUrl\":\"https:\/\/teiaeducation.ch\/wp-content\/uploads\/2020\/10\/6-piece-sorting-helper-Grimms.jpg\",\"datePublished\":\"2020-12-04T19:31:38+00:00\",\"dateModified\":\"2021-10-19T08:48:29+00:00\",\"description\":\"L'adorable jeu de 6 bo\u00eetes de tri arc-en-ciel en bois durable de Grimm's est parfait pour les jeux de tri et le rangement !\",\"breadcrumb\":{\"@id\":\"https:\/\/teiaeducation.ch\/fr\/produit\/boites-de-tri-arc-en-ciel-grimms\/#breadcrumb\"},\"inLanguage\":\"fr-FR\",\"potentialAction\":[{\"@type\":\"ReadAction\",\"target\":[\"https:\/\/teiaeducation.ch\/fr\/produit\/boites-de-tri-arc-en-ciel-grimms\/\"]}]},{\"@type\":\"ImageObject\",\"inLanguage\":\"fr-FR\",\"@id\":\"https:\/\/teiaeducation.ch\/fr\/produit\/boites-de-tri-arc-en-ciel-grimms\/#primaryimage\",\"url\":\"https:\/\/teiaeducation.ch\/wp-content\/uploads\/2020\/10\/6-piece-sorting-helper-Grimms.jpg\",\"contentUrl\":\"https:\/\/teiaeducation.ch\/wp-content\/uploads\/2020\/10\/6-piece-sorting-helper-Grimms.jpg\",\"width\":800,\"height\":613,\"caption\":\"Bo\u00eetes de tri arc-en-ciel\u00a0- Grimm's\"},{\"@type\":\"BreadcrumbList\",\"@id\":\"https:\/\/teiaeducation.ch\/fr\/produit\/boites-de-tri-arc-en-ciel-grimms\/#breadcrumb\",\"itemListElement\":[{\"@type\":\"ListItem\",\"position\":1,\"name\":\"Home\",\"item\":\"https:\/\/teiaeducation.ch\/fr\/\"},{\"@type\":\"ListItem\",\"position\":2,\"name\":\"Boutique Teia Education &amp; Play\",\"item\":\"https:\/\/teiaeducation.ch\/fr\/boutique\/\"},{\"@type\":\"ListItem\",\"position\":3,\"name\":\"Nos Marques\",\"item\":\"https:\/\/teiaeducation.ch\/fr\/categorie-produit\/marques\/\"},{\"@type\":\"ListItem\",\"position\":4,\"name\":\"Grimm's\",\"item\":\"https:\/\/teiaeducation.ch\/fr\/categorie-produit\/marques\/grimms-fr\/\"},{\"@type\":\"ListItem\",\"position\":5,\"name\":\"Bo\u00eetes de tri arc-en-ciel &#8211; Grimm&#8217;s\"}]},{\"@type\":\"WebSite\",\"@id\":\"https:\/\/teiaeducation.ch\/fr\/#website\",\"url\":\"https:\/\/teiaeducation.ch\/fr\/\",\"name\":\"Sustainable Educational Products &amp; Ecological Toys\u00a0\",\"description\":\"Specialised Swiss shop selling sustainable educational toys and games, AMI certified Montessori materials, handmade ecological wooden Waldorf toys and arts &amp; crafts supplies, school supplies, children&#039;s furniture and Montessori reference and parenting books.\",\"publisher\":{\"@id\":\"https:\/\/teiaeducation.ch\/fr\/#organization\"},\"alternateName\":\"Teia Education & Play\",\"potentialAction\":[{\"@type\":\"SearchAction\",\"target\":{\"@type\":\"EntryPoint\",\"urlTemplate\":\"https:\/\/teiaeducation.ch\/fr\/?s={search_term_string}\"},\"query-input\":{\"@type\":\"PropertyValueSpecification\",\"valueRequired\":true,\"valueName\":\"search_term_string\"}}],\"inLanguage\":\"fr-FR\"},{\"@type\":\"Organization\",\"@id\":\"https:\/\/teiaeducation.ch\/fr\/#organization\",\"name\":\"Teia Education & Play\",\"url\":\"https:\/\/teiaeducation.ch\/fr\/\",\"logo\":{\"@type\":\"ImageObject\",\"inLanguage\":\"fr-FR\",\"@id\":\"https:\/\/teiaeducation.ch\/fr\/#\/schema\/logo\/image\/\",\"url\":\"https:\/\/teiaeducation.ch\/wp-content\/uploads\/2020\/11\/Teia-Education-Switzerland-e1620156442216.jpg\",\"contentUrl\":\"https:\/\/teiaeducation.ch\/wp-content\/uploads\/2020\/11\/Teia-Education-Switzerland-e1620156442216.jpg\",\"width\":166,\"height\":145,\"caption\":\"Teia Education & Play\"},\"image\":{\"@id\":\"https:\/\/teiaeducation.ch\/fr\/#\/schema\/logo\/image\/\"},\"sameAs\":[\"https:\/\/www.facebook.com\/teiaeducation\/\",\"https:\/\/x.com\/EducationTeia\",\"https:\/\/www.instagram.com\/teia.education\/\",\"https:\/\/www.linkedin.com\/company\/35501660\",\"https:\/\/www.pinterest.ch\/TeiaEducation\/\"]}]}<\/script>\n<!-- \/ Yoast SEO plugin. -->","yoast_head_json":{"title":"Bo\u00eetes de tri arc-en-ciel - Grimm's - Teia Education & Play","description":"L'adorable jeu de 6 bo\u00eetes de tri arc-en-ciel en bois durable de Grimm's est parfait pour les jeux de tri et le rangement !","robots":{"index":"index","follow":"follow","max-snippet":"max-snippet:-1","max-image-preview":"max-image-preview:large","max-video-preview":"max-video-preview:-1"},"canonical":"https:\/\/teiaeducation.ch\/fr\/produit\/boites-de-tri-arc-en-ciel-grimms\/","og_locale":"fr_FR","og_type":"article","og_title":"Bo\u00eetes de tri arc-en-ciel - Grimm's - Teia Education & Play","og_description":"L'adorable jeu de 6 bo\u00eetes de tri arc-en-ciel en bois durable de Grimm's est parfait pour les jeux de tri et le rangement !","og_url":"https:\/\/teiaeducation.ch\/fr\/produit\/boites-de-tri-arc-en-ciel-grimms\/","og_site_name":"Sustainable Educational Products &amp; Ecological Toys\u00a0","article_publisher":"https:\/\/www.facebook.com\/teiaeducation\/","article_modified_time":"2021-10-19T08:48:29+00:00","og_image":[{"width":800,"height":613,"url":"https:\/\/teiaeducation.ch\/wp-content\/uploads\/2020\/10\/6-piece-sorting-helper-Grimms.jpg","type":"image\/jpeg"}],"schema":{"@context":"https:\/\/schema.org","@graph":[{"@type":"WebPage","@id":"https:\/\/teiaeducation.ch\/fr\/produit\/boites-de-tri-arc-en-ciel-grimms\/","url":"https:\/\/teiaeducation.ch\/fr\/produit\/boites-de-tri-arc-en-ciel-grimms\/","name":"Bo\u00eetes de tri arc-en-ciel - Grimm's - Teia Education & Play","isPartOf":{"@id":"https:\/\/teiaeducation.ch\/fr\/#website"},"primaryImageOfPage":{"@id":"https:\/\/teiaeducation.ch\/fr\/produit\/boites-de-tri-arc-en-ciel-grimms\/#primaryimage"},"image":{"@id":"https:\/\/teiaeducation.ch\/fr\/produit\/boites-de-tri-arc-en-ciel-grimms\/#primaryimage"},"thumbnailUrl":"https:\/\/teiaeducation.ch\/wp-content\/uploads\/2020\/10\/6-piece-sorting-helper-Grimms.jpg","datePublished":"2020-12-04T19:31:38+00:00","dateModified":"2021-10-19T08:48:29+00:00","description":"L'adorable jeu de 6 bo\u00eetes de tri arc-en-ciel en bois durable de Grimm's est parfait pour les jeux de tri et le rangement !","breadcrumb":{"@id":"https:\/\/teiaeducation.ch\/fr\/produit\/boites-de-tri-arc-en-ciel-grimms\/#breadcrumb"},"inLanguage":"fr-FR","potentialAction":[{"@type":"ReadAction","target":["https:\/\/teiaeducation.ch\/fr\/produit\/boites-de-tri-arc-en-ciel-grimms\/"]}]},{"@type":"ImageObject","inLanguage":"fr-FR","@id":"https:\/\/teiaeducation.ch\/fr\/produit\/boites-de-tri-arc-en-ciel-grimms\/#primaryimage","url":"https:\/\/teiaeducation.ch\/wp-content\/uploads\/2020\/10\/6-piece-sorting-helper-Grimms.jpg","contentUrl":"https:\/\/teiaeducation.ch\/wp-content\/uploads\/2020\/10\/6-piece-sorting-helper-Grimms.jpg","width":800,"height":613,"caption":"Bo\u00eetes de tri arc-en-ciel\u00a0- Grimm's"},{"@type":"BreadcrumbList","@id":"https:\/\/teiaeducation.ch\/fr\/produit\/boites-de-tri-arc-en-ciel-grimms\/#breadcrumb","itemListElement":[{"@type":"ListItem","position":1,"name":"Home","item":"https:\/\/teiaeducation.ch\/fr\/"},{"@type":"ListItem","position":2,"name":"Boutique Teia Education &amp; Play","item":"https:\/\/teiaeducation.ch\/fr\/boutique\/"},{"@type":"ListItem","position":3,"name":"Nos Marques","item":"https:\/\/teiaeducation.ch\/fr\/categorie-produit\/marques\/"},{"@type":"ListItem","position":4,"name":"Grimm's","item":"https:\/\/teiaeducation.ch\/fr\/categorie-produit\/marques\/grimms-fr\/"},{"@type":"ListItem","position":5,"name":"Bo\u00eetes de tri arc-en-ciel &#8211; Grimm&#8217;s"}]},{"@type":"WebSite","@id":"https:\/\/teiaeducation.ch\/fr\/#website","url":"https:\/\/teiaeducation.ch\/fr\/","name":"Sustainable Educational Products &amp; Ecological Toys\u00a0","description":"Specialised Swiss shop selling sustainable educational toys and games, AMI certified Montessori materials, handmade ecological wooden Waldorf toys and arts &amp; crafts supplies, school supplies, children&#039;s furniture and Montessori reference and parenting books.","publisher":{"@id":"https:\/\/teiaeducation.ch\/fr\/#organization"},"alternateName":"Teia Education & Play","potentialAction":[{"@type":"SearchAction","target":{"@type":"EntryPoint","urlTemplate":"https:\/\/teiaeducation.ch\/fr\/?s={search_term_string}"},"query-input":{"@type":"PropertyValueSpecification","valueRequired":true,"valueName":"search_term_string"}}],"inLanguage":"fr-FR"},{"@type":"Organization","@id":"https:\/\/teiaeducation.ch\/fr\/#organization","name":"Teia Education & Play","url":"https:\/\/teiaeducation.ch\/fr\/","logo":{"@type":"ImageObject","inLanguage":"fr-FR","@id":"https:\/\/teiaeducation.ch\/fr\/#\/schema\/logo\/image\/","url":"https:\/\/teiaeducation.ch\/wp-content\/uploads\/2020\/11\/Teia-Education-Switzerland-e1620156442216.jpg","contentUrl":"https:\/\/teiaeducation.ch\/wp-content\/uploads\/2020\/11\/Teia-Education-Switzerland-e1620156442216.jpg","width":166,"height":145,"caption":"Teia Education & Play"},"image":{"@id":"https:\/\/teiaeducation.ch\/fr\/#\/schema\/logo\/image\/"},"sameAs":["https:\/\/www.facebook.com\/teiaeducation\/","https:\/\/x.com\/EducationTeia","https:\/\/www.instagram.com\/teia.education\/","https:\/\/www.linkedin.com\/company\/35501660","https:\/\/www.pinterest.ch\/TeiaEducation\/"]}]}},"_links":{"self":[{"href":"https:\/\/teiaeducation.ch\/fr\/wp-json\/wp\/v2\/product\/36575","targetHints":{"allow":["GET"]}}],"collection":[{"href":"https:\/\/teiaeducation.ch\/fr\/wp-json\/wp\/v2\/product"}],"about":[{"href":"https:\/\/teiaeducation.ch\/fr\/wp-json\/wp\/v2\/types\/product"}],"replies":[{"embeddable":true,"href":"https:\/\/teiaeducation.ch\/fr\/wp-json\/wp\/v2\/comments?post=36575"}],"wp:featuredmedia":[{"embeddable":true,"href":"https:\/\/teiaeducation.ch\/fr\/wp-json\/wp\/v2\/media\/30981"}],"wp:attachment":[{"href":"https:\/\/teiaeducation.ch\/fr\/wp-json\/wp\/v2\/media?parent=36575"}],"wp:term":[{"taxonomy":"product_brand","embeddable":true,"href":"https:\/\/teiaeducation.ch\/fr\/wp-json\/wp\/v2\/product_brand?post=36575"},{"taxonomy":"product_cat","embeddable":true,"href":"https:\/\/teiaeducation.ch\/fr\/wp-json\/wp\/v2\/product_cat?post=36575"},{"taxonomy":"product_tag","embeddable":true,"href":"https:\/\/teiaeducation.ch\/fr\/wp-json\/wp\/v2\/product_tag?post=36575"}],"curies":[{"name":"wp","href":"https:\/\/api.w.org\/{rel}","templated":true}]}}