{"id":36580,"date":"2020-12-04T17:50:14","date_gmt":"2020-12-04T16:50:14","guid":{"rendered":"https:\/\/teiaeducation.ch\/product\/cadre-arc-en-ciel-grimms\/"},"modified":"2021-10-19T10:41:46","modified_gmt":"2021-10-19T08:41:46","slug":"arc-en-ciel-cadres-grimms","status":"publish","type":"product","link":"https:\/\/teiaeducation.ch\/fr\/produit\/arc-en-ciel-cadres-grimms\/","title":{"rendered":"6 cadres arc-en-ciel &#8211; Grimm&#8217;s"},"content":{"rendered":"<p>6 cadres arc-en-ciel \/ Plateaux \u00e0 jouets en bois durable faits main &#8211; Grimm&#8217;s<\/p>\n<p>Ces magnifiques 6 cadres arc-en-ciel en bois durable fabriqu\u00e9s \u00e0 la main par Grimm&#8217;s sont tr\u00e8s polyvalents. Les cadres font de parfaits petits postes de travail pour diff\u00e9rentes activit\u00e9s et des tableaux pour <a href=\"https:\/\/teiaeducation.ch\/fr\/categorie-produit\/jouer\/jouets-a-trier\/\">trier<\/a> les objets par couleur, cat\u00e9gorie ou affichage. Ils peuvent \u00eatre utilis\u00e9s pour des jeux de sable ou pour \u00e9crire en tra\u00e7ant dans le sable et constituent un merveilleux compl\u00e9ment aux jeux de blocs de construction ouverts pour ajouter diff\u00e9rents niveaux, sols ou plafonds. Ils constituent \u00e9galement une superbe toile de fond pour les jouets arc-en-ciel et monochromes de la collection Grimm&#8217;s !<\/p>\n<p>Les cadres arc-en-ciel de Grimm&#8217;s sont fabriqu\u00e9s en bois de tilleul et finis dans les magnifiques tons arc-en-ciel avec une teinture non toxique \u00e0 base d&#8217;eau, ce qui les rend sans danger pour les enfants. L&#8217;ensemble comprend 6 cadres, chacun dans une couleur arc-en-ciel diff\u00e9rente, et chaque cadre mesure 22,5 cm.<\/p>\n<p>Id\u00e9al pour jouer \u00e0 la maison, \u00e0 la cr\u00e8che, \u00e0 Waldorf ou \u00e0 l\u2019\u00e9cole Steiner, les beaux jouets en bois naturel de Grimm&#8217;s sont fabriqu\u00e9s selon la philosophie Waldorf qui est bien connue pour encourager les enfants \u00e0 d\u00e9couvrir le jeu cr\u00e9atif de mani\u00e8re ind\u00e9pendante, sans limitations et \u00e0 un rythme effr\u00e9n\u00e9. Les jouets en bois de Grimm&#8217;s sont color\u00e9s \u00e0 la main avec des peintures \u00e0 base d\u2019eau non toxiques et ne sont pas finis avec de la laque pour assurer les caract\u00e9ristiques originales du bois et pour qu&#8217;on puisse voir le grain \u00e0 travers. La surface des jouets fabriqu\u00e9s \u00e0 partir de bois europ\u00e9ens certifi\u00e9 FSC est laiss\u00e9e l\u00e9g\u00e8rement rugueuse, ce qui les rend plus facilement empilables et moins glissants.<\/p>\n<p>Les jouets en bois de Grimm&#8217;s sont fabriqu\u00e9s dans les manufacture de Grimm&#8217;s en Allemagne ainsi que dans plusieurs ateliers \u00e0 travers l\u2019Europe \u00e0 partir de diff\u00e9rents types de bois tels que l\u2019aulne, la chaux, le h\u00eatre et l\u2019\u00e9rable. Tout le bois utilis\u00e9 pour fabriquer les jouets de Grimm&#8217;s provient de for\u00eats europ\u00e9ennes g\u00e9r\u00e9es de mani\u00e8re durable.<\/p>\n<p>Veuillez noter que les jouets de Grimm&#8217;s sont toujours uniques, et portent des marques uniques faites par la nature. Le grain du bois a des structures et des couleurs changeantes qui servent de preuve de ses origines naturelles. Les variations uniques, les marques, les noeuds, les motifs, les rayures noires ou les taches sombres qui peuvent \u00eatre visibles dans le bois des jouets de Grimm&#8217;s sont une preuve de qualit\u00e9, et non des d\u00e9fauts.<\/p>\n<p>Les cadres arc-en-ciel de Grimm&#8217;s conviennent aux enfants \u00e2g\u00e9s de 3 ans et plus.<\/p>\n<p>Contenu :<\/p>\n<p>6 cadres en bois<\/p>\n","protected":false},"excerpt":{"rendered":"<p>Num\u00e9ro d&#8217;article: gri10134<\/p>\n<p>Les 6 magnifiques Grimm&#8217;s cadres arc-en-ciel en bois durable faits main font de parfaits petits plateaux \u00e0 jouets et de diff\u00e9rentes activit\u00e9s.<\/p>\n","protected":false},"featured_media":30959,"comment_status":"open","ping_status":"closed","template":"","meta":[],"product_brand":[],"product_cat":[208,215,216,633,13150,24870,283,24865,17212,17239,13130,626,23020,23021,13140,13142,7595,217,5851,209,18457,212,1219],"product_tag":[17337,17463,17944,19560,19559,19552,8625,17332,17334,19557,17335,17462,17331,19556,19558,17464,17336,19562,19561,19555,19554,19553],"class_list":{"0":"post-36580","1":"product","2":"type-product","3":"status-publish","4":"has-post-thumbnail","6":"product_cat-1-3-ans","7":"product_cat-3-6-ans","8":"product_cat-6-12-ans","9":"product_cat-apprendre-les-couleurs","10":"product_cat-blocs-de-construction-en-bois","11":"product_cat-bols-ensembles-de-boites","12":"product_cat-domaines-du-curriculum","13":"product_cat-empilage-tri","14":"product_cat-grimms-fr","15":"product_cat-guide-cadeaux-educatifs","16":"product_cat-jouer","17":"product_cat-jouets-a-trier","18":"product_cat-jouets-en-bois","19":"product_cat-jouets-waldorf","20":"product_cat-jeu-libre","21":"product_cat-jeu-sensoriel","22":"product_cat-methode-deducation","23":"product_cat-marques","24":"product_cat-nouveautes","25":"product_cat-sensorielles-motrices","26":"product_cat-stockage-de-jouets","27":"product_cat-tranche-dage","28":"product_cat-waldorf-fr","29":"product_tag-arc-en-ciel-colore-en-bois-fait-main","30":"product_tag-assortiment-de-blocs-de-construction-en-bois-de-grimm","31":"product_tag-blocs-de-bois-arc-en-ciel-de-grimm","32":"product_tag-cadres-arc-en-ciel","33":"product_tag-cadres-de-jeu-en-bois","34":"product_tag-cadres-en-bois-aux-couleurs-de-larc-en-ciel-de-grimm","35":"product_tag-fabrique-en-allemagne","36":"product_tag-grimm-suisse","37":"product_tag-grimm-suisse-fr","38":"product_tag-grimms-cadres","39":"product_tag-grimme-suisse","40":"product_tag-jeux-libres-en-bois","41":"product_tag-jouets-en-bois-waldorf","42":"product_tag-les-cadres-arc-en-ciel-de-grimm","43":"product_tag-les-plateaux-de-grimms","44":"product_tag-les-quatre-elements-waldorf","45":"product_tag-magasin-de-jouets-en-bois-grimm","46":"product_tag-plateaux-a-jouets-en-bois-grimms","47":"product_tag-plateaux-arc-en-ciel","48":"product_tag-plateaux-de-jeu-arc-en-ciel","49":"product_tag-plateaux-de-travail-arc-en-ciel","50":"product_tag-plateaux-en-bois-de-grimm-aux-couleurs-de-larc-en-ciel","52":"first","53":"instock","54":"taxable","55":"shipping-taxable","56":"purchasable","57":"product-type-simple"},"yoast_head":"<!-- This site is optimized with the Yoast SEO plugin v27.1.1 - https:\/\/yoast.com\/product\/yoast-seo-wordpress\/ -->\n<title>6 cadres arc-en-ciel - Grimm&#039;s - Teia Education &amp; Play<\/title>\n<meta name=\"description\" content=\"Les 6 magnifiques Grimm&#039;s cadres arc-en-ciel en bois durable faits main font de parfaits petits plateaux \u00e0 jouets et de diff\u00e9rentes activit\u00e9s.\" \/>\n<meta name=\"robots\" content=\"index, follow, max-snippet:-1, max-image-preview:large, max-video-preview:-1\" \/>\n<link rel=\"canonical\" href=\"https:\/\/teiaeducation.ch\/fr\/produit\/arc-en-ciel-cadres-grimms\/\" \/>\n<meta property=\"og:locale\" content=\"fr_FR\" \/>\n<meta property=\"og:type\" content=\"article\" \/>\n<meta property=\"og:title\" content=\"6 cadres arc-en-ciel - Grimm&#039;s - Teia Education &amp; Play\" \/>\n<meta property=\"og:description\" content=\"Les 6 magnifiques Grimm&#039;s cadres arc-en-ciel en bois durable faits main font de parfaits petits plateaux \u00e0 jouets et de diff\u00e9rentes activit\u00e9s.\" \/>\n<meta property=\"og:url\" content=\"https:\/\/teiaeducation.ch\/fr\/produit\/arc-en-ciel-cadres-grimms\/\" \/>\n<meta property=\"og:site_name\" content=\"Sustainable Educational Products &amp; Ecological Toys\u00a0\" \/>\n<meta property=\"article:publisher\" content=\"https:\/\/www.facebook.com\/teiaeducation\/\" \/>\n<meta property=\"article:modified_time\" content=\"2021-10-19T08:41:46+00:00\" \/>\n<meta property=\"og:image\" content=\"https:\/\/teiaeducation.ch\/wp-content\/uploads\/2020\/10\/Rainbow-frames-Grimms.jpg\" \/>\n\t<meta property=\"og:image:width\" content=\"800\" \/>\n\t<meta property=\"og:image:height\" content=\"626\" \/>\n\t<meta property=\"og:image:type\" content=\"image\/jpeg\" \/>\n<script type=\"application\/ld+json\" class=\"yoast-schema-graph\">{\"@context\":\"https:\/\/schema.org\",\"@graph\":[{\"@type\":\"WebPage\",\"@id\":\"https:\/\/teiaeducation.ch\/fr\/produit\/arc-en-ciel-cadres-grimms\/\",\"url\":\"https:\/\/teiaeducation.ch\/fr\/produit\/arc-en-ciel-cadres-grimms\/\",\"name\":\"6 cadres arc-en-ciel - Grimm's - Teia Education & Play\",\"isPartOf\":{\"@id\":\"https:\/\/teiaeducation.ch\/fr\/#website\"},\"primaryImageOfPage\":{\"@id\":\"https:\/\/teiaeducation.ch\/fr\/produit\/arc-en-ciel-cadres-grimms\/#primaryimage\"},\"image\":{\"@id\":\"https:\/\/teiaeducation.ch\/fr\/produit\/arc-en-ciel-cadres-grimms\/#primaryimage\"},\"thumbnailUrl\":\"https:\/\/teiaeducation.ch\/wp-content\/uploads\/2020\/10\/Rainbow-frames-Grimms.jpg\",\"datePublished\":\"2020-12-04T16:50:14+00:00\",\"dateModified\":\"2021-10-19T08:41:46+00:00\",\"description\":\"Les 6 magnifiques Grimm's cadres arc-en-ciel en bois durable faits main font de parfaits petits plateaux \u00e0 jouets et de diff\u00e9rentes activit\u00e9s.\",\"breadcrumb\":{\"@id\":\"https:\/\/teiaeducation.ch\/fr\/produit\/arc-en-ciel-cadres-grimms\/#breadcrumb\"},\"inLanguage\":\"fr-FR\",\"potentialAction\":[{\"@type\":\"ReadAction\",\"target\":[\"https:\/\/teiaeducation.ch\/fr\/produit\/arc-en-ciel-cadres-grimms\/\"]}]},{\"@type\":\"ImageObject\",\"inLanguage\":\"fr-FR\",\"@id\":\"https:\/\/teiaeducation.ch\/fr\/produit\/arc-en-ciel-cadres-grimms\/#primaryimage\",\"url\":\"https:\/\/teiaeducation.ch\/wp-content\/uploads\/2020\/10\/Rainbow-frames-Grimms.jpg\",\"contentUrl\":\"https:\/\/teiaeducation.ch\/wp-content\/uploads\/2020\/10\/Rainbow-frames-Grimms.jpg\",\"width\":800,\"height\":626,\"caption\":\"Plateaux \u00e0 jouets en bois durable faits main Cadres arc-en-ciel - Grimm's\"},{\"@type\":\"BreadcrumbList\",\"@id\":\"https:\/\/teiaeducation.ch\/fr\/produit\/arc-en-ciel-cadres-grimms\/#breadcrumb\",\"itemListElement\":[{\"@type\":\"ListItem\",\"position\":1,\"name\":\"Home\",\"item\":\"https:\/\/teiaeducation.ch\/fr\/\"},{\"@type\":\"ListItem\",\"position\":2,\"name\":\"Boutique Teia Education &amp; Play\",\"item\":\"https:\/\/teiaeducation.ch\/fr\/boutique\/\"},{\"@type\":\"ListItem\",\"position\":3,\"name\":\"Domaines du Curriculum\",\"item\":\"https:\/\/teiaeducation.ch\/fr\/categorie-produit\/domaines-du-curriculum\/\"},{\"@type\":\"ListItem\",\"position\":4,\"name\":\"Sensorielles &amp; Motrices\",\"item\":\"https:\/\/teiaeducation.ch\/fr\/categorie-produit\/domaines-du-curriculum\/sensorielles-motrices\/\"},{\"@type\":\"ListItem\",\"position\":5,\"name\":\"Apprendre les Couleurs\",\"item\":\"https:\/\/teiaeducation.ch\/fr\/categorie-produit\/domaines-du-curriculum\/sensorielles-motrices\/apprendre-les-couleurs\/\"},{\"@type\":\"ListItem\",\"position\":6,\"name\":\"6 cadres arc-en-ciel &#8211; Grimm&#8217;s\"}]},{\"@type\":\"WebSite\",\"@id\":\"https:\/\/teiaeducation.ch\/fr\/#website\",\"url\":\"https:\/\/teiaeducation.ch\/fr\/\",\"name\":\"Sustainable Educational Products &amp; Ecological Toys\u00a0\",\"description\":\"Specialised Swiss shop selling sustainable educational toys and games, AMI certified Montessori materials, handmade ecological wooden Waldorf toys and arts &amp; crafts supplies, school supplies, children&#039;s furniture and Montessori reference and parenting books.\",\"publisher\":{\"@id\":\"https:\/\/teiaeducation.ch\/fr\/#organization\"},\"alternateName\":\"Teia Education & Play\",\"potentialAction\":[{\"@type\":\"SearchAction\",\"target\":{\"@type\":\"EntryPoint\",\"urlTemplate\":\"https:\/\/teiaeducation.ch\/fr\/?s={search_term_string}\"},\"query-input\":{\"@type\":\"PropertyValueSpecification\",\"valueRequired\":true,\"valueName\":\"search_term_string\"}}],\"inLanguage\":\"fr-FR\"},{\"@type\":\"Organization\",\"@id\":\"https:\/\/teiaeducation.ch\/fr\/#organization\",\"name\":\"Teia Education & Play\",\"url\":\"https:\/\/teiaeducation.ch\/fr\/\",\"logo\":{\"@type\":\"ImageObject\",\"inLanguage\":\"fr-FR\",\"@id\":\"https:\/\/teiaeducation.ch\/fr\/#\/schema\/logo\/image\/\",\"url\":\"https:\/\/teiaeducation.ch\/wp-content\/uploads\/2020\/11\/Teia-Education-Switzerland-e1620156442216.jpg\",\"contentUrl\":\"https:\/\/teiaeducation.ch\/wp-content\/uploads\/2020\/11\/Teia-Education-Switzerland-e1620156442216.jpg\",\"width\":166,\"height\":145,\"caption\":\"Teia Education & Play\"},\"image\":{\"@id\":\"https:\/\/teiaeducation.ch\/fr\/#\/schema\/logo\/image\/\"},\"sameAs\":[\"https:\/\/www.facebook.com\/teiaeducation\/\",\"https:\/\/x.com\/EducationTeia\",\"https:\/\/www.instagram.com\/teia.education\/\",\"https:\/\/www.linkedin.com\/company\/35501660\",\"https:\/\/www.pinterest.ch\/TeiaEducation\/\"]}]}<\/script>\n<!-- \/ Yoast SEO plugin. -->","yoast_head_json":{"title":"6 cadres arc-en-ciel - Grimm's - Teia Education & Play","description":"Les 6 magnifiques Grimm's cadres arc-en-ciel en bois durable faits main font de parfaits petits plateaux \u00e0 jouets et de diff\u00e9rentes activit\u00e9s.","robots":{"index":"index","follow":"follow","max-snippet":"max-snippet:-1","max-image-preview":"max-image-preview:large","max-video-preview":"max-video-preview:-1"},"canonical":"https:\/\/teiaeducation.ch\/fr\/produit\/arc-en-ciel-cadres-grimms\/","og_locale":"fr_FR","og_type":"article","og_title":"6 cadres arc-en-ciel - Grimm's - Teia Education & Play","og_description":"Les 6 magnifiques Grimm's cadres arc-en-ciel en bois durable faits main font de parfaits petits plateaux \u00e0 jouets et de diff\u00e9rentes activit\u00e9s.","og_url":"https:\/\/teiaeducation.ch\/fr\/produit\/arc-en-ciel-cadres-grimms\/","og_site_name":"Sustainable Educational Products &amp; Ecological Toys\u00a0","article_publisher":"https:\/\/www.facebook.com\/teiaeducation\/","article_modified_time":"2021-10-19T08:41:46+00:00","og_image":[{"width":800,"height":626,"url":"https:\/\/teiaeducation.ch\/wp-content\/uploads\/2020\/10\/Rainbow-frames-Grimms.jpg","type":"image\/jpeg"}],"schema":{"@context":"https:\/\/schema.org","@graph":[{"@type":"WebPage","@id":"https:\/\/teiaeducation.ch\/fr\/produit\/arc-en-ciel-cadres-grimms\/","url":"https:\/\/teiaeducation.ch\/fr\/produit\/arc-en-ciel-cadres-grimms\/","name":"6 cadres arc-en-ciel - Grimm's - Teia Education & Play","isPartOf":{"@id":"https:\/\/teiaeducation.ch\/fr\/#website"},"primaryImageOfPage":{"@id":"https:\/\/teiaeducation.ch\/fr\/produit\/arc-en-ciel-cadres-grimms\/#primaryimage"},"image":{"@id":"https:\/\/teiaeducation.ch\/fr\/produit\/arc-en-ciel-cadres-grimms\/#primaryimage"},"thumbnailUrl":"https:\/\/teiaeducation.ch\/wp-content\/uploads\/2020\/10\/Rainbow-frames-Grimms.jpg","datePublished":"2020-12-04T16:50:14+00:00","dateModified":"2021-10-19T08:41:46+00:00","description":"Les 6 magnifiques Grimm's cadres arc-en-ciel en bois durable faits main font de parfaits petits plateaux \u00e0 jouets et de diff\u00e9rentes activit\u00e9s.","breadcrumb":{"@id":"https:\/\/teiaeducation.ch\/fr\/produit\/arc-en-ciel-cadres-grimms\/#breadcrumb"},"inLanguage":"fr-FR","potentialAction":[{"@type":"ReadAction","target":["https:\/\/teiaeducation.ch\/fr\/produit\/arc-en-ciel-cadres-grimms\/"]}]},{"@type":"ImageObject","inLanguage":"fr-FR","@id":"https:\/\/teiaeducation.ch\/fr\/produit\/arc-en-ciel-cadres-grimms\/#primaryimage","url":"https:\/\/teiaeducation.ch\/wp-content\/uploads\/2020\/10\/Rainbow-frames-Grimms.jpg","contentUrl":"https:\/\/teiaeducation.ch\/wp-content\/uploads\/2020\/10\/Rainbow-frames-Grimms.jpg","width":800,"height":626,"caption":"Plateaux \u00e0 jouets en bois durable faits main Cadres arc-en-ciel - Grimm's"},{"@type":"BreadcrumbList","@id":"https:\/\/teiaeducation.ch\/fr\/produit\/arc-en-ciel-cadres-grimms\/#breadcrumb","itemListElement":[{"@type":"ListItem","position":1,"name":"Home","item":"https:\/\/teiaeducation.ch\/fr\/"},{"@type":"ListItem","position":2,"name":"Boutique Teia Education &amp; Play","item":"https:\/\/teiaeducation.ch\/fr\/boutique\/"},{"@type":"ListItem","position":3,"name":"Domaines du Curriculum","item":"https:\/\/teiaeducation.ch\/fr\/categorie-produit\/domaines-du-curriculum\/"},{"@type":"ListItem","position":4,"name":"Sensorielles &amp; Motrices","item":"https:\/\/teiaeducation.ch\/fr\/categorie-produit\/domaines-du-curriculum\/sensorielles-motrices\/"},{"@type":"ListItem","position":5,"name":"Apprendre les Couleurs","item":"https:\/\/teiaeducation.ch\/fr\/categorie-produit\/domaines-du-curriculum\/sensorielles-motrices\/apprendre-les-couleurs\/"},{"@type":"ListItem","position":6,"name":"6 cadres arc-en-ciel &#8211; Grimm&#8217;s"}]},{"@type":"WebSite","@id":"https:\/\/teiaeducation.ch\/fr\/#website","url":"https:\/\/teiaeducation.ch\/fr\/","name":"Sustainable Educational Products &amp; Ecological Toys\u00a0","description":"Specialised Swiss shop selling sustainable educational toys and games, AMI certified Montessori materials, handmade ecological wooden Waldorf toys and arts &amp; crafts supplies, school supplies, children&#039;s furniture and Montessori reference and parenting books.","publisher":{"@id":"https:\/\/teiaeducation.ch\/fr\/#organization"},"alternateName":"Teia Education & Play","potentialAction":[{"@type":"SearchAction","target":{"@type":"EntryPoint","urlTemplate":"https:\/\/teiaeducation.ch\/fr\/?s={search_term_string}"},"query-input":{"@type":"PropertyValueSpecification","valueRequired":true,"valueName":"search_term_string"}}],"inLanguage":"fr-FR"},{"@type":"Organization","@id":"https:\/\/teiaeducation.ch\/fr\/#organization","name":"Teia Education & Play","url":"https:\/\/teiaeducation.ch\/fr\/","logo":{"@type":"ImageObject","inLanguage":"fr-FR","@id":"https:\/\/teiaeducation.ch\/fr\/#\/schema\/logo\/image\/","url":"https:\/\/teiaeducation.ch\/wp-content\/uploads\/2020\/11\/Teia-Education-Switzerland-e1620156442216.jpg","contentUrl":"https:\/\/teiaeducation.ch\/wp-content\/uploads\/2020\/11\/Teia-Education-Switzerland-e1620156442216.jpg","width":166,"height":145,"caption":"Teia Education & Play"},"image":{"@id":"https:\/\/teiaeducation.ch\/fr\/#\/schema\/logo\/image\/"},"sameAs":["https:\/\/www.facebook.com\/teiaeducation\/","https:\/\/x.com\/EducationTeia","https:\/\/www.instagram.com\/teia.education\/","https:\/\/www.linkedin.com\/company\/35501660","https:\/\/www.pinterest.ch\/TeiaEducation\/"]}]}},"_links":{"self":[{"href":"https:\/\/teiaeducation.ch\/fr\/wp-json\/wp\/v2\/product\/36580","targetHints":{"allow":["GET"]}}],"collection":[{"href":"https:\/\/teiaeducation.ch\/fr\/wp-json\/wp\/v2\/product"}],"about":[{"href":"https:\/\/teiaeducation.ch\/fr\/wp-json\/wp\/v2\/types\/product"}],"replies":[{"embeddable":true,"href":"https:\/\/teiaeducation.ch\/fr\/wp-json\/wp\/v2\/comments?post=36580"}],"wp:featuredmedia":[{"embeddable":true,"href":"https:\/\/teiaeducation.ch\/fr\/wp-json\/wp\/v2\/media\/30959"}],"wp:attachment":[{"href":"https:\/\/teiaeducation.ch\/fr\/wp-json\/wp\/v2\/media?parent=36580"}],"wp:term":[{"taxonomy":"product_brand","embeddable":true,"href":"https:\/\/teiaeducation.ch\/fr\/wp-json\/wp\/v2\/product_brand?post=36580"},{"taxonomy":"product_cat","embeddable":true,"href":"https:\/\/teiaeducation.ch\/fr\/wp-json\/wp\/v2\/product_cat?post=36580"},{"taxonomy":"product_tag","embeddable":true,"href":"https:\/\/teiaeducation.ch\/fr\/wp-json\/wp\/v2\/product_tag?post=36580"}],"curies":[{"name":"wp","href":"https:\/\/api.w.org\/{rel}","templated":true}]}}