{"id":36581,"date":"2020-12-04T17:40:47","date_gmt":"2020-12-04T16:40:47","guid":{"rendered":"https:\/\/teiaeducation.ch\/product\/jeu-denfilage-de-petites-bobines-grimms\/"},"modified":"2025-10-01T11:20:43","modified_gmt":"2025-10-01T09:20:43","slug":"petits-bobines-jeu-denfant-grimms","status":"publish","type":"product","link":"https:\/\/teiaeducation.ch\/fr\/produit\/petits-bobines-jeu-denfant-grimms\/","title":{"rendered":"Jeu d&#8217;enfilage de petites bobines &#8211; Grimm&#8217;s"},"content":{"rendered":"<p>Jeu d&#8217;enfilage de petites bobines \/ Jouet en bois durable fait main &#8211; Grimm&#8217;s<\/p>\n<p>Le jeu d&#8217;enfilage de petites bobines de Grimm&#8217;s est un jouet d&#8217;activit\u00e9 amusant et tr\u00e8s polyvalent en bois durable fabriqu\u00e9 \u00e0 la main pour apprendre par le jeu.<\/p>\n<p>Entra\u00eenez-vous \u00e0 enfiler, empiler et trier avec ce magnifique jouet en bois comprenant 6 bobines arc-en-ciel, une base en bois avec 6 chevilles de couleur assortie et une aiguille \u00e0 enfiler en bois avec cordon attach\u00e9.<\/p>\n<p>Un jeu merveilleux pour les tout-petits et les jeunes enfants, qui les aide \u00e0 apprendre les couleurs et \u00e0 d\u00e9velopper leur <a href=\"https:\/\/teiaeducation.ch\/product-category\/curriculum-areas\/sensory-motor-skills\/motor-skills\/\">motricit\u00e9<\/a>globale et fine. Les enfants aiment aussi enrouler le fil ou diff\u00e9rents rubans autour des bobines.<\/p>\n<p>Le jeu d&#8217;enfilage de petites bobines de Grimm&#8217;s est fabriqu\u00e9 \u00e0 la main en bois d&#8217;\u00e9rable et de tilleul. Chaque bobine est peinte \u00e0 la main dans un ton arc-en-ciel diff\u00e9rent avec une teinture non toxique \u00e0 base d&#8217;eau, ce qui la rend s\u00fbre pour les jeunes enfants. La base a une finition non toxique \u00e0 base d&#8217;huile v\u00e9g\u00e9tale et mesure 22,5 cm de long.<\/p>\n<p>Id\u00e9al pour jouer \u00e0 la maison, \u00e0 la cr\u00e8che, \u00e0 Waldorf ou \u00e0 l\u2019\u00e9cole Steiner, les beaux jouets en bois naturel de Grimm&#8217;s sont fabriqu\u00e9s selon la philosophie Waldorf qui est bien connue pour encourager les enfants \u00e0 d\u00e9couvrir le jeu cr\u00e9atif de mani\u00e8re ind\u00e9pendante, sans limitations et \u00e0 un rythme effr\u00e9n\u00e9. Les jouets en bois de Grimm&#8217;s sont color\u00e9s \u00e0 la main avec des peintures \u00e0 base d\u2019eau non toxiques et ne sont pas finis avec de la laque pour assurer les caract\u00e9ristiques originales du bois et pour qu&#8217;on puisse voir le grain \u00e0 travers. La surface des jouets fabriqu\u00e9s \u00e0 partir de bois europ\u00e9ens certifi\u00e9 FSC est laiss\u00e9e l\u00e9g\u00e8rement rugueuse, ce qui les rend plus facilement empilables et moins glissants.<\/p>\n<p>Les jouets en bois de Grimm&#8217;s sont fabriqu\u00e9s dans les manufacture de Grimm&#8217;s en Allemagne ainsi que dans plusieurs ateliers \u00e0 travers l\u2019Europe \u00e0 partir de diff\u00e9rents types de bois tels que l\u2019aulne, la chaux, le h\u00eatre et l\u2019\u00e9rable. Tout le bois utilis\u00e9 pour fabriquer les jouets de Grimm&#8217;s provient de for\u00eats europ\u00e9ennes g\u00e9r\u00e9es de mani\u00e8re durable.<\/p>\n<p>Veuillez noter que les jouets de Grimm&#8217;s sont toujours uniques, et portent des marques uniques faites par la nature. Le grain du bois a des structures et des couleurs changeantes qui servent de preuve de ses origines naturelles. Les variations uniques, les marques, les noeuds, les motifs, les rayures noires ou les taches sombres qui peuvent \u00eatre visibles dans le bois des jouets de Grimm&#8217;s sont une preuve de qualit\u00e9, et non des d\u00e9fauts.<\/p>\n<p>Le jeu d&#8217;enfilage de petites bobines de Grimm&#8217;s est recommand\u00e9 pour les enfants \u00e2g\u00e9s de 1 an et plus.<\/p>\n<p>Contenu :<\/p>\n<p>8 pi\u00e8ces, y compris l&#8217;aiguille en bois.<\/p>\n","protected":false},"excerpt":{"rendered":"<p>Num\u00e9ro d&#8217;article : gri10316<\/p>\n<p>Le jeu d&#8217;enfilage de petites bobines de Grimm&#8217;s est un jouet d&#8217;activit\u00e9 amusant et tr\u00e8s polyvalent en bois durable fabriqu\u00e9 \u00e0 la main pour l&#8217;apprentissage par le jeu pour les tout-petits et les jeunes enfants.<\/p>\n","protected":false},"featured_media":32282,"comment_status":"open","ping_status":"closed","template":"","meta":[],"product_brand":[],"product_cat":[208,633,22344,635,283,24865,13145,8526,17212,17242,8572,13130,13144,626,23020,23021,1220,23650,13142,7595,217,5851,24868,209,212,1219],"product_tag":[17332,17334,19566,17335,19564,19567,19569,8605,19568,17363,17560,19565,17336],"class_list":{"0":"post-36581","1":"product","2":"type-product","3":"status-publish","4":"has-post-thumbnail","6":"product_cat-1-3-ans","7":"product_cat-apprendre-les-couleurs","8":"product_cat-collections-saisonnieres","9":"product_cat-competences-motrices","10":"product_cat-domaines-du-curriculum","11":"product_cat-empilage-tri","12":"product_cat-enfiler","13":"product_cat-fournitures-scolaires-a-domicile","14":"product_cat-grimms-fr","15":"product_cat-guide-cadeaux-1-3-ans","16":"product_cat-jeu-et-apprentissage-pour-bebes-et-jeunes-enfants","17":"product_cat-jouer","18":"product_cat-jouets-a-empiler","19":"product_cat-jouets-a-trier","20":"product_cat-jouets-en-bois","21":"product_cat-jouets-waldorf","22":"product_cat-traditionnelle","23":"product_cat-la-rentree-scolaire","24":"product_cat-jeu-sensoriel","25":"product_cat-methode-deducation","26":"product_cat-marques","27":"product_cat-nouveautes","28":"product_cat-perles-enfilage","29":"product_cat-sensorielles-motrices","30":"product_cat-tranche-dage","31":"product_cat-waldorf-fr","32":"product_tag-grimm-suisse","33":"product_tag-grimm-suisse-fr","34":"product_tag-grimms-bobines","35":"product_tag-grimme-suisse","36":"product_tag-jeu-de-fil-de-grimms-petites-bobines","37":"product_tag-jeux-denfilage","38":"product_tag-jouets-dactivite-en-bois","39":"product_tag-jouets-educatifs-en-bois-fr","40":"product_tag-jouets-en-bois-aux-couleurs-de-larc-en-ciel","41":"product_tag-jouets-en-bois-de-grimm","42":"product_tag-jouets-en-bois-pour-petits-enfants","43":"product_tag-le-jeu-denfilage-de-grimms","44":"product_tag-magasin-de-jouets-en-bois-grimm","46":"first","47":"outofstock","48":"taxable","49":"shipping-taxable","50":"purchasable","51":"product-type-simple"},"yoast_head":"<!-- This site is optimized with the Yoast SEO Premium plugin v25.8 (Yoast SEO v27.4) - https:\/\/yoast.com\/product\/yoast-seo-premium-wordpress\/ -->\n<title>Jeu d&#039;enfilage de petites bobines - Grimm&#039;s - Teia Education &amp; Play<\/title>\n<meta name=\"description\" content=\"Le jeu d&#039;enfilage de petites bobines de Grimm est un jouet d&#039;activit\u00e9 amusant et tr\u00e8s polyvalent en bois durable fabriqu\u00e9 \u00e0 la main pour l&#039;apprentissage par le jeu pour les tout-petits.\" \/>\n<meta name=\"robots\" content=\"index, follow, max-snippet:-1, max-image-preview:large, max-video-preview:-1\" \/>\n<link rel=\"canonical\" href=\"https:\/\/teiaeducation.ch\/fr\/produit\/petits-bobines-jeu-denfant-grimms\/\" \/>\n<meta property=\"og:locale\" content=\"fr_FR\" \/>\n<meta property=\"og:type\" content=\"article\" \/>\n<meta property=\"og:title\" content=\"Jeu d&#039;enfilage de petites bobines - Grimm&#039;s\" \/>\n<meta property=\"og:description\" content=\"Le jeu d&#039;enfilage de petites bobines de Grimm est un jouet d&#039;activit\u00e9 amusant et tr\u00e8s polyvalent en bois durable fabriqu\u00e9 \u00e0 la main pour l&#039;apprentissage par le jeu pour les tout-petits.\" \/>\n<meta property=\"og:url\" content=\"https:\/\/teiaeducation.ch\/fr\/produit\/petits-bobines-jeu-denfant-grimms\/\" \/>\n<meta property=\"og:site_name\" content=\"Sustainable Educational Products &amp; Ecological Toys\u00a0\" \/>\n<meta property=\"article:publisher\" content=\"https:\/\/www.facebook.com\/teiaeducation\/\" \/>\n<meta property=\"article:modified_time\" content=\"2025-10-01T09:20:43+00:00\" \/>\n<meta property=\"og:image\" content=\"https:\/\/teiaeducation.ch\/wp-content\/uploads\/2020\/11\/Small-bobbins-threading-game-Grimms.jpg\" \/>\n\t<meta property=\"og:image:width\" content=\"900\" \/>\n\t<meta property=\"og:image:height\" content=\"900\" \/>\n\t<meta property=\"og:image:type\" content=\"image\/jpeg\" \/>\n<script type=\"application\/ld+json\" class=\"yoast-schema-graph\">{\"@context\":\"https:\\\/\\\/schema.org\",\"@graph\":[{\"@type\":\"WebPage\",\"@id\":\"https:\\\/\\\/teiaeducation.ch\\\/fr\\\/produit\\\/petits-bobines-jeu-denfant-grimms\\\/\",\"url\":\"https:\\\/\\\/teiaeducation.ch\\\/fr\\\/produit\\\/petits-bobines-jeu-denfant-grimms\\\/\",\"name\":\"Jeu d'enfilage de petites bobines - Grimm's - Teia Education & Play\",\"isPartOf\":{\"@id\":\"https:\\\/\\\/teiaeducation.ch\\\/fr\\\/#website\"},\"primaryImageOfPage\":{\"@id\":\"https:\\\/\\\/teiaeducation.ch\\\/fr\\\/produit\\\/petits-bobines-jeu-denfant-grimms\\\/#primaryimage\"},\"image\":{\"@id\":\"https:\\\/\\\/teiaeducation.ch\\\/fr\\\/produit\\\/petits-bobines-jeu-denfant-grimms\\\/#primaryimage\"},\"thumbnailUrl\":\"https:\\\/\\\/teiaeducation.ch\\\/wp-content\\\/uploads\\\/2020\\\/11\\\/Small-bobbins-threading-game-Grimms.jpg\",\"datePublished\":\"2020-12-04T16:40:47+00:00\",\"dateModified\":\"2025-10-01T09:20:43+00:00\",\"description\":\"Le jeu d'enfilage de petites bobines de Grimm est un jouet d'activit\u00e9 amusant et tr\u00e8s polyvalent en bois durable fabriqu\u00e9 \u00e0 la main pour l'apprentissage par le jeu pour les tout-petits.\",\"breadcrumb\":{\"@id\":\"https:\\\/\\\/teiaeducation.ch\\\/fr\\\/produit\\\/petits-bobines-jeu-denfant-grimms\\\/#breadcrumb\"},\"inLanguage\":\"fr-FR\",\"potentialAction\":[{\"@type\":\"ReadAction\",\"target\":[\"https:\\\/\\\/teiaeducation.ch\\\/fr\\\/produit\\\/petits-bobines-jeu-denfant-grimms\\\/\"]}]},{\"@type\":\"ImageObject\",\"inLanguage\":\"fr-FR\",\"@id\":\"https:\\\/\\\/teiaeducation.ch\\\/fr\\\/produit\\\/petits-bobines-jeu-denfant-grimms\\\/#primaryimage\",\"url\":\"https:\\\/\\\/teiaeducation.ch\\\/wp-content\\\/uploads\\\/2020\\\/11\\\/Small-bobbins-threading-game-Grimms.jpg\",\"contentUrl\":\"https:\\\/\\\/teiaeducation.ch\\\/wp-content\\\/uploads\\\/2020\\\/11\\\/Small-bobbins-threading-game-Grimms.jpg\",\"width\":900,\"height\":900,\"caption\":\"Jouet en bois durable fait main Jeu d'enfilage de petites bobines - Grimm's\"},{\"@type\":\"BreadcrumbList\",\"@id\":\"https:\\\/\\\/teiaeducation.ch\\\/fr\\\/produit\\\/petits-bobines-jeu-denfant-grimms\\\/#breadcrumb\",\"itemListElement\":[{\"@type\":\"ListItem\",\"position\":1,\"name\":\"Home\",\"item\":\"https:\\\/\\\/teiaeducation.ch\\\/fr\\\/\"},{\"@type\":\"ListItem\",\"position\":2,\"name\":\"Boutique Teia Education &amp; Play\",\"item\":\"https:\\\/\\\/teiaeducation.ch\\\/fr\\\/boutique\\\/\"},{\"@type\":\"ListItem\",\"position\":3,\"name\":\"Nos Marques\",\"item\":\"https:\\\/\\\/teiaeducation.ch\\\/fr\\\/categorie-produit\\\/marques\\\/\"},{\"@type\":\"ListItem\",\"position\":4,\"name\":\"Grimm's\",\"item\":\"https:\\\/\\\/teiaeducation.ch\\\/fr\\\/categorie-produit\\\/marques\\\/grimms-fr\\\/\"},{\"@type\":\"ListItem\",\"position\":5,\"name\":\"Jeu d&#8217;enfilage de petites bobines &#8211; Grimm&#8217;s\"}]},{\"@type\":\"WebSite\",\"@id\":\"https:\\\/\\\/teiaeducation.ch\\\/fr\\\/#website\",\"url\":\"https:\\\/\\\/teiaeducation.ch\\\/fr\\\/\",\"name\":\"Sustainable Educational Products &amp; Ecological Toys\u00a0\",\"description\":\"Specialised Swiss shop selling sustainable educational toys and games, AMI certified Montessori materials, handmade ecological wooden Waldorf toys and arts &amp; crafts supplies, school supplies, children&#039;s furniture and Montessori reference and parenting books.\",\"publisher\":{\"@id\":\"https:\\\/\\\/teiaeducation.ch\\\/fr\\\/#organization\"},\"alternateName\":\"Teia Education & Play\",\"potentialAction\":[{\"@type\":\"SearchAction\",\"target\":{\"@type\":\"EntryPoint\",\"urlTemplate\":\"https:\\\/\\\/teiaeducation.ch\\\/fr\\\/?s={search_term_string}\"},\"query-input\":{\"@type\":\"PropertyValueSpecification\",\"valueRequired\":true,\"valueName\":\"search_term_string\"}}],\"inLanguage\":\"fr-FR\"},{\"@type\":\"Organization\",\"@id\":\"https:\\\/\\\/teiaeducation.ch\\\/fr\\\/#organization\",\"name\":\"Teia Education & Play\",\"url\":\"https:\\\/\\\/teiaeducation.ch\\\/fr\\\/\",\"logo\":{\"@type\":\"ImageObject\",\"inLanguage\":\"fr-FR\",\"@id\":\"https:\\\/\\\/teiaeducation.ch\\\/fr\\\/#\\\/schema\\\/logo\\\/image\\\/\",\"url\":\"https:\\\/\\\/teiaeducation.ch\\\/wp-content\\\/uploads\\\/2020\\\/11\\\/Teia-Education-Switzerland-e1620156442216.jpg\",\"contentUrl\":\"https:\\\/\\\/teiaeducation.ch\\\/wp-content\\\/uploads\\\/2020\\\/11\\\/Teia-Education-Switzerland-e1620156442216.jpg\",\"width\":166,\"height\":145,\"caption\":\"Teia Education & Play\"},\"image\":{\"@id\":\"https:\\\/\\\/teiaeducation.ch\\\/fr\\\/#\\\/schema\\\/logo\\\/image\\\/\"},\"sameAs\":[\"https:\\\/\\\/www.facebook.com\\\/teiaeducation\\\/\",\"https:\\\/\\\/x.com\\\/EducationTeia\",\"https:\\\/\\\/www.instagram.com\\\/teia.education\\\/\",\"https:\\\/\\\/www.linkedin.com\\\/company\\\/35501660\",\"https:\\\/\\\/www.pinterest.ch\\\/TeiaEducation\\\/\"]}]}<\/script>\n<meta property=\"product:price:amount\" content=\"32.90\" \/>\n<meta property=\"product:price:currency\" content=\"CHF\" \/>\n<meta property=\"og:availability\" content=\"out of stock\" \/>\n<meta property=\"product:availability\" content=\"out of stock\" \/>\n<meta property=\"product:retailer_item_id\" content=\"00000000000000000000000000000000000000000000032280\" \/>\n<meta property=\"product:condition\" content=\"new\" \/>\n<!-- \/ Yoast SEO Premium plugin. -->","yoast_head_json":{"title":"Jeu d'enfilage de petites bobines - Grimm's - Teia Education & Play","description":"Le jeu d'enfilage de petites bobines de Grimm est un jouet d'activit\u00e9 amusant et tr\u00e8s polyvalent en bois durable fabriqu\u00e9 \u00e0 la main pour l'apprentissage par le jeu pour les tout-petits.","robots":{"index":"index","follow":"follow","max-snippet":"max-snippet:-1","max-image-preview":"max-image-preview:large","max-video-preview":"max-video-preview:-1"},"canonical":"https:\/\/teiaeducation.ch\/fr\/produit\/petits-bobines-jeu-denfant-grimms\/","og_locale":"fr_FR","og_type":"article","og_title":"Jeu d'enfilage de petites bobines - Grimm's","og_description":"Le jeu d'enfilage de petites bobines de Grimm est un jouet d'activit\u00e9 amusant et tr\u00e8s polyvalent en bois durable fabriqu\u00e9 \u00e0 la main pour l'apprentissage par le jeu pour les tout-petits.","og_url":"https:\/\/teiaeducation.ch\/fr\/produit\/petits-bobines-jeu-denfant-grimms\/","og_site_name":"Sustainable Educational Products &amp; Ecological Toys\u00a0","article_publisher":"https:\/\/www.facebook.com\/teiaeducation\/","article_modified_time":"2025-10-01T09:20:43+00:00","og_image":[{"width":900,"height":900,"url":"https:\/\/teiaeducation.ch\/wp-content\/uploads\/2020\/11\/Small-bobbins-threading-game-Grimms.jpg","type":"image\/jpeg"}],"schema":{"@context":"https:\/\/schema.org","@graph":[{"@type":"WebPage","@id":"https:\/\/teiaeducation.ch\/fr\/produit\/petits-bobines-jeu-denfant-grimms\/","url":"https:\/\/teiaeducation.ch\/fr\/produit\/petits-bobines-jeu-denfant-grimms\/","name":"Jeu d'enfilage de petites bobines - Grimm's - Teia Education & Play","isPartOf":{"@id":"https:\/\/teiaeducation.ch\/fr\/#website"},"primaryImageOfPage":{"@id":"https:\/\/teiaeducation.ch\/fr\/produit\/petits-bobines-jeu-denfant-grimms\/#primaryimage"},"image":{"@id":"https:\/\/teiaeducation.ch\/fr\/produit\/petits-bobines-jeu-denfant-grimms\/#primaryimage"},"thumbnailUrl":"https:\/\/teiaeducation.ch\/wp-content\/uploads\/2020\/11\/Small-bobbins-threading-game-Grimms.jpg","datePublished":"2020-12-04T16:40:47+00:00","dateModified":"2025-10-01T09:20:43+00:00","description":"Le jeu d'enfilage de petites bobines de Grimm est un jouet d'activit\u00e9 amusant et tr\u00e8s polyvalent en bois durable fabriqu\u00e9 \u00e0 la main pour l'apprentissage par le jeu pour les tout-petits.","breadcrumb":{"@id":"https:\/\/teiaeducation.ch\/fr\/produit\/petits-bobines-jeu-denfant-grimms\/#breadcrumb"},"inLanguage":"fr-FR","potentialAction":[{"@type":"ReadAction","target":["https:\/\/teiaeducation.ch\/fr\/produit\/petits-bobines-jeu-denfant-grimms\/"]}]},{"@type":"ImageObject","inLanguage":"fr-FR","@id":"https:\/\/teiaeducation.ch\/fr\/produit\/petits-bobines-jeu-denfant-grimms\/#primaryimage","url":"https:\/\/teiaeducation.ch\/wp-content\/uploads\/2020\/11\/Small-bobbins-threading-game-Grimms.jpg","contentUrl":"https:\/\/teiaeducation.ch\/wp-content\/uploads\/2020\/11\/Small-bobbins-threading-game-Grimms.jpg","width":900,"height":900,"caption":"Jouet en bois durable fait main Jeu d'enfilage de petites bobines - Grimm's"},{"@type":"BreadcrumbList","@id":"https:\/\/teiaeducation.ch\/fr\/produit\/petits-bobines-jeu-denfant-grimms\/#breadcrumb","itemListElement":[{"@type":"ListItem","position":1,"name":"Home","item":"https:\/\/teiaeducation.ch\/fr\/"},{"@type":"ListItem","position":2,"name":"Boutique Teia Education &amp; Play","item":"https:\/\/teiaeducation.ch\/fr\/boutique\/"},{"@type":"ListItem","position":3,"name":"Nos Marques","item":"https:\/\/teiaeducation.ch\/fr\/categorie-produit\/marques\/"},{"@type":"ListItem","position":4,"name":"Grimm's","item":"https:\/\/teiaeducation.ch\/fr\/categorie-produit\/marques\/grimms-fr\/"},{"@type":"ListItem","position":5,"name":"Jeu d&#8217;enfilage de petites bobines &#8211; Grimm&#8217;s"}]},{"@type":"WebSite","@id":"https:\/\/teiaeducation.ch\/fr\/#website","url":"https:\/\/teiaeducation.ch\/fr\/","name":"Sustainable Educational Products &amp; Ecological Toys\u00a0","description":"Specialised Swiss shop selling sustainable educational toys and games, AMI certified Montessori materials, handmade ecological wooden Waldorf toys and arts &amp; crafts supplies, school supplies, children&#039;s furniture and Montessori reference and parenting books.","publisher":{"@id":"https:\/\/teiaeducation.ch\/fr\/#organization"},"alternateName":"Teia Education & Play","potentialAction":[{"@type":"SearchAction","target":{"@type":"EntryPoint","urlTemplate":"https:\/\/teiaeducation.ch\/fr\/?s={search_term_string}"},"query-input":{"@type":"PropertyValueSpecification","valueRequired":true,"valueName":"search_term_string"}}],"inLanguage":"fr-FR"},{"@type":"Organization","@id":"https:\/\/teiaeducation.ch\/fr\/#organization","name":"Teia Education & Play","url":"https:\/\/teiaeducation.ch\/fr\/","logo":{"@type":"ImageObject","inLanguage":"fr-FR","@id":"https:\/\/teiaeducation.ch\/fr\/#\/schema\/logo\/image\/","url":"https:\/\/teiaeducation.ch\/wp-content\/uploads\/2020\/11\/Teia-Education-Switzerland-e1620156442216.jpg","contentUrl":"https:\/\/teiaeducation.ch\/wp-content\/uploads\/2020\/11\/Teia-Education-Switzerland-e1620156442216.jpg","width":166,"height":145,"caption":"Teia Education & Play"},"image":{"@id":"https:\/\/teiaeducation.ch\/fr\/#\/schema\/logo\/image\/"},"sameAs":["https:\/\/www.facebook.com\/teiaeducation\/","https:\/\/x.com\/EducationTeia","https:\/\/www.instagram.com\/teia.education\/","https:\/\/www.linkedin.com\/company\/35501660","https:\/\/www.pinterest.ch\/TeiaEducation\/"]}]},"product_price_amount":"32.90","product_price_currency":"CHF","og_availability":"out of stock","product_availability":"out of stock","product_retailer_item_id":"00000000000000000000000000000000000000000000032280","product_condition":"new"},"_links":{"self":[{"href":"https:\/\/teiaeducation.ch\/fr\/wp-json\/wp\/v2\/product\/36581","targetHints":{"allow":["GET"]}}],"collection":[{"href":"https:\/\/teiaeducation.ch\/fr\/wp-json\/wp\/v2\/product"}],"about":[{"href":"https:\/\/teiaeducation.ch\/fr\/wp-json\/wp\/v2\/types\/product"}],"replies":[{"embeddable":true,"href":"https:\/\/teiaeducation.ch\/fr\/wp-json\/wp\/v2\/comments?post=36581"}],"wp:featuredmedia":[{"embeddable":true,"href":"https:\/\/teiaeducation.ch\/fr\/wp-json\/wp\/v2\/media\/32282"}],"wp:attachment":[{"href":"https:\/\/teiaeducation.ch\/fr\/wp-json\/wp\/v2\/media?parent=36581"}],"wp:term":[{"taxonomy":"product_brand","embeddable":true,"href":"https:\/\/teiaeducation.ch\/fr\/wp-json\/wp\/v2\/product_brand?post=36581"},{"taxonomy":"product_cat","embeddable":true,"href":"https:\/\/teiaeducation.ch\/fr\/wp-json\/wp\/v2\/product_cat?post=36581"},{"taxonomy":"product_tag","embeddable":true,"href":"https:\/\/teiaeducation.ch\/fr\/wp-json\/wp\/v2\/product_tag?post=36581"}],"curies":[{"name":"wp","href":"https:\/\/api.w.org\/{rel}","templated":true}]}}