{"id":36613,"date":"2022-04-05T14:34:14","date_gmt":"2022-04-05T12:34:14","guid":{"rendered":"https:\/\/teiaeducation.ch\/?post_type=product&#038;p=36613"},"modified":"2022-11-15T09:22:45","modified_gmt":"2022-11-15T08:22:45","slug":"slow-down-cartes-activites-pleine-conscience-sur-la-nature-rachel-williams","status":"publish","type":"product","link":"https:\/\/teiaeducation.ch\/fr\/produit\/slow-down-cartes-activites-pleine-conscience-sur-la-nature-rachel-williams\/","title":{"rendered":"Slow down cartes d&#8217;activit\u00e9s en pleine conscience &#8211; Rachel Williams"},"content":{"rendered":"<p>Slow down 30 cartes d&#8217;activit\u00e9s en pleine conscience de Rachel Williams \/ Jeux inspir\u00e9s par la nature<\/p>\n<p>Inspir\u00e9 du livre \u00e0 succ\u00e8s de Rachel Williams, slow down : bring calm to a busy world with 50 nature stories, ce jeu de cartes comprend 30 jeux, visualisations et activit\u00e9s de pleine conscience inspir\u00e9s par la <a href=\"https:\/\/teiaeducation.ch\/product-category\/play\/nature-play\/\">nature<\/a>.<\/p>\n<p>D\u00e9couvrez 30 activit\u00e9s de pleine conscience inspir\u00e9es de la nature, \u00e0 faire sur le pas de votre porte, pour aider votre enfant \u00e0 se sentir enracin\u00e9, \u00e0 trouver le calme, \u00e0 am\u00e9liorer sa concentration, \u00e0 pratiquer l&#8217;amour bienveillant et \u00e0 se d\u00e9tendre !<\/p>\n<p>Des illustrations fantaisistes en couleur sur les deux c\u00f4t\u00e9s des cartes d\u00e9composent chaque activit\u00e9 en \u00e9tapes faciles \u00e0 suivre. Des conseils sur les cartes individuelles et un livret d&#8217;instructions de 8 pages montrent les modifications qui rendent ces activit\u00e9s accessibles aux enfants de toutes capacit\u00e9s.<\/p>\n<p><strong>\u00c0 propos de slow down:<\/strong><\/p>\n<p><a href=\"https:\/\/teiaeducation.ch\/fr\/produit\/livre-slow-down-rachel-williams\/\">Slow down<\/a> est un beau livre qui encourage \u00e0 ralentir le rythme de l&#8217;enfance, en observant toutes les transformations magiques qui se produisent dans chaque journ\u00e9e. Tout autour de nous, la nature accomplit de v\u00e9ritables miracles. Chaque jour, heure par heure, des transformations se produisent, une nouvelle vie \u00e9merge, des choses apparemment impossibles se produisent ou les plan\u00e8tes et les mar\u00e9es se d\u00e9placent. Slow down pr\u00e9sente 50 histoires de nature qui aident les enfants \u00e0 rep\u00e9rer les merveilles de la nature.<\/p>\n<p>Souvent, dans l&#8217;agitation de la vie quotidienne, nous passons n\u00e9gligemment \u00e0 c\u00f4t\u00e9 de ces miracles de la vie quotidienne. Nous consid\u00e9rons beaucoup de choses comme allant de soi, mais nous ne savons pas ce qui se cache exactement derri\u00e8re. Gr\u00e2ce aux 50 petites histoires de ce livre, les enfants peuvent faire une pause et d\u00e9couvrir la nature en toute conscience. Chaque histoire raconte un petit \u00e9pisode de la nature et de la vie des animaux et des plantes : comment une \u00e9toile de mer marche sur le fond marin, la taupe creuse ses terriers, un canard apprend \u00e0 nager \u00e0 sa prog\u00e9niture, un arc-en-ciel ou un orage se forme, le t\u00eatard devient une grenouille, comment la lune change au cours du mois ou comment la ros\u00e9e s&#8217;accumule sur les feuilles le matin.<\/p>\n<p>Ce sont des histoires merveilleuses \u00e0 partager en famille et des aventures inspirantes d&#8217;exploration et de d\u00e9couverte dans la nature. Et ceux qui connaissent ces merveilles les prot\u00e9geront au lieu de les d\u00e9truire n\u00e9gligemment.<\/p>\n<p>Slow down, 30 cartes d&#8217;activit\u00e9s de pleine conscience sur la nature est recommand\u00e9 pour tous les enfants, en particulier ceux \u00e2g\u00e9s de 5 \u00e0 8 ans.<\/p>\n<p>N\u00e9e en Australie, Rachel Williams a \u00e9tudi\u00e9 l&#8217;\u00e9criture cr\u00e9ative avant de devenir r\u00e9dactrice et \u00e9ditrice de livres pour enfants. Elle est l&#8217;auteur de nombreux livres pour enfants, dont Atlas des aventures d&#8217;animaux et Illuminature. Elle vit \u00e0 Londres avec ses enfants et a r\u00e9cemment fond\u00e9 la maison d&#8217;\u00e9dition &#8220;Magic Cat&#8221; avec Jenny Broom.<\/p>\n<p>Le jeu de cartes d&#8217;activit\u00e9s &#8220;slow down&#8221; est publi\u00e9 par Magic Cat Publishing et contient de belles illustrations de Freya Hartas.<\/p>\n<p>Contenu:<\/p>\n<p>30 flashcards, imprim\u00e9es sur chaque face<br \/>\n1 bo\u00eete de rangement 19,5 x 13,5cm<\/p>\n","protected":false},"excerpt":{"rendered":"<p>Num\u00e9ro d&#8217;article: 35416464<\/p>\n<p>30 cartes d&#8217;activit\u00e9s de pleine conscience inspir\u00e9es du livre de Rachel Williams, slow down, comprend des jeux inspir\u00e9s de la nature.<\/p>\n","protected":false},"featured_media":36615,"comment_status":"open","ping_status":"closed","template":"","meta":[],"product_brand":[],"product_cat":[8527,215,8580,216,285,605,23635,18893,22344,284,17223,283,18919,593,8526,17239,21257,18913,13130,1220,23650,18912,20660,8567,7595,1218,217,5851,24313,598,292,212,1219],"product_tag":[22599,18916,18917,18911,18915,18918,22598,18914,22597],"class_list":{"0":"post-36613","1":"product","2":"type-product","3":"status-publish","4":"has-post-thumbnail","6":"product_cat-3-6-ans-ecole-a-domicile","7":"product_cat-3-6-ans","8":"product_cat-6-12-ans-ecole-a-domicile","9":"product_cat-6-12-ans","10":"product_cat-alphabetisation-langage","11":"product_cat-apprendre-a-lire","12":"product_cat-collection-dete","13":"product_cat-collection-printemps","14":"product_cat-collections-saisonnieres","15":"product_cat-culture-sciences","16":"product_cat-cycles-de-vie","17":"product_cat-domaines-du-curriculum","18":"product_cat-editions-magic-cat","19":"product_cat-etudes-botaniques","20":"product_cat-fournitures-scolaires-a-domicile","21":"product_cat-guide-cadeaux-educatifs","22":"product_cat-guides-cadeaux","23":"product_cat-jeu-de-la-nature","24":"product_cat-jouer","25":"product_cat-traditionnelle","26":"product_cat-la-rentree-scolaire","27":"product_cat-livres-pour-enfants","28":"product_cat-livres-sur-la-nature","29":"product_cat-materiel-scolaire-montessori","30":"product_cat-methode-deducation","31":"product_cat-montessori-fr","32":"product_cat-marques","33":"product_cat-nouveautes","34":"product_cat-saint-valentin","35":"product_cat-saisons-meteo","36":"product_cat-appui-au-curriculum","37":"product_cat-tranche-dage","38":"product_cat-waldorf-fr","39":"product_tag-cartes-dactivites-sur-la-nature-en-pleine-conscience","40":"product_tag-histoires-de-la-nature","41":"product_tag-histoires-de-la-nature-pour-les-enfants","42":"product_tag-livre-de-lenfance-lente","43":"product_tag-livre-pour-enfants-slow-down","44":"product_tag-livres-calmes-pour-enfants","45":"product_tag-rachel-williams-fr","46":"product_tag-ralentissez-rachel-williams","47":"product_tag-slow-down-30-cartes-dactivites-de-pleine-conscience-sur-la-nature","49":"first","50":"outofstock","51":"taxable","52":"shipping-taxable","53":"purchasable","54":"product-type-simple"},"yoast_head":"<!-- This site is optimized with the Yoast SEO Premium plugin v25.8 (Yoast SEO v27.4) - https:\/\/yoast.com\/product\/yoast-seo-premium-wordpress\/ -->\n<title>Slow down cartes d&#039;activit\u00e9s en pleine conscience - Rachel Williams<\/title>\n<meta name=\"description\" content=\"30 cartes d&#039;activit\u00e9s de pleine conscience inspir\u00e9es du livre de Rachel Williams, slow down, comprend des jeux inspir\u00e9s de la nature.\" \/>\n<meta name=\"robots\" content=\"index, follow, max-snippet:-1, max-image-preview:large, max-video-preview:-1\" \/>\n<link rel=\"canonical\" href=\"https:\/\/teiaeducation.ch\/fr\/produit\/slow-down-cartes-activites-pleine-conscience-sur-la-nature-rachel-williams\/\" \/>\n<meta property=\"og:locale\" content=\"fr_FR\" \/>\n<meta property=\"og:type\" content=\"article\" \/>\n<meta property=\"og:title\" content=\"Slow down cartes d&#039;activit\u00e9s en pleine conscience - Rachel Williams\" \/>\n<meta property=\"og:description\" content=\"30 cartes d&#039;activit\u00e9s de pleine conscience inspir\u00e9es du livre de Rachel Williams, slow down, comprend des jeux inspir\u00e9s de la nature.\" \/>\n<meta property=\"og:url\" content=\"https:\/\/teiaeducation.ch\/fr\/produit\/slow-down-cartes-activites-pleine-conscience-sur-la-nature-rachel-williams\/\" \/>\n<meta property=\"og:site_name\" content=\"Sustainable Educational Products &amp; Ecological Toys\u00a0\" \/>\n<meta property=\"article:publisher\" content=\"https:\/\/www.facebook.com\/teiaeducation\/\" \/>\n<meta property=\"article:modified_time\" content=\"2022-11-15T08:22:45+00:00\" \/>\n<meta property=\"og:image\" content=\"https:\/\/teiaeducation.ch\/wp-content\/uploads\/2021\/05\/Slow-down-30-mindful-nature-activity-cards-by-Rachel-Williams.jpg\" \/>\n\t<meta property=\"og:image:width\" content=\"1200\" \/>\n\t<meta property=\"og:image:height\" content=\"1200\" \/>\n\t<meta property=\"og:image:type\" content=\"image\/jpeg\" \/>\n<script type=\"application\/ld+json\" class=\"yoast-schema-graph\">{\"@context\":\"https:\\\/\\\/schema.org\",\"@graph\":[{\"@type\":\"WebPage\",\"@id\":\"https:\\\/\\\/teiaeducation.ch\\\/fr\\\/produit\\\/slow-down-cartes-activites-pleine-conscience-sur-la-nature-rachel-williams\\\/\",\"url\":\"https:\\\/\\\/teiaeducation.ch\\\/fr\\\/produit\\\/slow-down-cartes-activites-pleine-conscience-sur-la-nature-rachel-williams\\\/\",\"name\":\"Slow down cartes d'activit\u00e9s en pleine conscience - Rachel Williams\",\"isPartOf\":{\"@id\":\"https:\\\/\\\/teiaeducation.ch\\\/fr\\\/#website\"},\"primaryImageOfPage\":{\"@id\":\"https:\\\/\\\/teiaeducation.ch\\\/fr\\\/produit\\\/slow-down-cartes-activites-pleine-conscience-sur-la-nature-rachel-williams\\\/#primaryimage\"},\"image\":{\"@id\":\"https:\\\/\\\/teiaeducation.ch\\\/fr\\\/produit\\\/slow-down-cartes-activites-pleine-conscience-sur-la-nature-rachel-williams\\\/#primaryimage\"},\"thumbnailUrl\":\"https:\\\/\\\/teiaeducation.ch\\\/wp-content\\\/uploads\\\/2021\\\/05\\\/Slow-down-30-mindful-nature-activity-cards-by-Rachel-Williams.jpg\",\"datePublished\":\"2022-04-05T12:34:14+00:00\",\"dateModified\":\"2022-11-15T08:22:45+00:00\",\"description\":\"30 cartes d'activit\u00e9s de pleine conscience inspir\u00e9es du livre de Rachel Williams, slow down, comprend des jeux inspir\u00e9s de la nature.\",\"breadcrumb\":{\"@id\":\"https:\\\/\\\/teiaeducation.ch\\\/fr\\\/produit\\\/slow-down-cartes-activites-pleine-conscience-sur-la-nature-rachel-williams\\\/#breadcrumb\"},\"inLanguage\":\"fr-FR\",\"potentialAction\":[{\"@type\":\"ReadAction\",\"target\":[\"https:\\\/\\\/teiaeducation.ch\\\/fr\\\/produit\\\/slow-down-cartes-activites-pleine-conscience-sur-la-nature-rachel-williams\\\/\"]}]},{\"@type\":\"ImageObject\",\"inLanguage\":\"fr-FR\",\"@id\":\"https:\\\/\\\/teiaeducation.ch\\\/fr\\\/produit\\\/slow-down-cartes-activites-pleine-conscience-sur-la-nature-rachel-williams\\\/#primaryimage\",\"url\":\"https:\\\/\\\/teiaeducation.ch\\\/wp-content\\\/uploads\\\/2021\\\/05\\\/Slow-down-30-mindful-nature-activity-cards-by-Rachel-Williams.jpg\",\"contentUrl\":\"https:\\\/\\\/teiaeducation.ch\\\/wp-content\\\/uploads\\\/2021\\\/05\\\/Slow-down-30-mindful-nature-activity-cards-by-Rachel-Williams.jpg\",\"width\":1200,\"height\":1200,\"caption\":\"Slow down 30 cartes d'activit\u00e9s en pleine conscience de Rachel Williams \\\/ Jeux inspir\u00e9s par la nature\"},{\"@type\":\"BreadcrumbList\",\"@id\":\"https:\\\/\\\/teiaeducation.ch\\\/fr\\\/produit\\\/slow-down-cartes-activites-pleine-conscience-sur-la-nature-rachel-williams\\\/#breadcrumb\",\"itemListElement\":[{\"@type\":\"ListItem\",\"position\":1,\"name\":\"Home\",\"item\":\"https:\\\/\\\/teiaeducation.ch\\\/fr\\\/\"},{\"@type\":\"ListItem\",\"position\":2,\"name\":\"Boutique Teia Education &amp; Play\",\"item\":\"https:\\\/\\\/teiaeducation.ch\\\/fr\\\/boutique\\\/\"},{\"@type\":\"ListItem\",\"position\":3,\"name\":\"Nos Marques\",\"item\":\"https:\\\/\\\/teiaeducation.ch\\\/fr\\\/categorie-produit\\\/marques\\\/\"},{\"@type\":\"ListItem\",\"position\":4,\"name\":\"\u00c9ditions Magic Cat\",\"item\":\"https:\\\/\\\/teiaeducation.ch\\\/fr\\\/categorie-produit\\\/marques\\\/editions-magic-cat\\\/\"},{\"@type\":\"ListItem\",\"position\":5,\"name\":\"Slow down cartes d&#8217;activit\u00e9s en pleine conscience &#8211; Rachel Williams\"}]},{\"@type\":\"WebSite\",\"@id\":\"https:\\\/\\\/teiaeducation.ch\\\/fr\\\/#website\",\"url\":\"https:\\\/\\\/teiaeducation.ch\\\/fr\\\/\",\"name\":\"Sustainable Educational Products &amp; Ecological Toys\u00a0\",\"description\":\"Specialised Swiss shop selling sustainable educational toys and games, AMI certified Montessori materials, handmade ecological wooden Waldorf toys and arts &amp; crafts supplies, school supplies, children&#039;s furniture and Montessori reference and parenting books.\",\"publisher\":{\"@id\":\"https:\\\/\\\/teiaeducation.ch\\\/fr\\\/#organization\"},\"alternateName\":\"Teia Education & Play\",\"potentialAction\":[{\"@type\":\"SearchAction\",\"target\":{\"@type\":\"EntryPoint\",\"urlTemplate\":\"https:\\\/\\\/teiaeducation.ch\\\/fr\\\/?s={search_term_string}\"},\"query-input\":{\"@type\":\"PropertyValueSpecification\",\"valueRequired\":true,\"valueName\":\"search_term_string\"}}],\"inLanguage\":\"fr-FR\"},{\"@type\":\"Organization\",\"@id\":\"https:\\\/\\\/teiaeducation.ch\\\/fr\\\/#organization\",\"name\":\"Teia Education & Play\",\"url\":\"https:\\\/\\\/teiaeducation.ch\\\/fr\\\/\",\"logo\":{\"@type\":\"ImageObject\",\"inLanguage\":\"fr-FR\",\"@id\":\"https:\\\/\\\/teiaeducation.ch\\\/fr\\\/#\\\/schema\\\/logo\\\/image\\\/\",\"url\":\"https:\\\/\\\/teiaeducation.ch\\\/wp-content\\\/uploads\\\/2020\\\/11\\\/Teia-Education-Switzerland-e1620156442216.jpg\",\"contentUrl\":\"https:\\\/\\\/teiaeducation.ch\\\/wp-content\\\/uploads\\\/2020\\\/11\\\/Teia-Education-Switzerland-e1620156442216.jpg\",\"width\":166,\"height\":145,\"caption\":\"Teia Education & Play\"},\"image\":{\"@id\":\"https:\\\/\\\/teiaeducation.ch\\\/fr\\\/#\\\/schema\\\/logo\\\/image\\\/\"},\"sameAs\":[\"https:\\\/\\\/www.facebook.com\\\/teiaeducation\\\/\",\"https:\\\/\\\/x.com\\\/EducationTeia\",\"https:\\\/\\\/www.instagram.com\\\/teia.education\\\/\",\"https:\\\/\\\/www.linkedin.com\\\/company\\\/35501660\",\"https:\\\/\\\/www.pinterest.ch\\\/TeiaEducation\\\/\"]}]}<\/script>\n<meta property=\"product:price:amount\" content=\"24.50\" \/>\n<meta property=\"product:price:currency\" content=\"CHF\" \/>\n<meta property=\"og:availability\" content=\"out of stock\" \/>\n<meta property=\"product:availability\" content=\"out of stock\" \/>\n<meta property=\"product:retailer_item_id\" content=\"00000000000000000000000000000000000000000000035090\" \/>\n<meta property=\"product:condition\" content=\"new\" \/>\n<!-- \/ Yoast SEO Premium plugin. -->","yoast_head_json":{"title":"Slow down cartes d'activit\u00e9s en pleine conscience - Rachel Williams","description":"30 cartes d'activit\u00e9s de pleine conscience inspir\u00e9es du livre de Rachel Williams, slow down, comprend des jeux inspir\u00e9s de la nature.","robots":{"index":"index","follow":"follow","max-snippet":"max-snippet:-1","max-image-preview":"max-image-preview:large","max-video-preview":"max-video-preview:-1"},"canonical":"https:\/\/teiaeducation.ch\/fr\/produit\/slow-down-cartes-activites-pleine-conscience-sur-la-nature-rachel-williams\/","og_locale":"fr_FR","og_type":"article","og_title":"Slow down cartes d'activit\u00e9s en pleine conscience - Rachel Williams","og_description":"30 cartes d'activit\u00e9s de pleine conscience inspir\u00e9es du livre de Rachel Williams, slow down, comprend des jeux inspir\u00e9s de la nature.","og_url":"https:\/\/teiaeducation.ch\/fr\/produit\/slow-down-cartes-activites-pleine-conscience-sur-la-nature-rachel-williams\/","og_site_name":"Sustainable Educational Products &amp; Ecological Toys\u00a0","article_publisher":"https:\/\/www.facebook.com\/teiaeducation\/","article_modified_time":"2022-11-15T08:22:45+00:00","og_image":[{"width":1200,"height":1200,"url":"https:\/\/teiaeducation.ch\/wp-content\/uploads\/2021\/05\/Slow-down-30-mindful-nature-activity-cards-by-Rachel-Williams.jpg","type":"image\/jpeg"}],"schema":{"@context":"https:\/\/schema.org","@graph":[{"@type":"WebPage","@id":"https:\/\/teiaeducation.ch\/fr\/produit\/slow-down-cartes-activites-pleine-conscience-sur-la-nature-rachel-williams\/","url":"https:\/\/teiaeducation.ch\/fr\/produit\/slow-down-cartes-activites-pleine-conscience-sur-la-nature-rachel-williams\/","name":"Slow down cartes d'activit\u00e9s en pleine conscience - Rachel Williams","isPartOf":{"@id":"https:\/\/teiaeducation.ch\/fr\/#website"},"primaryImageOfPage":{"@id":"https:\/\/teiaeducation.ch\/fr\/produit\/slow-down-cartes-activites-pleine-conscience-sur-la-nature-rachel-williams\/#primaryimage"},"image":{"@id":"https:\/\/teiaeducation.ch\/fr\/produit\/slow-down-cartes-activites-pleine-conscience-sur-la-nature-rachel-williams\/#primaryimage"},"thumbnailUrl":"https:\/\/teiaeducation.ch\/wp-content\/uploads\/2021\/05\/Slow-down-30-mindful-nature-activity-cards-by-Rachel-Williams.jpg","datePublished":"2022-04-05T12:34:14+00:00","dateModified":"2022-11-15T08:22:45+00:00","description":"30 cartes d'activit\u00e9s de pleine conscience inspir\u00e9es du livre de Rachel Williams, slow down, comprend des jeux inspir\u00e9s de la nature.","breadcrumb":{"@id":"https:\/\/teiaeducation.ch\/fr\/produit\/slow-down-cartes-activites-pleine-conscience-sur-la-nature-rachel-williams\/#breadcrumb"},"inLanguage":"fr-FR","potentialAction":[{"@type":"ReadAction","target":["https:\/\/teiaeducation.ch\/fr\/produit\/slow-down-cartes-activites-pleine-conscience-sur-la-nature-rachel-williams\/"]}]},{"@type":"ImageObject","inLanguage":"fr-FR","@id":"https:\/\/teiaeducation.ch\/fr\/produit\/slow-down-cartes-activites-pleine-conscience-sur-la-nature-rachel-williams\/#primaryimage","url":"https:\/\/teiaeducation.ch\/wp-content\/uploads\/2021\/05\/Slow-down-30-mindful-nature-activity-cards-by-Rachel-Williams.jpg","contentUrl":"https:\/\/teiaeducation.ch\/wp-content\/uploads\/2021\/05\/Slow-down-30-mindful-nature-activity-cards-by-Rachel-Williams.jpg","width":1200,"height":1200,"caption":"Slow down 30 cartes d'activit\u00e9s en pleine conscience de Rachel Williams \/ Jeux inspir\u00e9s par la nature"},{"@type":"BreadcrumbList","@id":"https:\/\/teiaeducation.ch\/fr\/produit\/slow-down-cartes-activites-pleine-conscience-sur-la-nature-rachel-williams\/#breadcrumb","itemListElement":[{"@type":"ListItem","position":1,"name":"Home","item":"https:\/\/teiaeducation.ch\/fr\/"},{"@type":"ListItem","position":2,"name":"Boutique Teia Education &amp; Play","item":"https:\/\/teiaeducation.ch\/fr\/boutique\/"},{"@type":"ListItem","position":3,"name":"Nos Marques","item":"https:\/\/teiaeducation.ch\/fr\/categorie-produit\/marques\/"},{"@type":"ListItem","position":4,"name":"\u00c9ditions Magic Cat","item":"https:\/\/teiaeducation.ch\/fr\/categorie-produit\/marques\/editions-magic-cat\/"},{"@type":"ListItem","position":5,"name":"Slow down cartes d&#8217;activit\u00e9s en pleine conscience &#8211; Rachel Williams"}]},{"@type":"WebSite","@id":"https:\/\/teiaeducation.ch\/fr\/#website","url":"https:\/\/teiaeducation.ch\/fr\/","name":"Sustainable Educational Products &amp; Ecological Toys\u00a0","description":"Specialised Swiss shop selling sustainable educational toys and games, AMI certified Montessori materials, handmade ecological wooden Waldorf toys and arts &amp; crafts supplies, school supplies, children&#039;s furniture and Montessori reference and parenting books.","publisher":{"@id":"https:\/\/teiaeducation.ch\/fr\/#organization"},"alternateName":"Teia Education & Play","potentialAction":[{"@type":"SearchAction","target":{"@type":"EntryPoint","urlTemplate":"https:\/\/teiaeducation.ch\/fr\/?s={search_term_string}"},"query-input":{"@type":"PropertyValueSpecification","valueRequired":true,"valueName":"search_term_string"}}],"inLanguage":"fr-FR"},{"@type":"Organization","@id":"https:\/\/teiaeducation.ch\/fr\/#organization","name":"Teia Education & Play","url":"https:\/\/teiaeducation.ch\/fr\/","logo":{"@type":"ImageObject","inLanguage":"fr-FR","@id":"https:\/\/teiaeducation.ch\/fr\/#\/schema\/logo\/image\/","url":"https:\/\/teiaeducation.ch\/wp-content\/uploads\/2020\/11\/Teia-Education-Switzerland-e1620156442216.jpg","contentUrl":"https:\/\/teiaeducation.ch\/wp-content\/uploads\/2020\/11\/Teia-Education-Switzerland-e1620156442216.jpg","width":166,"height":145,"caption":"Teia Education & Play"},"image":{"@id":"https:\/\/teiaeducation.ch\/fr\/#\/schema\/logo\/image\/"},"sameAs":["https:\/\/www.facebook.com\/teiaeducation\/","https:\/\/x.com\/EducationTeia","https:\/\/www.instagram.com\/teia.education\/","https:\/\/www.linkedin.com\/company\/35501660","https:\/\/www.pinterest.ch\/TeiaEducation\/"]}]},"product_price_amount":"24.50","product_price_currency":"CHF","og_availability":"out of stock","product_availability":"out of stock","product_retailer_item_id":"00000000000000000000000000000000000000000000035090","product_condition":"new"},"_links":{"self":[{"href":"https:\/\/teiaeducation.ch\/fr\/wp-json\/wp\/v2\/product\/36613","targetHints":{"allow":["GET"]}}],"collection":[{"href":"https:\/\/teiaeducation.ch\/fr\/wp-json\/wp\/v2\/product"}],"about":[{"href":"https:\/\/teiaeducation.ch\/fr\/wp-json\/wp\/v2\/types\/product"}],"replies":[{"embeddable":true,"href":"https:\/\/teiaeducation.ch\/fr\/wp-json\/wp\/v2\/comments?post=36613"}],"wp:featuredmedia":[{"embeddable":true,"href":"https:\/\/teiaeducation.ch\/fr\/wp-json\/wp\/v2\/media\/36615"}],"wp:attachment":[{"href":"https:\/\/teiaeducation.ch\/fr\/wp-json\/wp\/v2\/media?parent=36613"}],"wp:term":[{"taxonomy":"product_brand","embeddable":true,"href":"https:\/\/teiaeducation.ch\/fr\/wp-json\/wp\/v2\/product_brand?post=36613"},{"taxonomy":"product_cat","embeddable":true,"href":"https:\/\/teiaeducation.ch\/fr\/wp-json\/wp\/v2\/product_cat?post=36613"},{"taxonomy":"product_tag","embeddable":true,"href":"https:\/\/teiaeducation.ch\/fr\/wp-json\/wp\/v2\/product_tag?post=36613"}],"curies":[{"name":"wp","href":"https:\/\/api.w.org\/{rel}","templated":true}]}}