{"id":36726,"date":"2021-04-15T13:21:24","date_gmt":"2021-05-30T15:11:07","guid":{"rendered":"https:\/\/teiaeducation.ch\/product\/kit-de-crayons-de-maquillage-bio-arc-en-ciel-namaki\/"},"modified":"2021-05-30T17:11:07","modified_gmt":"2021-05-30T15:11:07","slug":"kit-crayons-maquillage-arc-en-ciel-namaki","status":"publish","type":"product","link":"https:\/\/teiaeducation.ch\/fr\/produit\/kit-crayons-maquillage-arc-en-ciel-namaki\/","title":{"rendered":"Kit de crayons de maquillage bio : arc-en-ciel &#8211; Namaki"},"content":{"rendered":"<p>Kit de crayons de maquillage bio pour enfants aux couleurs de l&#8217;arc-en-ciel &#8211; Namaki Cosmetics<\/p>\n<p>D\u00e9couvrez un monde de couleurs arc-en-ciel avec l&#8217;adorable kit de crayons de <a href=\"https:\/\/teiaeducation.ch\/?s=face+paint&amp;post_type=product&amp;lang=en\">maquillage<\/a> Namaki pour enfants ! Ce kit de peinture pour le visage \u00e0 base d&#8217;eau, certifi\u00e9 biologique et hypoallerg\u00e9nique, contient 6 crayons de peinture pour le visage de couleurs diff\u00e9rentes : blanc, bleu, jaune, noir, rouge et vert.<\/p>\n<p>Cette peinture faciale facile \u00e0 appliquer vous permet de cr\u00e9er des motifs en quelques minutes &#8211; notamment une coccinelle, un pirate, un chien, une panth\u00e8re rose, un super-h\u00e9ros, un clown, un perroquet et plus encore. Il suffit de dessiner les couleurs avec pr\u00e9cision ! Le kit permet de cr\u00e9er jusqu&#8217;\u00e0 environ 50 peintures pour visage.<\/p>\n<p>Le kit de crayons de maquillage bio pour enfants de Namaki aux couleurs de l&#8217;arc-en-ciel a \u00e9t\u00e9 test\u00e9 dermatologiquement par <span class=\"goog-text-highlight\"><a href=\"https:\/\/certification.bureauveritas.com\" target=\"_blank\" rel=\"noopener\">Bureau Veritas Certification<\/a> pour sa s\u00e9curit\u00e9.<\/span> Les peintures pour le visage de haute qualit\u00e9, biologiques et hypoallerg\u00e9niques, sont \u00e0 base d&#8217;eau et s&#8217;enl\u00e8vent facilement avec un peu d&#8217;eau et de savon. Fabriqu\u00e9s en Italie, 30% du total des ingr\u00e9dients des crayons sont issus de l&#8217;agriculture biologique et 100% du total des ingr\u00e9dients sont d&#8217;origine naturelle Cosmos Organic, certifi\u00e9s par Cosm\u00e9cert selon la norme Cosmos.<\/p>\n<p>Namaki est une marque fran\u00e7aise fond\u00e9e en 2013. Leur objectif est de <span class=\"goog-text-highlight\">d\u00e9velopper l&#8217;imagination des enfants tout en prenant soin de leur peau d\u00e9licate. Ils cr\u00e9ent des peintures pour le visage qui sont \u00e0 la fois naturelles et ludiques, et <\/span><span class=\"\">s&#8217;engagent \u00e0 produire de mani\u00e8re responsable<\/span> <span class=\"\">des produits \u00e9co-con\u00e7us, naturels et biologiques<\/span><span class=\"\">. Les produits Namaki sont fabriqu\u00e9s de mani\u00e8re durable en France et en Europe dans le respect des personnes et de la plan\u00e8te.<\/span><\/p>\n<p>Contenu :<\/p>\n<p>6 crayons de maquillage (6 x 2,1 grammes)<\/p>\n","protected":false},"excerpt":{"rendered":"<p>Num\u00e9ro d&#8217;aticle: NK110060<\/p>\n<p>Le kit de crayons de maquillage bio pour enfants aux couleurs de l&#8217;arc-en-ciel de Namaki Cosmetics est certifi\u00e9 biologique, hypoallerg\u00e9nique et \u00e0 base d&#8217;eau pour les peaux d\u00e9licates.<\/p>\n","protected":false},"featured_media":35341,"comment_status":"open","ping_status":"closed","template":"","meta":[],"product_brand":[],"product_cat":[215,216,17240,13130,13139,13127,20649,18964,217,5851,212],"product_tag":[19084,19086,19087,19088,19081,19085,19083,19080,19082],"class_list":{"0":"post-36726","1":"product","2":"type-product","3":"status-publish","4":"has-post-thumbnail","6":"product_cat-3-6-ans","7":"product_cat-6-12-ans","8":"product_cat-guide-cadeaux-creatif","9":"product_cat-jouer","10":"product_cat-jeu-imaginatif-faire-semblant","11":"product_cat-creativite-beaux-arts-et-bricolage","12":"product_cat-maquillage-de-deguisement","13":"product_cat-namaki-fr","14":"product_cat-marques","15":"product_cat-nouveautes","16":"product_cat-tranche-dage","17":"product_tag-namaki-fr","18":"product_tag-namaki-suisse-fr","19":"product_tag-namaki-suisse-fr-2","20":"product_tag-namaki-suisse-fr-3","21":"product_tag-peintures-pour-le-visage-a-base-deau","22":"product_tag-peintures-pour-le-visage-namaki","23":"product_tag-peintures-pour-le-visage-naturelles","24":"product_tag-peintures-pour-le-visage-organiques","25":"product_tag-peintures-pour-le-visage-sures-pour-les-enfants","27":"first","28":"outofstock","29":"taxable","30":"shipping-taxable","31":"purchasable","32":"product-type-simple"},"yoast_head":"<!-- This site is optimized with the Yoast SEO plugin v27.3 - https:\/\/yoast.com\/product\/yoast-seo-wordpress\/ -->\n<title>Kit de crayons de maquillage bio : arc-en-ciel - Namaki - Teia Education &amp; Play<\/title>\n<meta name=\"description\" content=\"Le kit de crayons de maquillage bio pour enfants aux couleurs de l&#039;arc-en-ciel de Namaki Cosmetics est certifi\u00e9 biologique, hypoallerg\u00e9nique et \u00e0 base d&#039;eau pour les peaux d\u00e9licates.\" \/>\n<meta name=\"robots\" content=\"index, follow, max-snippet:-1, max-image-preview:large, max-video-preview:-1\" \/>\n<link rel=\"canonical\" href=\"https:\/\/teiaeducation.ch\/fr\/produit\/kit-crayons-maquillage-arc-en-ciel-namaki\/\" \/>\n<meta property=\"og:locale\" content=\"fr_FR\" \/>\n<meta property=\"og:type\" content=\"article\" \/>\n<meta property=\"og:title\" content=\"Kit de crayons de maquillage bio : arc-en-ciel - Namaki - Teia Education &amp; Play\" \/>\n<meta property=\"og:description\" content=\"Le kit de crayons de maquillage bio pour enfants aux couleurs de l&#039;arc-en-ciel de Namaki Cosmetics est certifi\u00e9 biologique, hypoallerg\u00e9nique et \u00e0 base d&#039;eau pour les peaux d\u00e9licates.\" \/>\n<meta property=\"og:url\" content=\"https:\/\/teiaeducation.ch\/fr\/produit\/kit-crayons-maquillage-arc-en-ciel-namaki\/\" \/>\n<meta property=\"og:site_name\" content=\"Sustainable Educational Products &amp; Ecological Toys\u00a0\" \/>\n<meta property=\"article:publisher\" content=\"https:\/\/www.facebook.com\/teiaeducation\/\" \/>\n<meta property=\"og:image\" content=\"https:\/\/teiaeducation.ch\/wp-content\/uploads\/2021\/04\/Bio-face-paint-pencils-kit-for-children-in-rainbow-colours-Namaki-Cosmetics.jpg\" \/>\n\t<meta property=\"og:image:width\" content=\"800\" \/>\n\t<meta property=\"og:image:height\" content=\"800\" \/>\n\t<meta property=\"og:image:type\" content=\"image\/jpeg\" \/>\n<script type=\"application\/ld+json\" class=\"yoast-schema-graph\">{\"@context\":\"https:\\\/\\\/schema.org\",\"@graph\":[{\"@type\":\"WebPage\",\"@id\":\"https:\\\/\\\/teiaeducation.ch\\\/fr\\\/produit\\\/kit-crayons-maquillage-arc-en-ciel-namaki\\\/\",\"url\":\"https:\\\/\\\/teiaeducation.ch\\\/fr\\\/produit\\\/kit-crayons-maquillage-arc-en-ciel-namaki\\\/\",\"name\":\"Kit de crayons de maquillage bio : arc-en-ciel - Namaki - Teia Education & Play\",\"isPartOf\":{\"@id\":\"https:\\\/\\\/teiaeducation.ch\\\/fr\\\/#website\"},\"primaryImageOfPage\":{\"@id\":\"https:\\\/\\\/teiaeducation.ch\\\/fr\\\/produit\\\/kit-crayons-maquillage-arc-en-ciel-namaki\\\/#primaryimage\"},\"image\":{\"@id\":\"https:\\\/\\\/teiaeducation.ch\\\/fr\\\/produit\\\/kit-crayons-maquillage-arc-en-ciel-namaki\\\/#primaryimage\"},\"thumbnailUrl\":\"https:\\\/\\\/teiaeducation.ch\\\/wp-content\\\/uploads\\\/2021\\\/04\\\/Bio-face-paint-pencils-kit-for-children-in-rainbow-colours-Namaki-Cosmetics.jpg\",\"datePublished\":\"2021-05-30T15:11:07+00:00\",\"description\":\"Le kit de crayons de maquillage bio pour enfants aux couleurs de l'arc-en-ciel de Namaki Cosmetics est certifi\u00e9 biologique, hypoallerg\u00e9nique et \u00e0 base d'eau pour les peaux d\u00e9licates.\",\"breadcrumb\":{\"@id\":\"https:\\\/\\\/teiaeducation.ch\\\/fr\\\/produit\\\/kit-crayons-maquillage-arc-en-ciel-namaki\\\/#breadcrumb\"},\"inLanguage\":\"fr-FR\",\"potentialAction\":[{\"@type\":\"ReadAction\",\"target\":[\"https:\\\/\\\/teiaeducation.ch\\\/fr\\\/produit\\\/kit-crayons-maquillage-arc-en-ciel-namaki\\\/\"]}]},{\"@type\":\"ImageObject\",\"inLanguage\":\"fr-FR\",\"@id\":\"https:\\\/\\\/teiaeducation.ch\\\/fr\\\/produit\\\/kit-crayons-maquillage-arc-en-ciel-namaki\\\/#primaryimage\",\"url\":\"https:\\\/\\\/teiaeducation.ch\\\/wp-content\\\/uploads\\\/2021\\\/04\\\/Bio-face-paint-pencils-kit-for-children-in-rainbow-colours-Namaki-Cosmetics.jpg\",\"contentUrl\":\"https:\\\/\\\/teiaeducation.ch\\\/wp-content\\\/uploads\\\/2021\\\/04\\\/Bio-face-paint-pencils-kit-for-children-in-rainbow-colours-Namaki-Cosmetics.jpg\",\"width\":800,\"height\":800,\"caption\":\"Kit de crayons de maquillage bio pour enfants aux couleurs de l'arc-en-ciel - Namaki Cosmetics\"},{\"@type\":\"BreadcrumbList\",\"@id\":\"https:\\\/\\\/teiaeducation.ch\\\/fr\\\/produit\\\/kit-crayons-maquillage-arc-en-ciel-namaki\\\/#breadcrumb\",\"itemListElement\":[{\"@type\":\"ListItem\",\"position\":1,\"name\":\"Home\",\"item\":\"https:\\\/\\\/teiaeducation.ch\\\/fr\\\/\"},{\"@type\":\"ListItem\",\"position\":2,\"name\":\"Boutique Teia Education &amp; Play\",\"item\":\"https:\\\/\\\/teiaeducation.ch\\\/fr\\\/boutique\\\/\"},{\"@type\":\"ListItem\",\"position\":3,\"name\":\"Nos Marques\",\"item\":\"https:\\\/\\\/teiaeducation.ch\\\/fr\\\/categorie-produit\\\/marques\\\/\"},{\"@type\":\"ListItem\",\"position\":4,\"name\":\"Namaki\",\"item\":\"https:\\\/\\\/teiaeducation.ch\\\/fr\\\/categorie-produit\\\/marques\\\/namaki-fr\\\/\"},{\"@type\":\"ListItem\",\"position\":5,\"name\":\"Kit de crayons de maquillage bio : arc-en-ciel &#8211; Namaki\"}]},{\"@type\":\"WebSite\",\"@id\":\"https:\\\/\\\/teiaeducation.ch\\\/fr\\\/#website\",\"url\":\"https:\\\/\\\/teiaeducation.ch\\\/fr\\\/\",\"name\":\"Sustainable Educational Products &amp; Ecological Toys\u00a0\",\"description\":\"Specialised Swiss shop selling sustainable educational toys and games, AMI certified Montessori materials, handmade ecological wooden Waldorf toys and arts &amp; crafts supplies, school supplies, children&#039;s furniture and Montessori reference and parenting books.\",\"publisher\":{\"@id\":\"https:\\\/\\\/teiaeducation.ch\\\/fr\\\/#organization\"},\"alternateName\":\"Teia Education & Play\",\"potentialAction\":[{\"@type\":\"SearchAction\",\"target\":{\"@type\":\"EntryPoint\",\"urlTemplate\":\"https:\\\/\\\/teiaeducation.ch\\\/fr\\\/?s={search_term_string}\"},\"query-input\":{\"@type\":\"PropertyValueSpecification\",\"valueRequired\":true,\"valueName\":\"search_term_string\"}}],\"inLanguage\":\"fr-FR\"},{\"@type\":\"Organization\",\"@id\":\"https:\\\/\\\/teiaeducation.ch\\\/fr\\\/#organization\",\"name\":\"Teia Education & Play\",\"url\":\"https:\\\/\\\/teiaeducation.ch\\\/fr\\\/\",\"logo\":{\"@type\":\"ImageObject\",\"inLanguage\":\"fr-FR\",\"@id\":\"https:\\\/\\\/teiaeducation.ch\\\/fr\\\/#\\\/schema\\\/logo\\\/image\\\/\",\"url\":\"https:\\\/\\\/teiaeducation.ch\\\/wp-content\\\/uploads\\\/2020\\\/11\\\/Teia-Education-Switzerland-e1620156442216.jpg\",\"contentUrl\":\"https:\\\/\\\/teiaeducation.ch\\\/wp-content\\\/uploads\\\/2020\\\/11\\\/Teia-Education-Switzerland-e1620156442216.jpg\",\"width\":166,\"height\":145,\"caption\":\"Teia Education & Play\"},\"image\":{\"@id\":\"https:\\\/\\\/teiaeducation.ch\\\/fr\\\/#\\\/schema\\\/logo\\\/image\\\/\"},\"sameAs\":[\"https:\\\/\\\/www.facebook.com\\\/teiaeducation\\\/\",\"https:\\\/\\\/x.com\\\/EducationTeia\",\"https:\\\/\\\/www.instagram.com\\\/teia.education\\\/\",\"https:\\\/\\\/www.linkedin.com\\\/company\\\/35501660\",\"https:\\\/\\\/www.pinterest.ch\\\/TeiaEducation\\\/\"]}]}<\/script>\n<!-- \/ Yoast SEO plugin. -->","yoast_head_json":{"title":"Kit de crayons de maquillage bio : arc-en-ciel - Namaki - Teia Education & Play","description":"Le kit de crayons de maquillage bio pour enfants aux couleurs de l'arc-en-ciel de Namaki Cosmetics est certifi\u00e9 biologique, hypoallerg\u00e9nique et \u00e0 base d'eau pour les peaux d\u00e9licates.","robots":{"index":"index","follow":"follow","max-snippet":"max-snippet:-1","max-image-preview":"max-image-preview:large","max-video-preview":"max-video-preview:-1"},"canonical":"https:\/\/teiaeducation.ch\/fr\/produit\/kit-crayons-maquillage-arc-en-ciel-namaki\/","og_locale":"fr_FR","og_type":"article","og_title":"Kit de crayons de maquillage bio : arc-en-ciel - Namaki - Teia Education & Play","og_description":"Le kit de crayons de maquillage bio pour enfants aux couleurs de l'arc-en-ciel de Namaki Cosmetics est certifi\u00e9 biologique, hypoallerg\u00e9nique et \u00e0 base d'eau pour les peaux d\u00e9licates.","og_url":"https:\/\/teiaeducation.ch\/fr\/produit\/kit-crayons-maquillage-arc-en-ciel-namaki\/","og_site_name":"Sustainable Educational Products &amp; Ecological Toys\u00a0","article_publisher":"https:\/\/www.facebook.com\/teiaeducation\/","og_image":[{"width":800,"height":800,"url":"https:\/\/teiaeducation.ch\/wp-content\/uploads\/2021\/04\/Bio-face-paint-pencils-kit-for-children-in-rainbow-colours-Namaki-Cosmetics.jpg","type":"image\/jpeg"}],"schema":{"@context":"https:\/\/schema.org","@graph":[{"@type":"WebPage","@id":"https:\/\/teiaeducation.ch\/fr\/produit\/kit-crayons-maquillage-arc-en-ciel-namaki\/","url":"https:\/\/teiaeducation.ch\/fr\/produit\/kit-crayons-maquillage-arc-en-ciel-namaki\/","name":"Kit de crayons de maquillage bio : arc-en-ciel - Namaki - Teia Education & Play","isPartOf":{"@id":"https:\/\/teiaeducation.ch\/fr\/#website"},"primaryImageOfPage":{"@id":"https:\/\/teiaeducation.ch\/fr\/produit\/kit-crayons-maquillage-arc-en-ciel-namaki\/#primaryimage"},"image":{"@id":"https:\/\/teiaeducation.ch\/fr\/produit\/kit-crayons-maquillage-arc-en-ciel-namaki\/#primaryimage"},"thumbnailUrl":"https:\/\/teiaeducation.ch\/wp-content\/uploads\/2021\/04\/Bio-face-paint-pencils-kit-for-children-in-rainbow-colours-Namaki-Cosmetics.jpg","datePublished":"2021-05-30T15:11:07+00:00","description":"Le kit de crayons de maquillage bio pour enfants aux couleurs de l'arc-en-ciel de Namaki Cosmetics est certifi\u00e9 biologique, hypoallerg\u00e9nique et \u00e0 base d'eau pour les peaux d\u00e9licates.","breadcrumb":{"@id":"https:\/\/teiaeducation.ch\/fr\/produit\/kit-crayons-maquillage-arc-en-ciel-namaki\/#breadcrumb"},"inLanguage":"fr-FR","potentialAction":[{"@type":"ReadAction","target":["https:\/\/teiaeducation.ch\/fr\/produit\/kit-crayons-maquillage-arc-en-ciel-namaki\/"]}]},{"@type":"ImageObject","inLanguage":"fr-FR","@id":"https:\/\/teiaeducation.ch\/fr\/produit\/kit-crayons-maquillage-arc-en-ciel-namaki\/#primaryimage","url":"https:\/\/teiaeducation.ch\/wp-content\/uploads\/2021\/04\/Bio-face-paint-pencils-kit-for-children-in-rainbow-colours-Namaki-Cosmetics.jpg","contentUrl":"https:\/\/teiaeducation.ch\/wp-content\/uploads\/2021\/04\/Bio-face-paint-pencils-kit-for-children-in-rainbow-colours-Namaki-Cosmetics.jpg","width":800,"height":800,"caption":"Kit de crayons de maquillage bio pour enfants aux couleurs de l'arc-en-ciel - Namaki Cosmetics"},{"@type":"BreadcrumbList","@id":"https:\/\/teiaeducation.ch\/fr\/produit\/kit-crayons-maquillage-arc-en-ciel-namaki\/#breadcrumb","itemListElement":[{"@type":"ListItem","position":1,"name":"Home","item":"https:\/\/teiaeducation.ch\/fr\/"},{"@type":"ListItem","position":2,"name":"Boutique Teia Education &amp; Play","item":"https:\/\/teiaeducation.ch\/fr\/boutique\/"},{"@type":"ListItem","position":3,"name":"Nos Marques","item":"https:\/\/teiaeducation.ch\/fr\/categorie-produit\/marques\/"},{"@type":"ListItem","position":4,"name":"Namaki","item":"https:\/\/teiaeducation.ch\/fr\/categorie-produit\/marques\/namaki-fr\/"},{"@type":"ListItem","position":5,"name":"Kit de crayons de maquillage bio : arc-en-ciel &#8211; Namaki"}]},{"@type":"WebSite","@id":"https:\/\/teiaeducation.ch\/fr\/#website","url":"https:\/\/teiaeducation.ch\/fr\/","name":"Sustainable Educational Products &amp; Ecological Toys\u00a0","description":"Specialised Swiss shop selling sustainable educational toys and games, AMI certified Montessori materials, handmade ecological wooden Waldorf toys and arts &amp; crafts supplies, school supplies, children&#039;s furniture and Montessori reference and parenting books.","publisher":{"@id":"https:\/\/teiaeducation.ch\/fr\/#organization"},"alternateName":"Teia Education & Play","potentialAction":[{"@type":"SearchAction","target":{"@type":"EntryPoint","urlTemplate":"https:\/\/teiaeducation.ch\/fr\/?s={search_term_string}"},"query-input":{"@type":"PropertyValueSpecification","valueRequired":true,"valueName":"search_term_string"}}],"inLanguage":"fr-FR"},{"@type":"Organization","@id":"https:\/\/teiaeducation.ch\/fr\/#organization","name":"Teia Education & Play","url":"https:\/\/teiaeducation.ch\/fr\/","logo":{"@type":"ImageObject","inLanguage":"fr-FR","@id":"https:\/\/teiaeducation.ch\/fr\/#\/schema\/logo\/image\/","url":"https:\/\/teiaeducation.ch\/wp-content\/uploads\/2020\/11\/Teia-Education-Switzerland-e1620156442216.jpg","contentUrl":"https:\/\/teiaeducation.ch\/wp-content\/uploads\/2020\/11\/Teia-Education-Switzerland-e1620156442216.jpg","width":166,"height":145,"caption":"Teia Education & Play"},"image":{"@id":"https:\/\/teiaeducation.ch\/fr\/#\/schema\/logo\/image\/"},"sameAs":["https:\/\/www.facebook.com\/teiaeducation\/","https:\/\/x.com\/EducationTeia","https:\/\/www.instagram.com\/teia.education\/","https:\/\/www.linkedin.com\/company\/35501660","https:\/\/www.pinterest.ch\/TeiaEducation\/"]}]}},"_links":{"self":[{"href":"https:\/\/teiaeducation.ch\/fr\/wp-json\/wp\/v2\/product\/36726","targetHints":{"allow":["GET"]}}],"collection":[{"href":"https:\/\/teiaeducation.ch\/fr\/wp-json\/wp\/v2\/product"}],"about":[{"href":"https:\/\/teiaeducation.ch\/fr\/wp-json\/wp\/v2\/types\/product"}],"replies":[{"embeddable":true,"href":"https:\/\/teiaeducation.ch\/fr\/wp-json\/wp\/v2\/comments?post=36726"}],"wp:featuredmedia":[{"embeddable":true,"href":"https:\/\/teiaeducation.ch\/fr\/wp-json\/wp\/v2\/media\/35341"}],"wp:attachment":[{"href":"https:\/\/teiaeducation.ch\/fr\/wp-json\/wp\/v2\/media?parent=36726"}],"wp:term":[{"taxonomy":"product_brand","embeddable":true,"href":"https:\/\/teiaeducation.ch\/fr\/wp-json\/wp\/v2\/product_brand?post=36726"},{"taxonomy":"product_cat","embeddable":true,"href":"https:\/\/teiaeducation.ch\/fr\/wp-json\/wp\/v2\/product_cat?post=36726"},{"taxonomy":"product_tag","embeddable":true,"href":"https:\/\/teiaeducation.ch\/fr\/wp-json\/wp\/v2\/product_tag?post=36726"}],"curies":[{"name":"wp","href":"https:\/\/api.w.org\/{rel}","templated":true}]}}