{"id":36728,"date":"2021-04-15T13:47:41","date_gmt":"2021-05-30T15:20:23","guid":{"rendered":"https:\/\/teiaeducation.ch\/product\/boite-de-maquillage-bio-les-mondes-enchantes-namaki\/"},"modified":"2021-05-30T17:20:23","modified_gmt":"2021-05-30T15:20:23","slug":"boite-maquillage-bio-mondes-enchantes-namaki","status":"publish","type":"product","link":"https:\/\/teiaeducation.ch\/fr\/produit\/boite-maquillage-bio-mondes-enchantes-namaki\/","title":{"rendered":"Bo\u00eete de maquillage bio : les mondes enchant\u00e9s &#8211; Namaki"},"content":{"rendered":"<p>Bo\u00eete de maquillage bio pour enfants aux couleurs des mondes enchant\u00e9s &#8211; Namaki Cosmetics<\/p>\n<p>D\u00e9couvrez un monde enchant\u00e9 de couleurs avec l&#8217;adorable assortiment de <a href=\"https:\/\/teiaeducation.ch\/?s=face+paint&amp;post_type=product&amp;lang=en\">peintures pour visage<\/a> Namaki pour enfants ! Ce grand kit de maquillage \u00e0 base d&#8217;eau, certifi\u00e9 biologique et hypoallerg\u00e9nique, contient une palette de 3 peintures pour le visage de couleurs diff\u00e9rentes (princesse et licorne) et 1 pinceau, 1 mascara pour les cheveux de couleur rose, 1 crayon de peinture pour le visage de couleur violette et 1 crayon de peinture pour le visage de couleur dor\u00e9e.<\/p>\n<p>Cette peinture faciale facile \u00e0 appliquer vous permet de cr\u00e9er des motifs en quelques minutes &#8211; notamment une princesse, une f\u00e9e, un papillon, une sir\u00e8ne, un chevalier, un dragon, un gobelin et plus encore. Il suffit d&#8217;appliquer les couleurs avec un pinceau humide ou en dessinant avec les crayons. Le mascara pour cheveux compl\u00e8te le look !<\/p>\n<p>Fabriqu\u00e9s en Italie, 30% du total des ingr\u00e9dients des crayons et du mascara sont issus de l&#8217;agriculture biologique et 100% du total des ingr\u00e9dients sont d&#8217;origine naturelle Cosmos Organic, certifi\u00e9s par Cosm\u00e9cert selon la norme Cosmos.<\/p>\n<p>Mode d&#8217;emploi du mascara pour cheveux :<br \/>\nappliquer sur cheveux secs sur les m\u00e8ches \u00e0 maquiller. Laissez s\u00e9cher \u00e0 l&#8217;air libre ou au s\u00e8che-cheveux pour un r\u00e9sultat plus rapide. Brossez pour obtenir un effet plus naturel. Enlever avec du shampooing.<\/p>\n<p>La bo\u00eete de maquillage bio pour enfants aux couleurs des mondes enchant\u00e9s de Namaki a \u00e9t\u00e9 test\u00e9e dermatologiquement par <span class=\"goog-text-highlight\"><a href=\"https:\/\/certification.bureauveritas.com\" target=\"_blank\" rel=\"noopener\">Bureau Veritas Certification<\/a> pour sa s\u00e9curit\u00e9.<\/span> Les peintures pour le visage de haute qualit\u00e9, biologiques et hypoallerg\u00e9niques, sont \u00e0 base d&#8217;eau et s&#8217;enl\u00e8vent facilement avec un peu d&#8217;eau et de savon.<\/p>\n<p>Namaki est une marque fran\u00e7aise fond\u00e9e en 2013. Leur objectif est de <span class=\"goog-text-highlight\">d\u00e9velopper l&#8217;imagination des enfants tout en prenant soin de leur peau d\u00e9licate. Ils cr\u00e9ent des peintures pour le visage qui sont \u00e0 la fois naturelles et ludiques, et <\/span><span class=\"\">s&#8217;engagent \u00e0 produire de mani\u00e8re responsable<\/span> <span class=\"\">des produits \u00e9co-con\u00e7us, naturels et biologiques<\/span><span class=\"\">. Les produits Namaki sont fabriqu\u00e9s de mani\u00e8re durable en France et en Europe dans le respect des personnes et de la plan\u00e8te.<\/span><\/p>\n<p>Contenu :<\/p>\n<p>3 peintures pour le visage<br \/>\n1 pinceau cosm\u00e9tique<br \/>\n2 crayons de peinture pour le visage<br \/>\n1 mascara pour cheveux<br \/>\n1 bo\u00eete<\/p>\n","protected":false},"excerpt":{"rendered":"<p>Num\u00e9ro d&#8217;article: NK110916<\/p>\n<p>Le coffret de peintures bio pour enfants aux couleurs des mondes enchant\u00e9s de Namaki Cosmetics est certifi\u00e9 biologique, hypoallerg\u00e9nique et \u00e0 base d&#8217;eau pour les peaux d\u00e9licates.<\/p>\n","protected":false},"featured_media":35350,"comment_status":"open","ping_status":"closed","template":"","meta":[],"product_brand":[],"product_cat":[215,216,16898,17240,13130,13139,13127,20649,18964,217,5851,212],"product_tag":[19084,19086,19087,19088,19081,19085,19083,19080,19082],"class_list":{"0":"post-36728","1":"product","2":"type-product","3":"status-publish","4":"has-post-thumbnail","6":"product_cat-3-6-ans","7":"product_cat-6-12-ans","8":"product_cat-collection-automne","9":"product_cat-guide-cadeaux-creatif","10":"product_cat-jouer","11":"product_cat-jeu-imaginatif-faire-semblant","12":"product_cat-creativite-beaux-arts-et-bricolage","13":"product_cat-maquillage-de-deguisement","14":"product_cat-namaki-fr","15":"product_cat-marques","16":"product_cat-nouveautes","17":"product_cat-tranche-dage","18":"product_tag-namaki-fr","19":"product_tag-namaki-suisse-fr","20":"product_tag-namaki-suisse-fr-2","21":"product_tag-namaki-suisse-fr-3","22":"product_tag-peintures-pour-le-visage-a-base-deau","23":"product_tag-peintures-pour-le-visage-namaki","24":"product_tag-peintures-pour-le-visage-naturelles","25":"product_tag-peintures-pour-le-visage-organiques","26":"product_tag-peintures-pour-le-visage-sures-pour-les-enfants","28":"first","29":"outofstock","30":"taxable","31":"shipping-taxable","32":"purchasable","33":"product-type-simple"},"yoast_head":"<!-- This site is optimized with the Yoast SEO plugin v27.1.1 - https:\/\/yoast.com\/product\/yoast-seo-wordpress\/ -->\n<title>Bo\u00eete de maquillage bio : les mondes enchant\u00e9s - Namaki - Teia Education &amp; Play<\/title>\n<meta name=\"description\" content=\"Le coffret de peintures bio pour enfants aux couleurs des mondes enchant\u00e9s de Namaki Cosmetics est certifi\u00e9 biologique, hypoallerg\u00e9nique et \u00e0 base d&#039;eau pour les peaux d\u00e9licates.\" \/>\n<meta name=\"robots\" content=\"index, follow, max-snippet:-1, max-image-preview:large, max-video-preview:-1\" \/>\n<link rel=\"canonical\" href=\"https:\/\/teiaeducation.ch\/fr\/produit\/boite-maquillage-bio-mondes-enchantes-namaki\/\" \/>\n<meta property=\"og:locale\" content=\"fr_FR\" \/>\n<meta property=\"og:type\" content=\"article\" \/>\n<meta property=\"og:title\" content=\"Bo\u00eete de maquillage bio : les mondes enchant\u00e9s - Namaki - Teia Education &amp; Play\" \/>\n<meta property=\"og:description\" content=\"Le coffret de peintures bio pour enfants aux couleurs des mondes enchant\u00e9s de Namaki Cosmetics est certifi\u00e9 biologique, hypoallerg\u00e9nique et \u00e0 base d&#039;eau pour les peaux d\u00e9licates.\" \/>\n<meta property=\"og:url\" content=\"https:\/\/teiaeducation.ch\/fr\/produit\/boite-maquillage-bio-mondes-enchantes-namaki\/\" \/>\n<meta property=\"og:site_name\" content=\"Sustainable Educational Products &amp; Ecological Toys\u00a0\" \/>\n<meta property=\"article:publisher\" content=\"https:\/\/www.facebook.com\/teiaeducation\/\" \/>\n<meta property=\"og:image\" content=\"https:\/\/teiaeducation.ch\/wp-content\/uploads\/2021\/04\/Bio-face-paint-box-for-children-in-enchanted-worlds-colours-Namaki-Cosmetics.jpg\" \/>\n\t<meta property=\"og:image:width\" content=\"800\" \/>\n\t<meta property=\"og:image:height\" content=\"800\" \/>\n\t<meta property=\"og:image:type\" content=\"image\/jpeg\" \/>\n<script type=\"application\/ld+json\" class=\"yoast-schema-graph\">{\"@context\":\"https:\/\/schema.org\",\"@graph\":[{\"@type\":\"WebPage\",\"@id\":\"https:\/\/teiaeducation.ch\/fr\/produit\/boite-maquillage-bio-mondes-enchantes-namaki\/\",\"url\":\"https:\/\/teiaeducation.ch\/fr\/produit\/boite-maquillage-bio-mondes-enchantes-namaki\/\",\"name\":\"Bo\u00eete de maquillage bio : les mondes enchant\u00e9s - Namaki - Teia Education & Play\",\"isPartOf\":{\"@id\":\"https:\/\/teiaeducation.ch\/fr\/#website\"},\"primaryImageOfPage\":{\"@id\":\"https:\/\/teiaeducation.ch\/fr\/produit\/boite-maquillage-bio-mondes-enchantes-namaki\/#primaryimage\"},\"image\":{\"@id\":\"https:\/\/teiaeducation.ch\/fr\/produit\/boite-maquillage-bio-mondes-enchantes-namaki\/#primaryimage\"},\"thumbnailUrl\":\"https:\/\/teiaeducation.ch\/wp-content\/uploads\/2021\/04\/Bio-face-paint-box-for-children-in-enchanted-worlds-colours-Namaki-Cosmetics.jpg\",\"datePublished\":\"2021-05-30T15:20:23+00:00\",\"description\":\"Le coffret de peintures bio pour enfants aux couleurs des mondes enchant\u00e9s de Namaki Cosmetics est certifi\u00e9 biologique, hypoallerg\u00e9nique et \u00e0 base d'eau pour les peaux d\u00e9licates.\",\"breadcrumb\":{\"@id\":\"https:\/\/teiaeducation.ch\/fr\/produit\/boite-maquillage-bio-mondes-enchantes-namaki\/#breadcrumb\"},\"inLanguage\":\"fr-FR\",\"potentialAction\":[{\"@type\":\"ReadAction\",\"target\":[\"https:\/\/teiaeducation.ch\/fr\/produit\/boite-maquillage-bio-mondes-enchantes-namaki\/\"]}]},{\"@type\":\"ImageObject\",\"inLanguage\":\"fr-FR\",\"@id\":\"https:\/\/teiaeducation.ch\/fr\/produit\/boite-maquillage-bio-mondes-enchantes-namaki\/#primaryimage\",\"url\":\"https:\/\/teiaeducation.ch\/wp-content\/uploads\/2021\/04\/Bio-face-paint-box-for-children-in-enchanted-worlds-colours-Namaki-Cosmetics.jpg\",\"contentUrl\":\"https:\/\/teiaeducation.ch\/wp-content\/uploads\/2021\/04\/Bio-face-paint-box-for-children-in-enchanted-worlds-colours-Namaki-Cosmetics.jpg\",\"width\":800,\"height\":800,\"caption\":\"Bo\u00eete de maquillage bio pour enfants aux couleurs des mondes enchant\u00e9s - Namaki Cosmetics\"},{\"@type\":\"BreadcrumbList\",\"@id\":\"https:\/\/teiaeducation.ch\/fr\/produit\/boite-maquillage-bio-mondes-enchantes-namaki\/#breadcrumb\",\"itemListElement\":[{\"@type\":\"ListItem\",\"position\":1,\"name\":\"Home\",\"item\":\"https:\/\/teiaeducation.ch\/fr\/\"},{\"@type\":\"ListItem\",\"position\":2,\"name\":\"Boutique Teia Education &amp; Play\",\"item\":\"https:\/\/teiaeducation.ch\/fr\/boutique\/\"},{\"@type\":\"ListItem\",\"position\":3,\"name\":\"Nos Marques\",\"item\":\"https:\/\/teiaeducation.ch\/fr\/categorie-produit\/marques\/\"},{\"@type\":\"ListItem\",\"position\":4,\"name\":\"Namaki\",\"item\":\"https:\/\/teiaeducation.ch\/fr\/categorie-produit\/marques\/namaki-fr\/\"},{\"@type\":\"ListItem\",\"position\":5,\"name\":\"Bo\u00eete de maquillage bio : les mondes enchant\u00e9s &#8211; Namaki\"}]},{\"@type\":\"WebSite\",\"@id\":\"https:\/\/teiaeducation.ch\/fr\/#website\",\"url\":\"https:\/\/teiaeducation.ch\/fr\/\",\"name\":\"Sustainable Educational Products &amp; Ecological Toys\u00a0\",\"description\":\"Specialised Swiss shop selling sustainable educational toys and games, AMI certified Montessori materials, handmade ecological wooden Waldorf toys and arts &amp; crafts supplies, school supplies, children&#039;s furniture and Montessori reference and parenting books.\",\"publisher\":{\"@id\":\"https:\/\/teiaeducation.ch\/fr\/#organization\"},\"alternateName\":\"Teia Education & Play\",\"potentialAction\":[{\"@type\":\"SearchAction\",\"target\":{\"@type\":\"EntryPoint\",\"urlTemplate\":\"https:\/\/teiaeducation.ch\/fr\/?s={search_term_string}\"},\"query-input\":{\"@type\":\"PropertyValueSpecification\",\"valueRequired\":true,\"valueName\":\"search_term_string\"}}],\"inLanguage\":\"fr-FR\"},{\"@type\":\"Organization\",\"@id\":\"https:\/\/teiaeducation.ch\/fr\/#organization\",\"name\":\"Teia Education & Play\",\"url\":\"https:\/\/teiaeducation.ch\/fr\/\",\"logo\":{\"@type\":\"ImageObject\",\"inLanguage\":\"fr-FR\",\"@id\":\"https:\/\/teiaeducation.ch\/fr\/#\/schema\/logo\/image\/\",\"url\":\"https:\/\/teiaeducation.ch\/wp-content\/uploads\/2020\/11\/Teia-Education-Switzerland-e1620156442216.jpg\",\"contentUrl\":\"https:\/\/teiaeducation.ch\/wp-content\/uploads\/2020\/11\/Teia-Education-Switzerland-e1620156442216.jpg\",\"width\":166,\"height\":145,\"caption\":\"Teia Education & Play\"},\"image\":{\"@id\":\"https:\/\/teiaeducation.ch\/fr\/#\/schema\/logo\/image\/\"},\"sameAs\":[\"https:\/\/www.facebook.com\/teiaeducation\/\",\"https:\/\/x.com\/EducationTeia\",\"https:\/\/www.instagram.com\/teia.education\/\",\"https:\/\/www.linkedin.com\/company\/35501660\",\"https:\/\/www.pinterest.ch\/TeiaEducation\/\"]}]}<\/script>\n<!-- \/ Yoast SEO plugin. -->","yoast_head_json":{"title":"Bo\u00eete de maquillage bio : les mondes enchant\u00e9s - Namaki - Teia Education & Play","description":"Le coffret de peintures bio pour enfants aux couleurs des mondes enchant\u00e9s de Namaki Cosmetics est certifi\u00e9 biologique, hypoallerg\u00e9nique et \u00e0 base d'eau pour les peaux d\u00e9licates.","robots":{"index":"index","follow":"follow","max-snippet":"max-snippet:-1","max-image-preview":"max-image-preview:large","max-video-preview":"max-video-preview:-1"},"canonical":"https:\/\/teiaeducation.ch\/fr\/produit\/boite-maquillage-bio-mondes-enchantes-namaki\/","og_locale":"fr_FR","og_type":"article","og_title":"Bo\u00eete de maquillage bio : les mondes enchant\u00e9s - Namaki - Teia Education & Play","og_description":"Le coffret de peintures bio pour enfants aux couleurs des mondes enchant\u00e9s de Namaki Cosmetics est certifi\u00e9 biologique, hypoallerg\u00e9nique et \u00e0 base d'eau pour les peaux d\u00e9licates.","og_url":"https:\/\/teiaeducation.ch\/fr\/produit\/boite-maquillage-bio-mondes-enchantes-namaki\/","og_site_name":"Sustainable Educational Products &amp; Ecological Toys\u00a0","article_publisher":"https:\/\/www.facebook.com\/teiaeducation\/","og_image":[{"width":800,"height":800,"url":"https:\/\/teiaeducation.ch\/wp-content\/uploads\/2021\/04\/Bio-face-paint-box-for-children-in-enchanted-worlds-colours-Namaki-Cosmetics.jpg","type":"image\/jpeg"}],"schema":{"@context":"https:\/\/schema.org","@graph":[{"@type":"WebPage","@id":"https:\/\/teiaeducation.ch\/fr\/produit\/boite-maquillage-bio-mondes-enchantes-namaki\/","url":"https:\/\/teiaeducation.ch\/fr\/produit\/boite-maquillage-bio-mondes-enchantes-namaki\/","name":"Bo\u00eete de maquillage bio : les mondes enchant\u00e9s - Namaki - Teia Education & Play","isPartOf":{"@id":"https:\/\/teiaeducation.ch\/fr\/#website"},"primaryImageOfPage":{"@id":"https:\/\/teiaeducation.ch\/fr\/produit\/boite-maquillage-bio-mondes-enchantes-namaki\/#primaryimage"},"image":{"@id":"https:\/\/teiaeducation.ch\/fr\/produit\/boite-maquillage-bio-mondes-enchantes-namaki\/#primaryimage"},"thumbnailUrl":"https:\/\/teiaeducation.ch\/wp-content\/uploads\/2021\/04\/Bio-face-paint-box-for-children-in-enchanted-worlds-colours-Namaki-Cosmetics.jpg","datePublished":"2021-05-30T15:20:23+00:00","description":"Le coffret de peintures bio pour enfants aux couleurs des mondes enchant\u00e9s de Namaki Cosmetics est certifi\u00e9 biologique, hypoallerg\u00e9nique et \u00e0 base d'eau pour les peaux d\u00e9licates.","breadcrumb":{"@id":"https:\/\/teiaeducation.ch\/fr\/produit\/boite-maquillage-bio-mondes-enchantes-namaki\/#breadcrumb"},"inLanguage":"fr-FR","potentialAction":[{"@type":"ReadAction","target":["https:\/\/teiaeducation.ch\/fr\/produit\/boite-maquillage-bio-mondes-enchantes-namaki\/"]}]},{"@type":"ImageObject","inLanguage":"fr-FR","@id":"https:\/\/teiaeducation.ch\/fr\/produit\/boite-maquillage-bio-mondes-enchantes-namaki\/#primaryimage","url":"https:\/\/teiaeducation.ch\/wp-content\/uploads\/2021\/04\/Bio-face-paint-box-for-children-in-enchanted-worlds-colours-Namaki-Cosmetics.jpg","contentUrl":"https:\/\/teiaeducation.ch\/wp-content\/uploads\/2021\/04\/Bio-face-paint-box-for-children-in-enchanted-worlds-colours-Namaki-Cosmetics.jpg","width":800,"height":800,"caption":"Bo\u00eete de maquillage bio pour enfants aux couleurs des mondes enchant\u00e9s - Namaki Cosmetics"},{"@type":"BreadcrumbList","@id":"https:\/\/teiaeducation.ch\/fr\/produit\/boite-maquillage-bio-mondes-enchantes-namaki\/#breadcrumb","itemListElement":[{"@type":"ListItem","position":1,"name":"Home","item":"https:\/\/teiaeducation.ch\/fr\/"},{"@type":"ListItem","position":2,"name":"Boutique Teia Education &amp; Play","item":"https:\/\/teiaeducation.ch\/fr\/boutique\/"},{"@type":"ListItem","position":3,"name":"Nos Marques","item":"https:\/\/teiaeducation.ch\/fr\/categorie-produit\/marques\/"},{"@type":"ListItem","position":4,"name":"Namaki","item":"https:\/\/teiaeducation.ch\/fr\/categorie-produit\/marques\/namaki-fr\/"},{"@type":"ListItem","position":5,"name":"Bo\u00eete de maquillage bio : les mondes enchant\u00e9s &#8211; Namaki"}]},{"@type":"WebSite","@id":"https:\/\/teiaeducation.ch\/fr\/#website","url":"https:\/\/teiaeducation.ch\/fr\/","name":"Sustainable Educational Products &amp; Ecological Toys\u00a0","description":"Specialised Swiss shop selling sustainable educational toys and games, AMI certified Montessori materials, handmade ecological wooden Waldorf toys and arts &amp; crafts supplies, school supplies, children&#039;s furniture and Montessori reference and parenting books.","publisher":{"@id":"https:\/\/teiaeducation.ch\/fr\/#organization"},"alternateName":"Teia Education & Play","potentialAction":[{"@type":"SearchAction","target":{"@type":"EntryPoint","urlTemplate":"https:\/\/teiaeducation.ch\/fr\/?s={search_term_string}"},"query-input":{"@type":"PropertyValueSpecification","valueRequired":true,"valueName":"search_term_string"}}],"inLanguage":"fr-FR"},{"@type":"Organization","@id":"https:\/\/teiaeducation.ch\/fr\/#organization","name":"Teia Education & Play","url":"https:\/\/teiaeducation.ch\/fr\/","logo":{"@type":"ImageObject","inLanguage":"fr-FR","@id":"https:\/\/teiaeducation.ch\/fr\/#\/schema\/logo\/image\/","url":"https:\/\/teiaeducation.ch\/wp-content\/uploads\/2020\/11\/Teia-Education-Switzerland-e1620156442216.jpg","contentUrl":"https:\/\/teiaeducation.ch\/wp-content\/uploads\/2020\/11\/Teia-Education-Switzerland-e1620156442216.jpg","width":166,"height":145,"caption":"Teia Education & Play"},"image":{"@id":"https:\/\/teiaeducation.ch\/fr\/#\/schema\/logo\/image\/"},"sameAs":["https:\/\/www.facebook.com\/teiaeducation\/","https:\/\/x.com\/EducationTeia","https:\/\/www.instagram.com\/teia.education\/","https:\/\/www.linkedin.com\/company\/35501660","https:\/\/www.pinterest.ch\/TeiaEducation\/"]}]}},"_links":{"self":[{"href":"https:\/\/teiaeducation.ch\/fr\/wp-json\/wp\/v2\/product\/36728","targetHints":{"allow":["GET"]}}],"collection":[{"href":"https:\/\/teiaeducation.ch\/fr\/wp-json\/wp\/v2\/product"}],"about":[{"href":"https:\/\/teiaeducation.ch\/fr\/wp-json\/wp\/v2\/types\/product"}],"replies":[{"embeddable":true,"href":"https:\/\/teiaeducation.ch\/fr\/wp-json\/wp\/v2\/comments?post=36728"}],"wp:featuredmedia":[{"embeddable":true,"href":"https:\/\/teiaeducation.ch\/fr\/wp-json\/wp\/v2\/media\/35350"}],"wp:attachment":[{"href":"https:\/\/teiaeducation.ch\/fr\/wp-json\/wp\/v2\/media?parent=36728"}],"wp:term":[{"taxonomy":"product_brand","embeddable":true,"href":"https:\/\/teiaeducation.ch\/fr\/wp-json\/wp\/v2\/product_brand?post=36728"},{"taxonomy":"product_cat","embeddable":true,"href":"https:\/\/teiaeducation.ch\/fr\/wp-json\/wp\/v2\/product_cat?post=36728"},{"taxonomy":"product_tag","embeddable":true,"href":"https:\/\/teiaeducation.ch\/fr\/wp-json\/wp\/v2\/product_tag?post=36728"}],"curies":[{"name":"wp","href":"https:\/\/api.w.org\/{rel}","templated":true}]}}