{"id":36897,"date":"2021-06-04T15:49:28","date_gmt":"2021-06-04T13:49:28","guid":{"rendered":"https:\/\/teiaeducation.ch\/?post_type=product&#038;p=36897"},"modified":"2021-12-01T16:56:27","modified_gmt":"2021-12-01T15:56:27","slug":"cire-a-decorer-18-stockmar","status":"publish","type":"product","link":"https:\/\/teiaeducation.ch\/fr\/produit\/cire-a-decorer-18-stockmar\/","title":{"rendered":"Cire \u00e0 d\u00e9corer (18 couleurs) &#8211; Stockmar"},"content":{"rendered":"<p>Cet ensemble de feuilles de cire \u00e0 d\u00e9corer d&#8217;abeille de Stockmar de haute qualit\u00e9 sont non toxiques, extra fines et pliables et un \u00e9l\u00e9ment de base pour l&#8217;\u00e9ducation cr\u00e9ative Waldorf. D\u00e9clin\u00e9es en 18 couleurs, elles ont de grande qualit\u00e9 p\u00e9dagogique et artistique. La cire est une mati\u00e8re id\u00e9ale pour cr\u00e9er des formes amusantes avec lesquelles on peut d\u00e9corer des bo\u00eetes de bougies, des cadres et bien d&#8217;autres choses encore pour en faire de petites \u0153uvres d&#8217;art personnalis\u00e9es ! Le parfum agr\u00e9able des feuilles et leur maniabilit\u00e9 parfaite font appel aux sens de l\u2019enfant.<\/p>\n<p>Compos\u00e9e d&#8217;un m\u00e9lange de cire microcristalline trait\u00e9e \u00e0 l&#8217;argile, de r\u00e9sines v\u00e9g\u00e9tales et de pigments de couleur, la cire \u00e0 d\u00e9corer Stockmar est une option v\u00e9g\u00e9talienne pour la d\u00e9coration et le modelage. Fabriqu\u00e9e avec de la cire d&#8217;abeille pure et naturelle comme liant dans des couleurs vibrantes et lumineuses, la cire devient souple apr\u00e8s avoir \u00e9t\u00e9 chauff\u00e9e dans les mains et ne s&#8217;effrite pas ni ne se dess\u00e8che. Les feuilles peuvent \u00eatre malax\u00e9es ou d\u00e9coup\u00e9es en diff\u00e9rentes formes ou utilis\u00e9es \u00e0 la mani\u00e8re traditionnelle Waldorf pour envelopper les bougies en cire d&#8217;abeille ou en paraffine. Lorsqu\u2019elle est utilis\u00e9e comme d\u00e9coration de bougie, la cire br\u00fble en toute s\u00e9curit\u00e9 lorsqu\u2019elle est allum\u00e9e avec la bougie. Les feuilles de cire collent \u00e9galement sur beaucoup d\u2019autres surfaces telles que le bois et le verre. Les figures cr\u00e9\u00e9es avec la cire durciront et garderont leur forme, mais peuvent \u00eatre r\u00e9chauff\u00e9es et reform\u00e9es au besoin. M\u00eame apr\u00e8s le durcissement, la luminosit\u00e9 et l\u2019\u00e9clat des couleurs demeurent.<\/p>\n<p>Avec la cire \u00e0 d\u00e9corer, les enfants font l&#8217;exp\u00e9rience de l&#8217;art par tous les sens, car l&#8217;odeur, la couleur et la consistance se combinent lors du moulage. La cire \u00e0 d\u00e9corer Stockmar r\u00e9pond aux plus hautes exigences p\u00e9dagogiques, esth\u00e9tiques et artistiques et promet des ann\u00e9es de pur plaisir de cr\u00e9ation pour les enfants comme pour les adultes.<\/p>\n<p>Cet ensemble comprend 18 feuilles mesurant chacune environ 200 x 40 x 0,9 mm dans les couleurs suivantes de la gamme Stockmar : 01 rouge carmin | 02 vermillon | 03 orange | 04 jaune dor\u00e9 | 05 jaune citron | 06 jaune vert | 07 vert | 09 bleu | 10 bleu clair | 11 bleu violet | 12 rouge violet | 13 rouille | 14 jaune brun | 15 noir | 16 blanc | 24 rose | 25 or | 26 argent.<\/p>\n<p>La cire \u00e0 d\u00e9corer Stockmar a fait ses preuves dans l&#8217;enseignement artistique, dans les \u00e9coles Waldorf\/Steiner, les \u00e9coles traditionnelles et les jardins d&#8217;enfants. Elle est fabriqu\u00e9e en Allemagne \u00e0 partir d&#8217;ingr\u00e9dients naturels, selon une tradition de longue date.<\/p>\n<p>La cire d&#8217;abeille \u00e0 d\u00e9corer Stockmar a \u00e9t\u00e9 r\u00e9compens\u00e9e par le label Spielgut\u00ae.<\/p>\n<p>Ce mat\u00e9riel convient aux enfants \u00e2g\u00e9s de 4 ans et plus.<\/p>\n<p>Pour des conseils et des techniques pour exp\u00e9rimenter avec la cire \u00e0 d\u00e9corer, veuillez vous r\u00e9f\u00e9rer \u00e0 ce <a href=\"https:\/\/teiaeducation.ch\/stockmar_decorating-wax_techniques-and-tips_introduction_en-2\/\">guide<\/a> de Stockmar.<\/p>\n<p>Contenu :<\/p>\n<p>18 feuilles de cire \u00e0 d\u00e9corer<br \/>\n1 \u00e9tui en carton<\/p>\n","protected":false},"excerpt":{"rendered":"<p>Num\u00e9ro d&#8217;article: <span data-sheets-value=\"{\" data-sheets-userformat=\"{\">85063100<\/span><\/p>\n<p>Les feuilles de cire \u00e0 d\u00e9corer de Stockmar, non toxiques et de haute qualit\u00e9, fines et souples, d\u00e9clin\u00e9es en 18 couleurs Waldorf, sont id\u00e9ales pour d\u00e9corer les bougies en cire.<\/p>\n","protected":false},"featured_media":36899,"comment_status":"open","ping_status":"closed","template":"","meta":[],"product_brand":[],"product_cat":[215,216,22032,17225,21257,13127,7595,20652,217,5851,13125,22348,212,1219],"product_tag":[17431,17429,17430,17406,22134,17404,17403,17402,22136,22133,22135,17399,17400,17401],"class_list":{"0":"post-36897","1":"product","2":"type-product","3":"status-publish","4":"has-post-thumbnail","6":"product_cat-3-6-ans","7":"product_cat-6-12-ans","8":"product_cat-cadeaux-du-calendrier-de-lavent-et-de-noel","9":"product_cat-celebrations-fr","10":"product_cat-guides-cadeaux","11":"product_cat-creativite-beaux-arts-et-bricolage","12":"product_cat-methode-deducation","13":"product_cat-modelage","14":"product_cat-marques","15":"product_cat-nouveautes","16":"product_cat-stockmar-fr","17":"product_cat-natur-saisonale-tische","18":"product_cat-tranche-dage","19":"product_cat-waldorf-fr","20":"product_tag-cire-a-modeler-naturelle-stockmar","21":"product_tag-cire-a-modeler-non-toxique","22":"product_tag-cire-dabeille-a-modeler-non-toxique-waldorf","23":"product_tag-crayons-de-cire-naturelle-stockmar","24":"product_tag-fournitures-artistiques-waldorf-cire-a-decorer-pour-bougies","25":"product_tag-fournitures-des-ecoles-steiner-et-waldorf-suisse","26":"product_tag-fournitures-waldorf-stockmar","27":"product_tag-stockmar-allemagne","28":"product_tag-stockmar-cire-a-decorer","29":"product_tag-stockmar-cire-a-decorer-fine","30":"product_tag-stockmar-feuilles-de-cire-a-decorer","31":"product_tag-stockmar-suisse-fr","32":"product_tag-stockmar-suisse-fr-2","33":"product_tag-stockmar-suisse-fr-3","35":"first","36":"instock","37":"taxable","38":"shipping-taxable","39":"purchasable","40":"product-type-simple"},"yoast_head":"<!-- This site is optimized with the Yoast SEO plugin v27.1.1 - https:\/\/yoast.com\/product\/yoast-seo-wordpress\/ -->\n<title>Cire \u00e0 d\u00e9corer (18 couleurs) - Stockmar - Teia Education &amp; Play<\/title>\n<meta name=\"description\" content=\"Les feuilles de cire \u00e0 d\u00e9corer de Stockmar, fines et souples, sont non toxiques et de haute qualit\u00e9 et d\u00e9clin\u00e9es en 18 couleurs Waldorf.\" \/>\n<meta name=\"robots\" content=\"index, follow, max-snippet:-1, max-image-preview:large, max-video-preview:-1\" \/>\n<link rel=\"canonical\" href=\"https:\/\/teiaeducation.ch\/fr\/produit\/cire-a-decorer-18-stockmar\/\" \/>\n<meta property=\"og:locale\" content=\"fr_FR\" \/>\n<meta property=\"og:type\" content=\"article\" \/>\n<meta property=\"og:title\" content=\"Cire \u00e0 d\u00e9corer (18 couleurs) - Stockmar - Teia Education &amp; Play\" \/>\n<meta property=\"og:description\" content=\"Les feuilles de cire \u00e0 d\u00e9corer de Stockmar, fines et souples, sont non toxiques et de haute qualit\u00e9 et d\u00e9clin\u00e9es en 18 couleurs Waldorf.\" \/>\n<meta property=\"og:url\" content=\"https:\/\/teiaeducation.ch\/fr\/produit\/cire-a-decorer-18-stockmar\/\" \/>\n<meta property=\"og:site_name\" content=\"Sustainable Educational Products &amp; Ecological Toys\u00a0\" \/>\n<meta property=\"article:publisher\" content=\"https:\/\/www.facebook.com\/teiaeducation\/\" \/>\n<meta property=\"article:modified_time\" content=\"2021-12-01T15:56:27+00:00\" \/>\n<meta property=\"og:image\" content=\"https:\/\/teiaeducation.ch\/wp-content\/uploads\/2021\/06\/Decorating-beeswax-narrow-18-Waldorf-art-supplies-Stockmar.jpg\" \/>\n\t<meta property=\"og:image:width\" content=\"1742\" \/>\n\t<meta property=\"og:image:height\" content=\"1707\" \/>\n\t<meta property=\"og:image:type\" content=\"image\/jpeg\" \/>\n<script type=\"application\/ld+json\" class=\"yoast-schema-graph\">{\"@context\":\"https:\/\/schema.org\",\"@graph\":[{\"@type\":\"WebPage\",\"@id\":\"https:\/\/teiaeducation.ch\/fr\/produit\/cire-a-decorer-18-stockmar\/\",\"url\":\"https:\/\/teiaeducation.ch\/fr\/produit\/cire-a-decorer-18-stockmar\/\",\"name\":\"Cire \u00e0 d\u00e9corer (18 couleurs) - Stockmar - Teia Education & Play\",\"isPartOf\":{\"@id\":\"https:\/\/teiaeducation.ch\/fr\/#website\"},\"primaryImageOfPage\":{\"@id\":\"https:\/\/teiaeducation.ch\/fr\/produit\/cire-a-decorer-18-stockmar\/#primaryimage\"},\"image\":{\"@id\":\"https:\/\/teiaeducation.ch\/fr\/produit\/cire-a-decorer-18-stockmar\/#primaryimage\"},\"thumbnailUrl\":\"https:\/\/teiaeducation.ch\/wp-content\/uploads\/2021\/06\/Decorating-beeswax-narrow-18-Waldorf-art-supplies-Stockmar.jpg\",\"datePublished\":\"2021-06-04T13:49:28+00:00\",\"dateModified\":\"2021-12-01T15:56:27+00:00\",\"description\":\"Les feuilles de cire \u00e0 d\u00e9corer de Stockmar, fines et souples, sont non toxiques et de haute qualit\u00e9 et d\u00e9clin\u00e9es en 18 couleurs Waldorf.\",\"breadcrumb\":{\"@id\":\"https:\/\/teiaeducation.ch\/fr\/produit\/cire-a-decorer-18-stockmar\/#breadcrumb\"},\"inLanguage\":\"fr-FR\",\"potentialAction\":[{\"@type\":\"ReadAction\",\"target\":[\"https:\/\/teiaeducation.ch\/fr\/produit\/cire-a-decorer-18-stockmar\/\"]}]},{\"@type\":\"ImageObject\",\"inLanguage\":\"fr-FR\",\"@id\":\"https:\/\/teiaeducation.ch\/fr\/produit\/cire-a-decorer-18-stockmar\/#primaryimage\",\"url\":\"https:\/\/teiaeducation.ch\/wp-content\/uploads\/2021\/06\/Decorating-beeswax-narrow-18-Waldorf-art-supplies-Stockmar.jpg\",\"contentUrl\":\"https:\/\/teiaeducation.ch\/wp-content\/uploads\/2021\/06\/Decorating-beeswax-narrow-18-Waldorf-art-supplies-Stockmar.jpg\",\"width\":1742,\"height\":1707,\"caption\":\"Cire d'abeille \u00e0 d\u00e9corer (18) : fournitures artistiques Waldorf - Stockmar\"},{\"@type\":\"BreadcrumbList\",\"@id\":\"https:\/\/teiaeducation.ch\/fr\/produit\/cire-a-decorer-18-stockmar\/#breadcrumb\",\"itemListElement\":[{\"@type\":\"ListItem\",\"position\":1,\"name\":\"Home\",\"item\":\"https:\/\/teiaeducation.ch\/fr\/\"},{\"@type\":\"ListItem\",\"position\":2,\"name\":\"Boutique Teia Education &amp; Play\",\"item\":\"https:\/\/teiaeducation.ch\/fr\/boutique\/\"},{\"@type\":\"ListItem\",\"position\":3,\"name\":\"Tranche d'\u00c2ge\",\"item\":\"https:\/\/teiaeducation.ch\/fr\/categorie-produit\/tranche-dage\/\"},{\"@type\":\"ListItem\",\"position\":4,\"name\":\"3-6 Ans Maternelle\",\"item\":\"https:\/\/teiaeducation.ch\/fr\/categorie-produit\/tranche-dage\/3-6-ans\/\"},{\"@type\":\"ListItem\",\"position\":5,\"name\":\"Cire \u00e0 d\u00e9corer (18 couleurs) &#8211; Stockmar\"}]},{\"@type\":\"WebSite\",\"@id\":\"https:\/\/teiaeducation.ch\/fr\/#website\",\"url\":\"https:\/\/teiaeducation.ch\/fr\/\",\"name\":\"Sustainable Educational Products &amp; Ecological Toys\u00a0\",\"description\":\"Specialised Swiss shop selling sustainable educational toys and games, AMI certified Montessori materials, handmade ecological wooden Waldorf toys and arts &amp; crafts supplies, school supplies, children&#039;s furniture and Montessori reference and parenting books.\",\"publisher\":{\"@id\":\"https:\/\/teiaeducation.ch\/fr\/#organization\"},\"alternateName\":\"Teia Education & Play\",\"potentialAction\":[{\"@type\":\"SearchAction\",\"target\":{\"@type\":\"EntryPoint\",\"urlTemplate\":\"https:\/\/teiaeducation.ch\/fr\/?s={search_term_string}\"},\"query-input\":{\"@type\":\"PropertyValueSpecification\",\"valueRequired\":true,\"valueName\":\"search_term_string\"}}],\"inLanguage\":\"fr-FR\"},{\"@type\":\"Organization\",\"@id\":\"https:\/\/teiaeducation.ch\/fr\/#organization\",\"name\":\"Teia Education & Play\",\"url\":\"https:\/\/teiaeducation.ch\/fr\/\",\"logo\":{\"@type\":\"ImageObject\",\"inLanguage\":\"fr-FR\",\"@id\":\"https:\/\/teiaeducation.ch\/fr\/#\/schema\/logo\/image\/\",\"url\":\"https:\/\/teiaeducation.ch\/wp-content\/uploads\/2020\/11\/Teia-Education-Switzerland-e1620156442216.jpg\",\"contentUrl\":\"https:\/\/teiaeducation.ch\/wp-content\/uploads\/2020\/11\/Teia-Education-Switzerland-e1620156442216.jpg\",\"width\":166,\"height\":145,\"caption\":\"Teia Education & Play\"},\"image\":{\"@id\":\"https:\/\/teiaeducation.ch\/fr\/#\/schema\/logo\/image\/\"},\"sameAs\":[\"https:\/\/www.facebook.com\/teiaeducation\/\",\"https:\/\/x.com\/EducationTeia\",\"https:\/\/www.instagram.com\/teia.education\/\",\"https:\/\/www.linkedin.com\/company\/35501660\",\"https:\/\/www.pinterest.ch\/TeiaEducation\/\"]}]}<\/script>\n<!-- \/ Yoast SEO plugin. -->","yoast_head_json":{"title":"Cire \u00e0 d\u00e9corer (18 couleurs) - Stockmar - Teia Education & Play","description":"Les feuilles de cire \u00e0 d\u00e9corer de Stockmar, fines et souples, sont non toxiques et de haute qualit\u00e9 et d\u00e9clin\u00e9es en 18 couleurs Waldorf.","robots":{"index":"index","follow":"follow","max-snippet":"max-snippet:-1","max-image-preview":"max-image-preview:large","max-video-preview":"max-video-preview:-1"},"canonical":"https:\/\/teiaeducation.ch\/fr\/produit\/cire-a-decorer-18-stockmar\/","og_locale":"fr_FR","og_type":"article","og_title":"Cire \u00e0 d\u00e9corer (18 couleurs) - Stockmar - Teia Education & Play","og_description":"Les feuilles de cire \u00e0 d\u00e9corer de Stockmar, fines et souples, sont non toxiques et de haute qualit\u00e9 et d\u00e9clin\u00e9es en 18 couleurs Waldorf.","og_url":"https:\/\/teiaeducation.ch\/fr\/produit\/cire-a-decorer-18-stockmar\/","og_site_name":"Sustainable Educational Products &amp; Ecological Toys\u00a0","article_publisher":"https:\/\/www.facebook.com\/teiaeducation\/","article_modified_time":"2021-12-01T15:56:27+00:00","og_image":[{"width":1742,"height":1707,"url":"https:\/\/teiaeducation.ch\/wp-content\/uploads\/2021\/06\/Decorating-beeswax-narrow-18-Waldorf-art-supplies-Stockmar.jpg","type":"image\/jpeg"}],"schema":{"@context":"https:\/\/schema.org","@graph":[{"@type":"WebPage","@id":"https:\/\/teiaeducation.ch\/fr\/produit\/cire-a-decorer-18-stockmar\/","url":"https:\/\/teiaeducation.ch\/fr\/produit\/cire-a-decorer-18-stockmar\/","name":"Cire \u00e0 d\u00e9corer (18 couleurs) - Stockmar - Teia Education & Play","isPartOf":{"@id":"https:\/\/teiaeducation.ch\/fr\/#website"},"primaryImageOfPage":{"@id":"https:\/\/teiaeducation.ch\/fr\/produit\/cire-a-decorer-18-stockmar\/#primaryimage"},"image":{"@id":"https:\/\/teiaeducation.ch\/fr\/produit\/cire-a-decorer-18-stockmar\/#primaryimage"},"thumbnailUrl":"https:\/\/teiaeducation.ch\/wp-content\/uploads\/2021\/06\/Decorating-beeswax-narrow-18-Waldorf-art-supplies-Stockmar.jpg","datePublished":"2021-06-04T13:49:28+00:00","dateModified":"2021-12-01T15:56:27+00:00","description":"Les feuilles de cire \u00e0 d\u00e9corer de Stockmar, fines et souples, sont non toxiques et de haute qualit\u00e9 et d\u00e9clin\u00e9es en 18 couleurs Waldorf.","breadcrumb":{"@id":"https:\/\/teiaeducation.ch\/fr\/produit\/cire-a-decorer-18-stockmar\/#breadcrumb"},"inLanguage":"fr-FR","potentialAction":[{"@type":"ReadAction","target":["https:\/\/teiaeducation.ch\/fr\/produit\/cire-a-decorer-18-stockmar\/"]}]},{"@type":"ImageObject","inLanguage":"fr-FR","@id":"https:\/\/teiaeducation.ch\/fr\/produit\/cire-a-decorer-18-stockmar\/#primaryimage","url":"https:\/\/teiaeducation.ch\/wp-content\/uploads\/2021\/06\/Decorating-beeswax-narrow-18-Waldorf-art-supplies-Stockmar.jpg","contentUrl":"https:\/\/teiaeducation.ch\/wp-content\/uploads\/2021\/06\/Decorating-beeswax-narrow-18-Waldorf-art-supplies-Stockmar.jpg","width":1742,"height":1707,"caption":"Cire d'abeille \u00e0 d\u00e9corer (18) : fournitures artistiques Waldorf - Stockmar"},{"@type":"BreadcrumbList","@id":"https:\/\/teiaeducation.ch\/fr\/produit\/cire-a-decorer-18-stockmar\/#breadcrumb","itemListElement":[{"@type":"ListItem","position":1,"name":"Home","item":"https:\/\/teiaeducation.ch\/fr\/"},{"@type":"ListItem","position":2,"name":"Boutique Teia Education &amp; Play","item":"https:\/\/teiaeducation.ch\/fr\/boutique\/"},{"@type":"ListItem","position":3,"name":"Tranche d'\u00c2ge","item":"https:\/\/teiaeducation.ch\/fr\/categorie-produit\/tranche-dage\/"},{"@type":"ListItem","position":4,"name":"3-6 Ans Maternelle","item":"https:\/\/teiaeducation.ch\/fr\/categorie-produit\/tranche-dage\/3-6-ans\/"},{"@type":"ListItem","position":5,"name":"Cire \u00e0 d\u00e9corer (18 couleurs) &#8211; Stockmar"}]},{"@type":"WebSite","@id":"https:\/\/teiaeducation.ch\/fr\/#website","url":"https:\/\/teiaeducation.ch\/fr\/","name":"Sustainable Educational Products &amp; Ecological Toys\u00a0","description":"Specialised Swiss shop selling sustainable educational toys and games, AMI certified Montessori materials, handmade ecological wooden Waldorf toys and arts &amp; crafts supplies, school supplies, children&#039;s furniture and Montessori reference and parenting books.","publisher":{"@id":"https:\/\/teiaeducation.ch\/fr\/#organization"},"alternateName":"Teia Education & Play","potentialAction":[{"@type":"SearchAction","target":{"@type":"EntryPoint","urlTemplate":"https:\/\/teiaeducation.ch\/fr\/?s={search_term_string}"},"query-input":{"@type":"PropertyValueSpecification","valueRequired":true,"valueName":"search_term_string"}}],"inLanguage":"fr-FR"},{"@type":"Organization","@id":"https:\/\/teiaeducation.ch\/fr\/#organization","name":"Teia Education & Play","url":"https:\/\/teiaeducation.ch\/fr\/","logo":{"@type":"ImageObject","inLanguage":"fr-FR","@id":"https:\/\/teiaeducation.ch\/fr\/#\/schema\/logo\/image\/","url":"https:\/\/teiaeducation.ch\/wp-content\/uploads\/2020\/11\/Teia-Education-Switzerland-e1620156442216.jpg","contentUrl":"https:\/\/teiaeducation.ch\/wp-content\/uploads\/2020\/11\/Teia-Education-Switzerland-e1620156442216.jpg","width":166,"height":145,"caption":"Teia Education & Play"},"image":{"@id":"https:\/\/teiaeducation.ch\/fr\/#\/schema\/logo\/image\/"},"sameAs":["https:\/\/www.facebook.com\/teiaeducation\/","https:\/\/x.com\/EducationTeia","https:\/\/www.instagram.com\/teia.education\/","https:\/\/www.linkedin.com\/company\/35501660","https:\/\/www.pinterest.ch\/TeiaEducation\/"]}]}},"_links":{"self":[{"href":"https:\/\/teiaeducation.ch\/fr\/wp-json\/wp\/v2\/product\/36897","targetHints":{"allow":["GET"]}}],"collection":[{"href":"https:\/\/teiaeducation.ch\/fr\/wp-json\/wp\/v2\/product"}],"about":[{"href":"https:\/\/teiaeducation.ch\/fr\/wp-json\/wp\/v2\/types\/product"}],"replies":[{"embeddable":true,"href":"https:\/\/teiaeducation.ch\/fr\/wp-json\/wp\/v2\/comments?post=36897"}],"wp:featuredmedia":[{"embeddable":true,"href":"https:\/\/teiaeducation.ch\/fr\/wp-json\/wp\/v2\/media\/36899"}],"wp:attachment":[{"href":"https:\/\/teiaeducation.ch\/fr\/wp-json\/wp\/v2\/media?parent=36897"}],"wp:term":[{"taxonomy":"product_brand","embeddable":true,"href":"https:\/\/teiaeducation.ch\/fr\/wp-json\/wp\/v2\/product_brand?post=36897"},{"taxonomy":"product_cat","embeddable":true,"href":"https:\/\/teiaeducation.ch\/fr\/wp-json\/wp\/v2\/product_cat?post=36897"},{"taxonomy":"product_tag","embeddable":true,"href":"https:\/\/teiaeducation.ch\/fr\/wp-json\/wp\/v2\/product_tag?post=36897"}],"curies":[{"name":"wp","href":"https:\/\/api.w.org\/{rel}","templated":true}]}}